{"id":6683,"date":"2025-06-03T15:41:39","date_gmt":"2025-06-03T07:41:39","guid":{"rendered":"https:\/\/www.qualitester.com\/?post_type=product&#038;p=6683"},"modified":"2025-06-03T15:51:24","modified_gmt":"2025-06-03T07:51:24","slug":"box-compression-test-machine","status":"publish","type":"product","link":"https:\/\/www.qualitester.com\/tr\/urun\/box-compression-test-machine\/","title":{"rendered":"BCT-600 Kutu S\u0131k\u0131\u015ft\u0131rma Test Cihaz\u0131"},"content":{"rendered":"<article class=\"text-token-text-primary w-full\" dir=\"auto\" data-testid=\"conversation-turn-2\" data-scroll-anchor=\"true\">\n<div class=\"text-base my-auto mx-auto py-5 [--thread-content-margin:--spacing(4)] @[37rem]:[--thread-content-margin:--spacing(6)] @[72rem]:[--thread-content-margin:--spacing(16)] px-(--thread-content-margin)\">\n<div class=\"[--thread-content-max-width:32rem] @[34rem]:[--thread-content-max-width:40rem] @[64rem]:[--thread-content-max-width:48rem] mx-auto flex max-w-(--thread-content-max-width) flex-1 text-base gap-4 md:gap-5 lg:gap-6 group\/turn-messages focus-visible:outline-hidden\" tabindex=\"-1\">\n<div class=\"group\/conversation-turn relative flex w-full min-w-0 flex-col agent-turn\">\n<div class=\"relative flex-col gap-1 md:gap-3\">\n<div class=\"flex max-w-full flex-col grow\">\n<div class=\"min-h-8 text-message relative flex w-full flex-col items-end gap-2 text-start break-words whitespace-normal [.text-message+&amp;]:mt-5\" dir=\"auto\" data-message-author-role=\"assistant\" data-message-id=\"08f376dd-ec5f-4b94-bf17-6fe7cdf85fc2\" data-message-model-slug=\"gpt-4o\">\n<div class=\"flex w-full flex-col gap-1 empty:hidden first:pt-[3px]\">\n<div class=\"markdown prose dark:prose-invert w-full break-words light\">\n<h2 data-start=\"430\" data-end=\"957\">Kutu S\u0131k\u0131\u015ft\u0131rma Test Cihaz\u0131n\u0131n Rol\u00fcn\u00fc Anlamak<\/h2>\n<p data-start=\"430\" data-end=\"957\">Bu <a href=\"https:\/\/www.qualitester.com\/tr\/urun\/box-compression-test-machine\/\"><strong data-start=\"497\" data-end=\"529\">kutu s\u0131k\u0131\u015ft\u0131rma test makinesi<\/strong><\/a> \u00e7e\u015fitli sekt\u00f6rlerde ambalaj malzemelerinin sa\u011flaml\u0131\u011f\u0131n\u0131 ve g\u00fcvenilirli\u011fini sa\u011flamada hayati bir rol oynamaktad\u0131r. Lojistik, depolama ve e-ticaret sekt\u00f6rlerinde ambalaj esnekli\u011fi, \u00fcr\u00fcn g\u00fcvenli\u011fini ve operasyonel verimlili\u011fi do\u011frudan etkiler. Bir ambalaj malzemesi <strong data-start=\"784\" data-end=\"816\">kutu s\u0131k\u0131\u015ft\u0131rma test makinesi<\/strong> \u00fcreticilerin ambalaj\u0131n bas\u0131n\u00e7 dayan\u0131m\u0131n\u0131 de\u011ferlendirmesine olanak tan\u0131yarak hasar risklerini azaltmaya ve uluslararas\u0131 standartlara uymaya yard\u0131mc\u0131 olur.<\/p>\n<h2 data-start=\"959\" data-end=\"1228\">Kutu S\u0131k\u0131\u015ft\u0131rma Test Cihaz\u0131 Uygulamalar\u0131<\/h2>\n<p data-start=\"959\" data-end=\"1228\">A <strong data-start=\"1016\" data-end=\"1048\">kutu s\u0131k\u0131\u015ft\u0131rma test makinesi<\/strong> Oluklu kutular, plastik kaplar ve ah\u015fap kasalar gibi ambalaj malzemelerinin bas\u0131n\u00e7l\u0131 y\u00fckler veya istifleme bas\u0131n\u00e7lar\u0131 alt\u0131nda nas\u0131l performans g\u00f6sterdi\u011fini de\u011ferlendirir. Anahtar uygulamalar \u015funlar\u0131 i\u00e7erir:<\/p>\n<ul data-start=\"1230\" data-end=\"1646\">\n<li data-start=\"1230\" data-end=\"1323\">\n<p data-start=\"1232\" data-end=\"1323\"><strong data-start=\"1232\" data-end=\"1267\">Oluklu kutular ve sunta<\/strong> - E-ticaret, g\u0131da ve i\u00e7ecek ambalajlar\u0131nda yayg\u0131nd\u0131r.<\/p>\n<\/li>\n<li data-start=\"1324\" data-end=\"1432\">\n<p data-start=\"1326\" data-end=\"1432\"><strong data-start=\"1326\" data-end=\"1358\">Plastik kaplar ve bidonlar<\/strong> - \u0130la\u00e7, kimya ve g\u00fcnl\u00fck kimya end\u00fcstrilerinde gereklidir.<\/p>\n<\/li>\n<li data-start=\"1433\" data-end=\"1537\">\n<p data-start=\"1435\" data-end=\"1537\"><strong data-start=\"1435\" data-end=\"1476\">Ah\u015fap kasalar ve kompozit malzemeler<\/strong> - A\u011f\u0131r makine ve otomotiv ambalajlar\u0131nda yayg\u0131n olarak kullan\u0131l\u0131r.<\/p>\n<\/li>\n<li data-start=\"1538\" data-end=\"1646\">\n<p data-start=\"1540\" data-end=\"1646\"><strong data-start=\"1540\" data-end=\"1567\">Ar-Ge ve kalite kontrol<\/strong> - Malzeme kal\u0131nl\u0131\u011f\u0131n\u0131 optimize etmek, tasar\u0131mlar\u0131 do\u011frulamak ve performans\u0131 onaylamak i\u00e7in.<\/p>\n<\/li>\n<\/ul>\n<p data-start=\"1648\" data-end=\"1814\">Bu makineler hizmet vermektedir <strong data-start=\"1669\" data-end=\"1696\">ambalaj \u00fcreti\u0307ci\u0307leri\u0307<\/strong>, <strong data-start=\"1698\" data-end=\"1729\">kali\u0307te deneti\u0307m ajanslari<\/strong>, ve <strong data-start=\"1735\" data-end=\"1771\">\u00fc\u00e7\u00fcnc\u00fc taraf test laboratuvarlar\u0131<\/strong>, g\u00fcvenilir ve tutarl\u0131 sonu\u00e7lar sa\u011flar.<\/p>\n<h2 data-start=\"1816\" data-end=\"1978\">Kutu S\u0131k\u0131\u015ft\u0131rma Test Y\u00f6ntemleri ve \u00d6nemi<\/h2>\n<p data-start=\"1816\" data-end=\"1978\">Bu <strong data-start=\"1876\" data-end=\"1908\">kutu s\u0131k\u0131\u015ft\u0131rma test makinesi<\/strong> ambalaj b\u00fct\u00fcnl\u00fc\u011f\u00fcn\u00fc de\u011ferlendirmek i\u00e7in birka\u00e7 kritik test modu ger\u00e7ekle\u015ftirir:<\/p>\n<ul>\n<li data-start=\"1982\" data-end=\"2262\"><strong data-start=\"1982\" data-end=\"2033\">Crush Tes<\/strong>t (\u00dcst Y\u00fck\/Bas\u0131n\u00e7 Dayan\u0131m\u0131 Testi)<br data-start=\"2033\" data-end=\"2036\" \/>Ezilme testi, kutu ar\u0131zalanana veya \u00f6nemli \u00f6l\u00e7\u00fcde deforme olana kadar s\u00fcrekli artan bir kuvvet uygular. En y\u00fcksek y\u00fck\u00fc ve deformasyonu \u00f6l\u00e7erek kutular\u0131n nakliye s\u0131ras\u0131nda ta\u015f\u0131ma ve kald\u0131rma streslerine dayanabilmesini sa\u011flar.<\/li>\n<li data-start=\"2266\" data-end=\"2535\">\u0130stifleme Testi (Zaman \u0130\u00e7inde Sabit Y\u00fck)<br data-start=\"2309\" data-end=\"2312\" \/>Bu test, ger\u00e7ek d\u00fcnyadaki depo istifleme ko\u015fullar\u0131n\u0131 sim\u00fcle etmek i\u00e7in belirli bir s\u00fcre boyunca belirli bir bas\u0131n\u00e7 y\u00fck\u00fcn\u00fc korur. Malzeme s\u00fcnmesi ve kademeli deformasyonun etkilerini vurgulayarak uzun vadeli performans\u0131 \u00f6l\u00e7er.<\/li>\n<li data-start=\"2539\" data-end=\"2833\">Sabit-Deformasyon Testi<br data-start=\"2565\" data-end=\"2568\" \/>Kutu \u00f6nceden tan\u0131mlanm\u0131\u015f bir deformasyon noktas\u0131na kadar s\u0131k\u0131\u015ft\u0131r\u0131l\u0131r ve bu deformasyona ula\u015fmak veya bu deformasyonu s\u00fcrd\u00fcrmek i\u00e7in gereken kuvvet kaydedilir. Bu test, ambalaj malzemelerinin belirli stres seviyelerinde nas\u0131l davrand\u0131\u011f\u0131n\u0131 belirleyerek sertlik ve y\u00fck ta\u015f\u0131ma kapasitesi hakk\u0131nda bilgi sa\u011flar.<\/li>\n<li data-start=\"2837\" data-end=\"3086\">Sabit Y\u00fck (S\u00fcr\u00fcnme)<strong data-start=\"2837\" data-end=\"2864\"> Test<\/strong><br data-start=\"2864\" data-end=\"2867\" \/>Zaman i\u00e7inde sabit bir y\u00fck uygulayan bu test, kutunun s\u00fcrekli a\u011f\u0131rl\u0131k alt\u0131nda nas\u0131l deforme oldu\u011funu \u00f6l\u00e7er. Uzun s\u00fcreli dayan\u0131kl\u0131l\u0131\u011f\u0131 de\u011ferlendirir ve ambalaj\u0131n uzun s\u00fcreli depolama s\u0131ras\u0131nda boyutlar\u0131n\u0131 korumas\u0131n\u0131 sa\u011flamaya yard\u0131mc\u0131 olur.<\/li>\n<\/ul>\n<p data-start=\"3088\" data-end=\"3277\">Bu testler toplu olarak, farkl\u0131 stres senaryolar\u0131 alt\u0131nda ambalaj performans\u0131n\u0131n kapsaml\u0131 bir g\u00f6r\u00fcn\u00fcm\u00fcn\u00fc sa\u011flar. <strong data-start=\"3227\" data-end=\"3246\">\u00fcr\u00fcn kali\u0307tesi\u0307<\/strong> ve <strong data-start=\"3251\" data-end=\"3276\">loji\u0307sti\u0307k g\u00fcveni\u0307li\u0307rli\u0307k<\/strong>.<\/p>\n<h2 data-start=\"3279\" data-end=\"3502\">Kutu S\u0131k\u0131\u015ft\u0131rma Test Cihaz\u0131n\u0131n \u00d6zellikleri ve Faydalar\u0131<\/h2>\n<p data-start=\"3279\" data-end=\"3502\">Modern <strong data-start=\"3350\" data-end=\"3383\">kutu basin\u00e7 test maki\u0307neleri\u0307<\/strong> BCT-600 gibi hassas ve tutarl\u0131 sonu\u00e7lar sunmak i\u00e7in geli\u015fmi\u015f \u00f6zelliklerle donat\u0131lm\u0131\u015ft\u0131r. Temel \u00f6zellikler \u015funlard\u0131r:<\/p>\n<ul data-start=\"3504\" data-end=\"4190\">\n<li data-start=\"3504\" data-end=\"3580\">\n<p data-start=\"3506\" data-end=\"3580\"><strong data-start=\"3506\" data-end=\"3532\">7 in\u00e7 dokunmatik ekranl\u0131 HMI<\/strong> rehberli i\u015f ak\u0131\u015flar\u0131 ve canl\u0131 e\u011fri g\u00f6sterimi ile.<\/p>\n<\/li>\n<li data-start=\"3581\" data-end=\"3654\">\n<p data-start=\"3583\" data-end=\"3654\"><strong data-start=\"3583\" data-end=\"3615\">\u00dc\u00e7 ba\u011f\u0131ms\u0131z test modu<\/strong>-mukavemet, sabit de\u011fer ve istifleme.<\/p>\n<\/li>\n<li data-start=\"3655\" data-end=\"3740\">\n<p data-start=\"3657\" data-end=\"3740\"><strong data-start=\"3657\" data-end=\"3689\">Servo silindir tahrikli hareket<\/strong> de\u011fi\u015fken h\u0131zlarda hassas plaka hareketi i\u00e7in.<\/p>\n<\/li>\n<li data-start=\"3741\" data-end=\"3802\">\n<p data-start=\"3743\" data-end=\"3802\"><strong data-start=\"3743\" data-end=\"3769\">G\u00f6m\u00fcl\u00fc mikro yaz\u0131c\u0131<\/strong> an\u0131nda bas\u0131l\u0131 kopya sonu\u00e7lar\u0131 i\u00e7in.<\/p>\n<\/li>\n<li data-start=\"3803\" data-end=\"3877\">\n<p data-start=\"3805\" data-end=\"3877\"><strong data-start=\"3805\" data-end=\"3826\">Otomatik veri yakalama<\/strong> kuvvet ve deformasyonun ger\u00e7ek zamanl\u0131 g\u00f6sterimi ile.<\/p>\n<\/li>\n<li data-start=\"3878\" data-end=\"3962\">\n<p data-start=\"3880\" data-end=\"3962\"><strong data-start=\"3880\" data-end=\"3901\">G\u00fcvenlik kilitleri<\/strong> ve operat\u00f6rleri ve sens\u00f6rleri korumak i\u00e7in mekanik son durdurucular.<\/p>\n<\/li>\n<li data-start=\"3963\" data-end=\"4049\">\n<p data-start=\"3965\" data-end=\"4049\"><strong data-start=\"3965\" data-end=\"3988\">Y\u00fcksek sertlikte \u00e7er\u00e7eve<\/strong> tutarl\u0131 plaka hizalamas\u0131 i\u00e7in d\u00f6rt s\u00fctunlu k\u0131lavuz ile.<\/p>\n<\/li>\n<li data-start=\"4050\" data-end=\"4118\">\n<p data-start=\"4052\" data-end=\"4118\"><strong data-start=\"4052\" data-end=\"4082\">Hassas y\u00fck \u00f6l\u00e7\u00fcm\u00fc<\/strong> geli\u015fmi\u015f y\u00fck h\u00fccresi sens\u00f6rleri kullanarak.<\/p>\n<\/li>\n<li data-start=\"4119\" data-end=\"4190\">\n<p data-start=\"4121\" data-end=\"4190\"><strong data-start=\"4121\" data-end=\"4145\">\u0130ste\u011fe ba\u011fl\u0131 PC yaz\u0131l\u0131m\u0131<\/strong> veri aktar\u0131m\u0131 ve kapsaml\u0131 raporlama i\u00e7in.<\/p>\n<\/li>\n<\/ul>\n<p data-start=\"4192\" data-end=\"4298\">Bu \u00f6zellikler \u015funlar\u0131 sa\u011flar <strong data-start=\"4214\" data-end=\"4231\">g\u00fcvenilir veri<\/strong>, <strong data-start=\"4233\" data-end=\"4255\">tekrarlanabilir sonu\u00e7lar<\/strong>, ve <strong data-start=\"4261\" data-end=\"4275\">Uyumluluk<\/strong> k\u00fcresel standartlarla uyumludur.<\/p>\n<h2 data-start=\"4300\" data-end=\"4712\">K\u00fcresel Standartlara Uygunluk<\/h2>\n<p data-start=\"4300\" data-end=\"4712\">A <strong data-start=\"4341\" data-end=\"4373\">kutu s\u0131k\u0131\u015ft\u0131rma test makinesi<\/strong> \u00e7e\u015fitli ihtiya\u00e7lar\u0131 kar\u015f\u0131lamak \u00fczere tasarlanm\u0131\u015ft\u0131r. <strong data-start=\"4405\" data-end=\"4440\">uluslararasi test standartlari<\/strong>, dahil olmak \u00fczere:<br data-start=\"4452\" data-end=\"4455\" \/><a href=\"https:\/\/www.iso.org\/standard\/32410.html\" target=\"_blank\" rel=\"noopener nofollow\">ISO 2234<\/a>, ISO 12048, ISO 2874, ISO 2872, ASTM D642, ASTM D4169, TAPPI T804, JIS Z0212, GB\/T 4857.3, GB\/T 4857.4 ve QB\/T 1047.<br data-start=\"4582\" data-end=\"4585\" \/>Bu, test s\u00fcre\u00e7lerinizin a\u015fa\u011f\u0131dakilerle uyumlu olmas\u0131n\u0131 sa\u011flar <strong data-start=\"4641\" data-end=\"4671\">en y\u00fcksek kali\u0307te \u00f6l\u00e7\u00fctleri\u0307<\/strong>, k\u00fcresel pazarda rekabet edebilirli\u011fi m\u00fcmk\u00fcn k\u0131lmaktad\u0131r.<\/p>\n<h2 style=\"text-align: center;\" data-start=\"4714\" data-end=\"5431\">Do\u011fru Kutu S\u0131k\u0131\u015ft\u0131rma Test Cihaz\u0131n\u0131 Se\u00e7me<\/h2>\n<p style=\"text-align: center;\" data-start=\"4714\" data-end=\"5431\">G\u00fcvenli ve emniyetli ambalajlamaya ihtiya\u00e7 duyan sekt\u00f6rler i\u00e7in <strong data-start=\"4839\" data-end=\"4871\">kutu s\u0131k\u0131\u015ft\u0131rma test makinesi<\/strong> vazge\u00e7ilmez bir ara\u00e7t\u0131r. Bu sadece <strong data-start=\"4924\" data-end=\"4948\">bas\u0131n\u00e7 dayan\u0131m\u0131<\/strong> ayn\u0131 zamanda ambalaj malzemelerinin istifleme ve uzun s\u00fcreli depolama alt\u0131ndaki davran\u0131\u015flar\u0131 hakk\u0131nda kritik bilgiler sa\u011flar.<br data-start=\"5065\" data-end=\"5068\" \/>At <strong data-start=\"5071\" data-end=\"5101\">Cell Instruments Co., Ltd.<\/strong>, \u00fcretim konusunda uzman\u0131z <strong data-start=\"5134\" data-end=\"5184\">Y\u00fcksek performansl\u0131 kutu s\u0131k\u0131\u015ft\u0131rma test makineleri<\/strong> benzersiz test ihtiya\u00e7lar\u0131n\u0131za g\u00f6re uyarlanm\u0131\u015ft\u0131r. Geli\u015fmi\u015f otomasyon ve sa\u011flam tasar\u0131ma sahip cihazlar\u0131m\u0131z, a\u015fa\u011f\u0131dakiler gibi \u00e7e\u015fitli sekt\u00f6rler i\u00e7in do\u011fru ve verimli ambalaj do\u011frulamas\u0131 sa\u011flar <strong data-start=\"5363\" data-end=\"5385\">yiyecek ve i\u00e7ecekler<\/strong> i\u00e7in <strong data-start=\"5389\" data-end=\"5408\">\u0130LA\u00c7LAR<\/strong> ve <strong data-start=\"5413\" data-end=\"5428\">elektroni\u0307k<\/strong>.<\/p>\n<p style=\"text-align: center;\" data-start=\"5433\" data-end=\"5591\" data-is-last-node=\"\" data-is-only-node=\"\"><strong data-start=\"5433\" data-end=\"5591\" data-is-last-node=\"\">Kutu s\u0131k\u0131\u015ft\u0131rma test makinelerimizin ambalaj standartlar\u0131n\u0131z\u0131 nas\u0131l y\u00fckseltebilece\u011fini ve \u00fcr\u00fcnlerinizi hasardan nas\u0131l koruyabilece\u011fini ke\u015ffedin. Daha fazlas\u0131n\u0131 \u00f6\u011frenmek i\u00e7in bug\u00fcn bize ula\u015f\u0131n.<\/strong><\/p>\n<\/div>\n<\/div>\n<\/div>\n<\/div>\n<\/div>\n<\/div>\n<\/div>\n<\/div>\n<\/article>","protected":false},"excerpt":{"rendered":"<p>Understanding the Role of a Box Compression Test Machine The box compression test machine plays a vital role in ensuring the strength and reliability of packaging materials across various industries. In the logistics, warehousing, and e-commerce sectors, packaging resilience directly impacts product safety and operational efficiency. Using a box compression test machine allows manufacturers to &hellip;<\/p>\n<p class=\"read-more\"> <a class=\"\" href=\"https:\/\/www.qualitester.com\/tr\/urun\/box-compression-test-machine\/\"> <span class=\"screen-reader-text\">BCT-600 Kutu S\u0131k\u0131\u015ft\u0131rma Test Cihaz\u0131<\/span> Devam\u0131 \"<\/a><\/p>","protected":false},"featured_media":6686,"comment_status":"closed","ping_status":"closed","template":"","meta":{"site-sidebar-layout":"default","site-content-layout":"default","ast-global-header-display":"","ast-main-header-display":"","ast-hfb-above-header-display":"","ast-hfb-below-header-display":"","ast-hfb-mobile-header-display":"","site-post-title":"","ast-breadcrumbs-content":"","ast-featured-img":"","footer-sml-layout":"","theme-transparent-header-meta":"default","adv-header-id-meta":"","stick-header-meta":"","header-above-stick-meta":"","header-main-stick-meta":"","header-below-stick-meta":""},"product_cat":[845,964,17,44],"product_tag":[],"class_list":{"0":"post-6683","1":"product","2":"type-product","3":"status-publish","4":"has-post-thumbnail","6":"product_cat-customization","7":"product_cat-box-compression-tester","8":"product_cat-package-container-testers","9":"product_cat-paper-and-board-testers","10":"desktop-align-left","11":"tablet-align-left","12":"mobile-align-left","14":"first","15":"instock","16":"shipping-taxable","17":"product-type-simple"},"_links":{"self":[{"href":"https:\/\/www.qualitester.com\/tr\/wp-json\/wp\/v2\/product\/6683","targetHints":{"allow":["GET"]}}],"collection":[{"href":"https:\/\/www.qualitester.com\/tr\/wp-json\/wp\/v2\/product"}],"about":[{"href":"https:\/\/www.qualitester.com\/tr\/wp-json\/wp\/v2\/types\/product"}],"replies":[{"embeddable":true,"href":"https:\/\/www.qualitester.com\/tr\/wp-json\/wp\/v2\/comments?post=6683"}],"version-history":[{"count":0,"href":"https:\/\/www.qualitester.com\/tr\/wp-json\/wp\/v2\/product\/6683\/revisions"}],"wp:featuredmedia":[{"embeddable":true,"href":"https:\/\/www.qualitester.com\/tr\/wp-json\/wp\/v2\/media\/6686"}],"wp:attachment":[{"href":"https:\/\/www.qualitester.com\/tr\/wp-json\/wp\/v2\/media?parent=6683"}],"wp:term":[{"taxonomy":"product_cat","embeddable":true,"href":"https:\/\/www.qualitester.com\/tr\/wp-json\/wp\/v2\/product_cat?post=6683"},{"taxonomy":"product_tag","embeddable":true,"href":"https:\/\/www.qualitester.com\/tr\/wp-json\/wp\/v2\/product_tag?post=6683"}],"curies":[{"name":"wp","href":"https:\/\/api.w.org\/{rel}","templated":true}]}}