{"id":6644,"date":"2025-05-07T11:30:19","date_gmt":"2025-05-07T03:30:19","guid":{"rendered":"https:\/\/www.qualitester.com\/?post_type=product&#038;p=6644"},"modified":"2025-05-07T11:30:19","modified_gmt":"2025-05-07T03:30:19","slug":"medical-needle-tubing-stiffness-tester","status":"publish","type":"product","link":"https:\/\/www.qualitester.com\/tr\/urun\/medical-needle-tubing-stiffness-tester\/","title":{"rendered":"TS-01 T\u00fcp Sertlik Test Cihaz\u0131"},"content":{"rendered":"<h2 data-start=\"393\" data-end=\"1063\">T\u0131bbi \u0130\u011fne Hortumu Sertlik Test Cihaz\u0131na Giri\u015f<\/h2>\n<p class=\"\" data-start=\"393\" data-end=\"1063\">Hipodermik i\u011fnelerin mekanik b\u00fct\u00fcnl\u00fc\u011f\u00fcn\u00fcn sa\u011flanmas\u0131 t\u0131p alan\u0131nda kritik \u00f6neme sahiptir. Performans\u0131, g\u00fcvenli\u011fi ve kullan\u0131labilirli\u011fi etkileyen temel \u00f6zelliklerden biri \u015fudur <em data-start=\"621\" data-end=\"639\">boru sertli\u011fi<\/em>. Bu <strong data-start=\"645\" data-end=\"687\">t\u0131bbi i\u011fne hortumu sertlik test cihaz\u0131<\/strong> i\u011fne \u00fcretiminde kullan\u0131lan paslanmaz \u00e7elik borular\u0131n sertli\u011fini de\u011ferlendirmek i\u00e7in standartla\u015ft\u0131r\u0131lm\u0131\u015f, hassas bir y\u00f6ntem sa\u011flar. K\u00fcresel t\u0131bbi standartlardaki art\u0131\u015fla birlikte, \u00f6zellikle <a href=\"https:\/\/www.qualitester.com\/tr\/standards\/iso-9626\/\"><strong data-start=\"880\" data-end=\"892\">ISO 9626<\/strong><\/a> ve <strong data-start=\"897\" data-end=\"917\">ISO 9626 Ek B<\/strong>, g\u00fcvenilir test \u00e7\u00f6z\u00fcmleri t\u0131bbi cihaz \u00fcreticileri, kalite kontrol uzmanlar\u0131 ve ara\u015ft\u0131rma kurumlar\u0131 i\u00e7in vazge\u00e7ilmez hale gelmi\u015ftir.<\/p>\n<hr class=\"\" data-start=\"1065\" data-end=\"1068\" \/>\n<h2 data-start=\"1070\" data-end=\"1624\">T\u0131bbi Uygulamalarda \u0130\u011fne Hortumu Sertli\u011finin \u00d6nemi<\/h2>\n<p class=\"\" data-start=\"1070\" data-end=\"1624\">Sertlik, bir i\u011fnenin sertli\u011fini do\u011frudan etkiler. <strong data-start=\"1176\" data-end=\"1219\">yerle\u015ftirme yetene\u011fi, yap\u0131sal b\u00fct\u00fcnl\u00fck<\/strong>, ve <strong data-start=\"1225\" data-end=\"1241\">kullan\u0131c\u0131 kontrol\u00fc<\/strong>. \u00c7ok yumu\u015fak bir i\u011fne t\u00fcp\u00fc b\u00fck\u00fclebilir veya k\u0131r\u0131labilir, hastan\u0131n yaralanmas\u0131 veya yanl\u0131\u015f ila\u00e7 verilmesi riskini do\u011furabilir. Tersine, a\u015f\u0131r\u0131 sert bir i\u011fne, yerle\u015ftirme s\u0131ras\u0131nda k\u0131r\u0131labilir veya gereksiz travmaya neden olabilir. Bu nedenle, optimum dengenin sa\u011flanmas\u0131 \u00e7ok \u00f6nemlidir. \u0130\u011fneler <strong data-start=\"1497\" data-end=\"1539\">t\u0131bbi i\u011fne hortumu sertlik test cihaz\u0131<\/strong> bu dengenin \u00f6l\u00e7\u00fclmesinde ve \u00fcretim standartlar\u0131n\u0131n korunmas\u0131nda hayati bir rol oynar.<\/p>\n<hr class=\"\" data-start=\"1626\" data-end=\"1629\" \/>\n<h2 data-start=\"1631\" data-end=\"1921\"><strong data-start=\"1631\" data-end=\"1697\">ISO 9626 Testi - <\/strong><strong data-start=\"1631\" data-end=\"1697\">ISO 9626 Ek B<\/strong><\/h2>\n<p class=\"\" data-start=\"1631\" data-end=\"1921\">Uluslararas\u0131 standart <strong data-start=\"1727\" data-end=\"1744\">ISO 9626:2016<\/strong> hipodermik i\u011fneler i\u00e7in tasarlanan paslanmaz \u00e7elik borular\u0131n mekanik ve boyutsal gerekliliklerini ana hatlar\u0131yla belirtir. <strong data-start=\"1858\" data-end=\"1869\">Ek B<\/strong> sertli\u011fi \u00f6l\u00e7mek i\u00e7in \u00f6zel bir y\u00f6ntem sa\u011flar:<\/p>\n<ul data-start=\"1923\" data-end=\"2213\">\n<li class=\"\" data-start=\"1923\" data-end=\"2014\">\n<p class=\"\" data-start=\"1925\" data-end=\"2014\">A <strong data-start=\"1927\" data-end=\"1955\">bilinen kuvvet (60 N'a kadar)<\/strong> her iki ucundan desteklenen boruya merkezi olarak uygulan\u0131r.<\/p>\n<\/li>\n<li class=\"\" data-start=\"2015\" data-end=\"2085\">\n<p class=\"\" data-start=\"2017\" data-end=\"2085\">Ortaya \u00e7\u0131kan <strong data-start=\"2031\" data-end=\"2045\">sapma<\/strong> ile \u00f6l\u00e7\u00fcl\u00fcr <strong data-start=\"2063\" data-end=\"2084\">0,01 mm hassasiyet<\/strong>.<\/p>\n<\/li>\n<li class=\"\" data-start=\"2086\" data-end=\"2213\">\n<p class=\"\" data-start=\"2088\" data-end=\"2213\">Cihaz k\u00fcnt kama \u015feklinde bir aparat i\u00e7ermelidir <strong data-start=\"2136\" data-end=\"2147\">Piston<\/strong>, e\u011fimli <strong data-start=\"2161\" data-end=\"2168\">60\u00b0<\/strong>, ile <strong data-start=\"2177\" data-end=\"2212\">1 mm yar\u0131\u00e7apl\u0131 silindirik y\u00fczey<\/strong>.<\/p>\n<\/li>\n<\/ul>\n<p class=\"\" data-start=\"2215\" data-end=\"2371\">Bu <strong data-start=\"2219\" data-end=\"2267\">TS-01 T\u0131bbi \u0130\u011fne Hortumu Sertlik Test Cihaz\u0131<\/strong> bu test y\u00f6ntemini yerine getirmek i\u00e7in \u00f6zel olarak tasarlanm\u0131\u015ft\u0131r ve ISO standartlar\u0131na s\u0131k\u0131 bir \u015fekilde uyulmas\u0131n\u0131 sa\u011flar.<\/p>\n<hr class=\"\" data-start=\"2373\" data-end=\"2376\" \/>\n<h2 data-start=\"2378\" data-end=\"2515\"><strong data-start=\"2378\" data-end=\"2418\">Test Prensibi ve \u00c7al\u0131\u015fma Mekanizmas\u0131<\/strong><\/h2>\n<p class=\"\" data-start=\"2378\" data-end=\"2515\">Bu <strong data-start=\"2425\" data-end=\"2467\">t\u0131bbi i\u011fne hortumu sertlik test cihaz\u0131<\/strong> basit ama etkili bir prensiple \u00e7al\u0131\u015f\u0131r:<\/p>\n<p class=\"\" data-start=\"2517\" data-end=\"2702\"><em data-start=\"2517\" data-end=\"2702\">Simetrik olarak desteklenen hortumun orta noktas\u0131na hassas bir kuvvet uygulan\u0131r. Cihaz daha sonra dikey sapmay\u0131 kaydederek nicel sertlik verileri sa\u011flar.<\/em><\/p>\n<p class=\"\" data-start=\"2704\" data-end=\"2753\">Bu <strong data-start=\"2708\" data-end=\"2723\">TS-01 modeli<\/strong> Cell Instruments \u00f6zellikleri taraf\u0131ndan:<\/p>\n<ul data-start=\"2754\" data-end=\"3112\">\n<li class=\"\" data-start=\"2754\" data-end=\"2864\">\n<p class=\"\" data-start=\"2756\" data-end=\"2864\">K\u00f6r bir kama \u015feklinde <strong data-start=\"2777\" data-end=\"2788\">Piston<\/strong> ba\u011fl\u0131 bir <strong data-start=\"2804\" data-end=\"2817\">y\u00fck h\u00fccresi<\/strong>, y\u00fcksek \u00f6l\u00e7\u00fcm hassasiyeti sa\u011flar (\u00b10,01 N).<\/p>\n<\/li>\n<li class=\"\" data-start=\"2865\" data-end=\"2930\">\n<p class=\"\" data-start=\"2867\" data-end=\"2930\">Bir \u00e7aprazkafa ile \u00e7al\u0131\u015fan hareketli bir <strong data-start=\"2900\" data-end=\"2929\">hassas bilyal\u0131 k\u0131lavuz vida<\/strong>.<\/p>\n<\/li>\n<li class=\"\" data-start=\"2931\" data-end=\"3018\">\n<p class=\"\" data-start=\"2933\" data-end=\"3018\">Test numunesini kuvvet pistonu alt\u0131nda do\u011fru \u015fekilde hizalayan bir boru tutucu (tava).<\/p>\n<\/li>\n<li class=\"\" data-start=\"3019\" data-end=\"3112\">\n<p class=\"\" data-start=\"3021\" data-end=\"3112\">De\u011fi\u015fken <strong data-start=\"3030\" data-end=\"3044\">test h\u0131z\u0131<\/strong> (1-500 mm\/dak) farkl\u0131 boru boyutlar\u0131na ve malzemelerine uyum sa\u011flamak i\u00e7in.<\/p>\n<\/li>\n<\/ul>\n<hr class=\"\" data-start=\"3114\" data-end=\"3117\" \/>\n<h2 data-start=\"3119\" data-end=\"3349\">Neden TS-01 T\u0131bbi \u0130\u011fne Hortumu Sertlik Test Cihaz\u0131n\u0131 Se\u00e7melisiniz?<\/h2>\n<p class=\"\" data-start=\"3119\" data-end=\"3349\">Hassas test aletleri \u00fcreticisi olarak, <strong data-start=\"3237\" data-end=\"3257\">H\u00fccre Enstr\u00fcmanlar\u0131<\/strong> tasarlanm\u0131\u015f <strong data-start=\"3271\" data-end=\"3280\">TS-01<\/strong> \u00f6zellikle t\u0131bbi i\u011fne \u00fcreticileri i\u00e7in. Temel faydalar \u015funlard\u0131r:<\/p>\n<ul data-start=\"3351\" data-end=\"3682\">\n<li class=\"\" data-start=\"3351\" data-end=\"3408\">\n<p class=\"\" data-start=\"3353\" data-end=\"3408\"><strong data-start=\"3353\" data-end=\"3407\">ISO 9626 ve ISO 9626 Ek B ile tam uyumluluk<\/strong>.<\/p>\n<\/li>\n<li class=\"\" data-start=\"3409\" data-end=\"3468\">\n<p class=\"\" data-start=\"3411\" data-end=\"3468\">Y\u00fcksek \u00e7\u00f6z\u00fcn\u00fcrl\u00fckl\u00fc <strong data-start=\"3427\" data-end=\"3453\">sapma \u00f6l\u00e7\u00fcm\u00fc<\/strong> 0,01 mm'ye kadar.<\/p>\n<\/li>\n<li class=\"\" data-start=\"3469\" data-end=\"3549\">\n<p class=\"\" data-start=\"3471\" data-end=\"3549\">Sa\u011flam tasar\u0131m ile <strong data-start=\"3490\" data-end=\"3513\">a\u015f\u0131r\u0131 y\u00fck korumas\u0131<\/strong> ve <strong data-start=\"3518\" data-end=\"3538\">otomatik geri d\u00f6n\u00fc\u015f<\/strong> fonksiyonlar.<\/p>\n<\/li>\n<li class=\"\" data-start=\"3550\" data-end=\"3627\">\n<p class=\"\" data-start=\"3552\" data-end=\"3627\">Kullan\u0131c\u0131 dostu <strong data-start=\"3566\" data-end=\"3593\">7 in\u00e7 dokunmatik ekranl\u0131 HMI<\/strong> test kontrol\u00fc ve veri incelemesi i\u00e7in.<\/p>\n<\/li>\n<li class=\"\" data-start=\"3628\" data-end=\"3682\">\n<p class=\"\" data-start=\"3630\" data-end=\"3682\">Yerle\u015fik <strong data-start=\"3639\" data-end=\"3655\">microprinter<\/strong> anl\u0131k rapor \u00e7\u0131kt\u0131s\u0131 i\u00e7in.<\/p>\n<\/li>\n<\/ul>\n<p class=\"\" data-start=\"3684\" data-end=\"3857\">Bu \u00f6zellikler sadece testleri kolayla\u015ft\u0131rmakla kalmaz, ayn\u0131 zamanda <strong data-start=\"3748\" data-end=\"3794\">do\u011fruluk, tekrarlanabilirlik ve dok\u00fcmantasyon<\/strong> t\u0131bbi \u00fcr\u00fcn validasyonu ve d\u00fczenleyici denetimler i\u00e7in gereklidir.<\/p>\n<hr class=\"\" data-start=\"3859\" data-end=\"3862\" \/>\n<h2 data-start=\"3864\" data-end=\"3996\">T\u0131bbi \u00dcretim ve Ara\u015ft\u0131rma Alan\u0131ndaki Uygulamalar<\/h2>\n<p class=\"\" data-start=\"3864\" data-end=\"3996\">Bu <strong data-start=\"3929\" data-end=\"3971\">t\u0131bbi i\u011fne hortumu sertlik test cihaz\u0131<\/strong> yayg\u0131n olarak uygulanabilir:<\/p>\n<ul data-start=\"3997\" data-end=\"4271\">\n<li class=\"\" data-start=\"3997\" data-end=\"4038\">\n<p class=\"\" data-start=\"3999\" data-end=\"4038\">Hipodermik ve kalem i\u011fnesi \u00fcretimi<\/p>\n<\/li>\n<li class=\"\" data-start=\"4039\" data-end=\"4097\">\n<p class=\"\" data-start=\"4041\" data-end=\"4097\">T\u0131bbi cihaz \u00fcretiminde kalite kontrol departmanlar\u0131<\/p>\n<\/li>\n<li class=\"\" data-start=\"4098\" data-end=\"4166\">\n<p class=\"\" data-start=\"4100\" data-end=\"4166\">Yenilik\u00e7i i\u011fne tasar\u0131mlar\u0131 \u00fczerinde \u00e7al\u0131\u015fan ara\u015ft\u0131rma ve geli\u015ftirme laboratuvarlar\u0131<\/p>\n<\/li>\n<li class=\"\" data-start=\"4167\" data-end=\"4218\">\n<p class=\"\" data-start=\"4169\" data-end=\"4218\">D\u00fczenleyici test kurumlar\u0131 ve denetim kurulu\u015flar\u0131<\/p>\n<\/li>\n<li class=\"\" data-start=\"4219\" data-end=\"4271\">\n<p class=\"\" data-start=\"4221\" data-end=\"4271\">OEM'ler ve \u00f6zel markal\u0131 t\u0131bbi bile\u015fen tedarik\u00e7ileri<\/p>\n<\/li>\n<\/ul>\n<p class=\"\" data-start=\"4273\" data-end=\"4388\">Her bir i\u011fne t\u00fcp\u00fcn\u00fcn klinik kullan\u0131m ko\u015fullar\u0131 alt\u0131nda g\u00fcvenilir bir \u015fekilde \u00e7al\u0131\u015fmas\u0131n\u0131 sa\u011flayan kritik mekanik veriler sa\u011flar.<\/p>\n<hr class=\"\" data-start=\"4390\" data-end=\"4393\" \/>\n<h2 data-start=\"4395\" data-end=\"4437\">Bir Bak\u0131\u015fta Teknik \u00d6zellikler<\/h2>\n<div class=\"_tableContainer_16hzy_1\">\n<div class=\"_tableWrapper_16hzy_14 group flex w-fit flex-col-reverse\" tabindex=\"-1\">\n<table class=\"w-fit min-w-(--thread-content-width)\" data-start=\"4438\" data-end=\"4972\">\n<thead data-start=\"4438\" data-end=\"4503\">\n<tr data-start=\"4438\" data-end=\"4503\">\n<th data-start=\"4438\" data-end=\"4466\" data-col-size=\"sm\"><strong data-start=\"4440\" data-end=\"4453\">Parametre<\/strong><\/th>\n<th data-start=\"4466\" data-end=\"4503\" data-col-size=\"sm\"><strong data-start=\"4468\" data-end=\"4485\">\u015eartname<\/strong><\/th>\n<\/tr>\n<\/thead>\n<tbody data-start=\"4570\" data-end=\"4972\">\n<tr data-start=\"4570\" data-end=\"4635\">\n<td data-start=\"4570\" data-end=\"4598\" data-col-size=\"sm\">Maksimum Test Kuvveti<\/td>\n<td data-col-size=\"sm\" data-start=\"4598\" data-end=\"4635\">60 N (\u00f6zelle\u015ftirilebilir)<\/td>\n<\/tr>\n<tr data-start=\"4636\" data-end=\"4701\">\n<td data-start=\"4636\" data-end=\"4664\" data-col-size=\"sm\">H\u0131z Aral\u0131\u011f\u0131<\/td>\n<td data-col-size=\"sm\" data-start=\"4664\" data-end=\"4701\">1-500 mm\/dak<\/td>\n<\/tr>\n<tr data-start=\"4702\" data-end=\"4767\">\n<td data-start=\"4702\" data-end=\"4730\" data-col-size=\"sm\">\u00d6l\u00e7\u00fcm Do\u011frulu\u011fu<\/td>\n<td data-col-size=\"sm\" data-start=\"4730\" data-end=\"4767\">\u00b10,01 mm<\/td>\n<\/tr>\n<tr data-start=\"4768\" data-end=\"4833\">\n<td data-start=\"4768\" data-end=\"4796\" data-col-size=\"sm\">G\u00fc\u00e7 Kayna\u011f\u0131<\/td>\n<td data-col-size=\"sm\" data-start=\"4796\" data-end=\"4833\">110~220V<\/td>\n<\/tr>\n<tr data-start=\"4834\" data-end=\"4899\">\n<td data-start=\"4834\" data-end=\"4862\" data-col-size=\"sm\">Kontrol Aray\u00fcz\u00fc<\/td>\n<td data-col-size=\"sm\" data-start=\"4862\" data-end=\"4899\">7\u201d HMI dokunmatik ekranl\u0131 PLC<\/td>\n<\/tr>\n<tr data-start=\"4900\" data-end=\"4972\">\n<td data-start=\"4900\" data-end=\"4928\" data-col-size=\"sm\">Birlikte Verilen Aksesuarlar<\/td>\n<td data-col-size=\"sm\" data-start=\"4928\" data-end=\"4972\">Piston, hortum tutucu, g\u00fc\u00e7 kablosu, sigorta<\/td>\n<\/tr>\n<\/tbody>\n<\/table>\n<div class=\"sticky end-(--thread-content-margin) h-0 self-end select-none\">\n<div class=\"absolute end-0 flex items-end\"><span style=\"font-size: 16px;\">Sertlik testi, a\u015fa\u011f\u0131dakileri garanti etmek i\u00e7in gereklidir <\/span><strong style=\"font-size: 16px;\" data-start=\"5044\" data-end=\"5090\">mekanik g\u00fcvenilirlik ve klinik g\u00fcvenlik<\/strong><span style=\"font-size: 16px;\"> hipodermik i\u011fneler. Uyarak <\/span><strong style=\"font-size: 16px;\" data-start=\"5132\" data-end=\"5152\"><a href=\"https:\/\/www.iso.org\/standard\/60480.html\" target=\"_blank\" rel=\"noopener nofollow\">ISO 9626<\/a> test etmek<\/strong><span style=\"font-size: 16px;\"> protokolleri sayesinde \u00fcreticiler borular\u0131n\u0131n k\u00fcresel performans standartlar\u0131n\u0131 kar\u015f\u0131lad\u0131\u011f\u0131ndan emin olabilirler. Bu <\/span><strong style=\"font-size: 16px;\" data-start=\"5247\" data-end=\"5295\">TS-01 t\u0131bbi i\u011fne hortumu sertlik test cihaz\u0131<\/strong><span style=\"font-size: 16px;\"> itibaren <\/span><strong style=\"font-size: 16px;\" data-start=\"5301\" data-end=\"5321\">H\u00fccre Enstr\u00fcmanlar\u0131<\/strong><span style=\"font-size: 16px;\"> sertlik \u00f6l\u00e7\u00fcm\u00fc i\u00e7in profesyonel, hassas ve kullan\u0131m\u0131 kolay bir \u00e7\u00f6z\u00fcm sunar. \u0130ster uyumluluk, ister Ar-Ge veya kalite g\u00fcvencesi i\u00e7in olsun, TS-01 i\u011fne hortum de\u011ferlendirmesi i\u00e7in g\u00fcvenilir bir se\u00e7imdir.<\/span><\/div>\n<\/div>\n<\/div>\n<\/div>\n<hr class=\"\" data-start=\"5520\" data-end=\"5523\" \/>\n<h2 data-start=\"5525\" data-end=\"5572\">SSS: T\u0131bbi \u0130\u011fne Hortumu Sertlik Test Cihaz\u0131<\/h2>\n<p class=\"\" data-start=\"5755\" data-end=\"5933\"><strong data-start=\"5755\" data-end=\"5829\">S1: Bu cihazla ne t\u00fcr i\u011fneler veya hortumlar test edilebilir?<\/strong><br data-start=\"5829\" data-end=\"5832\" \/>A1: Hipodermik, kalem veya intraven\u00f6z i\u011fnelerde kullan\u0131lan paslanmaz \u00e7elik i\u011fne borular\u0131 i\u00e7in uygundur.<\/p>\n<p class=\"\" data-start=\"6096\" data-end=\"6253\"><strong data-start=\"6096\" data-end=\"6138\">S2: Farkl\u0131 hortum boyutlar\u0131n\u0131 test edebilir miyim?<\/strong><br data-start=\"6138\" data-end=\"6141\" \/>A2: Evet, test cihaz\u0131 ayarlanabilir fikst\u00fcrler i\u00e7erir ve ISO Tablo 2 spesifikasyonlar\u0131na g\u00f6re farkl\u0131 a\u00e7\u0131kl\u0131klar\u0131 destekler.<\/p>","protected":false},"excerpt":{"rendered":"<p>Introduction to Medical Needle Tubing Stiffness Tester Ensuring the mechanical integrity of hypodermic needles is critical in the medical field. One essential property that influences performance, safety, and usability is tubing stiffness. The medical needle tubing stiffness tester provides a standardized, precise method to evaluate the stiffness of stainless steel tubing used in needle manufacturing. &hellip;<\/p>\n<p class=\"read-more\"> <a class=\"\" href=\"https:\/\/www.qualitester.com\/tr\/urun\/medical-needle-tubing-stiffness-tester\/\"> <span class=\"screen-reader-text\">TS-01 T\u00fcp Sertlik Test Cihaz\u0131<\/span> Devam\u0131 \"<\/a><\/p>","protected":false},"featured_media":6646,"comment_status":"closed","ping_status":"closed","template":"","meta":{"site-sidebar-layout":"default","site-content-layout":"default","ast-global-header-display":"","ast-main-header-display":"","ast-hfb-above-header-display":"","ast-hfb-below-header-display":"","ast-hfb-mobile-header-display":"","site-post-title":"","ast-breadcrumbs-content":"","ast-featured-img":"","footer-sml-layout":"","theme-transparent-header-meta":"default","adv-header-id-meta":"","stick-header-meta":"","header-above-stick-meta":"","header-main-stick-meta":"","header-below-stick-meta":""},"product_cat":[1180,845,934,149],"product_tag":[],"class_list":{"0":"post-6644","1":"product","2":"type-product","3":"status-publish","4":"has-post-thumbnail","6":"product_cat-iso-9626","7":"product_cat-customization","8":"product_cat-medical-packaging-tester","9":"product_cat-pharma-and-medical-testers","10":"desktop-align-left","11":"tablet-align-left","12":"mobile-align-left","14":"first","15":"instock","16":"shipping-taxable","17":"product-type-simple"},"_links":{"self":[{"href":"https:\/\/www.qualitester.com\/tr\/wp-json\/wp\/v2\/product\/6644","targetHints":{"allow":["GET"]}}],"collection":[{"href":"https:\/\/www.qualitester.com\/tr\/wp-json\/wp\/v2\/product"}],"about":[{"href":"https:\/\/www.qualitester.com\/tr\/wp-json\/wp\/v2\/types\/product"}],"replies":[{"embeddable":true,"href":"https:\/\/www.qualitester.com\/tr\/wp-json\/wp\/v2\/comments?post=6644"}],"version-history":[{"count":0,"href":"https:\/\/www.qualitester.com\/tr\/wp-json\/wp\/v2\/product\/6644\/revisions"}],"wp:featuredmedia":[{"embeddable":true,"href":"https:\/\/www.qualitester.com\/tr\/wp-json\/wp\/v2\/media\/6646"}],"wp:attachment":[{"href":"https:\/\/www.qualitester.com\/tr\/wp-json\/wp\/v2\/media?parent=6644"}],"wp:term":[{"taxonomy":"product_cat","embeddable":true,"href":"https:\/\/www.qualitester.com\/tr\/wp-json\/wp\/v2\/product_cat?post=6644"},{"taxonomy":"product_tag","embeddable":true,"href":"https:\/\/www.qualitester.com\/tr\/wp-json\/wp\/v2\/product_tag?post=6644"}],"curies":[{"name":"wp","href":"https:\/\/api.w.org\/{rel}","templated":true}]}}