{"id":6452,"date":"2025-02-08T15:47:12","date_gmt":"2025-02-08T07:47:12","guid":{"rendered":"https:\/\/www.qualitester.com\/?post_type=product&#038;p=6452"},"modified":"2025-05-12T11:05:55","modified_gmt":"2025-05-12T03:05:55","slug":"syringe-needle-break-resistance-testing","status":"publish","type":"product","link":"https:\/\/www.qualitester.com\/tr\/urun\/syringe-needle-break-resistance-testing\/","title":{"rendered":"NTT-01 \u015e\u0131r\u0131nga \u0130\u011fnesi K\u0131r\u0131lma Direnci Test Cihaz\u0131"},"content":{"rendered":"<h2><strong>\u015e\u0131r\u0131nga \u0130\u011fnesi K\u0131r\u0131lma Direnci Testine Giri\u015f<\/strong><\/h2>\n<p>\u015e\u0131r\u0131nga i\u011fnesi k\u0131r\u0131lma direnci testi, hipodermik i\u011fnelerin g\u00fcvenli\u011fini ve etkinli\u011fini sa\u011flamada \u00e7ok \u00f6nemli bir rol oynar. \u0130\u011fneler, takma ve \u00e7\u0131karma dahil olmak \u00fczere t\u0131bbi prosed\u00fcrler s\u0131ras\u0131nda kar\u015f\u0131la\u015f\u0131lan mekanik gerilimlere dayanmal\u0131d\u0131r. Kullan\u0131m s\u0131ras\u0131nda k\u0131r\u0131lan bir i\u011fne, yaralanma veya kontaminasyon gibi ciddi sa\u011fl\u0131k risklerine yol a\u00e7abilir, bu da i\u011fne k\u0131r\u0131lma direncinin test edilmesini kalite kontrol s\u00fcrecinin hayati bir par\u00e7as\u0131 haline getirir.<\/p>\n<p>\u015e\u0131r\u0131nga i\u011fnesi testi i\u00e7in en yayg\u0131n kabul g\u00f6ren standartlardan biri \u015fudur <a href=\"https:\/\/www.qualitester.com\/tr\/standards\/iso-9626\/\" target=\"_blank\" rel=\"noopener\"><strong>ISO 9626<\/strong><\/a>. Bu uluslararas\u0131 standart, k\u0131r\u0131lmaya kar\u015f\u0131 diren\u00e7lerini de\u011ferlendirmek i\u00e7in \u00f6zel test y\u00f6ntemleri de dahil olmak \u00fczere hipodermik i\u011fnelerin malzemeleri, boyutlar\u0131 ve mekanik \u00f6zelliklerine ili\u015fkin gereklilikleri ana hatlar\u0131yla belirtir. \u00dcreticiler ISO 9626'ya ba\u011fl\u0131 kalarak i\u011fnelerinin g\u00fcvenlik standartlar\u0131n\u0131 kar\u015f\u0131lamas\u0131n\u0131 ve t\u0131bbi kullan\u0131ma uygun olmas\u0131n\u0131 sa\u011flar.<\/p>\n<h2><strong>ISO 9626 ve \u015e\u0131r\u0131nga \u0130\u011fne Testini Anlamak<\/strong><\/h2>\n<h3><strong>ISO 9626'ya Genel Bak\u0131\u015f<\/strong><\/h3>\n<p><strong>ISO 9626:2016<\/strong> hipodermik i\u011fnelerin boyutlar\u0131, malzemeleri ve performans\u0131 i\u00e7in spesifikasyonlar sa\u011flayan uluslararas\u0131 bir standartt\u0131r. Standart, i\u011fnelerin tipik t\u0131bbi prosed\u00fcrler s\u0131ras\u0131nda kar\u015f\u0131la\u015f\u0131lan kuvvetlere dayanabilecek malzemeler kullan\u0131larak hassas toleranslara g\u00f6re \u00fcretilmesini sa\u011flar.<\/p>\n<p>\u00d6zellikle de, <strong>ISO 9626<\/strong> normal \u00e7al\u0131\u015fma ko\u015fullar\u0131 alt\u0131nda i\u011fnelerin dayan\u0131kl\u0131l\u0131\u011f\u0131n\u0131 sa\u011flamak i\u00e7in kritik \u00f6neme sahip olan i\u011fnelerin k\u0131r\u0131lmaya kar\u015f\u0131 direncine y\u00f6nelik test y\u00f6ntemlerini belirtir. Bu testler, i\u011fne ar\u0131zas\u0131na yol a\u00e7abilecek yap\u0131sal zay\u0131fl\u0131klar\u0131n belirlenmesine yard\u0131mc\u0131 olur ve b\u00f6ylece kullan\u0131m s\u0131ras\u0131nda olas\u0131 yaralanmalar\u0131 veya komplikasyonlar\u0131 \u00f6nler.<\/p>\n<h3><strong>ISO 9626: Ek C (K\u0131r\u0131lmaya Kar\u015f\u0131 Diren\u00e7 i\u00e7in Test Y\u00f6ntemi)<\/strong><\/h3>\n<p>Bu <strong>k\u0131r\u0131lmaya kar\u015f\u0131 diren\u00e7 i\u00e7in test y\u00f6ntemi<\/strong> i\u00e7inde a\u00e7\u0131klanan <strong>Ek C<\/strong> ISO 9626, t\u0131bbi prosed\u00fcrler s\u0131ras\u0131nda hipodermik i\u011fnelerin maruz kald\u0131\u011f\u0131 mekanik stresleri sim\u00fcle etmeye odaklanm\u0131\u015ft\u0131r. Bu test, tekrarlanan stres d\u00f6ng\u00fcleri alt\u0131nda k\u0131r\u0131lmaya kar\u015f\u0131 direncini belirlemek i\u00e7in i\u011fne hortumunun belirli a\u00e7\u0131larda b\u00fck\u00fclmesini i\u00e7erir.<\/p>\n<h4><strong>Test Prensibi<\/strong><\/h4>\n<p>Test, i\u011fne hortumunun bir ucunun sabitlenmesi ve kar\u015f\u0131 uca belirli bir mesafeden b\u00fckme kuvveti uygulanmas\u0131yla ba\u015flar. Kuvvet, i\u011fne hortumunun bir y\u00f6nde veya her iki y\u00f6nde de a\u00e7\u0131l\u0131 olarak b\u00fck\u00fclmesine neden olur ve hortum birden fazla b\u00fck\u00fclme d\u00f6ng\u00fcs\u00fcne maruz kal\u0131r. Test, i\u011fnenin k\u0131r\u0131lmadan mekanik gerilime dayan\u0131p dayanamayaca\u011f\u0131n\u0131n belirlenmesine yard\u0131mc\u0131 olur.<\/p>\n<h4><strong>Test Parametreleri<\/strong><\/h4>\n<p>Test i\u00e7in temel parametreler \u015funlard\u0131r:<\/p>\n<ul>\n<li><strong>B\u00fckme A\u00e7\u0131s\u0131<\/strong>: \u0130\u011fneler normal duvarl\u0131 borular i\u00e7in 25\u00b0, ince duvarl\u0131 borular i\u00e7in 20\u00b0 ve ekstra ince duvarl\u0131 veya ultra ince duvarl\u0131 borular i\u00e7in 15\u00b0 a\u00e7\u0131yla b\u00fck\u00fcl\u00fcr.<\/li>\n<li><strong>Test Frekans\u0131<\/strong>: B\u00fckme i\u015flemi, kullan\u0131m s\u0131ras\u0131nda ya\u015fanan gerilimleri sim\u00fcle edecek \u015fekilde 0,5 Hz h\u0131z\u0131nda tekrarlan\u0131r.<\/li>\n<\/ul>\n<p>Test 20 tam d\u00f6ng\u00fc boyunca ger\u00e7ekle\u015ftirilir ve g\u00f6zle g\u00f6r\u00fcl\u00fcr k\u0131r\u0131lma belirtileri kaydedilir. Bu, i\u011fnede ger\u00e7ek d\u00fcnyadaki t\u0131bbi uygulamalarda ar\u0131zaya yol a\u00e7abilecek zay\u0131f noktalar\u0131n belirlenmesine yard\u0131mc\u0131 olur.<\/p>\n<h2><strong>NTT-01 \u0130\u011fne Toklu\u011fu Test Cihaz\u0131: \u00d6zellikleri ve Faydalar\u0131<\/strong><\/h2>\n<p>Bu <strong>NTT-01 \u0130\u011fne Toklu\u011fu Test Cihaz\u0131<\/strong> \u015f\u0131r\u0131nga i\u011fnesi k\u0131r\u0131lma direnci testlerini a\u015fa\u011f\u0131dakilere tam olarak uygun \u015fekilde ger\u00e7ekle\u015ftirmek i\u00e7in tasarlanm\u0131\u015ft\u0131r <strong>ISO 9626<\/strong>. Bu alet, hipodermik i\u011fnelerin mekanik dayan\u0131kl\u0131l\u0131\u011f\u0131n\u0131 de\u011ferlendirmek ve kullan\u0131m s\u0131ras\u0131nda kar\u015f\u0131la\u015f\u0131lan b\u00fck\u00fclme kuvvetlerine dayanabilmelerini sa\u011flamak i\u00e7in \u00e7ok \u00f6nemlidir.<\/p>\n<h3><strong>\u00c7al\u0131\u015fma Mekanizmas\u0131<\/strong><\/h3>\n<p>NTT-01 \u0130\u011fne Toklu\u011fu Test Cihaz\u0131, i\u011fne hortumunun bir ucunu yerinde sabitlerken, hortumu b\u00fckmek i\u00e7in belirli bir mesafeden bir kuvvet uygulayarak \u00e7al\u0131\u015f\u0131r. Bu kuvvet her iki y\u00f6nde de uygulanarak i\u011fnenin tak\u0131lmas\u0131 ve \u00e7\u0131kar\u0131lmas\u0131 s\u0131ras\u0131nda kar\u015f\u0131la\u015faca\u011f\u0131 ko\u015fullar sim\u00fcle edilir. Test, i\u011fnenin k\u0131r\u0131lmadan tekrarlayan gerilimlere dayanma kabiliyetini \u00f6l\u00e7mek i\u00e7in d\u00f6ng\u00fcler halinde ger\u00e7ekle\u015ftirilir.<\/p>\n<h3><strong>Test Modlar\u0131<\/strong><\/h3>\n<p>NTT-01, a\u015fa\u011f\u0131dakilerin her ikisini de sunarak testlerde esneklik sa\u011flar <strong>tek y\u00f6nl\u00fc<\/strong> ve <strong>iki y\u00f6nl\u00fc b\u00fckme<\/strong> modlar\u0131. Bu, ISO 9626\u2019n\u0131n gereksinimlerini kar\u015f\u0131lamak i\u00e7in gerekli olan farkl\u0131 ko\u015fullar alt\u0131nda i\u011fne dayan\u0131kl\u0131l\u0131\u011f\u0131n\u0131n kapsaml\u0131 bir \u015fekilde de\u011ferlendirilmesine olanak tan\u0131r.<\/p>\n<h3><strong>Temel \u00d6zellikler<\/strong><\/h3>\n<ul>\n<li><strong>PLC Kontroll\u00fc Sistem<\/strong>: NTT-01, programlanabilir bir mant\u0131k denetleyicisi (PLC) ve 7 in\u00e7lik bir HMI dokunmatik ekran ile donat\u0131lm\u0131\u015ft\u0131r, bu da test parametrelerinin \u00e7al\u0131\u015ft\u0131r\u0131lmas\u0131n\u0131 ve kontrol edilmesini kolayla\u015ft\u0131r\u0131r.<\/li>\n<li><strong>De\u011fi\u015fken Test H\u0131z\u0131<\/strong>: Cihaz, testin \u00f6zel ihtiya\u00e7lar\u0131na g\u00f6re ayarlanabilen test h\u0131z\u0131n\u0131n hassas bir \u015fekilde kontrol edilmesini sa\u011flar.<\/li>\n<li><strong>Otomatik Geri D\u00f6n\u00fc\u015f<\/strong>: Elektrik kesintisi durumunda, sistem otomatik olarak \u00f6nceki konumuna geri d\u00f6ner ve testte s\u00fcreklilik sa\u011flar.<\/li>\n<li><strong>ISO 9626 ile Uyumluluk<\/strong>: NTT-01, ISO 9626 Ek C ile uyumludur, bu da onu \u015f\u0131r\u0131nga i\u011fnesi k\u0131r\u0131lma direnci testlerini ger\u00e7ekle\u015ftirmek i\u00e7in g\u00fcvenilir bir ara\u00e7 haline getirir.<\/li>\n<\/ul>\n<h2><strong>\u015e\u0131r\u0131nga \u0130\u011fnesi K\u0131r\u0131lma Direnci Testinin Faydalar\u0131<\/strong><\/h2>\n<h3><strong>Geli\u015ftirilmi\u015f \u00dcr\u00fcn G\u00fcvenli\u011fi<\/strong><\/h3>\n<p>\u00dcreticiler, \u015f\u0131r\u0131nga i\u011fnesi k\u0131r\u0131lma direnci testi yaparak i\u011fnelerinin t\u0131bbi prosed\u00fcrlerin stresine dayanacak kadar dayan\u0131kl\u0131 oldu\u011fundan emin olabilirler. Bu da hastalar\u0131n veya sa\u011fl\u0131k \u00e7al\u0131\u015fanlar\u0131n\u0131n yaralanmas\u0131na yol a\u00e7abilecek i\u011fne k\u0131r\u0131lmas\u0131 riskini azalt\u0131r.<\/p>\n<h3><strong>Kalite G\u00fcvence<\/strong><\/h3>\n<p>\u015e\u0131r\u0131nga i\u011fnesi k\u0131r\u0131lma direnci testi, \u00fcreticilerin a\u015fa\u011f\u0131dakiler gibi yasal gereklilikleri ve kalite standartlar\u0131n\u0131 kar\u015f\u0131lamas\u0131na yard\u0131mc\u0131 olur <strong>ISO 9626<\/strong>. \u00dcreticiler bu standartlara ba\u011fl\u0131 kalarak \u00fcr\u00fcnlerinin tutarl\u0131, g\u00fcvenilir ve t\u0131bbi ortamlarda kullan\u0131m i\u00e7in g\u00fcvenli olmas\u0131n\u0131 sa\u011flayabilirler.<\/p>\n<h3><strong>Maliyet Tasarrufu<\/strong><\/h3>\n<p>K\u0131r\u0131lma direnci testi, i\u011fneler piyasaya \u00e7\u0131kmadan \u00f6nce olas\u0131 kusurlar\u0131 tespit ederek \u00fcreticilerin maliyetli geri \u00e7a\u011f\u0131rmalardan veya yasal sorunlardan ka\u00e7\u0131nmas\u0131na yard\u0131mc\u0131 olabilir. Bu proaktif yakla\u015f\u0131m, y\u00fcksek kaliteli, dayan\u0131kl\u0131 \u00fcr\u00fcnlerin piyasaya s\u00fcr\u00fclmesini sa\u011flayarak uzun vadede para tasarrufu sa\u011flar.<\/p>\n<h2><strong>\u015e\u0131r\u0131nga \u0130\u011fnesi K\u0131r\u0131lma Direnci Testi i\u00e7in Temel Standartlar<\/strong><\/h2>\n<p>Ek olarak <a href=\"https:\/\/www.iso.org\/standard\/60480.html\" target=\"_blank\" rel=\"noopener nofollow\"><strong>ISO 9626<\/strong><\/a>, dahil olmak \u00fczere, \u015f\u0131r\u0131nga i\u011fnesi testini d\u00fczenleyen ba\u015fka ilgili standartlar da vard\u0131r:<\/p>\n<ul>\n<li><strong>GB\/T 18457<\/strong>: \u0130\u011fnelerin k\u0131r\u0131lmaya kar\u015f\u0131 direncini test etmeye y\u00f6nelik bir \u00c7in standard\u0131 olup, a\u015fa\u011f\u0131daki standartlarla yak\u0131ndan uyumludur <strong>ISO 9626<\/strong>.<\/li>\n<li><strong>ASTM F2922<\/strong>: K\u0131r\u0131lmaya kar\u015f\u0131 diren\u00e7 de dahil olmak \u00fczere i\u011fnelerin mekanik \u00f6zelliklerinin test edilmesi i\u00e7in bir standart.<\/li>\n<\/ul>\n<p>Bu standartlar, hipodermik i\u011fnelerin performans\u0131 i\u00e7in bir \u00f6l\u00e7\u00fct olu\u015fturmaya yard\u0131mc\u0131 olur ve g\u00fcvenlik ve g\u00fcvenilirlik i\u00e7in gerekli \u00f6zellikleri kar\u015f\u0131lamalar\u0131n\u0131 sa\u011flar.<\/p>\n<h2><strong>Sonu\u00e7<\/strong><\/h2>\n<p>\u015e\u0131r\u0131nga i\u011fnesi k\u0131r\u0131lma direnci testi, hipodermik i\u011fnelerin dayan\u0131kl\u0131l\u0131\u011f\u0131n\u0131 ve g\u00fcvenli\u011fini sa\u011flamak i\u00e7in hayati bir s\u00fcre\u00e7tir. A\u015fa\u011f\u0131dakilere ba\u011fl\u0131 kalarak <strong>ISO 9626<\/strong> gibi ara\u00e7lar\u0131 kullanarak <strong>NTT-01 \u0130\u011fne Toklu\u011fu Test Cihaz\u0131<\/strong>, \u00fcreticiler, i\u011fnelerinin en y\u00fcksek g\u00fcvenlik standartlar\u0131n\u0131 kar\u015f\u0131lad\u0131\u011f\u0131ndan ve t\u0131bbi prosed\u00fcrler s\u0131ras\u0131nda g\u00fcvenilir bir \u015fekilde \u00e7al\u0131\u015ft\u0131\u011f\u0131ndan emin olabilirler. Bu test sadece hastalar\u0131 korumakla kalmaz, ayn\u0131 zamanda \u00fcreticilerin end\u00fcstri y\u00f6netmeliklerine uygun kalmas\u0131n\u0131 da sa\u011flar.<\/p>\n<p>Daha fazla bilgi i\u00e7in <strong>NTT-01 \u0130\u011fne Toklu\u011fu Test Cihaz\u0131<\/strong> ve \u015f\u0131r\u0131nga i\u011fnelerinizin kalitesini art\u0131rmaya nas\u0131l yard\u0131mc\u0131 olabilece\u011fini \u00f6\u011frenmek i\u00e7in bug\u00fcn bizimle ileti\u015fime ge\u00e7in.<\/p>\n<h2><strong>SSS B\u00f6l\u00fcm\u00fc<\/strong><\/h2>\n<ol>\n<li><strong>\u015e\u0131r\u0131nga i\u011fnesi k\u0131r\u0131lma direnci testi nedir?<\/strong>\n<ul>\n<li>\u015e\u0131r\u0131nga i\u011fnesi k\u0131r\u0131lma direnci testi, k\u0131r\u0131lmay\u0131 \u00f6nlemek i\u00e7in i\u011fnenin takma ve \u00e7\u0131karma s\u0131ras\u0131nda mekanik gerilime dayanma kabiliyetini de\u011ferlendirir.<\/li>\n<\/ul>\n<\/li>\n<li><strong>ISO 9626'n\u0131n \u015f\u0131r\u0131nga i\u011fnesi testi ile ili\u015fkisi nedir?<\/strong>\n<ul>\n<li>ISO 9626, k\u0131r\u0131lma direnci i\u00e7in test y\u00f6ntemleri de dahil olmak \u00fczere hipodermik i\u011fnelerin boyutlar\u0131, malzemeleri ve mekanik \u00f6zellikleri i\u00e7in standartlar\u0131 belirler.<\/li>\n<\/ul>\n<\/li>\n<li><strong>NTT-01 \u0130\u011fne Toklu\u011fu Test Cihaz\u0131 nedir?<\/strong>\n<ul>\n<li>NTT-01 \u0130\u011fne Toklu\u011fu Test Cihaz\u0131, ISO 9626'n\u0131n gerektirdi\u011fi b\u00fckme testini ger\u00e7ekle\u015ftirmek i\u00e7in kullan\u0131lan ve hipodermik i\u011fnelerin k\u0131r\u0131lma direncini sa\u011flayan bir makinedir.<\/li>\n<\/ul>\n<\/li>\n<li><strong>\u015e\u0131r\u0131nga i\u011fnesi k\u0131r\u0131lma direnci testini nas\u0131l yapars\u0131n\u0131z?<\/strong>\n<ul>\n<li>Test, stres alt\u0131nda dayan\u0131kl\u0131l\u0131\u011f\u0131n\u0131 de\u011ferlendirmek i\u00e7in i\u011fne borusunun belirli bir a\u00e7\u0131 ve frekansta, bir veya iki y\u00f6nde b\u00fck\u00fclmesini i\u00e7erir.<\/li>\n<\/ul>\n<\/li>\n<li><strong>\u015e\u0131r\u0131nga i\u011fnesi k\u0131r\u0131lma direnci testinin faydalar\u0131 nelerdir?<\/strong>\n<ul>\n<li>Test, i\u011fne g\u00fcvenli\u011fini sa\u011flar, yaralanmalar\u0131 \u00f6nler ve \u00fcreticilerin end\u00fcstri standartlar\u0131n\u0131 ve d\u00fczenleyici gereklilikleri kar\u015f\u0131lamas\u0131na yard\u0131mc\u0131 olur.<\/li>\n<\/ul>\n<\/li>\n<\/ol>","protected":false},"excerpt":{"rendered":"<p>Introduction to Syringe Needle Break Resistance Testing Syringe needle break resistance testing plays a crucial role in ensuring the safety and effectiveness of hypodermic needles. Needles must withstand the mechanical stresses encountered during medical procedures, including insertion and withdrawal. A needle that breaks during use can lead to serious health risks such as injury or &hellip;<\/p>\n<p class=\"read-more\"> <a class=\"\" href=\"https:\/\/www.qualitester.com\/tr\/urun\/syringe-needle-break-resistance-testing\/\"> <span class=\"screen-reader-text\">NTT-01 \u015e\u0131r\u0131nga \u0130\u011fnesi K\u0131r\u0131lma Direnci Test Cihaz\u0131<\/span> Devam\u0131 \"<\/a><\/p>","protected":false},"featured_media":6453,"comment_status":"closed","ping_status":"closed","template":"","meta":{"site-sidebar-layout":"default","site-content-layout":"default","ast-global-header-display":"","ast-main-header-display":"","ast-hfb-above-header-display":"","ast-hfb-below-header-display":"","ast-hfb-mobile-header-display":"","site-post-title":"","ast-breadcrumbs-content":"","ast-featured-img":"","footer-sml-layout":"","theme-transparent-header-meta":"default","adv-header-id-meta":"","stick-header-meta":"","header-above-stick-meta":"","header-main-stick-meta":"","header-below-stick-meta":""},"product_cat":[1181,1180,1179,149],"product_tag":[],"class_list":{"0":"post-6452","1":"product","2":"type-product","3":"status-publish","4":"has-post-thumbnail","6":"product_cat-gb-t-18457","7":"product_cat-iso-9626","8":"product_cat-needle-toughness-tester","9":"product_cat-pharma-and-medical-testers","10":"desktop-align-left","11":"tablet-align-left","12":"mobile-align-left","14":"first","15":"instock","16":"shipping-taxable","17":"product-type-simple"},"_links":{"self":[{"href":"https:\/\/www.qualitester.com\/tr\/wp-json\/wp\/v2\/product\/6452","targetHints":{"allow":["GET"]}}],"collection":[{"href":"https:\/\/www.qualitester.com\/tr\/wp-json\/wp\/v2\/product"}],"about":[{"href":"https:\/\/www.qualitester.com\/tr\/wp-json\/wp\/v2\/types\/product"}],"replies":[{"embeddable":true,"href":"https:\/\/www.qualitester.com\/tr\/wp-json\/wp\/v2\/comments?post=6452"}],"version-history":[{"count":0,"href":"https:\/\/www.qualitester.com\/tr\/wp-json\/wp\/v2\/product\/6452\/revisions"}],"wp:featuredmedia":[{"embeddable":true,"href":"https:\/\/www.qualitester.com\/tr\/wp-json\/wp\/v2\/media\/6453"}],"wp:attachment":[{"href":"https:\/\/www.qualitester.com\/tr\/wp-json\/wp\/v2\/media?parent=6452"}],"wp:term":[{"taxonomy":"product_cat","embeddable":true,"href":"https:\/\/www.qualitester.com\/tr\/wp-json\/wp\/v2\/product_cat?post=6452"},{"taxonomy":"product_tag","embeddable":true,"href":"https:\/\/www.qualitester.com\/tr\/wp-json\/wp\/v2\/product_tag?post=6452"}],"curies":[{"name":"wp","href":"https:\/\/api.w.org\/{rel}","templated":true}]}}