{"id":5394,"date":"2024-11-18T10:48:02","date_gmt":"2024-11-18T02:48:02","guid":{"rendered":"https:\/\/www.qualitester.com\/?post_type=product&#038;p=5394"},"modified":"2024-11-18T10:48:04","modified_gmt":"2024-11-18T02:48:04","slug":"sale-rolling-ball-tack-tester","status":"publish","type":"product","link":"https:\/\/www.qualitester.com\/tr\/urun\/sale-rolling-ball-tack-tester\/","title":{"rendered":"BTT Yuvarlanan Bilye Tack Test Cihaz\u0131"},"content":{"rendered":"<h2><strong>Yuvarlanan Bilye Tack Test Cihaz\u0131na Giri\u015f<\/strong><\/h2>\n<p>Bu <strong>Yuvarlanan Top Tack Test Cihaz\u0131<\/strong> bas\u0131nca duyarl\u0131 yap\u0131\u015ft\u0131r\u0131c\u0131lar\u0131n (PSA'lar) yap\u0131\u015fkanl\u0131\u011f\u0131n\u0131 de\u011ferlendirmek i\u00e7in \u00f6nemli bir ara\u00e7t\u0131r. Basit ve tekrarlanabilir bir test y\u00f6ntemi kullanarak yap\u0131\u015ft\u0131r\u0131c\u0131n\u0131n bir y\u00fczeye h\u0131zl\u0131 bir \u015fekilde yap\u0131\u015fma kabiliyetini \u00f6l\u00e7er. Bu test cihaz\u0131, tutarl\u0131 yap\u0131\u015ft\u0131r\u0131c\u0131 performans\u0131n\u0131n kritik oldu\u011fu ambalaj, t\u0131bbi cihazlar, elektronik ve yap\u0131\u015ft\u0131r\u0131c\u0131 \u00fcretimi gibi sekt\u00f6rlerde yayg\u0131n olarak kullan\u0131lmaktad\u0131r. Kalite kontrol i\u00e7in tasarlanan yuvarlanan bilye yap\u0131\u015fma testi, partiden partiye de\u011fi\u015fikliklerin hassas bir \u015fekilde tespit edilmesini sa\u011flayarak y\u00fcksek \u00fcr\u00fcn standartlar\u0131n\u0131n korunmas\u0131 i\u00e7in vazge\u00e7ilmezdir.<\/p>\n<h2><strong>Yuvarlanan Bilye Tack Test Cihaz\u0131n\u0131n Temel \u00d6zellikleri<\/strong><\/h2>\n<ul>\n<li><strong>Do\u011fru ve Tekrarlanabilir Sonu\u00e7lar:<\/strong> Laboratuvar kullan\u0131m\u0131 i\u00e7in tasarlanm\u0131\u015ft\u0131r ve yap\u0131\u015fkan varyasyonlar\u0131n\u0131n g\u00fcvenilir bir \u015fekilde tespit edilmesini sa\u011flar.<\/li>\n<li><strong>\u0130ki Sa\u011flam Model:<\/strong>\n<ul>\n<li><strong>BTT-01 Sert Tip:<\/strong> 7\/16 in\u00e7 (11,1 mm) \u00e7elik bilyenin yap\u0131\u015ft\u0131r\u0131c\u0131 \u00fczerinde yuvarlanmas\u0131n\u0131 sa\u011flamak i\u00e7in e\u011fimli bir oluk ve serbest b\u0131rakma koluna sahiptir.<\/li>\n<li><strong>BTT-02 E\u011fimli Tip:<\/strong> Esnek test kurulumlar\u0131 ve geli\u015fmi\u015f \u00e7ok y\u00f6nl\u00fcl\u00fck i\u00e7in ayarlanabilir e\u011fimli plakalarla (20\u00b0, 30\u00b0 veya 40\u00b0) birlikte gelir.<\/li>\n<\/ul>\n<\/li>\n<li><strong>Kullan\u0131m Kolayl\u0131\u011f\u0131:<\/strong> \u00c7al\u0131\u015ft\u0131rmak i\u00e7in minimum e\u011fitim gerekir, bu da h\u0131zl\u0131 ve uygun maliyetli kalite kontrol\u00fc i\u00e7in idealdir.<\/li>\n<\/ul>\n<h3>Ana Parametre<\/h3>\n<h4>BTT-01<\/h4>\n<table>\n<tbody>\n<tr>\n<td width=\"167\">Teknenin Uzunlu\u011fu<\/td>\n<td width=\"167\">6,5 in\u00e7<\/td>\n<\/tr>\n<tr>\n<td width=\"167\">E\u011fim A\u00e7\u0131s\u0131<\/td>\n<td width=\"167\">21.3\u00b0<\/td>\n<\/tr>\n<tr>\n<td width=\"167\">Yuvarlanan Top<\/td>\n<td width=\"167\">7\/16 in\u00e7 (No. 14)<\/td>\n<\/tr>\n<tr>\n<td width=\"167\">Boyut<\/td>\n<td width=\"167\">210*50*80mm LWH<\/td>\n<\/tr>\n<tr>\n<td width=\"167\">A\u011f\u0131rl\u0131k<\/td>\n<td width=\"167\">0,5 kg<\/td>\n<\/tr>\n<\/tbody>\n<\/table>\n<h4>BTT-02<\/h4>\n<table>\n<tbody>\n<tr>\n<td width=\"167\">E\u011fik A\u00e7\u0131<\/td>\n<td width=\"167\">0~60\u00b0<\/td>\n<\/tr>\n<tr>\n<td width=\"167\">Test Alan\u0131 Geni\u015fli\u011fi<\/td>\n<td width=\"167\">120 mm<\/td>\n<\/tr>\n<tr>\n<td width=\"167\">Yuvarlanan Top<\/td>\n<td width=\"167\">1\/32~1 in\u00e7<\/td>\n<\/tr>\n<tr>\n<td width=\"167\">Boyut<\/td>\n<td width=\"167\">320*140*180mm LWH<\/td>\n<\/tr>\n<tr>\n<td width=\"167\">A\u011f\u0131rl\u0131k<\/td>\n<td width=\"167\">6kg<\/td>\n<\/tr>\n<\/tbody>\n<\/table>\n<h2><strong>Yuvarlanan Bilye Yap\u0131\u015ft\u0131rma Test Cihaz\u0131 Uygulamalar\u0131<\/strong><\/h2>\n<p>Test cihaz\u0131, a\u015fa\u011f\u0131dakiler de dahil olmak \u00fczere \u00e7e\u015fitli end\u00fcstrilerde yayg\u0131n olarak kullan\u0131lmaktad\u0131r:<\/p>\n<ul>\n<li><strong>Paketleme:<\/strong> Etiketlerin ve m\u00fch\u00fcrlerin tutarl\u0131 bir \u015fekilde yap\u0131\u015fmas\u0131n\u0131 sa\u011flar.<\/li>\n<li><strong>Yap\u0131\u015ft\u0131r\u0131c\u0131 \u0130malat\u0131:<\/strong> Bas\u0131nca duyarl\u0131 yap\u0131\u015fkan bantlar\u0131n ve filmlerin performans\u0131n\u0131 onaylar.<\/li>\n<li><strong>Elektronik:<\/strong> Cihaz montaj\u0131 i\u00e7in yap\u0131\u015ft\u0131r\u0131c\u0131lar\u0131 de\u011ferlendirir.<\/li>\n<li><strong>T\u0131bbi Cihazlar:<\/strong> G\u00fcvenli yap\u0131\u015ft\u0131rma i\u00e7in yap\u0131\u015ft\u0131r\u0131c\u0131 g\u00fcvenilirli\u011fini do\u011frular.<\/li>\n<\/ul>\n<h2><strong>Yuvarlanan Bilye Tack Testi i\u00e7in \u0130lgili Standartlar<\/strong><\/h2>\n<p>Bu <strong>Yuvarlanan Top Tack Test Cihaz\u0131<\/strong> a\u015fa\u011f\u0131daki temel standartlara uygundur:<\/p>\n<ul>\n<li><strong><a href=\"https:\/\/pstc.org\/resources\/test-methods\/\" target=\"_blank\" rel=\"noopener nofollow\">PSTC-6<\/a>:<\/strong> Yap\u0131\u015ft\u0131r\u0131c\u0131lar\u0131n kar\u015f\u0131la\u015ft\u0131rmal\u0131 yap\u0131\u015fkanl\u0131k \u00f6l\u00e7\u00fcm\u00fcne odaklanarak kalite kontrol uygulamalar\u0131 i\u00e7in net k\u0131lavuzlar sa\u011flar.<\/li>\n<li><strong><a href=\"https:\/\/www.astm.org\/d3121-17.html\" target=\"_blank\" rel=\"noopener nofollow\">ASTM D3121<\/a>:<\/strong> Yap\u0131\u015fkanl\u0131\u011f\u0131n belirlenmesi i\u00e7in yuvarlanan bilye y\u00f6ntemini belirtir, yap\u0131\u015ft\u0131r\u0131c\u0131 de\u011ferlendirmesinde tekrarlanabilirlik ve hassasiyet sa\u011flar.<\/li>\n<li><strong>JIS Z0237:<\/strong> Yap\u0131\u015ft\u0131r\u0131c\u0131 tutunma testi i\u00e7in Japon End\u00fcstriyel Standard\u0131, test sonu\u00e7lar\u0131nda tekd\u00fczelik ve do\u011frulu\u011fu vurgular.<br \/>\nBu standartlar sa\u011flam bir \u00e7er\u00e7eve olu\u015fturarak test cihaz\u0131n\u0131 d\u00fcnya \u00e7ap\u0131nda yap\u0131\u015fkan kalite g\u00fcvencesi i\u00e7in g\u00fcvenilir bir ara\u00e7 haline getirmektedir.<\/li>\n<\/ul>\n<h2><strong>Test Metodolojisi<\/strong><\/h2>\n<ol>\n<li><strong>Yap\u0131\u015ft\u0131r\u0131c\u0131 \u00d6rne\u011fini Haz\u0131rlay\u0131n:<\/strong> Yap\u0131\u015fkan filmi veya alt tabakay\u0131 test y\u00fczeyine sabitleyin.<\/li>\n<li><strong>E\u011fim A\u00e7\u0131s\u0131n\u0131 ayarlay\u0131n:<\/strong> E\u011fimli plakay\u0131 istenen a\u00e7\u0131ya ayarlay\u0131n (BTT-02 i\u00e7in 20\u00b0, 30\u00b0 veya 40\u00b0).<\/li>\n<li><strong>Topu b\u0131rak:<\/strong> E\u011fimin tepesine \u00e7elik bir bilye yerle\u015ftirin ve kolu veya plakay\u0131 kullanarak serbest b\u0131rak\u0131n.<\/li>\n<li><strong>Tack Performans\u0131n\u0131 De\u011ferlendirin:<\/strong> Durmadan \u00f6nce topun kat etti\u011fi mesafeyi g\u00f6zlemleyin, bu da yap\u0131\u015ft\u0131r\u0131c\u0131n\u0131n yap\u0131\u015fma g\u00fcc\u00fcn\u00fc g\u00f6sterir.<\/li>\n<\/ol>\n<p>Bu basit ama etkili y\u00f6ntem tutarl\u0131 ve tekrarlanabilir sonu\u00e7lar sa\u011flayarak rutin kalite kontrolleri i\u00e7in idealdir.<\/p>\n<h2><strong>Yuvarlanan Bilye Yap\u0131\u015ft\u0131rma Test Cihaz\u0131n\u0131n Faydalar\u0131<\/strong><\/h2>\n<ul>\n<li><strong>H\u0131zl\u0131 ve Uygun Maliyetli:<\/strong> Minimum ekipman yat\u0131r\u0131m\u0131 gerektiren h\u0131zl\u0131 bir y\u00f6ntem.<\/li>\n<li><strong>G\u00fcvenilir Kalite Kontrol:<\/strong> Yap\u0131\u015ft\u0131r\u0131c\u0131 tutars\u0131zl\u0131klar\u0131n\u0131 etkin bir \u015fekilde tespit ederek parti kalitesini garanti eder.<\/li>\n<li><strong>Kullan\u0131m Kolayl\u0131\u011f\u0131:<\/strong> T\u00fcm deneyim seviyelerindeki operat\u00f6rler i\u00e7in uygun basit test s\u00fcreci.<\/li>\n<li><strong>Standartlarla Uyumludur:<\/strong> PSTC-6, ASTM D3121 ve JIS Z0237 gibi k\u00fcresel test normlar\u0131n\u0131 kar\u015f\u0131lar.<\/li>\n<\/ul>\n<h2><strong>Yuvarlanan Bilye Tack Testi i\u00e7in Neden Cell Instruments'\u0131 Se\u00e7melisiniz?<\/strong><\/h2>\n<p>Malzeme test cihazlar\u0131 alan\u0131nda lider bir \u00fcretici olan Cell Instruments, ihtiya\u00e7lar\u0131n\u0131za g\u00f6re uyarlanm\u0131\u015f en kaliteli \u00e7\u00f6z\u00fcmleri sunar. Bizim <strong>BTT-01<\/strong> ve <strong>BTT-02 Yuvarlanan Bilye Tack Test Cihazlar\u0131<\/strong> uluslararas\u0131 standartlara uyarken hassas sonu\u00e7lar verecek \u015fekilde tasarlanm\u0131\u015ft\u0131r. \u00d6zelle\u015ftirme ve otomasyon konusundaki uzmanl\u0131\u011f\u0131m\u0131zla, \u00fcr\u00fcnlerimizin \u00f6zel test gereksinimlerinizi kar\u015f\u0131lamas\u0131n\u0131 sa\u011fl\u0131yoruz. Yap\u0131\u015ft\u0131r\u0131c\u0131 performans\u0131 ve kalite g\u00fcvencesinde y\u00fcksek standartlar\u0131 koruman\u0131za yard\u0131mc\u0131 olmak i\u00e7in bize g\u00fcvenin.<\/p>\n<h2><strong>Yuvarlanan Bilye Tack Testi hakk\u0131nda SSS<\/strong><\/h2>\n<ol>\n<li><strong>Yap\u0131\u015ft\u0131r\u0131c\u0131 end\u00fcstrisinde \u2018yap\u0131\u015fkanl\u0131k\u2019 nedir?<\/strong>\n<ul>\n<li>Yap\u0131\u015fma, bir yap\u0131\u015ft\u0131r\u0131c\u0131n\u0131n minimum bas\u0131n\u00e7la temastan hemen sonra \u00f6l\u00e7\u00fclebilir g\u00fc\u00e7te bir ba\u011f olu\u015fturma \u00f6zelli\u011fini ifade eder.<\/li>\n<\/ul>\n<\/li>\n<li><strong>Yuvarlanan top yap\u0131\u015fma testinin di\u011fer yap\u0131\u015fma testlerinden fark\u0131 nedir?<\/strong>\n<ul>\n<li>Yuvarlanan bir topun yap\u0131\u015ft\u0131r\u0131c\u0131 \u00fczerinde ne kadar ilerledi\u011fini g\u00f6zlemleyerek yap\u0131\u015fmay\u0131 de\u011ferlendiren kar\u015f\u0131la\u015ft\u0131rmal\u0131 bir y\u00f6ntemdir.<\/li>\n<\/ul>\n<\/li>\n<li><strong>Bu testten en \u00e7ok hangi sekt\u00f6rler yararlan\u0131yor?<\/strong>\n<ul>\n<li>Ambalaj, t\u0131bbi cihazlar, yap\u0131\u015ft\u0131r\u0131c\u0131 \u00fcretimi ve elektronik gibi sekt\u00f6rler kalite kontrol i\u00e7in bu teste g\u00fcvenmektedir.<\/li>\n<\/ul>\n<\/li>\n<li><strong>Ne t\u00fcr yap\u0131\u015ft\u0131r\u0131c\u0131lar test edilebilir?<\/strong>\n<ul>\n<li>Bantlar ve filmler de dahil olmak \u00fczere \u00e7o\u011fu bas\u0131nca duyarl\u0131 yap\u0131\u015ft\u0131r\u0131c\u0131 (PSA) bu y\u00f6ntem kullan\u0131larak de\u011ferlendirilebilir.<\/li>\n<\/ul>\n<\/li>\n<li><strong>PSTC-6, ASTM D3121 ve JIS Z0237 test do\u011frulu\u011funu nas\u0131l sa\u011flar?<\/strong>\n<ul>\n<li>Bu standartlar test kurulumu, y\u00fcr\u00fct\u00fclmesi ve sonu\u00e7lar\u0131n yorumlanmas\u0131 i\u00e7in kat\u0131 y\u00f6nergeler sunarak g\u00fcvenilir ve tekrarlanabilir \u00f6l\u00e7\u00fcmler yap\u0131lmas\u0131n\u0131 sa\u011flar.<\/li>\n<\/ul>\n<\/li>\n<\/ol>\n<div id=\"gtx-anchor\" style=\"position: absolute; visibility: hidden; left: 77.5156px; top: 1422.97px; width: 54.8594px; height: 19px;\"><\/div>\n<div class=\"jfk-bubble gtx-bubble\" style=\"visibility: visible; left: 90px; top: 1255px; opacity: 1;\" role=\"alertdialog\" aria-describedby=\"bubble-6\">\n<div id=\"bubble-6\" class=\"jfk-bubble-content-id\">\n<div id=\"gtx-host\" style=\"min-width: 200px; max-width: 400px;\"><\/div>\n<\/div>\n<div class=\"jfk-bubble-closebtn-id jfk-bubble-closebtn\" tabindex=\"0\" role=\"button\" aria-label=\"Kapat\"><\/div>\n<div class=\"jfk-bubble-arrow-id jfk-bubble-arrow jfk-bubble-arrowdown\" style=\"left: 105.016px;\">\n<div class=\"jfk-bubble-arrowimplbefore\"><\/div>\n<div class=\"jfk-bubble-arrowimplafter\"><\/div>\n<\/div>\n<\/div>","protected":false},"excerpt":{"rendered":"<p>Bu <strong>Yuvarlanan Top Tack Test Cihaz\u0131<\/strong> bas\u0131nca duyarl\u0131 yap\u0131\u015ft\u0131r\u0131c\u0131lar\u0131n (PSA'lar) yap\u0131\u015fkanl\u0131\u011f\u0131n\u0131 de\u011ferlendirmek i\u00e7in \u00f6nemli bir ara\u00e7t\u0131r. Basit ve tekrarlanabilir bir test y\u00f6ntemi kullanarak yap\u0131\u015ft\u0131r\u0131c\u0131n\u0131n bir y\u00fczeye h\u0131zl\u0131 bir \u015fekilde yap\u0131\u015fma kabiliyetini \u00f6l\u00e7er. Bu test cihaz\u0131, tutarl\u0131 yap\u0131\u015ft\u0131r\u0131c\u0131 performans\u0131n\u0131n kritik oldu\u011fu ambalaj, t\u0131bbi cihazlar, elektronik ve yap\u0131\u015ft\u0131r\u0131c\u0131 \u00fcretimi gibi sekt\u00f6rlerde yayg\u0131n olarak kullan\u0131lmaktad\u0131r. Kalite kontrol i\u00e7in tasarlanan yuvarlanan bilye yap\u0131\u015fma testi, partiden partiye de\u011fi\u015fikliklerin hassas bir \u015fekilde tespit edilmesini sa\u011flayarak y\u00fcksek \u00fcr\u00fcn standartlar\u0131n\u0131n korunmas\u0131 i\u00e7in vazge\u00e7ilmezdir.<\/p>","protected":false},"featured_media":5395,"comment_status":"closed","ping_status":"closed","template":"","meta":{"site-sidebar-layout":"default","site-content-layout":"default","ast-global-header-display":"","ast-main-header-display":"","ast-hfb-above-header-display":"","ast-hfb-below-header-display":"","ast-hfb-mobile-header-display":"","site-post-title":"","ast-breadcrumbs-content":"","ast-featured-img":"","footer-sml-layout":"","theme-transparent-header-meta":"default","adv-header-id-meta":"","stick-header-meta":"","header-above-stick-meta":"","header-main-stick-meta":"","header-below-stick-meta":""},"product_cat":[1115,943,1114,673],"product_tag":[],"class_list":{"0":"post-5394","1":"product","2":"type-product","3":"status-publish","4":"has-post-thumbnail","6":"product_cat-astm-d3121","7":"product_cat-ball-tack-tester","8":"product_cat-pstc-6","9":"product_cat-adhesive-tester","10":"desktop-align-left","11":"tablet-align-left","12":"mobile-align-left","14":"first","15":"instock","16":"shipping-taxable","17":"product-type-simple"},"_links":{"self":[{"href":"https:\/\/www.qualitester.com\/tr\/wp-json\/wp\/v2\/product\/5394","targetHints":{"allow":["GET"]}}],"collection":[{"href":"https:\/\/www.qualitester.com\/tr\/wp-json\/wp\/v2\/product"}],"about":[{"href":"https:\/\/www.qualitester.com\/tr\/wp-json\/wp\/v2\/types\/product"}],"replies":[{"embeddable":true,"href":"https:\/\/www.qualitester.com\/tr\/wp-json\/wp\/v2\/comments?post=5394"}],"version-history":[{"count":0,"href":"https:\/\/www.qualitester.com\/tr\/wp-json\/wp\/v2\/product\/5394\/revisions"}],"wp:featuredmedia":[{"embeddable":true,"href":"https:\/\/www.qualitester.com\/tr\/wp-json\/wp\/v2\/media\/5395"}],"wp:attachment":[{"href":"https:\/\/www.qualitester.com\/tr\/wp-json\/wp\/v2\/media?parent=5394"}],"wp:term":[{"taxonomy":"product_cat","embeddable":true,"href":"https:\/\/www.qualitester.com\/tr\/wp-json\/wp\/v2\/product_cat?post=5394"},{"taxonomy":"product_tag","embeddable":true,"href":"https:\/\/www.qualitester.com\/tr\/wp-json\/wp\/v2\/product_tag?post=5394"}],"curies":[{"name":"wp","href":"https:\/\/api.w.org\/{rel}","templated":true}]}}