{"id":5382,"date":"2024-11-15T11:14:56","date_gmt":"2024-11-15T03:14:56","guid":{"rendered":"https:\/\/www.qualitester.com\/?post_type=product&#038;p=5382"},"modified":"2024-12-05T14:22:11","modified_gmt":"2024-12-05T06:22:11","slug":"sale-packaging-vibration-testing-machine","status":"publish","type":"product","link":"https:\/\/www.qualitester.com\/tr\/urun\/sale-packaging-vibration-testing-machine\/","title":{"rendered":"VTM-01 Ambalaj Titre\u015fim Test Cihaz\u0131"},"content":{"rendered":"<h3>Ambalaj Titre\u015fim Test Cihaz\u0131na Giri\u015f<\/h3>\n<p>Bu <strong>Ambalaj Titre\u015fim Test Cihaz\u0131<\/strong> ger\u00e7ek d\u00fcnya ko\u015fullar\u0131nda ambalaj dayan\u0131kl\u0131l\u0131\u011f\u0131 ve g\u00fcvenilirli\u011fi sa\u011flamaya kararl\u0131 end\u00fcstriler i\u00e7in sa\u011flam ve temel bir ara\u00e7t\u0131r. Komple ta\u015f\u0131ma paketlerini veya dolu birim y\u00fckleri test etmek i\u00e7in tasarlanan bu makine, ta\u015f\u0131ma, nakliye ve depolama s\u0131ras\u0131nda paketlerin maruz kald\u0131\u011f\u0131 stresleri sim\u00fcle etmeye yard\u0131mc\u0131 olur. Ambalaj, g\u0131da, ila\u00e7, elektronik ve kalite kontrol gibi sekt\u00f6rlerde yayg\u0131n olarak kullan\u0131lan bu makine, ambalajlar\u0131n i\u00e7eriklerine yeterli koruma sa\u011flad\u0131\u011f\u0131n\u0131 do\u011frulamak i\u00e7in \u00e7ok de\u011ferlidir.<\/p>\n<h2>Ambalaj Titre\u015fim Test Cihaz\u0131n\u0131n Temel Uygulamalar\u0131<\/h2>\n<p>Ambalaj Titre\u015fim Test Cihaz\u0131m\u0131z, ambalajlar\u0131n d\u00fc\u015f\u00fck frekansl\u0131 titre\u015fime ne kadar iyi dayand\u0131\u011f\u0131n\u0131 de\u011ferlendirmek i\u00e7in kontroll\u00fc bir ortam sa\u011flar. \u015eunlar i\u00e7in idealdir:<\/p>\n<ul>\n<li>Nakliye ambalajlar\u0131n\u0131n yap\u0131sal b\u00fct\u00fcnl\u00fc\u011f\u00fcn\u00fcn de\u011ferlendirilmesi ve koruyucu performans\u0131n sa\u011flanmas\u0131.<\/li>\n<li>Da\u011f\u0131t\u0131m s\u0131ras\u0131nda olas\u0131 \u00fcr\u00fcn hasar\u0131n\u0131 \u00f6nlemek i\u00e7in doldurulmu\u015f birim y\u00fcklerin test edilmesi.<\/li>\n<li>\u00c7e\u015fitli sekt\u00f6rlerde kullan\u0131lan ambalajlar i\u00e7in dayan\u0131kl\u0131l\u0131k de\u011ferlendirmeleri yaparak, i\u00e7eriklerin darbelere, titre\u015fimlere ve kaba kullan\u0131ma kar\u015f\u0131 korunmas\u0131n\u0131 sa\u011flamak.<\/li>\n<\/ul>\n<h2>Ambalaj Titre\u015fim Test Cihaz\u0131n\u0131n \u00c7al\u0131\u015fma Prensibi<\/h2>\n<p>Bu makine, sabit bir d\u00fc\u015f\u00fck frekansta sin\u00fczoidal uyar\u0131m uygulayarak \u00e7al\u0131\u015f\u0131r. Test numuneleri, kontroll\u00fc ko\u015fullar alt\u0131nda ta\u015f\u0131ma ortamlar\u0131n\u0131 taklit eden titre\u015fim kuvvetlerine maruz kald\u0131klar\u0131 bir titre\u015fim masas\u0131na yerle\u015ftirilir. Atmosferik parametreler, titre\u015fim frekans\u0131, s\u00fcresi ve k\u0131s\u0131tlama y\u00f6ntemi gibi ko\u015fullar do\u011fruluk i\u00e7in \u00f6nceden ayarlan\u0131r. Otomatik, elektronik \u00f6l\u00e7\u00fcm y\u00f6ntemleri ile bu titre\u015fim test cihaz\u0131, h\u0131z ve hassasiyet i\u00e7in testi kolayla\u015ft\u0131r\u0131r, insan hatas\u0131n\u0131 azaltmaya ve tekrarlanabilir sonu\u00e7lar sunmaya yard\u0131mc\u0131 olur.<\/p>\n<h2>Ambalaj Titre\u015fim Test Cihaz\u0131 Kullanman\u0131n Faydalar\u0131<\/h2>\n<ul>\n<li><strong>Y\u00fcksek Hassasiyet<\/strong>: Otomatik ve elektronik \u00f6l\u00e7\u00fcmler, testler aras\u0131nda do\u011frulu\u011fu ve tutarl\u0131l\u0131\u011f\u0131 art\u0131rarak \u00f6znelli\u011fi ortadan kald\u0131r\u0131r.<\/li>\n<li><strong>Kullan\u0131m Kolayl\u0131\u011f\u0131<\/strong>: Teste ba\u015flamak i\u00e7in paketi platforma yerle\u015ftirmeniz yeterlidir, b\u00f6ylece minimum e\u011fitime sahip operat\u00f6rler i\u00e7in bile eri\u015filebilir hale gelir.<\/li>\n<li><strong>Verimli Test<\/strong>: Makinenin otomatik geri d\u00f6n\u00fc\u015f i\u015flevi, manuel s\u0131f\u0131rlama olmadan s\u00fcrekli, kolayla\u015ft\u0131r\u0131lm\u0131\u015f testlere olanak tan\u0131yarak zamandan ve i\u015f\u00e7ilikten tasarruf sa\u011flar.<\/li>\n<\/ul>\n<p>Bu makine, paketleme ve da\u011f\u0131t\u0131mda g\u00fcvenilir kalite kontrol\u00fc hedefleyen \u015firketler i\u00e7in kritik bir ara\u00e7t\u0131r.<\/p>\n<h2>Ba\u015fl\u0131ca Standartlara Uyum<\/h2>\n<h3>ASTM D999: Titre\u015fim Test Standard\u0131<\/h3>\n<p><a href=\"https:\/\/www.astm.org\/d0999-08r15.html\" target=\"_blank\" rel=\"noopener nofollow\">ASTM D999<\/a> nakliye ko\u015fullar\u0131n\u0131 taklit eden titre\u015fimlere kar\u015f\u0131 ambalaj direncini de\u011ferlendirmek i\u00e7in \u00f6zel olarak tasarlanm\u0131\u015f d\u00fc\u015f\u00fck frekansl\u0131 titre\u015fim testi i\u00e7in yetkili standartt\u0131r. Bu standart, ambalaj performans\u0131n\u0131 do\u011fru bir \u015fekilde de\u011ferlendirmek, \u00fcr\u00fcn g\u00fcvenli\u011fini sa\u011flamaya yard\u0131mc\u0131 olmak ve nakliye s\u0131ras\u0131nda hasar\u0131 en aza indirmek i\u00e7in test y\u00f6ntemlerini \u00f6zetlemektedir. A\u015fa\u011f\u0131dakilerle uyum sa\u011flayarak <a href=\"https:\/\/www.qualitester.com\/tr\/urun-kategori\/astm\/astm-d999\/\" target=\"_blank\" rel=\"noopener\">ASTM D999<\/a>, Makinemiz, sekt\u00f6rdeki en iyi uygulamalar do\u011frultusunda g\u00fcvenilir ve standartla\u015ft\u0131r\u0131lm\u0131\u015f titre\u015fim testi sunar.<\/p>\n<h3>ISO 2247: Ambalajlama ve Da\u011f\u0131t\u0131m Gereklilikleri<\/h3>\n<p><a href=\"https:\/\/www.iso.org\/standard\/32412.html\" target=\"_blank\" rel=\"noopener nofollow\">ISO 2247<\/a> k\u00fcresel da\u011f\u0131t\u0131ma y\u00f6nelik ambalajlar i\u00e7in gerekli titre\u015fim testi gereksinimlerini detayland\u0131rmaktad\u0131r. Ambalaj Titre\u015fim Test Cihaz\u0131, ISO 2247'ye ba\u011fl\u0131 kalarak ambalajlar\u0131n uluslararas\u0131 standartlar\u0131n dayan\u0131kl\u0131l\u0131k ve g\u00fcvenlik beklentilerini kar\u015f\u0131lamas\u0131n\u0131 sa\u011flar. ISO 2247 ile bu uyum, \u015firketlere ambalaj \u00e7\u00f6z\u00fcmlerinin k\u00fcresel nakliye talepleriyle uyumlu oldu\u011fu konusunda daha fazla g\u00fcven sa\u011flar.<\/p>\n<h3>Ambalaj Titre\u015fim Test Cihaz\u0131 Teknik \u00d6zellikleri<\/h3>\n<ul>\n<li><strong>Frekans Aral\u0131\u011f\u0131<\/strong>: Ula\u015f\u0131m sim\u00fclasyonlar\u0131ndaki tipik d\u00fc\u015f\u00fck frekans gereksinimlerini kar\u015f\u0131lamak i\u00e7in ayarlanm\u0131\u015ft\u0131r.<\/li>\n<li><strong>Y\u00fck Kapasitesi<\/strong>: \u00c7e\u015fitli paket boyutlar\u0131n\u0131 ve a\u011f\u0131rl\u0131klar\u0131n\u0131 i\u015flemek i\u00e7in tasarlanm\u0131\u015ft\u0131r.<\/li>\n<li><strong>Masa \u00d6l\u00e7\u00fcleri<\/strong>: \u00c7e\u015fitli test numunelerini bar\u0131nd\u0131racak kadar b\u00fcy\u00fckt\u00fcr ve \u00fcr\u00fcn t\u00fcrleri aras\u0131nda esneklik sunar.<\/li>\n<li><strong>Test Modlar\u0131<\/strong>: Farkl\u0131 test ihtiya\u00e7lar\u0131n\u0131 kar\u015f\u0131lamak i\u00e7in sabit frekansl\u0131 titre\u015fim ve tekrarlayan \u015fok sim\u00fclasyonlar\u0131n\u0131 destekler.<\/li>\n<\/ul>\n<h2>Ambalaj Titre\u015fim Test Cihaz\u0131 \u00dcr\u00fcn G\u00fcvenli\u011fini Nas\u0131l Sa\u011flar?<\/h2>\n<p>Ambalaj Titre\u015fim Test Cihaz\u0131n\u0131n kullan\u0131lmas\u0131, \u00fcreticilerin ve nakliyecilerin \u00fcr\u00fcnlerin nakliye s\u0131ras\u0131nda kar\u015f\u0131la\u015fabilece\u011fi riskleri \u00f6nceden tahmin etmelerini ve azaltmalar\u0131n\u0131 sa\u011flar. Ger\u00e7ek d\u00fcnya ko\u015fullar\u0131n\u0131 sim\u00fcle eden bu makine, ambalaj zay\u0131fl\u0131klar\u0131n\u0131n erken tespit edilmesini sa\u011flayarak \u00fcr\u00fcn iadelerini azalt\u0131r ve m\u00fc\u015fteri memnuniyetini art\u0131r\u0131r. Bu makine, nakliye istikrar\u0131 ve u\u00e7tan uca \u00fcr\u00fcn korumas\u0131na odaklanan kalite kontrol departmanlar\u0131 i\u00e7in \u00e7ok \u00f6nemlidir.<\/p>\n<h2>Ek Standartlara Uygunluk (ISTA Serisi, GB 4857.7)<\/h2>\n<p>Ambalaj Titre\u015fim Test Cihaz\u0131m\u0131z ASTM D999 ve ISO 2247'ye ek olarak ISTA serisi ve GB 4857.7 standartlar\u0131yla da uyumludur. Bu ek standartlar, makineyi bir dizi uluslararas\u0131 test protokol\u00fcyle uyumlu hale getirerek k\u00fcresel ambalaj kalite g\u00fcvencesinde \u00e7ok y\u00f6nl\u00fcl\u00fc\u011f\u00fcn\u00fc ve g\u00fcvenilirli\u011fini daha da g\u00fc\u00e7lendirir.<\/p>\n<p>Ambalaj Titre\u015fim Test Cihaz\u0131, ambalaj kalitesine, g\u00fcvenilirli\u011fine ve uluslararas\u0131 standartlara uygunlu\u011fa \u00f6ncelik veren \u015firketler i\u00e7in ideal bir \u00e7\u00f6z\u00fcmd\u00fcr. \u015eirketler bu makineyi kullanarak kalite kontrol s\u00fcre\u00e7lerini ASTM D999 ve ISO 2247 ile uyumlu y\u00fcksek hassasiyetli, standartla\u015ft\u0131r\u0131lm\u0131\u015f titre\u015fim testleri ile geli\u015ftirebilir. Kullan\u0131c\u0131 dostu tasar\u0131m\u0131, otomatik i\u015flevselli\u011fi ve sa\u011flam performans\u0131 ile titre\u015fim test cihaz\u0131m\u0131z, \u00fcr\u00fcn kalitesi ve m\u00fc\u015fteri memnuniyeti i\u00e7in de\u011ferli bir yat\u0131r\u0131md\u0131r.<\/p>","protected":false},"excerpt":{"rendered":"<p>Bu <strong>Ambalaj Titre\u015fim Test Cihaz\u0131<\/strong> ger\u00e7ek d\u00fcnya ko\u015fullar\u0131nda ambalaj dayan\u0131kl\u0131l\u0131\u011f\u0131 ve g\u00fcvenilirli\u011fi sa\u011flamaya kararl\u0131 end\u00fcstriler i\u00e7in sa\u011flam ve temel bir ara\u00e7t\u0131r. Komple ta\u015f\u0131ma paketlerini veya dolu birim y\u00fckleri test etmek i\u00e7in tasarlanan bu makine, ta\u015f\u0131ma, nakliye ve depolama s\u0131ras\u0131nda paketlerin maruz kald\u0131\u011f\u0131 stresleri sim\u00fcle etmeye yard\u0131mc\u0131 olur. Ambalaj, g\u0131da, ila\u00e7, elektronik ve kalite kontrol gibi sekt\u00f6rlerde yayg\u0131n olarak kullan\u0131lan bu makine, ambalajlar\u0131n i\u00e7eriklerine yeterli koruma sa\u011flad\u0131\u011f\u0131n\u0131 do\u011frulamak i\u00e7in \u00e7ok de\u011ferlidir.<\/p>","protected":false},"featured_media":6256,"comment_status":"closed","ping_status":"closed","template":"","meta":{"site-sidebar-layout":"default","site-content-layout":"default","ast-global-header-display":"","ast-main-header-display":"","ast-hfb-above-header-display":"","ast-hfb-below-header-display":"","ast-hfb-mobile-header-display":"","site-post-title":"","ast-breadcrumbs-content":"","ast-featured-img":"","footer-sml-layout":"","theme-transparent-header-meta":"default","adv-header-id-meta":"","stick-header-meta":"","header-above-stick-meta":"","header-main-stick-meta":"","header-below-stick-meta":""},"product_cat":[845,1112,1161,17,95],"product_tag":[],"class_list":{"0":"post-5382","1":"product","2":"type-product","3":"status-publish","4":"has-post-thumbnail","6":"product_cat-customization","7":"product_cat-astm-d999","8":"product_cat-iso-2247","9":"product_cat-package-container-testers","10":"product_cat-products","11":"desktop-align-left","12":"tablet-align-left","13":"mobile-align-left","15":"first","16":"instock","17":"shipping-taxable","18":"product-type-simple"},"_links":{"self":[{"href":"https:\/\/www.qualitester.com\/tr\/wp-json\/wp\/v2\/product\/5382","targetHints":{"allow":["GET"]}}],"collection":[{"href":"https:\/\/www.qualitester.com\/tr\/wp-json\/wp\/v2\/product"}],"about":[{"href":"https:\/\/www.qualitester.com\/tr\/wp-json\/wp\/v2\/types\/product"}],"replies":[{"embeddable":true,"href":"https:\/\/www.qualitester.com\/tr\/wp-json\/wp\/v2\/comments?post=5382"}],"version-history":[{"count":0,"href":"https:\/\/www.qualitester.com\/tr\/wp-json\/wp\/v2\/product\/5382\/revisions"}],"wp:featuredmedia":[{"embeddable":true,"href":"https:\/\/www.qualitester.com\/tr\/wp-json\/wp\/v2\/media\/6256"}],"wp:attachment":[{"href":"https:\/\/www.qualitester.com\/tr\/wp-json\/wp\/v2\/media?parent=5382"}],"wp:term":[{"taxonomy":"product_cat","embeddable":true,"href":"https:\/\/www.qualitester.com\/tr\/wp-json\/wp\/v2\/product_cat?post=5382"},{"taxonomy":"product_tag","embeddable":true,"href":"https:\/\/www.qualitester.com\/tr\/wp-json\/wp\/v2\/product_tag?post=5382"}],"curies":[{"name":"wp","href":"https:\/\/api.w.org\/{rel}","templated":true}]}}