{"id":5377,"date":"2024-11-15T11:08:36","date_gmt":"2024-11-15T03:08:36","guid":{"rendered":"https:\/\/www.qualitester.com\/?post_type=product&#038;p=5377"},"modified":"2024-12-05T14:18:23","modified_gmt":"2024-12-05T06:18:23","slug":"sale-bottle-crush-testing-machine","status":"publish","type":"product","link":"https:\/\/www.qualitester.com\/tr\/urun\/sale-bottle-crush-testing-machine\/","title":{"rendered":"TLT-02 \u015ei\u015fe K\u0131rma Test Cihaz\u0131"},"content":{"rendered":"<h2>\u015ei\u015fe K\u0131rma Test Cihaz\u0131na Giri\u015f<\/h2>\n<p>Bu <strong>\u015ei\u015fe K\u0131rma Test Cihaz\u0131<\/strong> plastik, cam ve kompozit malzemeler dahil olmak \u00fczere \u015fi\u015fe ve kaplar\u0131n yap\u0131sal b\u00fct\u00fcnl\u00fc\u011f\u00fcn\u00fc ve bas\u0131n\u00e7 dayan\u0131m\u0131n\u0131 de\u011ferlendirmek i\u00e7in tasarlanm\u0131\u015f \u00f6zel bir cihazd\u0131r. Bu makine, istifleme, nakliye ve depolama s\u0131ras\u0131nda kar\u015f\u0131la\u015f\u0131lanlara benzer \u00fcstten y\u00fck bas\u0131n\u00e7lar\u0131n\u0131 sim\u00fcle ederek, kaplar\u0131n \u00e7\u00f6kmeden veya deforme olmadan da\u011f\u0131t\u0131m streslerine dayanabilmesini sa\u011flamaya yard\u0131mc\u0131 olur. Ambalaj, g\u0131da, i\u00e7ecek ve ila\u00e7 gibi sekt\u00f6rlerde \u015fi\u015fe ezilme testi, \u00fcr\u00fcn g\u00fcvenli\u011fini korumak ve konteyner ar\u0131zas\u0131ndan kaynaklanan olas\u0131 kay\u0131plar\u0131 en aza indirmek i\u00e7in gereklidir.<\/p>\n<h2>\u015ei\u015fe K\u0131rma Testinin Temel Uygulamalar\u0131<\/h2>\n<p>Bu makine, a\u015fa\u011f\u0131dakiler de dahil olmak \u00fczere \u00e7e\u015fitli sekt\u00f6rlerde kritik bir rol oynamaktad\u0131r:<\/p>\n<ul>\n<li><strong>Paketleme<\/strong>: Depolama ve nakliye s\u0131ras\u0131nda ambalaj\u0131n dayan\u0131kl\u0131l\u0131\u011f\u0131n\u0131 sa\u011flar.<\/li>\n<li><strong>Yiyecek ve \u0130\u00e7ecekler<\/strong>: Konteynerin sa\u011flaml\u0131\u011f\u0131n\u0131 do\u011frulayarak s\u0131z\u0131nt\u0131 ve kontaminasyonu \u00f6nler.<\/li>\n<li><strong>\u0130la\u00e7lar<\/strong>: K\u0131r\u0131lgan ve hassas \u00fcr\u00fcnleri ta\u015f\u0131ma s\u0131ras\u0131nda korur.<\/li>\n<li><strong>G\u00fcnl\u00fck Kimyasallar ve Kozmetikler<\/strong>: Ambalaj kalitesini onaylayarak marka itibar\u0131n\u0131 korur.<\/li>\n<\/ul>\n<p>\u00c7e\u015fitli kap t\u00fcrlerini test etmek i\u00e7in uygun olan \u015ei\u015fe K\u0131rma Test Cihaz\u0131 \u00e7ok y\u00f6nl\u00fcd\u00fcr ve \u015fi\u015feleri, kavanozlar\u0131, kartonlar\u0131, varilleri ve daha fazlas\u0131n\u0131 i\u015fleyebilir.<\/p>\n<h2>\u015ei\u015fe K\u0131rma Test Cihaz\u0131n\u0131n Teknik \u00d6zellikleri<\/h2>\n<p>\u015ei\u015fe K\u0131rma Test Cihaz\u0131m\u0131z, g\u00fcvenilir ve do\u011fru sonu\u00e7lar sa\u011flamak i\u00e7in geli\u015fmi\u015f \u00f6zelliklerle tasarlanm\u0131\u015ft\u0131r:<\/p>\n<ul>\n<li><strong>HMI Dokunmatik Ekranl\u0131 PLC Kontrol\u00fc<\/strong>: PLC kontrol sistemi istikrarl\u0131 bir \u00e7al\u0131\u015fma sa\u011flarken, 7 in\u00e7 HMI dokunmatik ekran sezgisel ve kullan\u0131c\u0131 dostu testlere olanak tan\u0131r.<\/li>\n<li><strong>Hassas Bilyal\u0131 Kur\u015fun Vida Mekanizmas\u0131<\/strong>: Bu mekanizma, tutarl\u0131 test h\u0131z\u0131 ve hassas yer de\u011fi\u015ftirme kontrol\u00fcn\u00fc garanti ederek her testin g\u00fcvenilirli\u011fini art\u0131r\u0131r.<\/li>\n<li><strong>\u00c7oklu \u00d6zelle\u015ftirilebilir Test Modlar\u0131<\/strong>:\n<ul>\n<li><em>Tepe Modu<\/em>: Maksimum bas\u0131n\u00e7 y\u00fck\u00fcn\u00fc \u00f6l\u00e7er.<\/li>\n<li><em>Sabit Deformasyon Modu<\/em>: Belirlenen bir deformasyondaki y\u00fck\u00fc \u00f6l\u00e7er.<\/li>\n<li><em>Sabit Y\u00fck Modu<\/em>: Sabit bir y\u00fck alt\u0131nda deformasyonu izler.<\/li>\n<li><em>Tekli S\u0131k\u0131\u015ft\u0131rma<\/em>: Analiz i\u00e7in bir kez s\u0131k\u0131\u015ft\u0131rma uygular.<\/li>\n<li><em>\u00c7evrim S\u0131k\u0131\u015ft\u0131rma<\/em>: Esnekli\u011fi de\u011ferlendirmek i\u00e7in s\u0131k\u0131\u015ft\u0131rmay\u0131 d\u00f6ng\u00fcler halinde tekrarlar.<\/li>\n<\/ul>\n<\/li>\n<li><strong>G\u00fcvenlik \u00d6zellikleri<\/strong>: A\u015f\u0131r\u0131 y\u00fck korumas\u0131, otomatik geri d\u00f6n\u00fc\u015f fonksiyonlar\u0131 ve \u00e7e\u015fitli konteyner \u015fekillerine ve boyutlar\u0131na uyum sa\u011flamak i\u00e7in birden fazla plaka boyutuyla uyumluluk ile donat\u0131lm\u0131\u015ft\u0131r.<\/li>\n<li><strong>Veri Y\u00f6netimi Se\u00e7enekleri<\/strong>: Veri \u00e7\u0131k\u0131\u015f\u0131 i\u00e7in bir mikro yaz\u0131c\u0131 ve sorunsuz veri aktar\u0131m\u0131 i\u00e7in bir RS232 portu i\u00e7erir ve iste\u011fe ba\u011fl\u0131 yaz\u0131l\u0131m entegrasyonu ile harici analizi destekler.<\/li>\n<\/ul>\n<h2>Plastik \u015ei\u015fe \u00dcst Y\u00fck Testini Anlama<\/h2>\n<p>Bu <strong>Plastik \u015ei\u015fe \u00dcst Y\u00fck Testi<\/strong> bir \u015fi\u015fenin \u00fcstten uygulanan dikey bas\u0131nca kar\u015f\u0131 mukavemetini de\u011ferlendirmek i\u00e7in hayati \u00f6nem ta\u015f\u0131r. \u00d6zellikle plastik \u015fi\u015feler i\u00e7in ge\u00e7erli olan bu test, \u015fi\u015fenin deforme olmadan veya \u00e7\u00f6kmeden ne kadar y\u00fck ta\u015f\u0131yabilece\u011fini de\u011ferlendirir. \u00dcreticiler, \u00fcstten y\u00fck direncini \u00f6l\u00e7erek malzeme kullan\u0131m\u0131n\u0131 optimize edebilir ve konteynerlerin depo istifleme ve nakliye lojisti\u011fi gibi y\u00fcksek stresli ortamlar i\u00e7in yeterince sa\u011flam kalmas\u0131n\u0131 sa\u011flayabilir.<\/p>\n<h2>Standartlar ve Uyumluluk: ASTM D2659 A\u00e7\u0131klamas\u0131<\/h2>\n<p><a href=\"https:\/\/www.astm.org\/standards\/d2659.htm\" target=\"_blank\" rel=\"noopener nofollow\"><strong>ASTM D2659<\/strong><\/a> plastik kaplar\u0131n bas\u0131n\u00e7 direncini belirlemek i\u00e7in standart bir test y\u00f6ntemidir, \u00f6zellikle de \u00fcstten y\u00fck bas\u0131nc\u0131na ar\u0131za olmadan dayanma kabiliyetlerini \u00f6l\u00e7er. ASTM D2659'a uygun olarak, \u015ei\u015fe K\u0131rma Test Cihaz\u0131m\u0131z, yap\u0131sal deformasyon veya \u00e7\u00f6kme g\u00f6zlenene kadar \u00fcstten bas\u0131n\u00e7 kuvvetleri uygulayarak konteyner dayan\u0131kl\u0131l\u0131\u011f\u0131n\u0131 de\u011ferlendirir.<\/p>\n<p>Bu makine ayn\u0131 zamanda di\u011fer end\u00fcstri standartlar\u0131yla da uyumludur ve \u00e7ok y\u00f6nl\u00fcl\u00fc\u011f\u00fcn\u00fc art\u0131r\u0131r:<\/p>\n<ul>\n<li><a href=\"https:\/\/www.astm.org\/d4577-19.html\" target=\"_blank\" rel=\"noopener nofollow\"><strong>ASTM D4577<\/strong><\/a>: Statik y\u00fck ko\u015fullar\u0131 alt\u0131nda konteyner performans\u0131n\u0131 de\u011ferlendirir.<\/li>\n<li><a href=\"https:\/\/www.astm.org\/d0642-20.html\" target=\"_blank\" rel=\"noopener nofollow\"><strong>ASTM D642<\/strong><\/a>: Nakliye konteynerlerinin ve kutular\u0131n\u0131n bas\u0131n\u00e7 direncini \u00f6l\u00e7er.<\/li>\n<li><a href=\"https:\/\/www.iso.org\/standard\/35617.html\" target=\"_blank\" rel=\"noopener nofollow\"><strong>ISO 8113<\/strong><\/a>: Ambalaj\u0131n mekanik stabilitesi i\u00e7in testler.<\/li>\n<li><a href=\"https:\/\/www.astm.org\/d4169-22.html\" target=\"_blank\" rel=\"noopener nofollow\"><strong>ASTM D4169<\/strong><\/a>: Ambalaj performans\u0131n\u0131 test etmek i\u00e7in da\u011f\u0131t\u0131m ortam\u0131 ko\u015fullar\u0131n\u0131 sim\u00fcle eder.<\/li>\n<\/ul>\n<h2>\u015ei\u015fe K\u0131rma Test Cihaz\u0131n\u0131n \u00c7al\u0131\u015fma Prensibi<\/h2>\n<p>\u015ei\u015fe K\u0131rma Test Cihaz\u0131, kab\u0131 bir test platformuna yerle\u015ftirerek ve kap deforme olana veya \u00e7\u00f6kene kadar kademeli olarak \u00fcstten y\u00fck bas\u0131nc\u0131 uygulayarak \u00e7al\u0131\u015f\u0131r. Makine, ASTM D2659 gibi belirlenmi\u015f standartlara g\u00f6re yap\u0131sal mukavemeti de\u011ferlendirmek i\u00e7in analiz edilen tepe kuvveti verilerini kaydeder. Hassas, tekrarlanabilir sonu\u00e7lar sa\u011flayan bu makine, \u00fcreticilerin ger\u00e7ek d\u00fcnyada kullan\u0131m i\u00e7in ambalaj b\u00fct\u00fcnl\u00fc\u011f\u00fcn\u00fc do\u011frulayabilmelerini sa\u011flar.<\/p>\n<h2>\u015ei\u015fe K\u0131rma Test Cihaz\u0131n\u0131n Ana Parametreleri<\/h2>\n<p>Bu makine, \u00e7e\u015fitli test gereksinimlerini kar\u015f\u0131lamak i\u00e7in son derece yap\u0131land\u0131r\u0131labilir:<\/p>\n<ul>\n<li><strong>Y\u00fck Aral\u0131\u011f\u0131<\/strong>: Farkl\u0131 konteyner tipleri i\u00e7in uygun y\u00fcksek y\u00fck aral\u0131\u011f\u0131 ve hassasiyet.<\/li>\n<li><strong>Ayarlanabilir H\u0131z<\/strong>: Belirli test protokollerine uymak i\u00e7in h\u0131z ayarlamalar\u0131na izin verir.<\/li>\n<li><strong>S\u0131k\u0131\u015ft\u0131rma Plakas\u0131 Uyumlulu\u011fu<\/strong>: Farkl\u0131 konteyner boyutlar\u0131n\u0131 ve \u015fekillerini desteklemek i\u00e7in de\u011fi\u015ftirilebilir plakalar.<\/li>\n<li><strong>Veri D\u0131\u015fa Aktarma Se\u00e7enekleri<\/strong>: Verimli veri i\u015fleme i\u00e7in mikro yaz\u0131c\u0131 ve RS232 ba\u011flant\u0131s\u0131.<\/li>\n<\/ul>\n<h2>\u015ei\u015fe K\u0131rma Test Cihaz\u0131n\u0131n Avantajlar\u0131<\/h2>\n<ul>\n<li><strong>Maliyet Tasarrufu ve Verimlilik<\/strong>: Gerekli mukavemeti onaylayarak ambalaj malzemesi israf\u0131n\u0131 en aza indirir, \u00fcr\u00fcn iadeleri ve de\u011fi\u015fimleriyle ilgili maliyetleri azalt\u0131r.<\/li>\n<li><strong>G\u00fcvenilirlik ve Marka Korumas\u0131<\/strong>: Do\u011fru testler sayesinde \u00fcr\u00fcn g\u00fcvenilirli\u011fini art\u0131rarak marka itibar\u0131n\u0131n korunmas\u0131na ve t\u00fcketici memnuniyetinin sa\u011flanmas\u0131na yard\u0131mc\u0131 olur.<\/li>\n<\/ul>\n<h2>\u015ei\u015fe K\u0131rma Test Cihazlar\u0131 hakk\u0131nda SSS<\/h2>\n<ol>\n<li><strong>\u015ei\u015fe ezme testi nedir ve neden \u00f6nemlidir?<\/strong>\n<ul>\n<li>\u015ei\u015fe ezilme testi, konteyner dayan\u0131kl\u0131l\u0131\u011f\u0131n\u0131 de\u011ferlendirmek i\u00e7in \u00fcstten y\u00fck bas\u0131nc\u0131 uygular ve \u015fi\u015fenin k\u0131r\u0131lmadan veya deforme olmadan ta\u015f\u0131ma streslerine dayanabilmesini sa\u011flar.<\/li>\n<\/ul>\n<\/li>\n<li><strong>ASTM D2659 \u015fi\u015fe ezilme testi i\u00e7in nas\u0131l ge\u00e7erlidir?<\/strong>\n<ul>\n<li>ASTM D2659, plastik kaplar\u0131n bas\u0131n\u00e7 dayan\u0131m\u0131n\u0131 de\u011ferlendirmek ve end\u00fcstri dayan\u0131kl\u0131l\u0131k standartlar\u0131na uygunlu\u011fu sa\u011flamak i\u00e7in prosed\u00fcrleri ana hatlar\u0131yla belirtir.<\/li>\n<\/ul>\n<\/li>\n<li><strong>Bu makine ne t\u00fcr \u015fi\u015feleri test edebilir?<\/strong>\n<ul>\n<li>Bu makine \u00e7ok y\u00f6nl\u00fcd\u00fcr ve plastik, cam ve kompozit \u015fi\u015feler dahil olmak \u00fczere \u00e7e\u015fitli \u015fi\u015fe ve kap t\u00fcrlerini destekler.<\/li>\n<\/ul>\n<\/li>\n<li><strong>Makine test sonu\u00e7lar\u0131nda do\u011frulu\u011fu nas\u0131l sa\u011fl\u0131yor?<\/strong>\n<ul>\n<li>PLC kontrol\u00fc, hassas k\u0131lavuz vidalar\u0131 ve \u00e7oklu test modlar\u0131 ile makine, g\u00fcvenilir performans de\u011ferlendirmeleri i\u00e7in tutarl\u0131 ve tekrarlanabilir sonu\u00e7lar sunar.<\/li>\n<\/ul>\n<\/li>\n<li><strong>Bu makineyi g\u00fcvenilir k\u0131lan temel \u00f6zellikler nelerdir?<\/strong>\n<ul>\n<li>Geli\u015fmi\u015f PLC kontrol\u00fc, \u00f6zelle\u015ftirilebilir test se\u00e7enekleri, g\u00fcvenlik mekanizmalar\u0131 ve kapsaml\u0131 veri y\u00f6netimi \u00f6zellikleri do\u011fruluk, verimlilik ve kullan\u0131m kolayl\u0131\u011f\u0131 sa\u011flar.<\/li>\n<\/ul>\n<\/li>\n<\/ol>","protected":false},"excerpt":{"rendered":"<p>Bu <strong>\u015ei\u015fe K\u0131rma Test Cihaz\u0131<\/strong> plastik, cam ve kompozit malzemeler dahil olmak \u00fczere \u015fi\u015fe ve kaplar\u0131n yap\u0131sal b\u00fct\u00fcnl\u00fc\u011f\u00fcn\u00fc ve bas\u0131n\u00e7 dayan\u0131m\u0131n\u0131 de\u011ferlendirmek i\u00e7in tasarlanm\u0131\u015f \u00f6zel bir cihazd\u0131r. Bu makine, istifleme, nakliye ve depolama s\u0131ras\u0131nda kar\u015f\u0131la\u015f\u0131lanlara benzer \u00fcstten y\u00fck bas\u0131n\u00e7lar\u0131n\u0131 sim\u00fcle ederek, kaplar\u0131n \u00e7\u00f6kmeden veya deforme olmadan da\u011f\u0131t\u0131m streslerine dayanabilmesini sa\u011flamaya yard\u0131mc\u0131 olur. Ambalaj, g\u0131da, i\u00e7ecek ve ila\u00e7 gibi sekt\u00f6rlerde \u015fi\u015fe ezilme testi, \u00fcr\u00fcn g\u00fcvenli\u011fini korumak ve konteyner ar\u0131zas\u0131ndan kaynaklanan olas\u0131 kay\u0131plar\u0131 en aza indirmek i\u00e7in gereklidir.<\/p>","protected":false},"featured_media":6253,"comment_status":"closed","ping_status":"closed","template":"","meta":{"site-sidebar-layout":"default","site-content-layout":"default","ast-global-header-display":"","ast-main-header-display":"","ast-hfb-above-header-display":"","ast-hfb-below-header-display":"","ast-hfb-mobile-header-display":"","site-post-title":"","ast-breadcrumbs-content":"","ast-featured-img":"","footer-sml-layout":"","theme-transparent-header-meta":"default","adv-header-id-meta":"","stick-header-meta":"","header-above-stick-meta":"","header-main-stick-meta":"","header-below-stick-meta":""},"product_cat":[845,1071,1069,1072,1068,1073,1113,17,16,95],"product_tag":[],"class_list":{"0":"post-5377","1":"product","2":"type-product","3":"status-publish","4":"has-post-thumbnail","6":"product_cat-customization","7":"product_cat-astm-d2659","8":"product_cat-astm-d4169","9":"product_cat-astm-d4577","10":"product_cat-astm-d642","11":"product_cat-iso-8113","12":"product_cat-top-load-tester","13":"product_cat-package-container-testers","14":"product_cat-plastic-packaging-testers","15":"product_cat-products","16":"desktop-align-left","17":"tablet-align-left","18":"mobile-align-left","20":"first","21":"instock","22":"shipping-taxable","23":"product-type-simple"},"_links":{"self":[{"href":"https:\/\/www.qualitester.com\/tr\/wp-json\/wp\/v2\/product\/5377","targetHints":{"allow":["GET"]}}],"collection":[{"href":"https:\/\/www.qualitester.com\/tr\/wp-json\/wp\/v2\/product"}],"about":[{"href":"https:\/\/www.qualitester.com\/tr\/wp-json\/wp\/v2\/types\/product"}],"replies":[{"embeddable":true,"href":"https:\/\/www.qualitester.com\/tr\/wp-json\/wp\/v2\/comments?post=5377"}],"version-history":[{"count":0,"href":"https:\/\/www.qualitester.com\/tr\/wp-json\/wp\/v2\/product\/5377\/revisions"}],"wp:featuredmedia":[{"embeddable":true,"href":"https:\/\/www.qualitester.com\/tr\/wp-json\/wp\/v2\/media\/6253"}],"wp:attachment":[{"href":"https:\/\/www.qualitester.com\/tr\/wp-json\/wp\/v2\/media?parent=5377"}],"wp:term":[{"taxonomy":"product_cat","embeddable":true,"href":"https:\/\/www.qualitester.com\/tr\/wp-json\/wp\/v2\/product_cat?post=5377"},{"taxonomy":"product_tag","embeddable":true,"href":"https:\/\/www.qualitester.com\/tr\/wp-json\/wp\/v2\/product_tag?post=5377"}],"curies":[{"name":"wp","href":"https:\/\/api.w.org\/{rel}","templated":true}]}}