{"id":5369,"date":"2024-11-15T10:55:36","date_gmt":"2024-11-15T02:55:36","guid":{"rendered":"https:\/\/www.qualitester.com\/?post_type=product&#038;p=5369"},"modified":"2024-12-05T13:27:43","modified_gmt":"2024-12-05T05:27:43","slug":"sale-beverage-carbonation-tester","status":"publish","type":"product","link":"https:\/\/www.qualitester.com\/tr\/urun\/sale-beverage-carbonation-tester\/","title":{"rendered":"CLRT-02 \u0130\u00e7ecek Karbonasyon Test Cihaz\u0131"},"content":{"rendered":"<p>\u0130\u00e7ecek Karbonasyon Test Cihaz\u0131, gazl\u0131 i\u00e7eceklerde kalite ve tutarl\u0131l\u0131\u011f\u0131 sa\u011flamak i\u00e7in temel bir ara\u00e7t\u0131r. CO\u2082 hacmini hassas bir \u015fekilde \u00f6l\u00e7mek i\u00e7in tasarlanan bu cihaz, \u00fcreticileri hem lezzet hem de g\u00fcvenlik standartlar\u0131n\u0131 kar\u015f\u0131layan \u00fcr\u00fcnler sunma konusunda destekler. \u0130\u00e7ecek end\u00fcstrisinde yayg\u0131n olarak kullan\u0131lan karbonatlama test cihaz\u0131, gazl\u0131 i\u00e7ecekler, maden suyu ve aromal\u0131 i\u00e7ecekler gibi i\u00e7eceklerde karbonatlama seviyelerini do\u011frulamak i\u00e7in etkili ve g\u00fcvenilir bir ara\u00e7 sa\u011flayarak kalite kontrol ve ara\u015ft\u0131rmaya yard\u0131mc\u0131 olur.<\/p>\n<h2>\u0130\u00e7ecek Karbonasyon Test Cihaz\u0131n\u0131n Temel Uygulamalar\u0131<\/h2>\n<p>Karbonasyon test cihaz\u0131, g\u0131da ve i\u00e7ecek \u00fcretimi, paketleme ve kalite kontrol sekt\u00f6rleri de dahil olmak \u00fczere bir\u00e7ok sekt\u00f6rde \u00e7ok de\u011ferlidir. CO\u2082 seviyelerini do\u011fru bir \u015fekilde \u00f6l\u00e7me kapasitesiyle test cihaz\u0131, i\u00e7eceklerin zaman i\u00e7inde istenen k\u0131vam ve lezzet profilini korumas\u0131n\u0131 sa\u011flar. Bu ekipman \u00f6zellikle i\u00e7ecek end\u00fcstrisindeki kalite kontrol kurulu\u015flar\u0131, \u015fi\u015feleme \u015firketleri ve Ar-Ge laboratuvarlar\u0131 i\u00e7in faydal\u0131d\u0131r.<\/p>\n<h2>Karbonatla\u015fma Testi i\u00e7in ASTM F1115'e Genel Bak\u0131\u015f<\/h2>\n<p><a href=\"https:\/\/www.astm.org\/f1115-16r23.html\" target=\"_blank\" rel=\"noopener nofollow\">ASTM F1115<\/a>, \u0130\u00e7ecek testlerinde tan\u0131nm\u0131\u015f bir standart olan bu standart, ambalajl\u0131 i\u00e7eceklerde karbonatla\u015fma hacminin do\u011fru bir \u015fekilde belirlenmesine y\u00f6nelik y\u00f6ntemleri \u00f6zetlemektedir. Hassas karbonatla\u015fma de\u011ferlendirmesi i\u00e7in gerekli olan bas\u0131n\u00e7 ve s\u0131cakl\u0131k \u00f6l\u00e7\u00fcm\u00fc i\u00e7in net y\u00f6nergeler sa\u011flar. \u0130\u00e7ecek \u00fcreticileri ASTM F1115'i takip ederek \u00fcr\u00fcnlerinin tutarl\u0131 kaliteye ula\u015fmas\u0131n\u0131 ve pazar standartlar\u0131n\u0131 kar\u015f\u0131lamas\u0131n\u0131 sa\u011flayabilir.<\/p>\n<h2>\u0130\u00e7ecek Karbonasyon Test Cihaz\u0131n\u0131 Kullanarak Test Prosed\u00fcr\u00fc<\/h2>\n<p>\u0130\u00e7ecek karbonatlama test cihaz\u0131, do\u011fru sonu\u00e7lar elde etmek i\u00e7in tasarlanm\u0131\u015f basit ama etkili bir s\u00fcrece sahiptir. Bu ad\u0131m ad\u0131m s\u00fcre\u00e7 ASTM F1115 standartlar\u0131yla tamamen uyumludur:<\/p>\n<ol>\n<li><strong>\u015ei\u015fe Kapa\u011f\u0131n\u0131 Del:<\/strong> Test cihaz\u0131, i\u00e7ece\u011fin i\u00e7 bas\u0131nc\u0131na eri\u015fim sa\u011flamak i\u00e7in \u015fi\u015fe kapa\u011f\u0131n\u0131 delerek ba\u015flar.<\/li>\n<li><strong>Havaland\u0131rma Valfini a\u00e7\u0131n:<\/strong> \u00d6l\u00e7\u00fcm ko\u015fullar\u0131n\u0131 stabilize etmek i\u00e7in havaland\u0131rma valfinden fazla bas\u0131nc\u0131 bo\u015falt\u0131n.<\/li>\n<li><strong>\u015ei\u015feyi \u00e7alkala:<\/strong> \u00c7\u00f6z\u00fcnm\u00fc\u015f CO\u2082 sal\u0131n\u0131m\u0131n\u0131 etkinle\u015ftirmek i\u00e7in 40 saniye boyunca kuvvetli \u00e7alkalama ger\u00e7ekle\u015ftirin.<\/li>\n<li><strong>Havaland\u0131rma Valfini kapat\u0131n:<\/strong> Serbest b\u0131rakma a\u015famas\u0131ndan sonra, daha fazla bas\u0131n\u00e7 de\u011fi\u015fimini \u00f6nlemek i\u00e7in vanay\u0131 kapat\u0131n.<\/li>\n<li><strong>Bas\u0131n\u00e7 ve S\u0131cakl\u0131k \u00d6l\u00e7\u00fcm\u00fc:<\/strong> Bas\u0131n\u00e7 sabitlendi\u011finde, s\u0131v\u0131 s\u0131cakl\u0131\u011f\u0131n\u0131 e\u015f zamanl\u0131 olarak \u00f6l\u00e7erken \u00f6l\u00e7\u00fcmleri MPa veya ba\u015fka bir ge\u00e7erli birim cinsinden kaydedin.<\/li>\n<li><strong>CO\u2082 Hacmini Hesaplay\u0131n:<\/strong> Nihai CO\u2082 hacmini belirlemek i\u00e7in bu de\u011ferleri bir karbonatla\u015fma hacmi tablosuyla birlikte kullan\u0131n ve karbonatla\u015fman\u0131n tam bir analizini sa\u011flay\u0131n.<\/li>\n<\/ol>\n<h2>\u0130\u00e7ecek Karbonasyon Test Cihaz\u0131n\u0131n Teknik \u00d6zellikleri<\/h2>\n<p>Bu karbonat test cihaz\u0131, do\u011fruluk ve kullan\u0131m kolayl\u0131\u011f\u0131 i\u00e7in \u00fcretilmi\u015ftir ve her testte g\u00fcvenilir sonu\u00e7lar sa\u011flayan teknik \u00f6zellikler sunar:<\/p>\n<ul>\n<li><strong>S\u00f6nd\u00fcr\u00fcc\u00fc Delici Kafa:<\/strong> Bu dayan\u0131kl\u0131 delme ba\u015fl\u0131\u011f\u0131 uzun \u00f6m\u00fcrl\u00fc olmas\u0131 i\u00e7in \u0131s\u0131l i\u015flemden ge\u00e7irilmi\u015ftir ve test s\u00fcreci boyunca istikrarl\u0131 performans sa\u011flar.<\/li>\n<li><strong>Y\u00fcksek Hassasiyetli Bas\u0131n\u00e7 G\u00f6stergesi:<\/strong> Bas\u0131n\u00e7 g\u00f6stergesi \u00e7oklu birim d\u00f6n\u00fc\u015f\u00fcmlerine izin vererek farkl\u0131 \u00f6l\u00e7\u00fcm standartlar\u0131na sahip b\u00f6lgeler aras\u0131nda kolay yorumlama sa\u011flar.<\/li>\n<li><strong>S\u0131z\u0131nt\u0131 \u00d6nleyici Tasar\u0131m:<\/strong> Kritik bir tasar\u0131m \u00f6zelli\u011fi olan s\u0131z\u0131nt\u0131 \u00f6nleme sistemi, test b\u00fct\u00fcnl\u00fc\u011f\u00fcn\u00fc korur ve CO\u2082 kayb\u0131n\u0131 \u00f6nleyerek g\u00fcvenilir sonu\u00e7lar sa\u011flar.<\/li>\n<li><strong>Havaland\u0131rma Valfi ve Borusu:<\/strong> Bir havaland\u0131rma valfi ve borusu ile donat\u0131lm\u0131\u015f olan test cihaz\u0131, test ko\u015fullar\u0131n\u0131 stabilize etmek i\u00e7in kontroll\u00fc bas\u0131n\u00e7 tahliyesine izin verir.<\/li>\n<\/ul>\n<h2>\u0130\u00e7ecek Karbonasyon Test Cihaz\u0131n\u0131n Ana Parametreleri<\/h2>\n<p>Karbonasyon test cihaz\u0131, 350 mm'ye kadar y\u00fcksekli\u011fe sahip \u00e7e\u015fitli i\u00e7ecek \u015fi\u015fesi boyutlar\u0131n\u0131 test etmek i\u00e7in uygundur ve a\u015fa\u011f\u0131daki temel \u00f6zellikleri sunar:<\/p>\n<ul>\n<li><strong>Test Aral\u0131\u011f\u0131:<\/strong> 0~1MPa, \u00e7o\u011fu i\u00e7ecekteki standart karbonasyon seviyelerini kapsar.<\/li>\n<li><strong>\u00c7\u00f6z\u00fcm:<\/strong> 0.0001MPa, her \u00f6l\u00e7\u00fcmde hassasiyet sa\u011flar.<\/li>\n<li><strong>Elle \u00c7alkalama ve Delme:<\/strong> Kullan\u0131c\u0131lara test s\u00fcreci \u00fczerinde kontrol sa\u011flayarak cihaz\u0131 \u00e7ok y\u00f6nl\u00fc ve uyarlanabilir hale getirir.<\/li>\n<\/ul>\n<h2>Ba\u015fl\u0131ca Standartlara Uygunluk (ASTM F1115, GB\/T 10792)<\/h2>\n<p>Bu karbonatla\u015fma test cihaz\u0131 hem ASTM F1115 hem de GB\/T 10792 standartlar\u0131n\u0131 kar\u015f\u0131lamaktad\u0131r. ASTM F1115 Bat\u0131 pazarlar\u0131ndaki test y\u00f6ntemlerini y\u00f6netirken, GB\/T 10792 Asya pazarlar\u0131nda yayg\u0131n olarak kabul g\u00f6rmektedir. Bu standartlara uygunluk, test cihaz\u0131n\u0131n \u00e7ok y\u00f6nl\u00fcl\u00fc\u011f\u00fcn\u00fc ve k\u00fcresel kalite kontrol protokollerine uygunlu\u011funu g\u00f6stermekte ve onu uluslararas\u0131 i\u00e7ecek \u00fcreticileri i\u00e7in ideal bir se\u00e7im haline getirmektedir.<\/p>\n<h2>\u0130\u00e7ecek Karbonasyon Test Cihaz\u0131 Kullanman\u0131n Avantajlar\u0131<\/h2>\n<p>Bu karbonasyon test cihaz\u0131, \u00fcr\u00fcnlerinde y\u00fcksek kaliteli ve tutarl\u0131 karbonasyon arayan i\u00e7ecek \u00fcreticileri i\u00e7in bir\u00e7ok avantaj sunar:<\/p>\n<ul>\n<li><strong>Do\u011fru ve G\u00fcvenilir Sonu\u00e7lar:<\/strong> Test cihaz\u0131n\u0131n tasar\u0131m\u0131, CO\u2082 hacmi \u00f6l\u00e7\u00fcmlerinde hassasiyet sa\u011flayarak \u00fcr\u00fcn kalitesi ve tat tutarl\u0131l\u0131\u011f\u0131n\u0131 garanti eder.<\/li>\n<li><strong>Kullan\u0131c\u0131 Dostu Tasar\u0131m:<\/strong> Basit bir test s\u00fcreci ve dayan\u0131kl\u0131 yap\u0131s\u0131 ile hem Ar-Ge hem de \u00fcretim ortamlar\u0131nda verimli \u00e7al\u0131\u015fmay\u0131 kolayla\u015ft\u0131r\u0131r.<\/li>\n<li><strong>Geli\u015ftirilmi\u015f Uyumluluk:<\/strong> ASTM F1115 ve di\u011fer ilgili standartlara ba\u011fl\u0131 kalarak, karbonatla\u015fma test cihaz\u0131 kalite g\u00fcvencesini ve end\u00fcstri standard\u0131na uygunlu\u011fu destekler.<\/li>\n<\/ul>\n<h2>SSS: \u0130\u00e7ecek Karbonasyon Test Cihaz\u0131 ve ASTM F1115<\/h2>\n<ol>\n<li><strong>Ne t\u00fcr i\u00e7ecekler test edilebilir?<\/strong><br \/>\nTest cihaz\u0131 soda, maden suyu ve aromal\u0131 i\u00e7ecekler de dahil olmak \u00fczere gazl\u0131 i\u00e7ecekler i\u00e7in idealdir.<\/li>\n<li><strong>Test cihaz\u0131 bas\u0131n\u00e7 do\u011frulu\u011funu nas\u0131l koruyor?<\/strong><br \/>\nOkumalar\u0131 stabilize etmek i\u00e7in y\u00fcksek hassasiyetli bir bas\u0131n\u00e7 g\u00f6stergesine ve s\u0131z\u0131nt\u0131 \u00f6nleyici tasar\u0131ma sahiptir.<\/li>\n<li><strong>ASTM F1115 karbonatla\u015fma testinde neden \u00f6nemlidir?<\/strong><br \/>\nASTM F1115, do\u011fru karbonatla\u015fma hacmi \u00f6l\u00e7\u00fcm\u00fc i\u00e7in gerekli prosed\u00fcrleri ana hatlar\u0131yla belirtir ve g\u00fcvenilir sonu\u00e7lar sa\u011flar.<\/li>\n<li><strong>Bu test cihaz\u0131 farkl\u0131 \u015fi\u015fe boyutlar\u0131 i\u00e7in kullan\u0131labilir mi?<\/strong><br \/>\nEvet, 350 mm'ye kadar \u015fi\u015fe y\u00fcksekliklerini bar\u0131nd\u0131r\u0131r, bu da onu \u00e7e\u015fitli \u00fcr\u00fcnler i\u00e7in \u00e7ok y\u00f6nl\u00fc hale getirir.<\/li>\n<li><strong>Manuel \u00e7alkalama test do\u011frulu\u011funu nas\u0131l etkiler?<\/strong><br \/>\nManuel \u00e7alkalama, CO\u2082'nin tutarl\u0131 bir \u015fekilde sal\u0131nmas\u0131n\u0131 sa\u011flar ve tutarl\u0131 bir \u015fekilde kullan\u0131ld\u0131\u011f\u0131nda daha hassas bir karbonasyon \u00f6l\u00e7\u00fcm\u00fc sa\u011flar.<\/li>\n<\/ol>\n<div id=\"gtx-anchor\" style=\"position: absolute; visibility: hidden; left: 349.984px; top: 132.109px; width: 408.25px; height: 31px;\"><\/div>\n<div class=\"jfk-bubble gtx-bubble\" style=\"visibility: visible; left: -114px; top: 173px; opacity: 1;\" role=\"alertdialog\" aria-describedby=\"bubble-3\">\n<div id=\"bubble-3\" class=\"jfk-bubble-content-id\">\n<div id=\"gtx-host\" style=\"min-width: 200px; max-width: 400px;\"><\/div>\n<\/div>\n<div class=\"jfk-bubble-closebtn-id jfk-bubble-closebtn\" tabindex=\"0\" role=\"button\" aria-label=\"Kapat\"><\/div>\n<div class=\"jfk-bubble-arrow-id jfk-bubble-arrow jfk-bubble-arrowup\" style=\"left: 553.984px;\">\n<div class=\"jfk-bubble-arrowimplbefore\"><\/div>\n<div class=\"jfk-bubble-arrowimplafter\"><\/div>\n<\/div>\n<\/div>","protected":false},"excerpt":{"rendered":"<p>\u0130\u00e7ecek Karbonasyon Test Cihaz\u0131, gazl\u0131 i\u00e7eceklerde kalite ve tutarl\u0131l\u0131\u011f\u0131 sa\u011flamak i\u00e7in temel bir ara\u00e7t\u0131r. CO\u2082 hacmini hassas bir \u015fekilde \u00f6l\u00e7mek i\u00e7in tasarlanan bu cihaz, \u00fcreticileri hem lezzet hem de g\u00fcvenlik standartlar\u0131n\u0131 kar\u015f\u0131layan \u00fcr\u00fcnler sunma konusunda destekler. \u0130\u00e7ecek end\u00fcstrisinde yayg\u0131n olarak kullan\u0131lan karbonatlama test cihaz\u0131, gazl\u0131 i\u00e7ecekler, maden suyu ve aromal\u0131 i\u00e7ecekler gibi i\u00e7eceklerde karbonatlama seviyelerini do\u011frulamak i\u00e7in etkili ve g\u00fcvenilir bir ara\u00e7 sa\u011flayarak kalite kontrol ve ara\u015ft\u0131rmaya yard\u0131mc\u0131 olur.<\/p>","protected":false},"featured_media":6239,"comment_status":"closed","ping_status":"closed","template":"","meta":{"site-sidebar-layout":"default","site-content-layout":"default","ast-global-header-display":"","ast-main-header-display":"","ast-hfb-above-header-display":"","ast-hfb-below-header-display":"","ast-hfb-mobile-header-display":"","site-post-title":"","ast-breadcrumbs-content":"","ast-featured-img":"","footer-sml-layout":"","theme-transparent-header-meta":"default","adv-header-id-meta":"","stick-header-meta":"","header-above-stick-meta":"","header-main-stick-meta":"","header-below-stick-meta":""},"product_cat":[845,953,932,956,955,954,957,958,952,959,17,140,95],"product_tag":[],"class_list":{"0":"post-5369","1":"product","2":"type-product","3":"status-publish","4":"has-post-thumbnail","6":"product_cat-customization","7":"product_cat-bursting-tester","8":"product_cat-co2-volume-tester","9":"product_cat-cobb-tester","10":"product_cat-crush-tester","11":"product_cat-paper-tear-tester","12":"product_cat-plybond-tester","13":"product_cat-puncture-tester","14":"product_cat-rub-tester","15":"product_cat-stiffness-tester","16":"product_cat-package-container-testers","17":"product_cat-astm-f1115","18":"product_cat-products","19":"desktop-align-left","20":"tablet-align-left","21":"mobile-align-left","23":"first","24":"instock","25":"shipping-taxable","26":"product-type-simple"},"_links":{"self":[{"href":"https:\/\/www.qualitester.com\/tr\/wp-json\/wp\/v2\/product\/5369","targetHints":{"allow":["GET"]}}],"collection":[{"href":"https:\/\/www.qualitester.com\/tr\/wp-json\/wp\/v2\/product"}],"about":[{"href":"https:\/\/www.qualitester.com\/tr\/wp-json\/wp\/v2\/types\/product"}],"replies":[{"embeddable":true,"href":"https:\/\/www.qualitester.com\/tr\/wp-json\/wp\/v2\/comments?post=5369"}],"version-history":[{"count":0,"href":"https:\/\/www.qualitester.com\/tr\/wp-json\/wp\/v2\/product\/5369\/revisions"}],"wp:featuredmedia":[{"embeddable":true,"href":"https:\/\/www.qualitester.com\/tr\/wp-json\/wp\/v2\/media\/6239"}],"wp:attachment":[{"href":"https:\/\/www.qualitester.com\/tr\/wp-json\/wp\/v2\/media?parent=5369"}],"wp:term":[{"taxonomy":"product_cat","embeddable":true,"href":"https:\/\/www.qualitester.com\/tr\/wp-json\/wp\/v2\/product_cat?post=5369"},{"taxonomy":"product_tag","embeddable":true,"href":"https:\/\/www.qualitester.com\/tr\/wp-json\/wp\/v2\/product_tag?post=5369"}],"curies":[{"name":"wp","href":"https:\/\/api.w.org\/{rel}","templated":true}]}}