{"id":5348,"date":"2024-11-14T11:21:52","date_gmt":"2024-11-14T03:21:52","guid":{"rendered":"https:\/\/www.qualitester.com\/?post_type=product&#038;p=5348"},"modified":"2024-12-05T15:24:30","modified_gmt":"2024-12-05T07:24:30","slug":"sale-crush-resistance-tester","status":"publish","type":"product","link":"https:\/\/www.qualitester.com\/tr\/urun\/sale-crush-resistance-tester\/","title":{"rendered":"YSD-01 Ezilme Test Cihaz\u0131"},"content":{"rendered":"<h2>Ezilme Direnci Test Cihaz\u0131na Genel Bak\u0131\u015f<\/h2>\n<p>Ezilme Direnci Test Cihaz\u0131 (YSD-01), \u00f6zellikle sunta ve oluklu ka\u011f\u0131t olmak \u00fczere ambalaj malzemelerinin ezilme direncini de\u011ferlendirmek i\u00e7in tasarlanm\u0131\u015f y\u00fcksek hassasiyetli bir test cihaz\u0131d\u0131r. Bu test cihaz\u0131, depolama ve nakliye s\u0131ras\u0131nda \u00fcr\u00fcnleri korumak i\u00e7in dayan\u0131kl\u0131 ve esnek ambalajlara g\u00fcvenen end\u00fcstriler i\u00e7in \u00e7ok \u00f6nemlidir. YSD-01, malzemelerin dayanabilece\u011fi d\u00fczlem i\u00e7i s\u0131k\u0131\u015ft\u0131rma kuvvetlerini do\u011fru bir \u015fekilde \u00f6l\u00e7erek, ambalaj\u0131n gerekli performans standartlar\u0131n\u0131 kar\u015f\u0131lamas\u0131n\u0131 sa\u011flar ve nakliye s\u0131ras\u0131nda \u00fcr\u00fcn hasar\u0131 riskini azalt\u0131r.<\/p>\n<h2>Ezilme Direnci Test Cihaz\u0131n\u0131n Temel Uygulamalar\u0131<\/h2>\n<ul>\n<li>Ambalaj ve Nakliye End\u00fcstrisi: Bu test cihaz\u0131, ambalaj sekt\u00f6r\u00fcnde kullan\u0131lan sunta ve oluklu konteynerlerin de\u011ferlendirilmesinde \u00e7ok de\u011ferlidir. \u00dcreticiler, bu malzemelerin ezilme direncini de\u011ferlendirerek ambalaj tasar\u0131m\u0131n\u0131 ta\u015f\u0131ma, istifleme ve nakliye s\u0131ras\u0131nda kar\u015f\u0131la\u015f\u0131lan \u00e7e\u015fitli bas\u0131n\u00e7 kuvvetlerine dayanacak \u015fekilde optimize edebilirler.<\/li>\n<li>Ezilme Direnci Testinden Yararlanan Sekt\u00f6rler: Ezilme Direnci Test Cihaz\u0131, g\u0131da ve i\u00e7ecek, ila\u00e7, elektronik, g\u00fcnl\u00fck kimyasallar ve daha fazlas\u0131 dahil olmak \u00fczere bir\u00e7ok sekt\u00f6rde kalite kontrol\u00fcn\u00fc destekler. Ambalaj dayan\u0131kl\u0131l\u0131\u011f\u0131n\u0131n sa\u011flanmas\u0131na yard\u0131mc\u0131 olarak, \u00fcretimden son kullan\u0131ma kadar \u00fcr\u00fcn b\u00fct\u00fcnl\u00fc\u011f\u00fcn\u00fcn korunmas\u0131na yard\u0131mc\u0131 olur.<\/li>\n<\/ul>\n<h2>Ezilme Direnci Test T\u00fcrlerini ve Y\u00f6ntemlerini Anlama<\/h2>\n<p>YSD-01 \u00e7ok y\u00f6nl\u00fcd\u00fcr ve bir dizi ezilme direnci testi ger\u00e7ekle\u015ftirmek i\u00e7in donat\u0131lm\u0131\u015ft\u0131r. Her test, end\u00fcstrinin zorlu taleplerini kar\u015f\u0131lad\u0131klar\u0131ndan emin olmak i\u00e7in ambalaj malzemelerinin belirli \u00f6zelliklerini de\u011ferlendirir.<\/p>\n<ul>\n<li>Kenar Ezilme Testi (ECT): Bu test, lif levhadaki oluklar\u0131n eksenine dik olan kenara do\u011fru bas\u0131n\u00e7 dayan\u0131m\u0131n\u0131 de\u011ferlendirir. ECT, oluklu ambalaj malzemelerinin istifleme mukavemetini de\u011ferlendirmek i\u00e7in kritik bir \u00f6l\u00e7\u00fcd\u00fcr.<\/li>\n<li>Halka Ezilme Testi (RCT): RCT, ka\u011f\u0131t ve kartonun kenar bas\u0131n\u00e7 dayan\u0131m\u0131n\u0131 veya halka ezilme direncini belirler. Bu test, malzemenin yap\u0131sal b\u00fct\u00fcnl\u00fc\u011f\u00fc ve ezilme kuvvetlerine kar\u015f\u0131 direnci hakk\u0131nda fikir verir.<\/li>\n<li>Pim Yap\u0131\u015fma Testi (PAT): Oluklu mukavvay\u0131 oluk u\u00e7lar\u0131 ve linerboard y\u00fczleri aras\u0131nda ay\u0131rmak i\u00e7in gereken kuvveti \u00f6l\u00e7mek i\u00e7in kullan\u0131lan PAT, oluklu mukavva katmanlar\u0131 i\u00e7indeki ba\u011flanma mukavemetini sa\u011flamak i\u00e7in \u00e7ok \u00f6nemlidir.<\/li>\n<li>D\u00fcz Ezilme Testi (FCT): Bu test, tek y\u00fczl\u00fc ve tek duvarl\u0131 oluklu mukavvan\u0131n d\u00fcz ezilme direncini \u00f6l\u00e7er. FCT, malzemenin y\u00fczeyine uygulanan s\u0131k\u0131\u015ft\u0131rma kuvvetlerine ne kadar iyi dayanabilece\u011fini anlamak i\u00e7in gereklidir.<\/li>\n<li>Oluklu Ortam Testi (CMT): CMT testi, laboratuvarda yiv a\u00e7\u0131ld\u0131ktan sonra oluklu ortam\u0131n d\u00fcz ezilme direncini de\u011ferlendirerek ortam\u0131n ger\u00e7ek d\u00fcnya uygulamalar\u0131nda dayan\u0131kl\u0131l\u0131\u011f\u0131n\u0131 sa\u011flamaya yard\u0131mc\u0131 olur.<\/li>\n<li>Concora Ezilme Testi (CCT): Bu test, laboratuvarda yiv a\u00e7\u0131lm\u0131\u015f bir test par\u00e7as\u0131n\u0131n ar\u0131zalanmadan \u00f6nce dayanabilece\u011fi maksimum kenar s\u0131k\u0131\u015ft\u0131rma kuvvetini \u00f6l\u00e7er ve oluklu ortam\u0131n y\u00fck ta\u015f\u0131ma g\u00fcc\u00fcn\u00fc de\u011ferlendirmek i\u00e7in kritik \u00f6neme sahiptir.<\/li>\n<\/ul>\n<h2>Ezilme Direnci Testi i\u00e7in \u0130lgili Standartlar<\/h2>\n<p>Ezilme Direnci Test Cihaz\u0131, tutarl\u0131, do\u011fru ve g\u00fcvenilir test sonu\u00e7lar\u0131 sa\u011flayan \u00e7e\u015fitli end\u00fcstri standartlar\u0131na ba\u011fl\u0131d\u0131r:<\/p>\n<ul>\n<li>RCT Standartlar\u0131: GB\/T 2679.8, <a href=\"https:\/\/www.iso.org\/standard\/51263.html\" target=\"_blank\" rel=\"noopener nofollow\">ISO 12192<\/a>, TAPPI T822 - Bu standartlar halka ezilme direncini \u00f6l\u00e7mek i\u00e7in protokoller olu\u015fturur.<\/li>\n<li>ECT Standartlar\u0131: GB\/T 6546, <a href=\"https:\/\/www.iso.org\/standard\/80310.html\" target=\"_blank\" rel=\"noopener nofollow\">ISO 3037<\/a>, TAPPI T811, T838, T839 - Ambalaj uygulamalar\u0131 i\u00e7in kenarl\u0131 ezilme direnci testinin do\u011frulu\u011funu sa\u011flar.<\/li>\n<li>PAT Standartlar\u0131: GB\/T 6548, TAPPI T821, JIS Z 0402 - Oluklu malzemelerde oluk u\u00e7lar\u0131 ve linerboard aras\u0131ndaki yap\u0131\u015fmay\u0131 \u00f6l\u00e7mek i\u00e7in test y\u00f6ntemlerini tan\u0131mlar.<\/li>\n<li>FCT Standartlar\u0131: GB\/T 22874, ISO 3035, TAPPI T825 - Oluklu fiber levhan\u0131n d\u00fcz ezilme direnci testi i\u00e7in prosed\u00fcrleri y\u00f6netir.<\/li>\n<li>CMT Standartlar\u0131: ISO 7263-1, TAPPI T809, QB\/T 1061, GB 2679.6 - Oluklu ortam\u0131n d\u00fcz ezilme direncini de\u011ferlendirmek i\u00e7in standartla\u015ft\u0131r\u0131lm\u0131\u015f k\u0131lavuzlar sa\u011flar.<\/li>\n<li>CCT Standartlar\u0131: ISO 16945, TAPPI T843 - Laboratuvarda yivli test par\u00e7alar\u0131nda kenar s\u0131k\u0131\u015ft\u0131rma kuvvetini de\u011ferlendirmek i\u00e7in \u00f6l\u00e7\u00fct\u00fc belirler.<\/li>\n<\/ul>\n<p>Bu standartlar, test cihaz\u0131n\u0131n performans\u0131n\u0131 \u00e7e\u015fitli ezilme direnci \u00f6l\u00e7\u00fcmlerinde do\u011frulayarak kalite g\u00fcvencesini destekler ve malzemelerin dayan\u0131kl\u0131l\u0131k ve g\u00fc\u00e7 i\u00e7in y\u00fcksek end\u00fcstri standartlar\u0131n\u0131 kar\u015f\u0131lamas\u0131n\u0131 sa\u011flar.<\/p>\n<h2>Ezilme Direnci Test Cihaz\u0131 (YSD-01) Teknik \u00d6zellikleri<\/h2>\n<table>\n<tbody>\n<tr>\n<td style=\"text-align: center;\" width=\"167\">Test Aral\u0131\u011f\u0131<\/td>\n<td style=\"text-align: center;\" width=\"167\">5~3000N<\/td>\n<\/tr>\n<tr>\n<td style=\"text-align: center;\" width=\"167\">Do\u011fruluk<\/td>\n<td style=\"text-align: center;\" width=\"167\">\u2264\u00b11%<\/td>\n<\/tr>\n<tr>\n<td style=\"text-align: center;\" width=\"167\">\u00c7\u00f6z\u00fcn\u00fcrl\u00fck<\/td>\n<td style=\"text-align: center;\" width=\"167\">0.01N<\/td>\n<\/tr>\n<tr>\n<td style=\"text-align: center;\" width=\"167\">Merdane Paralelli\u011fi<\/td>\n<td style=\"text-align: center;\" width=\"167\">\u22640,05 mm<\/td>\n<\/tr>\n<tr>\n<td style=\"text-align: center;\" width=\"167\">Test H\u0131z\u0131<\/td>\n<td style=\"text-align: center;\" width=\"167\">12,5\u00b11 mm\/dak<\/td>\n<\/tr>\n<tr>\n<td style=\"text-align: center;\" width=\"167\">Merdane \u00c7ap\u0131<\/td>\n<td style=\"text-align: center;\" width=\"167\">125 mm<\/td>\n<\/tr>\n<tr>\n<td style=\"text-align: center;\" width=\"167\">\u0130nme<\/td>\n<td style=\"text-align: center;\" width=\"167\">80 mm<\/td>\n<\/tr>\n<tr>\n<td style=\"text-align: center;\" width=\"167\">Test Modu<\/td>\n<td style=\"text-align: center;\" width=\"167\">RCT, ECT, FCT, PAT, CMT, CCT<\/td>\n<\/tr>\n<tr>\n<td style=\"text-align: center;\" width=\"167\">HMI<\/td>\n<td style=\"text-align: center;\" width=\"167\">7 in\u00e7 Dokunmatik Ekran<\/td>\n<\/tr>\n<tr>\n<td style=\"text-align: center;\" width=\"167\">\u00c7\u0131kt\u0131 Yazd\u0131r<\/td>\n<td style=\"text-align: center;\" width=\"167\">Entegre Termal Yaz\u0131c\u0131<\/td>\n<\/tr>\n<tr>\n<td style=\"text-align: center;\" width=\"167\">Boyutlar<\/td>\n<td style=\"text-align: center;\" width=\"167\">400*360*550mm<\/td>\n<\/tr>\n<tr>\n<td style=\"text-align: center;\" width=\"167\">A\u011f\u0131rl\u0131k<\/td>\n<td style=\"text-align: center;\" width=\"167\">Yakla\u015f\u0131k 45kg<\/td>\n<\/tr>\n<\/tbody>\n<\/table>\n<h2>Ezilme Direnci Test Cihaz\u0131n\u0131n Avantajlar\u0131<\/h2>\n<ul>\n<li>Hassasiyet ve G\u00fcvenilirlik: Do\u011fruluk i\u00e7in tasarlanan YSD-01, minimum hata ile hassas \u00f6l\u00e7\u00fcm sunarak titiz kalite kontrol ortamlar\u0131 i\u00e7in idealdir.<\/li>\n<li>Test Y\u00f6ntemleri Aras\u0131nda \u00c7ok Y\u00f6nl\u00fcl\u00fck: \u00c7e\u015fitli ezilme testleri i\u00e7in yeteneklere sahip olan test cihaz\u0131, \u015firketlerin tek bir \u00fcnite i\u00e7inde malzeme mukavemeti ve performans\u0131na ili\u015fkin kapsaml\u0131 de\u011ferlendirmeler yapmas\u0131na olanak tan\u0131r.<\/li>\n<li>Kullan\u0131c\u0131 Dostu \u00c7al\u0131\u015fma: 7 in\u00e7 dokunmatik ekran ve dahili termal yaz\u0131c\u0131, test s\u00fcre\u00e7lerini basitle\u015ftirerek kullan\u0131c\u0131lar\u0131n h\u0131zl\u0131 bir \u015fekilde kurulum yapmas\u0131na, y\u00fcr\u00fctmesine ve sonu\u00e7lar\u0131 belgelemesine olanak tan\u0131r.<\/li>\n<\/ul>\n<p>Ezilme Direnci Test Cihaz\u0131 (YSD-01), y\u00fcksek ambalaj kalitesi standartlar\u0131n\u0131 korumaya odaklanan end\u00fcstriler i\u00e7in \u00f6nemli bir ara\u00e7t\u0131r. \u00c7ok y\u00f6nl\u00fc test yetenekleri, end\u00fcstri standartlar\u0131na ba\u011fl\u0131l\u0131\u011f\u0131 ve y\u00fcksek hassasiyetli sonu\u00e7lar\u0131, onu tedarik zinciri boyunca \u00fcr\u00fcn g\u00fcvenli\u011fini ve ambalaj b\u00fct\u00fcnl\u00fc\u011f\u00fcn\u00fc sa\u011flamas\u0131 gereken \u015firketler i\u00e7in de\u011ferli bir ara\u00e7 haline getirmektedir.<\/p>","protected":false},"excerpt":{"rendered":"<p>Bu <strong>Ezilme Direnci Test Cihaz\u0131 (YSD-01)<\/strong> \u00f6zellikle sunta ve oluklu ka\u011f\u0131t olmak \u00fczere ambalaj malzemelerinin ezilme direncini de\u011ferlendirmek i\u00e7in tasarlanm\u0131\u015f y\u00fcksek hassasiyetli bir test cihaz\u0131d\u0131r. Bu test cihaz\u0131, depolama ve nakliye s\u0131ras\u0131nda \u00fcr\u00fcnleri korumak i\u00e7in dayan\u0131kl\u0131 ve esnek ambalajlara g\u00fcvenen end\u00fcstriler i\u00e7in \u00e7ok \u00f6nemlidir. YSD-01, malzemelerin dayanabilece\u011fi d\u00fczlem i\u00e7i s\u0131k\u0131\u015ft\u0131rma kuvvetlerini do\u011fru bir \u015fekilde \u00f6l\u00e7erek, ambalaj\u0131n gerekli performans standartlar\u0131n\u0131 kar\u015f\u0131lamas\u0131n\u0131 sa\u011flar ve nakliye s\u0131ras\u0131nda \u00fcr\u00fcn hasar\u0131 riskini azalt\u0131r.<\/p>","protected":false},"featured_media":6293,"comment_status":"closed","ping_status":"closed","template":"","meta":{"site-sidebar-layout":"default","site-content-layout":"default","ast-global-header-display":"","ast-main-header-display":"","ast-hfb-above-header-display":"","ast-hfb-below-header-display":"","ast-hfb-mobile-header-display":"","site-post-title":"","ast-breadcrumbs-content":"","ast-featured-img":"","footer-sml-layout":"","theme-transparent-header-meta":"default","adv-header-id-meta":"","stick-header-meta":"","header-above-stick-meta":"","header-main-stick-meta":"","header-below-stick-meta":""},"product_cat":[845,953,956,955,1100,1107,1110,1102,954,957,958,952,959,1104,1109,1103,1106,1101,1108,1105,1111,44,95],"product_tag":[],"class_list":{"0":"post-5348","1":"product","2":"type-product","3":"status-publish","4":"has-post-thumbnail","6":"product_cat-customization","7":"product_cat-bursting-tester","8":"product_cat-cobb-tester","9":"product_cat-crush-tester","10":"product_cat-iso-12192","11":"product_cat-iso-3035","12":"product_cat-iso16945","13":"product_cat-iso3037","14":"product_cat-paper-tear-tester","15":"product_cat-plybond-tester","16":"product_cat-puncture-tester","17":"product_cat-rub-tester","18":"product_cat-stiffness-tester","19":"product_cat-tappi-t-838","20":"product_cat-tappi-t809","21":"product_cat-tappi-t811","22":"product_cat-tappi-t821","23":"product_cat-tappi-t822","24":"product_cat-tappi-t825","25":"product_cat-tappi-t839","26":"product_cat-tappi-t843","27":"product_cat-paper-and-board-testers","28":"product_cat-products","29":"desktop-align-left","30":"tablet-align-left","31":"mobile-align-left","33":"first","34":"instock","35":"shipping-taxable","36":"product-type-simple"},"_links":{"self":[{"href":"https:\/\/www.qualitester.com\/tr\/wp-json\/wp\/v2\/product\/5348","targetHints":{"allow":["GET"]}}],"collection":[{"href":"https:\/\/www.qualitester.com\/tr\/wp-json\/wp\/v2\/product"}],"about":[{"href":"https:\/\/www.qualitester.com\/tr\/wp-json\/wp\/v2\/types\/product"}],"replies":[{"embeddable":true,"href":"https:\/\/www.qualitester.com\/tr\/wp-json\/wp\/v2\/comments?post=5348"}],"version-history":[{"count":0,"href":"https:\/\/www.qualitester.com\/tr\/wp-json\/wp\/v2\/product\/5348\/revisions"}],"wp:featuredmedia":[{"embeddable":true,"href":"https:\/\/www.qualitester.com\/tr\/wp-json\/wp\/v2\/media\/6293"}],"wp:attachment":[{"href":"https:\/\/www.qualitester.com\/tr\/wp-json\/wp\/v2\/media?parent=5348"}],"wp:term":[{"taxonomy":"product_cat","embeddable":true,"href":"https:\/\/www.qualitester.com\/tr\/wp-json\/wp\/v2\/product_cat?post=5348"},{"taxonomy":"product_tag","embeddable":true,"href":"https:\/\/www.qualitester.com\/tr\/wp-json\/wp\/v2\/product_tag?post=5348"}],"curies":[{"name":"wp","href":"https:\/\/api.w.org\/{rel}","templated":true}]}}