{"id":5324,"date":"2024-11-13T11:36:35","date_gmt":"2024-11-13T03:36:35","guid":{"rendered":"https:\/\/www.qualitester.com\/?post_type=product&#038;p=5324"},"modified":"2024-12-05T11:23:52","modified_gmt":"2024-12-05T03:23:52","slug":"sale-tissue-thickness-gauge","status":"publish","type":"product","link":"https:\/\/www.qualitester.com\/tr\/urun\/sale-tissue-thickness-gauge\/","title":{"rendered":"THD-01 Doku Kal\u0131nl\u0131\u011f\u0131 \u00d6l\u00e7er"},"content":{"rendered":"<h2><strong>Doku Kal\u0131nl\u0131\u011f\u0131 ve Doku Kal\u0131nl\u0131\u011f\u0131 \u00d6l\u00e7er Test Y\u00f6ntemlerine Giri\u015f<\/strong><\/h2>\n<p>Ka\u011f\u0131t mendil kal\u0131nl\u0131\u011f\u0131, ka\u011f\u0131t mendil \u00fcr\u00fcnlerinin mukavemetini, emicili\u011fini ve yumu\u015fakl\u0131\u011f\u0131n\u0131 etkileyen \u00f6nemli bir kalite \u00f6zelli\u011fidir. Doku kal\u0131nl\u0131\u011f\u0131n\u0131n do\u011fru \u00f6l\u00e7\u00fcm\u00fc, \u00fcreticilerin \u00fcr\u00fcn tutarl\u0131l\u0131\u011f\u0131n\u0131 ve end\u00fcstri standartlar\u0131na uygunlu\u011fu sa\u011flamas\u0131 i\u00e7in \u00e7ok \u00f6nemlidir. Kal\u0131nl\u0131k testi \u00f6zellikle ambalaj, medikal ve t\u00fcketim mallar\u0131 uygulamalar\u0131nda kullan\u0131lan ka\u011f\u0131t mendil \u00fcr\u00fcnleri i\u00e7in \u00f6nemlidir.<\/p>\n<p>Doku kal\u0131nl\u0131\u011f\u0131 testi, belirli bir bas\u0131n\u00e7 alt\u0131nda ka\u011f\u0131t mendil \u00fcr\u00fcnlerinin iki ana y\u00fczeyi aras\u0131ndaki mesafenin \u00f6l\u00e7\u00fclmesini i\u00e7erir. Sonu\u00e7lar, ka\u011f\u0131t mendillerin hacmi, mukavemeti ve kalitesi hakk\u0131nda bilgi verir ve bu da pe\u00e7ete, y\u00fcz mendilleri ve mutfak rulo ka\u011f\u0131tlar\u0131 gibi \u00e7e\u015fitli uygulamalardaki performanslar\u0131n\u0131 do\u011frudan etkiler.<\/p>\n<h2><strong>THD-01 Doku Kal\u0131nl\u0131\u011f\u0131 \u00d6l\u00e7er: \u00dcr\u00fcne Genel Bak\u0131\u015f<\/strong><\/h2>\n<p>Bu <strong>THD-01 Doku Kal\u0131nl\u0131\u011f\u0131 \u00d6l\u00e7er<\/strong>\u00a0pe\u00e7eteler, ka\u011f\u0131t havlular, mendiller ve di\u011fer doku bazl\u0131 \u00fcr\u00fcnler gibi doku \u00fcr\u00fcnlerinin kal\u0131nl\u0131\u011f\u0131n\u0131 ve hacim kal\u0131nl\u0131\u011f\u0131n\u0131 \u00f6l\u00e7mek i\u00e7in tasarlanm\u0131\u015f hassas bir cihazd\u0131r. Hem tek katmanl\u0131 hem de lamine ka\u011f\u0131t mendil tabakalar\u0131n\u0131n do\u011fru ve tutarl\u0131 \u00f6l\u00e7\u00fcmlerini sa\u011flamak i\u00e7in 2KPa'l\u0131k standart bir bas\u0131n\u00e7 kullan\u0131r. Cihaz, ka\u011f\u0131t mendil \u00fcretim end\u00fcstrisinde kalite kontrol ve ara\u015ft\u0131rma uygulamalar\u0131 i\u00e7in idealdir.<\/p>\n<h2><strong>THD-01 Doku Kal\u0131nl\u0131\u011f\u0131 \u00d6l\u00e7er Nas\u0131l \u00c7al\u0131\u015f\u0131r?<\/strong><\/h2>\n<p>THD-01 Doku Kal\u0131nl\u0131\u011f\u0131 \u00d6l\u00e7er, iki paralel, d\u00fcz y\u00fczey aras\u0131nda 2KPa'l\u0131k tutarl\u0131 bir bas\u0131n\u00e7 uygulayarak ka\u011f\u0131t mendil kal\u0131nl\u0131\u011f\u0131n\u0131 \u00f6l\u00e7me prensibine g\u00f6re \u00e7al\u0131\u015f\u0131r. Numune, alt sabit referans plakas\u0131 ile hareketli bir \u00fcst bas\u0131n\u00e7 aya\u011f\u0131 aras\u0131na yerle\u015ftirilir. Bas\u0131n\u00e7 aya\u011f\u0131 2KPa y\u00fck uygulayarak standart test ko\u015fullar\u0131 sa\u011flar. Cihaz daha sonra doku kal\u0131nl\u0131\u011f\u0131n\u0131 belirlemek i\u00e7in y\u00fczeyler aras\u0131ndaki mesafeyi \u00f6l\u00e7er.<\/p>\n<p>Bu y\u00f6ntem, \u00fcretim s\u0131ras\u0131nda ve bitmi\u015f \u00fcr\u00fcnler i\u00e7in doku \u00fcr\u00fcnlerinin \u00f6l\u00e7\u00fcm\u00fcnde do\u011fruluk sa\u011flar ve \u00fcr\u00fcn kalitesi de\u011ferlendirmesi i\u00e7in g\u00fcvenilir veriler sa\u011flar.<\/p>\n<h2><strong>Temel \u00d6zellikler ve Avantajlar<\/strong><\/h2>\n<ul>\n<li>\n<h3><strong>Hassasiyet ve Do\u011fruluk<\/strong><\/h3>\n<ul>\n<li><strong>\u00c7\u00f6z\u00fcn\u00fcrl\u00fck<\/strong>: 0,001 mm ile son derece hassas kal\u0131nl\u0131k \u00f6l\u00e7\u00fcmleri.<\/li>\n<li><strong>G\u00f6sterge Hatas\u0131<\/strong>: Minimum sapma ile hassas okumalar sa\u011flamak i\u00e7in \u00b10,05%.<\/li>\n<\/ul>\n<\/li>\n<li>\n<h3><strong>Tutarl\u0131 Test Ko\u015fullar\u0131<\/strong><\/h3>\n<ul>\n<li><strong>Temas Bas\u0131nc\u0131<\/strong>: T\u00fcm numunelerin ayn\u0131 standart bas\u0131n\u00e7 alt\u0131nda \u00f6l\u00e7\u00fclmesini sa\u011flayarak 2,0 \u00b1 0,1 KPa'l\u0131k bir bas\u0131nc\u0131 korur.<\/li>\n<li><strong>Test H\u0131z\u0131<\/strong>: \u00d6l\u00e7\u00fcm h\u0131z\u0131 2,0 \u00b1 0,2 mm\/s'de kontrol edilerek tutarl\u0131 ve tekrarlanabilir test sonu\u00e7lar\u0131 elde edilir.<\/li>\n<\/ul>\n<\/li>\n<li>\n<h3><strong>\u00c7ok Y\u00f6nl\u00fcl\u00fck<\/strong><\/h3>\n<ul>\n<li>THD-01 Doku Kal\u0131nl\u0131\u011f\u0131 \u00d6l\u00e7er, hem tek katl\u0131 hem de \u00e7ok katl\u0131 tabakalar\u0131n yan\u0131 s\u0131ra lamine edilmi\u015f ve lamine edilmemi\u015f doku malzemeleri de dahil olmak \u00fczere \u00e7ok \u00e7e\u015fitli doku \u00fcr\u00fcnlerini test edebilir.<\/li>\n<\/ul>\n<\/li>\n<li>\n<h3><strong>Kullan\u0131m Kolayl\u0131\u011f\u0131<\/strong><\/h3>\n<ul>\n<li>Kullan\u0131c\u0131 dostu aray\u00fcz\u00fc ve net \u00f6l\u00e7\u00fcm ekran\u0131 ile kullan\u0131m\u0131 kolay olan g\u00f6sterge, hem laboratuvar hem de \u00fcretim sahas\u0131 uygulamalar\u0131 i\u00e7in uygundur.<\/li>\n<\/ul>\n<\/li>\n<\/ul>\n<h2><strong>Teknik Veriler<\/strong><\/h2>\n<table>\n<tbody>\n<tr>\n<td style=\"text-align: center;\" width=\"142\">Test Aral\u0131\u011f\u0131<\/td>\n<td style=\"text-align: center;\" width=\"110\">0~4 mm<\/td>\n<\/tr>\n<tr>\n<td style=\"text-align: center;\" width=\"142\">\u00c7\u00f6z\u00fcn\u00fcrl\u00fck<\/td>\n<td style=\"text-align: center;\" width=\"110\">0.001mm<\/td>\n<\/tr>\n<tr>\n<td style=\"text-align: center;\" width=\"142\">\u0130leti\u015fim Alan\u0131<\/td>\n<td style=\"text-align: center;\" width=\"110\">1000\u00b120 mm\u00b2<\/td>\n<\/tr>\n<tr>\n<td style=\"text-align: center;\" width=\"142\">\u0130leti\u015fim Bas\u0131nc\u0131<\/td>\n<td style=\"text-align: center;\" width=\"110\">2\u00b10,1 kPa<\/td>\n<\/tr>\n<tr>\n<td style=\"text-align: center;\" width=\"142\">Y\u00fczey paralelli\u011fi<\/td>\n<td style=\"text-align: center;\" width=\"110\">\u22640,001 mm<\/td>\n<\/tr>\n<tr>\n<td style=\"text-align: center;\" width=\"142\">G\u00f6sterge hatas\u0131<\/td>\n<td style=\"text-align: center;\" width=\"110\">\u00b10.05\uff05<\/td>\n<\/tr>\n<\/tbody>\n<\/table>\n<h2><strong>Test Y\u00f6ntemleri ve Standartlar<\/strong><\/h2>\n<h3><strong>\u00d6l\u00e7\u00fcm Prensibi<\/strong><\/h3>\n<p>THD-01 Doku Kal\u0131nl\u0131\u011f\u0131 \u00d6l\u00e7er, iki paralel y\u00fczey aras\u0131na sabit 2KPa bas\u0131n\u00e7 uygulayarak ka\u011f\u0131t mendil kal\u0131nl\u0131\u011f\u0131n\u0131 \u00f6l\u00e7er. Numune sabit alt y\u00fczeye yerle\u015ftirilir ve \u00fcst, dairesel bas\u0131n\u00e7 aya\u011f\u0131 a\u015fa\u011f\u0131 do\u011fru hareket ettirilerek belirtilen y\u00fck uygulan\u0131r. \u0130ki y\u00fczey aras\u0131ndaki mesafe daha sonra doku kal\u0131nl\u0131\u011f\u0131 olarak kaydedilir.<\/p>\n<p>Bu y\u00f6ntem, do\u011fru ve tekrarlanabilir sonu\u00e7lar sa\u011flamak i\u00e7in ka\u011f\u0131t mendil end\u00fcstrisinde kullan\u0131lan standart test prosed\u00fcrleriyle tutarl\u0131d\u0131r.<\/p>\n<h3><strong>Doku Kal\u0131nl\u0131\u011f\u0131 Testi i\u00e7in \u0130lgili Standartlar<\/strong><\/h3>\n<ul>\n<li><a href=\"https:\/\/www.iso.org\/standard\/62536.html\" target=\"_blank\" rel=\"noopener nofollow\"><strong>ISO 12625-3<\/strong><\/a>: Kal\u0131nl\u0131k \u00f6l\u00e7\u00fcmleri de dahil olmak \u00fczere ka\u011f\u0131t mendil testleri i\u00e7in standart.<\/li>\n<li><a href=\"https:\/\/imisrise.tappi.org\/TAPPI\/Products\/01\/T\/0104T401.aspx\" target=\"_blank\" rel=\"noopener nofollow\"><strong>TAPPI T401<\/strong><\/a>: Ka\u011f\u0131t ve karton kal\u0131nl\u0131\u011f\u0131n\u0131 \u00f6l\u00e7mek i\u00e7in standart test y\u00f6ntemi.<\/li>\n<li><a href=\"https:\/\/www.astm.org\/d1777-96r19.html\" target=\"_blank\" rel=\"noopener nofollow\"><strong>ASTM D1777<\/strong><\/a>: Ka\u011f\u0131t ve karton kal\u0131nl\u0131\u011f\u0131 i\u00e7in standart test y\u00f6ntemi, malzeme testinde tutarl\u0131l\u0131k sa\u011flar.<\/li>\n<\/ul>\n<h2><strong>Uygulama Alanlar\u0131<\/strong><\/h2>\n<p>THD-01 Doku Kal\u0131nl\u0131\u011f\u0131 \u00d6l\u00e7er, ka\u011f\u0131t mendil \u00fcr\u00fcnleri \u00fcreten end\u00fcstriler i\u00e7in gereklidir:<\/p>\n<ul>\n<li><strong>Ka\u011f\u0131t Mendil \u00dcreticileri<\/strong><br \/>\nKa\u011f\u0131t havlular, pe\u00e7eteler, y\u00fcz mendilleri ve mutfak rulo ka\u011f\u0131tlar\u0131 gibi \u00e7e\u015fitli ka\u011f\u0131t mendil \u00fcr\u00fcnlerinin kal\u0131nl\u0131\u011f\u0131n\u0131 test etmek i\u00e7in idealdir.<\/li>\n<li><strong>Kalite Kontrol ve Ara\u015ft\u0131rma<\/strong><br \/>\nLaboratuvarlarda ve \u00fcretim tesislerinde kalite g\u00fcvencesi, ara\u015ft\u0131rma ve geli\u015ftirme i\u00e7in kullan\u0131l\u0131r ve \u00fcreticilerin doku \u00fcr\u00fcnlerinin tutarl\u0131l\u0131\u011f\u0131n\u0131 ve performans\u0131n\u0131 sa\u011flamas\u0131na yard\u0131mc\u0131 olur.<\/li>\n<li><strong>Ambalaj ve T\u00fcketim Mallar\u0131<\/strong><br \/>\nTHD-01 ayn\u0131 zamanda doku bazl\u0131 ambalaj malzemesi \u00fcreticileri i\u00e7in de de\u011ferlidir ve ambalaj uygulamalar\u0131nda kullan\u0131lan dokunun kal\u0131nl\u0131\u011f\u0131n\u0131 ve kalitesini garanti eder.<\/li>\n<\/ul>\n<h2><strong>S\u0131k\u00e7a Sorulan Sorular (SSS)<\/strong><\/h2>\n<ol>\n<li><strong>Tek kat kal\u0131nl\u0131\u011f\u0131 nedir?<\/strong><br \/>\nTek kat kal\u0131nl\u0131\u011f\u0131, 2KPa statik y\u00fck alt\u0131nda \u00f6l\u00e7\u00fclen tek bir ka\u011f\u0131t mendil kat\u0131n\u0131n iki ana y\u00fczeyi aras\u0131ndaki mesafeyi ifade eder. Bir \u201ckat\u201d ka\u011f\u0131t mendil, lamine edilmemi\u015f bir ka\u011f\u0131t mendil tabakas\u0131d\u0131r.<\/li>\n<li><strong>Tek sayfa kal\u0131nl\u0131\u011f\u0131 nedir?<\/strong><br \/>\nTek tabaka kal\u0131nl\u0131\u011f\u0131, uygulanan 2KPa statik y\u00fck alt\u0131nda \u00f6l\u00e7\u00fclen tek bir ka\u011f\u0131t mendil \u00fcr\u00fcn\u00fcn\u00fcn (lamine veya lamine edilmemi\u015f) iki ana y\u00fczeyi aras\u0131ndaki mesafedir.<\/li>\n<li><strong>\u015ei\u015firme kal\u0131nl\u0131\u011f\u0131 nedir?<\/strong><br \/>\nKabarma kal\u0131nl\u0131\u011f\u0131, 2KPa statik y\u00fck alt\u0131nda \u00fcst \u00fcste bindirilmi\u015f birka\u00e7 tabakan\u0131n kal\u0131nl\u0131\u011f\u0131n\u0131n \u00f6l\u00e7\u00fclmesiyle hesaplanan tek bir ka\u011f\u0131t mendil veya ka\u011f\u0131t mendil \u00fcr\u00fcn\u00fcn\u00fcn kal\u0131nl\u0131\u011f\u0131n\u0131 ifade eder.<\/li>\n<li><strong>THD-01 Doku Kal\u0131nl\u0131\u011f\u0131 \u00d6l\u00e7er do\u011fru sonu\u00e7lar\u0131 nas\u0131l sa\u011flar?<\/strong><br \/>\nTHD-01, 2KPa'l\u0131k tutarl\u0131 bir bas\u0131n\u00e7 uygulayarak, \u00f6l\u00e7\u00fcm i\u00e7in y\u00fcksek hassasiyetli sens\u00f6rler kullanarak ve doku kal\u0131nl\u0131\u011f\u0131ndaki en k\u00fc\u00e7\u00fck de\u011fi\u015fiklikleri bile tespit etmek i\u00e7in 0,001 mm'lik bir \u00e7\u00f6z\u00fcn\u00fcrl\u00fck sunarak hassas ve tekrarlanabilir sonu\u00e7lar sa\u011flar.<\/li>\n<li><strong>THD-01 Doku Kal\u0131nl\u0131\u011f\u0131 \u00d6l\u00e7er \u00e7ok katl\u0131 dokular i\u00e7in kullan\u0131labilir mi?<\/strong><br \/>\nEvet, THD-01 hem tek katl\u0131 hem de \u00e7ok katl\u0131 doku \u00fcr\u00fcnlerini \u00f6l\u00e7mek i\u00e7in kullan\u0131labilir ve lamine edilmi\u015f ve lamine edilmemi\u015f tabakalar dahil olmak \u00fczere \u00e7ok \u00e7e\u015fitli doku malzemeleri i\u00e7in do\u011fru kal\u0131nl\u0131k \u00f6l\u00e7\u00fcmleri sa\u011flar.<\/li>\n<\/ol>","protected":false},"excerpt":{"rendered":"<p>Doku kal\u0131nl\u0131\u011f\u0131 testi, belirli bir bas\u0131n\u00e7 alt\u0131nda ka\u011f\u0131t mendil \u00fcr\u00fcnlerinin iki ana y\u00fczeyi aras\u0131ndaki mesafenin \u00f6l\u00e7\u00fclmesini i\u00e7erir. Sonu\u00e7lar, ka\u011f\u0131t mendillerin hacmi, mukavemeti ve kalitesi hakk\u0131nda bilgi verir ve bu da pe\u00e7ete, y\u00fcz mendilleri ve mutfak rulo ka\u011f\u0131tlar\u0131 gibi \u00e7e\u015fitli uygulamalardaki performanslar\u0131n\u0131 do\u011frudan etkiler.<\/p>","protected":false},"featured_media":6201,"comment_status":"closed","ping_status":"closed","template":"","meta":{"site-sidebar-layout":"default","site-content-layout":"default","ast-global-header-display":"","ast-main-header-display":"","ast-hfb-above-header-display":"","ast-hfb-below-header-display":"","ast-hfb-mobile-header-display":"","site-post-title":"","ast-breadcrumbs-content":"","ast-featured-img":"","footer-sml-layout":"","theme-transparent-header-meta":"default","adv-header-id-meta":"","stick-header-meta":"","header-above-stick-meta":"","header-main-stick-meta":"","header-below-stick-meta":""},"product_cat":[845,953,956,955,1089,954,957,958,952,959,962,685,44,95],"product_tag":[],"class_list":{"0":"post-5324","1":"product","2":"type-product","3":"status-publish","4":"has-post-thumbnail","6":"product_cat-customization","7":"product_cat-bursting-tester","8":"product_cat-cobb-tester","9":"product_cat-crush-tester","10":"product_cat-iso-12625-3","11":"product_cat-paper-tear-tester","12":"product_cat-plybond-tester","13":"product_cat-puncture-tester","14":"product_cat-rub-tester","15":"product_cat-stiffness-tester","16":"product_cat-thickness-gauges","17":"product_cat-thickness-tester","18":"product_cat-paper-and-board-testers","19":"product_cat-products","20":"desktop-align-left","21":"tablet-align-left","22":"mobile-align-left","24":"first","25":"instock","26":"shipping-taxable","27":"product-type-simple"},"_links":{"self":[{"href":"https:\/\/www.qualitester.com\/tr\/wp-json\/wp\/v2\/product\/5324","targetHints":{"allow":["GET"]}}],"collection":[{"href":"https:\/\/www.qualitester.com\/tr\/wp-json\/wp\/v2\/product"}],"about":[{"href":"https:\/\/www.qualitester.com\/tr\/wp-json\/wp\/v2\/types\/product"}],"replies":[{"embeddable":true,"href":"https:\/\/www.qualitester.com\/tr\/wp-json\/wp\/v2\/comments?post=5324"}],"version-history":[{"count":0,"href":"https:\/\/www.qualitester.com\/tr\/wp-json\/wp\/v2\/product\/5324\/revisions"}],"wp:featuredmedia":[{"embeddable":true,"href":"https:\/\/www.qualitester.com\/tr\/wp-json\/wp\/v2\/media\/6201"}],"wp:attachment":[{"href":"https:\/\/www.qualitester.com\/tr\/wp-json\/wp\/v2\/media?parent=5324"}],"wp:term":[{"taxonomy":"product_cat","embeddable":true,"href":"https:\/\/www.qualitester.com\/tr\/wp-json\/wp\/v2\/product_cat?post=5324"},{"taxonomy":"product_tag","embeddable":true,"href":"https:\/\/www.qualitester.com\/tr\/wp-json\/wp\/v2\/product_tag?post=5324"}],"curies":[{"name":"wp","href":"https:\/\/api.w.org\/{rel}","templated":true}]}}