{"id":5316,"date":"2024-11-13T09:40:57","date_gmt":"2024-11-13T01:40:57","guid":{"rendered":"https:\/\/www.qualitester.com\/?post_type=product&#038;p=5316"},"modified":"2024-12-05T09:36:55","modified_gmt":"2024-12-05T01:36:55","slug":"sale-90-degree-peel-tester","status":"publish","type":"product","link":"https:\/\/www.qualitester.com\/tr\/urun\/sale-90-degree-peel-tester\/","title":{"rendered":"MPL-01 90 Derece Soyulma Test Cihaz\u0131"},"content":{"rendered":"<h2><strong>90 Derece Soyulma Test Cihaz\u0131na Giri\u015f<\/strong><\/h2>\n<p>90 Derece Soyma Test Cihaz\u0131, 90 derecelik bir a\u00e7\u0131yla soyuldu\u011funda \u00e7e\u015fitli malzemelerin yap\u0131\u015fma g\u00fcc\u00fcn\u00fc hassas bir \u015fekilde \u00f6l\u00e7mek i\u00e7in tasarlanm\u0131\u015f \u00f6zel bir cihazd\u0131r. Bu test y\u00f6ntemi, PC kartlar\u0131ndaki bak\u0131r folyo devrelerden bantlara, al\u00fcminyum folyolara ve di\u011fer yap\u0131\u015fkan malzemelere kadar \u00e7e\u015fitli \u00fcr\u00fcnlerde yap\u0131\u015fkan g\u00fcvenilirli\u011fi ve dayan\u0131kl\u0131l\u0131\u011f\u0131 sa\u011flamak i\u00e7in kritik \u00f6neme sahiptir. Bir numuneyi dikey bir a\u00e7\u0131yla soymak i\u00e7in gereken kuvveti test ederek, 90 Derece Soyma Test Cihaz\u0131 kalite g\u00fcvencesi, \u00fcr\u00fcn geli\u015ftirme ve end\u00fcstri standartlar\u0131na uyum i\u00e7in gerekli olan do\u011fru, tekrarlanabilir sonu\u00e7lar sa\u011flar.<\/p>\n<h2><strong>90 Derece Soyulma Test Cihaz\u0131 Uygulamalar\u0131<\/strong><\/h2>\n<p>Bu soyulma test cihaz\u0131, a\u015fa\u011f\u0131dakiler de dahil olmak \u00fczere bir\u00e7ok uygulamada yap\u0131\u015fma mukavemetini \u00f6l\u00e7mek i\u00e7in yayg\u0131n olarak kullan\u0131lmaktad\u0131r:<\/p>\n<ul>\n<li><strong>Elektronik<\/strong>: Bak\u0131r folyonun bask\u0131l\u0131 devre kartlar\u0131na (PCB'ler) yap\u0131\u015fmas\u0131n\u0131 test ederek devre g\u00fcvenilirli\u011fini sa\u011flar.<\/li>\n<li><strong>Paketleme<\/strong>: Ambalajda \u00fcr\u00fcn b\u00fct\u00fcnl\u00fc\u011f\u00fc i\u00e7in \u00e7ok \u00f6nemli olan al\u00fcminyum ve kalay folyolar\u0131n soyulma mukavemetinin do\u011frulanmas\u0131.<\/li>\n<li><strong>Yap\u0131\u015ft\u0131r\u0131c\u0131lar ve Bantlar<\/strong>: Bantlar\u0131n ve yap\u0131\u015ft\u0131r\u0131c\u0131lar\u0131n farkl\u0131 y\u00fczeyler \u00fczerindeki yap\u0131\u015fma mukavemetinin de\u011ferlendirilmesi, de\u011fi\u015fen ko\u015fullar alt\u0131nda performans\u0131n sa\u011flanmas\u0131.<\/li>\n<\/ul>\n<p>Bu \u00f6zellikler, 90 Derece Soyulma Test Cihaz\u0131n\u0131 kalite kontrol kurulu\u015flar\u0131, ara\u015ft\u0131rma ve geli\u015ftirme laboratuvarlar\u0131 ve elektronik, ambalaj, yap\u0131\u015ft\u0131r\u0131c\u0131 ve daha fazlas\u0131na odaklanan \u00fcretim ortamlar\u0131 i\u00e7in de\u011ferli bir varl\u0131k haline getirmektedir.<\/p>\n<h2><strong>Temel \u00d6zellikler ve Parametreler<\/strong><\/h2>\n<p>90 Derece Soyma Test Cihaz\u0131, hassasiyet ve \u00e7ok y\u00f6nl\u00fcl\u00fck g\u00f6z \u00f6n\u00fcnde bulundurularak tasarlanm\u0131\u015ft\u0131r:<\/p>\n<ul>\n<li><strong>Etkili \u0130nme<\/strong>: 150 mm, \u00e7ok \u00e7e\u015fitli numune boyutlar\u0131n\u0131 bar\u0131nd\u0131r\u0131r.<\/li>\n<li><strong>Maksimum Y\u00fck Kapasitesi<\/strong>: 500N, y\u00fcksek mukavemetli malzemelerin test edilmesini destekler.<\/li>\n<li><strong>Kompakt Boyutlar (LWH)<\/strong>: 350\u00d7210\u00d7450 mm, laboratuvar alan\u0131n\u0131 optimize eder.<\/li>\n<li><strong>Net A\u011f\u0131rl\u0131k<\/strong>: 19 kg, test s\u0131ras\u0131nda stabilite sa\u011flar.<\/li>\n<li><strong>Etkin Test Alan\u0131<\/strong>: 105\u00d7100 mm, 105\u00d7152 mm'ye kadar geni\u015fletilebilir, \u00e7e\u015fitli numune konfig\u00fcrasyonlar\u0131 i\u00e7in uygundur.<\/li>\n<\/ul>\n<h2><strong>90 Derece Soyulma Testi Y\u00f6ntemine Genel Bak\u0131\u015f<\/strong><\/h2>\n<p>90 derece soyulma testi, iki yap\u0131\u015ft\u0131r\u0131lm\u0131\u015f malzeme aras\u0131ndaki yap\u0131\u015fma mukavemetini de\u011ferlendirmek i\u00e7in kullan\u0131lan standart bir y\u00f6ntemdir. Prosed\u00fcr \u015funlar\u0131 i\u00e7erir:<\/p>\n<ol>\n<li><strong>Kurulum<\/strong>: Yap\u0131\u015fkan alan dikey bir soyma i\u00e7in konumland\u0131r\u0131lm\u0131\u015f \u015fekilde numunenin test stand\u0131na sabitlenmesi.<\/li>\n<li><strong>Y\u00fcr\u00fctme<\/strong>: Numune tutarl\u0131 bir 90 derecelik a\u00e7\u0131yla soyulur ve ba\u011f hatt\u0131 boyunca e\u015fit bir kuvvet uygulamas\u0131 sa\u011flan\u0131r.<\/li>\n<li><strong>\u00d6l\u00e7\u00fcm<\/strong>: Test cihaz\u0131, malzemeleri ay\u0131rmak i\u00e7in gereken yap\u0131\u015fma g\u00fcc\u00fcn\u00fc hesaplayarak ba\u011f b\u00fct\u00fcnl\u00fc\u011f\u00fc hakk\u0131nda g\u00fcvenilir veriler sa\u011flar.<\/li>\n<\/ol>\n<p>Bu y\u00f6ntem, soyulma direncinin kesin bir \u00f6l\u00e7\u00fcs\u00fcn\u00fc sunar ve hem \u00fcr\u00fcn kalite kontrol\u00fc hem de kontroll\u00fc ko\u015fullar alt\u0131nda yap\u0131\u015ft\u0131r\u0131c\u0131 performans\u0131na ili\u015fkin ara\u015ft\u0131rmalar i\u00e7in kullan\u0131l\u0131r.<\/p>\n<h2><strong>90 Derece Soyulma Test Cihaz\u0131 Kullanman\u0131n Avantajlar\u0131<\/strong><\/h2>\n<p>90 Derece Soyulma Test Cihaz\u0131, \u00fcr\u00fcn testinde say\u0131s\u0131z avantaj sa\u011flar:<\/p>\n<ul>\n<li><strong>Do\u011fru ve Tekrarlanabilir Sonu\u00e7lar<\/strong>: G\u00fcvenilir soyulma direnci \u00f6l\u00e7\u00fcmleri i\u00e7in tasarlanm\u0131\u015ft\u0131r, bu da onu hem kalite kontrol hem de Ar-Ge i\u00e7in ideal hale getirir.<\/li>\n<li><strong>\u00c7ok Y\u00f6nl\u00fc Uygulamalar<\/strong>: Birden fazla sekt\u00f6rde \u00e7ok \u00e7e\u015fitli yap\u0131\u015fkan malzemelerin test edilmesi i\u00e7in uygundur.<\/li>\n<li><strong>Kullan\u0131c\u0131 Dostu Tasar\u0131m<\/strong>: Kurulumu ve y\u00fcr\u00fctmeyi basitle\u015ftirerek hassasiyetten \u00f6d\u00fcn vermeden verimli testler yap\u0131lmas\u0131n\u0131 sa\u011flar.<\/li>\n<\/ul>\n<p>90 Derece Soyulma Test Cihaz\u0131, hassas yap\u0131\u015fkan \u00f6l\u00e7\u00fcmlerine dayanan t\u00fcm end\u00fcstriler i\u00e7in \u00f6nemli bir ara\u00e7t\u0131r. Standartla\u015ft\u0131r\u0131lm\u0131\u015f, g\u00fcvenilir veriler sa\u011flama yetene\u011fi, \u00fcr\u00fcn kalitesini ve end\u00fcstri standartlar\u0131na uygunlu\u011fu sa\u011flamak i\u00e7in idealdir. Elektronik ve ambalajdan yap\u0131\u015ft\u0131r\u0131c\u0131lara ve kalite kontrol kurulu\u015flar\u0131na kadar, bu test cihaz\u0131 tutarl\u0131 kalite kontrol ve \u00fcr\u00fcn b\u00fct\u00fcnl\u00fc\u011f\u00fc i\u00e7in bir yat\u0131r\u0131md\u0131r.<\/p>\n<h2><strong>SSS B\u00f6l\u00fcm\u00fc<\/strong><\/h2>\n<ol>\n<li><strong>90 derece soyulma testi nedir?<\/strong><br \/>\n90 derece soyma testi, malzemelerin yap\u0131\u015fkanl\u0131k g\u00fcc\u00fcn\u00fc 90 derecelik bir a\u00e7\u0131yla soyarak \u00f6l\u00e7er, bu da do\u011fru ve tekrarlanabilir sonu\u00e7lar sa\u011flar.<\/li>\n<li><strong>Bu cihazla hangi malzemeler test edilebilir?<\/strong><br \/>\nBu test cihaz\u0131, \u00e7e\u015fitli end\u00fcstrilerde kullan\u0131lan bak\u0131r folyolar, al\u00fcminyum folyolar, bantlar ve di\u011fer yap\u0131\u015fkan \u00fcr\u00fcnler i\u00e7in uygundur.<\/li>\n<li><strong>Soyulma testinde 90 derecelik a\u00e7\u0131 neden \u00f6nemlidir?<\/strong><br \/>\n90 derecelik a\u00e7\u0131, kontroll\u00fc ve tutarl\u0131 bir kuvvet uygulamas\u0131 sa\u011flayarak testler aras\u0131nda kar\u015f\u0131la\u015ft\u0131r\u0131labilen g\u00fcvenilir kuvvet \u00f6l\u00e7\u00fcmleri elde edilmesini sa\u011flar.<\/li>\n<li><strong>Bu test cihaz\u0131n\u0131n maksimum y\u00fck limitleri nelerdir?<\/strong><br \/>\nTest cihaz\u0131 500N'ye kadar y\u00fckleri destekleyerek bir dizi y\u00fcksek mukavemetli malzemeyi test etmek i\u00e7in \u00e7ok y\u00f6nl\u00fc hale getirir.<\/li>\n<li><strong>Hangi sekt\u00f6rlerde 90 derece Soyma Test Cihaz\u0131 kullan\u0131l\u0131r?<\/strong><br \/>\n90 Derece Soyulma Test Cihaz\u0131, hassas yap\u0131\u015ft\u0131r\u0131c\u0131 mukavemeti \u00f6l\u00e7\u00fcmleri gerektiren \u00fcretim sekt\u00f6rlerinde elektronik, ambalaj, yap\u0131\u015ft\u0131r\u0131c\u0131lar ve kalite kontrolde yayg\u0131n olarak kullan\u0131l\u0131r.<\/li>\n<\/ol>\n<div id=\"gtx-anchor\" style=\"position: absolute; visibility: hidden; left: 448.391px; top: 128.922px; width: 54.75px; height: 19px;\"><\/div>\n<div class=\"jfk-bubble gtx-bubble\" style=\"visibility: visible; left: -192px; top: 158px; opacity: 1;\" role=\"alertdialog\" aria-describedby=\"bubble-2\">\n<div id=\"bubble-2\" class=\"jfk-bubble-content-id\">\n<div id=\"gtx-host\" style=\"min-width: 200px; max-width: 400px;\"><\/div>\n<\/div>\n<div class=\"jfk-bubble-closebtn-id jfk-bubble-closebtn\" tabindex=\"0\" role=\"button\" aria-label=\"Kapat\"><\/div>\n<div class=\"jfk-bubble-arrow-id jfk-bubble-arrow jfk-bubble-arrowup\" style=\"left: 475.891px;\">\n<div class=\"jfk-bubble-arrowimplbefore\"><\/div>\n<div class=\"jfk-bubble-arrowimplafter\"><\/div>\n<\/div>\n<\/div>","protected":false},"excerpt":{"rendered":"<p>90 Derece Soyma Test Cihaz\u0131, 90 derecelik bir a\u00e7\u0131yla soyuldu\u011funda \u00e7e\u015fitli malzemelerin yap\u0131\u015fma g\u00fcc\u00fcn\u00fc hassas bir \u015fekilde \u00f6l\u00e7mek i\u00e7in tasarlanm\u0131\u015f \u00f6zel bir cihazd\u0131r. Bu test y\u00f6ntemi, PC kartlar\u0131ndaki bak\u0131r folyo devrelerden bantlara, al\u00fcminyum folyolara ve di\u011fer yap\u0131\u015fkan malzemelere kadar \u00e7e\u015fitli \u00fcr\u00fcnlerde yap\u0131\u015fkan g\u00fcvenilirli\u011fi ve dayan\u0131kl\u0131l\u0131\u011f\u0131 sa\u011flamak i\u00e7in kritik \u00f6neme sahiptir. Bir numuneyi dikey bir a\u00e7\u0131yla soymak i\u00e7in gereken kuvveti test ederek, 90 Derece Soyma Test Cihaz\u0131 kalite g\u00fcvencesi, \u00fcr\u00fcn geli\u015ftirme ve end\u00fcstri standartlar\u0131na uyum i\u00e7in gerekli olan do\u011fru, tekrarlanabilir sonu\u00e7lar sa\u011flar.<\/p>","protected":false},"featured_media":6159,"comment_status":"closed","ping_status":"closed","template":"","meta":{"site-sidebar-layout":"default","site-content-layout":"default","ast-global-header-display":"","ast-main-header-display":"","ast-hfb-above-header-display":"","ast-hfb-below-header-display":"","ast-hfb-mobile-header-display":"","site-post-title":"","ast-breadcrumbs-content":"","ast-featured-img":"","footer-sml-layout":"","theme-transparent-header-meta":"default","adv-header-id-meta":"","stick-header-meta":"","header-above-stick-meta":"","header-main-stick-meta":"","header-below-stick-meta":""},"product_cat":[845,944,953,956,955,954,957,958,952,959,681,16,95],"product_tag":[],"class_list":{"0":"post-5316","1":"product","2":"type-product","3":"status-publish","4":"has-post-thumbnail","6":"product_cat-customization","7":"product_cat-90-peeling-tester","8":"product_cat-bursting-tester","9":"product_cat-cobb-tester","10":"product_cat-crush-tester","11":"product_cat-paper-tear-tester","12":"product_cat-plybond-tester","13":"product_cat-puncture-tester","14":"product_cat-rub-tester","15":"product_cat-stiffness-tester","16":"product_cat-peel-tester","17":"product_cat-plastic-packaging-testers","18":"product_cat-products","19":"desktop-align-left","20":"tablet-align-left","21":"mobile-align-left","23":"first","24":"instock","25":"shipping-taxable","26":"product-type-simple"},"_links":{"self":[{"href":"https:\/\/www.qualitester.com\/tr\/wp-json\/wp\/v2\/product\/5316","targetHints":{"allow":["GET"]}}],"collection":[{"href":"https:\/\/www.qualitester.com\/tr\/wp-json\/wp\/v2\/product"}],"about":[{"href":"https:\/\/www.qualitester.com\/tr\/wp-json\/wp\/v2\/types\/product"}],"replies":[{"embeddable":true,"href":"https:\/\/www.qualitester.com\/tr\/wp-json\/wp\/v2\/comments?post=5316"}],"version-history":[{"count":0,"href":"https:\/\/www.qualitester.com\/tr\/wp-json\/wp\/v2\/product\/5316\/revisions"}],"wp:featuredmedia":[{"embeddable":true,"href":"https:\/\/www.qualitester.com\/tr\/wp-json\/wp\/v2\/media\/6159"}],"wp:attachment":[{"href":"https:\/\/www.qualitester.com\/tr\/wp-json\/wp\/v2\/media?parent=5316"}],"wp:term":[{"taxonomy":"product_cat","embeddable":true,"href":"https:\/\/www.qualitester.com\/tr\/wp-json\/wp\/v2\/product_cat?post=5316"},{"taxonomy":"product_tag","embeddable":true,"href":"https:\/\/www.qualitester.com\/tr\/wp-json\/wp\/v2\/product_tag?post=5316"}],"curies":[{"name":"wp","href":"https:\/\/api.w.org\/{rel}","templated":true}]}}