{"id":5298,"date":"2024-11-12T16:52:09","date_gmt":"2024-11-12T08:52:09","guid":{"rendered":"https:\/\/www.qualitester.com\/?post_type=product&#038;p=5298"},"modified":"2024-12-05T11:12:04","modified_gmt":"2024-12-05T03:12:04","slug":"sale-short-span-compression-tester","status":"publish","type":"product","link":"https:\/\/www.qualitester.com\/tr\/urun\/sale-short-span-compression-tester\/","title":{"rendered":"SCT-01 K\u0131sa A\u00e7\u0131kl\u0131kl\u0131 S\u0131k\u0131\u015ft\u0131rma Test Cihaz\u0131"},"content":{"rendered":"<h2>K\u0131sa A\u00e7\u0131kl\u0131kl\u0131 S\u0131k\u0131\u015ft\u0131rma Test Cihaz\u0131na Giri\u015f<\/h2>\n<p>Bu <strong>SCT-01 K\u0131sa A\u00e7\u0131kl\u0131kl\u0131 S\u0131k\u0131\u015ft\u0131rma Test Cihaz\u0131<\/strong> ka\u011f\u0131t ve kartonlar\u0131n bas\u0131n\u00e7 dayan\u0131m\u0131n\u0131 de\u011ferlendirmek i\u00e7in tasarlanm\u0131\u015f y\u00fcksek hassasiyetli bir cihazd\u0131r ve konteyner ve kutu \u00fcretiminde kullan\u0131lan malzemeler i\u00e7in temel kalite bilgileri sa\u011flar. Bu test cihaz\u0131 \u00f6zellikle 100 g\/m\u00b2 ile 400 g\/m\u00b2 aras\u0131nda gramaja sahip ka\u011f\u0131t ve kartonlar i\u00e7in uygundur ve yaln\u0131zca gerekli mukavemet seviyelerini kar\u015f\u0131layan malzemelerin \u00fcretim i\u00e7in onaylanmas\u0131n\u0131 sa\u011flar. Sa\u011flam tasar\u0131m\u0131 ve geli\u015fmi\u015f \u00f6zellikleriyle SCT-01, \u00fcr\u00fcn dayan\u0131kl\u0131l\u0131\u011f\u0131n\u0131 optimize etmeye yard\u0131mc\u0131 olarak ambalajlama, ka\u011f\u0131t \u00fcretimi ve kalite kontrol kurumlar\u0131 dahil olmak \u00fczere \u00e7e\u015fitli sekt\u00f6rlerde kalite kontrol i\u00e7in de\u011ferli bir ara\u00e7 haline gelir.<\/p>\n<h2>Anahtar Uygulamalar<\/h2>\n<p>SCT-01 <strong>K\u0131sa A\u00e7\u0131kl\u0131kl\u0131 S\u0131k\u0131\u015ft\u0131rma Test Cihaz\u0131 <\/strong>tutarl\u0131 malzeme mukavemeti ve g\u00fcvenilirli\u011fi gerektiren sekt\u00f6rlerde yayg\u0131n olarak uygulanabilir:<\/p>\n<ul>\n<li><strong>Ambalaj End\u00fcstrisi:<\/strong> Ta\u015f\u0131ma ve depolama i\u00e7in \u00e7ok \u00f6nemli olan kutu ve konteyner \u00fcretimi i\u00e7in malzeme kalitesinin do\u011frulanmas\u0131.<\/li>\n<li><strong>Ka\u011f\u0131t ve Karton \u0130malat\u0131:<\/strong> Malzemelerin hem makine hem de \u00e7apraz y\u00f6nlerdeki gerilime dayanabilmesini sa\u011flayarak dayan\u0131kl\u0131l\u0131\u011f\u0131 art\u0131r\u0131r.<\/li>\n<li><strong>Kalite Denetim Ajanslar\u0131:<\/strong> ISO 9895'e uygunluk kontrolleri i\u00e7in standartla\u015ft\u0131r\u0131lm\u0131\u015f bir test y\u00f6ntemi sa\u011flar.<\/li>\n<\/ul>\n<h2>SCT-01 K\u0131sa A\u00e7\u0131kl\u0131kl\u0131 S\u0131k\u0131\u015ft\u0131rma Test Cihaz\u0131n\u0131n Sistem Tan\u0131m\u0131<\/h2>\n<p>Bu <strong>SCT-01 K\u0131sa A\u00e7\u0131kl\u0131kl\u0131 S\u0131k\u0131\u015ft\u0131rma Test Cihaz\u0131<\/strong> hassas kelep\u00e7eler ve do\u011fru test sa\u011flamak i\u00e7in sa\u011flam bir kelep\u00e7eleme mekanizmas\u0131 ile tasarlanm\u0131\u015ft\u0131r:<\/p>\n<ul>\n<li><strong>Kelep\u00e7eler:<\/strong> Test cihaz\u0131, her biri 30 mm uzunlu\u011funda, sabit ve hareketli \u00e7enelere sahip iki kelep\u00e7eye sahiptir. Bu \u00e7eneler, testler s\u0131ras\u0131nda sa\u011flam ve tutarl\u0131 bir kavrama sa\u011flamak i\u00e7in y\u00fcksek s\u00fcrt\u00fcnmeli bir y\u00fczeyle \u00fcretilmi\u015ftir.<\/li>\n<li><strong>S\u0131k\u0131\u015ft\u0131rma Kuvveti:<\/strong> Test par\u00e7as\u0131n\u0131 t\u00fcm geni\u015fli\u011fi boyunca g\u00fcvenli bir \u015fekilde tutan 2300 \u00b1 500 N'luk sabit bir s\u0131k\u0131\u015ft\u0131rma kuvveti uygular.<\/li>\n<li><strong>\u00c7ene Hizalama:<\/strong> Sabit ve hareketli \u00e7eneler paraleldir, her testte homojenli\u011fi korur ve do\u011fru \u00f6l\u00e7\u00fcmleri destekler.<\/li>\n<li><strong>Pn\u00f6matik S\u0131k\u0131\u015ft\u0131rma ve Ayarlanabilir Test H\u0131z\u0131:<\/strong> Test cihaz\u0131n\u0131n \u00f6zelle\u015ftirilebilir kuvvet ve ayarlanabilir h\u0131za sahip pn\u00f6matik s\u0131k\u0131\u015ft\u0131rma sistemi, \u00e7e\u015fitli test gereksinimlerine ve malzeme t\u00fcrlerine uyum sa\u011flayarak esneklik sa\u011flar.<\/li>\n<\/ul>\n<h2>K\u0131sa A\u00e7\u0131kl\u0131kl\u0131 S\u0131k\u0131\u015ft\u0131rma Testinin Test Prensibi<\/h2>\n<p>SCT-01 <strong>K\u0131sa A\u00e7\u0131kl\u0131kl\u0131 S\u0131k\u0131\u015ft\u0131rma Test Cihaz\u0131 <\/strong>basit ama g\u00fcvenilir bir test prensibiyle \u00e7al\u0131\u015f\u0131r:<\/p>\n<ul>\n<li>15 mm geni\u015fli\u011finde bir test numunesi, ba\u015flang\u0131\u00e7ta 0,70 mm aral\u0131kl\u0131 iki \u00e7ene aras\u0131na s\u0131k\u0131\u015ft\u0131r\u0131l\u0131r.<\/li>\n<li>\u00c7eneler daha sonra test numunesini uygulanan kuvvet alt\u0131nda ba\u015far\u0131s\u0131z olana kadar s\u0131k\u0131\u015ft\u0131r\u0131r.<\/li>\n<li>S\u0131k\u0131\u015ft\u0131rma ba\u015far\u0131s\u0131zl\u0131\u011f\u0131ndan \u00f6nce uygulanan maksimum kuvvet kaydedilir ve bu de\u011fer malzemenin s\u0131k\u0131\u015ft\u0131rma mukavemetini hesaplamak i\u00e7in kullan\u0131l\u0131r.<\/li>\n<\/ul>\n<p>Bu y\u00f6ntem g\u00fcvenilir, tekrarlanabilir sonu\u00e7lar sunarak \u00fcreticilerin ger\u00e7ek hayattaki uygulama ortamlar\u0131nda malzemenin mukavemetini belirlemelerine yard\u0131mc\u0131 olur.<\/p>\n<h2>ISO 9895 ve Test Y\u00f6ntemlerine Genel Bak\u0131\u015f<\/h2>\n<p>SCT-01 K\u0131sa A\u00e7\u0131kl\u0131kl\u0131 S\u0131k\u0131\u015ft\u0131rma Test Cihaz\u0131 <a href=\"https:\/\/www.iso.org\/standard\/41400.html\" target=\"_blank\" rel=\"noopener nofollow\"><strong>ISO 9895<\/strong><\/a> standard\u0131, ka\u011f\u0131t ve kartonlar\u0131n k\u0131sa a\u00e7\u0131kl\u0131kl\u0131 bas\u0131n\u00e7 dayan\u0131m\u0131n\u0131 de\u011ferlendirmek i\u00e7in d\u00fcnya \u00e7ap\u0131nda tan\u0131nan bir \u00f6l\u00e7\u00fctt\u00fcr.<\/p>\n<ul>\n<li><strong>Giri\u015f <a href=\"https:\/\/www.qualitester.com\/tr\/urun-kategori\/iso\/iso-9895\/\" target=\"_blank\" rel=\"noopener\">ISO 9895<\/a>:<\/strong> ISO 9895, farkl\u0131 laboratuvarlar ve end\u00fcstriler aras\u0131nda tutarl\u0131l\u0131\u011f\u0131 sa\u011flamak i\u00e7in kurulum ve test s\u00fcrecine rehberlik ederek bas\u0131n\u00e7 dayan\u0131m\u0131n\u0131 belirleme prosed\u00fcrlerini belirtir.<\/li>\n<li><strong>Test Y\u00f6ntemi Gereklilikleri:<\/strong> ISO 9895, test par\u00e7alar\u0131n\u0131n boyutlar\u0131n\u0131, spesifik s\u0131k\u0131\u015ft\u0131rma kuvvetlerini, s\u0131k\u0131\u015ft\u0131rma h\u0131z\u0131n\u0131 ve bas\u0131n\u00e7 dayan\u0131m\u0131 hesaplamalar\u0131n\u0131 ana hatlar\u0131yla belirleyerek do\u011fru ve kar\u015f\u0131la\u015ft\u0131r\u0131labilir sonu\u00e7lar i\u00e7in standartla\u015ft\u0131r\u0131lm\u0131\u015f testler yap\u0131lmas\u0131n\u0131 sa\u011flar.<\/li>\n<li><strong>ISO 9895 Uyumlulu\u011funun \u00d6nemi:<\/strong> ISO 9895 ile uyumluluk, SCT-01'in uluslararas\u0131 kalite ve dayan\u0131kl\u0131l\u0131k standartlar\u0131n\u0131 kar\u015f\u0131lamay\u0131 ama\u00e7layan end\u00fcstriler i\u00e7in \u00e7ok \u00f6nemli olan g\u00fcvenilir, do\u011fru bas\u0131n\u00e7 dayan\u0131m\u0131 \u00f6l\u00e7\u00fcmleri sa\u011flamas\u0131n\u0131 garanti eder.<\/li>\n<\/ul>\n<h2>SCT-01 K\u0131sa A\u00e7\u0131kl\u0131kl\u0131 S\u0131k\u0131\u015ft\u0131rma Test Cihaz\u0131n\u0131n Faydalar\u0131<\/h2>\n<p>SCT-01 <strong>K\u0131sa A\u00e7\u0131kl\u0131kl\u0131 S\u0131k\u0131\u015ft\u0131rma Test Cihaz\u0131 <\/strong>k\u0131sa a\u00e7\u0131kl\u0131kl\u0131 s\u0131k\u0131\u015ft\u0131rma testi i\u00e7in ideal bir se\u00e7im haline getiren \u00e7e\u015fitli avantajlar sunar:<\/p>\n<ul>\n<li><strong>Kullan\u0131c\u0131 Dostu \u00c7al\u0131\u015fma:<\/strong> Kolay kullan\u0131m i\u00e7in PLC kontrol sistemi ve HMI ile donat\u0131lm\u0131\u015f olan SCT-01, operat\u00f6r hatalar\u0131n\u0131 en aza indirir.<\/li>\n<li><strong>Geli\u015ftirilmi\u015f G\u00fcvenlik \u00d6zellikleri:<\/strong> G\u00fcvenli \u00e7al\u0131\u015fmay\u0131 sa\u011flamak i\u00e7in bir acil durdurma d\u00fc\u011fmesi ve a\u015f\u0131r\u0131 menzil korumas\u0131 i\u00e7erir.<\/li>\n<li><strong>\u00c7ok Birimli G\u00f6r\u00fcnt\u00fcleme Se\u00e7enekleri:<\/strong> Kullan\u0131c\u0131 gereksinimlerine g\u00f6re esneklik i\u00e7in test sonu\u00e7lar\u0131n\u0131 birden fazla birimde (N, kgf, lbf) g\u00f6r\u00fcnt\u00fcler.<\/li>\n<li><strong>Geli\u015fmi\u015f Veri Y\u00f6netimi:<\/strong> An\u0131nda sonu\u00e7 yazd\u0131rma i\u00e7in yerle\u015fik bir nokta vuru\u015flu yaz\u0131c\u0131ya ve verimli veri aktar\u0131m\u0131 ve depolamas\u0131 i\u00e7in yaz\u0131l\u0131ml\u0131 iste\u011fe ba\u011fl\u0131 bir RS-232 COM ba\u011flant\u0131 noktas\u0131na sahiptir.<\/li>\n<\/ul>\n<h2>SCT-01'in Teknik \u00d6zellikleri<\/h2>\n<p>A\u015fa\u011f\u0131da SCT-01'in ana teknik parametrelerinin bir \u00f6zeti yer almaktad\u0131r:<\/p>\n<table>\n<thead>\n<tr>\n<th>Parametre<\/th>\n<th>\u015eartname<\/th>\n<\/tr>\n<\/thead>\n<tbody>\n<tr>\n<td style=\"text-align: center;\">Test Aral\u0131\u011f\u0131<\/td>\n<td style=\"text-align: center;\">1~500N (0,06~33,3 KN\/m)<\/td>\n<\/tr>\n<tr>\n<td style=\"text-align: center;\">S\u0131k\u0131\u015ft\u0131rma Mesafesi<\/td>\n<td style=\"text-align: center;\">0,3~0,7 mm<\/td>\n<\/tr>\n<tr>\n<td style=\"text-align: center;\">S\u0131k\u0131\u015ft\u0131rma Uzunlu\u011fu<\/td>\n<td style=\"text-align: center;\">30 \u00b1 0,5 mm<\/td>\n<\/tr>\n<tr>\n<td style=\"text-align: center;\">Test H\u0131z\u0131<\/td>\n<td style=\"text-align: center;\">3 \u00b1 0,1 mm\/dak<\/td>\n<\/tr>\n<tr>\n<td style=\"text-align: center;\">\u00c7\u00f6z\u00fcn\u00fcrl\u00fck<\/td>\n<td style=\"text-align: center;\">0.01 N<\/td>\n<\/tr>\n<tr>\n<td style=\"text-align: center;\">\u00d6rneklem B\u00fcy\u00fckl\u00fc\u011f\u00fc<\/td>\n<td style=\"text-align: center;\">15 mm (geni\u015flik) x 75 mm (uzunluk)<\/td>\n<\/tr>\n<tr>\n<td style=\"text-align: center;\">Gaz Bas\u0131nc\u0131 Gereksinimi<\/td>\n<td style=\"text-align: center;\">0,5 MPa<\/td>\n<\/tr>\n<tr>\n<td style=\"text-align: center;\">Gaz Ba\u011flant\u0131 Noktas\u0131 Boyutu<\/td>\n<td style=\"text-align: center;\">\u04246 mm<\/td>\n<\/tr>\n<tr>\n<td style=\"text-align: center;\">G\u00fc\u00e7 Gereksinimi<\/td>\n<td style=\"text-align: center;\">AC 110~220V, 50Hz<\/td>\n<\/tr>\n<\/tbody>\n<\/table>\n<p>Bu \u00f6zellikler SCT-01'in \u00e7ok y\u00f6nl\u00fc, do\u011fru ve uyarlanabilir olmas\u0131n\u0131 sa\u011flayarak zorlu end\u00fcstriyel kullan\u0131m i\u00e7in ideal olmas\u0131n\u0131 sa\u011flar.<\/p>\n<h2>Uyumluluk ve Standartlar <strong>K\u0131sa A\u00e7\u0131kl\u0131kl\u0131 S\u0131k\u0131\u015ft\u0131rma Test Cihaz\u0131<\/strong><\/h2>\n<p>SCT-01 K\u0131sa A\u00e7\u0131kl\u0131kl\u0131 S\u0131k\u0131\u015ft\u0131rma Test Cihaz\u0131, profesyonel ortamlarda g\u00fcvenilirli\u011fini ve uygunlu\u011funu art\u0131ran \u00e7e\u015fitli standartlarla uyumludur:<\/p>\n<ul>\n<li><strong><a href=\"https:\/\/www.iso.org\/standard\/41400.html\" target=\"_blank\" rel=\"noopener nofollow\">ISO 9895<\/a>:<\/strong> G\u00fcvenilir k\u0131sa a\u00e7\u0131kl\u0131kl\u0131 bas\u0131n\u00e7 dayan\u0131m\u0131 \u00f6l\u00e7\u00fcmlerini garanti eder.<\/li>\n<li><strong>GB\/T 2679.10:<\/strong> \u00c7e\u015fitli pazarlarda end\u00fcstri standartlar\u0131yla uyumlulu\u011fu sa\u011flayarak b\u00f6lgesel uyumluluk sa\u011flar.<\/li>\n<\/ul>\n<h2>S\u0131k\u00e7a Sorulan Sorular (SSS)<\/h2>\n<ol>\n<li><strong>SCT-01 ile ne t\u00fcr malzemeler test edilebilir?<\/strong>\n<ul>\n<li>SCT-01, ambalaj ve kutu \u00fcretiminde yayg\u0131n olarak kullan\u0131lan 100 g\/m\u00b2 ila 400 g\/m\u00b2 gramaj aral\u0131\u011f\u0131ndaki ka\u011f\u0131tlar ve levhalar i\u00e7in uygundur.<\/li>\n<\/ul>\n<\/li>\n<li><strong>SCT-01 do\u011fru s\u0131k\u0131\u015ft\u0131rma testi sonu\u00e7lar\u0131n\u0131 nas\u0131l sa\u011flar?<\/strong>\n<ul>\n<li>SCT-01'in paralel ve y\u00fcksek s\u00fcrt\u00fcnmeli \u00e7eneleri, tutarl\u0131 s\u0131k\u0131\u015ft\u0131rma kuvveti ve ISO 9895 standartlar\u0131na uygunlu\u011fu, son derece do\u011fru ve tekrarlanabilir test sonu\u00e7lar\u0131 sa\u011flar.<\/li>\n<\/ul>\n<\/li>\n<li><strong>ISO 9895 uyumlulu\u011fu s\u0131k\u0131\u015ft\u0131rma testi i\u00e7in neden \u00f6nemlidir?<\/strong>\n<ul>\n<li>ISO 9895, test y\u00f6ntemleri i\u00e7in k\u00fcresel standartlar belirleyerek sonu\u00e7lar\u0131n g\u00fcvenilir ve sekt\u00f6rler aras\u0131nda kar\u015f\u0131la\u015ft\u0131r\u0131labilir olmas\u0131n\u0131 sa\u011flar.<\/li>\n<\/ul>\n<\/li>\n<li><strong>Pn\u00f6matik kelep\u00e7eleme test do\u011frulu\u011funu nas\u0131l art\u0131r\u0131r?<\/strong>\n<ul>\n<li>Pn\u00f6matik kelep\u00e7eleme, numune boyunca tutarl\u0131 bir bas\u0131n\u00e7 sa\u011flayarak test sonu\u00e7lar\u0131n\u0131 etkileyebilecek kayma veya hasar\u0131 \u00f6nler.<\/li>\n<\/ul>\n<\/li>\n<li><strong>\u00c7ok birimli ekran ve veri y\u00f6netimi yaz\u0131l\u0131m\u0131 kullanman\u0131n faydalar\u0131 nelerdir?<\/strong>\n<ul>\n<li>\u00c7ok birimli ekran, kullan\u0131c\u0131lar\u0131n sonu\u00e7lar\u0131 farkl\u0131 birimlerde g\u00f6r\u00fcnt\u00fclemesine olanak tan\u0131rken, veri y\u00f6netimi yaz\u0131l\u0131m\u0131 sonu\u00e7 analizini ve uzun vadeli kay\u0131t tutmay\u0131 kolayla\u015ft\u0131rarak test verimlili\u011fini art\u0131r\u0131r.<\/li>\n<\/ul>\n<\/li>\n<\/ol>","protected":false},"excerpt":{"rendered":"<p>Bu <strong>SCT-01 K\u0131sa A\u00e7\u0131kl\u0131kl\u0131 S\u0131k\u0131\u015ft\u0131rma Test Cihaz\u0131<\/strong> ka\u011f\u0131t ve kartonlar\u0131n bas\u0131n\u00e7 dayan\u0131m\u0131n\u0131 de\u011ferlendirmek i\u00e7in tasarlanm\u0131\u015f y\u00fcksek hassasiyetli bir cihazd\u0131r ve konteyner ve kutu \u00fcretiminde kullan\u0131lan malzemeler i\u00e7in temel kalite bilgileri sa\u011flar. Bu test cihaz\u0131 \u00f6zellikle 100 g\/m\u00b2 ile 400 g\/m\u00b2 aras\u0131nda gramaja sahip ka\u011f\u0131t ve kartonlar i\u00e7in uygundur ve yaln\u0131zca gerekli mukavemet seviyelerini kar\u015f\u0131layan malzemelerin \u00fcretim i\u00e7in onaylanmas\u0131n\u0131 sa\u011flar. Sa\u011flam tasar\u0131m\u0131 ve geli\u015fmi\u015f \u00f6zellikleriyle SCT-01, \u00fcr\u00fcn dayan\u0131kl\u0131l\u0131\u011f\u0131n\u0131 optimize etmeye yard\u0131mc\u0131 olarak ambalajlama, ka\u011f\u0131t \u00fcretimi ve kalite kontrol kurumlar\u0131 dahil olmak \u00fczere \u00e7e\u015fitli sekt\u00f6rlerde kalite kontrol i\u00e7in de\u011ferli bir ara\u00e7 haline gelir.<\/p>","protected":false},"featured_media":6195,"comment_status":"closed","ping_status":"closed","template":"","meta":{"site-sidebar-layout":"default","site-content-layout":"default","ast-global-header-display":"","ast-main-header-display":"","ast-hfb-above-header-display":"","ast-hfb-below-header-display":"","ast-hfb-mobile-header-display":"","site-post-title":"","ast-breadcrumbs-content":"","ast-featured-img":"","footer-sml-layout":"","theme-transparent-header-meta":"default","adv-header-id-meta":"","stick-header-meta":"","header-above-stick-meta":"","header-main-stick-meta":"","header-below-stick-meta":""},"product_cat":[964,845,1088,965,44,95],"product_tag":[],"class_list":{"0":"post-5298","1":"product","2":"type-product","3":"status-publish","4":"has-post-thumbnail","6":"product_cat-box-compression-tester","7":"product_cat-customization","8":"product_cat-iso-9895","9":"product_cat-package-compression-tester","10":"product_cat-paper-and-board-testers","11":"product_cat-products","12":"desktop-align-left","13":"tablet-align-left","14":"mobile-align-left","16":"first","17":"instock","18":"shipping-taxable","19":"product-type-simple"},"_links":{"self":[{"href":"https:\/\/www.qualitester.com\/tr\/wp-json\/wp\/v2\/product\/5298","targetHints":{"allow":["GET"]}}],"collection":[{"href":"https:\/\/www.qualitester.com\/tr\/wp-json\/wp\/v2\/product"}],"about":[{"href":"https:\/\/www.qualitester.com\/tr\/wp-json\/wp\/v2\/types\/product"}],"replies":[{"embeddable":true,"href":"https:\/\/www.qualitester.com\/tr\/wp-json\/wp\/v2\/comments?post=5298"}],"version-history":[{"count":0,"href":"https:\/\/www.qualitester.com\/tr\/wp-json\/wp\/v2\/product\/5298\/revisions"}],"wp:featuredmedia":[{"embeddable":true,"href":"https:\/\/www.qualitester.com\/tr\/wp-json\/wp\/v2\/media\/6195"}],"wp:attachment":[{"href":"https:\/\/www.qualitester.com\/tr\/wp-json\/wp\/v2\/media?parent=5298"}],"wp:term":[{"taxonomy":"product_cat","embeddable":true,"href":"https:\/\/www.qualitester.com\/tr\/wp-json\/wp\/v2\/product_cat?post=5298"},{"taxonomy":"product_tag","embeddable":true,"href":"https:\/\/www.qualitester.com\/tr\/wp-json\/wp\/v2\/product_tag?post=5298"}],"curies":[{"name":"wp","href":"https:\/\/api.w.org\/{rel}","templated":true}]}}