{"id":5295,"date":"2024-11-12T16:42:22","date_gmt":"2024-11-12T08:42:22","guid":{"rendered":"https:\/\/www.qualitester.com\/?post_type=product&#038;p=5295"},"modified":"2024-12-05T11:00:26","modified_gmt":"2024-12-05T03:00:26","slug":"sale-paper-softness-tester","status":"publish","type":"product","link":"https:\/\/www.qualitester.com\/tr\/urun\/sale-paper-softness-tester\/","title":{"rendered":"RRD-01 Ka\u011f\u0131t Yumu\u015fakl\u0131k Test Cihaz\u0131"},"content":{"rendered":"<h2>Giri\u015f<\/h2>\n<p>Ka\u011f\u0131t Yumu\u015fakl\u0131\u011f\u0131 Test Cihaz\u0131, ka\u011f\u0131t mendil, dokuma olmayan kuma\u015flar ve di\u011fer yumu\u015fak ambalaj malzemeleri gibi malzemelerin yumu\u015fakl\u0131\u011f\u0131n\u0131 \u00f6l\u00e7mek i\u00e7in tasarlanm\u0131\u015f hassas bir cihazd\u0131r. Bu cihaz, ambalaj, t\u0131bbi cihazlar, tekstil ve g\u00fcnl\u00fck t\u00fcketim mallar\u0131 gibi sekt\u00f6rlerde temel fakt\u00f6rler olan \u00e7e\u015fitli malzemelerin yumu\u015fakl\u0131\u011f\u0131 ve esnekli\u011fi hakk\u0131nda do\u011fru veriler sa\u011flayarak kalite kontrol\u00fcnde kritik bir rol oynar. Geli\u015fmi\u015f otomasyon ve elektronik \u00f6l\u00e7\u00fcm teknolojisi ile donat\u0131lm\u0131\u015f olan Ka\u011f\u0131t Yumu\u015fakl\u0131\u011f\u0131 Test Cihaz\u0131, h\u0131zl\u0131, g\u00fcvenilir ve tekrarlanabilir sonu\u00e7lar sa\u011flayarak \u00fcreticilerin \u00fcr\u00fcn standartlar\u0131n\u0131 korumas\u0131na ve t\u00fcketici beklentilerini kar\u015f\u0131lamas\u0131na yard\u0131mc\u0131 olur.<\/p>\n<h2>\u00c7al\u0131\u015fma Prensibi<\/h2>\n<p>Ka\u011f\u0131t Yumu\u015fakl\u0131k Test Cihaz\u0131 bir b\u0131\u00e7ak ve yuva mekanizmas\u0131na dayal\u0131 olarak \u00e7al\u0131\u015f\u0131r. Test s\u0131ras\u0131nda, bir numune test platformundaki bir yuvaya yerle\u015ftirilir ve burada bir b\u0131\u00e7ak (prob) malzemeyi yuvaya itmek i\u00e7in kuvvet uygular. Test cihaz\u0131 taraf\u0131ndan \u00f6l\u00e7\u00fclen bu kuvvet, numunenin b\u00fck\u00fclmeye kar\u015f\u0131 direncini veya esnekli\u011fini temsil etti\u011fi i\u00e7in numunenin yumu\u015fakl\u0131k seviyesini g\u00f6sterir. Test cihaz\u0131n\u0131n tasar\u0131m\u0131, kullan\u0131c\u0131 m\u00fcdahalesini en aza indirerek hassasiyeti garanti eder, bu da onu hem laboratuvarlar hem de \u00fcretim hatlar\u0131 i\u00e7in g\u00fcvenilir bir se\u00e7im haline getirir.<\/p>\n<h2>Uygulama Alanlar\u0131<\/h2>\n<p>Ka\u011f\u0131t Yumu\u015fakl\u0131k Test Cihaz\u0131, \u00e7e\u015fitli end\u00fcstrilerdeki \u00fcr\u00fcnlerin fiziksel \u00f6zelliklerini de\u011ferlendirmek i\u00e7in gereklidir:<\/p>\n<ul>\n<li><strong>Ambalaj Malzemeleri<\/strong>: Yumu\u015fak ka\u011f\u0131t mendil, ince plastik filmler ve karton gibi ambalaj malzemelerinin yumu\u015fakl\u0131k ve esneklik gereksinimlerini kar\u015f\u0131lamas\u0131n\u0131 sa\u011flar.<\/li>\n<li><strong>Ka\u011f\u0131t \u00dcr\u00fcnleri<\/strong>: Optimum yumu\u015fakl\u0131\u011f\u0131 sa\u011flamak i\u00e7in ka\u011f\u0131t mendil, tuvalet ka\u011f\u0131d\u0131 ve di\u011fer t\u00fcketici ka\u011f\u0131t \u00fcr\u00fcnlerini test etmek i\u00e7in idealdir.<\/li>\n<li><strong>Medikal ve Farmas\u00f6tik<\/strong>: \u0130\u015flevsellik ve konfor i\u00e7in belirli bir yumu\u015fakl\u0131\u011fa ihtiya\u00e7 duyan t\u0131bbi s\u0131n\u0131f ka\u011f\u0131tlar ve dokumas\u0131z kuma\u015flar gibi malzemeler i\u00e7in uygundur.<\/li>\n<li><strong>Tekstil ve Yap\u0131\u015ft\u0131r\u0131c\u0131lar<\/strong>: Tekstillerin ve yap\u0131\u015ft\u0131r\u0131c\u0131lar\u0131n yumu\u015fakl\u0131\u011f\u0131n\u0131 ve esnekli\u011fini de\u011ferlendirerek konfor ve kullan\u0131labilirlik a\u00e7\u0131s\u0131ndan end\u00fcstri standartlar\u0131n\u0131 kar\u015f\u0131lamalar\u0131n\u0131 sa\u011flar.<\/li>\n<\/ul>\n<p>Bu \u00e7ok y\u00f6nl\u00fcl\u00fck, test cihaz\u0131n\u0131 ambalaj, g\u0131da, ila\u00e7, tekstil ve kalite kontrol kurulu\u015flar\u0131 gibi sekt\u00f6rlerde vazge\u00e7ilmez k\u0131lmaktad\u0131r.<\/p>\n<h2>Temel Standartlar<\/h2>\n<p>Ka\u011f\u0131t Yumu\u015fakl\u0131\u011f\u0131 Test Cihaz\u0131 a\u015fa\u011f\u0131dakilerle tamamen uyumludur <a href=\"https:\/\/www.qualitester.com\/tr\/urun-kategori\/astm\/\" target=\"_blank\" rel=\"noopener\">ASTM standartlar\u0131<\/a>, standartla\u015ft\u0131r\u0131lm\u0131\u015f test y\u00f6ntemleri ve g\u00fcvenilir sonu\u00e7lar sa\u011flar:<\/p>\n<ul>\n<li><strong>GB\/T 8942<\/strong> Ka\u011f\u0131t-Yumu\u015fakl\u0131\u011f\u0131n Belirlenmesi<\/li>\n<li><a href=\"https:\/\/www.astm.org\/d2923-06.html\" target=\"_blank\" rel=\"noopener nofollow\"><strong>ASTM D2923<\/strong><\/a> Poliolefin Film ve Tabakalar\u0131n Sertli\u011fi i\u00e7in Test Y\u00f6ntemi<\/li>\n<li><strong>QB\/T 1060<\/strong> Yumu\u015fakl\u0131k Test Cihaz\u0131<\/li>\n<li><a href=\"https:\/\/www.tappi.org\/product_pull\/09\/dec__06\/__30\/softness-of-sanitary-tissues\/\" target=\"_blank\" rel=\"noopener nofollow\"><strong>TAPPI T498<\/strong><\/a> Hijyenik Mendillerin Yumu\u015fakl\u0131\u011f\u0131<\/li>\n<li><strong><a href=\"https:\/\/www.astm.org\/d6828-02r19.html\" target=\"_blank\" rel=\"noopener nofollow\">ASTM D6828<\/a>-02<\/strong> (Yeniden Onayland\u0131 2019) B\u0131\u00e7ak\/Yuva Prosed\u00fcr\u00fc ile Kuma\u015f Sertli\u011fi i\u00e7in Standart Test Y\u00f6ntemi<\/li>\n<\/ul>\n<p>Bu ASTM standartlar\u0131na ba\u011fl\u0131l\u0131k, Ka\u011f\u0131t Yumu\u015fakl\u0131k Test Cihaz\u0131n\u0131n uluslararas\u0131 test gereksinimlerini kar\u015f\u0131lad\u0131\u011f\u0131n\u0131 garanti ederek kullan\u0131c\u0131lara sonu\u00e7lar\u0131n\u0131n kalitesi ve do\u011frulu\u011fu konusunda g\u00fcven verir.<\/p>\n<h2>Ka\u011f\u0131t Yumu\u015fakl\u0131k Test Cihaz\u0131n\u0131n Faydalar\u0131<\/h2>\n<ul>\n<li><strong>Otomatik, Do\u011fru \u00d6l\u00e7\u00fcmler<\/strong>: Test cihaz\u0131n\u0131n otomatik tasar\u0131m\u0131, insan hatas\u0131 olas\u0131l\u0131\u011f\u0131n\u0131 en aza indirir ve manuel ayarlamalar olmadan tutarl\u0131 bir \u015fekilde hassas sonu\u00e7lar sa\u011flar.<\/li>\n<li><strong>Kullan\u0131c\u0131 Dostu \u00c7al\u0131\u015fma<\/strong>: Basit numune yerle\u015ftirme ve otomatik test prosed\u00fcr\u00fc ile operat\u00f6rler kapsaml\u0131 bir e\u011fitim almadan testleri kolayca ger\u00e7ekle\u015ftirebilir.<\/li>\n<li><strong>Geli\u015ftirilmi\u015f G\u00fcvenilirlik<\/strong>: Elektronik kontrol sistemi, y\u00fcksek oranda tekrarlanabilir sonu\u00e7lar sa\u011flayarak kalite kontrol de\u011ferlendirmelerinde tutarl\u0131l\u0131k sa\u011flar.<\/li>\n<\/ul>\n<h2>Teknik \u00d6zellikler<\/h2>\n<table>\n<tbody>\n<tr>\n<td style=\"text-align: center;\" width=\"126\">Test Aral\u0131\u011f\u0131<\/td>\n<td style=\"text-align: center;\" width=\"222\">(10~1000) mN<\/td>\n<\/tr>\n<tr>\n<td style=\"text-align: center;\" width=\"126\">Test B\u0131\u00e7a\u011f\u0131 Boyutu<\/td>\n<td style=\"text-align: center;\" width=\"222\">R. mm, 120mm*2mm L*D<\/td>\n<\/tr>\n<tr>\n<td style=\"text-align: center;\" width=\"126\">B\u0131\u00e7ak Stroku<\/td>\n<td style=\"text-align: center;\" width=\"222\">8\u00b10,5 mm<\/td>\n<\/tr>\n<tr>\n<td style=\"text-align: center;\" width=\"126\">Test H\u0131z\u0131<\/td>\n<td style=\"text-align: center;\" width=\"222\">1,2 mm\/s<\/td>\n<\/tr>\n<tr>\n<td style=\"text-align: center;\" width=\"126\">Kuvvet \u00c7\u00f6z\u00fcm\u00fc<\/td>\n<td style=\"text-align: center;\" width=\"222\">1mN<\/td>\n<\/tr>\n<tr>\n<td style=\"text-align: center;\" width=\"126\">Do\u011fruluk<\/td>\n<td style=\"text-align: center;\" width=\"222\">\u00b11%<\/td>\n<\/tr>\n<tr>\n<td style=\"text-align: center;\" width=\"126\">Yuva Geni\u015fli\u011fi<\/td>\n<td style=\"text-align: center;\" width=\"222\">5mm, 6.35mm, 10mm, 20mm<\/td>\n<\/tr>\n<tr>\n<td style=\"text-align: center;\" width=\"126\">G\u00fc\u00e7<\/td>\n<td style=\"text-align: center;\" width=\"222\">AC 220V 50Hz<\/td>\n<\/tr>\n<\/tbody>\n<\/table>\n<h2>Neden Ka\u011f\u0131t Yumu\u015fakl\u0131k Test Cihaz\u0131m\u0131z\u0131 Se\u00e7melisiniz?<\/h2>\n<p>Ka\u011f\u0131t Yumu\u015fakl\u0131\u011f\u0131 Test Cihaz\u0131m\u0131z dayan\u0131kl\u0131l\u0131\u011f\u0131, hassasiyeti ve ASTM standartlar\u0131na (ASTM D2063, ASTM D3198 ve ASTM D3474) uygunlu\u011fu ile \u00f6ne \u00e7\u0131kmaktad\u0131r. Bu test cihaz\u0131, ambalaj, t\u00fcketim mallar\u0131 ve sa\u011fl\u0131k hizmetleri gibi malzeme yumu\u015fakl\u0131\u011f\u0131na \u00f6ncelik veren sekt\u00f6rlerde kalite g\u00fcvencesi i\u00e7in idealdir. Ayr\u0131ca, \u00f6zel test gereksinimlerini kar\u015f\u0131lamak i\u00e7in \u00f6zelle\u015ftirme se\u00e7enekleri mevcuttur ve bu cihaz\u0131n her kullan\u0131c\u0131n\u0131n benzersiz ihtiya\u00e7lar\u0131n\u0131 kar\u015f\u0131lamas\u0131n\u0131 sa\u011flar.<\/p>\n<h2>S\u0131k\u00e7a Sorulan Sorular (SSS)<\/h2>\n<p><strong>1. Ka\u011f\u0131t Yumu\u015fakl\u0131k Test Cihaz\u0131n\u0131n di\u011fer yumu\u015fakl\u0131k test y\u00f6ntemlerinden fark\u0131 nedir?<\/strong><br \/>\nManuel test cihazlar\u0131n\u0131n aksine, bu otomatik test cihaz\u0131 kullan\u0131c\u0131 yanl\u0131l\u0131\u011f\u0131n\u0131 en aza indirir ve numuneye n\u00fcfuz etmek i\u00e7in gereken kuvveti elektronik olarak \u00f6l\u00e7erek do\u011frulu\u011fu art\u0131r\u0131r.<\/p>\n<p><strong>2. Bu cihazla ne t\u00fcr malzemeler test edilebilir?<\/strong><br \/>\nBu test cihaz\u0131 ka\u011f\u0131t mendil, dokuma olmayan kuma\u015flar, kuma\u015flar ve baz\u0131 ambalaj malzemeleri gibi yumu\u015fak malzemeler i\u00e7in uygundur ve uygulamada esneklik sa\u011flar.<\/p>\n<p><strong>3. Sonu\u00e7lar ne kadar do\u011fru ve tekrarlanabilir mi?<\/strong><br \/>\nElektronik kontrol sistemi y\u00fcksek do\u011fruluk ve tekrarlanabilirlik sa\u011flayarak bu test cihaz\u0131n\u0131 kalite kontrol i\u00e7in son derece g\u00fcvenilir hale getirir.<\/p>\n<p><strong>4. Ka\u011f\u0131t Yumu\u015fakl\u0131\u011f\u0131 Test Cihaz\u0131n\u0131n teknik olmayan personel i\u00e7in kullan\u0131m\u0131 kolay m\u0131?<\/strong><br \/>\nEvet, otomatik test s\u00fcreci ve basit numune yerle\u015ftirme, minimum teknik deneyime sahip operat\u00f6rler i\u00e7in bile kullan\u0131c\u0131 dostu olmas\u0131n\u0131 sa\u011flar.<\/p>","protected":false},"excerpt":{"rendered":"<p>Ka\u011f\u0131t Yumu\u015fakl\u0131\u011f\u0131 Test Cihaz\u0131, ka\u011f\u0131t mendil, dokuma olmayan kuma\u015flar ve di\u011fer yumu\u015fak ambalaj malzemeleri gibi malzemelerin yumu\u015fakl\u0131\u011f\u0131n\u0131 \u00f6l\u00e7mek i\u00e7in tasarlanm\u0131\u015f hassas bir cihazd\u0131r. Bu cihaz, ambalaj, t\u0131bbi cihazlar, tekstil ve g\u00fcnl\u00fck t\u00fcketim mallar\u0131 gibi sekt\u00f6rlerde temel fakt\u00f6rler olan \u00e7e\u015fitli malzemelerin yumu\u015fakl\u0131\u011f\u0131 ve esnekli\u011fi hakk\u0131nda do\u011fru veriler sa\u011flayarak kalite kontrol\u00fcnde kritik bir rol oynar. Geli\u015fmi\u015f otomasyon ve elektronik \u00f6l\u00e7\u00fcm teknolojisi ile donat\u0131lm\u0131\u015f olan Ka\u011f\u0131t Yumu\u015fakl\u0131\u011f\u0131 Test Cihaz\u0131, h\u0131zl\u0131, g\u00fcvenilir ve tekrarlanabilir sonu\u00e7lar sa\u011flayarak \u00fcreticilerin \u00fcr\u00fcn standartlar\u0131n\u0131 korumas\u0131na ve t\u00fcketici beklentilerini kar\u015f\u0131lamas\u0131na yard\u0131mc\u0131 olur.<\/p>","protected":false},"featured_media":6192,"comment_status":"closed","ping_status":"closed","template":"","meta":{"site-sidebar-layout":"default","site-content-layout":"default","ast-global-header-display":"","ast-main-header-display":"","ast-hfb-above-header-display":"","ast-hfb-below-header-display":"","ast-hfb-mobile-header-display":"","site-post-title":"","ast-breadcrumbs-content":"","ast-featured-img":"","footer-sml-layout":"","theme-transparent-header-meta":"default","adv-header-id-meta":"","stick-header-meta":"","header-above-stick-meta":"","header-main-stick-meta":"","header-below-stick-meta":""},"product_cat":[845,1151,1153,953,956,955,954,957,958,952,959,1152,44,95],"product_tag":[],"class_list":{"0":"post-5295","1":"product","2":"type-product","3":"status-publish","4":"has-post-thumbnail","6":"product_cat-customization","7":"product_cat-astm-d2923","8":"product_cat-astm-d6828","9":"product_cat-bursting-tester","10":"product_cat-cobb-tester","11":"product_cat-crush-tester","12":"product_cat-paper-tear-tester","13":"product_cat-plybond-tester","14":"product_cat-puncture-tester","15":"product_cat-rub-tester","16":"product_cat-stiffness-tester","17":"product_cat-tappi-t498","18":"product_cat-paper-and-board-testers","19":"product_cat-products","20":"desktop-align-left","21":"tablet-align-left","22":"mobile-align-left","24":"first","25":"instock","26":"shipping-taxable","27":"product-type-simple"},"_links":{"self":[{"href":"https:\/\/www.qualitester.com\/tr\/wp-json\/wp\/v2\/product\/5295","targetHints":{"allow":["GET"]}}],"collection":[{"href":"https:\/\/www.qualitester.com\/tr\/wp-json\/wp\/v2\/product"}],"about":[{"href":"https:\/\/www.qualitester.com\/tr\/wp-json\/wp\/v2\/types\/product"}],"replies":[{"embeddable":true,"href":"https:\/\/www.qualitester.com\/tr\/wp-json\/wp\/v2\/comments?post=5295"}],"version-history":[{"count":0,"href":"https:\/\/www.qualitester.com\/tr\/wp-json\/wp\/v2\/product\/5295\/revisions"}],"wp:featuredmedia":[{"embeddable":true,"href":"https:\/\/www.qualitester.com\/tr\/wp-json\/wp\/v2\/media\/6192"}],"wp:attachment":[{"href":"https:\/\/www.qualitester.com\/tr\/wp-json\/wp\/v2\/media?parent=5295"}],"wp:term":[{"taxonomy":"product_cat","embeddable":true,"href":"https:\/\/www.qualitester.com\/tr\/wp-json\/wp\/v2\/product_cat?post=5295"},{"taxonomy":"product_tag","embeddable":true,"href":"https:\/\/www.qualitester.com\/tr\/wp-json\/wp\/v2\/product_tag?post=5295"}],"curies":[{"name":"wp","href":"https:\/\/api.w.org\/{rel}","templated":true}]}}