{"id":5283,"date":"2024-11-08T10:12:37","date_gmt":"2024-11-08T02:12:37","guid":{"rendered":"https:\/\/www.qualitester.com\/?post_type=product&#038;p=5283"},"modified":"2024-12-05T10:40:19","modified_gmt":"2024-12-05T02:40:19","slug":"sale-paper-dirt-tester-iso-5350-pulps","status":"publish","type":"product","link":"https:\/\/www.qualitester.com\/tr\/urun\/sale-paper-dirt-tester-iso-5350-pulps\/","title":{"rendered":"PDT-01 Ka\u011f\u0131t Kir Test Cihaz\u0131"},"content":{"rendered":"<h2><strong>Ka\u011f\u0131t Kir Test Cihaz\u0131na Giri\u015f<\/strong><\/h2>\n<p>Bu <strong>PDT-01 Ka\u011f\u0131t Kir Test Cihaz\u0131<\/strong> ka\u011f\u0131t ve kartondaki kir i\u00e7eri\u011fini \u00f6l\u00e7mek i\u00e7in temel bir ara\u00e7t\u0131r. A\u015fa\u011f\u0131dakiler de dahil olmak \u00fczere s\u0131k\u0131 kalite standartlar\u0131na uygun olarak tasarlanm\u0131\u015ft\u0131r <strong>ISO 5350<\/strong>, Bu test cihaz\u0131, y\u00fcksek kaliteli bask\u0131 ve ambalaj malzemeleri sa\u011flamak i\u00e7in do\u011fru kir tespiti sa\u011flar. PDT-01, ka\u011f\u0131t \u00fcr\u00fcnlerinin g\u00f6r\u00fcn\u00fcm\u00fcn\u00fc ve performans\u0131n\u0131 bozabilecek kirleri tespit ederek, sunumun \u00e7ok \u00f6nemli oldu\u011fu sekt\u00f6rlerde kalite kontrol\u00fcn\u00fc geli\u015ftirir.<\/p>\n<h2><strong>Ka\u011f\u0131t ve Kartonda Kir Testinin \u00d6nemi<\/strong><\/h2>\n<p>Ka\u011f\u0131ttaki kir ve di\u011fer yabanc\u0131 maddeler, \u00f6zellikle net ve hassas bask\u0131ya dayanan sekt\u00f6rlerde \u00fcr\u00fcn kalitesini \u00f6nemli \u00f6l\u00e7\u00fcde etkileyebilir. Siyah, sar\u0131 veya kahverengi lekelerin varl\u0131\u011f\u0131, ka\u011f\u0131d\u0131n estetik ve i\u015flevsel de\u011ferini tehlikeye atarak \u00fcr\u00fcn ambalaj\u0131ndan bas\u0131l\u0131 malzemelere kadar her \u015feyi etkileyebilir. Kaplamal\u0131 ka\u011f\u0131t, karton ve beyaz tahta i\u00e7eren uygulamalarda, \u00f6zellikle renkli bask\u0131da, canl\u0131 ve net sonu\u00e7lar i\u00e7in d\u00fc\u015f\u00fck kir seviyelerini korumak \u00e7ok \u00f6nemlidir. PDT-01 Ka\u011f\u0131t Kir Test Cihaz\u0131, bu kirliliklerin tespit edilmesi ve miktar\u0131n\u0131n belirlenmesinde kritik bir ara\u00e7t\u0131r ve \u00fcreticilerin en y\u00fcksek kalite standartlar\u0131n\u0131 korumas\u0131na olanak tan\u0131r.<\/p>\n<h2><strong>Genel Bak\u0131\u015f <a href=\"https:\/\/www.iso.org\/standard\/39716.html\" target=\"_blank\" rel=\"noopener nofollow\">ISO 5350<\/a> ve \u0130lgili Standartlar<\/strong><\/h2>\n<p><a href=\"https:\/\/www.qualitester.com\/tr\/urun-kategori\/iso\/iso-5350\/\" target=\"_blank\" rel=\"noopener\">ISO 5350<\/a> ka\u011f\u0131t hamuru, ka\u011f\u0131t ve kartonda kir seviyelerinin belirlenmesine y\u00f6nelik y\u00f6ntemleri belirleyen uluslararas\u0131 bir standartt\u0131r. \u00dcreticiler ISO 5350 y\u00f6nergelerini takip ederek tutarl\u0131 ve g\u00fcvenilir kir \u00f6l\u00e7\u00fcm\u00fc sa\u011flayabilir, y\u00fcksek kaliteli \u00fcretimi ve m\u00fc\u015fteri memnuniyetini destekleyebilir. Ka\u011f\u0131tta kir \u00f6l\u00e7\u00fcm\u00fc ile ilgili ek standartlar \u015funlard\u0131r:<\/p>\n<ul>\n<li><strong>TAPPI\/ANSI T437<\/strong>: Ka\u011f\u0131t ve kartonda g\u00f6rsel kir tespiti i\u00e7in ABD y\u00f6ntemlerini tan\u0131mlar.<\/li>\n<li><strong>TAPPI T213<\/strong>: \u00d6zellikle kaplanmam\u0131\u015f ka\u011f\u0131tlar i\u00e7in kir sayma y\u00f6ntemlerine odaklanarak y\u00fcksek bask\u0131 kalitesine katk\u0131da bulunur.<\/li>\n<li><strong>GB\/T 1541<\/strong>: Ka\u011f\u0131t ve kartonda kir seviyelerinin de\u011ferlendirilmesine y\u00f6nelik bir \u00c7in standard\u0131 olup, yerli \u00fcretim i\u00e7in \u00f6l\u00e7\u00fctler sa\u011flamaktad\u0131r.<\/li>\n<\/ul>\n<p>Bu standartlarla uyumlu olan PDT-01 Ka\u011f\u0131t Kir Test Cihaz\u0131, k\u00fcresel pazarlarda uyumluluk ve g\u00fcvenilirlik sunar.<\/p>\n<h2><strong>PDT-01 Ka\u011f\u0131t Kir Test Cihaz\u0131n\u0131n \u00d6zellikleri ve Spesifikasyonlar\u0131<\/strong><\/h2>\n<p><strong>Ayd\u0131nlatma<\/strong>: Kir par\u00e7ac\u0131klar\u0131n\u0131 net bir \u015fekilde tan\u0131mlamak i\u00e7in parlak ve e\u015fit ayd\u0131nlatma sa\u011flayan AC 220V, 20W floresan lamba ile donat\u0131lm\u0131\u015ft\u0131r.<\/p>\n<ul>\n<li><strong>Ayd\u0131nlatma A\u00e7\u0131s\u0131<\/strong>: Numune boyunca tutarl\u0131 \u0131\u015f\u0131k da\u011f\u0131l\u0131m\u0131 sa\u011flamak i\u00e7in 60\u00b0 a\u00e7\u0131yla ayarlay\u0131n.<\/li>\n<li><strong>\u00c7al\u0131\u015fma Alan\u0131<\/strong>: Tamamen 360\u00b0 d\u00f6nd\u00fcr\u00fclebilen 0,0625 m\u00b2'lik geni\u015f test alan\u0131, kullan\u0131c\u0131lar\u0131n numunenin her b\u00f6l\u00fcm\u00fcn\u00fc ayr\u0131nt\u0131l\u0131 bir \u015fekilde incelemesine olanak tan\u0131r.<\/li>\n<li><strong>Standart Kir Resim Aral\u0131\u011f\u0131<\/strong>: \u00c7e\u015fitli kir t\u00fcrleri ve boyutlar\u0131nda hassas alg\u0131lama sa\u011flayarak 0,05 ila 5,0 mm\u00b2 aras\u0131nda de\u011fi\u015fen kir partik\u00fcllerini \u00f6l\u00e7ebilir.<\/li>\n<li><strong>G\u00fc\u00e7 Kayna\u011f\u0131<\/strong>: AC 220V, 50Hz ile \u00e7al\u0131\u015f\u0131r, laboratuvar ve end\u00fcstriyel ortamlarda kullan\u0131m kolayl\u0131\u011f\u0131 i\u00e7in standart g\u00fc\u00e7 sistemleriyle uyumludur.<\/li>\n<\/ul>\n<p>Bu \u00f6zellikler PDT-01'i test ve kalite g\u00fcvencesi i\u00e7in verimli ve do\u011fru bir \u00e7\u00f6z\u00fcm haline getirir.<\/p>\n<h2><strong>Uygulama Alanlar\u0131<\/strong><\/h2>\n<p>PDT-01 Ka\u011f\u0131t Kir Test Cihaz\u0131, a\u015fa\u011f\u0131dakiler de dahil olmak \u00fczere \u00e7ok \u00e7e\u015fitli end\u00fcstrilere hizmet eder:<\/p>\n<ul>\n<li><strong>Paketleme<\/strong>: Kutularda, ambalajlarda ve di\u011fer ambalaj \u00e7\u00f6z\u00fcmlerinde ka\u011f\u0131t kalitesini do\u011frular.<\/li>\n<li><strong>Bask\u0131<\/strong>: Ka\u011f\u0131d\u0131n safl\u0131\u011f\u0131n\u0131 do\u011frulayarak ve kusurlar\u0131 en aza indirerek y\u00fcksek kaliteli bask\u0131 uygulamalar\u0131 sa\u011flar.<\/li>\n<li><strong>Kalite Denetim Ajanslar\u0131<\/strong>: Tutarl\u0131 ka\u011f\u0131t ve karton kalitesi sa\u011flayarak end\u00fcstri standartlar\u0131na uyumun s\u00fcrd\u00fcr\u00fclmesine yard\u0131mc\u0131 olur.<\/li>\n<\/ul>\n<h2><strong>Ka\u011f\u0131t Kir Test Cihaz\u0131 i\u00e7in Test Metodolojisi<\/strong><\/h2>\n<p>Ka\u011f\u0131t kir test s\u00fcreci basit ancak kapsaml\u0131d\u0131r. Test metodolojisi \u015funlar\u0131 i\u00e7erir:<\/p>\n<ul>\n<li>Test i\u00e7in bir ka\u011f\u0131t veya karton numunesi haz\u0131rlama.<\/li>\n<li>Numunenin, tam g\u00f6r\u00fcn\u00fcrl\u00fck i\u00e7in tamamen d\u00f6nd\u00fcr\u00fclebilen test cihaz\u0131n\u0131n \u00e7al\u0131\u015fma alan\u0131na yerle\u015ftirilmesi.<\/li>\n<li>Numunenin 60\u00b0 floresan \u0131\u015f\u0131k alt\u0131nda ayd\u0131nlat\u0131lmas\u0131 ve safs\u0131zl\u0131klar\u0131n g\u00f6rsel olarak incelenmesi.<\/li>\n<li>G\u00f6zlemlenen kir par\u00e7ac\u0131klar\u0131n\u0131n standart kir resimleri ile kar\u015f\u0131la\u015ft\u0131r\u0131lmas\u0131 <strong>ISO 5350<\/strong> y\u00f6nergeler.<\/li>\n<\/ul>\n<p>Bu prosed\u00fcr\u00fc takip ederek, PDT-01 kir partik\u00fcllerinin hassas bir \u015fekilde \u00f6l\u00e7\u00fclmesini ve kategorize edilmesini sa\u011flar.<\/p>\n<h2><strong>PDT-01 Ka\u011f\u0131t Kir Test Cihaz\u0131 Kullanman\u0131n Avantajlar\u0131<\/strong><\/h2>\n<ul>\n<li><strong>Y\u00fcksek Do\u011fruluk<\/strong>: Hassas \u00f6l\u00e7\u00fcm ve daha iyi bask\u0131 kalitesi sa\u011flamak i\u00e7in en k\u00fc\u00e7\u00fck kir par\u00e7ac\u0131klar\u0131n\u0131 bile alg\u0131lar.<\/li>\n<li><strong>Standart Uyumluluk<\/strong>: \u015eunlara ba\u011fl\u0131 kal\u0131r <strong>ISO 5350<\/strong> ve di\u011fer uluslararas\u0131 standartlara uyum sa\u011flayarak k\u00fcresel pazar taleplerini desteklemekte ve y\u00fcksek kaliteli \u00fcretim sa\u011flamaktad\u0131r.<\/li>\n<li><strong>Kullan\u0131c\u0131 Dostu Tasar\u0131m<\/strong>: Dayan\u0131kl\u0131 yap\u0131s\u0131 ve kir \u00f6l\u00e7\u00fcm s\u00fcrecini basitle\u015ftiren sezgisel aray\u00fcz\u00fc ile s\u0131k testler i\u00e7in tasarlanm\u0131\u015ft\u0131r.<\/li>\n<\/ul>\n<h2><strong>ISO 5350 Uyumlulu\u011fu Neden \u00d6nemlidir?<\/strong><\/h2>\n<p><a href=\"https:\/\/www.iso.org\/standard\/39716.html\" target=\"_blank\" rel=\"noopener nofollow\">ISO 5350<\/a> uyumluluk, y\u00fcksek kaliteli ka\u011f\u0131t ve karton \u00fcr\u00fcnleri \u00fcretmeyi hedefleyen t\u00fcm \u00fcreticiler i\u00e7in \u00e7ok \u00f6nemlidir. Bu standart, tutarl\u0131 test y\u00f6ntemleri sa\u011flayarak \u00fcreticilere kir i\u00e7eri\u011fini \u00f6l\u00e7mek i\u00e7in g\u00fcvenilir bir ara\u00e7 sunar. ISO 5350 ve ilgili standartlara uygunluk m\u00fc\u015fteri g\u00fcvenini de art\u0131r\u0131r, \u00e7\u00fcnk\u00fc bu kriterleri kar\u015f\u0131layan \u00fcr\u00fcnler \u00fcst\u00fcn kalite ve g\u00fcvenilirlikleriyle bilinir.<\/p>\n<h2><strong>SSS<\/strong><\/h2>\n<ul>\n<li><strong>S1: Ka\u011f\u0131t Kir Test Cihaz\u0131 hangi kirlilikleri tespit edebilir?<\/strong><br \/>\nPDT-01, ka\u011f\u0131d\u0131n renginden g\u00f6zle g\u00f6r\u00fcl\u00fcr \u015fekilde farkl\u0131 olan siyah, sar\u0131 ve kahverengi lekeler gibi kir par\u00e7ac\u0131klar\u0131n\u0131 ve yabanc\u0131 maddeleri tespit edebilir.<\/li>\n<li><strong>S2: Ka\u011f\u0131t ve karton end\u00fcstrilerinde kir \u00f6l\u00e7\u00fcm\u00fc neden \u00f6nemlidir?<\/strong><br \/>\nKir \u00f6l\u00e7\u00fcm\u00fc, y\u00fcksek kaliteli bask\u0131 sonu\u00e7lar\u0131 elde etmek i\u00e7in \u00e7ok \u00f6nemlidir, \u00e7\u00fcnk\u00fc kirler bas\u0131l\u0131 malzemelerin g\u00f6rsel ve i\u015flevsel kalitesini tehlikeye atabilir.<\/li>\n<li><strong>S3: ISO 5350 kir testi standartlar\u0131n\u0131 nas\u0131l etkiliyor?<\/strong><br \/>\nISO 5350, ka\u011f\u0131t hamuru, ka\u011f\u0131t ve karton \u00fcr\u00fcnleri i\u00e7in test y\u00f6ntemlerinde tutarl\u0131l\u0131k ve g\u00fcvenilirlik sa\u011flayarak kir \u00f6l\u00e7\u00fcm\u00fc i\u00e7in k\u00fcresel \u00f6l\u00e7\u00fctler belirler.<\/li>\n<li><strong>S4: PDT-01 hem kaplanm\u0131\u015f hem de kaplanmam\u0131\u015f ka\u011f\u0131t \u00fczerinde kir testi yapabilir mi?<\/strong><br \/>\nEvet, PDT-01 hem kaplamal\u0131 hem de kaplamas\u0131z ka\u011f\u0131tlar i\u00e7in uygundur ve \u00e7e\u015fitli ka\u011f\u0131t ve karton t\u00fcrlerinde esneklik sunar.<\/li>\n<li><strong>S5: PDT-01 Ka\u011f\u0131t Kir Test Cihaz\u0131 i\u00e7in ayd\u0131nlatma gereksinimleri nelerdir?<\/strong><br \/>\nPDT-01, do\u011fru alg\u0131lama i\u00e7in 60\u00b0 a\u00e7\u0131yla tek tip ayd\u0131nlatma sa\u011flayan 20W floresan lamba ile donat\u0131lm\u0131\u015ft\u0131r.<\/li>\n<\/ul>\n<div id=\"gtx-anchor\" style=\"position: absolute; visibility: hidden; left: 414.703px; top: 128.922px; width: 75.7188px; height: 19px;\"><\/div>\n<div class=\"jfk-bubble gtx-bubble\" style=\"visibility: visible; left: -215px; top: 158px; opacity: 1;\" role=\"alertdialog\" aria-describedby=\"bubble-4\">\n<div id=\"bubble-4\" class=\"jfk-bubble-content-id\">\n<div id=\"gtx-host\" style=\"min-width: 200px; max-width: 400px;\"><\/div>\n<\/div>\n<div class=\"jfk-bubble-closebtn-id jfk-bubble-closebtn\" tabindex=\"0\" role=\"button\" aria-label=\"Kapat\"><\/div>\n<div class=\"jfk-bubble-arrow-id jfk-bubble-arrow jfk-bubble-arrowup\" style=\"left: 452.703px;\">\n<div class=\"jfk-bubble-arrowimplbefore\"><\/div>\n<div class=\"jfk-bubble-arrowimplafter\"><\/div>\n<\/div>\n<\/div>","protected":false},"excerpt":{"rendered":"<p>Bu <strong>PDT-01 Ka\u011f\u0131t Kir Test Cihaz\u0131<\/strong> ka\u011f\u0131t ve kartondaki kir i\u00e7eri\u011fini \u00f6l\u00e7mek i\u00e7in temel bir ara\u00e7t\u0131r. A\u015fa\u011f\u0131dakiler de dahil olmak \u00fczere s\u0131k\u0131 kalite standartlar\u0131na uygun olarak tasarlanm\u0131\u015ft\u0131r <strong>ISO 5350<\/strong>, Bu test cihaz\u0131, y\u00fcksek kaliteli bask\u0131 ve ambalaj malzemeleri sa\u011flamak i\u00e7in do\u011fru kir tespiti sa\u011flar. PDT-01, ka\u011f\u0131t \u00fcr\u00fcnlerinin g\u00f6r\u00fcn\u00fcm\u00fcn\u00fc ve performans\u0131n\u0131 bozabilecek kirleri tespit ederek, sunumun \u00e7ok \u00f6nemli oldu\u011fu sekt\u00f6rlerde kalite kontrol\u00fcn\u00fc geli\u015ftirir.<\/p>","protected":false},"featured_media":6189,"comment_status":"closed","ping_status":"closed","template":"","meta":{"site-sidebar-layout":"default","site-content-layout":"default","ast-global-header-display":"","ast-main-header-display":"","ast-hfb-above-header-display":"","ast-hfb-below-header-display":"","ast-hfb-mobile-header-display":"","site-post-title":"","ast-breadcrumbs-content":"","ast-featured-img":"","footer-sml-layout":"","theme-transparent-header-meta":"default","adv-header-id-meta":"","stick-header-meta":"","header-above-stick-meta":"","header-main-stick-meta":"","header-below-stick-meta":""},"product_cat":[845,953,956,955,1148,954,957,958,952,959,1150,1149,95],"product_tag":[],"class_list":{"0":"post-5283","1":"product","2":"type-product","3":"status-publish","4":"has-post-thumbnail","6":"product_cat-customization","7":"product_cat-bursting-tester","8":"product_cat-cobb-tester","9":"product_cat-crush-tester","10":"product_cat-iso-5350","11":"product_cat-paper-tear-tester","12":"product_cat-plybond-tester","13":"product_cat-puncture-tester","14":"product_cat-rub-tester","15":"product_cat-stiffness-tester","16":"product_cat-tappi-t213","17":"product_cat-tappi-t437","18":"product_cat-products","19":"desktop-align-left","20":"tablet-align-left","21":"mobile-align-left","23":"first","24":"instock","25":"shipping-taxable","26":"product-type-simple"},"_links":{"self":[{"href":"https:\/\/www.qualitester.com\/tr\/wp-json\/wp\/v2\/product\/5283","targetHints":{"allow":["GET"]}}],"collection":[{"href":"https:\/\/www.qualitester.com\/tr\/wp-json\/wp\/v2\/product"}],"about":[{"href":"https:\/\/www.qualitester.com\/tr\/wp-json\/wp\/v2\/types\/product"}],"replies":[{"embeddable":true,"href":"https:\/\/www.qualitester.com\/tr\/wp-json\/wp\/v2\/comments?post=5283"}],"version-history":[{"count":0,"href":"https:\/\/www.qualitester.com\/tr\/wp-json\/wp\/v2\/product\/5283\/revisions"}],"wp:featuredmedia":[{"embeddable":true,"href":"https:\/\/www.qualitester.com\/tr\/wp-json\/wp\/v2\/media\/6189"}],"wp:attachment":[{"href":"https:\/\/www.qualitester.com\/tr\/wp-json\/wp\/v2\/media?parent=5283"}],"wp:term":[{"taxonomy":"product_cat","embeddable":true,"href":"https:\/\/www.qualitester.com\/tr\/wp-json\/wp\/v2\/product_cat?post=5283"},{"taxonomy":"product_tag","embeddable":true,"href":"https:\/\/www.qualitester.com\/tr\/wp-json\/wp\/v2\/product_tag?post=5283"}],"curies":[{"name":"wp","href":"https:\/\/api.w.org\/{rel}","templated":true}]}}