{"id":5281,"date":"2024-11-08T10:06:22","date_gmt":"2024-11-08T02:06:22","guid":{"rendered":"https:\/\/www.qualitester.com\/?post_type=product&#038;p=5281"},"modified":"2024-12-05T10:26:34","modified_gmt":"2024-12-05T02:26:34","slug":"sale-paper-board-thickness-tester","status":"publish","type":"product","link":"https:\/\/www.qualitester.com\/tr\/urun\/sale-paper-board-thickness-tester\/","title":{"rendered":"PBT-01 Ka\u011f\u0131t Karton Kal\u0131nl\u0131\u011f\u0131 Test Cihaz\u0131"},"content":{"rendered":"<h2><strong>Ka\u011f\u0131t Karton Kal\u0131nl\u0131\u011f\u0131 Test Cihaz\u0131 Giri\u015f<\/strong><\/h2>\n<p>Bu <strong>PBT-01 Ka\u011f\u0131t Karton Kal\u0131nl\u0131\u011f\u0131 Test Cihaz\u0131<\/strong> tek bir oluklu mukavva tabakas\u0131n\u0131n kal\u0131nl\u0131\u011f\u0131n\u0131 \u00f6l\u00e7mek i\u00e7in \u00f6zel olarak tasarlanm\u0131\u015f geli\u015fmi\u015f, y\u00fcksek hassasiyetli bir cihazd\u0131r. Bu cihaz, ambalaj malzemelerinin kalite kontrol\u00fcnde hayati bir rol oynar, \u00e7\u00fcnk\u00fc do\u011fru kal\u0131nl\u0131k \u00f6l\u00e7\u00fcmleri, ambalaj kutular\u0131n\u0131n ve di\u011fer ambalaj \u00e7\u00f6z\u00fcmlerinin \u00fcretiminde kullan\u0131lan fiber levhan\u0131n dayan\u0131kl\u0131l\u0131\u011f\u0131n\u0131 ve g\u00fcc\u00fcn\u00fc belirlemede \u00e7ok \u00f6nemlidir. T\u00fcm oluklu mukavva t\u00fcrleri i\u00e7in uygun olan PBT-01, ambalaj malzemelerinin koruma ve g\u00fcvenilirlik i\u00e7in kat\u0131 kalite standartlar\u0131n\u0131 kar\u015f\u0131lamas\u0131n\u0131 sa\u011flar.<\/p>\n<h2><strong>Ambalajlamada Do\u011fru Kal\u0131nl\u0131k \u00d6l\u00e7\u00fcm\u00fcn\u00fcn \u00d6nemi<\/strong><\/h2>\n<p>Do\u011fru kal\u0131nl\u0131k \u00f6l\u00e7\u00fcm\u00fc, karton kal\u0131nl\u0131\u011f\u0131ndaki tutarl\u0131l\u0131\u011f\u0131n nihai \u00fcr\u00fcn\u00fcn koruyucu niteliklerini ve yap\u0131sal b\u00fct\u00fcnl\u00fc\u011f\u00fcn\u00fc etkiledi\u011fi ambalaj end\u00fcstrisinde \u00e7ok \u00f6nemlidir. Bu nedenle <strong>PBT-01 ka\u011f\u0131t karton kal\u0131nl\u0131k test cihaz\u0131<\/strong> \u00fcreticilerin ve kalite kontrol uzmanlar\u0131n\u0131n her bir tabakan\u0131n kesin kal\u0131nl\u0131k gereksinimlerini kar\u015f\u0131lad\u0131\u011f\u0131n\u0131 do\u011frulamas\u0131na yard\u0131mc\u0131 olarak malzeme performans\u0131n\u0131 optimize eder ve ta\u015f\u0131ma s\u0131ras\u0131nda \u00fcr\u00fcn kalitesinin korunmas\u0131na yard\u0131mc\u0131 olur. G\u00fcvenilir kal\u0131nl\u0131k \u00f6l\u00e7\u00fcm\u00fc malzeme israf\u0131n\u0131 \u00f6nler, ambalaj stabilitesini g\u00fc\u00e7lendirir ve ambalaj kalitesinde mevzuata uygunlu\u011fu korur.<\/p>\n<h2><strong>Ka\u011f\u0131t Karton Kal\u0131nl\u0131\u011f\u0131 Test Cihaz\u0131n\u0131n Test Prensibi ve Metodolojisi<\/strong><\/h2>\n<ul>\n<li><strong>Kal\u0131nl\u0131k \u00d6l\u00e7\u00fcm\u00fc Prensibi<\/strong> PBT-01, oluklu mukavva kal\u0131nl\u0131\u011f\u0131n\u0131, mukavva \u00f6rne\u011fini belirli bir statik y\u00fck alt\u0131nda iki paralel, dairesel bas\u0131n\u00e7 y\u00fczeyi aras\u0131na yerle\u015ftirerek \u00f6l\u00e7er. Bu y\u00fcksek hassasiyetli test, levhan\u0131n kal\u0131nl\u0131\u011f\u0131n\u0131 benzersiz bir do\u011frulukla yakalamak i\u00e7in gerekli bas\u0131nc\u0131 uygular.<\/li>\n<li><strong>Deplasman Kal\u0131nl\u0131\u011f\u0131 Test Y\u00f6ntemi<\/strong> Yer de\u011fi\u015ftirme kal\u0131nl\u0131k testi y\u00f6ntemini kullanan PBT-01, bir sabit y\u00fcz (\u00f6rs) ve kal\u0131nl\u0131\u011f\u0131 \u00f6l\u00e7erken e\u015fit bas\u0131n\u00e7 uygulayan hareketli bir y\u00fcz kullan\u0131r. Hareketli y\u00fcz, tutarl\u0131 bir 20 kPa \u00b1 0,5 kPa bas\u0131n\u00e7 uygulayarak sonu\u00e7lar\u0131n do\u011fru ve tekrarlanabilir olmas\u0131n\u0131 sa\u011flar. Cihaz, 0 ila 20 mm aras\u0131nda de\u011fi\u015fen kal\u0131nl\u0131klar\u0131 0,001 mm \u00e7\u00f6z\u00fcn\u00fcrl\u00fckle \u00f6l\u00e7ebilir, bu da onu hem standart hem de \u00f6zel test ihtiya\u00e7lar\u0131 i\u00e7in g\u00fcvenilir bir se\u00e7im haline getirir.<\/li>\n<\/ul>\n<h2><strong>Cihaz Yap\u0131s\u0131 ve Teknik \u00d6zellikleri<\/strong><\/h2>\n<ul>\n<li><strong>Bas\u0131n\u00e7 Y\u00fczleri ve Temas Alan\u0131<\/strong> PBT-01\u2019in iki dairesel bas\u0131n\u00e7 y\u00fczeyi optimum do\u011fruluk i\u00e7in tasarlanm\u0131\u015ft\u0131r. \u00d6rs sabittir, ikinci y\u00fczey ise 2 mm\/s ila 3 mm\/s h\u0131z\u0131nda e\u015fit bas\u0131n\u00e7 uygulamak i\u00e7in dik olarak hareket eder. Dairesel bas\u0131n\u00e7 y\u00fczeylerinin \u00e7ap\u0131 35,7 mm \u00b1 0,3 mm'dir ve temas alan\u0131 1000 mm\u00b2 \u00b1 20 mm\u00b2'dir. Bu konfig\u00fcrasyon, test bas\u0131nc\u0131n\u0131n e\u015fit olarak da\u011f\u0131t\u0131lmas\u0131n\u0131 sa\u011flayarak hassas kal\u0131nl\u0131k okumalar\u0131 sa\u011flar.<\/li>\n<li><strong>Teknik \u00d6zellikler<\/strong> PBT-01 Ka\u011f\u0131t Karton Kal\u0131nl\u0131\u011f\u0131 Test Cihaz\u0131 temel teknik \u00f6zellikleri i\u00e7erir:<br \/>\n<table>\n<tbody>\n<tr>\n<td width=\"220\">Test Aral\u0131\u011f\u0131<\/td>\n<td width=\"110\">0\uff5e20 mm<\/td>\n<\/tr>\n<tr>\n<td width=\"220\">\u00c7\u00f6z\u00fcn\u00fcrl\u00fck<\/td>\n<td width=\"110\">0.001mm<\/td>\n<\/tr>\n<tr>\n<td width=\"220\">\u0130leti\u015fim Alan\u0131<\/td>\n<td width=\"110\">1000\u00b120 mm\u00b2<\/td>\n<\/tr>\n<tr>\n<td width=\"220\">\u0130leti\u015fim Bas\u0131nc\u0131<\/td>\n<td width=\"110\">20\u00b12kPa<\/td>\n<\/tr>\n<tr>\n<td width=\"220\">Y\u00fczey paralelli\u011finin \u00f6l\u00e7\u00fclmesi<\/td>\n<td width=\"110\">\u22640,035 mm<\/td>\n<\/tr>\n<tr>\n<td width=\"220\">Ekran hatas\u0131<\/td>\n<td width=\"110\">\u00b10.05\uff05<\/td>\n<\/tr>\n<\/tbody>\n<\/table>\n<\/li>\n<\/ul>\n<h2><strong>End\u00fcstri Standartlar\u0131na Uygunluk<\/strong><\/h2>\n<p>PBT-01 Ka\u011f\u0131t Karton Kal\u0131nl\u0131\u011f\u0131 Test Cihaz\u0131, oluklu mukavva ve ambalaj malzemelerinin test edilmesine y\u00f6nelik end\u00fcstri standartlar\u0131na uygun olarak tasarlanm\u0131\u015ft\u0131r ve bu k\u0131lavuzlar\u0131n teknik do\u011fruluk gereksinimlerini kar\u015f\u0131lamas\u0131n\u0131 sa\u011flar. Bu standartlara ba\u011fl\u0131l\u0131k, profesyonel paketleme uygulamalar\u0131nda g\u00fcvenilir ve tutarl\u0131 \u00f6l\u00e7\u00fcmler i\u00e7in gereklidir ve test cihaz\u0131n\u0131n end\u00fcstriler aras\u0131nda kalite kontrol ve uyumluluk sa\u011flamadaki rol\u00fcn\u00fc g\u00fc\u00e7lendirir.<\/p>\n<h2><strong>PBT-01 Ka\u011f\u0131t Karton Kal\u0131nl\u0131\u011f\u0131 Test Cihaz\u0131n\u0131n Avantajlar\u0131<\/strong><\/h2>\n<p>PBT-01, malzeme testi alan\u0131nda onu di\u011ferlerinden ay\u0131ran benzersiz avantajlar sunar:<\/p>\n<ul>\n<li><strong>Y\u00fcksek Hassasiyet:<\/strong> 0,001 mm \u00e7\u00f6z\u00fcn\u00fcrl\u00fc\u011fe sahip PBT-01, g\u00fcvenilir kalite kontrol\u00fc i\u00e7in y\u00fcksek hassasiyetli \u00f6l\u00e7\u00fcmleri garanti eder.<\/li>\n<li><strong>\u00c7ok Y\u00f6nl\u00fc Uygulamalar:<\/strong> T\u00fcm oluklu mukavva t\u00fcrleri i\u00e7in uygundur, bu da onu farkl\u0131 ambalaj t\u00fcrleri i\u00e7in \u00e7ok y\u00f6nl\u00fc bir se\u00e7im haline getirir.<\/li>\n<li><strong>Kullan\u0131c\u0131 Dostu Tasar\u0131m:<\/strong> ZERO s\u0131f\u0131rlama fonksiyonu ve basit g\u00fc\u00e7 kontrolleri gibi \u00f6zellikler kullan\u0131m kolayl\u0131\u011f\u0131n\u0131 art\u0131r\u0131r.<\/li>\n<li><strong>Geli\u015ftirilmi\u015f Kalite Kontrol:<\/strong> Daha iyi ambalaj dayan\u0131kl\u0131l\u0131\u011f\u0131 ve malzeme tasarrufu i\u00e7in tutarl\u0131 kal\u0131nl\u0131k \u00f6l\u00e7\u00fcm\u00fc sa\u011flar.<\/li>\n<\/ul>\n<h2><strong>Sekt\u00f6rler Aras\u0131 Uygulamalar<\/strong><\/h2>\n<p>PBT-01 Ka\u011f\u0131t Karton Kal\u0131nl\u0131k Test Cihaz\u0131, ambalaj, g\u0131da, ila\u00e7 ve kalite kontrol kurulu\u015flar\u0131 dahil olmak \u00fczere t\u00fcm sekt\u00f6rlerde yayg\u0131n olarak kullan\u0131lmaktad\u0131r. Hassas ve tutarl\u0131 \u00f6l\u00e7\u00fcmleriyle PBT-01 kal\u0131nl\u0131k \u00f6l\u00e7er, \u015firketlerin ambalaj malzemeleri \u00fczerinde s\u0131k\u0131 kalite kontrol\u00fc sa\u011flamas\u0131na olanak tan\u0131yarak sekt\u00f6rler genelinde dayan\u0131kl\u0131 ve g\u00fcvenilir ambalaj \u00e7\u00f6z\u00fcmlerinin geli\u015ftirilmesini destekler.<\/p>\n<h2><strong>S\u0131k\u00e7a Sorulan Sorular (SSS)<\/strong><\/h2>\n<ol>\n<li><strong>Oluklu fiber levha nedir?<\/strong>\n<ul>\n<li>Oluklu mukavva, d\u00fcz bir levha \u00fczerine veya birka\u00e7 levha aras\u0131na yap\u0131\u015ft\u0131r\u0131lm\u0131\u015f bir veya daha fazla yivli ka\u011f\u0131t tabakas\u0131ndan olu\u015fur. Mukavemeti ve \u015fok emici \u00f6zellikleri nedeniyle ambalajlamada pop\u00fcler bir malzemedir.<\/li>\n<\/ul>\n<\/li>\n<li><strong>\u201cOluklu fiber levhan\u0131n tek tabaka kal\u0131nl\u0131\u011f\u0131\u201d ile ne kastedilmektedir?<\/strong>\n<ul>\n<li>Tek tabaka kal\u0131nl\u0131\u011f\u0131, uygulanan belirli bir statik y\u00fck alt\u0131nda \u00f6l\u00e7\u00fclen oluklu mukavva levhan\u0131n bir y\u00fczeyi ile kar\u015f\u0131 y\u00fczeyi aras\u0131ndaki mesafeyi ifade eder.<\/li>\n<\/ul>\n<\/li>\n<li><strong>PBT-01 kal\u0131nl\u0131k \u00f6l\u00e7\u00fcm\u00fcnde ne kadar do\u011frudur?<\/strong>\n<ul>\n<li>PBT-01, 0,001 mm \u00e7\u00f6z\u00fcn\u00fcrl\u00fck ve \u00b10,05% do\u011fruluk oran\u0131 ile y\u00fcksek hassasiyet sa\u011flar, bu da onu tutarl\u0131 ve tekrarlanabilir \u00f6l\u00e7\u00fcmler i\u00e7in g\u00fcvenilir bir se\u00e7im haline getirir.<\/li>\n<\/ul>\n<\/li>\n<li><strong>Kal\u0131nl\u0131k testinde temas bas\u0131nc\u0131 neden \u00f6nemlidir?<\/strong>\n<ul>\n<li>Test s\u0131ras\u0131nda tutarl\u0131 temas bas\u0131nc\u0131 uygulamak, \u00f6l\u00e7\u00fcm\u00fcn kart\u0131n kal\u0131nl\u0131\u011f\u0131n\u0131 s\u0131k\u0131\u015ft\u0131rma farkl\u0131l\u0131klar\u0131 olmadan do\u011fru bir \u015fekilde yans\u0131tmas\u0131n\u0131 sa\u011flar, b\u00f6ylece tekrarlanabilir ve g\u00fcvenilir sonu\u00e7lar sa\u011flar.<\/li>\n<\/ul>\n<\/li>\n<li><strong>Hangi sekt\u00f6rler PBT-01 Kal\u0131nl\u0131k Test Cihaz\u0131n\u0131 kullanmaktan yararlan\u0131r?<\/strong>\n<ul>\n<li>PBT-01, malzeme kalitesi ve ambalaj g\u00fcvenilirli\u011finin \u00fcr\u00fcn korumas\u0131 ve g\u00fcvenli\u011fi a\u00e7\u0131s\u0131ndan kritik \u00f6nem ta\u015f\u0131d\u0131\u011f\u0131 ambalaj, g\u0131da, ila\u00e7 ve di\u011fer end\u00fcstriler i\u00e7in gereklidir.<\/li>\n<\/ul>\n<\/li>\n<\/ol>","protected":false},"excerpt":{"rendered":"<p>Bu <strong>PBT-01 Ka\u011f\u0131t Karton Kal\u0131nl\u0131\u011f\u0131 Test Cihaz\u0131<\/strong> tek bir oluklu mukavva tabakas\u0131n\u0131n kal\u0131nl\u0131\u011f\u0131n\u0131 \u00f6l\u00e7mek i\u00e7in \u00f6zel olarak tasarlanm\u0131\u015f geli\u015fmi\u015f, y\u00fcksek hassasiyetli bir cihazd\u0131r. Bu cihaz, ambalaj malzemelerinin kalite kontrol\u00fcnde hayati bir rol oynar, \u00e7\u00fcnk\u00fc do\u011fru kal\u0131nl\u0131k \u00f6l\u00e7\u00fcmleri, ambalaj kutular\u0131n\u0131n ve di\u011fer ambalaj \u00e7\u00f6z\u00fcmlerinin \u00fcretiminde kullan\u0131lan fiber levhan\u0131n dayan\u0131kl\u0131l\u0131\u011f\u0131n\u0131 ve g\u00fcc\u00fcn\u00fc belirlemede \u00e7ok \u00f6nemlidir. T\u00fcm oluklu mukavva t\u00fcrleri i\u00e7in uygun olan PBT-01, ambalaj malzemelerinin koruma ve g\u00fcvenilirlik i\u00e7in kat\u0131 kalite standartlar\u0131n\u0131 kar\u015f\u0131lamas\u0131n\u0131 sa\u011flar.<\/p>","protected":false},"featured_media":6184,"comment_status":"closed","ping_status":"closed","template":"","meta":{"site-sidebar-layout":"default","site-content-layout":"default","ast-global-header-display":"","ast-main-header-display":"","ast-hfb-above-header-display":"","ast-hfb-below-header-display":"","ast-hfb-mobile-header-display":"","site-post-title":"","ast-breadcrumbs-content":"","ast-featured-img":"","footer-sml-layout":"","theme-transparent-header-meta":"default","adv-header-id-meta":"","stick-header-meta":"","header-above-stick-meta":"","header-main-stick-meta":"","header-below-stick-meta":""},"product_cat":[685,845,1149,962,44,160,95],"product_tag":[],"class_list":{"0":"post-5281","1":"product","2":"type-product","3":"status-publish","4":"has-post-thumbnail","6":"product_cat-thickness-tester","7":"product_cat-customization","8":"product_cat-tappi-t437","9":"product_cat-thickness-gauges","10":"product_cat-paper-and-board-testers","11":"product_cat-iso-3034","12":"product_cat-products","13":"desktop-align-left","14":"tablet-align-left","15":"mobile-align-left","17":"first","18":"instock","19":"shipping-taxable","20":"product-type-simple"},"_links":{"self":[{"href":"https:\/\/www.qualitester.com\/tr\/wp-json\/wp\/v2\/product\/5281","targetHints":{"allow":["GET"]}}],"collection":[{"href":"https:\/\/www.qualitester.com\/tr\/wp-json\/wp\/v2\/product"}],"about":[{"href":"https:\/\/www.qualitester.com\/tr\/wp-json\/wp\/v2\/types\/product"}],"replies":[{"embeddable":true,"href":"https:\/\/www.qualitester.com\/tr\/wp-json\/wp\/v2\/comments?post=5281"}],"version-history":[{"count":0,"href":"https:\/\/www.qualitester.com\/tr\/wp-json\/wp\/v2\/product\/5281\/revisions"}],"wp:featuredmedia":[{"embeddable":true,"href":"https:\/\/www.qualitester.com\/tr\/wp-json\/wp\/v2\/media\/6184"}],"wp:attachment":[{"href":"https:\/\/www.qualitester.com\/tr\/wp-json\/wp\/v2\/media?parent=5281"}],"wp:term":[{"taxonomy":"product_cat","embeddable":true,"href":"https:\/\/www.qualitester.com\/tr\/wp-json\/wp\/v2\/product_cat?post=5281"},{"taxonomy":"product_tag","embeddable":true,"href":"https:\/\/www.qualitester.com\/tr\/wp-json\/wp\/v2\/product_tag?post=5281"}],"curies":[{"name":"wp","href":"https:\/\/api.w.org\/{rel}","templated":true}]}}