{"id":5271,"date":"2024-11-07T10:59:28","date_gmt":"2024-11-07T02:59:28","guid":{"rendered":"https:\/\/www.qualitester.com\/?post_type=product&#038;p=5271"},"modified":"2024-12-05T10:19:31","modified_gmt":"2024-12-05T02:19:31","slug":"sale-corrugated-concora-medium-fluter","status":"publish","type":"product","link":"https:\/\/www.qualitester.com\/tr\/urun\/sale-corrugated-concora-medium-fluter\/","title":{"rendered":"CWY-01 Concora Orta Boy Fluter"},"content":{"rendered":"<h2>Giri\u015f<\/h2>\n<p>Bu <strong>CWY-01 Concora Orta Boy Fluter<\/strong> oluklu ortamdan standartla\u015ft\u0131r\u0131lm\u0131\u015f, yivli numuneler \u00fcretmek i\u00e7in tasarlanm\u0131\u015f y\u00fcksek kaliteli bir cihazd\u0131r. Ambalaj, ila\u00e7, g\u0131da, elektronik ve kalite kontrol end\u00fcstrilerinde kullan\u0131lan bu ara\u00e7, oluklu malzemelerin mukavemetini ve dayan\u0131kl\u0131l\u0131\u011f\u0131n\u0131 sa\u011flamak i\u00e7in gereklidir. i\u00e7in numune haz\u0131rlayarak <strong>Oluklu Ortam Testi (CMT)<\/strong> ve <strong>Oluklu Ezilme Testi (CCT)<\/strong>, CWY-01, \u00fcreticilerin kalite standartlar\u0131n\u0131 kar\u015f\u0131lamas\u0131n\u0131 ve \u00fcr\u00fcn tutarl\u0131l\u0131\u011f\u0131n\u0131 korumas\u0131n\u0131 sa\u011flar.<\/p>\n<h2>CWY-01 Concora Medium Fluter'\u0131n Temel Uygulamalar\u0131<\/h2>\n<p>Bu <strong>CWY-01 Concora Orta Boy Fluter<\/strong> oluklu mukavva \u00fcretiminde kullan\u0131lan oluklu ortam ve di\u011fer malzemelerin mukavemetini de\u011ferlendirmek i\u00e7in gereklidir. Birincil i\u015flevi, kullan\u0131c\u0131lar\u0131n bir malzemenin bas\u0131nca ne kadar iyi dayanabilece\u011fini ve y\u00fck alt\u0131nda yap\u0131sal b\u00fct\u00fcnl\u00fc\u011f\u00fcn\u00fc koruyabilece\u011fini belirlemelerine olanak tan\u0131yan, bas\u0131n\u00e7 dayan\u0131m\u0131 a\u00e7\u0131s\u0131ndan test edilecek tek tip, yivli numuneler haz\u0131rlamakt\u0131r. Uygulamalar \u015funlar\u0131 i\u00e7erir:<\/p>\n<ul>\n<li><strong>CMT<\/strong> yivli numunelerin d\u00fcz ezilme direncini \u00f6l\u00e7mek i\u00e7in<\/li>\n<li><strong>CCT<\/strong> oluklu mukavva i\u00e7in kenar bas\u0131n\u00e7 dayan\u0131m\u0131n\u0131 de\u011ferlendirmek<\/li>\n<\/ul>\n<p>Yayg\u0131n olarak kullan\u0131lan <strong>ambalaj, tibbi\u0307 ci\u0307hazlar, i\u0307la\u00e7lar ve kali\u0307te deneti\u0307mi\u0307<\/strong>, CWY-01, y\u00fcksek g\u00fcvenilirlik ve verimlilikle malzemelerin test edilmesinde \u00fcreticileri destekler.<\/p>\n<h2>\u00c7al\u0131\u015fma Prensipleri<\/h2>\n<p>CWY-01 Concora Medium Fluter, hassasiyet ve kullan\u0131m kolayl\u0131\u011f\u0131 g\u00f6z \u00f6n\u00fcnde bulundurularak tasarlanm\u0131\u015ft\u0131r. \u00c7al\u0131\u015fmas\u0131 birka\u00e7 basit ad\u0131mdan olu\u015fur:<\/p>\n<ol>\n<li><strong>S\u0131cakl\u0131k Ayar\u0131<\/strong>: Makine \u00e7al\u0131\u015ft\u0131r\u0131ld\u0131ktan sonra operat\u00f6r, oluklu disklerin optimum, sabit bir s\u0131cakl\u0131\u011fa ula\u015fmas\u0131n\u0131 sa\u011flamak i\u00e7in s\u0131cakl\u0131\u011f\u0131 ayarlar. Bu e\u015fit \u0131s\u0131 da\u011f\u0131l\u0131m\u0131, do\u011fru oluklar\u0131n olu\u015fturulmas\u0131 i\u00e7in \u00e7ok \u00f6nemlidir.<\/li>\n<li><strong>\u00d6rnek Besleme<\/strong>: Oluklu ortam numunesi \u00fcstten yerle\u015ftirilir, burada \u0131s\u0131t\u0131lm\u0131\u015f disklerden ge\u00e7erek d\u00fczg\u00fcn bir yivli \u015fekil olu\u015fturur.<\/li>\n<li><strong>Test i\u00e7in Haz\u0131rl\u0131k<\/strong>: Yivli numune daha sonra bir <strong>CMT raf\u0131 veya CCT tutucu<\/strong> ve y\u00fcksek hassasiyetli test ekipman\u0131 kullan\u0131larak bas\u0131n\u00e7 dayan\u0131m\u0131 testi i\u00e7in haz\u0131rd\u0131r.<\/li>\n<\/ol>\n<p>Bu sistematik s\u00fcre\u00e7 tutarl\u0131, tekrarlanabilir sonu\u00e7lar sa\u011flar ve end\u00fcstri standartlar\u0131na uygun hassas kalite kontrol\u00fcne olanak tan\u0131r.<\/p>\n<h2>\u0130lgili Standartlar ve Test Y\u00f6ntemleri<\/h2>\n<p>CWY-01 Concora Medium Fluter, temel end\u00fcstri standartlar\u0131yla uyumludur ve y\u00fcksek kaliteli, standartla\u015ft\u0131r\u0131lm\u0131\u015f sonu\u00e7lar sa\u011flar:<\/p>\n<ul>\n<li><strong><a href=\"https:\/\/www.iso.org\/standard\/56171.html\" target=\"_blank\" rel=\"noopener nofollow\">ISO 7263<\/a>: Oluklu Ortam Testi (CMT)<\/strong>\n<ul>\n<li>ISO 7263 \u015funlar\u0131 belirtir <strong>Oluklu Ortam Testi (CMT)<\/strong>, yiv a\u00e7\u0131ld\u0131ktan sonra oluklu ortam\u0131n d\u00fcz ezilme direncinin \u00f6l\u00e7\u00fclmesi. Bu standart her ikisini de i\u00e7erir <a href=\"https:\/\/www.qualitester.com\/tr\/urun-kategori\/iso\/iso-7263-1\/\" target=\"_blank\" rel=\"noopener\"><strong>ISO 7263-1<\/strong><\/a> \u015fartland\u0131r\u0131lm\u0131\u015f \u00f6rnekler i\u00e7in ve <strong>ISO 7263-2<\/strong> \u0131slak numuneler i\u00e7in. CWY-01, bu ISO gerekliliklerine uygun numunelerin haz\u0131rlanmas\u0131n\u0131 sa\u011flayarak do\u011fru ve g\u00fcvenilir test sonu\u00e7lar\u0131 elde edilmesini sa\u011flar.<\/li>\n<\/ul>\n<\/li>\n<li><strong><a href=\"https:\/\/www.iso.org\/standard\/57983.html\" target=\"_blank\" rel=\"noopener nofollow\">ISO 16945<\/a>: Oluklu Ezilme Testi (CCT)<\/strong>\n<ul>\n<li><a href=\"https:\/\/www.qualitester.com\/tr\/urun-kategori\/iso\/iso16945\/\" target=\"_blank\" rel=\"noopener\">ISO 16945<\/a> odaklan\u0131r <strong>Oluklu Ezilme Testi (CCT)<\/strong>, Ambalajda malzeme dayan\u0131kl\u0131l\u0131\u011f\u0131n\u0131n kritik bir \u00f6l\u00e7\u00fct\u00fc olan oluklu mukavvan\u0131n kenar boyunca ezilme direncini de\u011ferlendirir. CWY-01\u2019in hassas yivli numuneler olu\u015fturma yetene\u011fi ISO 16945 ile uyumludur ve tutarl\u0131, standartlara uygun bas\u0131n\u00e7 dayan\u0131m\u0131 testini kolayla\u015ft\u0131r\u0131r.<\/li>\n<\/ul>\n<\/li>\n<li><strong><a href=\"https:\/\/imisrise.tappi.org\/TAPPI\/Products\/01\/T\/0104t843.aspx\" target=\"_blank\" rel=\"noopener nofollow\">TAPPI T843<\/a>: Oluklu Mukavva i\u00e7in D\u00fcz Ezilme Testi<\/strong>\n<ul>\n<li><a href=\"https:\/\/www.qualitester.com\/tr\/urun-kategori\/tappi\/tappi-t843\/\" target=\"_blank\" rel=\"noopener\">TAPPI T843<\/a> test etmek i\u00e7in prosed\u00fcrleri ana hatlar\u0131yla <strong>d\u00fcz ezilme direnci<\/strong> yivli ka\u011f\u0131t. TAPPI T843 uyar\u0131nca standartla\u015ft\u0131r\u0131lm\u0131\u015f numuneler \u00fcretmek i\u00e7in CWY-01'in kullan\u0131lmas\u0131, oluklu ambalaj uygulamalar\u0131nda kalite g\u00fcvencesi i\u00e7in kritik olan testlerde do\u011frulu\u011fu ve kar\u015f\u0131la\u015ft\u0131r\u0131labilirli\u011fi art\u0131r\u0131r.<\/li>\n<\/ul>\n<\/li>\n<\/ul>\n<h2>CWY-01 Concora Orta Boy Fluter'in Temel \u00d6zellikleri ve Faydalar\u0131<\/h2>\n<ol>\n<li><strong>Dayan\u0131kl\u0131 ve \u00c7ok Y\u00f6nl\u00fc Yap\u0131<\/strong>\n<ul>\n<li>Y\u00fcksek kullan\u0131ma dayanacak \u015fekilde \u00fcretilen CWY-01, uzun s\u00fcreli \u00e7al\u0131\u015fmalarda g\u00fcvenilirlik sunar ve zorlu test ortamlar\u0131 i\u00e7in idealdir.<\/li>\n<\/ul>\n<\/li>\n<li><strong>De\u011fi\u015ftirilebilir Oluklu Diskler<\/strong>\n<ul>\n<li>Kolayca uyarlanabilen CWY-01, kullan\u0131c\u0131lar\u0131n farkl\u0131 oluk profillerine sahip diskleri de\u011fi\u015ftirmesine olanak tan\u0131yarak numune haz\u0131rlamada \u00e7ok y\u00f6nl\u00fcl\u00fck sa\u011flar.<\/li>\n<\/ul>\n<\/li>\n<li><strong>Kalibrasyon Se\u00e7enekleri ile Ayarlanabilir Bas\u0131n\u00e7 Aral\u0131\u011f\u0131<\/strong>\n<ul>\n<li>\u00d6zelle\u015ftirilebilir bas\u0131n\u00e7 ayarlar\u0131, uluslararas\u0131 standartlarla uyumlulu\u011fu koruyarak \u00e7e\u015fitli test gereksinimleri i\u00e7in hassas ayarlamalara olanak tan\u0131r.<\/li>\n<\/ul>\n<\/li>\n<li><strong>Alan Verimli Dikey Tasar\u0131m<\/strong>\n<ul>\n<li>CWY-01\u2019in dikey yap\u0131s\u0131 numune beslemesini basitle\u015ftirerek kaplad\u0131\u011f\u0131 alan\u0131 en aza indirirken kullan\u0131m kolayl\u0131\u011f\u0131n\u0131 en \u00fcst d\u00fczeye \u00e7\u0131kar\u0131r.<\/li>\n<\/ul>\n<\/li>\n<li><strong>E\u015fit S\u0131cakl\u0131k Da\u011f\u0131l\u0131m\u0131 i\u00e7in Dahili Is\u0131tma Mekanizmas\u0131<\/strong>\n<ul>\n<li>Entegre \u0131s\u0131tma, tutarl\u0131 ve y\u00fcksek kaliteli yivler olu\u015fturmak i\u00e7in \u00e7ok \u00f6nemli olan her iki diskte de e\u015fit s\u0131cakl\u0131k da\u011f\u0131l\u0131m\u0131 sa\u011flar.<\/li>\n<\/ul>\n<\/li>\n<li><strong>Hassas S\u0131cakl\u0131k Kontrol\u00fc<\/strong>\n<ul>\n<li>Kullan\u0131c\u0131lar s\u0131cakl\u0131\u011f\u0131 hassas bir \u015fekilde ayarlay\u0131p kontrol edebilir, numune haz\u0131rlaman\u0131n g\u00fcvenilirli\u011fini sa\u011flar ve test b\u00fct\u00fcnl\u00fc\u011f\u00fcn\u00fc korur.<\/li>\n<\/ul>\n<\/li>\n<\/ol>\n<h2>CWY-01 Concora Medium Fluter'\u0131n Ana Parametreleri<\/h2>\n<ul>\n<li><strong>\u00d6rnek Geni\u015fli\u011fi<\/strong>: 0,5 in\u00e7 (12,7 mm)<\/li>\n<li><strong>S\u0131cakl\u0131k Aral\u0131\u011f\u0131<\/strong>: Belirli test ortamlar\u0131 i\u00e7in ayarlanabilir<\/li>\n<li><strong>Bas\u0131n\u00e7 Aral\u0131\u011f\u0131<\/strong>: Ayarlanabilir, \u00e7e\u015fitli test standartlar\u0131n\u0131 kar\u015f\u0131lamak i\u00e7in kalibre edilmi\u015ftir<\/li>\n<\/ul>\n<h2>SSS<\/h2>\n<ol>\n<li><strong>CWY-01 Concora Medium Fluter'in kullan\u0131m amac\u0131 nedir?<\/strong>\n<ul>\n<li>CWY-01, CMT ve CCT y\u00f6ntemleriyle mukavemet testi i\u00e7in gerekli olan oluklu ortamdan yivli numuneler haz\u0131rlar.<\/li>\n<\/ul>\n<\/li>\n<li><strong>CWY-01 Concora Medium Fluter ISO 7263 ile nas\u0131l uyumludur?<\/strong>\n<ul>\n<li>CWY-01, ISO 7263'te belirtildi\u011fi gibi yivli numunelerin \u00fcretilmesini sa\u011flayarak oluklu orta mukavemet testlerinde standartla\u015ft\u0131r\u0131lm\u0131\u015f sonu\u00e7lar sa\u011flar.<\/li>\n<\/ul>\n<\/li>\n<li><strong>CWY-01 ile ne t\u00fcr malzemeler test edilebilir?<\/strong>\n<ul>\n<li>CWY-01, oluklu ambalaj ortam\u0131 i\u00e7in tasarlanm\u0131\u015ft\u0131r ancak oluklu ambalajda bas\u0131n\u00e7 dayan\u0131m\u0131 testi gerektiren di\u011fer malzemeler i\u00e7in de uygundur.<\/li>\n<\/ul>\n<\/li>\n<li><strong>CWY-01'de s\u0131cakl\u0131k nas\u0131l kontrol ediliyor?<\/strong>\n<ul>\n<li>Yerle\u015fik \u0131s\u0131tma mekanizmas\u0131, diskler boyunca e\u015fit olarak da\u011f\u0131t\u0131lm\u0131\u015f \u0131s\u0131 ile hassas kontrol sa\u011flar ve do\u011fru numune olu\u015fumunu garanti eder.<\/li>\n<\/ul>\n<\/li>\n<li><strong>CWY-01 farkl\u0131 fl\u00fct tiplerine uyum sa\u011flayabilir mi?<\/strong>\n<ul>\n<li>Evet, CWY-01, \u00f6zel test ihtiya\u00e7lar\u0131na ba\u011fl\u0131 olarak \u00e7e\u015fitli oluk profillerine izin veren de\u011fi\u015ftirilebilir disklere sahiptir.<\/li>\n<\/ul>\n<\/li>\n<\/ol>\n<p>Bu <strong>CWY-01 Concora Orta Boy Fluter<\/strong> gibi zorlu end\u00fcstri standartlar\u0131n\u0131 kar\u015f\u0131layan yivli numuneler \u00fcretmek i\u00e7in tasarlanm\u0131\u015f sa\u011flam, uyarlanabilir ve hassas bir cihazd\u0131r. <strong>ISO 7263<\/strong>, <strong>ISO 16945<\/strong>, ve <strong>TAPPI T843<\/strong>. Bu \u00e7ok y\u00f6nl\u00fc ara\u00e7, oluklu ambalaj malzemelerinde en y\u00fcksek d\u00fczeyde performans ve g\u00fcvenilirlik sa\u011flamaya \u00e7al\u0131\u015fan \u00fcreticiler ve kalite kontrol ekipleri i\u00e7in idealdir.<\/p>","protected":false},"excerpt":{"rendered":"<p>Bu <strong>CWY-01 Concora Orta Boy Fluter<\/strong> oluklu ortamdan standartla\u015ft\u0131r\u0131lm\u0131\u015f, yivli numuneler \u00fcretmek i\u00e7in tasarlanm\u0131\u015f y\u00fcksek kaliteli bir cihazd\u0131r. Ambalaj, ila\u00e7, g\u0131da, elektronik ve kalite kontrol end\u00fcstrilerinde kullan\u0131lan bu ara\u00e7, oluklu malzemelerin mukavemetini ve dayan\u0131kl\u0131l\u0131\u011f\u0131n\u0131 sa\u011flamak i\u00e7in gereklidir. i\u00e7in numune haz\u0131rlayarak <strong>Oluklu Ortam Testi (CMT)<\/strong> ve <strong>Oluklu Ezilme Testi (CCT)<\/strong>, CWY-01, \u00fcreticilerin kalite standartlar\u0131n\u0131 kar\u015f\u0131lamas\u0131n\u0131 ve \u00fcr\u00fcn tutarl\u0131l\u0131\u011f\u0131n\u0131 korumas\u0131n\u0131 sa\u011flar.<\/p>","protected":false},"featured_media":6180,"comment_status":"closed","ping_status":"closed","template":"","meta":{"site-sidebar-layout":"default","site-content-layout":"default","ast-global-header-display":"","ast-main-header-display":"","ast-hfb-above-header-display":"","ast-hfb-below-header-display":"","ast-hfb-mobile-header-display":"","site-post-title":"","ast-breadcrumbs-content":"","ast-featured-img":"","footer-sml-layout":"","theme-transparent-header-meta":"default","adv-header-id-meta":"","stick-header-meta":"","header-above-stick-meta":"","header-main-stick-meta":"","header-below-stick-meta":""},"product_cat":[845,953,956,955,1082,1081,954,957,958,952,959,95],"product_tag":[],"class_list":{"0":"post-5271","1":"product","2":"type-product","3":"status-publish","4":"has-post-thumbnail","6":"product_cat-customization","7":"product_cat-bursting-tester","8":"product_cat-cobb-tester","9":"product_cat-crush-tester","10":"product_cat-iso-16945","11":"product_cat-iso-7263-1","12":"product_cat-paper-tear-tester","13":"product_cat-plybond-tester","14":"product_cat-puncture-tester","15":"product_cat-rub-tester","16":"product_cat-stiffness-tester","17":"product_cat-products","18":"desktop-align-left","19":"tablet-align-left","20":"mobile-align-left","22":"first","23":"instock","24":"shipping-taxable","25":"product-type-simple"},"_links":{"self":[{"href":"https:\/\/www.qualitester.com\/tr\/wp-json\/wp\/v2\/product\/5271","targetHints":{"allow":["GET"]}}],"collection":[{"href":"https:\/\/www.qualitester.com\/tr\/wp-json\/wp\/v2\/product"}],"about":[{"href":"https:\/\/www.qualitester.com\/tr\/wp-json\/wp\/v2\/types\/product"}],"replies":[{"embeddable":true,"href":"https:\/\/www.qualitester.com\/tr\/wp-json\/wp\/v2\/comments?post=5271"}],"version-history":[{"count":0,"href":"https:\/\/www.qualitester.com\/tr\/wp-json\/wp\/v2\/product\/5271\/revisions"}],"wp:featuredmedia":[{"embeddable":true,"href":"https:\/\/www.qualitester.com\/tr\/wp-json\/wp\/v2\/media\/6180"}],"wp:attachment":[{"href":"https:\/\/www.qualitester.com\/tr\/wp-json\/wp\/v2\/media?parent=5271"}],"wp:term":[{"taxonomy":"product_cat","embeddable":true,"href":"https:\/\/www.qualitester.com\/tr\/wp-json\/wp\/v2\/product_cat?post=5271"},{"taxonomy":"product_tag","embeddable":true,"href":"https:\/\/www.qualitester.com\/tr\/wp-json\/wp\/v2\/product_tag?post=5271"}],"curies":[{"name":"wp","href":"https:\/\/api.w.org\/{rel}","templated":true}]}}