{"id":5247,"date":"2024-11-06T13:22:00","date_gmt":"2024-11-06T05:22:00","guid":{"rendered":"https:\/\/www.qualitester.com\/?post_type=product&#038;p=5247"},"modified":"2024-12-05T15:33:06","modified_gmt":"2024-12-05T07:33:06","slug":"sale-tape-holding-power-tester","status":"publish","type":"product","link":"https:\/\/www.qualitester.com\/tr\/urun\/sale-tape-holding-power-tester\/","title":{"rendered":"LAT-01 Kal\u0131c\u0131 Yap\u0131\u015fkanl\u0131k Test Cihaz\u0131"},"content":{"rendered":"<h2><strong>Bant Tutma G\u00fcc\u00fc Test Cihaz\u0131n\u0131n Tan\u0131t\u0131m\u0131<\/strong><\/h2>\n<p>Bu <strong>Bant Tutma G\u00fcc\u00fc Test Cihaz\u0131<\/strong> sabit y\u00fck ko\u015fullar\u0131 alt\u0131nda bas\u0131nca duyarl\u0131 bantlar\u0131n ve etiketlerin yap\u0131\u015fma mukavemetini \u00f6l\u00e7mek i\u00e7in tasarlanm\u0131\u015f temel bir test cihaz\u0131d\u0131r. Yap\u0131\u015fkan bantlar\u0131n kaymaya kar\u015f\u0131 koyma ve strese maruz kald\u0131klar\u0131nda ba\u011flar\u0131n\u0131 koruma yeteneklerini de\u011ferlendirir, bu da onu ambalaj, medikal, ila\u00e7 ve daha fazlas\u0131 gibi yap\u0131\u015fkan bant performans\u0131na g\u00fcvenen end\u00fcstriler i\u00e7in \u00e7ok \u00f6nemli bir ara\u00e7 haline getirir.<\/p>\n<p>Bu test cihaz\u0131, bantlar\u0131n uzun vadeli stabilitesini ve dayan\u0131kl\u0131l\u0131\u011f\u0131n\u0131 de\u011ferlendirmek i\u00e7in g\u00fcvenilir bir ara\u00e7 sa\u011flayarak \u00e7e\u015fitli uygulamalar i\u00e7in gerekli standartlara uymalar\u0131n\u0131 sa\u011flar. Zorlu ko\u015fullar alt\u0131nda bile bantlar\u0131n y\u00fczeylere ne kadar iyi yap\u0131\u015ft\u0131\u011f\u0131n\u0131 belirlemek i\u00e7in kullan\u0131l\u0131r ve zaman i\u00e7indeki performanslar\u0131 hakk\u0131nda hayati bilgiler sunar.<\/p>\n<h2><strong>Bant Tutma G\u00fcc\u00fc Test Cihaz\u0131 Uygulamas\u0131<\/strong><\/h2>\n<p>Bu <strong>Bant Tutma G\u00fcc\u00fc Test Cihaz\u0131<\/strong> a\u015fa\u011f\u0131daki end\u00fcstrilerde yayg\u0131n olarak kullan\u0131lmaktad\u0131r:<\/p>\n<ul>\n<li><strong>Paketleme:<\/strong> Ambalaj malzemelerinde kullan\u0131lan bantlar\u0131n ta\u015f\u0131ma ve depolama s\u0131ras\u0131nda yap\u0131\u015fkan \u00f6zelliklerini korumas\u0131n\u0131 sa\u011flar.<\/li>\n<li><strong>T\u0131bbi ve Farmas\u00f6tik:<\/strong> T\u0131bbi bantlar\u0131n, bandajlar\u0131n ve farmas\u00f6tik ambalaj malzemelerinin yap\u0131\u015fkanl\u0131k g\u00fcc\u00fcn\u00fc do\u011frular.<\/li>\n<li><strong>Yap\u0131\u015ft\u0131r\u0131c\u0131lar:<\/strong> Etiketlerde, bantlarda ve di\u011fer yap\u0131\u015fkan bazl\u0131 \u00fcr\u00fcnlerde kullan\u0131lan bas\u0131nca duyarl\u0131 yap\u0131\u015ft\u0131r\u0131c\u0131lar\u0131n performans\u0131n\u0131 test etmek i\u00e7in gereklidir.<\/li>\n<li><strong>Tekstil:<\/strong> Tekstil bantlar\u0131n\u0131n ve etiketlerinin stres ko\u015fullar\u0131 alt\u0131nda yap\u0131\u015fmas\u0131n\u0131 de\u011ferlendirmeye yard\u0131mc\u0131 olur.<\/li>\n<li><strong>Kalite Denetim Ajanslar\u0131:<\/strong> Bant performans\u0131 hakk\u0131nda objektif veriler sa\u011flayarak \u00fcreticiler ve tedarik\u00e7iler i\u00e7in kalite kontrol\u00fcne yard\u0131mc\u0131 olur.<\/li>\n<\/ul>\n<p>\u00d6ncelikle test etmek i\u00e7in kullan\u0131l\u0131r <strong>tutma g\u00fcc\u00fc<\/strong> ger\u00e7ek d\u00fcnya uygulamalar\u0131 i\u00e7in gerekli \u00f6zellikleri kar\u015f\u0131lad\u0131klar\u0131ndan emin olmak i\u00e7in bas\u0131nca duyarl\u0131 bantlar ve etiketler.<\/p>\n<h2><strong>Test Prensibi<\/strong><\/h2>\n<p>Bu <strong>Bant Tutma G\u00fcc\u00fc Test Cihaz\u0131<\/strong> prensibine g\u00f6re \u00e7al\u0131\u015f\u0131r <strong>sabit y\u00fck alt\u0131nda kayma yap\u0131\u015fmas\u0131<\/strong>. Test a\u015fa\u011f\u0131daki s\u00fcreci i\u00e7erir:<\/p>\n<ul>\n<li>Bir bant \u015feridi, kontroll\u00fc ko\u015fullar alt\u0131nda standart bir \u00e7elik panele uygulan\u0131r.<\/li>\n<li>Sabit bir y\u00fck uygulamak i\u00e7in band\u0131n serbest ucuna standart bir k\u00fctle ba\u011flan\u0131r.<\/li>\n<li>Panel daha sonra dikey olarak konumland\u0131r\u0131l\u0131r ve band\u0131n ar\u0131zalanmas\u0131 i\u00e7in ge\u00e7en s\u00fcre (yani kayma veya y\u00fczeyden tamamen ayr\u0131lma) kaydedilir.<\/li>\n<\/ul>\n<p>Bu test, bantlar\u0131n yap\u0131\u015ft\u0131r\u0131c\u0131 ar\u0131zas\u0131na yol a\u00e7abilecek kuvvetlere maruz kalabilece\u011fi ger\u00e7ek d\u00fcnya ko\u015fullar\u0131n\u0131n sim\u00fcle edilmesine yard\u0131mc\u0131 olur. Bu test <strong>Bant Tutma G\u00fcc\u00fc Test Cihaz\u0131<\/strong> end\u00fcstriyel, t\u0131bbi ve t\u00fcketici uygulamalar\u0131nda kullan\u0131lanlar da dahil olmak \u00fczere \u00e7e\u015fitli bas\u0131nca duyarl\u0131 bant t\u00fcrlerini test edebilir.<\/p>\n<h2><strong>Test Y\u00f6ntemleri<\/strong><\/h2>\n<h3><strong>ASTM D3654<\/strong><\/h3>\n<p>Bu <strong>ASTM D3654<\/strong> standard\u0131, bas\u0131nca duyarl\u0131 bantlar\u0131n kayma yap\u0131\u015fmas\u0131n\u0131 test etmek i\u00e7in en yayg\u0131n olarak kabul edilen y\u00f6ntemlerden biridir. ASTM D3654'e g\u00f6re:<\/p>\n<ul>\n<li>Bant standart bir \u00e7elik panele uygulan\u0131r ve belirli bir a\u00e7\u0131da sabit bir k\u00fctleye maruz b\u0131rak\u0131l\u0131r.<\/li>\n<li>Test cihaz\u0131 a\u015fa\u011f\u0131dakileri \u00f6l\u00e7er <strong>ba\u015far\u0131s\u0131zl\u0131\u011fa kadar ge\u00e7en s\u00fcre<\/strong> ya da <strong>kayma miktar\u0131<\/strong> bant sabit kayma gerilimine maruz kald\u0131\u011f\u0131nda ortaya \u00e7\u0131kar.<\/li>\n<li>Bu y\u00f6ntem, yap\u0131\u015ft\u0131r\u0131c\u0131n\u0131n stres alt\u0131nda kaymaya kar\u015f\u0131 koyma kabiliyetini de\u011ferlendirerek, yap\u0131\u015ft\u0131r\u0131c\u0131n\u0131n mukavemetinin nicel bir \u00f6l\u00e7\u00fcs\u00fcn\u00fc sa\u011flar. <strong>tutma g\u00fcc\u00fc<\/strong>.<\/li>\n<\/ul>\n<h3><strong>PSTC-107<\/strong><\/h3>\n<p>Bu <strong>PSTC-107<\/strong> bas\u0131nca duyarl\u0131 bantlar\u0131n tutma g\u00fcc\u00fcn\u00fc test etmek i\u00e7in bir ba\u015fka kritik end\u00fcstri standard\u0131d\u0131r. Bu standart, bantlar\u0131n ger\u00e7ek kullan\u0131m s\u0131ras\u0131nda g\u00f6r\u00fclen ko\u015fullar\u0131 taklit eden yap\u0131\u015fkan y\u00fczeye paralel olarak uygulanan kuvvetlere dayanma kabiliyetinin nas\u0131l \u00f6l\u00e7\u00fclece\u011fini belirtir.<\/p>\n<ul>\n<li>ASTM D3654 gibi, <strong>PSTC-107<\/strong> de\u011ferlendirir <strong>ba\u015far\u0131s\u0131zl\u0131\u011fa kadar ge\u00e7en s\u00fcre<\/strong> ya da <strong>kayma miktar\u0131<\/strong> Belirli bir k\u00fctle uyguland\u0131\u011f\u0131nda ortaya \u00e7\u0131kar.<\/li>\n<li>\u00c7e\u015fitli \u00fcr\u00fcnlerde kullan\u0131lan bantlar\u0131n zaman i\u00e7inde sabit y\u00fck ko\u015fullar\u0131 alt\u0131nda yap\u0131\u015fkan \u00f6zelliklerini korumas\u0131n\u0131 sa\u011flar.<\/li>\n<\/ul>\n<p>Her ikisi de <strong>ASTM D3654<\/strong> ve <strong>PSTC-107<\/strong> bas\u0131nca duyarl\u0131 yap\u0131\u015ft\u0131r\u0131c\u0131lar\u0131n performans\u0131n\u0131 ve g\u00fcvenilirli\u011fini sa\u011flamak i\u00e7in temel standartlard\u0131r.<\/p>\n<h2><strong>Avantajlar<\/strong><\/h2>\n<ul>\n<li><strong>Hassas \u00d6l\u00e7\u00fcm<\/strong>: Mikrodenetleyici tabanl\u0131 bir zamanlama sistemi ile Bant Tutma G\u00fcc\u00fc Test Cihaz\u0131, do\u011fru ve tekrarlanabilir sonu\u00e7lar sa\u011flar.<\/li>\n<li><strong>\u00d6zelle\u015ftirilebilir Se\u00e7enekler<\/strong>: Test cihaz\u0131 birden fazla test istasyonu ile yap\u0131land\u0131r\u0131labilir, bu da onu b\u00fcy\u00fck \u00f6l\u00e7ekli \u00fcretim ortamlar\u0131nda y\u00fcksek verimli testler i\u00e7in ideal hale getirir.<\/li>\n<li><strong>\u00c7ok Y\u00f6nl\u00fc S\u0131cakl\u0131k Kontrol\u00fc<\/strong>: Test cihaz\u0131, ger\u00e7ek d\u00fcnyadaki \u00e7evresel fakt\u00f6rleri sim\u00fcle etmek i\u00e7in farkl\u0131 s\u0131cakl\u0131k ko\u015fullar\u0131nda kullan\u0131lmak \u00fczere uyarlanabilir.<\/li>\n<li><strong>Kullan\u0131m\u0131 Kolay Aray\u00fcz<\/strong>: Zaman kilitleme i\u015flevine sahip kullan\u0131c\u0131 dostu LCD ekran, test sonu\u00e7lar\u0131n\u0131n net ve basit bir \u015fekilde izlenmesini sa\u011flar.<\/li>\n<li><strong>G\u00fcvenilir Sonu\u00e7lar<\/strong>: Test cihaz\u0131, bantlar\u0131n yap\u0131\u015fma g\u00fcc\u00fc hakk\u0131nda tutarl\u0131 veriler sa\u011flayarak \u00fcreticilerin kalite g\u00fcvence gereksinimlerini kar\u015f\u0131lamas\u0131na yard\u0131mc\u0131 olur.<\/li>\n<\/ul>\n<h2><strong>Standartlar<\/strong><\/h2>\n<p>Bu <strong>Bant Tutma G\u00fcc\u00fc Test Cihaz\u0131<\/strong> a\u015fa\u011f\u0131daki temel end\u00fcstri standartlar\u0131na uyacak \u015fekilde tasarlanm\u0131\u015ft\u0131r:<\/p>\n<ul>\n<li><a href=\"https:\/\/www.astm.org\/d3654_d3654m-06r19.html\" target=\"_blank\" rel=\"noopener nofollow\"><strong>ASTM D3654<\/strong><\/a>: Bas\u0131nca duyarl\u0131 bantlar\u0131n kesme yap\u0131\u015fmas\u0131 i\u00e7in standart test y\u00f6ntemi.<\/li>\n<li><a href=\"https:\/\/pstc.org\/resources\/test-methods\/\" target=\"_blank\" rel=\"noopener nofollow\"><strong>PSTC-107<\/strong><\/a>: Bas\u0131nca duyarl\u0131 bantlar\u0131n sabit gerilim alt\u0131nda tutma g\u00fcc\u00fc i\u00e7in standart test y\u00f6ntemi.<\/li>\n<li><strong>JIS Z0237<\/strong>: Yap\u0131\u015fkan bant testi i\u00e7in Japon End\u00fcstriyel Standard\u0131.<\/li>\n<li><strong>GT\/T 4851<\/strong>: Bas\u0131nca duyarl\u0131 bant testi i\u00e7in \u00c7in standard\u0131.<\/li>\n<\/ul>\n<p>Bu standartlar a\u015fa\u011f\u0131dakileri sa\u011flar <strong>Bant Tutma G\u00fcc\u00fc Test Cihaz\u0131<\/strong> k\u00fcresel end\u00fcstri gereksinimlerini kar\u015f\u0131layan do\u011fru ve g\u00fcvenilir sonu\u00e7lar sa\u011flar.<\/p>\n<h2><strong>Ana Parametreler<\/strong><\/h2>\n<table>\n<tbody>\n<tr>\n<td style=\"text-align: center;\" width=\"105\">Modeller<\/td>\n<td style=\"text-align: center;\" width=\"50\"><strong>LAT-5<\/strong><\/td>\n<td style=\"text-align: center;\" width=\"58\"><strong>LAT-10<\/strong><\/td>\n<td style=\"text-align: center;\" width=\"58\"><strong>LAT-20<\/strong><\/td>\n<td style=\"text-align: center;\" width=\"58\"><strong>LAT-30<\/strong><\/td>\n<td style=\"text-align: center;\" width=\"65\"><strong>LAT-5TC<\/strong><\/td>\n<td style=\"text-align: center;\" width=\"73\"><strong>LAT-10TC<\/strong><\/td>\n<\/tr>\n<tr>\n<td style=\"text-align: center;\" width=\"105\">Test \u0130stasyonlar\u0131<\/td>\n<td style=\"text-align: center;\" width=\"50\">5<\/td>\n<td style=\"text-align: center;\" width=\"58\">10<\/td>\n<td style=\"text-align: center;\" width=\"58\">20<\/td>\n<td style=\"text-align: center;\" width=\"58\">30<\/td>\n<td style=\"text-align: center;\" width=\"65\">5<\/td>\n<td style=\"text-align: center;\" width=\"73\">10<\/td>\n<\/tr>\n<tr>\n<td style=\"text-align: center;\" width=\"105\">S\u0131cakl\u0131k. Aral\u0131k<\/td>\n<td style=\"text-align: center;\" colspan=\"4\" rowspan=\"1\" width=\"224\">N\/A<\/td>\n<td style=\"text-align: center;\" colspan=\"2\" rowspan=\"1\" width=\"138\">Ortam ~ 80 \u2103<\/td>\n<\/tr>\n<tr>\n<td style=\"text-align: center;\" width=\"105\">Test Zaman\u0131<\/td>\n<td style=\"text-align: center;\" colspan=\"6\" rowspan=\"1\" width=\"362\">0~99H99M99S<\/td>\n<\/tr>\n<tr>\n<td style=\"text-align: center;\" width=\"105\">Test K\u00fctlesi<\/td>\n<td style=\"text-align: center;\" colspan=\"6\" rowspan=\"1\" width=\"362\">1000\u00b15g<\/td>\n<\/tr>\n<tr>\n<td style=\"text-align: center;\" width=\"105\">Panel<\/td>\n<td style=\"text-align: center;\" colspan=\"6\" rowspan=\"1\" width=\"362\">60*40*1,5 LWD<\/td>\n<\/tr>\n<tr>\n<td style=\"text-align: center;\" width=\"105\">G\u00fc\u00e7<\/td>\n<td style=\"text-align: center;\" colspan=\"6\" rowspan=\"1\" width=\"362\">AC 220V 50Hz<\/td>\n<\/tr>\n<tr>\n<td style=\"text-align: center;\" colspan=\"7\" rowspan=\"1\" width=\"467\">Makara \u00d6zellikleri<\/td>\n<\/tr>\n<tr>\n<td style=\"text-align: center;\" width=\"105\">Silindir<\/td>\n<td style=\"text-align: center;\" colspan=\"6\" rowspan=\"1\" width=\"362\">2000g\u00b150g<\/td>\n<\/tr>\n<tr>\n<td style=\"text-align: center;\" width=\"105\">\u00c7ap<\/td>\n<td style=\"text-align: center;\" colspan=\"6\" rowspan=\"1\" width=\"362\">85\u00b12,5 mm<\/td>\n<\/tr>\n<tr>\n<td style=\"text-align: center;\" width=\"105\">Geni\u015flik<\/td>\n<td style=\"text-align: center;\" colspan=\"6\" rowspan=\"1\" width=\"362\">45\u00b11,5 mm<\/td>\n<\/tr>\n<tr>\n<td style=\"text-align: center;\" width=\"105\">Kau\u00e7uk<\/td>\n<td style=\"text-align: center;\" colspan=\"6\" rowspan=\"1\" width=\"362\">6mm kal\u0131nl\u0131\u011f\u0131nda, Shore Sertli\u011fi 80\u00b15\u00b0<\/td>\n<\/tr>\n<\/tbody>\n<\/table>\n<p style=\"text-align: left;\">Bu <strong>Bant Tutma G\u00fcc\u00fc Test Cihaz\u0131<\/strong> bas\u0131nca duyarl\u0131 yap\u0131\u015ft\u0131r\u0131c\u0131lar\u0131n performans\u0131na g\u00fcvenen t\u00fcm end\u00fcstriler i\u00e7in \u00f6nemli bir ara\u00e7t\u0131r. A\u015fa\u011f\u0131dakiler gibi k\u00fcresel standartlara uygun hassas testler sunarak <strong>ASTM D3654<\/strong> ve <strong>PSTC-107<\/strong>, bantlar\u0131n ve etiketlerin gerekli performans kriterlerini kar\u015f\u0131lamas\u0131n\u0131 sa\u011flar. Ambalaj, medikal, farmas\u00f6tik veya yap\u0131\u015fkan uygulamalar\u0131 i\u00e7in olsun, bu test cihaz\u0131 \u00fcreticilerin yap\u0131\u015fkan \u00fcr\u00fcnlerinin dayan\u0131kl\u0131l\u0131\u011f\u0131n\u0131, g\u00fcvenilirli\u011fini ve kalitesini sa\u011flamalar\u0131na yard\u0131mc\u0131 olur.<\/p>\n<div id=\"gtx-anchor\" style=\"position: absolute; visibility: hidden; left: 294.078px; top: 69.5156px; width: 22.3906px; height: 19px;\"><\/div>\n<div class=\"jfk-bubble gtx-bubble\" style=\"visibility: visible; left: -362px; top: 99px; opacity: 1;\" role=\"alertdialog\" aria-describedby=\"bubble-2\">\n<div id=\"bubble-2\" class=\"jfk-bubble-content-id\">\n<div id=\"gtx-host\" style=\"min-width: 200px; max-width: 400px;\"><\/div>\n<\/div>\n<div class=\"jfk-bubble-closebtn-id jfk-bubble-closebtn\" tabindex=\"0\" role=\"button\" aria-label=\"Kapat\"><\/div>\n<div class=\"jfk-bubble-arrow-id jfk-bubble-arrow jfk-bubble-arrowup\" style=\"left: 305.078px;\">\n<div class=\"jfk-bubble-arrowimplbefore\"><\/div>\n<div class=\"jfk-bubble-arrowimplafter\"><\/div>\n<\/div>\n<\/div>","protected":false},"excerpt":{"rendered":"<p>Bu <strong>Bant Tutma G\u00fcc\u00fc Test Cihaz\u0131<\/strong> sabit y\u00fck ko\u015fullar\u0131 alt\u0131nda bas\u0131nca duyarl\u0131 bantlar\u0131n ve etiketlerin yap\u0131\u015fma mukavemetini \u00f6l\u00e7mek i\u00e7in tasarlanm\u0131\u015f temel bir test cihaz\u0131d\u0131r. Yap\u0131\u015fkan bantlar\u0131n kaymaya kar\u015f\u0131 koyma ve strese maruz kald\u0131klar\u0131nda ba\u011flar\u0131n\u0131 koruma yeteneklerini de\u011ferlendirir, bu da onu ambalaj, medikal, ila\u00e7 ve daha fazlas\u0131 gibi yap\u0131\u015fkan bant performans\u0131na g\u00fcvenen end\u00fcstriler i\u00e7in \u00e7ok \u00f6nemli bir ara\u00e7 haline getirir.<\/p>","protected":false},"featured_media":6298,"comment_status":"closed","ping_status":"closed","template":"","meta":{"site-sidebar-layout":"default","site-content-layout":"default","ast-global-header-display":"","ast-main-header-display":"","ast-hfb-above-header-display":"","ast-hfb-below-header-display":"","ast-hfb-mobile-header-display":"","site-post-title":"","ast-breadcrumbs-content":"","ast-featured-img":"","footer-sml-layout":"","theme-transparent-header-meta":"default","adv-header-id-meta":"","stick-header-meta":"","header-above-stick-meta":"","header-main-stick-meta":"","header-below-stick-meta":""},"product_cat":[845,1172,949,673,130,95],"product_tag":[],"class_list":{"0":"post-5247","1":"product","2":"type-product","3":"status-publish","4":"has-post-thumbnail","6":"product_cat-customization","7":"product_cat-jis-z0237","8":"product_cat-pstc-107","9":"product_cat-adhesive-tester","10":"product_cat-astm-d3654","11":"product_cat-products","12":"desktop-align-left","13":"tablet-align-left","14":"mobile-align-left","16":"first","17":"instock","18":"shipping-taxable","19":"product-type-simple"},"_links":{"self":[{"href":"https:\/\/www.qualitester.com\/tr\/wp-json\/wp\/v2\/product\/5247","targetHints":{"allow":["GET"]}}],"collection":[{"href":"https:\/\/www.qualitester.com\/tr\/wp-json\/wp\/v2\/product"}],"about":[{"href":"https:\/\/www.qualitester.com\/tr\/wp-json\/wp\/v2\/types\/product"}],"replies":[{"embeddable":true,"href":"https:\/\/www.qualitester.com\/tr\/wp-json\/wp\/v2\/comments?post=5247"}],"version-history":[{"count":0,"href":"https:\/\/www.qualitester.com\/tr\/wp-json\/wp\/v2\/product\/5247\/revisions"}],"wp:featuredmedia":[{"embeddable":true,"href":"https:\/\/www.qualitester.com\/tr\/wp-json\/wp\/v2\/media\/6298"}],"wp:attachment":[{"href":"https:\/\/www.qualitester.com\/tr\/wp-json\/wp\/v2\/media?parent=5247"}],"wp:term":[{"taxonomy":"product_cat","embeddable":true,"href":"https:\/\/www.qualitester.com\/tr\/wp-json\/wp\/v2\/product_cat?post=5247"},{"taxonomy":"product_tag","embeddable":true,"href":"https:\/\/www.qualitester.com\/tr\/wp-json\/wp\/v2\/product_tag?post=5247"}],"curies":[{"name":"wp","href":"https:\/\/api.w.org\/{rel}","templated":true}]}}