{"id":5242,"date":"2024-11-06T12:02:30","date_gmt":"2024-11-06T04:02:30","guid":{"rendered":"https:\/\/www.qualitester.com\/?post_type=product&#038;p=5242"},"modified":"2024-12-05T09:52:23","modified_gmt":"2024-12-05T01:52:23","slug":"sale-internal-bond-tester-iso-16260","status":"publish","type":"product","link":"https:\/\/www.qualitester.com\/tr\/urun\/sale-internal-bond-tester-iso-16260\/","title":{"rendered":"BGT-01 Dahili Ba\u011f Test Cihaz\u0131"},"content":{"rendered":"<h2><strong>Giri\u015f Dahili Ba\u011f Test Cihaz\u0131<\/strong><\/h2>\n<p>Bu <strong>BGT-01 Dahili Ba\u011f Test Cihaz\u0131<\/strong> 'de bir ka\u011f\u0131t veya karton \u00f6rne\u011fini h\u0131zla delamine etmek i\u00e7in gereken enerjiyi \u00f6l\u00e7mek i\u00e7in tasarlanm\u0131\u015f geli\u015fmi\u015f bir cihazd\u0131r. <strong>Z y\u00f6n\u00fc<\/strong>. Bu test, ka\u011f\u0131t ve karton \u00fcr\u00fcnlerinin bask\u0131 veya d\u00f6n\u00fc\u015ft\u00fcrme gibi i\u015flemler s\u0131ras\u0131nda maruz kalabilece\u011fi h\u0131zl\u0131 darbeleri ve \u015fok y\u00fcklerini sim\u00fcle eder. Bu test <strong>Dahili Ba\u011f Test Cihaz\u0131<\/strong> kopmay\u0131 ba\u015flatmak i\u00e7in tan\u0131mlanm\u0131\u015f bir k\u00fctleye ve h\u0131za sahip bir sarka\u00e7 kullan\u0131r, bu da malzemenin i\u00e7 gerilmelere kar\u015f\u0131 direncini de\u011ferlendirmek i\u00e7in ideal bir ara\u00e7 haline getirir.<\/p>\n<p>BGT-01, tek ve \u00e7ok katmanl\u0131 ka\u011f\u0131tlar, kaplamal\u0131 tabakalar ve sentetik polimer filmlerle lamine edilmi\u015f levhalar dahil olmak \u00fczere \u00e7e\u015fitli ka\u011f\u0131t ve karton malzemelerini test etmek i\u00e7in m\u00fckemmeldir. \u00d6zellikle a\u015fa\u011f\u0131dakilere maruz kalan malzemeler i\u00e7in uygundur <strong>Z-y\u00f6nl\u00fc h\u0131zl\u0131 darbeler<\/strong>, Ambalaj, bask\u0131 ve dayan\u0131kl\u0131l\u0131\u011f\u0131n kritik oldu\u011fu di\u011fer end\u00fcstriyel uygulamalar gibi.<\/p>\n<h2><strong>Test Y\u00f6ntemleri: ISO 16260 ve Standartlar<\/strong><\/h2>\n<h3><strong><a href=\"https:\/\/www.iso.org\/standard\/56038.html\" target=\"_blank\" rel=\"noopener nofollow\">ISO 16260<\/a>: \u0130\u00e7 Ba\u011f Testi i\u00e7in Uluslararas\u0131 Standart<\/strong><\/h3>\n<p><a href=\"https:\/\/www.qualitester.com\/tr\/urun-kategori\/iso\/iso-16260\/\" target=\"_blank\" rel=\"noopener\"><strong>ISO 16260<\/strong><\/a> Ka\u011f\u0131t ve karton malzemelerin i\u00e7 ba\u011f mukavemetini \u00f6l\u00e7mek i\u00e7in test y\u00f6ntemini belirtir. Bu standart, numuneyi delamine etmek i\u00e7in bir sarka\u00e7 darbesinin kullan\u0131ld\u0131\u011f\u0131 ve malzemenin h\u0131zl\u0131, lokalize stres alt\u0131ndaki mukavemetini de\u011ferlendiren testlerin y\u00fcr\u00fct\u00fclmesi i\u00e7in bir prosed\u00fcr tan\u0131mlar. Ka\u011f\u0131t ve kartonun \u015fok y\u00fcklere maruz kald\u0131\u011f\u0131 ger\u00e7ek d\u00fcnya ko\u015fullar\u0131n\u0131 sim\u00fcle ederek, <strong>ISO 16260<\/strong> malzemelerin dayan\u0131kl\u0131 ve g\u00fcvenilir olmas\u0131n\u0131 sa\u011flamaya yard\u0131mc\u0131 olur.<\/p>\n<ul>\n<li><strong>Test S\u00fcreci<\/strong>: \u0130\u00e7 ba\u011f mukavemeti, numuneye belirli bir h\u0131zda \u00e7arpan ve numunede delaminasyon ba\u015flatan sabit k\u00fctleli bir sarka\u00e7 serbest b\u0131rak\u0131larak \u00f6l\u00e7\u00fcl\u00fcr. <strong>Z y\u00f6n\u00fc<\/strong>.<\/li>\n<li><strong>Alaka d\u00fczeyi<\/strong>: Bu standart, ka\u011f\u0131t ve karton malzemelerin \u00fcretim, paketleme ve nakliye s\u0131ras\u0131nda kar\u015f\u0131la\u015f\u0131lan etkilere dayanabilmesini sa\u011flamak a\u00e7\u0131s\u0131ndan \u00e7ok \u00f6nemlidir. Uyumluluk <strong>ISO 16260<\/strong> ka\u011f\u0131t, ambalaj ve ilgili end\u00fcstrilerdeki \u00fcreticiler i\u00e7in \u00fcr\u00fcn performans\u0131 ve kalitesini sa\u011flamak i\u00e7in gereklidir.<\/li>\n<\/ul>\n<h3><strong>Ek \u0130lgili Standartlar<\/strong><\/h3>\n<ul>\n<li><strong>TAPPI T569<\/strong>: Ka\u011f\u0131t Hamuru ve Ka\u011f\u0131t End\u00fcstrisi Teknik Birli\u011fi taraf\u0131ndan geli\u015ftirilen ve kontroll\u00fc sarka\u00e7 darbe kuvvetlerine maruz kald\u0131\u011f\u0131nda karton malzemelerin delaminasyonuna odaklanan bir standartt\u0131r.<\/li>\n<li><strong>GB\/T 26203<\/strong>: Ka\u011f\u0131t ve karton malzemeler i\u00e7in i\u00e7 ba\u011f testini tan\u0131mlayan ve uluslararas\u0131 test protokolleriyle uyumlu bir \u00c7in standard\u0131.<\/li>\n<li><strong>QB\/T 5558<\/strong>: Ka\u011f\u0131t ve karton malzemeler i\u00e7in i\u00e7 ba\u011f mukavemeti testlerini d\u00fczenleyen ve ambalaj i\u00e7in gerekli performans \u00f6zelliklerini kar\u015f\u0131lamalar\u0131n\u0131 sa\u011flayan bir \u00c7in standard\u0131.<\/li>\n<\/ul>\n<h2><strong>BGT-01 Dahili Ba\u011f Test Cihaz\u0131n\u0131n \u00d6zellikleri ve Faydalar\u0131<\/strong><\/h2>\n<ul>\n<li><strong>Otomatik Sarka\u00e7 Serbest B\u0131rakma<\/strong>: BGT-01 <strong>Dahili Ba\u011f Test Cihaz\u0131<\/strong> her seferinde tutarl\u0131 ve tekrarlanabilir test sonu\u00e7lar\u0131 sa\u011flayan otomatik bir sarka\u00e7 serbest b\u0131rakma mekanizmas\u0131 ile donat\u0131lm\u0131\u015ft\u0131r. Bu \u00f6zellik do\u011frulu\u011fu ve g\u00fcvenilirli\u011fi art\u0131r\u0131r.<\/li>\n<li><strong>Y\u00fcksek \u00c7\u00f6z\u00fcn\u00fcrl\u00fck ve Hassasiyet<\/strong>: Cihaz, y\u00fcksek hassasiyetli 5000 darbeli bir kodlay\u0131c\u0131 taraf\u0131ndan desteklenen 0,001 lbf\/in\u00b2'lik bir veri toplama \u00e7\u00f6z\u00fcn\u00fcrl\u00fc\u011f\u00fcne sahiptir. Bu, i\u00e7 ba\u011f mukavemetinin ayr\u0131nt\u0131l\u0131 \u00f6l\u00e7\u00fcmlerine olanak tan\u0131yarak malzeme performans\u0131ndaki k\u00fc\u00e7\u00fck farkl\u0131l\u0131klar\u0131n bile tespit edilebilmesini sa\u011flar.<\/li>\n<li><strong>Kendi Kendine Kalibrasyon Arac\u0131<\/strong>: BGT-01 <strong>Dahili Ba\u011f Test Cihaz\u0131 <\/strong>\u00f6zel 5 seviyeli kalibrasyon alet kiti (ek aksesuar) ile birlikte gelir ve zaman i\u00e7inde optimum performans\u0131 ve do\u011frulu\u011fu korumak i\u00e7in kolay kalibrasyon sa\u011flar.<\/li>\n<li><strong>Esnek Birim De\u011fi\u015ftirme<\/strong>: The <strong>Dahili Ba\u011f Test Cihaz\u0131 <\/strong>J\/M\u00b2 ve lbf\/in\u00b2 dahil olmak \u00fczere \u00f6l\u00e7\u00fcm birimleri aras\u0131nda ge\u00e7i\u015f yapabilme \u00f6zelli\u011fi ile \u00e7ok y\u00f6nl\u00fcl\u00fck sunarak farkl\u0131 end\u00fcstri gereksinimlerine uyarlanabilir.<\/li>\n<li><strong>Kullan\u0131c\u0131 Dostu Aray\u00fcz<\/strong>: 5.0 in\u00e7 renkli dokunmatik ekran aray\u00fcz\u00fc sezgiseldir, ger\u00e7ek zamanl\u0131 test verilerini g\u00f6r\u00fcnt\u00fcler ve test ayarlar\u0131, sonu\u00e7lar ve \u00e7al\u0131\u015fma modlar\u0131 aras\u0131nda kolay gezinme sa\u011flar.<\/li>\n<li><strong>Veri \u0130\u015fleme i\u00e7in Geli\u015fmi\u015f Yaz\u0131l\u0131m<\/strong>: Daha geli\u015fmi\u015f veri i\u015fleme, analiz ve rapor olu\u015fturma i\u00e7in iste\u011fe ba\u011fl\u0131 bilgisayar ba\u011flant\u0131 yaz\u0131l\u0131m\u0131 mevcuttur. Bu, test verilerini y\u00f6netmek, sonu\u00e7lar\u0131 belgelemek ve kalite g\u00fcvencesi veya Ar-Ge ama\u00e7lar\u0131 i\u00e7in daha fazla analiz yapmak i\u00e7in kolay bir yol sa\u011flar.<\/li>\n<li><strong>Mod\u00fcler Termal Yaz\u0131c\u0131<\/strong>: BGT-01'e entegre edilen termal yaz\u0131c\u0131, kullan\u0131c\u0131lar\u0131n test sonu\u00e7lar\u0131n\u0131 an\u0131nda yazd\u0131rabilmesini sa\u011flar. Bu mod\u00fcler \u00f6zellik, harici bir cihaza ihtiya\u00e7 duymadan test sonu\u00e7lar\u0131n\u0131 kaydetmeyi ve payla\u015fmay\u0131 kolayla\u015ft\u0131r\u0131r.<\/li>\n<\/ul>\n<h2><strong>Uygulamalar<\/strong><\/h2>\n<ul>\n<li><strong>Ambalaj End\u00fcstrisi<\/strong>: BGT-01, kasa levhalar\u0131, gri levhalar, fildi\u015fi levhalar ve sentetik polimer kapl\u0131 ka\u011f\u0131tlar gibi malzemeleri test etmek i\u00e7in yayg\u0131n olarak kullan\u0131l\u0131r. Bu malzemeler, paketleme, depolama ve nakliye s\u0131ras\u0131nda kar\u015f\u0131la\u015f\u0131lan mekanik gerilimlere dayanmak i\u00e7in y\u00fcksek i\u00e7 yap\u0131\u015fma mukavemeti sergilemelidir.<\/li>\n<li><strong>Ka\u011f\u0131t \u0130malat\u0131<\/strong>: Ka\u011f\u0131t malzemelerin kalitesini ve dayan\u0131kl\u0131l\u0131\u011f\u0131n\u0131 de\u011ferlendirmek i\u00e7in ideal olan BGT-01, hem tek katmanl\u0131 hem de \u00e7ok katmanl\u0131 ka\u011f\u0131tlar\u0131n yan\u0131 s\u0131ra \u00e7e\u015fitli ka\u011f\u0131t \u00fcr\u00fcnlerinde ve ambalajlarda yayg\u0131n olarak kullan\u0131lan kaplamal\u0131 tabakalar i\u00e7in uygundur.<\/li>\n<li><strong>Tekstil ve T\u0131bbi Cihaz Ambalajlar\u0131<\/strong>: \u0130\u00e7 Yap\u0131\u015fma Test Cihaz\u0131, ka\u011f\u0131t ve karton malzemelerin h\u0131zl\u0131 darbelere kar\u015f\u0131 diren\u00e7 g\u00f6stermesi gereken t\u0131bbi cihazlar veya tekstil \u00fcr\u00fcnleri i\u00e7in ambalaj malzemeleri gibi sekt\u00f6rlerde kullan\u0131l\u0131r.<\/li>\n<li><strong>Kalite Kontrol ve G\u00fcvence<\/strong>: Kalite g\u00fcvence laboratuvarlar\u0131, \u00fcr\u00fcnlerin end\u00fcstri standartlar\u0131n\u0131 ve m\u00fc\u015fteri gereksinimlerini kar\u015f\u0131lamas\u0131n\u0131 sa\u011flamak amac\u0131yla i\u00e7 ba\u011f mukavemetinin tutarl\u0131 bir \u015fekilde test edilmesi ve de\u011ferlendirilmesi i\u00e7in BGT-01'e g\u00fcvenmektedir.<\/li>\n<\/ul>\n<h2><strong>Ana Parametreler<\/strong><\/h2>\n<table>\n<tbody>\n<tr>\n<td width=\"224\">\u00d6rneklem B\u00fcy\u00fckl\u00fc\u011f\u00fc<\/td>\n<td width=\"227\">25.4*25.4mm (Be\u015f Grup)<\/td>\n<\/tr>\n<tr>\n<td width=\"224\">\u00d6rnek Tutma Kuvveti<\/td>\n<td width=\"227\">0~400N (Ayarlanabilir)<\/td>\n<\/tr>\n<tr>\n<td width=\"224\">\u00d6rnek Bas\u0131n\u00e7 Aral\u0131\u011f\u0131<\/td>\n<td width=\"227\">0~65kg\/cm\u00b2<\/td>\n<\/tr>\n<tr>\n<td width=\"224\">Darbe A\u00e7\u0131s\u0131<\/td>\n<td width=\"227\">90\u00b0<\/td>\n<\/tr>\n<tr>\n<td width=\"224\">\u00c7\u00f6z\u00fcn\u00fcrl\u00fck<\/td>\n<td width=\"227\">0,001lbf\/in\u00b2<\/td>\n<\/tr>\n<tr>\n<td colspan=\"1\" rowspan=\"3\" width=\"224\">\u00d6l\u00e7\u00fcm Aral\u0131\u011f\u0131<\/td>\n<td width=\"227\">A: 0-500J\/M\u00b2<\/td>\n<\/tr>\n<tr>\n<td width=\"227\">B: 500~1000J\/M\u00b2<\/td>\n<\/tr>\n<tr>\n<td width=\"227\">C: 1000~1500J\/M2<\/td>\n<\/tr>\n<tr>\n<td width=\"224\">G\u00f6sterge Hatas\u0131<\/td>\n<td width=\"227\">A: \u00b11J\/M\u00b2 B: \u00b12J\/M\u00b2 C: \u00b15J\/M\u00b2<\/td>\n<\/tr>\n<tr>\n<td width=\"224\">Birim<\/td>\n<td width=\"227\">lb-ft\/in\u00b2, J\/M\u00b2<\/td>\n<\/tr>\n<tr>\n<td width=\"224\">Boyutlar<\/td>\n<td width=\"227\">450m\u00d7380cm\u00d7600mm<\/td>\n<\/tr>\n<tr>\n<td width=\"224\">G\u00fc\u00e7<\/td>\n<td width=\"227\">AC 220V 50Hz<\/td>\n<\/tr>\n<tr>\n<td width=\"224\"><\/td>\n<td width=\"227\"><\/td>\n<\/tr>\n<tr>\n<td colspan=\"2\" rowspan=\"1\" width=\"451\"><strong>\u00d6rnek kesici \u00f6zellikleri<\/strong><\/td>\n<\/tr>\n<tr>\n<td width=\"224\">\u00d6rnekleme Boyutu<\/td>\n<td width=\"227\">25.4mm*140mm<\/td>\n<\/tr>\n<tr>\n<td width=\"224\">\u0130ki Uzun Taraf\u0131n Paralelli\u011fi<\/td>\n<td width=\"227\">\u22640,015 mm<\/td>\n<\/tr>\n<tr>\n<td width=\"224\">\u00d6rnekleme Kal\u0131nl\u0131\u011f\u0131<\/td>\n<td width=\"227\">(0,05~1,2) mm<\/td>\n<\/tr>\n<tr>\n<td width=\"224\">Boyutlar<\/td>\n<td width=\"227\">Yakla\u015f\u0131k 580*150*620mm<\/td>\n<\/tr>\n<tr>\n<td width=\"224\">A\u011f\u0131rl\u0131k<\/td>\n<td width=\"227\">Yakla\u015f\u0131k 15kg<\/td>\n<\/tr>\n<\/tbody>\n<\/table>\n<h2><strong>BGT-01 Dahili Ba\u011f Test Cihaz\u0131 Kullanman\u0131n Faydalar\u0131<\/strong><\/h2>\n<ul>\n<li><strong>Do\u011fruluk ve G\u00fcvenilirlik<\/strong>: Y\u00fcksek hassasiyet ve geli\u015fmi\u015f \u00f6zellikleriyle BGT-01, do\u011fru ve tekrarlanabilir sonu\u00e7lar sa\u011flayarak \u00fcreticilerin kat\u0131 end\u00fcstri standartlar\u0131n\u0131 kar\u015f\u0131lamas\u0131na olanak tan\u0131r.<\/li>\n<li><strong>ISO 16260 ile Uyumluluk<\/strong>: BGT-01 a\u015fa\u011f\u0131dakilerle tamamen uyumludur <strong>ISO 16260<\/strong>, Bu da onu uluslararas\u0131 test standartlar\u0131n\u0131 kar\u015f\u0131lamas\u0131 gerekenler i\u00e7in vazge\u00e7ilmez bir ara\u00e7 haline getiriyor.<\/li>\n<li><strong>\u00c7ok Y\u00f6nl\u00fc ve Kullan\u0131m\u0131 Kolay<\/strong>: \u0130ster Ar-Ge, ister kalite kontrol veya \u00fcretim testleri i\u00e7in olsun, BGT-01 \u00e7ok y\u00f6nl\u00fc ve kullan\u0131c\u0131 dostu bir deneyim sunar ve \u00e7e\u015fitli ka\u011f\u0131t ve karton malzemeleri i\u015fleyebilme \u00f6zelli\u011fine sahiptir.<\/li>\n<li><strong>Geli\u015ftirilmi\u015f \u00dcr\u00fcn Kalitesi<\/strong>: BGT-01, malzemelerin i\u00e7 yap\u0131\u015fma mukavemeti gereksinimlerini kar\u015f\u0131lamas\u0131n\u0131 sa\u011flayarak ka\u011f\u0131t, karton ve ambalaj \u00fcr\u00fcnlerinin kalitesini ve dayan\u0131kl\u0131l\u0131\u011f\u0131n\u0131 art\u0131rmaya yard\u0131mc\u0131 olur.<\/li>\n<\/ul>\n<h2><strong>Neden BGT-01 Dahili Ba\u011f Test Cihaz\u0131n\u0131 Se\u00e7melisiniz?<\/strong><\/h2>\n<ul>\n<li><strong>Ka\u011f\u0131t ve Ambalaj \u00dcreticileri \u0130\u00e7in<\/strong>: BGT-01, malzemelerin ta\u015f\u0131ma, i\u015fleme ve nakliye s\u0131ras\u0131nda h\u0131zl\u0131 darbelere dayanmas\u0131 i\u00e7in gereken i\u00e7 mukavemete sahip olmas\u0131n\u0131 sa\u011flar. Bu, stresli ko\u015fullar alt\u0131nda performans g\u00f6stermesi gereken ambalaj \u00fcr\u00fcnleri i\u00e7in kritik \u00f6neme sahiptir.<\/li>\n<li><strong>Ara\u015ft\u0131rma ve Geli\u015ftirme i\u00e7in<\/strong>: Ka\u011f\u0131t \u00fcretimi veya malzeme bilimi alan\u0131nda \u00e7al\u0131\u015fan Ar-Ge ekipleri, BGT-01'i yeni ka\u011f\u0131t ve karton form\u00fclasyonlar\u0131n\u0131n i\u00e7 yap\u0131\u015fma mukavemetini do\u011fru bir \u015fekilde \u00f6l\u00e7mek i\u00e7in gerekli bulacakt\u0131r.<\/li>\n<li><strong>Kalite Kontrol ve G\u00fcvence i\u00e7in<\/strong>: Kullan\u0131m kolayl\u0131\u011f\u0131, otomatik \u00f6zellikleri ve y\u00fcksek hassasiyeti ile BGT-01, \u00fcr\u00fcn kalitesinde ve mevzuata uygunlukta tutarl\u0131l\u0131\u011f\u0131 korumak i\u00e7in kalite kontrol laboratuvarlar\u0131 i\u00e7in ideal se\u00e7imdir.<\/li>\n<\/ul>\n<h2><strong>SSS B\u00f6l\u00fcm\u00fc<\/strong><\/h2>\n<ol>\n<li><strong>Dahili Ba\u011f Test Cihaz\u0131n\u0131n amac\u0131 nedir?<\/strong>\n<ul>\n<li>\u0130\u00e7 Ba\u011f Test Cihaz\u0131, ka\u011f\u0131t veya karton numuneleri Z y\u00f6n\u00fcnde delamine etmek i\u00e7in gereken enerjiyi \u00f6l\u00e7er. Malzemenin dayan\u0131kl\u0131l\u0131\u011f\u0131n\u0131 de\u011ferlendirmek i\u00e7in \u015fok y\u00fckleri ve darbeleri sim\u00fcle eder.<\/li>\n<\/ul>\n<\/li>\n<li><strong>BGT-01'in di\u011fer dahili ba\u011f test cihazlar\u0131ndan fark\u0131 nedir?<\/strong>\n<ul>\n<li>BGT-01 otomatik sarka\u00e7 serbest b\u0131rakma, y\u00fcksek \u00e7\u00f6z\u00fcn\u00fcrl\u00fck (0,001 lbf\/in\u00b2), kendi kendine kalibrasyon ve renkli dokunmatik ekran aray\u00fcz\u00fc sunar. Bu \u00f6zellikler hassasiyet, g\u00fcvenilirlik ve kullan\u0131m kolayl\u0131\u011f\u0131 sa\u011flar.<\/li>\n<\/ul>\n<\/li>\n<li><strong>BGT-01 uluslararas\u0131 standartlarla uyumlu mu?<\/strong>\n<ul>\n<li>Evet, BGT-01 a\u015fa\u011f\u0131dakilerle uyumludur <strong>ISO 16260<\/strong>, TAPPI T569 ve di\u011fer end\u00fcstri standartlar\u0131n\u0131 kar\u015f\u0131layarak \u00e7e\u015fitli end\u00fcstriler i\u00e7in gerekli kalite ve performans kriterlerini kar\u015f\u0131lamas\u0131n\u0131 sa\u011flar.<\/li>\n<\/ul>\n<\/li>\n<li><strong>BGT-01'i kaplanm\u0131\u015f veya lamine edilmi\u015f malzemeleri test etmek i\u00e7in kullanabilir miyim?<\/strong>\n<ul>\n<li>Evet, BGT-01, sentetik polimer filmler gibi kaplamal\u0131 ve lamine \u00fcr\u00fcnler de dahil olmak \u00fczere \u00e7ok \u00e7e\u015fitli ka\u011f\u0131t ve karton malzemelerin test edilmesi i\u00e7in uygundur.<\/li>\n<\/ul>\n<\/li>\n<li><strong>BGT-01'de veri analizi i\u00e7in yaz\u0131l\u0131m var m\u0131?<\/strong>\n<ul>\n<li>Evet, BGT-01 opsiyonel bilgisayar yaz\u0131l\u0131m\u0131na ba\u011flanarak detayl\u0131 veri i\u015fleme, analiz ve rapor olu\u015fturmaya olanak sa\u011flar, kalite kontrol veya ara\u015ft\u0131rma ama\u00e7lar\u0131 i\u00e7in m\u00fckemmeldir.<\/li>\n<\/ul>\n<\/li>\n<\/ol>","protected":false},"excerpt":{"rendered":"<p>Bu <strong>BGT-01 Dahili Ba\u011f Test Cihaz\u0131<\/strong> 'de bir ka\u011f\u0131t veya karton \u00f6rne\u011fini h\u0131zla delamine etmek i\u00e7in gereken enerjiyi \u00f6l\u00e7mek i\u00e7in tasarlanm\u0131\u015f geli\u015fmi\u015f bir cihazd\u0131r. <strong>Z y\u00f6n\u00fc<\/strong>. Bu test, ka\u011f\u0131t ve karton \u00fcr\u00fcnlerinin bask\u0131 veya d\u00f6n\u00fc\u015ft\u00fcrme gibi i\u015flemler s\u0131ras\u0131nda maruz kalabilece\u011fi h\u0131zl\u0131 darbeleri ve \u015fok y\u00fcklerini sim\u00fcle eder. Bu test <strong>Dahili Ba\u011f Test Cihaz\u0131<\/strong> kopmay\u0131 ba\u015flatmak i\u00e7in tan\u0131mlanm\u0131\u015f bir k\u00fctleye ve h\u0131za sahip bir sarka\u00e7 kullan\u0131r, bu da malzemenin i\u00e7 gerilmelere kar\u015f\u0131 direncini de\u011ferlendirmek i\u00e7in ideal bir ara\u00e7 haline getirir.<\/p>","protected":false},"featured_media":6170,"comment_status":"closed","ping_status":"closed","template":"","meta":{"site-sidebar-layout":"default","site-content-layout":"default","ast-global-header-display":"","ast-main-header-display":"","ast-hfb-above-header-display":"","ast-hfb-below-header-display":"","ast-hfb-mobile-header-display":"","site-post-title":"","ast-breadcrumbs-content":"","ast-featured-img":"","footer-sml-layout":"","theme-transparent-header-meta":"default","adv-header-id-meta":"","stick-header-meta":"","header-above-stick-meta":"","header-main-stick-meta":"","header-below-stick-meta":""},"product_cat":[845,1076,1140,44,95],"product_tag":[],"class_list":{"0":"post-5242","1":"product","2":"type-product","3":"status-publish","4":"has-post-thumbnail","6":"product_cat-customization","7":"product_cat-iso-16260","8":"product_cat-tappi-t569","9":"product_cat-paper-and-board-testers","10":"product_cat-products","11":"desktop-align-left","12":"tablet-align-left","13":"mobile-align-left","15":"first","16":"instock","17":"shipping-taxable","18":"product-type-simple"},"_links":{"self":[{"href":"https:\/\/www.qualitester.com\/tr\/wp-json\/wp\/v2\/product\/5242","targetHints":{"allow":["GET"]}}],"collection":[{"href":"https:\/\/www.qualitester.com\/tr\/wp-json\/wp\/v2\/product"}],"about":[{"href":"https:\/\/www.qualitester.com\/tr\/wp-json\/wp\/v2\/types\/product"}],"replies":[{"embeddable":true,"href":"https:\/\/www.qualitester.com\/tr\/wp-json\/wp\/v2\/comments?post=5242"}],"version-history":[{"count":0,"href":"https:\/\/www.qualitester.com\/tr\/wp-json\/wp\/v2\/product\/5242\/revisions"}],"wp:featuredmedia":[{"embeddable":true,"href":"https:\/\/www.qualitester.com\/tr\/wp-json\/wp\/v2\/media\/6170"}],"wp:attachment":[{"href":"https:\/\/www.qualitester.com\/tr\/wp-json\/wp\/v2\/media?parent=5242"}],"wp:term":[{"taxonomy":"product_cat","embeddable":true,"href":"https:\/\/www.qualitester.com\/tr\/wp-json\/wp\/v2\/product_cat?post=5242"},{"taxonomy":"product_tag","embeddable":true,"href":"https:\/\/www.qualitester.com\/tr\/wp-json\/wp\/v2\/product_tag?post=5242"}],"curies":[{"name":"wp","href":"https:\/\/api.w.org\/{rel}","templated":true}]}}