{"id":5218,"date":"2024-11-05T11:57:50","date_gmt":"2024-11-05T03:57:50","guid":{"rendered":"https:\/\/www.qualitester.com\/?post_type=product&#038;p=5218"},"modified":"2025-02-27T14:50:00","modified_gmt":"2025-02-27T06:50:00","slug":"sale-tape-loop-tack-testing-machine","status":"publish","type":"product","link":"https:\/\/www.qualitester.com\/tr\/urun\/sale-tape-loop-tack-testing-machine\/","title":{"rendered":"LTT-01 D\u00f6ng\u00fc Tack Test Cihaz\u0131"},"content":{"rendered":"<p data-start=\"157\" data-end=\"663\">Bu <strong data-start=\"161\" data-end=\"188\">LTT-01 D\u00f6ng\u00fc Tack Test Cihaz\u0131<\/strong> yap\u0131\u015ft\u0131r\u0131c\u0131lar\u0131n, bantlar\u0131n, etiketlerin ve di\u011fer bas\u0131nca duyarl\u0131 malzemelerin yap\u0131\u015fma kuvvetini \u00f6l\u00e7mek i\u00e7in \u00f6nemli bir ara\u00e7t\u0131r. Hassasiyet ve g\u00fcvenilirlik i\u00e7in tasarlanan LTT-01, yap\u0131\u015ft\u0131r\u0131c\u0131lar\u0131n \u00e7e\u015fitli ko\u015fullar alt\u0131nda beklendi\u011fi gibi performans g\u00f6stermesini sa\u011flamaya yard\u0131mc\u0131 olur. A\u015fa\u011f\u0131dakiler gibi tan\u0131nm\u0131\u015f standartlara uygundur <strong data-start=\"474\" data-end=\"509\">FINAT Test Y\u00f6ntemi No. 9 (FTM-9)<\/strong>, <strong data-start=\"511\" data-end=\"532\">PSTC-16 Loop Tack<\/strong>, ve <strong data-start=\"538\" data-end=\"552\">ASTM D6195<\/strong>, Bu da onu ambalaj ve t\u0131bbi cihazlardan g\u0131da ve ila\u00e7lara kadar \u00e7e\u015fitli sekt\u00f6rlerde vazge\u00e7ilmez k\u0131lmaktad\u0131r.<\/p>\n<h2>Loop Tack Test Cihaz\u0131n\u0131n Test Prensibi<\/h2>\n<p data-start=\"718\" data-end=\"979\">Bu <strong data-start=\"722\" data-end=\"740\">d\u00f6ng\u00fc yap\u0131\u015fma testi<\/strong> Temastan hemen sonra ilmekli bir yap\u0131\u015ft\u0131r\u0131c\u0131 \u00f6rne\u011fini bir yap\u0131\u015ft\u0131r\u0131c\u0131 u\u00e7tan (genellikle bir cam plaka) ay\u0131rmak i\u00e7in gereken kuvveti \u00f6l\u00e7er. Bu test, bir yap\u0131\u015ft\u0131r\u0131c\u0131n\u0131n ilk temasta ne kadar h\u0131zl\u0131 ve g\u00fc\u00e7l\u00fc bir \u015fekilde yap\u0131\u015ft\u0131\u011f\u0131n\u0131 anlamak i\u00e7in kritik \u00f6neme sahiptir.<\/p>\n<p data-start=\"981\" data-end=\"1383\">LTT-01\u201cde, tipik olarak 25 mm geni\u015fli\u011finde ve 125 mm uzunlu\u011funda bir yap\u0131\u015ft\u0131r\u0131c\u0131 \u015feridi bir halka haline getirilir ve 300 mm \/ dak kontroll\u00fc bir h\u0131zda bir cam plakaya yerle\u015ftirilir. Yap\u0131\u015ft\u0131r\u0131c\u0131 cama temas ettikten sonra, ayn\u0131 h\u0131zda geri \u00e7ekilir ve onu \u00e7ekmek i\u00e7in gereken maksimum kuvvet \u00f6l\u00e7\u00fcl\u00fcr. Bu kuvvet, yap\u0131\u015ft\u0131r\u0131c\u0131n\u0131n anl\u0131k yap\u0131\u015fma g\u00fcc\u00fcn\u00fcn \u00f6nemli bir g\u00f6stergesi olan \u201dilmek yap\u0131\u015fmas\u0131 \"d\u0131r.<\/p>\n<h2 data-start=\"4338\" data-end=\"4371\"><strong data-start=\"4342\" data-end=\"4371\">Test Y\u00f6ntemi ve Prosed\u00fcr\u00fc<\/strong><\/h2>\n<p data-start=\"4373\" data-end=\"4454\">Bu <strong data-start=\"4377\" data-end=\"4404\">LTT-01 D\u00f6ng\u00fc Tack Test Cihaz\u0131<\/strong> basit ama etkili bir test prosed\u00fcr\u00fc izler:<\/p>\n<ol data-start=\"4455\" data-end=\"4816\">\n<li data-start=\"4455\" data-end=\"4545\">25mm geni\u015fli\u011finde ve 175mm uzunlu\u011funda bir yap\u0131\u015fkan bant veya malzeme \u00f6rne\u011fi bir ilmek haline getirilir.<\/li>\n<li data-start=\"4546\" data-end=\"4626\">D\u00f6ng\u00fc, 300 mm\/dak'l\u0131k kontroll\u00fc bir h\u0131zda bir cam plakaya bast\u0131r\u0131l\u0131r.<\/li>\n<li data-start=\"4627\" data-end=\"4697\">Temastan sonra, d\u00f6ng\u00fc hemen ayn\u0131 h\u0131zda geri \u00e7ekilir.<\/li>\n<li data-start=\"4698\" data-end=\"4816\">D\u00f6ng\u00fcy\u00fc cam plakadan ay\u0131rmak i\u00e7in gereken maksimum kuvvet kaydedilir, bu da <strong data-start=\"4796\" data-end=\"4809\">d\u00f6ng\u00fc raptiyesi<\/strong> de\u011fer.<\/li>\n<\/ol>\n<h3 data-start=\"4818\" data-end=\"4967\">Ana Parametre<\/h3>\n<table>\n<tbody>\n<tr>\n<td style=\"text-align: center;\" width=\"194\">Test Aral\u0131\u011f\u0131<\/td>\n<td style=\"text-align: center;\" width=\"178\">200N (veya di\u011ferleri)<\/td>\n<\/tr>\n<tr>\n<td style=\"text-align: center;\" width=\"194\">H\u0131z Aral\u0131\u011f\u0131<\/td>\n<td style=\"text-align: center;\" width=\"178\">1-500 mm\/m<\/td>\n<\/tr>\n<tr>\n<td style=\"text-align: center;\" width=\"194\">\u0130nme<\/td>\n<td style=\"text-align: center;\" width=\"178\">200mm<\/td>\n<\/tr>\n<tr>\n<td style=\"text-align: center;\" width=\"194\">\u00d6rneklem B\u00fcy\u00fckl\u00fc\u011f\u00fc<\/td>\n<td style=\"text-align: center;\" width=\"178\">125mm*25mm<\/td>\n<\/tr>\n<tr>\n<td style=\"text-align: center;\" width=\"194\">G\u00fc\u00e7<\/td>\n<td style=\"text-align: center;\" width=\"178\">AC 110~220V, 50\/60HZ<\/td>\n<\/tr>\n<\/tbody>\n<\/table>\n<h2 data-start=\"1390\" data-end=\"1429\"><strong data-start=\"1394\" data-end=\"1429\">Loop Tack Testi i\u00e7in Standartlar<\/strong><\/h2>\n<ol>\n<li data-start=\"1431\" data-end=\"1471\"><strong data-start=\"1436\" data-end=\"1471\">FINAT Test Y\u00f6ntemi No. 9 (FTM-9) D\u00f6ng\u00fc yap\u0131\u015fma \u00f6l\u00e7\u00fcm\u00fc<br \/>\n<\/strong>Bu <strong data-start=\"1477\" data-end=\"1512\">FINAT Test Y\u00f6ntemi No. 9 (FTM-9)<\/strong> etiket ve yap\u0131\u015ft\u0131r\u0131c\u0131 end\u00fcstrisinde en yayg\u0131n olarak tan\u0131nan standartlardan biridir. Etiket ve bantlarda kullan\u0131lanlar gibi bas\u0131nca duyarl\u0131 yap\u0131\u015ft\u0131r\u0131c\u0131lar\u0131n d\u00f6ng\u00fc yap\u0131\u015fkanl\u0131\u011f\u0131n\u0131 de\u011ferlendirir. FTM-9, yap\u0131\u015ft\u0131r\u0131c\u0131lar\u0131n h\u0131zl\u0131 yap\u0131\u015ft\u0131rma ve uygulama kolayl\u0131\u011f\u0131 i\u00e7in gerekli performans kriterlerini kar\u015f\u0131lamas\u0131n\u0131 sa\u011flar.<\/li>\n<li data-start=\"1431\" data-end=\"1471\"><strong style=\"font-size: 16px;\" data-start=\"1814\" data-end=\"1835\">PSTC-16 Bas\u0131nca Duyarl\u0131 Bant D\u00f6ng\u00fc Tack Testi<br \/>\n<\/strong><a href=\"https:\/\/www.qualitester.com\/tr\/urun-kategori\/pstc\/pstc-16\/\" target=\"_blank\" rel=\"noopener\"><strong style=\"font-size: 16px;\" data-start=\"1837\" data-end=\"1848\">PSTC-16<\/strong><\/a><span style=\"font-size: 16px;\"> Bas\u0131nca Duyarl\u0131 Bant Konseyi (PSTC) taraf\u0131ndan geli\u015ftirilen, bas\u0131nca duyarl\u0131 yap\u0131\u015ft\u0131r\u0131c\u0131lar\u0131n d\u00f6ng\u00fc yap\u0131\u015fma \u00f6zelliklerini de\u011ferlendirmeye odaklanan bir standartt\u0131r. Bantlar\u0131n, etiketlerin ve benzer yap\u0131\u015fkan \u00fcr\u00fcnlerin test edilmesinde yayg\u0131n olarak kullan\u0131l\u0131r.<\/span><\/li>\n<li data-start=\"1431\" data-end=\"1471\"><strong style=\"font-size: 16px;\" data-start=\"2234\" data-end=\"2248\">ASTM D6195 D\u00f6ng\u00fc Yap\u0131\u015fmas\u0131 i\u00e7in Standart Test Y\u00f6ntemleri<br \/>\n<\/strong><a href=\"https:\/\/www.qualitester.com\/tr\/urun-kategori\/astm\/astm-d6195\/\" target=\"_blank\" rel=\"noopener\"><strong style=\"font-size: 16px;\" data-start=\"2250\" data-end=\"2264\">ASTM D6195<\/strong><\/a><span style=\"font-size: 16px;\"> bas\u0131nca duyarl\u0131 yap\u0131\u015ft\u0131r\u0131c\u0131lar\u0131n d\u00f6ng\u00fc yap\u0131\u015fkanl\u0131\u011f\u0131n\u0131 \u00f6l\u00e7mek i\u00e7in y\u00f6nergeler sa\u011flar. Bu standart, yap\u0131\u015ft\u0131r\u0131c\u0131lar\u0131n gerekli ba\u011flanma mukavemetlerini kar\u015f\u0131lad\u0131\u011f\u0131n\u0131 do\u011frulamak i\u00e7in ambalaj, t\u0131bbi cihazlar ve farmas\u00f6tikler dahil olmak \u00fczere \u00e7e\u015fitli end\u00fcstrilerde yayg\u0131n olarak kullan\u0131lmaktad\u0131r.<\/span><\/li>\n<\/ol>\n<h2>\u00d6zellikler ve Teknik \u00d6zellikler<\/h2>\n<p>Bu <strong>Bant D\u00f6ng\u00fcs\u00fc Tack Test Cihaz\u0131<\/strong> hassas, g\u00fcvenilir yap\u0131\u015fma testi i\u00e7in geli\u015fmi\u015f \u00f6zelliklerle donat\u0131lm\u0131\u015ft\u0131r.<\/p>\n<ul>\n<li><strong>Kullan\u0131c\u0131 Dostu Ekran<\/strong>: A <strong>7 in\u00e7 HMI dokunmatik ekran<\/strong> aray\u00fcz\u00fc kolay kurulum, izleme ve \u00e7al\u0131\u015ft\u0131rma sa\u011flayarak test s\u00fcrecini kolayla\u015ft\u0131r\u0131r.<\/li>\n<li><strong>PLC Kontrol<\/strong>: \u0130le donat\u0131lm\u0131\u015ft\u0131r <strong>Programlanabilir Mant\u0131ksal Kontrol (PLC)<\/strong> y\u00fcksek hassasiyet ve otomatik test yetenekleri i\u00e7in.<\/li>\n<li><strong>Geni\u015f Test Aral\u0131\u011f\u0131<\/strong>: Enstr\u00fcman a\u015fa\u011f\u0131dakileri kapsar <strong>200N'a kadar test aral\u0131\u011f\u0131<\/strong>, Farkl\u0131 yap\u0131\u015ft\u0131r\u0131c\u0131 g\u00fc\u00e7leri i\u00e7in esneklik sa\u011flar.<\/li>\n<li><strong>Ayarlanabilir H\u0131z Aral\u0131\u011f\u0131<\/strong>: H\u0131z se\u00e7enekleri <strong>1-500 mm\/dak<\/strong> farkl\u0131 test gereksinimlerini destekler.<\/li>\n<li><strong>Hassas Mekanik<\/strong>: A <strong>hassas bilyal\u0131 vida<\/strong> sistemi, p\u00fcr\u00fczs\u00fcz, tutarl\u0131 hareketler ve do\u011fru h\u0131z ve yer de\u011fi\u015ftirme \u00f6l\u00e7\u00fcm\u00fc sa\u011flayarak y\u00fcksek test do\u011frulu\u011funu korur.<\/li>\n<li><strong>\u00d6zelle\u015ftirilebilir Parametreler<\/strong>: Operat\u00f6rler, \u00f6zel test ihtiya\u00e7lar\u0131n\u0131 kar\u015f\u0131lamak i\u00e7in h\u0131z\u0131, stroku ve bekleme s\u00fcresini ayarlayabilir.<\/li>\n<li><strong>Geli\u015ftirilmi\u015f G\u00fcvenlik<\/strong>: G\u00fcvenlik mekanizmalar\u0131 \u015funlar\u0131 i\u00e7erir <strong>otomatik geri d\u00f6n\u00fc\u015f fonksiyonu<\/strong> ve s\u0131n\u0131rlama cihaz\u0131, test s\u0131ras\u0131nda operat\u00f6r g\u00fcvenli\u011fini sa\u011flar.<\/li>\n<li><strong>Entegre Mikro Yaz\u0131c\u0131<\/strong>: Yerle\u015fik bir <strong>nokta vuru\u015flu mikro yaz\u0131c\u0131<\/strong> dok\u00fcmantasyon ve raporlama amac\u0131yla test sonu\u00e7lar\u0131n\u0131n an\u0131nda \u00e7\u0131kt\u0131s\u0131n\u0131n al\u0131nmas\u0131n\u0131 sa\u011flar.<\/li>\n<li><strong>Standart Uyumlu Cam Plaka<\/strong>: Standartlara uygun bir <strong>float cam plaka<\/strong>, Do\u011fru yap\u0131\u015fma \u00f6l\u00e7\u00fcmleri ve tutarl\u0131 test ko\u015fullar\u0131 sa\u011flar.<\/li>\n<\/ul>\n<h2>Konfig\u00fcrasyon ve Aksesuarlar<\/h2>\n<p>Bu <strong>Bant D\u00f6ng\u00fcs\u00fc Tack Test Cihaz\u0131<\/strong> \u00e7ok y\u00f6nl\u00fcl\u00fc\u011f\u00fcn\u00fc ve kullan\u0131c\u0131 rahatl\u0131\u011f\u0131n\u0131 art\u0131rmak i\u00e7in standart ve iste\u011fe ba\u011fl\u0131 bile\u015fenlerle donat\u0131lm\u0131\u015ft\u0131r.<\/p>\n<ul>\n<li>\n<h3><strong>Standart Konfig\u00fcrasyon<\/strong>:<\/h3>\n<ul>\n<li><strong>LTT-01 D\u00f6ng\u00fc Tack Test Cihaz\u0131<\/strong> birim<\/li>\n<li>Aksesuarlar: Cam panel, \u00fcst \u00e7ene, alt jig, sigortalar, kullan\u0131m k\u0131lavuzu, kalibrasyon sertifikas\u0131 ve g\u00fc\u00e7 kablosu.<\/li>\n<\/ul>\n<\/li>\n<li>\n<h3><strong>\u0130ste\u011fe Ba\u011fl\u0131 Yap\u0131land\u0131rma<\/strong>:<\/h3>\n<ul>\n<li><strong>Paslanmaz \u00e7elik panel<\/strong> daha fazla dayan\u0131kl\u0131l\u0131k i\u00e7in<\/li>\n<li><strong>RS232 ba\u011flant\u0131 noktas\u0131<\/strong> veri ileti\u015fimi ve aktar\u0131m\u0131 i\u00e7in<\/li>\n<li><strong>COM hatt\u0131<\/strong> ve geli\u015fmi\u015f veri analizi ve raporlama i\u00e7in \u00f6zel yaz\u0131l\u0131mlar<\/li>\n<\/ul>\n<\/li>\n<\/ul>\n<h2>Bant D\u00f6ng\u00fcs\u00fc Tack Test Cihaz\u0131 Uygulamalar\u0131<\/h2>\n<p>Bu cihaz, yap\u0131\u015ft\u0131r\u0131c\u0131 g\u00fcvenilirli\u011finin gerekli oldu\u011fu \u00e7ok \u00e7e\u015fitli end\u00fcstriler i\u00e7in idealdir, \u00f6rne\u011fin:<\/p>\n<ul>\n<li><strong>Paketleme ve Etiketleme<\/strong> - Bantlar\u0131n, \u00e7\u0131kartmalar\u0131n ve etiketlerin uyguland\u0131ktan hemen sonra yap\u0131\u015fkanl\u0131klar\u0131n\u0131 korumalar\u0131n\u0131 sa\u011flamak.<\/li>\n<li><strong>Medikal ve Farmas\u00f6tik<\/strong> - Tutarl\u0131 performans i\u00e7in yap\u0131\u015fkan bantlar\u0131n ve bandajlar\u0131n test edilmesi.<\/li>\n<li><strong>Yiyecek ve \u0130\u00e7ecek<\/strong> - Ambalaj m\u00fch\u00fcrlerinin ve yap\u0131\u015fkanl\u0131 kapaklar\u0131n kalitesinin g\u00fcvence alt\u0131na al\u0131nmas\u0131.<\/li>\n<li><strong>Elektronik ve G\u00fcnl\u00fck Kimyasallar<\/strong> - G\u00fcvenli ve g\u00fcvenilir kullan\u0131m i\u00e7in yap\u0131\u015ft\u0131r\u0131c\u0131 bile\u015fenlerinin yap\u0131\u015fkanl\u0131\u011f\u0131n\u0131n do\u011frulanmas\u0131.<\/li>\n<\/ul>\n<p>Bu <strong>Bant D\u00f6ng\u00fcs\u00fc Tack Test Cihaz\u0131<\/strong> \u00fcreticiler, kalite kontrol departmanlar\u0131 ve test laboratuvarlar\u0131 i\u00e7in tutarl\u0131 ve g\u00fcvenilir bir \u00e7\u00f6z\u00fcmd\u00fcr. <strong>yap\u0131\u015ft\u0131r\u0131c\u0131 performans de\u011ferlendirmesi<\/strong>. ASTM D6195 ve di\u011fer uluslararas\u0131 standartlara ba\u011fl\u0131l\u0131\u011f\u0131, \u00f6zelle\u015ftirilebilir ayarlar\u0131 ve g\u00fcvenlik \u00f6zellikleri ile y\u00fcksek hassasiyetli ilmek yap\u0131\u015fma testi i\u00e7in \u00f6nde gelen se\u00e7imdir.<\/p>","protected":false},"excerpt":{"rendered":"<p>Bu <strong>Bant D\u00f6ng\u00fcs\u00fc Tack Test Cihaz\u0131<\/strong> \u00fcreticiler, kalite kontrol departmanlar\u0131 ve test laboratuvarlar\u0131 i\u00e7in tutarl\u0131 ve g\u00fcvenilir bir \u00e7\u00f6z\u00fcmd\u00fcr. <strong>yap\u0131\u015ft\u0131r\u0131c\u0131 performans de\u011ferlendirmesi<\/strong>. ASTM D6195 ve di\u011fer uluslararas\u0131 standartlara ba\u011fl\u0131l\u0131\u011f\u0131, \u00f6zelle\u015ftirilebilir ayarlar\u0131 ve g\u00fcvenlik \u00f6zellikleri ile y\u00fcksek hassasiyetli ilmek yap\u0131\u015fma testi i\u00e7in \u00f6nde gelen se\u00e7imdir.<\/p>","protected":false},"featured_media":6259,"comment_status":"closed","ping_status":"closed","template":"","meta":{"site-sidebar-layout":"default","site-content-layout":"default","ast-global-header-display":"","ast-main-header-display":"","ast-hfb-above-header-display":"","ast-hfb-below-header-display":"","ast-hfb-mobile-header-display":"","site-post-title":"","ast-breadcrumbs-content":"","ast-featured-img":"","footer-sml-layout":"","theme-transparent-header-meta":"default","adv-header-id-meta":"","stick-header-meta":"","header-above-stick-meta":"","header-main-stick-meta":"","header-below-stick-meta":""},"product_cat":[845,1075,1074,1162,672,673,95],"product_tag":[],"class_list":{"0":"post-5218","1":"product","2":"type-product","3":"status-publish","4":"has-post-thumbnail","6":"product_cat-customization","7":"product_cat-astm-d6195","8":"product_cat-loop-tack-tester","9":"product_cat-pstc-16","10":"product_cat-applied-materials","11":"product_cat-adhesive-tester","12":"product_cat-products","13":"desktop-align-left","14":"tablet-align-left","15":"mobile-align-left","17":"first","18":"instock","19":"shipping-taxable","20":"product-type-simple"},"_links":{"self":[{"href":"https:\/\/www.qualitester.com\/tr\/wp-json\/wp\/v2\/product\/5218","targetHints":{"allow":["GET"]}}],"collection":[{"href":"https:\/\/www.qualitester.com\/tr\/wp-json\/wp\/v2\/product"}],"about":[{"href":"https:\/\/www.qualitester.com\/tr\/wp-json\/wp\/v2\/types\/product"}],"replies":[{"embeddable":true,"href":"https:\/\/www.qualitester.com\/tr\/wp-json\/wp\/v2\/comments?post=5218"}],"version-history":[{"count":0,"href":"https:\/\/www.qualitester.com\/tr\/wp-json\/wp\/v2\/product\/5218\/revisions"}],"wp:featuredmedia":[{"embeddable":true,"href":"https:\/\/www.qualitester.com\/tr\/wp-json\/wp\/v2\/media\/6259"}],"wp:attachment":[{"href":"https:\/\/www.qualitester.com\/tr\/wp-json\/wp\/v2\/media?parent=5218"}],"wp:term":[{"taxonomy":"product_cat","embeddable":true,"href":"https:\/\/www.qualitester.com\/tr\/wp-json\/wp\/v2\/product_cat?post=5218"},{"taxonomy":"product_tag","embeddable":true,"href":"https:\/\/www.qualitester.com\/tr\/wp-json\/wp\/v2\/product_tag?post=5218"}],"curies":[{"name":"wp","href":"https:\/\/api.w.org\/{rel}","templated":true}]}}