{"id":5204,"date":"2024-11-05T11:37:42","date_gmt":"2024-11-05T03:37:42","guid":{"rendered":"https:\/\/www.qualitester.com\/?post_type=product&#038;p=5204"},"modified":"2024-12-05T13:32:19","modified_gmt":"2024-12-05T05:32:19","slug":"sale-automated-torque-tester-astm","status":"publish","type":"product","link":"https:\/\/www.qualitester.com\/tr\/urun\/sale-automated-torque-tester-astm\/","title":{"rendered":"MCT-01L Otomatik Tork Test Cihaz\u0131"},"content":{"rendered":"<h2>Otomatik Tork Test Cihaz\u0131na Giri\u015f<\/h2>\n<p>Bu <strong>Otomatik Tork Test Cihaz\u0131<\/strong> ila\u00e7 \u015fi\u015feleri, PET \u015fi\u015feler, emzikli torbalar ve esnek t\u00fcpler dahil olmak \u00fczere \u00e7e\u015fitli kaplardaki kapaklar\u0131n a\u00e7\u0131lma ve kilitlenme kuvvetlerini de\u011ferlendirmek i\u00e7in \u00f6nemli bir ara\u00e7t\u0131r. Bu test cihaz\u0131, kapaklar\u0131n g\u00fcvenli s\u0131zd\u0131rmazl\u0131k sa\u011flarken t\u00fcketiciler i\u00e7in kolay a\u00e7\u0131lmas\u0131n\u0131 sa\u011flayarak \u00fcr\u00fcn g\u00fcvenli\u011fini, kalitesini ve kullan\u0131labilirli\u011fini optimize eder. Geli\u015fmi\u015f otomasyonu ve hassasiyeti ile Otomatik Tork Test Cihaz\u0131, ambalaj, ila\u00e7, g\u0131da ve i\u00e7ecek ve kozmetik gibi end\u00fcstriler i\u00e7in kalite kontrol\u00fcnde kritik bir rol oynar.<\/p>\n<h2>Otomatik Tork Test Cihaz\u0131n\u0131n Temel Uygulamalar\u0131<\/h2>\n<p>Otomatik Tork Test Cihaz\u0131 \u015fu alanlarda yayg\u0131n olarak uygulanabilir:<\/p>\n<ul>\n<li><strong>Paketleme<\/strong>: Ta\u015f\u0131ma s\u0131ras\u0131nda kapaklar\u0131n kapal\u0131 kalmas\u0131n\u0131 ancak t\u00fcketici taraf\u0131ndan kolayca a\u00e7\u0131labilmesini sa\u011flamak.<\/li>\n<li><strong>\u0130la\u00e7lar<\/strong>: G\u00fcvenlik standartlar\u0131n\u0131 kar\u015f\u0131lamak i\u00e7in \u00e7ocuklara dayan\u0131kl\u0131 kapaklar\u0131n ve kurcalanmaya kar\u015f\u0131 korumal\u0131 kapaklar\u0131n test edilmesi.<\/li>\n<li><strong>Yiyecek ve \u0130\u00e7ecek<\/strong>: S\u0131z\u0131nt\u0131 ve kontaminasyonu \u00f6nlemek i\u00e7in PET ve di\u011fer \u015fi\u015fe t\u00fcrlerinde kapak b\u00fct\u00fcnl\u00fc\u011f\u00fcn\u00fcn do\u011frulanmas\u0131.<\/li>\n<li><strong>Kozmetikler ve G\u00fcnl\u00fck Kimyasallar<\/strong>: \u00dcr\u00fcn\u00fcn uzun \u00f6m\u00fcrl\u00fcl\u00fc\u011f\u00fcn\u00fc ve kullan\u0131m kolayl\u0131\u011f\u0131n\u0131 art\u0131rmak i\u00e7in kapak kapatma mukavemetinin test edilmesi.<\/li>\n<\/ul>\n<h2>\u015ei\u015fe Kapa\u011f\u0131 Tork Testi \u0130lgili Standartlar<\/h2>\n<p>Bu <strong>Otomatik Tork Test Cihaz\u0131<\/strong> \u00e7e\u015fitli ambalaj sekt\u00f6rlerinde kapsaml\u0131 testler ve uyumluluk sa\u011flamak i\u00e7in \u00e7e\u015fitli kritik end\u00fcstri standartlar\u0131na ba\u011fl\u0131d\u0131r. A\u015fa\u011f\u0131daki standartlar test s\u00fcrecinin ayr\u0131lmaz bir par\u00e7as\u0131d\u0131r:<\/p>\n<ul>\n<li><a href=\"https:\/\/www.astm.org\/d2063_d2063m-10r18.html\" target=\"_blank\" rel=\"noopener nofollow\"><strong>ASTM D2063<\/strong><\/a>: Bu standart, \u00f6zellikle ambalaj uygulamalar\u0131 i\u00e7in plastik kapaklar i\u00e7in a\u00e7ma ve kapama torkunun \u00f6l\u00e7\u00fclmesine odaklan\u0131r. G\u00fcvenli ancak kolay a\u00e7\u0131labilir kapaklar i\u00e7in gerekli tork de\u011ferlerini belirlemek, hem t\u00fcketici rahatl\u0131\u011f\u0131n\u0131 hem de g\u00fcvenli\u011fini sa\u011flamak i\u00e7in gereklidir.<\/li>\n<li><a href=\"https:\/\/www.astm.org\/d3198-97r02.html\" target=\"_blank\" rel=\"noopener nofollow\"><strong>ASTM D3198<\/strong><\/a>: Bu standart, \u00e7ocuklara dayan\u0131kl\u0131 kapaklarda tork \u00f6l\u00e7\u00fcm\u00fc i\u00e7in test y\u00f6ntemlerini belirtir. Kurcalanmaya kar\u015f\u0131 korumal\u0131 ambalajlar\u0131n de\u011ferlendirilmesi ve kapaklar\u0131n farmas\u00f6tikler, kimyasallar ve di\u011fer hassas \u00fcr\u00fcnler i\u00e7in yasal g\u00fcvenlik standartlar\u0131n\u0131 kar\u015f\u0131lamas\u0131n\u0131 sa\u011flamak i\u00e7in \u00e7ok \u00f6nemlidir.<\/li>\n<li><a href=\"https:\/\/www.astm.org\/d3474-90r18.html\" target=\"_blank\" rel=\"noopener nofollow\"><strong>ASTM D3474<\/strong><\/a>: Bu standart, emzikli torbalar gibi esnek kaplar \u00fczerindeki kapaklar\u0131n tork testi ile ilgilidir. Hem a\u00e7ma hem de m\u00fch\u00fcrleme ko\u015fullar\u0131 alt\u0131nda kapaklar\u0131n performans\u0131n\u0131 sa\u011flar ve tedarik zinciri boyunca \u00fcr\u00fcn b\u00fct\u00fcnl\u00fc\u011f\u00fcn\u00fc korur.<\/li>\n<li><a href=\"https:\/\/std.samr.gov.cn\/gb\/search\/gbDetailed?id=71F772D7F88CD3A7E05397BE0A0AB82A\" target=\"_blank\" rel=\"noopener nofollow\"><strong>GB\/T 17876<\/strong><\/a>: \u015ei\u015feler ve kaplar \u00fczerindeki kapaklar\u0131n torkunu test etmek i\u00e7in k\u0131lavuzlar sa\u011flayan bir \u00c7in standard\u0131d\u0131r. \u00c7e\u015fitli ko\u015fullar alt\u0131nda ambalaj kapaklar\u0131n\u0131n g\u00fcc\u00fcn\u00fc ve g\u00fcvenilirli\u011fini \u00f6l\u00e7mek i\u00e7in uluslararas\u0131 uygulamalarla uyumludur.<\/li>\n<li><a href=\"https:\/\/std.samr.gov.cn\/hb\/search\/stdHBDetailed?id=8B1827F18F69BB19E05397BE0A0AB44A\" target=\"_blank\" rel=\"noopener nofollow\"><strong>BB\/T 0025<\/strong><\/a>: Bu \u00c7in standard\u0131, kapaklar\u0131n hem g\u00fcvenli hem de kullan\u0131c\u0131 dostu olmas\u0131n\u0131 sa\u011flamak i\u00e7in farkl\u0131 s\u0131zd\u0131rmazl\u0131k ve a\u00e7ma ko\u015fullar\u0131 alt\u0131nda konteyner kapaklar\u0131n\u0131n performans\u0131n\u0131 de\u011ferlendirmeye y\u00f6nelik y\u00f6ntemleri belirtir.<\/li>\n<li><a href=\"https:\/\/std.samr.gov.cn\/hb\/search\/stdHBDetailed?id=8B1827F24CD5BB19E05397BE0A0AB44A\" target=\"_blank\" rel=\"noopener nofollow\"><strong>BB\/T 0034<\/strong><\/a>: Kurcalanmaya a\u00e7\u0131k kapaklar\u0131n tork direncine odaklanan bir ba\u015fka \u00c7in standard\u0131 olan bu standart, ambalaj\u0131n \u00fcr\u00fcn b\u00fct\u00fcnl\u00fc\u011f\u00fc ve t\u00fcketicinin korunmas\u0131na y\u00f6nelik g\u00fcvenlik ve d\u00fczenleme gerekliliklerini kar\u015f\u0131lamas\u0131n\u0131 sa\u011flar.<\/li>\n<\/ul>\n<h2>Otomatik Tork Test Cihaz\u0131 i\u00e7in Test S\u00fcreci<\/h2>\n<p>Otomatik Tork Test Cihaz\u0131, do\u011fru ve tekrarlanabilir sonu\u00e7lar i\u00e7in basit, otomatik bir s\u00fcre\u00e7 sunar:<\/p>\n<ol>\n<li><strong>Numunenin Y\u00fcklenmesi<\/strong>: Numune \u015fi\u015fesi veya kab\u0131, hem kapa\u011f\u0131n hem de \u015fi\u015fenin pn\u00f6matik kelep\u00e7elerle g\u00fcvenli bir \u015fekilde tutuldu\u011fu sisteme yerle\u015ftirilir.<\/li>\n<li><strong>S\u0131k\u0131\u015ft\u0131rma<\/strong>: CLAMP d\u00fc\u011fmesine bas\u0131ld\u0131\u011f\u0131nda, pn\u00f6matik kelep\u00e7eler otomatik olarak devreye girerek kapa\u011f\u0131 ve \u015fi\u015feyi test i\u00e7in yerine sabitler.<\/li>\n<li><strong>Test<\/strong>: TEST d\u00fc\u011fmesine bas\u0131ld\u0131\u011f\u0131nda, testin gerekliliklerine ba\u011fl\u0131 olarak kapa\u011f\u0131 a\u00e7arak veya kapatarak alt kelep\u00e7enin d\u00f6n\u00fc\u015f\u00fcn\u00fc ba\u015flat\u0131r.<\/li>\n<li><strong>Tork \u00d6l\u00e7\u00fcm\u00fc<\/strong>: D\u00f6n\u00fc\u015f s\u0131ras\u0131nda, sistem tork kuvveti verilerini do\u011fru bir \u015fekilde kaydederek hem tepe hem de ortalama de\u011ferler hakk\u0131nda bilgi sa\u011flar.<\/li>\n<\/ol>\n<p>Bu i\u015flem, kapa\u011f\u0131n performans\u0131n\u0131n h\u0131zl\u0131 bir \u015fekilde analiz edilmesini sa\u011flayarak s\u0131zd\u0131rmazl\u0131k veya a\u00e7ma s\u0131ras\u0131nda uygulanan torkun kalite ve kullan\u0131labilirlik a\u00e7\u0131s\u0131ndan \u00fcr\u00fcn spesifikasyonlar\u0131yla uyumlu olmas\u0131n\u0131 sa\u011flar.<\/p>\n<h2>Teknik \u00d6zellikler ve Avantajlar<\/h2>\n<p>Otomatik Tork Test Cihaz\u0131n\u0131n y\u00fcksek performansl\u0131 \u00f6zellikleri, onu kalite kontrol i\u00e7in g\u00fcvenilir bir \u00e7\u00f6z\u00fcm haline getirir:<\/p>\n<ul>\n<li><strong>HMI Dokunmatik Ekran ile PLC Kontroll\u00fc \u00c7al\u0131\u015fma<\/strong>: Kullan\u0131c\u0131 dostu bir aray\u00fczle donat\u0131lm\u0131\u015f olan bu test cihaz\u0131, y\u00fcksek verimli ortamlar i\u00e7in ideal olan tekrarlanabilir do\u011fruluk ve tutarl\u0131 sonu\u00e7lar sa\u011flar.<\/li>\n<li><strong>Otomatik S\u0131k\u0131\u015ft\u0131rma ve Rotasyon<\/strong>: \u00dcretim ko\u015fullar\u0131n\u0131 sim\u00fcle eden test cihaz\u0131n\u0131n otomatik s\u0131k\u0131\u015ft\u0131rma ve d\u00f6nd\u00fcrme \u00f6zellikleri, kapak performans\u0131n\u0131n ger\u00e7ek\u00e7i bir \u015fekilde de\u011ferlendirilmesini sa\u011flar.<\/li>\n<li><strong>\u00c7ok Birimli \u00d6l\u00e7\u00fcm Ekran\u0131<\/strong>: Veriler \u00e7e\u015fitli birimlerde (Kgf.cm, N.cm, daN.cm, Inch.lbs ve N.m) g\u00f6r\u00fcnt\u00fclenebilir, b\u00f6ylece uluslararas\u0131 standartlara uyum sa\u011flan\u0131r ve farkl\u0131 sekt\u00f6rlere uyarlanabilir.<\/li>\n<li><strong>Tepe De\u011fer Saklama ve Veri G\u00fcnl\u00fc\u011f\u00fc<\/strong>: Test cihaz\u0131, kapsaml\u0131 analiz i\u00e7in tepe tork de\u011ferlerini otomatik olarak tutar ve h\u0131zl\u0131 veri eri\u015fimi i\u00e7in yerle\u015fik bir mikro yaz\u0131c\u0131 i\u00e7erir. \u0130ste\u011fe ba\u011fl\u0131 RS232 ba\u011flant\u0131s\u0131 ve profesyonel yaz\u0131l\u0131m da dijital veri y\u00f6netimine olanak sa\u011flar.<\/li>\n<li><strong>G\u00fcvenlik ve Verimlilik<\/strong>: Dahili a\u015f\u0131r\u0131 y\u00fck korumas\u0131 ve otomatik s\u0131f\u0131rlama i\u015flevi hem g\u00fcvenli\u011fi hem de \u00f6l\u00e7\u00fcm do\u011frulu\u011funu art\u0131rarak test cihaz\u0131n\u0131 titiz kalite g\u00fcvence uygulamalar\u0131 i\u00e7in \u00e7ok uygun hale getirir.<\/li>\n<\/ul>\n<h2>End\u00fcstri Standartlar\u0131na ve Y\u00f6netmeliklerine Uygunluk<\/h2>\n<p>Otomatik Tork Test Cihaz\u0131, a\u015fa\u011f\u0131dakiler de dahil olmak \u00fczere \u00e7e\u015fitli temel standartlar\u0131n gereksinimlerini kar\u015f\u0131lamak \u00fczere tasarlanm\u0131\u015ft\u0131r <strong>ASTM D2659<\/strong>, <strong>ASTM D4577<\/strong>, <strong>ASTM D642<\/strong>, <strong>ISO 8113<\/strong>, ve <strong>ASTM D4169<\/strong>. Bu standartlar\u0131 takip ederek, \u00fcr\u00fcnlerin s\u0131k\u0131 kalite ve g\u00fcvenlik gereksinimlerini kar\u015f\u0131lamas\u0131n\u0131 garanti eder ve ambalaj y\u00f6netmeliklerine uygunluk gerektiren end\u00fcstriler i\u00e7in g\u00fcvenilir bir test \u00e7\u00f6z\u00fcm\u00fc sunar.<\/p>\n<h2>SSS B\u00f6l\u00fcm\u00fc<\/h2>\n<ol>\n<li><strong>Tork testi ambalajlama i\u00e7in neden \u00f6nemlidir?<\/strong><br \/>\nTork testi, kapaklar\u0131n g\u00fcvenli bir \u015fekilde kapat\u0131lmas\u0131n\u0131 ve kullan\u0131c\u0131 dostu olmas\u0131n\u0131 sa\u011flayarak hem g\u00fcvenlik hem de t\u00fcketici kullan\u0131labilirlik standartlar\u0131n\u0131 kar\u015f\u0131lar.<\/li>\n<li><strong>Manuel bir tork test cihaz\u0131 yerine otomatik bir tork test cihaz\u0131 kullanman\u0131n faydalar\u0131 nelerdir?<\/strong><br \/>\nOtomatik test cihazlar\u0131, \u00f6zellikle y\u00fcksek hacimli \u00fcretim ortamlar\u0131nda daha y\u00fcksek do\u011fruluk, tekrarlanabilirlik ve verimlilik sa\u011flar.<\/li>\n<li><strong>Test cihaz\u0131 ASTM D2659 ile uyumlulu\u011fu nas\u0131l sa\u011flar?<\/strong><br \/>\nTest cihaz\u0131 torku hassas bir \u015fekilde \u00f6l\u00e7erek \u00e7ocuklara dayan\u0131kl\u0131 ve kurcalanmaya kar\u015f\u0131 korumal\u0131 kapaklar i\u00e7in ASTM D2659 standartlar\u0131n\u0131n kar\u015f\u0131lanmas\u0131na yard\u0131mc\u0131 olur.<\/li>\n<li><strong>Tork test cihaz\u0131 farkl\u0131 kapak boyutlar\u0131na ve malzemelere uyum sa\u011flayabilir mi?<\/strong><br \/>\nEvet, test cihaz\u0131 \u00e7ok \u00e7e\u015fitli kapak tipleri ve malzemelerle uyumludur ve \u00fcr\u00fcnler aras\u0131nda \u00e7ok y\u00f6nl\u00fc test yap\u0131lmas\u0131n\u0131 sa\u011flar.<\/li>\n<li><strong>En y\u00fcksek de\u011fer tutma \u00f6zelli\u011fi nas\u0131l \u00e7al\u0131\u015f\u0131r?<\/strong><br \/>\nTest cihaz\u0131, her test s\u0131ras\u0131nda ula\u015f\u0131lan maksimum tork de\u011ferini yakalar ve tutar, b\u00f6ylece ayr\u0131nt\u0131l\u0131 analiz ve kalite g\u00fcvencesi sa\u011flar.<\/li>\n<\/ol>\n<p>Bu <strong>Otomatik Tork Test Cihaz\u0131<\/strong> \u00fcr\u00fcn kalitesi, g\u00fcvenli\u011fi ve mevzuata uygunlu\u011fu sa\u011flamak isteyen \u00fcreticiler i\u00e7in hayati bir ara\u00e7t\u0131r. Otomatik \u00f6zellikleriyle, a\u015fa\u011f\u0131daki gibi uluslararas\u0131 standartlara ba\u011fl\u0131l\u0131k <a href=\"https:\/\/www.qualitester.com\/tr\/urun-kategori\/astm\/astm-d2659\/\" target=\"_blank\" rel=\"noopener\">ASTM D2659<\/a>, ve g\u00fcvenilir hassasiyete sahip bu test cihaz\u0131, \u00fcr\u00fcn b\u00fct\u00fcnl\u00fc\u011f\u00fc i\u00e7in ola\u011fan\u00fcst\u00fc standartlar\u0131 korurken \u00fcretim s\u00fcre\u00e7lerini kolayla\u015ft\u0131rmaya yard\u0131mc\u0131 olur.<\/p>","protected":false},"excerpt":{"rendered":"<p>Otomatik Tork Test Cihaz\u0131 ile \u00fcr\u00fcn kalitesinden emin olun. Hassas kapak a\u00e7ma ve kilitleme kuvveti \u00f6l\u00e7\u00fcmleri i\u00e7in ASTM D2659 ve di\u011fer \u00f6nemli standartlarla uyumludur.<\/p>","protected":false},"featured_media":6242,"comment_status":"closed","ping_status":"closed","template":"","meta":{"site-sidebar-layout":"default","site-content-layout":"default","ast-global-header-display":"","ast-main-header-display":"","ast-hfb-above-header-display":"","ast-hfb-below-header-display":"","ast-hfb-mobile-header-display":"","site-post-title":"","ast-breadcrumbs-content":"","ast-featured-img":"","footer-sml-layout":"","theme-transparent-header-meta":"default","adv-header-id-meta":"","stick-header-meta":"","header-above-stick-meta":"","header-main-stick-meta":"","header-below-stick-meta":""},"product_cat":[845,953,956,955,954,957,958,952,959,687,17,16,124,125,128,95],"product_tag":[],"class_list":{"0":"post-5204","1":"product","2":"type-product","3":"status-publish","4":"has-post-thumbnail","6":"product_cat-customization","7":"product_cat-bursting-tester","8":"product_cat-cobb-tester","9":"product_cat-crush-tester","10":"product_cat-paper-tear-tester","11":"product_cat-plybond-tester","12":"product_cat-puncture-tester","13":"product_cat-rub-tester","14":"product_cat-stiffness-tester","15":"product_cat-torque-tester","16":"product_cat-package-container-testers","17":"product_cat-plastic-packaging-testers","18":"product_cat-astm-d2063","19":"product_cat-astm-d3198","20":"product_cat-astm-d3474","21":"product_cat-products","22":"desktop-align-left","23":"tablet-align-left","24":"mobile-align-left","26":"first","27":"instock","28":"shipping-taxable","29":"product-type-simple"},"_links":{"self":[{"href":"https:\/\/www.qualitester.com\/tr\/wp-json\/wp\/v2\/product\/5204","targetHints":{"allow":["GET"]}}],"collection":[{"href":"https:\/\/www.qualitester.com\/tr\/wp-json\/wp\/v2\/product"}],"about":[{"href":"https:\/\/www.qualitester.com\/tr\/wp-json\/wp\/v2\/types\/product"}],"replies":[{"embeddable":true,"href":"https:\/\/www.qualitester.com\/tr\/wp-json\/wp\/v2\/comments?post=5204"}],"version-history":[{"count":0,"href":"https:\/\/www.qualitester.com\/tr\/wp-json\/wp\/v2\/product\/5204\/revisions"}],"wp:featuredmedia":[{"embeddable":true,"href":"https:\/\/www.qualitester.com\/tr\/wp-json\/wp\/v2\/media\/6242"}],"wp:attachment":[{"href":"https:\/\/www.qualitester.com\/tr\/wp-json\/wp\/v2\/media?parent=5204"}],"wp:term":[{"taxonomy":"product_cat","embeddable":true,"href":"https:\/\/www.qualitester.com\/tr\/wp-json\/wp\/v2\/product_cat?post=5204"},{"taxonomy":"product_tag","embeddable":true,"href":"https:\/\/www.qualitester.com\/tr\/wp-json\/wp\/v2\/product_tag?post=5204"}],"curies":[{"name":"wp","href":"https:\/\/api.w.org\/{rel}","templated":true}]}}