{"id":5197,"date":"2024-11-05T11:16:04","date_gmt":"2024-11-05T03:16:04","guid":{"rendered":"https:\/\/www.qualitester.com\/?post_type=product&#038;p=5197"},"modified":"2024-12-05T14:15:40","modified_gmt":"2024-12-05T06:15:40","slug":"sale-container-top-load-testing-machine-astm-d2659","status":"publish","type":"product","link":"https:\/\/www.qualitester.com\/tr\/urun\/sale-container-top-load-testing-machine-astm-d2659\/","title":{"rendered":"TLT-01 \u00dcstten Y\u00fck Test Cihaz\u0131"},"content":{"rendered":"<p><strong>Konteyner \u00dcst Y\u00fck Test Cihaz\u0131<\/strong> \u00e7e\u015fitli ambalaj kaplar\u0131n\u0131n yap\u0131sal b\u00fct\u00fcnl\u00fc\u011f\u00fcn\u00fc ve bas\u0131n\u00e7 dayan\u0131m\u0131n\u0131 de\u011ferlendirmek i\u00e7in tasarlanm\u0131\u015f geli\u015fmi\u015f bir \u00e7\u00f6z\u00fcmd\u00fcr. \u015ei\u015feler, kavanozlar, kartonlar ve kutular gibi kaplar\u0131n y\u00fck ta\u015f\u0131ma kapasitesini do\u011fru bir \u015fekilde \u00f6l\u00e7en bu makine, \u00fcreticilerin \u00fcr\u00fcnlerinin deformasyon veya \u00e7\u00f6kme olmadan istifleme, nakliye ve depolama streslerine dayanmas\u0131n\u0131 sa\u011flamalar\u0131na yard\u0131mc\u0131 olur. Cell Instruments, bu makine ile ambalaj dayan\u0131kl\u0131l\u0131\u011f\u0131n\u0131n \u00fcr\u00fcn g\u00fcvenli\u011fi ve kalitesi i\u00e7in \u00e7ok \u00f6nemli oldu\u011fu g\u0131da, ila\u00e7 ve t\u00fcketim mallar\u0131 gibi sekt\u00f6rler i\u00e7in \u00fcst d\u00fczey bir \u00e7\u00f6z\u00fcm sunmaktad\u0131r.<\/p>\n<h2><strong>Ambalajlamada \u00dcst Y\u00fck Testinin \u00d6nemi<\/strong><\/h2>\n<p>Modern ambalajlamada, konteyner mukavemetinin ve g\u00fcvenilirli\u011finin sa\u011flanmas\u0131 esast\u0131r. \u00dcstten y\u00fck testi, konteynerlerin istifleme ve nakliye s\u0131ras\u0131nda kar\u015f\u0131la\u015f\u0131lan bas\u0131n\u00e7 kuvvetlerine dayanabildi\u011fini, i\u00e7indeki \u00fcr\u00fcn\u00fc korudu\u011funu ve maliyetli hasarlar\u0131, iadeleri ve de\u011fi\u015ftirmeleri \u00f6nledi\u011fini do\u011frular. Ayr\u0131ca bu test, \u00fcreticilerin ambalaj tasar\u0131m\u0131n\u0131 ve malzeme kullan\u0131m\u0131n\u0131 optimize etmelerine yard\u0131mc\u0131 olarak maliyet etkinli\u011fini ve s\u00fcrd\u00fcr\u00fclebilirli\u011fi te\u015fvik ederken kaliteyi ve marka itibar\u0131n\u0131 korur.<\/p>\n<h2><strong>ASTM D2659 Standart<\/strong><\/h2>\n<p><strong>ASTM D2659<\/strong> sert plastik kaplar\u0131n bas\u0131n\u00e7 dayan\u0131m\u0131n\u0131 de\u011ferlendirmek i\u00e7in \u00f6nemli bir standartt\u0131r. Bu kaplar\u0131n yukar\u0131dan a\u015fa\u011f\u0131ya y\u00fcklere ne kadar iyi dayand\u0131\u011f\u0131n\u0131 de\u011ferlendirmek i\u00e7in standartla\u015ft\u0131r\u0131lm\u0131\u015f y\u00f6ntemler sa\u011flar ve yap\u0131sal b\u00fct\u00fcnl\u00fck ve performans\u0131n sa\u011flanmas\u0131 i\u00e7in temel bir \u00f6l\u00e7\u00fctt\u00fcr.<\/p>\n<ul>\n<li><strong>ASTM D2659 Test Y\u00f6ntemleri:<\/strong> ASTM D2659 y\u00f6nergelerini izleyen \u00fcst y\u00fck testi, kab\u0131n \u00fcst k\u0131sm\u0131na kontroll\u00fc bir s\u0131k\u0131\u015ft\u0131rma kuvveti uygular ve deformasyon veya ar\u0131za meydana gelene kadar kademeli olarak artar. Bu y\u00f6ntem, maksimum y\u00fck tolerans\u0131 hakk\u0131nda kritik veriler sunarak konteynerlerin end\u00fcstri g\u00fcvenlik ve performans standartlar\u0131n\u0131 kar\u015f\u0131lamas\u0131na yard\u0131mc\u0131 olur.<\/li>\n<li><strong>Uyumluluk Faydalar\u0131:<\/strong> ASTM D2659'a uygunluk, g\u00fcvenilirli\u011fi ve mevzuata uygunlu\u011fu art\u0131rarak \u00fcreticilere ve t\u00fcketicilere ambalaj\u0131n dayan\u0131kl\u0131l\u0131\u011f\u0131 konusunda g\u00fcven verir.<\/li>\n<\/ul>\n<h2><strong>Konteyner \u00dcst Y\u00fck Test Cihaz\u0131n\u0131n Temel Teknik \u00d6zellikleri<\/strong><\/h2>\n<p>Do\u011fruluk, kolayl\u0131k ve uyarlanabilirlik i\u00e7in tasarlanan Konteyner \u00dcstten Y\u00fck Test Cihaz\u0131, \u00e7e\u015fitli test gereksinimlerini kar\u015f\u0131lamak i\u00e7in geli\u015fmi\u015f \u00f6zelliklerle donat\u0131lm\u0131\u015ft\u0131r.<\/p>\n<ul>\n<li><strong>Geli\u015fmi\u015f Kontrol ve Ekran:<\/strong>\n<ul>\n<li>Makine, sorunsuz kullan\u0131c\u0131 etkile\u015fimi ve operasyonel kolayl\u0131k i\u00e7in 7 in\u00e7lik bir HMI dokunmatik ekrana sahiptir.<\/li>\n<li>End\u00fcstriyel d\u00fczeyde stabilite ve verimlilik sunan bir PLC kontrol sistemi alt\u0131nda \u00e7al\u0131\u015f\u0131r.<\/li>\n<\/ul>\n<\/li>\n<li><strong>Hassasiyet ve Esneklik:<\/strong>\n<ul>\n<li>Hassas bir bilyal\u0131 k\u0131lavuz vida ile makine, h\u0131z ve yer de\u011fi\u015ftirme \u00fczerinde tam kontrol sa\u011flayarak g\u00fcvenilir ve tekrarlanabilir sonu\u00e7lar sunar.<\/li>\n<li>Ayarlanabilir test h\u0131z\u0131, kullan\u0131c\u0131lar\u0131n test ko\u015fullar\u0131n\u0131 kendi \u00f6zel malzemelerine ve standartlar\u0131na g\u00f6re uyarlamalar\u0131na olanak tan\u0131r.<\/li>\n<li>Birden fazla uyumlu s\u0131k\u0131\u015ft\u0131rma plakas\u0131 \u015fekli ve boyutu, farkl\u0131 konteyner t\u00fcrleri ve boyutlar\u0131 i\u00e7in esneklik sunar.<\/li>\n<\/ul>\n<\/li>\n<li><strong>G\u00fcvenlik ve Rahatl\u0131k \u00d6zellikleri:<\/strong>\n<ul>\n<li>Dahili a\u015f\u0131r\u0131 y\u00fck korumas\u0131 ve otomatik geri d\u00f6n\u00fc\u015f fonksiyonlar\u0131 operasyonel g\u00fcvenlik ve kullan\u0131m kolayl\u0131\u011f\u0131 sa\u011flar.<\/li>\n<li>\u0130ste\u011fe ba\u011fl\u0131 mikro yaz\u0131c\u0131 ve RS232 veri \u00e7\u0131k\u0131\u015f portu, kapsaml\u0131 veri analizi i\u00e7in profesyonel yaz\u0131l\u0131m ile verimli veri kayd\u0131 ve raporlama sa\u011flar.<\/li>\n<\/ul>\n<\/li>\n<\/ul>\n<h2><strong>Kapsaml\u0131 Analiz i\u00e7in Benzersiz Test Programlar\u0131<\/strong><\/h2>\n<p>Konteyner \u00dcst Y\u00fck Test Cihaz\u0131, her biri farkl\u0131 analiz gereksinimleri i\u00e7in tasarlanm\u0131\u015f \u00f6zel test programlar\u0131 ile donat\u0131lm\u0131\u015ft\u0131r:<\/p>\n<ul>\n<li><strong>Pik Y\u00fck Testi:<\/strong> Bir kab\u0131n dayanabilece\u011fi maksimum s\u0131k\u0131\u015ft\u0131rma kuvvetini \u00f6l\u00e7er.<\/li>\n<li><strong>Sabit Deformasyon Y\u00fck Testi:<\/strong> Konteyner belirli bir deformasyon seviyesine ula\u015ft\u0131\u011f\u0131nda y\u00fck kapasitesini de\u011ferlendirir.<\/li>\n<li><strong>Sabit Y\u00fck Testi:<\/strong> Sabit bir y\u00fck alt\u0131nda konteyner deformasyonunun boyutunu \u00f6l\u00e7er.<\/li>\n<li><strong>Tek ve \u00c7evrimsel S\u0131k\u0131\u015ft\u0131rma Testi:<\/strong> Derinlemesine yap\u0131sal esneklik testi i\u00e7in tek s\u0131k\u0131\u015ft\u0131rma analizine veya tekrarlanan s\u0131k\u0131\u015ft\u0131rma d\u00f6ng\u00fclerine izin verir.<\/li>\n<\/ul>\n<h2><strong>Teknik \u00d6zellikler<\/strong><\/h2>\n<table>\n<tbody>\n<tr>\n<td width=\"248\">Test Aral\u0131\u011f\u0131<\/td>\n<td width=\"374\">0-1000N (veya gerekti\u011fi gibi)<\/td>\n<\/tr>\n<tr>\n<td width=\"248\">\u00d6rnek Y\u00fckseklik<\/td>\n<td width=\"374\">700mm<\/td>\n<\/tr>\n<tr>\n<td width=\"248\">\u00d6rnek \u00c7ap\u0131<\/td>\n<td width=\"374\">Maksimum 120 mm<\/td>\n<\/tr>\n<tr>\n<td width=\"248\">Test H\u0131z\u0131<\/td>\n<td width=\"374\">1 ~ 500 mm \/ dak<\/td>\n<\/tr>\n<tr>\n<td width=\"248\">Deplasman Do\u011frulu\u011fu<\/td>\n<td width=\"374\">0.01mm<\/td>\n<\/tr>\n<tr>\n<td width=\"248\">Kuvvet Do\u011frulu\u011fu<\/td>\n<td width=\"374\">0,5% Tam \u00d6l\u00e7ek<\/td>\n<\/tr>\n<tr>\n<td width=\"248\">Kontrol<\/td>\n<td width=\"374\">PLC ve HMI Ekran\u0131<\/td>\n<\/tr>\n<tr>\n<td width=\"248\">Veri \u00c7\u0131k\u0131\u015f\u0131<\/td>\n<td width=\"374\">ekran, Mikro yaz\u0131c\u0131 (iste\u011fe ba\u011fl\u0131), RS232 (iste\u011fe ba\u011fl\u0131)<\/td>\n<\/tr>\n<tr>\n<td width=\"248\">G\u00fc\u00e7<\/td>\n<td width=\"374\">110~ 220V, 50\/60Hz<\/td>\n<\/tr>\n<\/tbody>\n<\/table>\n<h2><strong>Ek Standartlara Uygunluk<\/strong><\/h2>\n<p>ASTM D2659'a ek olarak, Konteyner \u00dcstten Y\u00fck Test Cihaz\u0131, farkl\u0131 end\u00fcstri ihtiya\u00e7lar\u0131n\u0131 kar\u015f\u0131lamak i\u00e7in di\u011fer bir\u00e7ok standartla uyumlu testleri destekler:<\/p>\n<ul>\n<li><strong><a href=\"https:\/\/www.astm.org\/d4577-19.html\" target=\"_blank\" rel=\"noopener nofollow\">ASTM D4577<\/a>:<\/strong> Ambalaj kaplar\u0131n\u0131n s\u0131k\u0131\u015ft\u0131rma mukavemeti de\u011ferlendirmesi i\u00e7in k\u0131lavuz.<\/li>\n<li><strong><a href=\"https:\/\/www.astm.org\/d0642-20.html\" target=\"_blank\" rel=\"noopener nofollow\">ASTM D642<\/a>:<\/strong> Ambalaj malzemelerinin bas\u0131n\u00e7 direncini de\u011ferlendirme y\u00f6ntemleri.<\/li>\n<li><strong><a href=\"https:\/\/www.iso.org\/standard\/35617.html\" target=\"_blank\" rel=\"noopener nofollow\">ISO 8113<\/a>:<\/strong> Sert konteynerler i\u00e7in \u00fcst y\u00fck s\u0131k\u0131\u015ft\u0131rma mukavemeti testini belirtir.<\/li>\n<li><strong><a href=\"https:\/\/www.astm.org\/d4169-22.html\" target=\"_blank\" rel=\"noopener nofollow\">ASTM D4169<\/a>:<\/strong> Nakliye konteynerleri ve paketleme sistemleri i\u00e7in performans test prosed\u00fcrleri sa\u011flar.<\/li>\n<\/ul>\n<h2><strong>S\u0131k\u00e7a Sorulan Sorular (SSS)<\/strong><\/h2>\n<ol>\n<li><strong>Bu makine ile ne t\u00fcr konteynerler test edilebilir?<\/strong><br \/>\nMakine, 120 mm \u00e7apa ve 700 mm y\u00fcksekli\u011fe kadar plastik, cam veya di\u011fer sert malzemelerden yap\u0131lm\u0131\u015f \u015fi\u015feler, kavanozlar, kartonlar ve kutular gibi \u00e7e\u015fitli kaplar\u0131 test edebilir.<\/li>\n<li><strong>Bu makine ASTM D2659 ile uyumlulu\u011fu nas\u0131l sa\u011fl\u0131yor?<\/strong><br \/>\nMakine, ASTM D2659 test y\u00f6ntemlerini takip etmek, kontroll\u00fc, artan s\u0131k\u0131\u015ft\u0131rma kuvvetleri uygulamak ve maksimum y\u00fck kapasitesini ve deformasyonu kaydetmek i\u00e7in tasarlanm\u0131\u015ft\u0131r ve standard\u0131 kar\u015f\u0131lamada do\u011fruluk sa\u011flar.<\/li>\n<li><strong>Test parametreleri ayarlanabilir mi?<\/strong><br \/>\nEvet, test h\u0131z\u0131 ve numune y\u00fcksekli\u011fi dahil olmak \u00fczere test parametreleri, \u00e7e\u015fitli kap boyutlar\u0131na ve test gereksinimlerine uyacak \u015fekilde ayarlanabilir.<\/li>\n<li><strong>Bu makineyi veri y\u00f6netimi yaz\u0131l\u0131m\u0131 ile entegre etmek m\u00fcmk\u00fcn m\u00fc?<\/strong><br \/>\nEvet, makine yaz\u0131l\u0131m sistemleriyle sorunsuz entegrasyon i\u00e7in bir RS232 veri portu sunarak veri kay\u0131t ve analiz yeteneklerini geli\u015ftiriyor.<\/li>\n<li><strong>Makine ne s\u0131kl\u0131kla kalibre edilmelidir?<\/strong><br \/>\nOptimum do\u011fruluk ve uyumlulu\u011fu korumak i\u00e7in kullan\u0131m s\u0131kl\u0131\u011f\u0131na ba\u011fl\u0131 olarak, tipik olarak y\u0131ll\u0131k bazda d\u00fczenli kalibrasyon \u00f6nerilir.<\/li>\n<\/ol>\n<p>Cell Instruments' <strong>Konteyner \u00dcst Y\u00fck Test Cihaz\u0131<\/strong> \u00e7ok \u00e7e\u015fitli test ihtiya\u00e7lar\u0131n\u0131 kar\u015f\u0131lamak i\u00e7in hassasiyet, g\u00fcvenilirlik ve esneklik sunmak \u00fczere tasarlanm\u0131\u015ft\u0131r. \u00d6zelle\u015ftirme se\u00e7enekleriyle, \u00f6zel test ihtiya\u00e7lar\u0131 ve otomasyon d\u00f6n\u00fc\u015f\u00fcm\u00fc dahil olmak \u00fczere benzersiz m\u00fc\u015fteri gereksinimlerine kolayca uyum sa\u011flar. Kullan\u0131c\u0131lar kurulum, ASTM standartlar\u0131na uygunluk ve veri yorumlama konular\u0131nda uzman rehberli\u011finden faydalanarak kalite g\u00fcvence i\u015f ak\u0131\u015flar\u0131na verimli entegrasyon sa\u011flar.<\/p>","protected":false},"excerpt":{"rendered":"<p><strong>Konteyner \u00dcst Y\u00fck Test Cihaz\u0131<\/strong> \u00e7e\u015fitli ambalaj kaplar\u0131n\u0131n yap\u0131sal b\u00fct\u00fcnl\u00fc\u011f\u00fcn\u00fc ve bas\u0131n\u00e7 dayan\u0131m\u0131n\u0131 de\u011ferlendirmek i\u00e7in tasarlanm\u0131\u015f geli\u015fmi\u015f bir \u00e7\u00f6z\u00fcmd\u00fcr. \u015ei\u015feler, kavanozlar, kartonlar ve kutular gibi kaplar\u0131n y\u00fck ta\u015f\u0131ma kapasitesini do\u011fru bir \u015fekilde \u00f6l\u00e7en bu makine, \u00fcreticilerin \u00fcr\u00fcnlerinin deformasyon veya \u00e7\u00f6kme olmadan istifleme, nakliye ve depolama streslerine dayanmas\u0131n\u0131 sa\u011flamalar\u0131na yard\u0131mc\u0131 olur. Cell Instruments, bu makine ile ambalaj dayan\u0131kl\u0131l\u0131\u011f\u0131n\u0131n \u00fcr\u00fcn g\u00fcvenli\u011fi ve kalitesi i\u00e7in \u00e7ok \u00f6nemli oldu\u011fu g\u0131da, ila\u00e7 ve t\u00fcketim mallar\u0131 gibi sekt\u00f6rler i\u00e7in \u00fcst d\u00fczey bir \u00e7\u00f6z\u00fcm sunmaktad\u0131r.<\/p>","protected":false},"featured_media":6248,"comment_status":"closed","ping_status":"closed","template":"","meta":{"site-sidebar-layout":"default","site-content-layout":"default","ast-global-header-display":"","ast-main-header-display":"","ast-hfb-above-header-display":"","ast-hfb-below-header-display":"","ast-hfb-mobile-header-display":"","site-post-title":"","ast-breadcrumbs-content":"","ast-featured-img":"","footer-sml-layout":"","theme-transparent-header-meta":"default","adv-header-id-meta":"","stick-header-meta":"","header-above-stick-meta":"","header-main-stick-meta":"","header-below-stick-meta":""},"product_cat":[845,1071,1069,1072,1068,1073,1113,95],"product_tag":[],"class_list":{"0":"post-5197","1":"product","2":"type-product","3":"status-publish","4":"has-post-thumbnail","6":"product_cat-customization","7":"product_cat-astm-d2659","8":"product_cat-astm-d4169","9":"product_cat-astm-d4577","10":"product_cat-astm-d642","11":"product_cat-iso-8113","12":"product_cat-top-load-tester","13":"product_cat-products","14":"desktop-align-left","15":"tablet-align-left","16":"mobile-align-left","18":"first","19":"instock","20":"shipping-taxable","21":"product-type-simple"},"_links":{"self":[{"href":"https:\/\/www.qualitester.com\/tr\/wp-json\/wp\/v2\/product\/5197","targetHints":{"allow":["GET"]}}],"collection":[{"href":"https:\/\/www.qualitester.com\/tr\/wp-json\/wp\/v2\/product"}],"about":[{"href":"https:\/\/www.qualitester.com\/tr\/wp-json\/wp\/v2\/types\/product"}],"replies":[{"embeddable":true,"href":"https:\/\/www.qualitester.com\/tr\/wp-json\/wp\/v2\/comments?post=5197"}],"version-history":[{"count":0,"href":"https:\/\/www.qualitester.com\/tr\/wp-json\/wp\/v2\/product\/5197\/revisions"}],"wp:featuredmedia":[{"embeddable":true,"href":"https:\/\/www.qualitester.com\/tr\/wp-json\/wp\/v2\/media\/6248"}],"wp:attachment":[{"href":"https:\/\/www.qualitester.com\/tr\/wp-json\/wp\/v2\/media?parent=5197"}],"wp:term":[{"taxonomy":"product_cat","embeddable":true,"href":"https:\/\/www.qualitester.com\/tr\/wp-json\/wp\/v2\/product_cat?post=5197"},{"taxonomy":"product_tag","embeddable":true,"href":"https:\/\/www.qualitester.com\/tr\/wp-json\/wp\/v2\/product_tag?post=5197"}],"curies":[{"name":"wp","href":"https:\/\/api.w.org\/{rel}","templated":true}]}}