{"id":5176,"date":"2024-11-01T14:07:50","date_gmt":"2024-11-01T06:07:50","guid":{"rendered":"https:\/\/www.qualitester.com\/?post_type=product&#038;p=5176"},"modified":"2024-12-05T13:17:08","modified_gmt":"2024-12-05T05:17:08","slug":"sale-box-compression-tester-strenth","status":"publish","type":"product","link":"https:\/\/www.qualitester.com\/tr\/urun\/sale-box-compression-tester-strenth\/","title":{"rendered":"BCT-01 Kutu S\u0131k\u0131\u015ft\u0131rma Test Cihaz\u0131"},"content":{"rendered":"<p>Bu <strong>Kutu S\u0131k\u0131\u015ft\u0131rma Test Cihaz\u0131<\/strong> ambalaj malzemelerinin mukavemetini, dayan\u0131kl\u0131l\u0131\u011f\u0131n\u0131 ve harici bas\u0131n\u00e7 kuvvetlerine kar\u015f\u0131 direncini de\u011ferlendirmek i\u00e7in tasarlanm\u0131\u015f \u00f6nemli bir ara\u00e7t\u0131r. Bu geli\u015fmi\u015f test cihaz\u0131 g\u0131da, elektronik, ila\u00e7 ve ambalaj gibi sekt\u00f6rlerde kritik bir rol oynar ve \u00fcr\u00fcnlerin nakliye ve depolama s\u0131ras\u0131nda yeterince korunmas\u0131n\u0131 sa\u011flar. Y\u00fcksek hassasiyeti, kullan\u0131m kolayl\u0131\u011f\u0131 ve uluslararas\u0131 standartlara ba\u011fl\u0131l\u0131\u011f\u0131, onu ambalajlar\u0131n\u0131n b\u00fct\u00fcnl\u00fc\u011f\u00fcne ve g\u00fcvenilirli\u011fine de\u011fer veren t\u00fcm \u015firketler i\u00e7in ideal bir \u00e7\u00f6z\u00fcm haline getirmektedir.<\/p>\n<p>Kullan\u0131c\u0131 dostu dokunmatik ekran aray\u00fcz\u00fc, mikrobilgisayar i\u015fleme sistemi ve ger\u00e7ek zamanl\u0131 veri toplama \u00f6zelli\u011fine sahip Kutu S\u0131k\u0131\u015ft\u0131rma Test Cihaz\u0131, oluklu mukavva, plastikler, metaller ve di\u011fer ambalaj malzemeleri dahil olmak \u00fczere \u00e7ok \u00e7e\u015fitli malzemeler i\u00e7in hassas sonu\u00e7lar sunar. Test cihaz\u0131, istifleme ko\u015fullar\u0131 alt\u0131nda ambalajlar\u0131n hem bas\u0131n\u00e7 dayan\u0131m\u0131 hem de koruyucu nitelikleri hakk\u0131nda ayr\u0131nt\u0131l\u0131 bilgiler sa\u011flayan titiz bir de\u011ferlendirme i\u00e7in tasarlanm\u0131\u015ft\u0131r.<\/p>\n<h2><strong>Kutu S\u0131k\u0131\u015ft\u0131rma Test Cihaz\u0131n\u0131n Uygulama Kapsam\u0131<\/strong><\/h2>\n<p>Kutu S\u0131k\u0131\u015ft\u0131rma Test Cihaz\u0131, oluklu mukavvadan kat\u0131 elyaf kartona, metale ve plasti\u011fe kadar ambalajlamada yayg\u0131n olarak kullan\u0131lan \u00e7ok \u00e7e\u015fitli malzemeleri i\u015fleyebilmektedir. Her bir malzemenin s\u0131k\u0131\u015ft\u0131rma kuvvetlerine kar\u015f\u0131 koyma kabiliyetini de\u011ferlendirerek \u00fcreticilerin hem ambalaj\u0131n kendi g\u00fcc\u00fcn\u00fc hem de i\u00e7indeki i\u00e7eri\u011fe sundu\u011fu koruma d\u00fczeyini anlamas\u0131n\u0131 sa\u011flar. Bu \u00e7ok y\u00f6nl\u00fcl\u00fck, mallar\u0131n g\u00fcvenli ve etkili bir \u015fekilde ta\u015f\u0131nmas\u0131na \u00f6ncelik veren sekt\u00f6rler i\u00e7in \u00e7ok de\u011ferlidir.<\/p>\n<h2><strong>Temel Test Modlar\u0131 ve Yetenekleri<\/strong><\/h2>\n<ol>\n<li><strong>G\u00fc\u00e7 Testi:<\/strong> Bu mod, ambalaj \u00e7\u00f6kene veya deforme olana kadar bas\u0131n\u00e7ta kademeli bir art\u0131\u015f uygulayarak kutunun veya kab\u0131n nihai bas\u0131n\u00e7 dayan\u0131m\u0131n\u0131 ve deformasyonunu de\u011ferlendirir. Bu, \u00fcreticilerin bir ambalaj\u0131n dayanabilece\u011fi maksimum y\u00fck\u00fc belirlemelerine yard\u0131mc\u0131 olur.<\/li>\n<li><strong>Sabit De\u011fer Testi:<\/strong> Bu modda test cihaz\u0131, belirli bir bas\u0131n\u00e7 uygulayarak ve ortaya \u00e7\u0131kan deformasyonu \u00f6l\u00e7erek bir kutunun veya kab\u0131n genel performans\u0131n\u0131 \u00f6l\u00e7er. Bu, \u00f6zellikle ambalajlar\u0131 i\u00e7in sabit mukavemet gereksinimlerine uymas\u0131 gereken \u015firketler i\u00e7in kullan\u0131\u015fl\u0131d\u0131r.<\/li>\n<li><strong>\u0130stifleme Testi:<\/strong> Test cihaz\u0131, bir paketin ger\u00e7ek\u00e7i depolama ko\u015fullar\u0131 alt\u0131nda ne kadar iyi performans g\u00f6sterdi\u011fini de\u011ferlendirmek i\u00e7in sabit, uzun s\u00fcreli bir s\u0131k\u0131\u015ft\u0131rma kuvveti uygulayarak bir depo istifleme ortam\u0131n\u0131 sim\u00fcle eder. Bu test, istifleme stabilitesini anlamak ve depolamada uzun vadeli paket dayan\u0131kl\u0131l\u0131\u011f\u0131n\u0131 tahmin etmek i\u00e7in idealdir.<\/li>\n<\/ol>\n<h2><strong>Standartlar ve Uyumluluk<\/strong><\/h2>\n<p>Kutu S\u0131k\u0131\u015ft\u0131rma Test Cihaz\u0131, \u00f6nde gelen uluslararas\u0131 standartlara uyacak \u015fekilde \u00fcretilmi\u015ftir ve testlerin tutarl\u0131 bir \u015fekilde ve yayg\u0131n olarak tan\u0131nan end\u00fcstri spesifikasyonlar\u0131na g\u00f6re yap\u0131lmas\u0131n\u0131 sa\u011flar. Bu standartlara ba\u011fl\u0131l\u0131k, \u00fcreticilerin birden fazla pazarda d\u00fczenleyici ve m\u00fc\u015fteri gereksinimlerini kar\u015f\u0131lamas\u0131n\u0131 kolayla\u015ft\u0131r\u0131r.<\/p>\n<ul>\n<li>\n<h3><strong>ISO Standartlar\u0131<\/strong><\/h3>\n<ul>\n<li><strong>ISO 2234<\/strong>: Ambalaj\u0131n uzun vadeli y\u00fcklere kar\u015f\u0131 dayan\u0131kl\u0131l\u0131\u011f\u0131n\u0131 de\u011ferlendirmek i\u00e7in gerekli olan istifleme ve s\u0131k\u0131\u015ft\u0131rma testleri i\u00e7in y\u00f6ntemleri tan\u0131mlar.<\/li>\n<li><strong>ISO 12048<\/strong>: Bir ambalaj\u0131n istifleme g\u00fcc\u00fcn\u00fc ve depolama ve ta\u015f\u0131ma s\u0131ras\u0131nda y\u00fcke kar\u015f\u0131 direncini test etmek i\u00e7in prosed\u00fcrleri ana hatlar\u0131yla belirtir.<\/li>\n<li><strong>ISO 2874<\/strong>: Bas\u0131n\u00e7 dayan\u0131m\u0131n\u0131n do\u011fru bir \u015fekilde \u00f6l\u00e7\u00fclmesini sa\u011flayan tekli ambalajlar i\u00e7in s\u0131k\u0131\u015ft\u0131rma testi y\u00f6ntemlerini \u00f6zellikle detayland\u0131r\u0131r.<\/li>\n<li><strong>ISO 2872<\/strong>: Bir paketin zaman i\u00e7inde bas\u0131n\u00e7 kuvvetlerine dayanma kabiliyetini de\u011ferlendirerek ger\u00e7ek d\u00fcnya senaryolar\u0131ndaki performans\u0131n\u0131 tahmin eder.<\/li>\n<\/ul>\n<\/li>\n<li>\n<h3><strong>ASTM Standartlar\u0131<\/strong><\/h3>\n<ul>\n<li><strong>ASTM D642<\/strong>: Bu standart, ambalaj malzemelerinin bas\u0131n\u00e7 direncini \u00f6l\u00e7erek transit ambalaj performans\u0131 i\u00e7in bir temel sa\u011flar.<\/li>\n<li><strong>ASTM D4169<\/strong>: Ger\u00e7ek ta\u015f\u0131ma ko\u015fullar\u0131na dayanabilmelerini sa\u011flamak i\u00e7in sim\u00fcle edilmi\u015f da\u011f\u0131t\u0131m ortamlar\u0131nda konteynerlerin s\u0131k\u0131\u015ft\u0131rma testlerine rehberlik eder.<\/li>\n<\/ul>\n<\/li>\n<li>\n<h3><strong>Di\u011fer \u0130lgili Standartlar<\/strong><\/h3>\n<ul>\n<li><strong>TAPPI T804<\/strong>: Oluklu mukavva konteynerlerin s\u0131k\u0131\u015ft\u0131rma mukavemetine odaklan\u0131r, bu da onu \u00f6zellikle nakliye kutusu de\u011ferlendirmesi i\u00e7in uygun hale getirir.<\/li>\n<li><strong>JIS Z0212<\/strong>: Ambalajlar i\u00e7in s\u0131k\u0131\u015ft\u0131rma testlerini detayland\u0131ran bir Japon standard\u0131 olup, s\u0131k\u0131 gereklilikleri nedeniyle end\u00fcstriler aras\u0131nda yayg\u0131n olarak kabul g\u00f6rmektedir.<\/li>\n<\/ul>\n<\/li>\n<\/ul>\n<h2><strong>Kutu S\u0131k\u0131\u015ft\u0131rma Test Cihaz\u0131n\u0131n Teknik Faydalar\u0131<\/strong><\/h2>\n<p>Kutu S\u0131k\u0131\u015ft\u0131rma Test Cihaz\u0131, hassasiyeti, verimlili\u011fi ve kullan\u0131m kolayl\u0131\u011f\u0131n\u0131 en \u00fcst d\u00fczeye \u00e7\u0131karmak i\u00e7in en son teknolojiyi entegre eder. Temel faydalar\u0131 \u015funlard\u0131r:<\/p>\n<ul>\n<li><strong>\u0130leri Teknoloji \u00d6zellikleri<\/strong>: Dokunmatik ekran kullan\u0131m\u0131 basit kullan\u0131c\u0131 etkile\u015fimi sa\u011flarken, mikrobilgisayar i\u015fleme sistemi veri toplama, hesaplama ve sonu\u00e7lar\u0131n ak\u0131ll\u0131ca de\u011ferlendirilmesini otomatikle\u015ftirir.<\/li>\n<li><strong>Geli\u015ftirilmi\u015f Veri Analizi<\/strong>: S\u0131k\u0131\u015ft\u0131rma kuvveti, deformasyon ve e\u011fri g\u00f6rselle\u015ftirmesinin ger\u00e7ek zamanl\u0131 g\u00f6sterimi, kullan\u0131c\u0131lar\u0131n stres alt\u0131ndaki malzeme davran\u0131\u015f\u0131n\u0131 anlamalar\u0131n\u0131 geli\u015ftirir. Yerle\u015fik bir mikro yaz\u0131c\u0131, kolay kay\u0131t tutma ve kalite kontrol takibi sa\u011flar.<\/li>\n<li><strong>S\u0131k\u0131\u015ft\u0131rma Kuvveti Kapasitesi<\/strong>: Hafif ve a\u011f\u0131r hizmet ambalaj malzemelerini test etmek i\u00e7in uygun olan \u00e7ok \u00e7e\u015fitli y\u00fckleri kald\u0131r\u0131r.<\/li>\n<li><strong>Test Alan\u0131 Boyutlar\u0131<\/strong>: \u00c7e\u015fitli boyut ve \u015fekillerdeki ambalajlar\u0131 test etmek i\u00e7in geni\u015f alan sa\u011flar.<\/li>\n<li><strong>Tahrik Sistemi<\/strong>: Senkron motor ve hassas di\u015fli k\u0131lavuz vida sistemi, hassas test sonu\u00e7lar\u0131 i\u00e7in sorunsuz, kontroll\u00fc kuvvet uygulamas\u0131 sa\u011flar.<\/li>\n<\/ul>\n<h2><strong>Ana Parametreler<\/strong><\/h2>\n<table>\n<tbody>\n<tr>\n<td width=\"153\">\u00d6\u011fe<\/td>\n<td width=\"526\">Parametreler<\/td>\n<td width=\"73\"><\/td>\n<\/tr>\n<tr>\n<td width=\"153\">Test Aral\u0131\u011f\u0131<\/td>\n<td width=\"526\">0.25KN, 0.5KN, 1KN, 2KN, 5KN, vb.<\/td>\n<td width=\"73\"><\/td>\n<\/tr>\n<tr>\n<td width=\"153\">\u00c7\u00f6z\u00fcn\u00fcrl\u00fck<\/td>\n<td width=\"526\">0.01N<\/td>\n<td width=\"73\"><\/td>\n<\/tr>\n<tr>\n<td width=\"153\">Deformasyon hatas\u0131<\/td>\n<td width=\"526\">\u2264\u00b11mm<\/td>\n<td width=\"73\"><\/td>\n<\/tr>\n<tr>\n<td width=\"153\">Plaka paralelli\u011fi<\/td>\n<td width=\"526\">\u22641mm<\/td>\n<td width=\"73\"><\/td>\n<\/tr>\n<tr>\n<td width=\"153\">Y\u00fck H\u00fccresi Hatas\u0131<\/td>\n<td width=\"526\">\u00b11%<\/td>\n<td width=\"73\"><\/td>\n<\/tr>\n<tr>\n<td width=\"153\">Test H\u0131z\u0131<\/td>\n<td width=\"526\">5 ~ 300 mm \/ dak<\/td>\n<td width=\"73\"><\/td>\n<\/tr>\n<tr>\n<td width=\"153\">D\u00f6n\u00fc\u015f H\u0131z\u0131<\/td>\n<td width=\"526\">100 mm\/dak<\/td>\n<td width=\"73\"><\/td>\n<\/tr>\n<tr>\n<td width=\"153\">S\u0131k\u0131\u015ft\u0131rma H\u0131z\u0131<\/td>\n<td width=\"526\">10\u00b13mm\/dak<\/td>\n<td width=\"73\"><\/td>\n<\/tr>\n<tr>\n<td width=\"153\">\u0130stifleme H\u0131z\u0131<\/td>\n<td width=\"526\">5\u00b11mm\/dak<\/td>\n<td width=\"73\"><\/td>\n<\/tr>\n<tr>\n<td width=\"153\">Birimler<\/td>\n<td width=\"526\">N\/Lbf \/kgf<\/td>\n<td width=\"73\"><\/td>\n<\/tr>\n<tr>\n<td width=\"153\">Analiz<\/td>\n<td width=\"526\">E\u011fri analizi ve entegre termal bask\u0131 \u00f6zellikli 7 in\u00e7 dokunmatik ekran<\/td>\n<td width=\"73\"><\/td>\n<\/tr>\n<tr>\n<td width=\"153\">\u00c7\u0131kt\u0131<\/td>\n<td width=\"526\">RS232 (iste\u011fe ba\u011fl\u0131)<\/td>\n<td width=\"73\"><\/td>\n<\/tr>\n<tr>\n<td width=\"153\">G\u00fc\u00e7<\/td>\n<td width=\"526\">AC 220V 50Hz<\/td>\n<td width=\"73\"><\/td>\n<\/tr>\n<tr>\n<td width=\"153\">Model<\/td>\n<td width=\"526\">Test Alan\u0131 (mm, LWH)<\/td>\n<td width=\"73\">Y\u00fck (KN)<\/td>\n<\/tr>\n<tr>\n<td width=\"153\">BCT-1500<\/td>\n<td width=\"526\">1500*1500*1500<\/td>\n<td width=\"73\">50<\/td>\n<\/tr>\n<tr>\n<td width=\"153\"><\/td>\n<td width=\"526\">1500*1200*1500<\/td>\n<td width=\"73\"><\/td>\n<\/tr>\n<tr>\n<td width=\"153\">BCT-1200<\/td>\n<td width=\"526\">1200*1200*1200<\/td>\n<td width=\"73\">50<\/td>\n<\/tr>\n<tr>\n<td width=\"153\"><\/td>\n<td width=\"526\">1200*1000*1200<\/td>\n<td width=\"73\"><\/td>\n<\/tr>\n<tr>\n<td width=\"153\">BCT-1000<\/td>\n<td width=\"526\">1000*800*1000<\/td>\n<td width=\"73\">20<\/td>\n<\/tr>\n<tr>\n<td width=\"153\"><\/td>\n<td width=\"526\">1000*1000*1000<\/td>\n<td width=\"73\"><\/td>\n<\/tr>\n<tr>\n<td width=\"153\">BCT-800<\/td>\n<td width=\"526\">800*600*800<\/td>\n<td width=\"73\">20<\/td>\n<\/tr>\n<tr>\n<td width=\"153\"><\/td>\n<td width=\"526\">800*800*800<\/td>\n<td width=\"73\"><\/td>\n<\/tr>\n<tr>\n<td width=\"153\">BCT-600<\/td>\n<td width=\"526\">600*400*600<\/td>\n<td width=\"73\">10<\/td>\n<\/tr>\n<tr>\n<td width=\"153\"><\/td>\n<td width=\"526\">600*600*600<\/td>\n<td width=\"73\"><\/td>\n<\/tr>\n<tr>\n<td width=\"153\">BCT-500<\/td>\n<td width=\"526\">500*500*500<\/td>\n<td width=\"73\">5<\/td>\n<\/tr>\n<\/tbody>\n<\/table>\n<h2><strong>End\u00fcstride Karton Bas\u0131n\u00e7 Dayan\u0131m\u0131 Testinin \u00d6nemi<\/strong><\/h2>\n<p>Bu <strong>karton basin\u00e7 dayanimi testi\u0307<\/strong> ambalaj\u0131n nakliye ve depolama s\u0131ras\u0131nda kar\u015f\u0131la\u015f\u0131lan streslere dayanabilmesini sa\u011flamak i\u00e7in gereklidir. Bu test, \u00fcr\u00fcnler m\u00fc\u015fterilere ula\u015fmadan \u00f6nce zay\u0131fl\u0131klar\u0131 tespit ederek ambalaj ar\u0131zalar\u0131n\u0131 \u00f6nlemeye yard\u0131mc\u0131 olur, \u00fcr\u00fcn hasar\u0131, m\u00fc\u015fteri memnuniyetsizli\u011fi ve mali kay\u0131p riskini azalt\u0131r. \u0130la\u00e7, elektronik ve g\u0131da gibi sekt\u00f6rler, \u00f6zellikle y\u00fcksek de\u011ferli veya bozulabilir \u00fcr\u00fcnler i\u00e7in bas\u0131n\u00e7 dayan\u0131m\u0131 standartlar\u0131n\u0131 anlamak ve kar\u015f\u0131lamaktan b\u00fcy\u00fck fayda sa\u011flar.<\/p>\n<p>Kutu S\u0131k\u0131\u015ft\u0131rma Test Cihaz\u0131, ambalaj mukavemeti ve b\u00fct\u00fcnl\u00fc\u011f\u00fcnde y\u00fcksek standartlar\u0131 korumay\u0131 ama\u00e7layan \u015firketler i\u00e7in g\u00fc\u00e7l\u00fc bir \u00e7\u00f6z\u00fcm sunar. ISO, ASTM, TAPPI ve JIS standartlar\u0131yla uyumlulu\u011fu destekleyen bu test cihaz\u0131, \u00e7e\u015fitli ambalaj malzemeleri ve uygulamalar\u0131nda do\u011fru ve tutarl\u0131 sonu\u00e7lar sa\u011flar. Geli\u015fmi\u015f \u00f6zellikleri ve kullan\u0131c\u0131 odakl\u0131 tasar\u0131m\u0131 ile Kutu S\u0131k\u0131\u015ft\u0131rma Test Cihaz\u0131, ambalajda kalite g\u00fcvencesi i\u00e7in paha bi\u00e7ilmez bir ara\u00e7t\u0131r, \u00fcr\u00fcn g\u00fcvenli\u011fini art\u0131r\u0131r ve operasyonel verimlili\u011fi destekler.<\/p>","protected":false},"excerpt":{"rendered":"<p>Ambalaj dayan\u0131kl\u0131l\u0131\u011f\u0131 ve uluslararas\u0131 standartlara uygunluk sa\u011flayan do\u011fru karton bas\u0131n\u00e7 dayan\u0131m\u0131 testleri i\u00e7in tasarlanm\u0131\u015f Kutu Bas\u0131n\u00e7 Test Cihaz\u0131n\u0131 ke\u015ffedin.<\/p>","protected":false},"featured_media":6235,"comment_status":"closed","ping_status":"closed","template":"","meta":{"site-sidebar-layout":"default","site-content-layout":"default","ast-global-header-display":"","ast-main-header-display":"","ast-hfb-above-header-display":"","ast-hfb-below-header-display":"","ast-hfb-mobile-header-display":"","site-post-title":"","ast-breadcrumbs-content":"","ast-featured-img":"","footer-sml-layout":"","theme-transparent-header-meta":"default","adv-header-id-meta":"","stick-header-meta":"","header-above-stick-meta":"","header-main-stick-meta":"","header-below-stick-meta":""},"product_cat":[964,1069,1068,953,956,955,845,1065,1064,1067,1066,1159,965,954,957,958,952,959,1070,17,44,95],"product_tag":[],"class_list":{"0":"post-5176","1":"product","2":"type-product","3":"status-publish","4":"has-post-thumbnail","6":"product_cat-box-compression-tester","7":"product_cat-astm-d4169","8":"product_cat-astm-d642","9":"product_cat-bursting-tester","10":"product_cat-cobb-tester","11":"product_cat-crush-tester","12":"product_cat-customization","13":"product_cat-iso-12048","14":"product_cat-iso-2234","15":"product_cat-iso-2872","16":"product_cat-iso-2874","17":"product_cat-jis-z0212","18":"product_cat-package-compression-tester","19":"product_cat-paper-tear-tester","20":"product_cat-plybond-tester","21":"product_cat-puncture-tester","22":"product_cat-rub-tester","23":"product_cat-stiffness-tester","24":"product_cat-tappi-t804","25":"product_cat-package-container-testers","26":"product_cat-paper-and-board-testers","27":"product_cat-products","28":"desktop-align-left","29":"tablet-align-left","30":"mobile-align-left","32":"first","33":"instock","34":"shipping-taxable","35":"product-type-simple"},"_links":{"self":[{"href":"https:\/\/www.qualitester.com\/tr\/wp-json\/wp\/v2\/product\/5176","targetHints":{"allow":["GET"]}}],"collection":[{"href":"https:\/\/www.qualitester.com\/tr\/wp-json\/wp\/v2\/product"}],"about":[{"href":"https:\/\/www.qualitester.com\/tr\/wp-json\/wp\/v2\/types\/product"}],"replies":[{"embeddable":true,"href":"https:\/\/www.qualitester.com\/tr\/wp-json\/wp\/v2\/comments?post=5176"}],"version-history":[{"count":0,"href":"https:\/\/www.qualitester.com\/tr\/wp-json\/wp\/v2\/product\/5176\/revisions"}],"wp:featuredmedia":[{"embeddable":true,"href":"https:\/\/www.qualitester.com\/tr\/wp-json\/wp\/v2\/media\/6235"}],"wp:attachment":[{"href":"https:\/\/www.qualitester.com\/tr\/wp-json\/wp\/v2\/media?parent=5176"}],"wp:term":[{"taxonomy":"product_cat","embeddable":true,"href":"https:\/\/www.qualitester.com\/tr\/wp-json\/wp\/v2\/product_cat?post=5176"},{"taxonomy":"product_tag","embeddable":true,"href":"https:\/\/www.qualitester.com\/tr\/wp-json\/wp\/v2\/product_tag?post=5176"}],"curies":[{"name":"wp","href":"https:\/\/api.w.org\/{rel}","templated":true}]}}