{"id":5167,"date":"2024-10-31T13:16:34","date_gmt":"2024-10-31T05:16:34","guid":{"rendered":"https:\/\/www.qualitester.com\/?post_type=product&#038;p=5167"},"modified":"2024-12-05T09:33:56","modified_gmt":"2024-12-05T01:33:56","slug":"sale-non-destructive-leak-testing-equipment","status":"publish","type":"product","link":"https:\/\/www.qualitester.com\/tr\/urun\/sale-non-destructive-leak-testing-equipment\/","title":{"rendered":"MLT-01 Mikro Ka\u00e7ak Test Cihaz\u0131"},"content":{"rendered":"<h2>Giri\u015f<\/h2>\n<p>G\u00fcn\u00fcm\u00fcz\u00fcn rekabet\u00e7i pazar\u0131nda, ambalaj b\u00fct\u00fcnl\u00fc\u011f\u00fcn\u00fcn sa\u011flanmas\u0131, \u00fcr\u00fcn kalitesinin ve t\u00fcketici g\u00fcvenli\u011finin korunmas\u0131 i\u00e7in \u00e7ok \u00f6nemlidir. Tahribats\u0131z s\u0131z\u0131nt\u0131 testi ekipman\u0131 bu hedefe ula\u015fmada hayati bir rol oynamaktad\u0131r. MLT-01 Mikro Ka\u00e7ak Test Cihaz\u0131, g\u00f6zeneksiz, sert veya esnek ambalajlar i\u00e7in do\u011fru ve g\u00fcvenilir ka\u00e7ak tespiti sa\u011flamak \u00fczere tasarlanm\u0131\u015ft\u0131r ve ila\u00e7, g\u0131da ambalaj\u0131 ve t\u0131bbi cihazlar dahil olmak \u00fczere \u00e7e\u015fitli sekt\u00f6rlerde \u00f6nemli bir ara\u00e7t\u0131r.<\/p>\n<h2>ASTM F2338'i Anlamak<\/h2>\n<h3>Nedir bu? <a href=\"https:\/\/www.astm.org\/f2338-09r20.html\" target=\"_blank\" rel=\"noopener nofollow\">ASTM F2338<\/a>?<\/h3>\n<p><a href=\"https:\/\/www.qualitester.com\/tr\/urun-kategori\/astm\/astm-d2338\/\">ASTM F2338<\/a> tahribats\u0131z s\u0131z\u0131nt\u0131 testi yoluyla kapal\u0131 ambalajlar\u0131n b\u00fct\u00fcnl\u00fc\u011f\u00fcn\u00fc de\u011ferlendirmek i\u00e7in test y\u00f6ntemlerini \u00f6zetleyen kritik bir standartt\u0131r. Bu standart, \u00f6zellikle d\u00fczenlemeye tabi sekt\u00f6rlerde \u00fcr\u00fcnlerin kat\u0131 kalite ve g\u00fcvenlik kriterlerini kar\u015f\u0131lamas\u0131n\u0131 sa\u011flar. ASTM F2338'de tan\u0131mlanan y\u00f6ntemler, \u00fcr\u00fcn b\u00fct\u00fcnl\u00fc\u011f\u00fcn\u00fc tehlikeye atabilecek ve \u00f6nemli mali kay\u0131plara yol a\u00e7abilecek potansiyel s\u0131z\u0131nt\u0131lar\u0131 tespit etmek i\u00e7in \u00e7ok \u00f6nemlidir.<\/p>\n<h3>ASTM F2338 Taraf\u0131ndan Tan\u0131mlanan Test Y\u00f6ntemleri<\/h3>\n<p>ASTM F2338 standard\u0131, vakum bozunma y\u00f6ntemine odaklanarak s\u0131z\u0131nt\u0131lar\u0131 tespit etmek i\u00e7in \u00e7e\u015fitli y\u00f6ntemler i\u00e7erir. Bu yakla\u015f\u0131m, test paketine negatif bir bas\u0131n\u00e7 uygulanmas\u0131n\u0131 ve bir s\u0131z\u0131nt\u0131ya i\u015faret eden herhangi bir bas\u0131n\u00e7 art\u0131\u015f\u0131n\u0131n izlenmesini i\u00e7erir. Di\u011fer s\u0131z\u0131nt\u0131 testi y\u00f6ntemleriyle kar\u015f\u0131la\u015ft\u0131r\u0131ld\u0131\u011f\u0131nda, vakum bozunma y\u00f6ntemi son derece hassas ve etkilidir, bu da onu \u00e7e\u015fitli uygulamalar i\u00e7in uygun hale getirir.<\/p>\n<h2>MLT-01 Mikro Ka\u00e7ak Test Cihaz\u0131<\/h2>\n<h3>Sistem A\u00e7\u0131klamas\u0131<\/h3>\n<p>MLT-01 Mikro Ka\u00e7ak Test Cihaz\u0131, bir test odas\u0131n\u0131 y\u00fcksek \u00e7\u00f6z\u00fcn\u00fcrl\u00fckl\u00fc bir bas\u0131n\u00e7 sens\u00f6r\u00fcne ve harici bir vakum kayna\u011f\u0131na ba\u011flayan bir kanallar ve valfler a\u011f\u0131na sahip sofistike bir tasar\u0131m kullan\u0131r. Sistem, sezgisel \u00e7al\u0131\u015fmaya olanak tan\u0131yan bir PLC kontrol \u00fcnitesi ve bir HMI dokunmatik ekran ile donat\u0131lm\u0131\u015ft\u0131r. Harici bir gaz ak\u0131\u015f \u00f6l\u00e7er optimum sistem performans\u0131 sa\u011flarken, \u00f6zel olarak tasarlanm\u0131\u015f test odas\u0131 test paketini g\u00fcvenli bir \u015fekilde \u00e7evreler ve gerekti\u011finde hareketi veya geni\u015flemeyi k\u0131s\u0131tlamak i\u00e7in tak\u0131mlar i\u00e7erebilir.<\/p>\n<h3>Test S\u00fcreci<\/h3>\n<p>MLT-01 Mikro Ka\u00e7ak Test Cihaz\u0131 ile test s\u00fcreci d\u00f6rt ana a\u015famadan olu\u015fur:<\/p>\n<ol>\n<li><strong>DOLDURMA A\u015famas\u0131<\/strong>: Numuneyi hazneye sabitleyin ve kontroll\u00fc bir ortam olu\u015fturmak i\u00e7in negatif bas\u0131n\u00e7 uygulay\u0131n.<\/li>\n<li><strong>SETTLE A\u015famas\u0131<\/strong>: Sistemin, negatif bas\u0131n\u00e7 alt\u0131nda olu\u015fabilecek herhangi bir bile\u015fen esnemesi veya esnemesini kar\u015f\u0131lamas\u0131na izin verin.<\/li>\n<li><strong>TEST A\u015famas\u0131<\/strong>: Bu a\u015fama s\u0131ras\u0131nda herhangi bir bas\u0131n\u00e7 art\u0131\u015f\u0131n\u0131 \u00f6l\u00e7\u00fcn. \u00d6nemli bir de\u011fi\u015fiklik bir s\u0131z\u0131nt\u0131n\u0131n varl\u0131\u011f\u0131na i\u015faret eder.<\/li>\n<li><strong>HAVALANDIRMA A\u015famas\u0131<\/strong>: Kalan negatif bas\u0131nc\u0131 atmosfere b\u0131rak\u0131n ve sonu\u00e7lar\u0131 de\u011ferlendirin. Numune belirtilen aral\u0131kta kal\u0131rsa GE\u00c7ER; aksi takdirde BA\u015eARISIZ olur.<\/li>\n<\/ol>\n<h3>Teknik \u00d6zellikler<\/h3>\n<ul>\n<li><strong>PLC Sisteminin \u00c7al\u0131\u015fmas\u0131<\/strong>: Sistem, daha fazla g\u00fcvenilirlik i\u00e7in programlanabilir bir mant\u0131k denetleyicisi (PLC) arac\u0131l\u0131\u011f\u0131yla \u00e7al\u0131\u015ft\u0131r\u0131l\u0131r.<\/li>\n<li><strong>\u00d6zelle\u015ftirilebilir B\u00f6lme Boyutlar\u0131<\/strong>: \u00c7e\u015fitli paket boyutlar\u0131na uyum sa\u011flamak i\u00e7in \u00f6zel boyutlar mevcuttur.<\/li>\n<li><strong>Y\u00fcksek Hassasiyet<\/strong>: MLT-01, 1-3 \u03bcm aral\u0131\u011f\u0131ndaki k\u00fc\u00e7\u00fck s\u0131z\u0131nt\u0131lar\u0131 tespit edebilen ola\u011fan\u00fcst\u00fc bir hassasiyet sergiler.<\/li>\n<li><strong>Etkin S\u0131z\u0131nt\u0131 Oran\u0131 Hesaplamas\u0131<\/strong>: Test cihaz\u0131, s\u0131z\u0131nt\u0131 oran\u0131n\u0131 do\u011fru bir \u015fekilde hesaplayarak kalite g\u00fcvencesi i\u00e7in kritik veriler sa\u011flar.<\/li>\n<li><strong>Verimli Test Y\u00f6ntemi<\/strong>: MLT-01 test s\u00fcrecini kolayla\u015ft\u0131rarak ka\u00e7ak tespitine basit bir yakla\u015f\u0131m sunar.<\/li>\n<\/ul>\n<h2>Uygulamalar ve Faydalar<\/h2>\n<p>MLT-01 Mikro S\u0131z\u0131nt\u0131 Test Cihaz\u0131, ila\u00e7, yiyecek ve i\u00e7ecek, t\u0131bbi cihazlar ve ambalaj dahil olmak \u00fczere \u00e7e\u015fitli end\u00fcstriler i\u00e7in idealdir. Tahribats\u0131z test yetenekleri, \u00fcretim s\u00fcreci boyunca \u00fcr\u00fcn b\u00fct\u00fcnl\u00fc\u011f\u00fcn\u00fcn korunmas\u0131n\u0131 sa\u011flar. \u015eirketler bu geli\u015fmi\u015f s\u0131z\u0131nt\u0131 test ekipman\u0131n\u0131 kullanarak maliyetli geri \u00e7a\u011f\u0131rmalar\u0131 \u00f6nleyebilir, \u00fcr\u00fcn g\u00fcvenli\u011fini art\u0131rabilir ve yasal gerekliliklere uyabilir.<\/p>\n<p>MLT-01 Mikro Ka\u00e7ak Test Cihaz\u0131 gibi tahribats\u0131z ka\u00e7ak test ekipmanlar\u0131, \u00fcr\u00fcn kalitesini korumak ve t\u00fcketici g\u00fcvenli\u011fini sa\u011flamak i\u00e7in gereklidir. ASTM F2338 standartlar\u0131na uyumu ve yenilik\u00e7i tasar\u0131m\u0131 ile MLT-01, \u00fcreticilere ka\u00e7ak tespiti i\u00e7in g\u00fcvenilir bir \u00e7\u00f6z\u00fcm sunar. Kalite g\u00fcvence s\u00fcre\u00e7lerinizi geli\u015ftirmek ve \u00fcr\u00fcnlerinizi korumak i\u00e7in MLT-01'e bug\u00fcn yat\u0131r\u0131m yap\u0131n.<\/p>\n<h2>SSS B\u00f6l\u00fcm\u00fc<\/h2>\n<ol>\n<li><strong>MLT-01 Mikro Ka\u00e7ak Test Cihaz\u0131 i\u00e7in tipik test s\u00fcresi nedir?<\/strong>\n<ul>\n<li>Test s\u00fcreleri, paket boyutuna ve gereken s\u0131z\u0131nt\u0131 hassasiyetine ba\u011fl\u0131 olarak tipik olarak birka\u00e7 saniye ile birka\u00e7 dakika aras\u0131nda de\u011fi\u015fir.<\/li>\n<\/ul>\n<\/li>\n<li><strong>MLT-01 s\u0131z\u0131nt\u0131lar\u0131 tespit etmede ne kadar hassast\u0131r?<\/strong>\n<ul>\n<li>MLT-01 1-3 \u03bcm aral\u0131\u011f\u0131ndaki k\u00fc\u00e7\u00fck s\u0131z\u0131nt\u0131lar\u0131 tespit edebilir, bu da onu kalite g\u00fcvencesi i\u00e7in olduk\u00e7a etkili k\u0131lar.<\/li>\n<\/ul>\n<\/li>\n<li><strong>MLT-01'in hazne boyutu \u00f6zelle\u015ftirilebilir mi?<\/strong>\n<ul>\n<li>Evet, MLT-01 \u00e7e\u015fitli paket boyutlar\u0131n\u0131 ve test gereksinimlerini kar\u015f\u0131lamak i\u00e7in \u00f6zel oda boyutlar\u0131 sunar.<\/li>\n<\/ul>\n<\/li>\n<li><strong>MLT-01 i\u00e7in hangi g\u00fc\u00e7 kayna\u011f\u0131 gereklidir?<\/strong>\n<ul>\n<li>MLT-01, 50Hz'de 110-220V AC g\u00fc\u00e7 kayna\u011f\u0131 ile \u00e7al\u0131\u015f\u0131r.<\/li>\n<\/ul>\n<\/li>\n<li><strong>Vakum \u00e7\u00fcr\u00fctme y\u00f6ntemi di\u011fer ka\u00e7ak testi y\u00f6ntemlerine k\u0131yasla nas\u0131ld\u0131r?<\/strong>\n<ul>\n<li>Vakum \u00e7\u00fcr\u00fctme y\u00f6ntemi genellikle di\u011fer y\u00f6ntemlerden daha hassas ve etkilidir, bu da onu g\u00f6zeneksiz ambalajlardaki s\u0131z\u0131nt\u0131lar\u0131 onlara zarar vermeden tespit etmek i\u00e7in ideal k\u0131lar.<\/li>\n<\/ul>\n<\/li>\n<\/ol>","protected":false},"excerpt":{"rendered":"<p>MLT-01 Mikro Ka\u00e7ak Test Cihaz\u0131 gibi tahribats\u0131z ka\u00e7ak test ekipmanlar\u0131, \u00fcr\u00fcn kalitesini korumak ve t\u00fcketici g\u00fcvenli\u011fini sa\u011flamak i\u00e7in gereklidir. ASTM F2338 standartlar\u0131na uyumu ve yenilik\u00e7i tasar\u0131m\u0131 ile MLT-01, \u00fcreticilere ka\u00e7ak tespiti i\u00e7in g\u00fcvenilir bir \u00e7\u00f6z\u00fcm sunar. Kalite g\u00fcvence s\u00fcre\u00e7lerinizi geli\u015ftirmek ve \u00fcr\u00fcnlerinizi korumak i\u00e7in MLT-01'e bug\u00fcn yat\u0131r\u0131m yap\u0131n.<\/p>","protected":false},"featured_media":6153,"comment_status":"closed","ping_status":"closed","template":"","meta":{"site-sidebar-layout":"default","site-content-layout":"default","ast-global-header-display":"","ast-main-header-display":"","ast-hfb-above-header-display":"","ast-hfb-below-header-display":"","ast-hfb-mobile-header-display":"","site-post-title":"","ast-breadcrumbs-content":"","ast-featured-img":"","footer-sml-layout":"","theme-transparent-header-meta":"default","adv-header-id-meta":"","stick-header-meta":"","header-above-stick-meta":"","header-main-stick-meta":"","header-below-stick-meta":""},"product_cat":[845,953,956,955,954,957,958,952,959,144,95],"product_tag":[],"class_list":{"0":"post-5167","1":"product","2":"type-product","3":"status-publish","4":"has-post-thumbnail","6":"product_cat-customization","7":"product_cat-bursting-tester","8":"product_cat-cobb-tester","9":"product_cat-crush-tester","10":"product_cat-paper-tear-tester","11":"product_cat-plybond-tester","12":"product_cat-puncture-tester","13":"product_cat-rub-tester","14":"product_cat-stiffness-tester","15":"product_cat-astm-f2338","16":"product_cat-products","17":"desktop-align-left","18":"tablet-align-left","19":"mobile-align-left","21":"first","22":"instock","23":"shipping-taxable","24":"product-type-simple"},"_links":{"self":[{"href":"https:\/\/www.qualitester.com\/tr\/wp-json\/wp\/v2\/product\/5167","targetHints":{"allow":["GET"]}}],"collection":[{"href":"https:\/\/www.qualitester.com\/tr\/wp-json\/wp\/v2\/product"}],"about":[{"href":"https:\/\/www.qualitester.com\/tr\/wp-json\/wp\/v2\/types\/product"}],"replies":[{"embeddable":true,"href":"https:\/\/www.qualitester.com\/tr\/wp-json\/wp\/v2\/comments?post=5167"}],"version-history":[{"count":0,"href":"https:\/\/www.qualitester.com\/tr\/wp-json\/wp\/v2\/product\/5167\/revisions"}],"wp:featuredmedia":[{"embeddable":true,"href":"https:\/\/www.qualitester.com\/tr\/wp-json\/wp\/v2\/media\/6153"}],"wp:attachment":[{"href":"https:\/\/www.qualitester.com\/tr\/wp-json\/wp\/v2\/media?parent=5167"}],"wp:term":[{"taxonomy":"product_cat","embeddable":true,"href":"https:\/\/www.qualitester.com\/tr\/wp-json\/wp\/v2\/product_cat?post=5167"},{"taxonomy":"product_tag","embeddable":true,"href":"https:\/\/www.qualitester.com\/tr\/wp-json\/wp\/v2\/product_tag?post=5167"}],"curies":[{"name":"wp","href":"https:\/\/api.w.org\/{rel}","templated":true}]}}