{"id":5149,"date":"2024-10-31T11:42:15","date_gmt":"2024-10-31T03:42:15","guid":{"rendered":"https:\/\/www.qualitester.com\/?post_type=product&#038;p=5149"},"modified":"2024-12-04T16:20:18","modified_gmt":"2024-12-04T08:20:18","slug":"sale-film-friction-peel-tester","status":"publish","type":"product","link":"https:\/\/www.qualitester.com\/tr\/urun\/sale-film-friction-peel-tester\/","title":{"rendered":"FPT-01 Film S\u00fcrt\u00fcnme\/Peel Test Cihaz\u0131"},"content":{"rendered":"<h2>Film S\u00fcrt\u00fcnme\/Peel Test Cihaz\u0131n\u0131n Tan\u0131t\u0131m\u0131<\/h2>\n<p>Film S\u00fcrt\u00fcnme\/Soyulma Test Cihaz\u0131, geni\u015f bir malzeme yelpazesinde s\u00fcrt\u00fcnme ve soyulma direncinin hassas \u00f6l\u00e7\u00fcm\u00fc i\u00e7in tasarlanm\u0131\u015f geli\u015fmi\u015f bir cihazd\u0131r. Ambalaj, t\u0131bbi cihazlar, ila\u00e7 ve tekstil gibi sekt\u00f6rleri kapsayan uygulamalar\u0131yla bu \u00e7ok y\u00f6nl\u00fc cihaz, kalite kontrol, \u00fcr\u00fcn geli\u015ftirme ve ara\u015ft\u0131rmada \u00f6nemli bir rol oynamaktad\u0131r.<\/p>\n<h2>Film S\u00fcrt\u00fcnme\/Soyulma Test Cihaz\u0131n\u0131n Temel \u00d6zellikleri<\/h2>\n<h3>COF Testi<\/h3>\n<p>Bu test cihaz\u0131, malzeme etkile\u015fimlerini anlamak i\u00e7in gerekli olan hem statik hem de kinetik s\u00fcrt\u00fcnme katsay\u0131lar\u0131n\u0131 do\u011fru bir \u015fekilde \u00f6l\u00e7er.<\/p>\n<h3>Peel Testi<\/h3>\n<p>Ayr\u0131ca, ay\u0131rma ka\u011f\u0131tlar\u0131, yap\u0131\u015fkan bantlar ve koruyucu filmler dahil olmak \u00fczere \u00e7e\u015fitli malzemeler \u00fczerinde hassas soyma kuvveti testleri ger\u00e7ekle\u015ftirir.<\/p>\n<h2>Teknik \u00d6zellikler<\/h2>\n<ul>\n<li>Sistem Tasar\u0131m\u0131: Test cihaz\u0131, g\u00fcvenli \u00e7al\u0131\u015fmay\u0131 sa\u011flayan koruyucu kapakl\u0131 sabit bir y\u00fck h\u00fccresi konumu i\u00e7erir. K\u0131zak mekanizmas\u0131, numunelerin g\u00fcvenli bir \u015fekilde kenetlendi\u011fi ve ay\u0131rma s\u0131ras\u0131nda soyulma kuvvetlerinin kaydedildi\u011fi do\u011fru testi kolayla\u015ft\u0131r\u0131r.<\/li>\n<li>Kullan\u0131c\u0131 Dostu Aray\u00fcz: PLC kontroll\u00fc bir sisteme sahip olan Film S\u00fcrt\u00fcnme\/Peel Test Cihaz\u0131, sezgisel bir HMI dokunmatik ekran arac\u0131l\u0131\u011f\u0131yla \u00e7al\u0131\u015f\u0131r ve kullan\u0131c\u0131lar\u0131n gezinmesini ve \u00e7al\u0131\u015ft\u0131rmas\u0131n\u0131 kolayla\u015ft\u0131r\u0131r.<\/li>\n<\/ul>\n<h3>Ana Parametre<\/h3>\n<table>\n<tbody>\n<tr>\n<td width=\"156\">Kuvvet Aral\u0131\u011f\u0131<\/td>\n<td width=\"152\">5 N (veya gerekti\u011fi kadar)<\/td>\n<\/tr>\n<tr>\n<td width=\"156\">Do\u011fruluk<\/td>\n<td width=\"152\">\u00b10,5%<\/td>\n<\/tr>\n<tr>\n<td width=\"156\">\u00c7\u00f6z\u00fcn\u00fcrl\u00fck<\/td>\n<td width=\"152\">0.001N<\/td>\n<\/tr>\n<tr>\n<td width=\"156\">Deplasman Aral\u0131\u011f\u0131<\/td>\n<td width=\"152\">0,1 ~ 95 mm<\/td>\n<\/tr>\n<tr>\n<td width=\"156\">Do\u011fruluk<\/td>\n<td width=\"152\">\u00b10,1 mm<\/td>\n<\/tr>\n<tr>\n<td width=\"156\">S\u0131cakl\u0131k Aral\u0131\u011f\u0131<\/td>\n<td width=\"152\">Ortam ~ 210\u00b0C<\/td>\n<\/tr>\n<tr>\n<td width=\"156\">Do\u011fruluk<\/td>\n<td width=\"152\">\u00b10.5\u00b0C<\/td>\n<\/tr>\n<tr>\n<td width=\"156\">Numune Say\u0131s\u0131<\/td>\n<td width=\"152\">2<\/td>\n<\/tr>\n<tr>\n<td width=\"156\">\u00d6rneklem b\u00fcy\u00fckl\u00fc\u011f\u00fc<\/td>\n<td width=\"152\">110*15 mm, L*W<\/td>\n<\/tr>\n<tr>\n<td width=\"156\">G\u00fc\u00e7 Kayna\u011f\u0131<\/td>\n<td width=\"152\">220V 50Hz<\/td>\n<\/tr>\n<\/tbody>\n<\/table>\n<h2>End\u00fcstri Standartlar\u0131na Uygunluk<\/h2>\n<ul>\n<li><a href=\"https:\/\/www.astm.org\/d1894-14.html\" target=\"_blank\" rel=\"noopener nofollow\"><strong>ASTM D1894<\/strong><\/a>: Plastikler i\u00e7in S\u00fcrt\u00fcnme Katsay\u0131s\u0131<\/li>\n<li><strong>ASTM D3330<\/strong>: Bas\u0131nca Duyarl\u0131 Bant i\u00e7in Soyulma Yap\u0131\u015fmas\u0131 (180\u00b0)<\/li>\n<li><strong>ISO 8295<\/strong>: Plastikler i\u00e7in S\u00fcrt\u00fcnme Katsay\u0131s\u0131, \u00fcretimde malzeme kalitesinin sa\u011flanmas\u0131.<\/li>\n<li><strong>TAPPI T816<\/strong>: Oluklu Mukavva ve Karton i\u00e7in S\u00fcrt\u00fcnme Katsay\u0131s\u0131.<\/li>\n<li><strong>TAPPI T549<\/strong>: Kaplanmam\u0131\u015f Yaz\u0131 ve Bask\u0131 Ka\u011f\u0131d\u0131 i\u00e7in S\u00fcrt\u00fcnme Katsay\u0131s\u0131.<\/li>\n<\/ul>\n<h2>Film S\u00fcrt\u00fcnme\/Peel Test Cihaz\u0131 Uygulamalar\u0131<\/h2>\n<p>Film S\u00fcrt\u00fcnme\/Soyulma Test Cihaz\u0131, a\u015fa\u011f\u0131dakiler de dahil olmak \u00fczere \u00e7e\u015fitli sekt\u00f6rlerde kullan\u0131lmaktad\u0131r:<\/p>\n<ol>\n<li><strong>Paketleme<\/strong>: Ambalaj malzemelerinin performans standartlar\u0131n\u0131 kar\u015f\u0131lamas\u0131n\u0131 sa\u011flamak.<\/li>\n<li><strong>Yap\u0131\u015fkan<\/strong>: Yap\u0131\u015ft\u0131r\u0131c\u0131lar\u0131n ve bariyer malzemelerinin g\u00fcvenilirlik a\u00e7\u0131s\u0131ndan test edilmesi.<\/li>\n<li><strong>G\u0131da End\u00fcstrisi<\/strong>: G\u00fcvenlik ve kalite i\u00e7in s\u0131zd\u0131rmazl\u0131k mukavemetinin ve malzeme etkile\u015fiminin de\u011ferlendirilmesi.<\/li>\n<li><strong>Tekstil<\/strong> <strong>ve T\u00fcketici<\/strong> <strong>Mallar<\/strong>: \u00dcr\u00fcn dayan\u0131kl\u0131l\u0131\u011f\u0131n\u0131 ve i\u015flevselli\u011fini art\u0131rmak i\u00e7in malzeme \u00f6zelliklerinin de\u011ferlendirilmesi.<\/li>\n<\/ol>\n<h2>Film S\u00fcrt\u00fcnme\/Peel Test Cihaz\u0131n\u0131n Avantajlar\u0131<\/h2>\n<ul>\n<li><strong>Geli\u015ftirilmi\u015f \u00dcr\u00fcn Performans\u0131<\/strong>: S\u00fcrt\u00fcnme ve soyulma mukavemetini do\u011fru bir \u015fekilde \u00f6l\u00e7erek, \u00fcreticiler \u00fcr\u00fcn kalitesini ve dayan\u0131kl\u0131l\u0131\u011f\u0131n\u0131 art\u0131rabilir.<\/li>\n<li><strong>Ger\u00e7ek Zamanl\u0131 Veri Analizi<\/strong>: Sistem, kolay yorumlama i\u00e7in verilerin grafiksel g\u00f6sterimleri de dahil olmak \u00fczere an\u0131nda sonu\u00e7lar sa\u011flar.<\/li>\n<li><strong>Geli\u015fmi\u015f \u00d6zellikler<\/strong>: Ek i\u015flevler aras\u0131nda entegre bask\u0131 ve kapsaml\u0131 veri y\u00f6netimi i\u00e7in iste\u011fe ba\u011fl\u0131 yaz\u0131l\u0131m yer al\u0131r.<\/li>\n<\/ul>\n<p>Bu <strong><a href=\"https:\/\/www.qualitester.com\/tr\/urun\/coefficient-of-friction-tester-cof-01\/\" target=\"_blank\" rel=\"noopener\">Film S\u00fcrt\u00fcnmesi<\/a>\/Peel Tester<\/strong> malzeme kalitesine ve end\u00fcstri standartlar\u0131na uygunlu\u011fa odaklanan t\u00fcm kurulu\u015flar i\u00e7in \u00f6nemli bir ara\u00e7t\u0131r. Bu test cihaz\u0131, hassas \u00f6l\u00e7\u00fcmler sunarak ve tan\u0131nm\u0131\u015f test protokollerine ba\u011fl\u0131 kalarak, \u00fcreticileri optimum \u00fcr\u00fcn performans\u0131na ula\u015fma konusunda destekler. Malzemelerinizin en y\u00fcksek kalite standartlar\u0131n\u0131 kar\u015f\u0131lad\u0131\u011f\u0131ndan emin olmak i\u00e7in Film S\u00fcrt\u00fcnme\/Soyulma Test Cihaz\u0131n\u0131n \u00f6zelliklerini bug\u00fcn ke\u015ffedin.<\/p>\n<h2>\u0130lgili \u00dcr\u00fcnler<\/h2>\n<blockquote class=\"wp-embedded-content\" data-secret=\"hdCaSFydsl\"><p><a href=\"https:\/\/www.qualitester.com\/tr\/urun\/coefficient-of-friction-tester-cof-01\/\">COF-01 S\u00fcrt\u00fcnme Katsay\u0131s\u0131 Test Cihaz\u0131<\/a><\/p><\/blockquote>\n<p><iframe class=\"wp-embedded-content\" sandbox=\"allow-scripts\" security=\"restricted\" style=\"position: absolute; visibility: hidden;\" title=\"\u300a COF-01 Coefficient of Friction Tester \u300b\u2014Material Quality Tester\" src=\"https:\/\/www.qualitester.com\/product\/coefficient-of-friction-tester-cof-01\/embed\/#?secret=KfrAZiIKcT#?secret=hdCaSFydsl\" data-secret=\"hdCaSFydsl\" width=\"500\" height=\"282\" frameborder=\"0\" marginwidth=\"0\" marginheight=\"0\" scrolling=\"no\"><\/iframe><\/p>","protected":false},"excerpt":{"rendered":"<p>Film S\u00fcrt\u00fcnme\/Soyulma Test Cihaz\u0131, geni\u015f bir malzeme yelpazesinde s\u00fcrt\u00fcnme ve soyulma direncinin hassas \u00f6l\u00e7\u00fcm\u00fc i\u00e7in tasarlanm\u0131\u015f geli\u015fmi\u015f bir cihazd\u0131r. Ambalaj, t\u0131bbi cihazlar, ila\u00e7 ve tekstil gibi sekt\u00f6rleri kapsayan uygulamalar\u0131yla bu \u00e7ok y\u00f6nl\u00fc cihaz, kalite kontrol, \u00fcr\u00fcn geli\u015ftirme ve ara\u015ft\u0131rmada \u00f6nemli bir rol oynamaktad\u0131r.<\/p>","protected":false},"featured_media":6139,"comment_status":"closed","ping_status":"closed","template":"","meta":{"site-sidebar-layout":"default","site-content-layout":"default","ast-global-header-display":"","ast-main-header-display":"","ast-hfb-above-header-display":"","ast-hfb-below-header-display":"","ast-hfb-mobile-header-display":"","site-post-title":"","ast-breadcrumbs-content":"","ast-featured-img":"","footer-sml-layout":"","theme-transparent-header-meta":"default","adv-header-id-meta":"","stick-header-meta":"","header-above-stick-meta":"","header-main-stick-meta":"","header-below-stick-meta":""},"product_cat":[945,953,956,955,845,954,957,958,952,959,1063,1062,683,681,106,126,132,170,171,95],"product_tag":[],"class_list":{"0":"post-5149","1":"product","2":"type-product","3":"status-publish","4":"has-post-thumbnail","6":"product_cat-180-peeling-tester","7":"product_cat-bursting-tester","8":"product_cat-cobb-tester","9":"product_cat-crush-tester","10":"product_cat-customization","11":"product_cat-paper-tear-tester","12":"product_cat-plybond-tester","13":"product_cat-puncture-tester","14":"product_cat-rub-tester","15":"product_cat-stiffness-tester","16":"product_cat-tappi-t549","17":"product_cat-tappi-t816","18":"product_cat-coefficient-of-friction-tester","19":"product_cat-peel-tester","20":"product_cat-astm-d1894","21":"product_cat-astm-d3330","22":"product_cat-astm-d4917","23":"product_cat-iso-8295","24":"product_cat-iso-8510-2","25":"product_cat-products","26":"desktop-align-left","27":"tablet-align-left","28":"mobile-align-left","30":"first","31":"instock","32":"shipping-taxable","33":"product-type-simple"},"_links":{"self":[{"href":"https:\/\/www.qualitester.com\/tr\/wp-json\/wp\/v2\/product\/5149","targetHints":{"allow":["GET"]}}],"collection":[{"href":"https:\/\/www.qualitester.com\/tr\/wp-json\/wp\/v2\/product"}],"about":[{"href":"https:\/\/www.qualitester.com\/tr\/wp-json\/wp\/v2\/types\/product"}],"replies":[{"embeddable":true,"href":"https:\/\/www.qualitester.com\/tr\/wp-json\/wp\/v2\/comments?post=5149"}],"version-history":[{"count":0,"href":"https:\/\/www.qualitester.com\/tr\/wp-json\/wp\/v2\/product\/5149\/revisions"}],"wp:featuredmedia":[{"embeddable":true,"href":"https:\/\/www.qualitester.com\/tr\/wp-json\/wp\/v2\/media\/6139"}],"wp:attachment":[{"href":"https:\/\/www.qualitester.com\/tr\/wp-json\/wp\/v2\/media?parent=5149"}],"wp:term":[{"taxonomy":"product_cat","embeddable":true,"href":"https:\/\/www.qualitester.com\/tr\/wp-json\/wp\/v2\/product_cat?post=5149"},{"taxonomy":"product_tag","embeddable":true,"href":"https:\/\/www.qualitester.com\/tr\/wp-json\/wp\/v2\/product_tag?post=5149"}],"curies":[{"name":"wp","href":"https:\/\/api.w.org\/{rel}","templated":true}]}}