{"id":5133,"date":"2024-10-30T17:09:27","date_gmt":"2024-10-30T09:09:27","guid":{"rendered":"https:\/\/www.qualitester.com\/?post_type=product&#038;p=5133"},"modified":"2024-12-06T09:53:47","modified_gmt":"2024-12-06T01:53:47","slug":"sale-medical-device-packaging-testing-machine","status":"publish","type":"product","link":"https:\/\/www.qualitester.com\/tr\/urun\/sale-medical-device-packaging-testing-machine\/","title":{"rendered":"MPT-01 T\u0131bbi Ambalaj Test Cihaz\u0131"},"content":{"rendered":"<h2><strong>Giri\u015f<\/strong><\/h2>\n<p>Bu <strong>T\u0131bbi Cihaz Paketleme Test Cihaz\u0131<\/strong> t\u0131bbi cihazlar ve farmas\u00f6tik \u00fcr\u00fcnler i\u00e7in ambalaj malzemelerinin mekanik \u00f6zelliklerini de\u011ferlendirmek \u00fczere tasarlanm\u0131\u015f, t\u0131p ve ila\u00e7 end\u00fcstrilerinde \u00f6nemli bir ara\u00e7t\u0131r. Bu makine, ambalaj\u0131n b\u00fct\u00fcnl\u00fc\u011f\u00fcn\u00fc ve g\u00fcvenli\u011fini sa\u011flamada kritik bir rol oynar ve \u00fcreticilerin kat\u0131 d\u00fczenleyici standartlara uymas\u0131na yard\u0131mc\u0131 olur.<\/p>\n<h2><strong>Uygulamalar<\/strong><\/h2>\n<p>Bu \u00e7ok y\u00f6nl\u00fc makine, polimerler, torbalar, ampuller, kau\u00e7uk t\u0131palar, \u015f\u0131r\u0131ngalar ve i\u011fneler dahil olmak \u00fczere t\u0131bbi ambalajlamada yayg\u0131n olarak kullan\u0131lan \u00e7ok \u00e7e\u015fitli malzemeleri test edebilir. T\u0131bbi Cihaz Ambalaj Test Cihaz\u0131, bu malzemeleri de\u011ferlendirerek ambalaj\u0131n nakliye ve depolama s\u0131ras\u0131nda \u00e7e\u015fitli ko\u015fullara dayanabilmesini garanti etmeye yard\u0131mc\u0131 olur.<\/p>\n<h2><strong>Test Y\u00f6ntemleri<\/strong><\/h2>\n<p>T\u0131bbi Cihaz Ambalaj Test Cihaz\u0131, ambalaj malzemelerinin kalitesini sa\u011flamak i\u00e7in \u00e7e\u015fitli \u00f6nemli testler ger\u00e7ekle\u015ftirir:<\/p>\n<ul>\n<li><strong>\u00c7ekme Testleri:<\/strong> Malzemeleri birbirinden ay\u0131rmak i\u00e7in gereken kuvveti \u00f6l\u00e7\u00fcn.<\/li>\n<li><strong>S\u0131k\u0131\u015ft\u0131rma Testleri:<\/strong> Ambalaj\u0131n d\u0131\u015f bas\u0131nca dayanma kabiliyetini de\u011ferlendirin.<\/li>\n<li><strong>G\u00f6zya\u015f\u0131 Testleri:<\/strong> Malzemelerin y\u0131rt\u0131lmaya kar\u015f\u0131 direncini de\u011ferlendirin.<\/li>\n<li><strong>A\u00e7\u0131l\u0131\u015f G\u00fcc\u00fc Testleri:<\/strong> Kapal\u0131 ambalaj\u0131 a\u00e7mak i\u00e7in gereken kuvveti belirleyin.<\/li>\n<li><strong>S\u0131zma Testleri:<\/strong> Kau\u00e7uk t\u0131palar\u0131n ve contalar\u0131n b\u00fct\u00fcnl\u00fc\u011f\u00fcn\u00fc test edin.<\/li>\n<li><strong>K\u0131r\u0131lma Dayan\u0131m\u0131 Testleri:<\/strong> Bir malzemenin bozulmadan \u00f6nce ta\u015f\u0131yabilece\u011fi maksimum y\u00fck\u00fc de\u011ferlendirin.<\/li>\n<li><strong>\u00c7ekme Testleri:<\/strong> Ambalaj bile\u015fenlerindeki ba\u011flant\u0131lar\u0131n g\u00fcc\u00fcn\u00fc \u00f6l\u00e7\u00fcn.<\/li>\n<\/ul>\n<h2><strong>\u00c7ok Y\u00f6nl\u00fcl\u00fck<\/strong><\/h2>\n<p>Bu makine, t\u0131bbi ambalajlamada kalite g\u00fcvencesi i\u00e7in gerekli olan \u00e7e\u015fitli testleri destekler. Anahtar testler \u015funlar\u0131 i\u00e7erir:<\/p>\n<ul>\n<li><strong>Kau\u00e7uk T\u0131palar\u0131n Penetrasyon Testi<\/strong> Antibiyotik \u015fi\u015felerinde ve hipodermik i\u011fnelerde: T\u0131palar\u0131n delindi\u011finde b\u00fct\u00fcnl\u00fc\u011f\u00fcn\u00fc korumas\u0131n\u0131 sa\u011flar.<\/li>\n<li><strong>K\u0131r\u0131lma Dayan\u0131m\u0131 Testi<\/strong> ampul \u015fi\u015felerinin: \u015ei\u015felerin k\u0131r\u0131lmaya kar\u015f\u0131 direncini test eder.<\/li>\n<li><strong>S\u0131z\u0131nt\u0131 Testi<\/strong> plastik ambalajlar\u0131n d\u0131\u015f bas\u0131n\u00e7 alt\u0131nda s\u0131zd\u0131rmazl\u0131\u011f\u0131n\u0131 sa\u011flar: Ambalaj\u0131n s\u0131zd\u0131rmazl\u0131k b\u00fct\u00fcnl\u00fc\u011f\u00fcn\u00fc do\u011frular.<\/li>\n<li><strong>Ba\u011flant\u0131 Kuvveti Testi<\/strong> Hipodermik i\u011fneler ve i\u011fne g\u00f6bekleri\/kapaklar\u0131 aras\u0131ndaki ba\u011flant\u0131lar: Bu ba\u011flant\u0131lar\u0131n g\u00fcvenilirli\u011fini de\u011ferlendirir.<\/li>\n<li><strong>\u015ei\u015fe Sertlik Testi:<\/strong> Deformasyonu \u00f6nlemek i\u00e7in \u015fi\u015felerin sertli\u011fini \u00f6l\u00e7er.<\/li>\n<li><strong>\u015ei\u015fe Kapa\u011f\u0131 Delinme Testi<\/strong> animasyonlu parmak ile: Kapaklar\u0131n delinme direncini de\u011ferlendirir.<\/li>\n<li><strong>Kayma Direnci Testi<\/strong> Pistonlar\u0131n: T\u0131bbi cihazlardaki hareketli bile\u015fenlerin performans\u0131n\u0131 test eder.<\/li>\n<\/ul>\n<h2><strong>Teknik \u00d6zellikler<\/strong><\/h2>\n<p>T\u0131bbi Cihaz Paketleme Test Cihaz\u0131, performans\u0131n\u0131 art\u0131rmak i\u00e7in geli\u015fmi\u015f teknik \u00f6zelliklerle donat\u0131lm\u0131\u015ft\u0131r:<\/p>\n<ul>\n<li><strong>Programlanabilir Mant\u0131k Denetleyicisi (PLC):<\/strong> Kararl\u0131 ve g\u00fcvenilir kontrol sa\u011flar.<\/li>\n<li><strong>\u0130nsan-Makine Aray\u00fcz\u00fc (HMI) Dokunmatik Ekran:<\/strong> Kullan\u0131c\u0131 dostu \u00e7al\u0131\u015fma sa\u011flar.<\/li>\n<li><strong>Hassas Bilyal\u0131 Kur\u015fun Vida Mekanizmas\u0131:<\/strong> Do\u011fru ve tutarl\u0131 h\u0131z ve yer de\u011fi\u015ftirme kontrol\u00fcn\u00fc garanti eder.<\/li>\n<li><strong>\u00d6zelle\u015ftirilebilir Programlar:<\/strong> \u00d6zel test gereksinimlerini kar\u015f\u0131lamak \u00fczere tasarlanm\u0131\u015ft\u0131r.<\/li>\n<li><strong>Ayarlanabilir Test H\u0131z\u0131:<\/strong> Test ko\u015fullar\u0131nda esneklik sa\u011flar.<\/li>\n<li><strong>\u00c7oklu Armat\u00fcrler:<\/strong> Belirli malzemelere g\u00f6re uyarlanm\u0131\u015f \u00e7ekme ve s\u0131k\u0131\u015ft\u0131rma testleri i\u00e7in kullan\u0131labilir.<\/li>\n<li><strong>G\u00fcvenlik \u00d6zellikleri:<\/strong> G\u00fcvenli \u00e7al\u0131\u015fma i\u00e7in limit korumas\u0131 ve otomatik geri d\u00f6n\u00fc\u015f i\u00e7erir.<\/li>\n<\/ul>\n<h2><strong>Ana Parametreler<\/strong><\/h2>\n<table>\n<tbody>\n<tr>\n<td style=\"text-align: center;\" width=\"175\">Test Aral\u0131\u011f\u0131<\/td>\n<td style=\"text-align: center;\" width=\"277\">500N (veya gerekti\u011fi kadar)<\/td>\n<\/tr>\n<tr>\n<td style=\"text-align: center;\" width=\"175\">\u0130nme<\/td>\n<td style=\"text-align: center;\" width=\"277\">200mm (kelep\u00e7e olmadan)<\/td>\n<\/tr>\n<tr>\n<td style=\"text-align: center;\" width=\"175\">Test H\u0131z\u0131<\/td>\n<td style=\"text-align: center;\" width=\"277\">1 ~ 500 mm \/ dak<\/td>\n<\/tr>\n<tr>\n<td style=\"text-align: center;\" width=\"175\">Deplasman Do\u011frulu\u011fu<\/td>\n<td style=\"text-align: center;\" width=\"277\">0.01mm<\/td>\n<\/tr>\n<tr>\n<td style=\"text-align: center;\" width=\"175\">Do\u011fruluk<\/td>\n<td style=\"text-align: center;\" width=\"277\">0,5% F.S.<\/td>\n<\/tr>\n<tr>\n<td style=\"text-align: center;\" width=\"175\">Kontrol<\/td>\n<td style=\"text-align: center;\" width=\"277\">PLC ve insan makine aray\u00fcz\u00fc<\/td>\n<\/tr>\n<tr>\n<td style=\"text-align: center;\" width=\"175\">\u00c7\u0131kt\u0131<\/td>\n<td style=\"text-align: center;\" width=\"277\">Ekran, Mikro Yaz\u0131c\u0131, RS232 (iste\u011fe ba\u011fl\u0131)<\/td>\n<\/tr>\n<tr>\n<td style=\"text-align: center;\" width=\"175\">G\u00fc\u00e7<\/td>\n<td style=\"text-align: center;\" width=\"277\">110~220V<\/td>\n<\/tr>\n<\/tbody>\n<\/table>","protected":false},"excerpt":{"rendered":"<p>Bu <strong>T\u0131bbi Cihaz Paketleme Test Cihaz\u0131<\/strong> t\u0131bbi cihazlar ve farmas\u00f6tik \u00fcr\u00fcnler i\u00e7in ambalaj malzemelerinin mekanik \u00f6zelliklerini de\u011ferlendirmek \u00fczere tasarlanm\u0131\u015f, t\u0131p ve ila\u00e7 end\u00fcstrilerinde \u00f6nemli bir ara\u00e7t\u0131r. Bu makine, ambalaj\u0131n b\u00fct\u00fcnl\u00fc\u011f\u00fcn\u00fc ve g\u00fcvenli\u011fini sa\u011flamada kritik bir rol oynar ve \u00fcreticilerin kat\u0131 d\u00fczenleyici standartlara uymas\u0131na yard\u0131mc\u0131 olur.<\/p>","protected":false},"featured_media":6319,"comment_status":"closed","ping_status":"closed","template":"","meta":{"site-sidebar-layout":"default","site-content-layout":"default","ast-global-header-display":"","ast-main-header-display":"","ast-hfb-above-header-display":"","ast-hfb-below-header-display":"","ast-hfb-mobile-header-display":"","site-post-title":"","ast-breadcrumbs-content":"","ast-featured-img":"","footer-sml-layout":"","theme-transparent-header-meta":"default","adv-header-id-meta":"","stick-header-meta":"","header-above-stick-meta":"","header-main-stick-meta":"","header-below-stick-meta":""},"product_cat":[95,933,845,679,149],"product_tag":[],"class_list":{"0":"post-5133","1":"product","2":"type-product","3":"status-publish","4":"has-post-thumbnail","6":"product_cat-products","7":"product_cat-ampoule-breaking-tester","8":"product_cat-customization","9":"product_cat-tensile-tester","10":"product_cat-pharma-and-medical-testers","11":"desktop-align-left","12":"tablet-align-left","13":"mobile-align-left","15":"first","16":"instock","17":"shipping-taxable","18":"product-type-simple"},"_links":{"self":[{"href":"https:\/\/www.qualitester.com\/tr\/wp-json\/wp\/v2\/product\/5133","targetHints":{"allow":["GET"]}}],"collection":[{"href":"https:\/\/www.qualitester.com\/tr\/wp-json\/wp\/v2\/product"}],"about":[{"href":"https:\/\/www.qualitester.com\/tr\/wp-json\/wp\/v2\/types\/product"}],"replies":[{"embeddable":true,"href":"https:\/\/www.qualitester.com\/tr\/wp-json\/wp\/v2\/comments?post=5133"}],"version-history":[{"count":0,"href":"https:\/\/www.qualitester.com\/tr\/wp-json\/wp\/v2\/product\/5133\/revisions"}],"wp:featuredmedia":[{"embeddable":true,"href":"https:\/\/www.qualitester.com\/tr\/wp-json\/wp\/v2\/media\/6319"}],"wp:attachment":[{"href":"https:\/\/www.qualitester.com\/tr\/wp-json\/wp\/v2\/media?parent=5133"}],"wp:term":[{"taxonomy":"product_cat","embeddable":true,"href":"https:\/\/www.qualitester.com\/tr\/wp-json\/wp\/v2\/product_cat?post=5133"},{"taxonomy":"product_tag","embeddable":true,"href":"https:\/\/www.qualitester.com\/tr\/wp-json\/wp\/v2\/product_tag?post=5133"}],"curies":[{"name":"wp","href":"https:\/\/api.w.org\/{rel}","templated":true}]}}