{"id":5132,"date":"2024-10-30T17:07:18","date_gmt":"2024-10-30T09:07:18","guid":{"rendered":"https:\/\/www.qualitester.com\/?post_type=product&#038;p=5132"},"modified":"2024-12-05T11:37:45","modified_gmt":"2024-12-05T03:37:45","slug":"sale-glass-grains-sampler-for-hydrolytic-resistance","status":"publish","type":"product","link":"https:\/\/www.qualitester.com\/tr\/urun\/sale-glass-grains-sampler-for-hydrolytic-resistance\/","title":{"rendered":"GHR-01A Cam Tah\u0131l \u00d6rnekleyici"},"content":{"rendered":"<h2><strong>Hidrolitik Diren\u00e7 \u0130\u00e7in GHR-01A Cam Taneleri \u00d6rnekleyicisine Giri\u015f<\/strong><\/h2>\n<p>Bu <strong>GHR-01A Hidrolitik Diren\u00e7 \u0130\u00e7in Cam Taneleri \u00d6rnekleyici<\/strong>\u00a0cam malzemelerin suya kar\u015f\u0131 kimyasal stabilitesini de\u011ferlendirmek i\u00e7in tasarlanm\u0131\u015f geli\u015fmi\u015f bir cihazd\u0131r. Bu \u00f6nemli kalite kontrol testi, cam \u015fi\u015feler ve ampuller gibi ambalaj malzemelerinin i\u00e7erdikleri ila\u00e7larla nas\u0131l etkile\u015fime girdi\u011fini belirledi\u011fi ve bu \u00fcr\u00fcnlerin stabilitesini ve g\u00fcvenli\u011fini do\u011frudan etkiledi\u011fi i\u00e7in ila\u00e7 end\u00fcstrisinde hayati \u00f6nem ta\u015f\u0131maktad\u0131r.<\/p>\n<h3><strong>Hidrolitik Diren\u00e7 Testini Anlamak<\/strong><\/h3>\n<p>Hidrolitik diren\u00e7 testi, cam malzemelerin su ile temas etti\u011finde bozulma e\u011filimini de\u011ferlendirir. Bu bozulma, farmas\u00f6tiklerin etkinli\u011fini tehlikeye atabilecek iyonlar\u0131 serbest b\u0131rakabilir. Cam ambalajlar\u0131n y\u00fcksek hidrolitik diren\u00e7 g\u00f6stermesini sa\u011flamak, t\u0131bbi \u00fcr\u00fcnlerin b\u00fct\u00fcnl\u00fc\u011f\u00fcn\u00fc korumak ve advers reaksiyonlar\u0131 \u00f6nlemek i\u00e7in \u00e7ok \u00f6nemlidir.<\/p>\n<h3><strong>Hidrolitik Diren\u00e7 Testi i\u00e7in Standartlar<\/strong><\/h3>\n<ul>\n<li><strong><a href=\"https:\/\/www.iso.org\/standard\/77843.html\" target=\"_blank\" rel=\"noopener nofollow\">ISO 719<\/a>: Cam - 98\u2103'de cam tanelerinin hidrolitik direnci<\/strong><br \/>\nBu standart, 98\u00b0C s\u0131cakl\u0131kta cam tanelerinin hidrolitik direncini de\u011ferlendirmek i\u00e7in test y\u00f6ntemini ve s\u0131n\u0131fland\u0131rmay\u0131 ana hatlar\u0131yla belirtir. Tipik depolama ko\u015fullar\u0131nda cam ambalaj\u0131n b\u00fct\u00fcnl\u00fc\u011f\u00fcn\u00fc korumas\u0131n\u0131 sa\u011flamak i\u00e7in \u00e7ok \u00f6nemli olan numunelerin nas\u0131l haz\u0131rlanaca\u011f\u0131 ve suya kar\u015f\u0131 diren\u00e7lerinin nas\u0131l de\u011ferlendirilece\u011fi konusunda k\u0131lavuz ilkeler sa\u011flar.<\/li>\n<li><strong><a href=\"https:\/\/www.iso.org\/standard\/77844.html\" target=\"_blank\" rel=\"noopener nofollow\">ISO 720<\/a>: Cam - 121\u2103'de cam tanelerinin hidrolitik direnci<\/strong><br \/>\nBenzer \u015fekilde <a href=\"https:\/\/www.qualitester.com\/tr\/urun-kategori\/iso\/iso-719\/\" target=\"_blank\" rel=\"noopener\">ISO 719<\/a>Bu standart, cam tanelerinin 121\u00b0C'lik y\u00fcksek bir s\u0131cakl\u0131kta test edilmesine odaklanmaktad\u0131r. Cam malzemelerin \u00f6zellikle sterilizasyon s\u00fcre\u00e7leriyle ilgili olan daha a\u015f\u0131r\u0131 ko\u015fullar alt\u0131nda nas\u0131l performans g\u00f6sterdi\u011fini de\u011ferlendirmek i\u00e7in titiz bir metodoloji sunar.<\/li>\n<\/ul>\n<h3><strong>Test Metodolojisi<\/strong><\/h3>\n<p>Test s\u00fcreci, cam numunenin otomatik bir havan\u0131n cam\u0131 par\u00e7alara ay\u0131rmak i\u00e7in indi\u011fi bir havana yerle\u015ftirilmesini i\u00e7erir. Cihaz daha sonra bir dizi ele\u011fi titre\u015ftirerek nitelikli numuneleri cam gran\u00fcl at\u0131klar\u0131ndan ay\u0131r\u0131r. Bu otomatik yakla\u015f\u0131m, ISO 719 ve ISO 720 taraf\u0131ndan belirlenen standartlara ba\u011fl\u0131 kalarak numunelerin do\u011fru ve verimli bir \u015fekilde haz\u0131rlanmas\u0131n\u0131 sa\u011flar.<\/p>\n<h2><strong>GHR-01A Test Cihaz\u0131n\u0131n \u00d6zellikleri ve Faydalar\u0131<\/strong><\/h2>\n<ol>\n<li><strong>Ak\u0131ll\u0131 Otomasyon<\/strong>: GHR-01A, k\u0131rma ve titre\u015fimli eleme i\u015flemlerini tek bir \u00fcnitede birle\u015ftirerek sorunsuz numune haz\u0131rlamay\u0131 kolayla\u015ft\u0131r\u0131r ve standartlara uygun numune boyutlar\u0131 sa\u011flar.<\/li>\n<li><strong>Kullan\u0131c\u0131 Dostu Aray\u00fcz<\/strong>: HMI ekran i\u015flemleri, basit insan-makine etkile\u015fimi sa\u011flayarak operat\u00f6rlerin test s\u00fcrecini y\u00f6netmesini kolayla\u015ft\u0131r\u0131r.<\/li>\n<li><strong>G\u00fcvenlik \u00d6zellikleri<\/strong>: Azalt\u0131lm\u0131\u015f manuel kullan\u0131m personel i\u00e7in g\u00fcvenli\u011fi art\u0131r\u0131rken, dahili g\u00fcvenlik cihazlar\u0131 cam s\u0131\u00e7ramalar\u0131na kar\u015f\u0131 koruma sa\u011flayarak testin b\u00fct\u00fcnl\u00fc\u011f\u00fcn\u00fc korur.<\/li>\n<li><strong>\u00c7evre Dostu Tasar\u0131m<\/strong>: Cihaz, \u00e7evresel etkiyi en aza indirmek i\u00e7in \u00f6zel cam at\u0131k toplama \u00f6zelli\u011fine sahiptir.<\/li>\n<li><strong>Hassas Testler<\/strong>: Otomatik eleme, do\u011frulu\u011fu art\u0131rarak g\u00fcvenilir sonu\u00e7lar elde edilmesini sa\u011flar.<\/li>\n<li><strong>Limit Anahtar\u0131 \u0130\u015flevi<\/strong>: Eklenen g\u00fcvenlik \u00f6nlemleri operasyonel tehlikeleri \u00f6nler.<\/li>\n<li><strong>Optimize Edilmi\u015f Tasar\u0131m<\/strong>: Dikey yerle\u015fim, daha b\u00fcy\u00fck numuneler \u00fczerindeki yer\u00e7ekimi etkilerini azaltarak tutarl\u0131 test sonu\u00e7lar\u0131 sa\u011flar.<\/li>\n<\/ol>\n<h3><strong>Ana Parametreler<\/strong><\/h3>\n<table>\n<tbody>\n<tr>\n<td style=\"text-align: center;\" width=\"202\">Har\u00e7\/Havan Boyutu<\/td>\n<td style=\"text-align: center;\" width=\"151\">\u03a650\/\u03a648 mm<\/td>\n<\/tr>\n<tr>\n<td style=\"text-align: center;\" width=\"202\">Elek A A\u00e7\u0131kl\u0131\u011f\u0131<\/td>\n<td style=\"text-align: center;\" width=\"151\">425\u03bcm<\/td>\n<\/tr>\n<tr>\n<td style=\"text-align: center;\" width=\"202\">Elek B A\u00e7\u0131kl\u0131\u011f\u0131<\/td>\n<td style=\"text-align: center;\" width=\"151\">300\u03bcm<\/td>\n<\/tr>\n<tr>\n<td style=\"text-align: center;\" width=\"202\">Elek O A\u00e7\u0131kl\u0131\u011f\u0131<\/td>\n<td style=\"text-align: center;\" width=\"151\">600\u03bcm\u03bcm<\/td>\n<\/tr>\n<tr>\n<td style=\"text-align: center;\" width=\"202\">Elek \u00c7alkalama S\u00fcresi<\/td>\n<td style=\"text-align: center;\" width=\"151\">5 dakika<\/td>\n<\/tr>\n<tr>\n<td style=\"text-align: center;\" width=\"202\">Gaz Bas\u0131nc\u0131<\/td>\n<td style=\"text-align: center;\" width=\"151\">0,5 Mpa<\/td>\n<\/tr>\n<tr>\n<td style=\"text-align: center;\" width=\"202\">Gaz Ba\u011flant\u0131 Noktas\u0131 Boyutu<\/td>\n<td style=\"text-align: center;\" width=\"151\">\u04246 mm<\/td>\n<\/tr>\n<tr>\n<td style=\"text-align: center;\" width=\"202\">G\u00fc\u00e7<\/td>\n<td style=\"text-align: center;\" width=\"151\">AC 110~220V 50Hz<\/td>\n<\/tr>\n<\/tbody>\n<\/table>\n<h2><strong>GHR-01A Test Cihaz\u0131n\u0131n Uygulamalar\u0131<\/strong><\/h2>\n<p>GHR-01A, \u00f6zellikle ila\u00e7 ve t\u0131bbi cihaz end\u00fcstrilerinde \u00e7ok \u00e7e\u015fitli uygulamalar i\u00e7in gereklidir. \u0130nf\u00fczyon \u015fi\u015feleri, enjeksiyon \u015fi\u015feleri, ampuller ve oral s\u0131v\u0131 \u015fi\u015feleri dahil olmak \u00fczere \u00e7e\u015fitli t\u0131bbi cam \u00fcr\u00fcnlerde kullan\u0131lan cam gran\u00fcllerin hidrolitik diren\u00e7 numunelerini haz\u0131rlamak i\u00e7in idealdir.<\/p>\n<p>\u00d6zet olarak <strong>GHR-01A Cam Tanesi Hidrolitik Diren\u00e7 Test Cihaz\u0131<\/strong> t\u0131bbi cam ambalajlar\u0131n kalite ve g\u00fcvenli\u011fini sa\u011flamak i\u00e7in sofistike bir \u00e7\u00f6z\u00fcmd\u00fcr. ISO standartlar\u0131na ba\u011fl\u0131 kalan bu cihaz, farmas\u00f6tik \u00fcr\u00fcnlerin b\u00fct\u00fcnl\u00fc\u011f\u00fcn\u00fc korumak i\u00e7in \u00e7ok \u00f6nemli olan g\u00fcvenilir sonu\u00e7lar sa\u011flar. En y\u00fcksek kalite kontrol standartlar\u0131n\u0131 sa\u011flamak i\u00e7in test ihtiya\u00e7lar\u0131n\u0131zda GHR-01A'y\u0131 se\u00e7in.<\/p>\n<h2><strong>SSS<\/strong><\/h2>\n<ol>\n<li><strong>Hidrolitik diren\u00e7 nedir?<\/strong> Hidrolitik diren\u00e7, cam malzemelerin suya maruz kald\u0131\u011f\u0131nda bozulmaya kar\u015f\u0131 koyma kabiliyetini ifade eder ve farmas\u00f6tik stabilitenin korunmas\u0131 i\u00e7in \u00e7ok \u00f6nemlidir.<\/li>\n<li><strong>GHR-01A Test Cihaz\u0131 nas\u0131l \u00e7al\u0131\u015f\u0131r?<\/strong> Test cihaz\u0131 cam numuneleri otomatik olarak k\u0131rar ve uyumlu gran\u00fclleri at\u0131klardan ay\u0131rmak i\u00e7in elekleri titre\u015ftirerek test s\u00fcrecini kolayla\u015ft\u0131r\u0131r.<\/li>\n<li><strong>GHR-01A hangi standartlara uygundur?<\/strong> GHR-01A, cam tanelerinin hidrolitik diren\u00e7 testi i\u00e7in ISO 719 ve ISO 720 standartlar\u0131na uygundur.<\/li>\n<li><strong>Ne t\u00fcr \u00fcr\u00fcnler test edilebilir?<\/strong> GHR-01A, inf\u00fczyon \u015fi\u015felerinde, enjeksiyon \u015fi\u015felerinde, ampullerde ve oral s\u0131v\u0131 kaplar\u0131nda kullan\u0131lan cam\u0131 test etmek i\u00e7in uygundur.<\/li>\n<li><strong>Test s\u00fcreci g\u00fcvenli mi?<\/strong> Evet, GHR-01A personeli korumak ve test b\u00fct\u00fcnl\u00fc\u011f\u00fcn\u00fc korumak i\u00e7in \u00e7ok say\u0131da g\u00fcvenlik \u00f6zelli\u011fi ile tasarlanm\u0131\u015ft\u0131r.<\/li>\n<\/ol>","protected":false},"excerpt":{"rendered":"<p>Bu <strong>GHR-01A Hidrolitik Diren\u00e7 \u0130\u00e7in Cam Taneleri \u00d6rnekleyici<\/strong>\u00a0cam malzemelerin suya kar\u015f\u0131 kimyasal stabilitesini de\u011ferlendirmek i\u00e7in tasarlanm\u0131\u015f geli\u015fmi\u015f bir cihazd\u0131r. Bu \u00f6nemli kalite kontrol testi, cam \u015fi\u015feler ve ampuller gibi ambalaj malzemelerinin i\u00e7erdikleri ila\u00e7larla nas\u0131l etkile\u015fime girdi\u011fini belirledi\u011fi ve bu \u00fcr\u00fcnlerin stabilitesini ve g\u00fcvenli\u011fini do\u011frudan etkiledi\u011fi i\u00e7in ila\u00e7 end\u00fcstrisinde hayati \u00f6nem ta\u015f\u0131maktad\u0131r.<\/p>","protected":false},"featured_media":6209,"comment_status":"closed","ping_status":"closed","template":"","meta":{"site-sidebar-layout":"default","site-content-layout":"default","ast-global-header-display":"","ast-main-header-display":"","ast-hfb-above-header-display":"","ast-hfb-below-header-display":"","ast-hfb-mobile-header-display":"","site-post-title":"","ast-breadcrumbs-content":"","ast-featured-img":"","footer-sml-layout":"","theme-transparent-header-meta":"default","adv-header-id-meta":"","stick-header-meta":"","header-above-stick-meta":"","header-main-stick-meta":"","header-below-stick-meta":""},"product_cat":[845,149,167,168,95],"product_tag":[],"class_list":{"0":"post-5132","1":"product","2":"type-product","3":"status-publish","4":"has-post-thumbnail","6":"product_cat-customization","7":"product_cat-pharma-and-medical-testers","8":"product_cat-iso-719","9":"product_cat-iso-720","10":"product_cat-products","11":"desktop-align-left","12":"tablet-align-left","13":"mobile-align-left","15":"first","16":"instock","17":"shipping-taxable","18":"product-type-simple"},"_links":{"self":[{"href":"https:\/\/www.qualitester.com\/tr\/wp-json\/wp\/v2\/product\/5132","targetHints":{"allow":["GET"]}}],"collection":[{"href":"https:\/\/www.qualitester.com\/tr\/wp-json\/wp\/v2\/product"}],"about":[{"href":"https:\/\/www.qualitester.com\/tr\/wp-json\/wp\/v2\/types\/product"}],"replies":[{"embeddable":true,"href":"https:\/\/www.qualitester.com\/tr\/wp-json\/wp\/v2\/comments?post=5132"}],"version-history":[{"count":0,"href":"https:\/\/www.qualitester.com\/tr\/wp-json\/wp\/v2\/product\/5132\/revisions"}],"wp:featuredmedia":[{"embeddable":true,"href":"https:\/\/www.qualitester.com\/tr\/wp-json\/wp\/v2\/media\/6209"}],"wp:attachment":[{"href":"https:\/\/www.qualitester.com\/tr\/wp-json\/wp\/v2\/media?parent=5132"}],"wp:term":[{"taxonomy":"product_cat","embeddable":true,"href":"https:\/\/www.qualitester.com\/tr\/wp-json\/wp\/v2\/product_cat?post=5132"},{"taxonomy":"product_tag","embeddable":true,"href":"https:\/\/www.qualitester.com\/tr\/wp-json\/wp\/v2\/product_tag?post=5132"}],"curies":[{"name":"wp","href":"https:\/\/api.w.org\/{rel}","templated":true}]}}