{"id":5127,"date":"2024-10-29T17:00:41","date_gmt":"2024-10-29T09:00:41","guid":{"rendered":"https:\/\/www.qualitester.com\/?post_type=product&#038;p=5127"},"modified":"2024-12-05T11:54:55","modified_gmt":"2024-12-05T03:54:55","slug":"sale-hardness-test-apparatus-for-tablet","status":"publish","type":"product","link":"https:\/\/www.qualitester.com\/tr\/urun\/sale-hardness-test-apparatus-for-tablet\/","title":{"rendered":"MPT-02 Tablet S\u0131k\u0131\u015ft\u0131rma Test Cihaz\u0131"},"content":{"rendered":"<p><strong>Tablet i\u00e7in Sertlik Test Aparat\u0131<\/strong> ila\u00e7 end\u00fcstrisinde \u00f6nemli bir s\u00fcre\u00e7 olan hassas ve g\u00fcvenilir tablet sertlik testi i\u00e7in tasarlanm\u0131\u015f geli\u015fmi\u015f bir cihazd\u0131r. Bu cihaz, tabletlerin bas\u0131n\u00e7 dayan\u0131m\u0131n\u0131 de\u011ferlendirerek tabletlerin \u00fcretim, depolama ve kullan\u0131m s\u0131ras\u0131nda fiziksel b\u00fct\u00fcnl\u00fcklerini korumalar\u0131n\u0131 sa\u011flar ve sonu\u00e7 olarak ila\u00e7 etkinli\u011fini ve hasta g\u00fcvenli\u011fini korur. \u0130la\u00e7 \u00fcreticileri tablet sertlik testlerine yaln\u0131zca kat\u0131 yasal standartlar\u0131 kar\u015f\u0131lamak i\u00e7in de\u011fil, ayn\u0131 zamanda \u00fcr\u00fcn kalitesini ve pazardaki rekabet g\u00fcc\u00fcn\u00fc art\u0131rmak i\u00e7in de g\u00fcvenmektedir.<\/p>\n<h2>\u0130la\u00e7 \u00dcretiminde Tablet Sertlik Testinin \u00d6nemi<\/h2>\n<p><strong>Tablet sertlik testi<\/strong> farmas\u00f6tik tabletlerin genel kalite ve g\u00fcvenli\u011finin sa\u011flanmas\u0131nda \u00e7ok \u00f6nemli bir rol oynar. Tablet sertli\u011finin test edilmesi a\u015fa\u011f\u0131dakilere yard\u0131mc\u0131 olur:<\/p>\n<ul>\n<li><strong>Tablet Kalitesini Sa\u011flay\u0131n<\/strong>: D\u00fc\u015f\u00fck sertlikteki tabletler ta\u015f\u0131ma veya kullan\u0131m s\u0131ras\u0131nda k\u0131r\u0131labilirken, a\u015f\u0131r\u0131 sertlik tabletin par\u00e7alanmas\u0131n\u0131 engelleyerek ila\u00e7 sal\u0131n\u0131m\u0131n\u0131 ve biyoyararlan\u0131m\u0131 olumsuz etkileyebilir. Optimum sertlik aral\u0131\u011f\u0131, tabletlerin terap\u00f6tik etkinlikten \u00f6d\u00fcn vermeden ta\u015f\u0131nmaya dayanmas\u0131n\u0131 sa\u011flar.<\/li>\n<li><strong>\u00dcretim S\u00fcre\u00e7lerini Optimize Edin<\/strong>: Rutin sertlik testi, uygun olmayan s\u0131k\u0131\u015ft\u0131rma kuvveti veya form\u00fclasyon sorunlar\u0131 gibi \u00fcretimdeki tutars\u0131zl\u0131klar\u0131n belirlenmesine yard\u0131mc\u0131 olarak \u00fcreticilerin s\u00fcre\u00e7leri derhal ayarlamas\u0131na ve tablet homojenli\u011fini iyile\u015ftirmesine olanak tan\u0131r.<\/li>\n<li><strong>K\u0131lavuz \u00dcr\u00fcn Tasar\u0131m\u0131<\/strong>: Sertlik verileri, etkili, g\u00fcvenli ve kullan\u0131c\u0131 dostu tabletler geli\u015ftirmek i\u00e7in \u00e7ok \u00f6nemli olan belirli sertlik ve par\u00e7alanma gereksinimlerini kar\u015f\u0131layan yeni form\u00fclasyonlar\u0131n tasarlanmas\u0131na yard\u0131mc\u0131 olur.<\/li>\n<\/ul>\n<h2>Tablet Sertlik Testinin Prensipleri<\/h2>\n<p><strong>Tablet sertlik testi<\/strong> Tabletin sertlik test cihaz\u0131n\u0131n \u00f6l\u00e7\u00fcm platformuna yerle\u015ftirilmesini ve burada bir \u00fcst z\u0131mba arac\u0131l\u0131\u011f\u0131yla kontroll\u00fc bir kuvvet uygulanmas\u0131n\u0131 i\u00e7erir. Test cihaz\u0131 tabletin deformasyonunu ya da k\u0131r\u0131lmas\u0131 i\u00e7in gereken kuvveti \u00f6l\u00e7erek sertli\u011fi hakk\u0131nda bilgi verir. Temel \u00f6l\u00e7\u00fcm y\u00f6ntemleri \u015funlar\u0131 i\u00e7erir:<\/p>\n<ul>\n<li><strong>Girinti Derinli\u011fi Y\u00f6ntemi<\/strong>: Bu y\u00f6ntem, belirli bir bas\u0131n\u00e7 alt\u0131nda olu\u015fan girintinin derinli\u011fini kaydederek sertli\u011fi \u00f6l\u00e7er. Daha k\u00fc\u00e7\u00fck girintiler daha sert bir tablete i\u015faret eder ve bu y\u00f6ntemi tutarl\u0131l\u0131k kontrolleri i\u00e7in etkili k\u0131lar.<\/li>\n<li><strong>K\u0131r\u0131lma Dayan\u0131m\u0131 Y\u00f6ntemi<\/strong>: Bu yakla\u015f\u0131m tableti ezmek i\u00e7in gereken kuvveti \u00f6l\u00e7er. Daha b\u00fcy\u00fck bir kuvvet daha sert bir tablet anlam\u0131na gelir ve kalite kontrol ve uyumluluk i\u00e7in kritik veriler sunar.<\/li>\n<\/ul>\n<h2>Sertlik Test Cihaz\u0131n\u0131n Temel \u00d6zellikleri<\/h2>\n<p>Bu <strong>sertli\u0307k test ci\u0307hazi<\/strong> farmas\u00f6tik ortamlarda hassasiyet, dayan\u0131kl\u0131l\u0131k ve kullan\u0131m kolayl\u0131\u011f\u0131 sa\u011flamak i\u00e7in geli\u015fmi\u015f \u00f6zelliklerle tasarlanm\u0131\u015ft\u0131r:<\/p>\n<ul>\n<li><strong>Kullan\u0131c\u0131 Dostu Aray\u00fcz<\/strong>: Sezgisel kullan\u0131m ve kolay navigasyon i\u00e7in 7 in\u00e7 HMI dokunmatik ekran ile donat\u0131lm\u0131\u015ft\u0131r.<\/li>\n<li><strong>End\u00fcstriyel S\u0131n\u0131f Stabilite<\/strong>: G\u00fcvenilir ve tutarl\u0131 test sonu\u00e7lar\u0131 i\u00e7in y\u00fcksek performansl\u0131 bir PLC kontrol \u00fcnitesi ile \u00fcretilmi\u015ftir.<\/li>\n<li><strong>Y\u00fcksek Hassasiyetli Bile\u015fenler<\/strong>:\n<ul>\n<li><strong>Y\u00fck h\u00fccresi<\/strong>: Mevzuata uygunluk ve kalite g\u00fcvencesi i\u00e7in \u00e7ok \u00f6nemli olan do\u011fru kuvvet \u00f6l\u00e7\u00fcmleri sa\u011flar.<\/li>\n<li><strong>Bilyal\u0131 Vida Sistemi<\/strong>: Hassas kuvvet uygulamas\u0131 sa\u011flayarak test sonu\u00e7lar\u0131ndaki de\u011fi\u015fkenli\u011fi en aza indirir.<\/li>\n<\/ul>\n<\/li>\n<li><strong>Ayarlanabilir Test H\u0131z\u0131<\/strong>: Operat\u00f6rlerin test h\u0131zlar\u0131n\u0131 \u00f6zel test gereksinimlerine g\u00f6re de\u011fi\u015ftirmelerine olanak tan\u0131yarak \u00e7e\u015fitli test senaryolar\u0131nda \u00e7ok y\u00f6nl\u00fcl\u00fc\u011f\u00fc art\u0131r\u0131r.<\/li>\n<li><strong>Ger\u00e7ek Zamanl\u0131 Veri G\u00f6sterimi<\/strong>: Test s\u0131ras\u0131nda kuvvet verilerini ger\u00e7ek zamanl\u0131 olarak g\u00f6r\u00fcnt\u00fcler, verimli kalite kontrol\u00fc i\u00e7in an\u0131nda geri bildirim ve izleme sa\u011flar.<\/li>\n<li><strong>Kolay Kalibrasyon<\/strong>: Basitle\u015ftirilmi\u015f kalibrasyon i\u015flemi zaman kazand\u0131r\u0131r ve end\u00fcstri standartlar\u0131na uygun do\u011fruluk sa\u011flar.<\/li>\n<li><strong>\u00c7ok Y\u00f6nl\u00fc Test Yetenekleri<\/strong>: Farkl\u0131 test konfig\u00fcrasyonlar\u0131na uyum sa\u011flamak i\u00e7in birden fazla fikst\u00fcrle birlikte gelir, bu da cihaz\u0131 \u00e7e\u015fitli tablet boyutlar\u0131na ve form\u00fclasyonlar\u0131na uyarlanabilir hale getirir.<\/li>\n<li><strong>Ek \u0130\u015flevler<\/strong>:\n<ul>\n<li>Verimli kullan\u0131m i\u00e7in bir konum k\u0131s\u0131tlay\u0131c\u0131 ve otomatik geri d\u00f6n\u00fc\u015f i\u015flevi i\u00e7erir.<\/li>\n<li>Veri y\u00f6netimi ve izlenebilirlik i\u00e7in iste\u011fe ba\u011fl\u0131 mikro yaz\u0131c\u0131 \u00e7\u0131k\u0131\u015f\u0131 ve yaz\u0131l\u0131m entegrasyonu.<\/li>\n<\/ul>\n<\/li>\n<\/ul>\n<h2>Tablet Sertlik Test Cihaz\u0131n\u0131n Ana Parametreleri<\/h2>\n<p>Bu cihaz, farmas\u00f6tik testlerde y\u00fcksek standartlar\u0131 kar\u015f\u0131lamak \u00fczere tasarlanm\u0131\u015ft\u0131r. Temel \u00f6zellikler \u015funlard\u0131r:<\/p>\n<ul>\n<li><strong>Y\u00fck Aral\u0131\u011f\u0131<\/strong>: \u00c7e\u015fitli tablet sertlik seviyelerine uyum sa\u011flamak i\u00e7in geni\u015f aral\u0131k.<\/li>\n<li><strong>Do\u011fruluk ve \u00c7\u00f6z\u00fcn\u00fcrl\u00fck<\/strong>: Tutarl\u0131 ve tekrarlanabilir sonu\u00e7lar i\u00e7in y\u00fcksek hassasiyet.<\/li>\n<li><strong>Test H\u0131z Aral\u0131\u011f\u0131<\/strong>: \u00d6zel test ihtiya\u00e7lar\u0131n\u0131 kar\u015f\u0131lamak i\u00e7in ayarlanabilir test h\u0131zlar\u0131.<\/li>\n<li><strong>Boyutlar<\/strong>: Laboratuvar veya \u00fcretim ortamlar\u0131 i\u00e7in uygun kompakt tasar\u0131m.<\/li>\n<\/ul>\n<h2>Tablet Sertlik Test Cihaz\u0131n\u0131n End\u00fcstrideki Uygulamalar\u0131<\/h2>\n<p>Bu <strong>tablet i\u0307\u00e7i\u0307n sertli\u0307k test aparati<\/strong> farmas\u00f6tik \u00fcretim ve ara\u015ft\u0131rma ortamlar\u0131nda geni\u015f uygulamalara sahiptir:<\/p>\n<ul>\n<li><strong>\u0130la\u00e7 \u00dcretimi<\/strong>: Seri \u00fcretim s\u0131ras\u0131nda tablet kalitesini, homojenli\u011fini ve mevzuata uygunlu\u011funu sa\u011flar.<\/li>\n<li><strong>Ara\u015ft\u0131rma &amp; Geli\u015ftirme<\/strong>: \u0130la\u00e7 form\u00fclasyonlar\u0131n\u0131n geli\u015ftirilmesi ve rafine edilmesi i\u00e7in gerekli verileri sa\u011flar, etkili ve g\u00fcvenli ila\u00e7lar\u0131n olu\u015fturulmas\u0131n\u0131 destekler.<\/li>\n<li><strong>Kalite Kontrol<\/strong>: \u00dcretim hatlar\u0131ndaki rutin sertlik testleri ve kalite denetimi, farmas\u00f6tik \u00fcr\u00fcnlerde tutarl\u0131l\u0131k ve g\u00fcvenilirlik sa\u011flayarak hem d\u00fczenleyici standartlar\u0131 hem de hasta ihtiya\u00e7lar\u0131n\u0131 kar\u015f\u0131lar.<\/li>\n<\/ul>\n<h2>Tablet Kalite Kontrol\u00fc i\u00e7in Sertlik Test Cihaz\u0131 Kullanman\u0131n Faydalar\u0131<\/h2>\n<p>Geli\u015fmi\u015f \u00f6zellikleri ve esnek i\u015flevselli\u011fi ile bu <strong>tablet i\u0307\u00e7i\u0307n sertli\u0307k test aparati<\/strong> \u00fcreticilere \u00e7ok say\u0131da avantaj sunmaktad\u0131r:<\/p>\n<ul>\n<li><strong>Geli\u015ftirilmi\u015f \u00dcr\u00fcn Tutarl\u0131l\u0131\u011f\u0131<\/strong>: G\u00fcvenilir kalite kontrol\u00fc sa\u011flayarak farmas\u00f6tik tabletlerin genel kalitesini art\u0131r\u0131r.<\/li>\n<li><strong>Kolayla\u015ft\u0131r\u0131lm\u0131\u015f Veri Y\u00f6netimi<\/strong>: Ger\u00e7ek zamanl\u0131 sonu\u00e7lar ve iste\u011fe ba\u011fl\u0131 veri \u00e7\u0131k\u0131\u015f\u0131, kolay takip imkan\u0131 sa\u011flayarak verimlili\u011fi ve izlenebilirli\u011fi art\u0131r\u0131r.<\/li>\n<li><strong>Mevzuata Uygunluk<\/strong>: S\u0131k\u0131 kalite standartlar\u0131na uyumu kolayla\u015ft\u0131rarak tabletlerin piyasaya s\u00fcr\u00fclmesi i\u00e7in gerekli \u00f6zellikleri kar\u015f\u0131lamas\u0131n\u0131 sa\u011flar.<\/li>\n<\/ul>","protected":false},"excerpt":{"rendered":"<p><strong>Tablet i\u00e7in Sertlik Test Aparat\u0131<\/strong> ila\u00e7 end\u00fcstrisinde \u00f6nemli bir s\u00fcre\u00e7 olan hassas ve g\u00fcvenilir tablet sertlik testi i\u00e7in tasarlanm\u0131\u015f geli\u015fmi\u015f bir cihazd\u0131r. Bu cihaz, tabletlerin bas\u0131n\u00e7 dayan\u0131m\u0131n\u0131 de\u011ferlendirerek tabletlerin \u00fcretim, depolama ve kullan\u0131m s\u0131ras\u0131nda fiziksel b\u00fct\u00fcnl\u00fcklerini korumalar\u0131n\u0131 sa\u011flar ve sonu\u00e7 olarak ila\u00e7 etkinli\u011fini ve hasta g\u00fcvenli\u011fini korur. \u0130la\u00e7 \u00fcreticileri tablet sertlik testlerine yaln\u0131zca kat\u0131 yasal standartlar\u0131 kar\u015f\u0131lamak i\u00e7in de\u011fil, ayn\u0131 zamanda \u00fcr\u00fcn kalitesini ve pazardaki rekabet g\u00fcc\u00fcn\u00fc art\u0131rmak i\u00e7in de g\u00fcvenmektedir.<\/p>","protected":false},"featured_media":6217,"comment_status":"closed","ping_status":"closed","template":"","meta":{"site-sidebar-layout":"default","site-content-layout":"default","ast-global-header-display":"","ast-main-header-display":"","ast-hfb-above-header-display":"","ast-hfb-below-header-display":"","ast-hfb-mobile-header-display":"","site-post-title":"","ast-breadcrumbs-content":"","ast-featured-img":"","footer-sml-layout":"","theme-transparent-header-meta":"default","adv-header-id-meta":"","stick-header-meta":"","header-above-stick-meta":"","header-main-stick-meta":"","header-below-stick-meta":""},"product_cat":[1054,845,149,95],"product_tag":[],"class_list":{"0":"post-5127","1":"product","2":"type-product","3":"status-publish","4":"has-post-thumbnail","6":"product_cat-hardness-tester","7":"product_cat-customization","8":"product_cat-pharma-and-medical-testers","9":"product_cat-products","10":"desktop-align-left","11":"tablet-align-left","12":"mobile-align-left","14":"first","15":"instock","16":"shipping-taxable","17":"product-type-simple"},"_links":{"self":[{"href":"https:\/\/www.qualitester.com\/tr\/wp-json\/wp\/v2\/product\/5127","targetHints":{"allow":["GET"]}}],"collection":[{"href":"https:\/\/www.qualitester.com\/tr\/wp-json\/wp\/v2\/product"}],"about":[{"href":"https:\/\/www.qualitester.com\/tr\/wp-json\/wp\/v2\/types\/product"}],"replies":[{"embeddable":true,"href":"https:\/\/www.qualitester.com\/tr\/wp-json\/wp\/v2\/comments?post=5127"}],"version-history":[{"count":0,"href":"https:\/\/www.qualitester.com\/tr\/wp-json\/wp\/v2\/product\/5127\/revisions"}],"wp:featuredmedia":[{"embeddable":true,"href":"https:\/\/www.qualitester.com\/tr\/wp-json\/wp\/v2\/media\/6217"}],"wp:attachment":[{"href":"https:\/\/www.qualitester.com\/tr\/wp-json\/wp\/v2\/media?parent=5127"}],"wp:term":[{"taxonomy":"product_cat","embeddable":true,"href":"https:\/\/www.qualitester.com\/tr\/wp-json\/wp\/v2\/product_cat?post=5127"},{"taxonomy":"product_tag","embeddable":true,"href":"https:\/\/www.qualitester.com\/tr\/wp-json\/wp\/v2\/product_tag?post=5127"}],"curies":[{"name":"wp","href":"https:\/\/api.w.org\/{rel}","templated":true}]}}