{"id":5110,"date":"2024-10-29T16:23:12","date_gmt":"2024-10-29T08:23:12","guid":{"rendered":"https:\/\/www.qualitester.com\/?post_type=product&#038;p=5110"},"modified":"2024-12-05T11:31:23","modified_gmt":"2024-12-05T03:31:23","slug":"sale-soft-gel-capsule-hardness-tester","status":"publish","type":"product","link":"https:\/\/www.qualitester.com\/tr\/urun\/sale-soft-gel-capsule-hardness-tester\/","title":{"rendered":"CHT-01 Yumu\u015fak Jel Kaps\u00fcl Sertlik Test Cihaz\u0131"},"content":{"rendered":"<h2><strong>Yumu\u015fak Jel Kaps\u00fcl Sertlik Test Cihaz\u0131na Giri\u015f<\/strong><\/h2>\n<p>\u0130la\u00e7 ve nutras\u00f6tik end\u00fcstrilerinde kalite kontrol \u00e7ok \u00f6nemlidir. Yumu\u015fak jel kaps\u00fcllerin paketleme, depolama ve da\u011f\u0131t\u0131m s\u00fcre\u00e7leri boyunca yap\u0131sal b\u00fct\u00fcnl\u00fcklerini korumalar\u0131n\u0131 sa\u011flamak kritik \u00f6nem ta\u015f\u0131r. Bu nedenle <strong>Yumu\u015fak Jel Kaps\u00fcl Sertlik Test Cihaz\u0131<\/strong>, \u00f6zellikle de <strong>CHT-01 Kaps\u00fcl ve Softjel Sertlik Test Cihaz\u0131<\/strong>, kaps\u00fcl s\u0131k\u0131l\u0131\u011f\u0131n\u0131, esnekli\u011fini ve genel g\u00fcc\u00fcn\u00fc \u00f6l\u00e7mek i\u00e7in tasarlanm\u0131\u015f y\u00fcksek hassasiyetli bir cihazd\u0131r. Sertlik, deformasyon ve s\u0131zd\u0131rmazl\u0131k g\u00fcc\u00fc gibi temel fakt\u00f6rleri de\u011ferlendiren bu test cihaz\u0131, \u00fcreticilerin \u00fcr\u00fcnlerinin g\u00fcvenli, etkili ve y\u00fcksek kaliteli oldu\u011funu garanti etmelerine yard\u0131mc\u0131 olur.<\/p>\n<h2><strong>Yumu\u015fak Jel Kaps\u00fcllerin Sertli\u011fini ve S\u0131k\u0131l\u0131\u011f\u0131n\u0131 Neden Test Etmelisiniz?<\/strong><\/h2>\n<p>Yumu\u015fak jel kaps\u00fcller vitaminleri, mineralleri ve ila\u00e7lar\u0131 stabil ve koruyucu bir jelatin kabuk i\u00e7inde sunmak i\u00e7in yayg\u0131n olarak kullan\u0131lmaktad\u0131r. Bu kaps\u00fcller i\u00e7in ideal sertlik seviyesinin korunmas\u0131, sadece i\u00e7indeki aktif bile\u015fenlerin korunmas\u0131 i\u00e7in de\u011fil, ayn\u0131 zamanda yutulduktan sonra i\u00e7eri\u011fin kontroll\u00fc bir \u015fekilde sal\u0131nmas\u0131n\u0131 sa\u011flamak i\u00e7in de gereklidir. Sertlik testi, kaps\u00fcl\u00fcn paketleme ve nakliyeden t\u00fcketicinin deneyimine kadar \u00e7e\u015fitli ko\u015fullar alt\u0131nda nas\u0131l performans g\u00f6sterece\u011fini ortaya koyar. Kaps\u00fcl <strong>Yumu\u015fak Jel Kaps\u00fcl Sertlik Test Cihaz\u0131<\/strong> kaps\u00fcl duvarlar\u0131ndaki veya contalardaki herhangi bir zay\u0131fl\u0131\u011f\u0131 tespit etmek ve sorunlar\u0131 pazara ula\u015fmadan \u00f6nlemek i\u00e7in hayati \u00f6nem ta\u015f\u0131r.<\/p>\n<h2><strong>Yumu\u015fak Jel Kaps\u00fcl Sertlik Test Cihaz\u0131n\u0131n Temel \u00d6zellikleri<\/strong><\/h2>\n<ul>\n<li><strong>Y\u00fcksek Hassasiyetli Test Yetenekleri<\/strong><br \/>\nPLC kontrol \u00fcnitesi, hassas vidal\u0131 mil ve step motor gibi ileri teknolojilerle donat\u0131lm\u0131\u015f olan bu test cihaz\u0131, zorlu kalite standartlar\u0131n\u0131 destekleyen g\u00fcvenilir ve do\u011fru sonu\u00e7lar sa\u011flar.<\/li>\n<li><strong>\u00c7ok Y\u00f6nl\u00fc Test Programlar\u0131<\/strong><br \/>\nBirden fazla standart program sunmak-<strong>Kuvvet<\/strong> (belirli bir kuvvet uygulamak ve mesafeyi \u00f6l\u00e7mek), <strong>Zirve<\/strong> (kaps\u00fcl y\u0131rt\u0131lmas\u0131 i\u00e7in maksimum kuvvetin \u00f6l\u00e7\u00fclmesi) ve <strong>Mesafe<\/strong> (sabit bir mesafede kuvvet \u00f6l\u00e7\u00fcm\u00fc) - Yumu\u015fak Jel Kaps\u00fcl Sertlik Test Cihaz\u0131, kaps\u00fcl b\u00fct\u00fcnl\u00fc\u011f\u00fcn\u00fcn her y\u00f6n\u00fcn\u00fc anlamak i\u00e7in kapsaml\u0131 testler sa\u011flar.<\/li>\n<li><strong>Kullan\u0131c\u0131 Dostu Aray\u00fcz ve Kontrol<\/strong><br \/>\n7 in\u00e7lik HMI dokunmatik ekran, kullan\u0131c\u0131lar\u0131n ayarlar\u0131 zahmetsizce yap\u0131land\u0131rmas\u0131na, test programlar\u0131n\u0131 y\u00f6netmesine ve sonu\u00e7lar\u0131 g\u00f6rselle\u015ftirmesine olanak tan\u0131r. Bu sezgisel tasar\u0131m, i\u015f ak\u0131\u015f\u0131n\u0131 iyile\u015ftirir ve test gereksinimlerine g\u00f6re h\u0131zl\u0131 ayarlamalar\u0131 kolayla\u015ft\u0131r\u0131r.<\/li>\n<li><strong>Geli\u015ftirilmi\u015f Verimlilik ve G\u00fcvenlik \u00d6zellikleri<\/strong><br \/>\nD\u00f6ner tabla, veri toplama i\u00e7in otomatik statik ve a\u015f\u0131r\u0131 y\u00fck korumas\u0131 verimlili\u011fi ve g\u00fcvenli\u011fi art\u0131r\u0131r. Bu \u00f6zellikler testi kolayla\u015ft\u0131r\u0131r ve cihaz\u0131 a\u015f\u0131r\u0131 kullan\u0131mdan koruyarak kullan\u0131m \u00f6mr\u00fcn\u00fc ve g\u00fcvenilirli\u011fini en \u00fcst d\u00fczeye \u00e7\u0131kar\u0131r.<\/li>\n<\/ul>\n<h2><strong>Yumu\u015fak Jel Kaps\u00fcl Sertli\u011fi ve S\u0131k\u0131l\u0131\u011f\u0131 i\u00e7in Detayl\u0131 Test Y\u00f6ntemleri<\/strong><\/h2>\n<ul>\n<li><strong>S\u0131k\u0131\u015ft\u0131rma Testi<\/strong><br \/>\nS\u0131k\u0131\u015ft\u0131rma testinde, 10 mm \u00e7ap\u0131nda veya 10 mm\u00b2 y\u00fczey alan\u0131na sahip bir silindir prob, deformasyon veya y\u0131rt\u0131lma meydana gelene kadar kaps\u00fcle bas\u0131n\u00e7 uygular. Bu, kaps\u00fcl\u00fcn paketleme ve nakliye gibi ger\u00e7ek d\u00fcnya ko\u015fullar\u0131nda kar\u015f\u0131la\u015fabilece\u011fi fiziksel stresleri sim\u00fcle eder. S\u0131k\u0131\u015ft\u0131rma testi sayesinde \u00fcreticiler kaps\u00fcl\u00fcn dayan\u0131kl\u0131l\u0131\u011f\u0131 ve hasara kar\u015f\u0131 direnci hakk\u0131nda bilgi sahibi olur.<\/li>\n<li><strong>S\u0131k\u0131l\u0131k ve S\u0131zd\u0131rmazl\u0131k Dayan\u0131m\u0131 Testi<\/strong><br \/>\nSertlik testi, bir kaps\u00fcl\u00fcn belirli bir bas\u0131n\u00e7 y\u00fck\u00fc alt\u0131nda ne kadar deforme oldu\u011funu de\u011ferlendirerek elastikiyeti ve esnekli\u011fi hakk\u0131nda bilgi sa\u011flar. Ek olarak, s\u0131zd\u0131rmazl\u0131k mukavemeti testi kaps\u00fcl\u00fcn s\u0131zd\u0131rmazl\u0131\u011f\u0131n\u0131 k\u0131rmak i\u00e7in gereken kuvveti \u00f6l\u00e7erek kaps\u00fcl\u00fcn zaman\u0131ndan \u00f6nce y\u0131rt\u0131lmamas\u0131n\u0131 ve i\u00e7eri\u011finin yaln\u0131zca ama\u00e7lanan ko\u015fullar alt\u0131nda serbest kalmas\u0131n\u0131 sa\u011flar.<\/li>\n<\/ul>\n<h2><strong>Teknik \u00d6zellikler ve Parametreler<\/strong><\/h2>\n<table>\n<tbody>\n<tr>\n<td width=\"184\">Test Aral\u0131\u011f\u0131<\/td>\n<td width=\"289\">0~200N (Veya gerekti\u011fi gibi)<\/td>\n<\/tr>\n<tr>\n<td width=\"184\">\u0130nme<\/td>\n<td width=\"289\">200mm (kelep\u00e7e olmadan)<\/td>\n<\/tr>\n<tr>\n<td width=\"184\">H\u0131z<\/td>\n<td width=\"289\">1 ~ 300 mm \/ dak (veya gerekti\u011fi gibi)<\/td>\n<\/tr>\n<tr>\n<td width=\"184\">Deplasman Do\u011frulu\u011fu<\/td>\n<td width=\"289\">0.01mm<\/td>\n<\/tr>\n<tr>\n<td width=\"184\">Do\u011fruluk<\/td>\n<td width=\"289\">0,5% F.S.<\/td>\n<\/tr>\n<tr>\n<td width=\"184\">\u00c7\u0131kt\u0131<\/td>\n<td width=\"289\">Ekran, Mikro Yaz\u0131c\u0131, RS232 (iste\u011fe ba\u011fl\u0131)<\/td>\n<\/tr>\n<tr>\n<td width=\"184\">G\u00fc\u00e7<\/td>\n<td width=\"289\">110~ 220V 50\/60Hz<\/td>\n<\/tr>\n<\/tbody>\n<\/table>\n<h2><strong>Yumu\u015fak Jel Kaps\u00fcl Sertlik Test Cihaz\u0131n\u0131n Faydalar\u0131<\/strong><\/h2>\n<ul>\n<li><strong>Kapsaml\u0131 Kalite G\u00fcvence Testi<\/strong><br \/>\n\u00c7oklu test \u00f6zelliklerine sahip bu test cihaz\u0131, \u00fcreticilerin kaps\u00fclleri dayan\u0131kl\u0131l\u0131k, homojenlik ve yap\u0131sal g\u00fc\u00e7 a\u00e7\u0131s\u0131ndan de\u011ferlendirmesini sa\u011flar. Bu da \u00fcr\u00fcn kalitesinin ve m\u00fc\u015fteri memnuniyetinin artmas\u0131n\u0131 sa\u011flar.<\/li>\n<li><strong>\u00c7ok Y\u00f6nl\u00fc Test i\u00e7in \u00d6zelle\u015ftirilebilir Fikst\u00fcr Se\u00e7enekleri<\/strong><br \/>\n\u00c7e\u015fitli fikst\u00fcrler ve aparatlar sunan test cihaz\u0131, farkl\u0131 kaps\u00fcl boyutlar\u0131n\u0131 ve \u015fekillerini bar\u0131nd\u0131rarak \u00e7ok \u00e7e\u015fitli yumu\u015fak jel uygulamalar\u0131 i\u00e7in \u00e7ok y\u00f6nl\u00fc hale getirir.<\/li>\n<li><strong>Uzun \u00d6m\u00fcrl\u00fc Dayan\u0131kl\u0131l\u0131k i\u00e7in \u00dcretildi<\/strong><br \/>\nSa\u011flam bile\u015fenler ve geli\u015fmi\u015f mekanizmalarla in\u015fa edilen test cihaz\u0131, uzun bir hizmet \u00f6mr\u00fc sa\u011flamak i\u00e7in \u00fcretilmi\u015ftir ve ar\u0131za s\u00fcresini ve bak\u0131m\u0131 azalt\u0131rken yat\u0131r\u0131m getirisini en \u00fcst d\u00fczeye \u00e7\u0131kar\u0131r.<\/li>\n<\/ul>\n<h2><strong>Yumu\u015fak Jel Kaps\u00fcl Sertlik Test Cihaz\u0131 Uygulamalar\u0131<\/strong><\/h2>\n<p>Bu cihaz, vitamin, mineral ve di\u011fer s\u0131v\u0131 ila\u00e7lar\u0131 i\u00e7eren yumu\u015fak jel kaps\u00fcllerin s\u0131k\u0131 kalite kontrol\u00fc gerektirdi\u011fi farmas\u00f6tik ve nutras\u00f6tik \u00fcretim ortamlar\u0131nda \u00e7ok \u00f6nemlidir. Yumu\u015fak Jel Kaps\u00fcl Sertlik Test Cihaz\u0131, \u00fcretim, paketleme ve kullan\u0131m i\u00e7in kalite g\u00fcvencesinde \u00e7ok \u00f6nemli bir rol oynar ve kaps\u00fcllerin t\u00fcketiciye ula\u015fana kadar b\u00fct\u00fcnl\u00fc\u011f\u00fcn\u00fc ve etkinli\u011fini korumas\u0131n\u0131 sa\u011flar.<\/p>\n<hr \/>\n<h2><strong>SSS B\u00f6l\u00fcm\u00fc<\/strong><\/h2>\n<ul>\n<li><strong>Q1<\/strong>: <em>Bu cihazla ne t\u00fcr kaps\u00fcller test edilebilir?<\/em><br \/>\n<strong>A<\/strong>: Yumu\u015fak Jel Kaps\u00fcl Sertlik Test Cihaz\u0131, vitamin ve s\u0131v\u0131 ila\u00e7 i\u00e7erenler de dahil olmak \u00fczere farmas\u00f6tik ve nutras\u00f6tiklerde kullan\u0131lan yumu\u015fak jel kaps\u00fclleri test etmek i\u00e7in idealdir.<\/li>\n<li><strong>Q2<\/strong>: <em>Sertlik testinin \u00f6nemi nedir?<\/em><br \/>\n<strong>A<\/strong>: Sertlik testi kaps\u00fcl duvar\u0131n\u0131n g\u00fcc\u00fcn\u00fc ve esnekli\u011fini de\u011ferlendirerek kaps\u00fcllerin normal kullan\u0131m, depolama veya paketleme s\u0131ras\u0131nda y\u0131rt\u0131lmamas\u0131n\u0131 sa\u011flamaya yard\u0131mc\u0131 olur.<\/li>\n<li><strong>Q3<\/strong>: <em>Bu test cihaz\u0131 esnekli\u011fi \u00f6l\u00e7ebilir mi?<\/em><br \/>\n<strong>A<\/strong>: Evet, belirli bir bas\u0131n\u00e7 y\u00fck\u00fc alt\u0131nda duvar deformasyonunu \u00f6l\u00e7erek kaps\u00fcl esnekli\u011fini \u00f6l\u00e7er ve kaps\u00fcllerin esnek ancak dayan\u0131kl\u0131 olmas\u0131n\u0131 sa\u011flar.<\/li>\n<li><strong>Q4<\/strong>: <em>CHT-01 belirli kaps\u00fcl tipleri i\u00e7in \u00f6zelle\u015ftirilebilir mi?<\/em><br \/>\n<strong>A<\/strong>: Evet, test cihaz\u0131 farkl\u0131 kaps\u00fcl \u015fekillerine ve boyutlar\u0131na uyum sa\u011flamak i\u00e7in \u00e7e\u015fitli fikst\u00fcrler ve aparatlarla \u00f6zelle\u015ftirilebilir, bu da onu \u00e7e\u015fitli test ihtiya\u00e7lar\u0131 i\u00e7in uygun hale getirir.<\/li>\n<li><strong>Q5<\/strong>: <em>Veri kayd\u0131 i\u00e7in hangi \u00e7\u0131kt\u0131 se\u00e7enekleri mevcuttur?<\/em><br \/>\n<strong>A<\/strong>: Test cihaz\u0131 verileri ekranda g\u00f6r\u00fcnt\u00fcler, bir mikro yaz\u0131c\u0131 arac\u0131l\u0131\u011f\u0131yla \u00e7\u0131kt\u0131 al\u0131nmas\u0131na izin verir ve dijital veri aktar\u0131m\u0131 i\u00e7in iste\u011fe ba\u011fl\u0131 RS232 ba\u011flant\u0131s\u0131 sunar.<\/li>\n<\/ul>","protected":false},"excerpt":{"rendered":"<p>\u0130la\u00e7 ve nutras\u00f6tik end\u00fcstrilerinde kalite kontrol \u00e7ok \u00f6nemlidir. Yumu\u015fak jel kaps\u00fcllerin paketleme, depolama ve da\u011f\u0131t\u0131m s\u00fcre\u00e7leri boyunca yap\u0131sal b\u00fct\u00fcnl\u00fcklerini korumalar\u0131n\u0131 sa\u011flamak kritik \u00f6nem ta\u015f\u0131r. Bu nedenle <strong>Yumu\u015fak Jel Kaps\u00fcl Sertlik Test Cihaz\u0131<\/strong>, \u00f6zellikle de <strong>CHT-01 Kaps\u00fcl ve Softjel Sertlik Test Cihaz\u0131<\/strong>, kaps\u00fcl s\u0131k\u0131l\u0131\u011f\u0131n\u0131, esnekli\u011fini ve genel g\u00fcc\u00fcn\u00fc \u00f6l\u00e7mek i\u00e7in tasarlanm\u0131\u015f y\u00fcksek hassasiyetli bir cihazd\u0131r. Sertlik, deformasyon ve s\u0131zd\u0131rmazl\u0131k g\u00fcc\u00fc gibi temel fakt\u00f6rleri de\u011ferlendiren bu test cihaz\u0131, \u00fcreticilerin \u00fcr\u00fcnlerinin g\u00fcvenli, etkili ve y\u00fcksek kaliteli oldu\u011funu garanti etmelerine yard\u0131mc\u0131 olur.<\/p>","protected":false},"featured_media":6205,"comment_status":"closed","ping_status":"closed","template":"","meta":{"site-sidebar-layout":"default","site-content-layout":"default","ast-global-header-display":"","ast-main-header-display":"","ast-hfb-above-header-display":"","ast-hfb-below-header-display":"","ast-hfb-mobile-header-display":"","site-post-title":"","ast-breadcrumbs-content":"","ast-featured-img":"","footer-sml-layout":"","theme-transparent-header-meta":"default","adv-header-id-meta":"","stick-header-meta":"","header-above-stick-meta":"","header-main-stick-meta":"","header-below-stick-meta":""},"product_cat":[845,953,956,955,1054,954,957,958,952,959,149,95],"product_tag":[],"class_list":{"0":"post-5110","1":"product","2":"type-product","3":"status-publish","4":"has-post-thumbnail","6":"product_cat-customization","7":"product_cat-bursting-tester","8":"product_cat-cobb-tester","9":"product_cat-crush-tester","10":"product_cat-hardness-tester","11":"product_cat-paper-tear-tester","12":"product_cat-plybond-tester","13":"product_cat-puncture-tester","14":"product_cat-rub-tester","15":"product_cat-stiffness-tester","16":"product_cat-pharma-and-medical-testers","17":"product_cat-products","18":"desktop-align-left","19":"tablet-align-left","20":"mobile-align-left","22":"first","23":"instock","24":"shipping-taxable","25":"product-type-simple"},"_links":{"self":[{"href":"https:\/\/www.qualitester.com\/tr\/wp-json\/wp\/v2\/product\/5110","targetHints":{"allow":["GET"]}}],"collection":[{"href":"https:\/\/www.qualitester.com\/tr\/wp-json\/wp\/v2\/product"}],"about":[{"href":"https:\/\/www.qualitester.com\/tr\/wp-json\/wp\/v2\/types\/product"}],"replies":[{"embeddable":true,"href":"https:\/\/www.qualitester.com\/tr\/wp-json\/wp\/v2\/comments?post=5110"}],"version-history":[{"count":0,"href":"https:\/\/www.qualitester.com\/tr\/wp-json\/wp\/v2\/product\/5110\/revisions"}],"wp:featuredmedia":[{"embeddable":true,"href":"https:\/\/www.qualitester.com\/tr\/wp-json\/wp\/v2\/media\/6205"}],"wp:attachment":[{"href":"https:\/\/www.qualitester.com\/tr\/wp-json\/wp\/v2\/media?parent=5110"}],"wp:term":[{"taxonomy":"product_cat","embeddable":true,"href":"https:\/\/www.qualitester.com\/tr\/wp-json\/wp\/v2\/product_cat?post=5110"},{"taxonomy":"product_tag","embeddable":true,"href":"https:\/\/www.qualitester.com\/tr\/wp-json\/wp\/v2\/product_tag?post=5110"}],"curies":[{"name":"wp","href":"https:\/\/api.w.org\/{rel}","templated":true}]}}