{"id":4677,"date":"2024-09-09T13:40:04","date_gmt":"2024-09-09T05:40:04","guid":{"rendered":"https:\/\/www.qualitester.com\/?post_type=product&#038;p=4677"},"modified":"2024-12-05T15:53:20","modified_gmt":"2024-12-05T07:53:20","slug":"tensile-strength-testing-machine","status":"publish","type":"product","link":"https:\/\/www.qualitester.com\/tr\/urun\/tensile-strength-testing-machine\/","title":{"rendered":"ASTM D882 Plastik Levha i\u00e7in \u00c7ekme Dayan\u0131m\u0131 Test Cihaz\u0131"},"content":{"rendered":"<h2>1. <strong>\u00c7ekme Dayan\u0131m\u0131 Test Cihaz\u0131n\u0131n Tan\u0131t\u0131m\u0131<\/strong><\/h2>\n<p>Bu <strong>ASTM D882 \u00c7ekme Dayan\u0131m\u0131 Test Cihaz\u0131<\/strong> ince plastik filmlerin ve tabakalar\u0131n gerilme \u00f6zelliklerini \u00f6l\u00e7mek i\u00e7in tasarlanm\u0131\u015f \u00f6zel bir cihazd\u0131r. Ambalaj, plastik ve t\u0131bbi cihazlar da dahil olmak \u00fczere \u00e7e\u015fitli sekt\u00f6rlerdeki \u00fcr\u00fcnlerin kalite ve g\u00fcvenilirli\u011finin sa\u011flanmas\u0131nda hayati bir rol oynar. Bu <a href=\"https:\/\/www.qualitester.com\/tr\/urun-kategori\/test-items\/tensile-tester\/\" target=\"_blank\" rel=\"noopener\"><strong>\u00e7ekme test cihaz\u0131<\/strong><\/a> malzemelerin mukavemetini ve uzamas\u0131n\u0131 de\u011ferlendirmek i\u00e7in \u00f6zel olarak tasarlanm\u0131\u015ft\u0131r ve \u00fcr\u00fcnlerinin dayan\u0131kl\u0131l\u0131\u011f\u0131n\u0131 ve performans\u0131n\u0131 art\u0131rmak isteyen \u00fcreticiler i\u00e7in vazge\u00e7ilmez bir ara\u00e7t\u0131r.<\/p>\n<p>ASTM D882 standard\u0131na ba\u011fl\u0131 kalarak, bu makine bir malzemenin gerilme mukavemeti, akma mukavemeti, kopma uzamas\u0131 ve elastikiyet mod\u00fcl\u00fc hakk\u0131nda do\u011fru ve g\u00fcvenilir veriler sa\u011flar. Bu parametreler, \u00fcr\u00fcnleri i\u00e7in esnek plastik film ve levhalara g\u00fcvenen end\u00fcstriler i\u00e7in kritik \u00f6neme sahiptir.<\/p>\n<h3>Ana Parametre<\/h3>\n<table width=\"475\">\n<tbody>\n<tr>\n<td width=\"179\">Test Aral\u0131\u011f\u0131<\/td>\n<td width=\"296\">0-500N (veya 50N, 100N, 200N, vb.)<\/td>\n<\/tr>\n<tr>\n<td>\u0130nme<\/td>\n<td>800mm (di\u011fer stroklar i\u00e7in \u00f6zelle\u015ftirilebilir)<\/td>\n<\/tr>\n<tr>\n<td>Test H\u0131z\u0131<\/td>\n<td>1 ~ 500 mm \/ dak<\/td>\n<\/tr>\n<tr>\n<td>Deplasman Do\u011frulu\u011fu<\/td>\n<td>0.01mm<\/td>\n<\/tr>\n<tr>\n<td>Do\u011fruluk<\/td>\n<td>0,5% Tam \u00d6l\u00e7ek<\/td>\n<\/tr>\n<tr>\n<td>\u00d6rnek Geni\u015fli\u011fi<\/td>\n<td>27mm (iste\u011fe ba\u011fl\u0131 geni\u015flik mevcuttur)<\/td>\n<\/tr>\n<tr>\n<td>Kontrol<\/td>\n<td>PLC ve HMI Ekran\u0131<\/td>\n<\/tr>\n<tr>\n<td>Veri \u00c7\u0131k\u0131\u015f\u0131<\/td>\n<td>Mikro yaz\u0131c\u0131 (iste\u011fe ba\u011fl\u0131), RS232 (iste\u011fe ba\u011fl\u0131)<\/td>\n<\/tr>\n<\/tbody>\n<\/table>\n<h3><strong>\u00dcretici ve Uzmanl\u0131k<\/strong><\/h3>\n<p>Cell Instruments, y\u00fcksek kaliteli ve hassas ekipman \u00fcretme konusundaki kararl\u0131l\u0131\u011f\u0131yla bilinen, malzeme test cihazlar\u0131 alan\u0131nda lider bir \u00fcreticidir. Uzmanl\u0131k alanlar\u0131 <strong>\u00f6zelle\u015fti\u0307rme ve otomasyon d\u00f6n\u00fc\u015f\u00fcm\u00fc<\/strong>, Cell Instruments, ambalaj, medikal, tekstil, plastik ve elektronik dahil olmak \u00fczere \u00e7e\u015fitli sekt\u00f6rlere hizmet vermektedir. Test \u00e7\u00f6z\u00fcmlerine odaklanarak, makinelerimizin yaln\u0131zca end\u00fcstri standartlar\u0131n\u0131 kar\u015f\u0131lamas\u0131n\u0131 de\u011fil, ayn\u0131 zamanda \u00fcreticilerin geli\u015fen ihtiya\u00e7lar\u0131n\u0131 kar\u015f\u0131lamak i\u00e7in geli\u015fmi\u015f i\u015flevsellik sa\u011flamas\u0131n\u0131 da sa\u011fl\u0131yoruz.<\/p>\n<p><img fetchpriority=\"high\" decoding=\"async\" class=\"aligncenter size-full wp-image-3943\" src=\"https:\/\/www.qualitester.com\/wp-content\/uploads\/2023\/04\/TST-01-Tensile-Tester-06.jpg\" alt=\"ASTM D882 Plastik Levha i\u00e7in \u00c7ekme Dayan\u0131m\u0131 Test Cihaz\u0131\" width=\"750\" height=\"750\" srcset=\"https:\/\/www.qualitester.com\/wp-content\/uploads\/2023\/04\/TST-01-Tensile-Tester-06.jpg 750w, https:\/\/www.qualitester.com\/wp-content\/uploads\/2023\/04\/TST-01-Tensile-Tester-06-300x300.jpg 300w, https:\/\/www.qualitester.com\/wp-content\/uploads\/2023\/04\/TST-01-Tensile-Tester-06-150x150.jpg 150w, https:\/\/www.qualitester.com\/wp-content\/uploads\/2023\/04\/TST-01-Tensile-Tester-06-600x600.jpg 600w, https:\/\/www.qualitester.com\/wp-content\/uploads\/2023\/04\/TST-01-Tensile-Tester-06-100x100.jpg 100w\" sizes=\"(max-width: 750px) 100vw, 750px\" \/><\/p>\n<h2>2. <strong>ASTM D882 nedir?<\/strong><\/h2>\n<h3><strong>Tan\u0131m ve Ama\u00e7<\/strong><\/h3>\n<p><a href=\"https:\/\/www.astm.org\/standards\/d882\" target=\"_blank\" rel=\"noopener nofollow\"><strong>ASTM D882<\/strong><\/a> kal\u0131nl\u0131\u011f\u0131 1,0 mm'den az olan ince plastik filmlerin ve tabakalar\u0131n gerilme \u00f6zelliklerini belirlemek i\u00e7in kullan\u0131lan standart test y\u00f6ntemidir. Test, ambalajlama, medikal ve yap\u0131\u015ft\u0131r\u0131c\u0131 uygulamalar\u0131nda yayg\u0131n olarak kullan\u0131lan plastik malzemelerin mukavemetini, esnekli\u011fini ve dayan\u0131kl\u0131l\u0131\u011f\u0131n\u0131 de\u011ferlendirmek i\u00e7in gereklidir.<\/p>\n<p>Bu <strong>\u00c7ekme Dayan\u0131m\u0131<\/strong> testi, malzemenin k\u0131r\u0131lmadan \u00f6nce ne kadar strese dayanabilece\u011fini \u00f6l\u00e7erken <strong>kopma uzamas\u0131<\/strong> parametresi, malzemenin bozulmadan \u00f6nce ne kadar esnedi\u011fini ortaya koyar. Bu parametre <strong>esneklik mod\u00fcl\u00fc<\/strong> malzemenin sertli\u011fine ili\u015fkin bir g\u00f6sterge verir. Bu \u00f6l\u00e7\u00fcmler, malzemelerin performans beklentilerini kar\u015f\u0131lamas\u0131n\u0131 sa\u011flamak i\u00e7in kalite kontrol ve \u00fcr\u00fcn geli\u015ftirmede kritik \u00f6neme sahiptir.<\/p>\n<h3><strong>Uygulama Kapsam\u0131<\/strong><\/h3>\n<p>ASTM D882 standard\u0131, esnek plastik filmler ve tabakalar kullanan end\u00fcstrilerde yayg\u0131n olarak uygulanabilir:<\/p>\n<ul>\n<li><strong>Paketleme<\/strong>: Filmlerin nakliye ve kullan\u0131m s\u0131ras\u0131nda strese dayanabilmesini sa\u011flamak.<\/li>\n<li><strong>T\u0131bbi<\/strong>: Sterilite ve dayan\u0131kl\u0131l\u0131\u011f\u0131 sa\u011flamak i\u00e7in t\u0131bbi ambalajlamada kullan\u0131lan filmlerin de\u011ferlendirilmesi.<\/li>\n<li><strong>Yap\u0131\u015ft\u0131r\u0131c\u0131lar<\/strong>: Bantlar ve laminatlar gibi \u00fcr\u00fcnler i\u00e7in gerilme \u00f6zelliklerinin \u00f6l\u00e7\u00fclmesi.<\/li>\n<li><strong>Plastik ve G\u0131da end\u00fcstrileri<\/strong>: Paketleme ve depolamada \u00fcr\u00fcn b\u00fct\u00fcnl\u00fc\u011f\u00fcn\u00fcn sa\u011flanmas\u0131.<\/li>\n<\/ul>\n<h2>3. <strong>ASTM D882 \u00c7ekme Dayan\u0131m\u0131 Test Cihaz\u0131n\u0131n Temel \u00d6zellikleri<\/strong><\/h2>\n<p>\u00c7ekme Dayan\u0131m\u0131 Test Cihaz\u0131, kullan\u0131labilirli\u011fini ve do\u011frulu\u011funu art\u0131ran \u00f6zelliklerle doludur:<\/p>\n<ul>\n<li><strong>7 in\u00e7 HMI Dokunmatik Ekran<\/strong>: Sezgisel aray\u00fcz, kolay kullan\u0131m ve test parametreleri \u00fczerinde hassas kontrol sa\u011flar.<\/li>\n<li><strong>PLC Kontrol Sistemi<\/strong>: Verimli, istikrarl\u0131 ve g\u00fcvenilir test operasyonlar\u0131 sa\u011flar.<\/li>\n<li><strong>Hassas Bilyal\u0131 K\u0131lavuz Vida<\/strong>: \u00c7ekme mukavemeti testi s\u0131ras\u0131nda do\u011fru ve tutarl\u0131 sonu\u00e7lar sa\u011flar.<\/li>\n<li><strong>Ayarlanabilir Test H\u0131z\u0131<\/strong>: Kullan\u0131c\u0131lar\u0131n belirli malzeme gereksinimlerini kar\u015f\u0131lamak i\u00e7in test h\u0131z\u0131n\u0131 \u00f6zelle\u015ftirmelerini sa\u011flar.<\/li>\n<li><strong>\u00c7oklu Armat\u00fcrlerle Uyumluluk<\/strong>: Makine farkl\u0131 \u00e7eneler ve fikst\u00fcrlerle donat\u0131labilir, bu da onu \u00e7e\u015fitli malzeme t\u00fcrleri i\u00e7in \u00e7ok y\u00f6nl\u00fc hale getirir.<\/li>\n<li><strong>S\u0131n\u0131rlama Cihaz\u0131 ve Otomatik Geri D\u00f6n\u00fc\u015f Fonksiyonu<\/strong>: Bu \u00f6zellikler, test s\u0131ras\u0131nda numunenin ve makinenin korunmas\u0131na yard\u0131mc\u0131 olurken ayn\u0131 zamanda i\u015flemi kolayla\u015ft\u0131r\u0131r.<\/li>\n<li><strong>\u0130ste\u011fe Ba\u011fl\u0131 Mikro Yaz\u0131c\u0131<\/strong>: Kullan\u0131c\u0131lar, an\u0131nda test sonucu yazd\u0131rmak i\u00e7in bir mikro yaz\u0131c\u0131 eklemeyi tercih edebilir.<\/li>\n<\/ul>\n<p>Bu \u00f6zellikler, makineyi tutarl\u0131 ve g\u00fcvenilir gerilme mukavemeti testi yapmak isteyen \u00fcreticiler i\u00e7in ideal bir se\u00e7im haline getirir.<\/p>\n<h2>4. <strong>ASTM D882 Test Y\u00f6ntemleri<\/strong><\/h2>\n<div class=\"ast-oembed-container\" style=\"height: 100%;\"><iframe title=\"ASTM D882 esnek malzemeler i\u00e7in \u00e7ekme test cihaz\u0131 model TST-01 Soyulma uzama mukavemeti testi\" width=\"500\" height=\"281\" src=\"https:\/\/www.youtube.com\/embed\/DVxj_f6DNmI?feature=oembed\" frameborder=\"0\" allow=\"accelerometer; autoplay; clipboard-write; encrypted-media; gyroscope; picture-in-picture; web-share\" referrerpolicy=\"strict-origin-when-cross-origin\" allowfullscreen><\/iframe><\/div>\n<h3><strong>Test Prosed\u00fcr\u00fcne Genel Bak\u0131\u015f<\/strong><\/h3>\n<p>ASTM D882 \u00e7ekme mukavemeti testi, tutarl\u0131 sonu\u00e7lar elde etmek i\u00e7in standart bir prosed\u00fcr izler. \u0130\u015fte temel ad\u0131mlar\u0131n bir tasla\u011f\u0131:<\/p>\n<ol>\n<li><strong>Numune Haz\u0131rlama<\/strong>: \u0130nce plastik filmler ASTM D882 standartlar\u0131na g\u00f6re belirli bir boyutta kesilir. Tipik olarak, numune 25 mm geni\u015fli\u011finde ve do\u011fru \u00f6l\u00e7\u00fcmleri sa\u011flamak i\u00e7in yeterince uzundur.<\/li>\n<li><strong>Numunenin Montaj\u0131<\/strong>: Haz\u0131rlanan numune, \u00e7ekme test cihaz\u0131n\u0131n iki \u00e7enesi aras\u0131na, bir \u00e7ene sabit ve di\u011feri kontroll\u00fc bir h\u0131zda hareket edecek \u015fekilde monte edilir.<\/li>\n<li><strong>Kuvvet Uygulama<\/strong>: Makine, numune ba\u015far\u0131s\u0131z olana kadar tek eksenli bir \u00e7ekme kuvveti uygular. Bu i\u015flem s\u0131ras\u0131nda, \u00e7ekme mukavemeti, uzama, akma mukavemeti ve elastikiyet mod\u00fcl\u00fcn\u00fc kaydeder.<\/li>\n<\/ol>\n<h3><strong>\u00d6l\u00e7\u00fcm Parametreleri<\/strong><\/h3>\n<ul>\n<li><strong>\u00c7ekme Dayan\u0131m\u0131<\/strong>: Bir malzemenin k\u0131r\u0131lmadan \u00f6nce dayanabilece\u011fi maksimum gerilim.<\/li>\n<li><strong>Akma Dayan\u0131m\u0131<\/strong>: Bir malzemenin plastik olarak deforme olmaya ba\u015flad\u0131\u011f\u0131 gerilme.<\/li>\n<li><strong>Kopma Uzamas\u0131<\/strong>: Malzemenin k\u0131r\u0131lmadan \u00f6nce maruz kald\u0131\u011f\u0131 gerilme (esneme) miktar\u0131.<\/li>\n<li><strong>Elastisite Mod\u00fcl\u00fc<\/strong>: Bu de\u011fer, gerilme-gerinim e\u011frisinin elastik b\u00f6lgesinde gerilmenin gerinime b\u00f6l\u00fcnmesiyle hesaplanan malzemenin sertli\u011fini temsil eder.<\/li>\n<\/ul>\n<h2>5. <strong>ASTM D882'de Plastik \u00c7ekme Dayan\u0131m\u0131 Testinin A\u00e7\u0131klamas\u0131<\/strong><\/h2>\n<h3><strong>Plastik \u00c7ekme Testinin Amac\u0131<\/strong><\/h3>\n<p>\u00c7ekme mukavemeti testi a\u015fa\u011f\u0131dakiler i\u00e7in \u00e7ok \u00f6nemlidir <strong>plasti\u0307k malzemeler<\/strong> \u00c7\u00fcnk\u00fc malzemenin stres alt\u0131nda nas\u0131l performans g\u00f6sterece\u011fi hakk\u0131nda bilgi verir. Plastik filmlerin \u00fcr\u00fcnleri korumak i\u00e7in kullan\u0131ld\u0131\u011f\u0131 ambalaj gibi sekt\u00f6rlerde, gerilme \u00f6zelliklerinin anla\u015f\u0131lmas\u0131, \u00fcreticilerin malzemenin kullan\u0131m s\u0131ras\u0131nda bozulmamas\u0131n\u0131 sa\u011flamas\u0131na yard\u0131mc\u0131 olur.<\/p>\n<h3><strong>ASTM D882'nin Kalite Kontrol\u00fcndeki \u00d6nemi<\/strong><\/h3>\n<p>ASTM D882 standard\u0131, malzemelerin belirli g\u00fc\u00e7 ve dayan\u0131kl\u0131l\u0131k gereksinimlerini kar\u015f\u0131lamas\u0131n\u0131 sa\u011flar. Bu standart, g\u00fcvenilir ve y\u00fcksek performansl\u0131 \u00fcr\u00fcnler \u00fcretmeyi hedefleyen \u00fcreticiler i\u00e7in hayati \u00f6nem ta\u015f\u0131maktad\u0131r. \u00d6rne\u011fin:<\/p>\n<ul>\n<li><strong>G\u0131da ambalajlar\u0131nda<\/strong>, \u00c7ekme testi, plastik filmin y\u0131rt\u0131lmadan veya b\u00fct\u00fcnl\u00fc\u011f\u00fcn\u00fc kaybetmeden nakliye zorluklar\u0131na dayanabilece\u011fini do\u011frulamaya yard\u0131mc\u0131 olur.<\/li>\n<li><strong>T\u0131bbi cihazlarda<\/strong>, gerilme mukavemeti testi, ambalaj malzemelerinin nakliye ve depolama s\u0131ras\u0131nda steril i\u00e7eri\u011fi korumas\u0131n\u0131 sa\u011flar.<\/li>\n<\/ul>\n<h3><strong>ASTM D882 \u00c7ekme Dayan\u0131m\u0131 Test Cihaz\u0131 Kullanman\u0131n Faydalar\u0131<\/strong><\/h3>\n<ul>\n<li><strong>Uluslararas\u0131 Standartlara Uygunluk<\/strong>: Bu \u00e7ekme test cihaz\u0131n\u0131n kullan\u0131lmas\u0131, \u00fcreticilerin ASTM D882 gereksinimlerini kar\u015f\u0131lamas\u0131n\u0131 sa\u011flayarak \u00fcr\u00fcnlerini k\u00fcresel pazarlarda daha g\u00fcvenilir ve kabul edilebilir hale getirir.<\/li>\n<li><strong>Geli\u015ftirilmi\u015f \u00dcr\u00fcn Tasar\u0131m\u0131<\/strong>: \u00dcreticiler, malzeme s\u0131n\u0131rlar\u0131n\u0131 anlayarak \u00fcr\u00fcnlerinin performans\u0131n\u0131 ve dayan\u0131kl\u0131l\u0131\u011f\u0131n\u0131 art\u0131rmak i\u00e7in form\u00fclasyonlar\u0131 ayarlayabilirler.<\/li>\n<li><strong>Artan Verimlilik<\/strong>: Makinenin otomatik \u00f6zellikleri manuel \u00e7al\u0131\u015fma s\u00fcresini azalt\u0131r ve genel test s\u00fcrecini iyile\u015ftirir.<\/li>\n<\/ul>\n<h2><strong>6. Neden Cell Instruments'\u0131n D882 \u00c7ekme Dayan\u0131m\u0131 Test Cihaz\u0131n\u0131 Se\u00e7melisiniz?<\/strong><\/h2>\n<p>Cell Instruments sa\u011flam bir <strong>ASTM D882 \u00c7ekme Dayan\u0131m\u0131 Test Cihaz\u0131<\/strong> en y\u00fcksek end\u00fcstri standartlar\u0131n\u0131 kar\u015f\u0131lamak \u00fczere tasarlanm\u0131\u015ft\u0131r. Hassas \u00f6l\u00e7\u00fcm yetenekleri, \u00f6zelle\u015ftirme se\u00e7enekleri ve kullan\u0131m kolayl\u0131\u011f\u0131 ile bu \u00e7ekme test cihaz\u0131, malzeme test s\u00fcre\u00e7lerini geli\u015ftirmek isteyen \u00fcreticiler i\u00e7in m\u00fckemmel bir \u00e7\u00f6z\u00fcm olarak \u00f6ne \u00e7\u0131k\u0131yor.<\/p>\n<p>ASTM D882 \u00c7ekme Dayan\u0131m\u0131 Test Cihaz\u0131m\u0131z\u0131n \u00fcretim s\u00fcrecinizi nas\u0131l destekleyebilece\u011fi hakk\u0131nda daha fazla bilgi edinmek veya \u00f6zelle\u015ftirme se\u00e7enekleri hakk\u0131nda bilgi almak i\u00e7in l\u00fctfen bug\u00fcn bizimle ileti\u015fime ge\u00e7in.<\/p>\n<h3><strong>SSS<\/strong><\/h3>\n<ol>\n<li><strong>\u00c7ekme Dayan\u0131m\u0131 Test Cihaz\u0131 ne t\u00fcr malzemeleri test edebilir?<\/strong><br \/>\nMakine, tipik olarak 1.0 mm'den daha az kal\u0131nl\u0131\u011fa sahip ince plastik filmleri ve tabakalar\u0131 test etmek i\u00e7in tasarlanm\u0131\u015ft\u0131r.<\/li>\n<li><strong>ASTM D882'nin di\u011fer gerilme mukavemeti standartlar\u0131ndan fark\u0131 nedir?<\/strong><br \/>\nASTM D882 \u00f6zellikle ince plastik filmlere odaklan\u0131rken, di\u011fer standartlar metaller veya daha kal\u0131n plastikler gibi farkl\u0131 malzeme t\u00fcrleri i\u00e7in ge\u00e7erli olabilir.<\/li>\n<li><strong>\u00c7ekme mukavemeti testi ambalaj malzemeleri i\u00e7in neden \u00f6nemlidir?<\/strong><br \/>\n\u00c7ekme mukavemeti testi, ambalaj malzemelerinin nakliye ve ta\u015f\u0131ma s\u0131ras\u0131nda kar\u015f\u0131la\u015ft\u0131klar\u0131 gerilimlere k\u0131r\u0131lmadan dayanabilmesini sa\u011flar.<\/li>\n<li><strong>Makine \u00f6zel test gereksinimleri i\u00e7in \u00f6zelle\u015ftirilebilir mi?<\/strong><br \/>\nEvet, Cell Instruments \u00e7e\u015fitli sekt\u00f6rlerin benzersiz test ihtiya\u00e7lar\u0131n\u0131 kar\u015f\u0131lamak i\u00e7in \u00f6zelle\u015ftirme se\u00e7enekleri sunar.<\/li>\n<li><strong>Bu makinede hangi ek \u00f6zellikler mevcut?<\/strong><br \/>\n\u0130ste\u011fe ba\u011fl\u0131 \u00f6zellikler aras\u0131nda an\u0131nda sonu\u00e7 yazd\u0131rma i\u00e7in bir mikro yaz\u0131c\u0131 ve \u00e7ok y\u00f6nl\u00fc test i\u00e7in birden fazla fikst\u00fcrle uyumluluk bulunur.<\/li>\n<\/ol>\n<h2>\u0130lgili Makaleler<\/h2>\n<p>&nbsp;<\/p>","protected":false},"excerpt":{"rendered":"<p>Bu <strong>ASTM D882 \u00c7ekme Dayan\u0131m\u0131 Test Cihaz\u0131<\/strong> ince plastik filmlerin ve tabakalar\u0131n gerilme \u00f6zelliklerini \u00f6l\u00e7mek i\u00e7in tasarlanm\u0131\u015f \u00f6zel bir cihazd\u0131r.<\/p>","protected":false},"featured_media":0,"comment_status":"closed","ping_status":"closed","template":"","meta":{"site-sidebar-layout":"default","site-content-layout":"default","ast-global-header-display":"","ast-main-header-display":"","ast-hfb-above-header-display":"","ast-hfb-below-header-display":"","ast-hfb-mobile-header-display":"","site-post-title":"","ast-breadcrumbs-content":"","ast-featured-img":"","footer-sml-layout":"","theme-transparent-header-meta":"default","adv-header-id-meta":"","stick-header-meta":"","header-above-stick-meta":"","header-main-stick-meta":"","header-below-stick-meta":""},"product_cat":[845,679,672,16,99,110,95],"product_tag":[],"class_list":{"0":"post-4677","1":"product","2":"type-product","3":"status-publish","5":"product_cat-customization","6":"product_cat-tensile-tester","7":"product_cat-applied-materials","8":"product_cat-plastic-packaging-testers","9":"product_cat-astm","10":"product_cat-astm-d882","11":"product_cat-products","12":"desktop-align-left","13":"tablet-align-left","14":"mobile-align-left","16":"first","17":"instock","18":"shipping-taxable","19":"product-type-simple"},"_links":{"self":[{"href":"https:\/\/www.qualitester.com\/tr\/wp-json\/wp\/v2\/product\/4677","targetHints":{"allow":["GET"]}}],"collection":[{"href":"https:\/\/www.qualitester.com\/tr\/wp-json\/wp\/v2\/product"}],"about":[{"href":"https:\/\/www.qualitester.com\/tr\/wp-json\/wp\/v2\/types\/product"}],"replies":[{"embeddable":true,"href":"https:\/\/www.qualitester.com\/tr\/wp-json\/wp\/v2\/comments?post=4677"}],"version-history":[{"count":0,"href":"https:\/\/www.qualitester.com\/tr\/wp-json\/wp\/v2\/product\/4677\/revisions"}],"wp:attachment":[{"href":"https:\/\/www.qualitester.com\/tr\/wp-json\/wp\/v2\/media?parent=4677"}],"wp:term":[{"taxonomy":"product_cat","embeddable":true,"href":"https:\/\/www.qualitester.com\/tr\/wp-json\/wp\/v2\/product_cat?post=4677"},{"taxonomy":"product_tag","embeddable":true,"href":"https:\/\/www.qualitester.com\/tr\/wp-json\/wp\/v2\/product_tag?post=4677"}],"curies":[{"name":"wp","href":"https:\/\/api.w.org\/{rel}","templated":true}]}}