{"id":4401,"date":"2024-07-23T11:40:39","date_gmt":"2024-07-23T03:40:39","guid":{"rendered":"https:\/\/www.qualitester.com\/?post_type=product&#038;p=4401"},"modified":"2024-12-27T14:18:45","modified_gmt":"2024-12-27T06:18:45","slug":"best-balloon-burst-tester-for-sale","status":"publish","type":"product","link":"https:\/\/www.qualitester.com\/tr\/urun\/best-balloon-burst-tester-for-sale\/","title":{"rendered":"LSST-01 S\u0131z\u0131nt\u0131 ve S\u0131zd\u0131rmazl\u0131k Dayan\u0131m\u0131 Test Cihaz\u0131"},"content":{"rendered":"<p>Bu <strong>Balon Patlama Test Cihaz\u0131<\/strong> \u00e7ok y\u00f6nl\u00fcd\u00fcr, \u00e7e\u015fitli sekt\u00f6rlerde, plastik filmler ve laminatlar, t\u0131bbi cihaz ambalajlar\u0131, ila\u00e7 ambalajlar\u0131, g\u0131da ve i\u00e7ecek ambalajlar\u0131, t\u00fcketim mallar\u0131 ambalajlar\u0131 dahil olmak \u00fczere ambalaj malzemelerinde uygulama alan\u0131 bulur.<\/p>\n<h2>Balon Patlama Test Cihaz\u0131na Tam Giri\u015f<\/h2>\n<p>Bu <strong>Balon Patlama Test Cihaz\u0131<\/strong> hassas ve g\u00fcvenilir sa\u011flamak i\u00e7in tasarlanm\u0131\u015ft\u0131r <em><span style=\"text-decoration: underline;\">\u00c7ok \u00e7e\u015fitli ambalaj malzemeleri i\u00e7in patlama testi<\/span><\/em>s. End\u00fcstriyel d\u00fczeyde stabilite sunan PLC kontroll\u00fc bir \u00fcnitedir ve kolay kullan\u0131m i\u00e7in kullan\u0131c\u0131 dostu bir HMI dokunmatik ekran ile tamamlan\u0131r. Test cihaz\u0131, verimlili\u011fi ve veri y\u00f6netimini art\u0131ran otomatik test sonucu istatistikleri ve depolama ile donat\u0131lm\u0131\u015ft\u0131r.<\/p>\n<p><a href=\"https:\/\/www.qualitester.com\/tr\/urun-kategori\/test-items\/bursting-tester\/\"><img fetchpriority=\"high\" decoding=\"async\" class=\"wp-image-4402 size-full aligncenter\" src=\"https:\/\/www.qualitester.com\/wp-content\/uploads\/2024\/07\/astm-f1440-Balloon-Burst-Tester-astm-f2054.jpg\" alt=\"astm f1440 Balon Patlama Test Cihaz\u0131 astm f2054\" width=\"600\" height=\"600\" srcset=\"https:\/\/www.qualitester.com\/wp-content\/uploads\/2024\/07\/astm-f1440-Balloon-Burst-Tester-astm-f2054.jpg 600w, https:\/\/www.qualitester.com\/wp-content\/uploads\/2024\/07\/astm-f1440-Balloon-Burst-Tester-astm-f2054-300x300.jpg 300w, https:\/\/www.qualitester.com\/wp-content\/uploads\/2024\/07\/astm-f1440-Balloon-Burst-Tester-astm-f2054-150x150.jpg 150w, https:\/\/www.qualitester.com\/wp-content\/uploads\/2024\/07\/astm-f1440-Balloon-Burst-Tester-astm-f2054-100x100.jpg 100w\" sizes=\"(max-width: 600px) 100vw, 600px\" \/><\/a><\/p>\n<h2>Teknik \u00d6zellikler<\/h2>\n<ul>\n<li><strong>PLC Kontroll\u00fc \u00dcnite<\/strong>: End\u00fcstriyel d\u00fczeyde stabilite ve hassas kontrol sa\u011flar.<\/li>\n<li><strong>Kullan\u0131c\u0131 Dostu HMI Dokunmatik Ekran<\/strong>: Kullan\u0131m\u0131 basitle\u015ftirir ve e\u011fitim s\u00fcresini azalt\u0131r.<\/li>\n<li><strong>Otomatik Test Sonucu \u0130statistikleri ve Depolama<\/strong>: Verimli veri y\u00f6netimi ve analizini kolayla\u015ft\u0131r\u0131r.<\/li>\n<li><strong>\u00c7e\u015fitli Armat\u00fcrlerle Uyumluluk<\/strong>: \u00dc\u00e7 taraf\u0131 m\u00fch\u00fcrl\u00fc paketler, kapal\u0131 paketler, doygun paketler, t\u00fcpler, m\u00fch\u00fcrl\u00fc tepsiler ve kaplar dahil olmak \u00fczere farkl\u0131 paket formlar\u0131n\u0131n test edilmesine izin verir.<\/li>\n<li><strong>\u00dc\u00e7 Test Modu<\/strong>: Patlama, s\u00fcr\u00fcnme ve ar\u0131zaya kadar s\u00fcr\u00fcnme, \u00e7e\u015fitli test gereksinimlerini kar\u015f\u0131lar.<\/li>\n<li><strong>Ki\u015fiselle\u015ftirilmi\u015f Hassasiyet ve E\u015fik Ayarlar\u0131<\/strong>: \u00d6zel test ihtiya\u00e7lar\u0131 i\u00e7in \u00f6zelle\u015ftirme sa\u011flar.<\/li>\n<li><strong>600 KPa'ya Kadar Bas\u0131n\u00e7 Aral\u0131\u011f\u0131<\/strong>: Benzersiz test spesifikasyonlar\u0131n\u0131 kar\u015f\u0131lamak i\u00e7in \u00f6zelle\u015ftirilebilir.<\/li>\n<li><strong>\u00d6zelle\u015ftirilebilir Programlama<\/strong>: Belirli test protokollerine uyum sa\u011flamak i\u00e7in esneklik sa\u011flar.<\/li>\n<\/ul>\n<h2>Test Y\u00f6ntemleri<\/h2>\n<h3>Ambalaj Patlama Testi Prensibi<\/h3>\n<p><em><span style=\"text-decoration: underline;\">Balon Patlama Testi y\u00f6ntemi, bir ambalaj\u0131n patlayana kadar \u015fi\u015firilmesini ve patlaman\u0131n meydana geldi\u011fi bas\u0131n\u00e7 ve hacmin \u00f6l\u00e7\u00fclmesini i\u00e7erir.<\/span> <\/em>Bu test, ambalaj malzemelerinin patlama mukavemetini de\u011ferlendirmek, ta\u015f\u0131ma ve depolama s\u0131ras\u0131nda i\u00e7 bas\u0131nca dayanabilmelerini sa\u011flamak i\u00e7in \u00e7ok \u00f6nemlidir.<\/p>\n<div class=\"ast-oembed-container\" style=\"height: 100%;\"><iframe title=\"Doy paketi ve emzik paketi s\u0131zd\u0131rmazl\u0131k mukavemeti test cihaz\u0131 Doy paketi i\u00e7in kalite kontrol\u00fc\" width=\"500\" height=\"281\" src=\"https:\/\/www.youtube.com\/embed\/abNWfwlLaVQ?feature=oembed\" frameborder=\"0\" allow=\"accelerometer; autoplay; clipboard-write; encrypted-media; gyroscope; picture-in-picture; web-share\" referrerpolicy=\"strict-origin-when-cross-origin\" allowfullscreen><\/iframe><\/div>\n<h3>Standart Test Prosed\u00fcrleri<\/h3>\n<ol>\n<li><strong>Numune Haz\u0131rlama ve \u015eartland\u0131rma<\/strong>: Numuneler belirtilen standartlara g\u00f6re haz\u0131rlan\u0131r ve testten \u00f6nce uygun ortama ko\u015fulland\u0131r\u0131l\u0131r.<\/li>\n<li><strong>Test Kurulumu ve Parametrelerin Yap\u0131land\u0131r\u0131lmas\u0131<\/strong>: Balon patlama test cihaz\u0131 uygun fikst\u00fcrlerle kurulur ve test parametreleri numune t\u00fcr\u00fcne ve test gereksinimlerine g\u00f6re yap\u0131land\u0131r\u0131l\u0131r.<\/li>\n<li><strong>Test ve \u00d6l\u00e7\u00fcm Kayd\u0131n\u0131n Y\u00fcr\u00fct\u00fclmesi<\/strong>: Paket patlayana kadar \u015fi\u015firilir ve test cihaz\u0131 patlama bas\u0131nc\u0131n\u0131 ve hacmini kaydeder.<\/li>\n<li><strong>Sonu\u00e7lar\u0131n Yorumlanmas\u0131<\/strong>: Malzemenin mukavemetini ve performans\u0131n\u0131 de\u011ferlendirmek i\u00e7in patlama bas\u0131nc\u0131 ve hacmi analiz edilerek kalite kontrol\u00fc ve malzeme kar\u015f\u0131la\u015ft\u0131rmas\u0131 kolayla\u015ft\u0131r\u0131l\u0131r.<\/li>\n<\/ol>\n<h2>ASTM Standard\u0131nda Ambalaj Patlama Testi<\/h2>\n<h3><a href=\"https:\/\/www.qualitester.com\/tr\/urun-kategori\/astm\/astm-f1140\/\">ASTM F1140<\/a><\/h3>\n<p style=\"padding-left: 40px;\">-S\u0131n\u0131rland\u0131r\u0131lmam\u0131\u015f Paketlerin \u0130\u00e7 Bas\u0131n\u00e7land\u0131rma Ar\u0131za Direnci i\u00e7in Standart Test Y\u00f6ntemleri<\/p>\n<ul>\n<li><strong>Genel Bak\u0131\u015f <a href=\"https:\/\/www.astm.org\/f1140_f1140m-13r20e01.html\" target=\"_blank\" rel=\"noopener nofollow\">ASTM F1140<\/a><\/strong>: Bu standart, s\u0131n\u0131rland\u0131r\u0131lmam\u0131\u015f paketlerin i\u00e7 bas\u0131n\u00e7 hatas\u0131 direncini test etme y\u00f6ntemlerini \u00f6zetler.<\/li>\n<li><strong>ASTM F1140 uyar\u0131nca Ayr\u0131nt\u0131l\u0131 Test Prosed\u00fcr\u00fc<\/strong>: Ambalaj\u0131n patlayana kadar \u015fi\u015firilmesini ve patlama bas\u0131nc\u0131 ile hacminin kaydedilmesini i\u00e7erir.<\/li>\n<li><strong>ASTM F1140 ile Uyumlulu\u011fun \u00d6nemi<\/strong>: \u00dcr\u00fcn g\u00fcvenli\u011fi ve performans\u0131 i\u00e7in kritik olan ambalaj b\u00fct\u00fcnl\u00fc\u011f\u00fcn\u00fc ve g\u00fcvenilirli\u011fini sa\u011flar.<\/li>\n<\/ul>\n<h4><a href=\"https:\/\/www.qualitester.com\/tr\/urun-kategori\/astm\/astm-f2054\/\">ASTM F2054<\/a><\/h4>\n<p style=\"padding-left: 40px;\">-S\u0131n\u0131rlama Plakalar\u0131 \u0130\u00e7inde Dahili Hava Bas\u0131n\u00e7land\u0131rmas\u0131 Kullan\u0131larak Esnek Paket Contalar\u0131n\u0131n Patlama Testi i\u00e7in Standart Test Y\u00f6ntemi<\/p>\n<ul>\n<li><strong>Genel Bak\u0131\u015f <a href=\"https:\/\/www.astm.org\/f2054_f2054m-13r20.html\" target=\"_blank\" rel=\"noopener nofollow\">ASTM F2054<\/a><\/strong>: Bu standart, s\u0131n\u0131rlama plakalar\u0131 i\u00e7inde dahili hava bas\u0131nc\u0131 kullanarak esnek paket contalar\u0131n\u0131n patlama testi i\u00e7in y\u00f6ntemi belirler.<\/li>\n<li><strong>ASTM F2054 uyar\u0131nca Ayr\u0131nt\u0131l\u0131 Test Prosed\u00fcr\u00fc<\/strong>: Paketin tutucu plakalar i\u00e7ine yerle\u015ftirilmesi, \u015fi\u015firilmesi ve patlama bas\u0131nc\u0131 ile hacminin kaydedilmesini i\u00e7erir.<\/li>\n<li><strong>ASTM F2054'\u00fcn \u00d6nemi<\/strong>: \u00d6zellikle esnek ambalajlar i\u00e7in s\u0131zd\u0131rmazl\u0131k mukavemetini de\u011ferlendirmek ve ambalaj b\u00fct\u00fcnl\u00fc\u011f\u00fcn\u00fc sa\u011flamak i\u00e7in gereklidir.<\/li>\n<\/ul>\n<h2>Balon Patlama Test Cihaz\u0131m\u0131z\u0131 Kullanman\u0131n Avantajlar\u0131<\/h2>\n<p><strong>1. Hassasiyet ve G\u00fcvenilirlik<\/strong><\/p>\n<ul>\n<li><strong>\u00d6l\u00e7\u00fcmlerde Y\u00fcksek Do\u011fruluk<\/strong>: Kesin ve g\u00fcvenilir patlama g\u00fcc\u00fc verileri sa\u011flar.<\/li>\n<li><strong>Tutarl\u0131 ve Tekrarlanabilir Sonu\u00e7lar<\/strong>: Test sonu\u00e7lar\u0131nda ve malzeme performans de\u011ferlendirmesinde g\u00fcven sa\u011flar.<\/li>\n<\/ul>\n<p><strong>2. \u00c7ok y\u00f6nl\u00fcl\u00fck<\/strong><\/p>\n<ul>\n<li><em><span style=\"text-decoration: underline;\"><strong>\u00c7ok \u00c7e\u015fitli Malzeme ve Ambalaj T\u00fcrleri i\u00e7in Uygun<\/strong>: Farkl\u0131 end\u00fcstrilerdeki \u00e7e\u015fitli test gereksinimlerini kar\u015f\u0131lar.<\/span><\/em><\/li>\n<li><em><span style=\"text-decoration: underline;\"><strong>Farkl\u0131 Test Gereksinimleri i\u00e7in Ayarlanabilir Test Parametreleri<\/strong>: Farkl\u0131 malzeme ve paketlerin test edilmesinde esneklik sunar.<\/span><\/em><\/li>\n<\/ul>\n<p><strong>3. Kullan\u0131m Kolayl\u0131\u011f\u0131<\/strong><\/p>\n<ul>\n<li><strong>Sezgisel Yaz\u0131l\u0131m Aray\u00fcz\u00fc<\/strong>: \u00c7al\u0131\u015fmay\u0131 basitle\u015ftirir ve \u00f6\u011frenme e\u011frisini azalt\u0131r.<\/li>\n<li><strong>Operat\u00f6rler i\u00e7in Minimum E\u011fitim Gerekir<\/strong>: Kullan\u0131labilirli\u011fi ve verimlili\u011fi art\u0131r\u0131r.<\/li>\n<\/ul>\n<p><strong>4. Uyumluluk<\/strong><\/p>\n<ul>\n<li><strong>ASTM F1140 ve ASTM F2054 Standartlar\u0131n\u0131 Kar\u015f\u0131lar<\/strong>: End\u00fcstri standartlar\u0131na ve y\u00f6netmeliklerine uyulmas\u0131n\u0131 sa\u011flar.<\/li>\n<li><strong>End\u00fcstri Y\u00f6netmelikleri ve Kalite Standartlar\u0131 ile Uyumluluk Sa\u011flar<\/strong>: Test sonu\u00e7lar\u0131n\u0131n g\u00fcvenilirli\u011fini ve b\u00fct\u00fcnl\u00fc\u011f\u00fcn\u00fc garanti eder.<\/li>\n<\/ul>\n<h3>SSS<\/h3>\n<h4>Balon patlama testinin amac\u0131 nedir?<\/h4>\n<p>Balon patlama testi, ambalaj patlama testini belirlemek i\u00e7in kullan\u0131l\u0131r ve ta\u015f\u0131ma, depolama ve nakliye s\u0131ras\u0131nda i\u00e7 bas\u0131nca dayanabilmelerini sa\u011flar.<\/p>\n<h4>Balon patlama test cihaz\u0131 patlama g\u00fcc\u00fcn\u00fc nas\u0131l \u00f6l\u00e7er?<\/h4>\n<p>Test cihaz\u0131, ambalaj\u0131 patlayana kadar \u015fi\u015firir ve malzemenin g\u00fcc\u00fcn\u00fc ve performans\u0131n\u0131 de\u011ferlendirmek i\u00e7in patlama bas\u0131nc\u0131n\u0131 ve hacmini kaydeder.<\/p>\n<h4>Balon patlama test cihaz\u0131 ile ne t\u00fcr malzemeler test edilebilir?<\/h4>\n<p>Test cihaz\u0131, plastik filmler, laminatlar, t\u0131bbi cihaz ambalajlar\u0131, ila\u00e7 ambalajlar\u0131, yiyecek ve i\u00e7ecek ambalajlar\u0131 ve t\u00fcketim mallar\u0131 ambalajlar\u0131 dahil olmak \u00fczere \u00e7ok \u00e7e\u015fitli malzemeleri de\u011ferlendirebilir.<!--more--><\/p>\n<h2>\u0130lgili \u00dcr\u00fcnler<\/h2>\n<figure id=\"attachment_4059\" aria-describedby=\"caption-attachment-4059\" style=\"width: 300px\" class=\"wp-caption alignleft\"><a href=\"https:\/\/www.qualitester.com\/tr\/urun\/lt-01-leak-tester\/\"><img decoding=\"async\" class=\"wp-image-4059 size-medium\" src=\"https:\/\/www.qualitester.com\/wp-content\/uploads\/2023\/07\/LT-01-Leak-Tester-2-300x300.jpg\" alt=\"ASTM D3078 S\u0131z\u0131nt\u0131 Test Cihaz\u0131\" width=\"300\" height=\"300\" srcset=\"https:\/\/www.qualitester.com\/wp-content\/uploads\/2023\/07\/LT-01-Leak-Tester-2-300x300.jpg 300w, https:\/\/www.qualitester.com\/wp-content\/uploads\/2023\/07\/LT-01-Leak-Tester-2-150x150.jpg 150w, https:\/\/www.qualitester.com\/wp-content\/uploads\/2023\/07\/LT-01-Leak-Tester-2-600x600.jpg 600w, https:\/\/www.qualitester.com\/wp-content\/uploads\/2023\/07\/LT-01-Leak-Tester-2-100x100.jpg 100w, https:\/\/www.qualitester.com\/wp-content\/uploads\/2023\/07\/LT-01-Leak-Tester-2.jpg 750w\" sizes=\"(max-width: 300px) 100vw, 300px\" \/><\/a><figcaption id=\"caption-attachment-4059\" class=\"wp-caption-text\"><strong><a href=\"https:\/\/www.qualitester.com\/tr\/urun\/lt-01-leak-tester\/\" target=\"_blank\" rel=\"noopener\">LT-01 S\u0131z\u0131nt\u0131 Test Cihaz\u0131<\/a><\/strong><\/figcaption><\/figure>\n<figure id=\"attachment_3905\" aria-describedby=\"caption-attachment-3905\" style=\"width: 300px\" class=\"wp-caption alignleft\"><a href=\"https:\/\/www.qualitester.com\/tr\/urun\/leak-tester-lt-02\/\"><img decoding=\"async\" class=\"wp-image-3905 size-medium\" src=\"https:\/\/www.qualitester.com\/wp-content\/uploads\/2023\/04\/LT-02-Leak-Tester-01-300x300.jpg\" alt=\"ASTM D3078 S\u0131z\u0131nt\u0131 Test Cihaz\u0131\" width=\"300\" height=\"300\" srcset=\"https:\/\/www.qualitester.com\/wp-content\/uploads\/2023\/04\/LT-02-Leak-Tester-01-300x300.jpg 300w, https:\/\/www.qualitester.com\/wp-content\/uploads\/2023\/04\/LT-02-Leak-Tester-01-150x150.jpg 150w, https:\/\/www.qualitester.com\/wp-content\/uploads\/2023\/04\/LT-02-Leak-Tester-01-600x600.jpg 600w, https:\/\/www.qualitester.com\/wp-content\/uploads\/2023\/04\/LT-02-Leak-Tester-01-100x100.jpg 100w, https:\/\/www.qualitester.com\/wp-content\/uploads\/2023\/04\/LT-02-Leak-Tester-01.jpg 750w\" sizes=\"(max-width: 300px) 100vw, 300px\" \/><\/a><figcaption id=\"caption-attachment-3905\" class=\"wp-caption-text\"><strong><a href=\"https:\/\/www.qualitester.com\/tr\/urun\/leak-tester-lt-02\/\" target=\"_blank\" rel=\"noopener\">LT-02 S\u0131z\u0131nt\u0131 Test Cihaz\u0131<\/a><\/strong><\/figcaption><\/figure>\n<figure id=\"attachment_3694\" aria-describedby=\"caption-attachment-3694\" style=\"width: 300px\" class=\"wp-caption alignleft\"><a href=\"https:\/\/www.qualitester.com\/tr\/urun\/lt-03-seal-strength-testing-machine\/\"><img loading=\"lazy\" decoding=\"async\" class=\"wp-image-3694 size-medium\" src=\"https:\/\/www.qualitester.com\/wp-content\/uploads\/2023\/04\/LT-03-Leak-Tester-04-300x300.jpg\" alt=\"ASTM D3078 S\u0131z\u0131nt\u0131 Test Cihaz\u0131\" width=\"300\" height=\"300\" srcset=\"https:\/\/www.qualitester.com\/wp-content\/uploads\/2023\/04\/LT-03-Leak-Tester-04-300x300.jpg 300w, https:\/\/www.qualitester.com\/wp-content\/uploads\/2023\/04\/LT-03-Leak-Tester-04-150x150.jpg 150w, https:\/\/www.qualitester.com\/wp-content\/uploads\/2023\/04\/LT-03-Leak-Tester-04-600x600.jpg 600w, https:\/\/www.qualitester.com\/wp-content\/uploads\/2023\/04\/LT-03-Leak-Tester-04-100x100.jpg 100w, https:\/\/www.qualitester.com\/wp-content\/uploads\/2023\/04\/LT-03-Leak-Tester-04.jpg 750w\" sizes=\"(max-width: 300px) 100vw, 300px\" \/><\/a><figcaption id=\"caption-attachment-3694\" class=\"wp-caption-text\"><strong><a href=\"https:\/\/www.qualitester.com\/tr\/urun\/lt-03-seal-strength-testing-machine\/\" target=\"_blank\" rel=\"noopener\">LT-03 S\u0131z\u0131nt\u0131 Test Cihaz\u0131<\/a><\/strong><\/figcaption><\/figure>","protected":false},"excerpt":{"rendered":"<p><strong>Balon Patlama Test Cihaz\u0131<\/strong> \u00e7e\u015fitli ambalaj malzemelerinin patlama mukavemetini \u00f6l\u00e7mek i\u00e7in tasarlanm\u0131\u015f, malzeme ve ambalaj testlerinde kritik bir ara\u00e7t\u0131r. Bu geli\u015fmi\u015f ekipman, \u00f6zellikle ila\u00e7, g\u0131da ve i\u00e7ecek, t\u0131bbi cihazlar ve t\u00fcketim mallar\u0131 gibi sekt\u00f6rlerde ambalaj\u0131n dayan\u0131kl\u0131l\u0131\u011f\u0131n\u0131 ve g\u00fcvenilirli\u011fini sa\u011flamada \u00e7ok \u00f6nemlidir. Balon Patlama Test Cihaz\u0131 hassasiyeti, \u00e7ok y\u00f6nl\u00fcl\u00fc\u011f\u00fc ve end\u00fcstri standartlar\u0131na uygunlu\u011fu ile \u00f6ne \u00e7\u0131kmakta ve kalite g\u00fcvencesi i\u00e7in vazge\u00e7ilmez bir ara\u00e7 haline gelmektedir.<\/p>","protected":false},"featured_media":6136,"comment_status":"closed","ping_status":"closed","template":"","meta":{"site-sidebar-layout":"default","site-content-layout":"default","ast-global-header-display":"","ast-main-header-display":"","ast-hfb-above-header-display":"","ast-hfb-below-header-display":"","ast-hfb-mobile-header-display":"","site-post-title":"","ast-breadcrumbs-content":"","ast-featured-img":"","footer-sml-layout":"","theme-transparent-header-meta":"default","adv-header-id-meta":"","stick-header-meta":"","header-above-stick-meta":"","header-main-stick-meta":"","header-below-stick-meta":""},"product_cat":[845,953,676,675,17,149,16,108,109,95],"product_tag":[994],"class_list":{"0":"post-4401","1":"product","2":"type-product","3":"status-publish","4":"has-post-thumbnail","6":"product_cat-customization","7":"product_cat-bursting-tester","8":"product_cat-seal-strength-tester","9":"product_cat-leak-tester","10":"product_cat-package-container-testers","11":"product_cat-pharma-and-medical-testers","12":"product_cat-plastic-packaging-testers","13":"product_cat-astm-f1140","14":"product_cat-astm-f2054","15":"product_cat-products","16":"product_tag-leak-and-seal-strength-tester","17":"desktop-align-left","18":"tablet-align-left","19":"mobile-align-left","21":"first","22":"instock","23":"shipping-taxable","24":"product-type-simple"},"_links":{"self":[{"href":"https:\/\/www.qualitester.com\/tr\/wp-json\/wp\/v2\/product\/4401","targetHints":{"allow":["GET"]}}],"collection":[{"href":"https:\/\/www.qualitester.com\/tr\/wp-json\/wp\/v2\/product"}],"about":[{"href":"https:\/\/www.qualitester.com\/tr\/wp-json\/wp\/v2\/types\/product"}],"replies":[{"embeddable":true,"href":"https:\/\/www.qualitester.com\/tr\/wp-json\/wp\/v2\/comments?post=4401"}],"version-history":[{"count":0,"href":"https:\/\/www.qualitester.com\/tr\/wp-json\/wp\/v2\/product\/4401\/revisions"}],"wp:featuredmedia":[{"embeddable":true,"href":"https:\/\/www.qualitester.com\/tr\/wp-json\/wp\/v2\/media\/6136"}],"wp:attachment":[{"href":"https:\/\/www.qualitester.com\/tr\/wp-json\/wp\/v2\/media?parent=4401"}],"wp:term":[{"taxonomy":"product_cat","embeddable":true,"href":"https:\/\/www.qualitester.com\/tr\/wp-json\/wp\/v2\/product_cat?post=4401"},{"taxonomy":"product_tag","embeddable":true,"href":"https:\/\/www.qualitester.com\/tr\/wp-json\/wp\/v2\/product_tag?post=4401"}],"curies":[{"name":"wp","href":"https:\/\/api.w.org\/{rel}","templated":true}]}}