{"id":3270,"date":"2023-08-10T09:50:31","date_gmt":"2023-08-10T01:50:31","guid":{"rendered":"https:\/\/www.qualitester.com\/?post_type=product&#038;p=3270"},"modified":"2024-12-03T14:33:29","modified_gmt":"2024-12-03T06:33:29","slug":"rt-01-rub-tester-2","status":"publish","type":"product","link":"https:\/\/www.qualitester.com\/tr\/urun\/rt-01-rub-tester-2\/","title":{"rendered":"RT-01 S\u00fcrt\u00fcnme Test Cihaz\u0131"},"content":{"rendered":"<p>Bu <strong>Ovma Test Cihaz\u0131<\/strong> m\u00fcrekkep filmlerinin, kaplamalar\u0131n ve di\u011fer malzemelerin a\u015f\u0131nma, s\u00fcrt\u00fcnme ve s\u00fcrt\u00fcnmeye kar\u015f\u0131 direncini de\u011ferlendirmek i\u00e7in \u00f6nemli bir ara\u00e7t\u0131r. Ambalaj, bask\u0131 ve malzeme testleriyle ilgilenen end\u00fcstriler i\u00e7in tasarlanan S\u00fcrt\u00fcnme Test Cihaz\u0131, \u00e7e\u015fitli y\u00fczeylerdeki m\u00fcrekkep ve kaplamalar\u0131n s\u00fcrt\u00fcnme, nem, \u0131s\u0131 ve di\u011fer stres ko\u015fullar\u0131 alt\u0131nda b\u00fct\u00fcnl\u00fc\u011f\u00fcn\u00fc korumas\u0131n\u0131 sa\u011flar. Bas\u0131l\u0131 ambalaj malzemelerini, etiketleri, oluklu mukavvalar\u0131 veya plastik filmleri test ederken, S\u00fcrt\u00fcnme Test Cihaz\u0131 bu malzemelerin ta\u015f\u0131ma, nakliye ve kullan\u0131m s\u0131ras\u0131nda nas\u0131l performans g\u00f6sterece\u011fine dair do\u011fru bilgiler sa\u011flar.<\/p>\n<h2><strong>S\u00fcrt\u00fcnme Test Cihaz\u0131na Giri\u015f<\/strong><\/h2>\n<p>Bu <strong>Ovma Test Cihaz\u0131<\/strong> bask\u0131l\u0131 veya bask\u0131s\u0131z malzemeler \u00fczerinde tekrarlanan s\u00fcrt\u00fcnme ve s\u00fcrt\u00fcnme eylemlerini sim\u00fcle eden motor tahrikli, y\u00fcksek hassasiyetli bir cihazd\u0131r. Bu test y\u00f6ntemi, m\u00fcrekkep ve kaplamalar\u0131n farkl\u0131 ko\u015fullar alt\u0131nda a\u015f\u0131nma ve y\u0131pranmaya ne kadar iyi dayand\u0131\u011f\u0131n\u0131 de\u011ferlendirmeye yard\u0131mc\u0131 olarak kalite kontrol ve malzeme testlerinde vazge\u00e7ilmez hale getirir. \u00d6zelle\u015ftirilebilir test konfig\u00fcrasyonlar\u0131 ile S\u00fcrt\u00fcnme Test Cihaz\u0131 a\u015fa\u011f\u0131dakileri de\u011ferlendirmek i\u00e7in idealdir <strong>m\u00fcrekkep performans\u0131<\/strong>, <strong>y\u00fczey mukavemeti<\/strong>, ve <strong>yap\u0131\u015fma<\/strong> Ka\u011f\u0131t, etiket, ambalaj filmi ve oluklu mukavva dahil olmak \u00fczere \u00e7e\u015fitli malzemelerde.<\/p>\n<h2><strong>ASTM D5264 ve M\u00fcrekkep S\u00fcrtme Test Cihaz\u0131 Standartlar\u0131n\u0131 Anlama<\/strong><\/h2>\n<p><a href=\"https:\/\/www.astm.org\/d5264-98r19.html\" target=\"_blank\" rel=\"noopener nofollow\"><strong>ASTM D5264<\/strong><\/a> de\u011ferlendirmek i\u00e7in test y\u00f6ntemlerini tan\u0131mlayan yayg\u0131n olarak tan\u0131nan bir standartt\u0131r. <strong>s\u00fcrt\u00fcnme direnci<\/strong> bas\u0131l\u0131 malzemeler, kaplamalar ve m\u00fcrekkepler. Sekt\u00f6rler bu standarda ba\u011fl\u0131 kalarak \u00fcr\u00fcnlerinin \u00e7e\u015fitli ko\u015fullar alt\u0131nda m\u00fcrekkep performans\u0131 i\u00e7in gerekli dayan\u0131kl\u0131l\u0131k kriterlerini kar\u015f\u0131lad\u0131\u011f\u0131ndan emin olabilirler. Bu standart, a\u015f\u0131nma, bula\u015fma ve solmaya kar\u015f\u0131 diren\u00e7 g\u00f6stermesi gereken m\u00fcrekkep filmlerine g\u00fcvenen ambalaj, bask\u0131 ve malzeme end\u00fcstrilerindeki \u00fcreticiler i\u00e7in \u00e7ok \u00f6nemlidir.<\/p>\n<ul>\n<li><strong>Kuru Ovma Testi<\/strong>: Bu test, m\u00fcrekkebin kuru ko\u015fullar alt\u0131nda s\u00fcrt\u00fcnmeye ve a\u015f\u0131nmaya kar\u015f\u0131 ne kadar iyi diren\u00e7 g\u00f6sterdi\u011fini de\u011ferlendirir. Ta\u015f\u0131ma ve nakliye s\u0131ras\u0131nda meydana gelen s\u00fcrt\u00fcnmeyi sim\u00fcle eder.<\/li>\n<li><strong>Islak Ovma Testi<\/strong>: Bu test, m\u00fcrekkeplerin su, ya\u011f veya di\u011fer s\u0131v\u0131larla temas edebilece\u011fi ger\u00e7ek d\u00fcnya ko\u015fullar\u0131n\u0131 sim\u00fcle ederek neme maruz kald\u0131\u011f\u0131nda m\u00fcrekkep dayan\u0131kl\u0131l\u0131\u011f\u0131n\u0131 de\u011ferlendirir.<\/li>\n<li><strong>Is\u0131tmal\u0131 S\u00fcrt\u00fcnme Testi<\/strong>: Bu test, depolama veya ta\u015f\u0131ma s\u0131ras\u0131nda \u0131s\u0131ya maruz kalabilecek ambalajlar i\u00e7in \u00f6zellikle \u00f6nemli olan y\u00fcksek s\u0131cakl\u0131klar alt\u0131nda m\u00fcrekkep ve kaplama performans\u0131n\u0131 inceler.<\/li>\n<li><strong>Islak Kanama veya Transfer<\/strong>: Bu test, neme maruz kald\u0131\u011f\u0131nda m\u00fcrekkebin di\u011fer y\u00fczeylere aktar\u0131l\u0131p aktar\u0131lmad\u0131\u011f\u0131n\u0131 veya ak\u0131p akmad\u0131\u011f\u0131n\u0131 de\u011ferlendirir.<\/li>\n<li><strong>Islak Yayma<\/strong>: Bu test, m\u00fcrekkebin \u0131slakken nas\u0131l davrand\u0131\u011f\u0131n\u0131 sim\u00fcle ederek bas\u0131n\u00e7 alt\u0131nda ne kadar kolay bula\u015ft\u0131\u011f\u0131n\u0131 veya lekelendi\u011fini de\u011ferlendirir.<\/li>\n<li><strong>Fonksiyonel Ovma<\/strong>: Bu test, g\u00fcnl\u00fck kullan\u0131m ve kullan\u0131m ko\u015fullar\u0131n\u0131 sim\u00fcle ederek m\u00fcrekkebin ve y\u00fczeyin uzun s\u00fcreli dayan\u0131kl\u0131l\u0131\u011f\u0131n\u0131 de\u011ferlendirir.<\/li>\n<\/ul>\n<p>Kullanarak <strong>Ovma Test Cihaz\u0131<\/strong> ile uyumlu olan <a href=\"https:\/\/www.qualitester.com\/tr\/urun-kategori\/astm\/astm-d5264\/\" target=\"_blank\" rel=\"noopener\"><strong>ASTM D5264<\/strong><\/a>, \u00fcreticiler, m\u00fcrekkeplerin ve kaplamalar\u0131n \u00e7e\u015fitli \u00e7evresel ve mekanik stres ko\u015fullar\u0131 alt\u0131nda nas\u0131l performans g\u00f6sterece\u011fini do\u011fru bir \u015fekilde de\u011ferlendirebilir.<\/p>\n<h2><strong>S\u00fcrt\u00fcnme Testinin \u00d6nemi<\/strong><\/h2>\n<p>S\u00fcrt\u00fcnme testi, bas\u0131l\u0131 malzemelerin, kaplamalar\u0131n ve m\u00fcrekkeplerin kalitesinin ve dayan\u0131kl\u0131l\u0131\u011f\u0131n\u0131n sa\u011flanmas\u0131nda hayati bir rol oynar. S\u00fcrt\u00fcnme testinin \u00f6nemi, a\u015fa\u011f\u0131daki gibi temel fakt\u00f6rleri de\u011ferlendirme yetene\u011finde yatmaktad\u0131r:<\/p>\n<ul>\n<li><strong>M\u00fcrekkep Direnci<\/strong>: S\u00fcrt\u00fcnme testi, m\u00fcrekkeplerin s\u00fcrt\u00fcnme ve a\u015f\u0131nmaya kar\u015f\u0131 ne kadar iyi dayand\u0131\u011f\u0131n\u0131 ortaya koyarak \u00fcreticilerin \u00fcr\u00fcnlerinin kullan\u0131m \u00f6mr\u00fc boyunca profesyonel bir g\u00f6r\u00fcn\u00fcme sahip olmas\u0131n\u0131 sa\u011flamalar\u0131na yard\u0131mc\u0131 olur.<\/li>\n<li><strong>Y\u00fczey Dayan\u0131m\u0131<\/strong>: Bu test y\u00f6ntemi, kaplanm\u0131\u015f veya bask\u0131s\u0131z ka\u011f\u0131t, karton veya di\u011fer malzemeler olsun, alt tabaka malzemesinin mukavemetini de\u011ferlendirmeye yard\u0131mc\u0131 olur. Y\u00fczeylerin d\u0131\u015f kuvvetlere ne kadar iyi dayand\u0131\u011f\u0131n\u0131 \u00f6l\u00e7er.<\/li>\n<li><strong>Bula\u015fma ve Kanama<\/strong>: S\u00fcrtme testi, ambalaj ve etiketlemenin g\u00f6r\u00fcn\u00fcm\u00fcn\u00fc ve kalitesini olumsuz etkileyebilecek m\u00fcrekkep bula\u015fmas\u0131 veya akmas\u0131 gibi potansiyel sorunlar\u0131n tespit edilmesine yard\u0131mc\u0131 olur.<\/li>\n<li><strong>Is\u0131 Direnci<\/strong>: Is\u0131tmal\u0131 s\u00fcrtme testi, m\u00fcrekkep ve verniklerin y\u00fcksek s\u0131cakl\u0131klar alt\u0131nda nas\u0131l performans g\u00f6sterdi\u011finin de\u011ferlendirilmesine olanak tan\u0131r; bu, \u0131s\u0131ya maruz kalan ambalaj malzemeleri i\u00e7in \u00e7ok \u00f6nemlidir.<\/li>\n<li><strong>Yap\u0131\u015fma<\/strong>: Rub testi ayr\u0131ca g\u00fc\u00e7l\u00fc ve zay\u0131f m\u00fcrekkep filmleri aras\u0131nda ayr\u0131m yaparak \u00fcreticilerin alt tabakalara zay\u0131f yap\u0131\u015fan m\u00fcrekkepleri belirlemelerine yard\u0131mc\u0131 olur ve bas\u0131l\u0131 malzemelerin uzun \u00f6m\u00fcrl\u00fc olmas\u0131n\u0131 sa\u011flar.<\/li>\n<\/ul>\n<h2><strong>Rub Tester \u0130\u015flevselli\u011fi ve Test A\u00e7\u0131klamas\u0131<\/strong><\/h2>\n<p>Bu <strong>RT-01 S\u00fcrt\u00fcnme Test Cihaz\u0131<\/strong> bask\u0131l\u0131 veya bask\u0131s\u0131z y\u00fczeylerde s\u00fcrt\u00fcnme hareketini sim\u00fcle etmek i\u00e7in tasarlanm\u0131\u015f geli\u015fmi\u015f, motor tahrikli bir test cihaz\u0131d\u0131r. Test cihaz\u0131, \u00f6nceden belirlenmi\u015f say\u0131da vuru\u015f i\u00e7in test numunesi \u00fczerinde hassas 57 mm'lik bir yayda hareket eden a\u011f\u0131rl\u0131kl\u0131 bir numuneye sahiptir. Bu, m\u00fcrekkeplerin veya kaplamalar\u0131n s\u00fcrt\u00fcnmeye maruz kald\u0131\u011f\u0131 ko\u015fullar\u0131 taklit ederek malzemenin ger\u00e7ek kullan\u0131m s\u0131ras\u0131nda nas\u0131l dayanaca\u011f\u0131n\u0131 tahmin etmeye yard\u0131mc\u0131 olur.<\/p>\n<p><strong>Test Y\u00f6ntemleri<\/strong> dahil:<\/p>\n<ul>\n<li><strong>Kuru Ovma<\/strong>: Kuru ko\u015fullar alt\u0131nda m\u00fcrekkebin a\u015f\u0131nmaya kar\u015f\u0131 direncini test eder.<\/li>\n<li><strong>Islak Ovma<\/strong>: Nemin m\u00fcrekkep dayan\u0131kl\u0131l\u0131\u011f\u0131 \u00fczerindeki etkilerini sim\u00fcle eder.<\/li>\n<li><strong>Is\u0131tmal\u0131 Ovma<\/strong>: Y\u00fcksek s\u0131cakl\u0131klar alt\u0131nda m\u00fcrekkep performans\u0131n\u0131 de\u011ferlendirir.<\/li>\n<li><strong>Islak Kanama\/Transfer<\/strong>: Islak ko\u015fullar alt\u0131nda m\u00fcrekkebin ak\u0131p akmad\u0131\u011f\u0131n\u0131 veya di\u011fer y\u00fczeylere ge\u00e7ip ge\u00e7medi\u011fini de\u011ferlendirir.<\/li>\n<li><strong>Islak Yayma<\/strong>: M\u00fcrekkebin neme maruz kald\u0131\u011f\u0131nda nas\u0131l davranaca\u011f\u0131n\u0131 belirler.<\/li>\n<li><strong>Fonksiyonel Ovma<\/strong>: D\u00fczenli kullan\u0131m ko\u015fullar\u0131 alt\u0131nda uzun s\u00fcreli dayan\u0131kl\u0131l\u0131k i\u00e7in testler.<\/li>\n<\/ul>\n<h2><strong>S\u00fcrt\u00fcnme Test Cihaz\u0131n\u0131n Temel Teknik \u00d6zellikleri<\/strong><\/h2>\n<ul>\n<li><strong>PLC Kontroll\u00fc \u00dcnite<\/strong>: Rub Test Cihaz\u0131, end\u00fcstriyel d\u00fczeyde kararl\u0131l\u0131k ve g\u00fcvenilirlik i\u00e7in bir PLC (Programlanabilir Mant\u0131k Denetleyicisi) ile donat\u0131lm\u0131\u015ft\u0131r ve her testte tutarl\u0131, do\u011fru sonu\u00e7lar sa\u011flar.<\/li>\n<li><strong>HMI Dokunmatik Ekran Kullan\u0131m\u0131<\/strong>: Kullan\u0131c\u0131 dostu \u0130nsan-Makine Aray\u00fcz\u00fc (HMI) dokunmatik ekran\u0131 kolay kullan\u0131m, test yap\u0131land\u0131rmas\u0131 ve sonu\u00e7lar\u0131n izlenmesini sa\u011flar.<\/li>\n<li><strong>\u00c7ok Y\u00f6nl\u00fc Test<\/strong>: Ovma Test Cihaz\u0131, kuru ovma, \u0131slak ovma, \u0131s\u0131tmal\u0131 ovma ve fonksiyonel ovma dahil olmak \u00fczere \u00e7e\u015fitli test t\u00fcrlerini ger\u00e7ekle\u015ftirebilir, bu da onu \u00e7ok \u00e7e\u015fitli test ihtiya\u00e7lar\u0131na uyarlanabilir hale getirir.<\/li>\n<li><strong>Test H\u0131z\u0131 Ayar\u0131<\/strong>: S\u00fcrtme testinin h\u0131z\u0131 dakikada 20-120 vuru\u015f aras\u0131nda ayarlanabilir ve farkl\u0131 test gereksinimleri i\u00e7in esneklik sa\u011flar.<\/li>\n<li><strong>\u00c7ift Test \u0130stasyonu<\/strong>: \u00c7ift test istasyonu ile Rub Test Cihaz\u0131 ayn\u0131 anda iki numuneyi test edebilir ve test verimlili\u011fini art\u0131r\u0131r.<\/li>\n<li><strong>Hassas Ovma \u00c7emberi Kontrol\u00fc<\/strong>: Cihaz, s\u00fcrt\u00fcnme \u00e7emberi \u00fczerinde hassas kontrol sa\u011flayarak do\u011fru ve tekrarlanabilir test sonu\u00e7lar\u0131 sa\u011flar.<\/li>\n<\/ul>\n<h2><strong>Test \u00d6rnekleri ve Uygulamalar<\/strong><\/h2>\n<p>Bu <strong>Ovma Test Cihaz\u0131<\/strong> dahil olmak \u00fczere \u00e7e\u015fitli malzemeleri test edebilir:<\/p>\n<ul>\n<li><strong>M\u00fcrekkepler<\/strong>: A\u015f\u0131nmaya, bula\u015fmaya ve y\u0131pranmaya kar\u015f\u0131 diren\u00e7lerini de\u011ferlendirmek i\u00e7in.<\/li>\n<li><strong>Kaplamalar<\/strong>: Bask\u0131l\u0131 kaplamalar\u0131n dayan\u0131kl\u0131l\u0131\u011f\u0131n\u0131 ve yap\u0131\u015fkanl\u0131\u011f\u0131n\u0131 de\u011ferlendirmek.<\/li>\n<li><strong>Plastik Filmler<\/strong>: Bas\u0131l\u0131 filmlerin s\u00fcrt\u00fcnme ve s\u00fcrt\u00fcnmeye ne kadar iyi dayand\u0131\u011f\u0131n\u0131 belirlemek i\u00e7in.<\/li>\n<li><strong>Ka\u011f\u0131t<\/strong>: Ambalaj ve etiketlerde kullan\u0131lan kaplanm\u0131\u015f ve kaplanmam\u0131\u015f ka\u011f\u0131tlar dahil.<\/li>\n<li><strong>Ambalaj Malzemeleri<\/strong>: Oluklu mukavvalar, kartonlar ve ta\u015f\u0131ma veya nakliye s\u0131ras\u0131nda s\u00fcrt\u00fcnme ile temas edebilecek di\u011fer ambalaj malzemeleri.<\/li>\n<li><strong>Etiketler<\/strong>: A\u015f\u0131nmaya maruz kalan bask\u0131l\u0131 etiketlerin kalitesini ve dayan\u0131kl\u0131l\u0131\u011f\u0131n\u0131 kontrol etmek i\u00e7in.<\/li>\n<\/ul>\n<p>Ovma testinden yararlanan sekt\u00f6rler aras\u0131nda \u015funlar yer al\u0131r:<\/p>\n<ul>\n<li><strong>Paketleme<\/strong>: Bas\u0131l\u0131 ambalaj malzemelerinin g\u00f6r\u00fcn\u00fcm\u00fcn\u00fc ve i\u015flevselli\u011fini korumas\u0131n\u0131 sa\u011flamak.<\/li>\n<li><strong>Yiyecek ve \u0130\u00e7ecekler<\/strong>: Bas\u0131l\u0131 etiketlerin ve ambalajlar\u0131n nem veya \u0131s\u0131 ile temas halinde dayan\u0131kl\u0131l\u0131\u011f\u0131n\u0131n do\u011frulanmas\u0131.<\/li>\n<li><strong>Medikal ve Farmas\u00f6tik<\/strong>: T\u0131bbi ambalajlar \u00fczerindeki bas\u0131l\u0131 malzemelerin b\u00fct\u00fcnl\u00fc\u011f\u00fcn\u00fcn sa\u011flanmas\u0131.<\/li>\n<li><strong>Tekstil ve Plastik<\/strong>: Bask\u0131l\u0131 tekstillerin ve plastik filmlerin uzun s\u00fcreli dayan\u0131kl\u0131l\u0131k a\u00e7\u0131s\u0131ndan test edilmesi.<\/li>\n<\/ul>\n<h2><strong>Standartlar ve Uyumluluk<\/strong><\/h2>\n<p>Bu <strong>Ovma Test Cihaz\u0131<\/strong> bir\u00e7ok \u00f6nemli end\u00fcstri standard\u0131na uygundur:<\/p>\n<ul>\n<li><strong>ASTM D5264<\/strong>: Bu standart, bas\u0131l\u0131 malzemelerin ve kaplamalar\u0131n s\u00fcrt\u00fcnme direnci i\u00e7in test y\u00f6ntemlerini sa\u011flar.<\/li>\n<li><strong>Di\u011fer \u0130lgili Standartlar<\/strong>: Rub Tester ayr\u0131ca a\u015fa\u011f\u0131daki gibi standartlarla da uyumludur <strong>TAPPI T830<\/strong>, <strong>ASTM F1571<\/strong>, <strong>FINAT FTM 27<\/strong>, ve <strong>JIS K 5701<\/strong>, k\u00fcresel uyumluluk ve do\u011fruluk sa\u011flar.<\/li>\n<\/ul>\n<h2><strong>Ana Teknik Parametreler<\/strong><\/h2>\n<table>\n<tbody>\n<tr>\n<td style=\"text-align: center;\" width=\"103\">A\u011f\u0131rl\u0131klar<\/td>\n<td style=\"text-align: center;\" width=\"337\">908g (2lb) \/8,9N; 1816g (4lb) \/17,8N<\/td>\n<\/tr>\n<tr>\n<td style=\"text-align: center;\" width=\"103\">H\u0131z<\/td>\n<td style=\"text-align: center;\" width=\"337\">20~120 cpm serbest ayar<\/td>\n<\/tr>\n<tr>\n<td style=\"text-align: center;\" width=\"103\">Numune Say\u0131s\u0131<\/td>\n<td style=\"text-align: center;\" width=\"337\">1~2<\/td>\n<\/tr>\n<tr>\n<td style=\"text-align: center;\" width=\"103\">D\u00f6nme Yar\u0131\u00e7ap\u0131<\/td>\n<td style=\"text-align: center;\" width=\"337\">185 mm<\/td>\n<\/tr>\n<tr>\n<td style=\"text-align: center;\" width=\"103\">Ark Uzunlu\u011fu<\/td>\n<td style=\"text-align: center;\" width=\"337\">57 mm \u00b1 1 mm<\/td>\n<\/tr>\n<tr>\n<td style=\"text-align: center;\" width=\"103\">Boyut<\/td>\n<td style=\"text-align: center;\" width=\"337\">390x480x220 mm (LWH)<\/td>\n<\/tr>\n<tr>\n<td style=\"text-align: center;\" width=\"103\">G\u00fc\u00e7<\/td>\n<td style=\"text-align: center;\" width=\"337\">110~220V 50\/60Hz<\/td>\n<\/tr>\n<\/tbody>\n<\/table>\n<p>Bu <strong>RT-01 S\u00fcrt\u00fcnme Test Cihaz\u0131<\/strong> \u00e7e\u015fitli ko\u015fullar alt\u0131nda bas\u0131l\u0131 malzemelerin ve kaplamalar\u0131n dayan\u0131kl\u0131l\u0131\u011f\u0131n\u0131 de\u011ferlendirmek i\u00e7in geli\u015fmi\u015f i\u015flevsellik ve hassas kontrol sunar. \u00c7ok y\u00f6nl\u00fc test se\u00e7enekleri, kolay kullan\u0131m\u0131 ve ASTM D5264 gibi temel standartlara uygunlu\u011fu ile Rub Tester, m\u00fcrekkep ve kaplamalar\u0131n sa\u011flam kalite kontrol\u00fcne ihtiya\u00e7 duyan end\u00fcstriler i\u00e7in vazge\u00e7ilmez bir ara\u00e7t\u0131r. Ambalajlar\u0131n, etiketlerin ve bas\u0131l\u0131 malzemelerin dayan\u0131kl\u0131l\u0131\u011f\u0131n\u0131 ve g\u00f6rsel \u00e7ekicili\u011fini sa\u011flamaya yard\u0131mc\u0131 olarak, \u00e7ok \u00e7e\u015fitli sekt\u00f6rlerdeki \u00fcreticiler i\u00e7in \u00f6nemli bir yat\u0131r\u0131m haline getirir.<\/p>\n<h2><strong>SSS<\/strong><\/h2>\n<ul>\n<li><strong>S1: ASTM D5264 standard\u0131 ne i\u00e7in kullan\u0131l\u0131r?<\/strong>\n<ul>\n<li>ASTM D5264, bas\u0131l\u0131 malzemelerin ve kaplamalar\u0131n s\u00fcrt\u00fcnme direncini test etmek i\u00e7in kullan\u0131l\u0131r ve ta\u015f\u0131ma, nakliye ve kullan\u0131m s\u0131ras\u0131nda dayan\u0131kl\u0131l\u0131klar\u0131n\u0131 sa\u011flar.<\/li>\n<\/ul>\n<\/li>\n<li><strong>S2: S\u00fcrt\u00fcnme Test Cihaz\u0131 m\u00fcrekkep direncini nas\u0131l \u00f6l\u00e7er?<\/strong>\n<ul>\n<li>S\u00fcrt\u00fcnme Test Cihaz\u0131, kuru, \u0131slak ve \u0131s\u0131t\u0131lm\u0131\u015f ko\u015fullar alt\u0131nda s\u00fcrt\u00fcnmeye, bula\u015fmaya ve solmaya kar\u015f\u0131 direncini \u00f6l\u00e7mek i\u00e7in m\u00fcrekkep filmi \u00fczerinde tekrarlanan s\u00fcrt\u00fcnme eylemlerini sim\u00fcle eder.<\/li>\n<\/ul>\n<\/li>\n<li><strong>S3: S\u00fcrt\u00fcnme Test Cihaz\u0131 ile ne t\u00fcr y\u00fczeyler test edilebilir?<\/strong>\n<ul>\n<li>S\u00fcrt\u00fcnme Test Cihaz\u0131 ka\u011f\u0131t, plastik filmler, etiketler, ambalaj malzemeleri ve oluklu mukavvalar dahil olmak \u00fczere \u00e7e\u015fitli y\u00fczeyleri test edebilir.<\/li>\n<\/ul>\n<\/li>\n<li><strong>S4: S\u00fcrt\u00fcnme Test Cihaz\u0131 hem kuru hem de \u0131slak s\u00fcrt\u00fcnme testlerini ger\u00e7ekle\u015ftirebilir mi?<\/strong>\n<ul>\n<li>Evet, S\u00fcrt\u00fcnme Test Cihaz\u0131 kuru, \u0131slak, \u0131s\u0131tmal\u0131 ve i\u015flevsel s\u00fcrt\u00fcnme testleri ger\u00e7ekle\u015ftirebilir, bu da onu \u00e7e\u015fitli test ihtiya\u00e7lar\u0131na uyarlanabilir hale getirir.<\/li>\n<\/ul>\n<\/li>\n<li><strong>S5: RT-01 S\u00fcrt\u00fcnme Test Cihaz\u0131 tutarl\u0131 sonu\u00e7lar\u0131 nas\u0131l sa\u011flar?<\/strong>\n<ul>\n<li>RT-01 S\u00fcrtme Test Cihaz\u0131, do\u011fru ve tekrarlanabilir test sonu\u00e7lar\u0131 sa\u011flamak i\u00e7in PLC kontroll\u00fc bir sisteme, hassas s\u00fcrtme dairesi kontrol\u00fcne ve ayarlanabilir bir test h\u0131z\u0131na sahiptir.<\/li>\n<\/ul>\n<\/li>\n<\/ul>","protected":false},"excerpt":{"rendered":"<p>Bu <strong>Ovma Test Cihaz\u0131<\/strong> m\u00fcrekkep filmlerinin, kaplamalar\u0131n ve di\u011fer malzemelerin a\u015f\u0131nma, s\u00fcrt\u00fcnme ve s\u00fcrt\u00fcnmeye kar\u015f\u0131 direncini de\u011ferlendirmek i\u00e7in \u00f6nemli bir ara\u00e7t\u0131r. Ambalaj, bask\u0131 ve malzeme testleriyle ilgilenen end\u00fcstriler i\u00e7in tasarlanan S\u00fcrt\u00fcnme Test Cihaz\u0131, \u00e7e\u015fitli y\u00fczeylerdeki m\u00fcrekkep ve kaplamalar\u0131n s\u00fcrt\u00fcnme, nem, \u0131s\u0131 ve di\u011fer stres ko\u015fullar\u0131 alt\u0131nda b\u00fct\u00fcnl\u00fc\u011f\u00fcn\u00fc korumas\u0131n\u0131 sa\u011flar. Bas\u0131l\u0131 ambalaj malzemelerini, etiketleri, oluklu mukavvalar\u0131 veya plastik filmleri test ederken, S\u00fcrt\u00fcnme Test Cihaz\u0131 bu malzemelerin ta\u015f\u0131ma, nakliye ve kullan\u0131m s\u0131ras\u0131nda nas\u0131l performans g\u00f6sterece\u011fine dair do\u011fru bilgiler sa\u011flar.<\/p>","protected":false},"featured_media":6003,"comment_status":"closed","ping_status":"closed","template":"","meta":{"site-sidebar-layout":"default","site-content-layout":"default","ast-global-header-display":"","ast-main-header-display":"","ast-hfb-above-header-display":"","ast-hfb-below-header-display":"","ast-hfb-mobile-header-display":"","site-post-title":"","ast-breadcrumbs-content":"","ast-featured-img":"","footer-sml-layout":"","theme-transparent-header-meta":"default","adv-header-id-meta":"","stick-header-meta":"","header-above-stick-meta":"","header-main-stick-meta":"","header-below-stick-meta":""},"product_cat":[953,956,955,1135,954,957,958,952,959,44,113,95],"product_tag":[],"class_list":{"0":"post-3270","1":"product","2":"type-product","3":"status-publish","4":"has-post-thumbnail","6":"product_cat-bursting-tester","7":"product_cat-cobb-tester","8":"product_cat-crush-tester","9":"product_cat-ink-rub-tester","10":"product_cat-paper-tear-tester","11":"product_cat-plybond-tester","12":"product_cat-puncture-tester","13":"product_cat-rub-tester","14":"product_cat-stiffness-tester","15":"product_cat-paper-and-board-testers","16":"product_cat-astm-d5264","17":"product_cat-products","18":"desktop-align-left","19":"tablet-align-left","20":"mobile-align-left","22":"first","23":"instock","24":"shipping-taxable","25":"product-type-simple"},"_links":{"self":[{"href":"https:\/\/www.qualitester.com\/tr\/wp-json\/wp\/v2\/product\/3270","targetHints":{"allow":["GET"]}}],"collection":[{"href":"https:\/\/www.qualitester.com\/tr\/wp-json\/wp\/v2\/product"}],"about":[{"href":"https:\/\/www.qualitester.com\/tr\/wp-json\/wp\/v2\/types\/product"}],"replies":[{"embeddable":true,"href":"https:\/\/www.qualitester.com\/tr\/wp-json\/wp\/v2\/comments?post=3270"}],"version-history":[{"count":0,"href":"https:\/\/www.qualitester.com\/tr\/wp-json\/wp\/v2\/product\/3270\/revisions"}],"wp:featuredmedia":[{"embeddable":true,"href":"https:\/\/www.qualitester.com\/tr\/wp-json\/wp\/v2\/media\/6003"}],"wp:attachment":[{"href":"https:\/\/www.qualitester.com\/tr\/wp-json\/wp\/v2\/media?parent=3270"}],"wp:term":[{"taxonomy":"product_cat","embeddable":true,"href":"https:\/\/www.qualitester.com\/tr\/wp-json\/wp\/v2\/product_cat?post=3270"},{"taxonomy":"product_tag","embeddable":true,"href":"https:\/\/www.qualitester.com\/tr\/wp-json\/wp\/v2\/product_tag?post=3270"}],"curies":[{"name":"wp","href":"https:\/\/api.w.org\/{rel}","templated":true}]}}