{"id":3223,"date":"2023-08-07T08:52:04","date_gmt":"2023-08-07T00:52:04","guid":{"rendered":"https:\/\/www.qualitester.com\/?post_type=product&#038;p=3223"},"modified":"2024-12-04T16:01:26","modified_gmt":"2024-12-04T08:01:26","slug":"how-to-test-the-force-about-ampoule-breaking","status":"publish","type":"product","link":"https:\/\/www.qualitester.com\/tr\/urun\/how-to-test-the-force-about-ampoule-breaking\/","title":{"rendered":"BST-01 Ampul K\u0131rma Test Cihaz\u0131"},"content":{"rendered":"<h2><strong>Ampul K\u0131r\u0131lma Kuvveti Test Cihaz\u0131na Giri\u015f<\/strong><\/h2>\n<p>Bu <strong>ampul k\u0131r\u0131lma kuvveti test cihaz\u0131<\/strong> bir ampul\u00fcn boynunu k\u0131rmak i\u00e7in gereken kuvveti \u00f6l\u00e7mek \u00fczere tasarlanm\u0131\u015f, ila\u00e7 ve t\u0131bbi ambalaj end\u00fcstrilerinde \u00e7ok \u00f6nemli bir ara\u00e7t\u0131r. Ampuller, hassas farmas\u00f6tik maddelerin saklanmas\u0131 i\u00e7in kullan\u0131lan hava ge\u00e7irmez \u015fekilde kapat\u0131lm\u0131\u015f kaplard\u0131r. Boynun k\u0131r\u0131lma mukavemeti, i\u00e7indeki \u00fcr\u00fcn\u00fcn g\u00fcvenli\u011fini ve b\u00fct\u00fcnl\u00fc\u011f\u00fcn\u00fc sa\u011flamada kritik bir rol oynar. Ampullerin g\u00fcvenli kullan\u0131m ve ta\u015f\u0131ma i\u00e7in gerekli standartlar\u0131 kar\u015f\u0131lad\u0131\u011f\u0131ndan emin olmak i\u00e7in hassas ve g\u00fcvenilir bir test cihaz\u0131 gereklidir.<\/p>\n<h2><strong>ISO 9187'yi Anlamak: Ampul K\u0131r\u0131lma Kuvveti Testi i\u00e7in Standart<\/strong><\/h2>\n<p><a href=\"https:\/\/www.iso.org\/standard\/55920.html\" target=\"_blank\" rel=\"noopener nofollow\">ISO 9187<\/a> ampullerin k\u0131r\u0131lma kuvvetini test etme y\u00f6ntemini belirleyen uluslararas\u0131 standartt\u0131r. Tutarl\u0131 ve do\u011fru sonu\u00e7lar elde etmek i\u00e7in test s\u00fcrecinin nas\u0131l y\u00fcr\u00fct\u00fclmesi gerekti\u011fi, gerekli ekipman ve \u00f6l\u00e7\u00fclecek parametreler hakk\u0131nda ayr\u0131nt\u0131l\u0131 y\u00f6nergeler sa\u011flar. ISO 9187'yi takip ederek \u00fcreticiler, ampullerinin g\u00fcvenlik gereksinimlerini kar\u015f\u0131layaca\u011f\u0131ndan ve depolama ve ta\u015f\u0131ma s\u0131ras\u0131nda k\u0131r\u0131lma riskini azaltaca\u011f\u0131ndan emin olabilirler.<\/p>\n<h3><strong>G\u00f6re Test Y\u00f6ntemi <a href=\"https:\/\/www.qualitester.com\/tr\/urun-kategori\/iso\/iso-9187\/\" target=\"_blank\" rel=\"noopener\">ISO 9187<\/a><\/strong><\/h3>\n<p>Test, bir ampul\u00fcn bir fikst\u00fcr \u00fczerine yerle\u015ftirilmesini ve test makinesi kullan\u0131larak boyuna a\u015fa\u011f\u0131 do\u011fru bir kuvvet uygulanmas\u0131n\u0131 i\u00e7erir. Test <strong>BST-01 Ampul K\u0131r\u0131lma Kuvveti Test Cihaz\u0131<\/strong> ampul\u00fcn boynunu k\u0131rmak i\u00e7in gereken kuvveti \u00f6l\u00e7mek i\u00e7in y\u00fcksek hassasiyetli bir y\u00fck h\u00fccresi kullan\u0131r. Test, ampullerin yaln\u0131zca g\u00fcvenli bir \u015fekilde ta\u015f\u0131nmas\u0131n\u0131 de\u011fil, ayn\u0131 zamanda farmas\u00f6tik uygulamalar i\u00e7in gerekli standartlar\u0131 kar\u015f\u0131lamas\u0131n\u0131 da sa\u011flar.<\/p>\n<h2><strong>Ampul K\u0131r\u0131lma Kuvveti Test Cihaz\u0131n\u0131n Test S\u00fcreci<\/strong><\/h2>\n<ul>\n<li><strong>Ad\u0131m 1<\/strong>: Ampul\u00fc, farkl\u0131 ampul boyutlar\u0131 (1ml, 2ml, 5ml, 10ml, 20ml) i\u00e7in tasarlanm\u0131\u015f \u00f6zel fikst\u00fcr \u00fczerine yerle\u015ftirin.<\/li>\n<li><strong>Ad\u0131m 2<\/strong>: Presleme kafas\u0131n\u0131n 10 mm\/dak (1-500 mm\/dak aras\u0131nda ayarlanabilir) sabit bir h\u0131zda a\u015fa\u011f\u0131 hareket etti\u011fi testi ba\u015flat\u0131n.<\/li>\n<li><strong>Ad\u0131m 3<\/strong>: Y\u00fcksek hassasiyetli y\u00fck h\u00fccresi, ampul boynunu k\u0131rmak i\u00e7in gereken kuvveti alg\u0131lar.<\/li>\n<li><strong>Ad\u0131m 4<\/strong>: K\u0131rma kuvveti kaydedilir ve sonu\u00e7lar HMI dokunmatik ekran\u0131nda g\u00f6r\u00fcnt\u00fclenir veya entegre mikro yaz\u0131c\u0131 arac\u0131l\u0131\u011f\u0131yla yazd\u0131r\u0131l\u0131r.<\/li>\n<\/ul>\n<p>Bu i\u015flem, ampullerin k\u0131r\u0131lma kuvvetinin end\u00fcstri standartlar\u0131na g\u00f6re do\u011fru bir \u015fekilde \u00f6l\u00e7\u00fclmesini sa\u011flar.<\/p>\n<h2><strong>BST-01 Ampul Kopma Dayan\u0131m\u0131 Test Cihaz\u0131n\u0131n Teknik \u00d6zellikleri<\/strong><\/h2>\n<p>Bu <strong>BST-01 Ampul Kopma Dayan\u0131m\u0131 Test Cihaz\u0131<\/strong> do\u011frulu\u011funu ve \u00e7ok y\u00f6nl\u00fcl\u00fc\u011f\u00fcn\u00fc art\u0131ran bir dizi geli\u015fmi\u015f \u00f6zellik ile donat\u0131lm\u0131\u015ft\u0131r:<\/p>\n<ul>\n<li><strong>Y\u00fcksek Hassasiyetli Y\u00fck H\u00fccresi<\/strong>: 0,1N \u00e7\u00f6z\u00fcn\u00fcrl\u00fck ile g\u00fcvenilir ve hassas kuvvet \u00f6l\u00e7\u00fcmleri sa\u011flar.<\/li>\n<li><strong>\u00c7oklu Armat\u00fcr Se\u00e7enekleri<\/strong>: 1ml, 2ml, 5ml, 10ml ve 20ml ampuller i\u00e7in test fikst\u00fcrleri, test cihaz\u0131n\u0131n \u00e7e\u015fitli ampul boyutlar\u0131na uyum sa\u011flamas\u0131na olanak tan\u0131r.<\/li>\n<li><strong>Ayarlanabilir Test H\u0131z\u0131<\/strong>: Test h\u0131z\u0131, farkl\u0131 test gereksinimlerini kar\u015f\u0131layacak \u015fekilde 1 ila 500 mm\/dak aras\u0131nda ayarlanabilir.<\/li>\n<li><strong>PLC Kontrol ve HMI Dokunmatik Ekran<\/strong>: Kolay kullan\u0131m ve test s\u00fcrecinin otomasyonu i\u00e7in.<\/li>\n<li><strong>Hassas Bilyal\u0131 Vidal\u0131 Step Motor<\/strong>: Hassas testler i\u00e7in do\u011fru h\u0131z kontrol\u00fc sa\u011flar.<\/li>\n<li><strong>G\u00fcvenlik \u00d6zellikleri<\/strong>: Numune s\u0131\u00e7ramas\u0131n\u0131 \u00f6nlemek i\u00e7in koruyucu bir kapak, k\u0131r\u0131k ampul numuneleri i\u00e7in bir toplama t\u00fcp\u00fc ve otomatik geri d\u00f6n\u00fc\u015f i\u015flevi i\u00e7erir.<\/li>\n<li><strong>Opsiyonel Ba\u011flant\u0131<\/strong>: Profesyonel yaz\u0131l\u0131m ve sistemlerle entegrasyon i\u00e7in RS 232 ba\u011flant\u0131s\u0131.<\/li>\n<\/ul>\n<h2><strong>Di\u011fer \u0130lgili Standartlar ve Uyumluluk<\/strong><\/h2>\n<p>Ek olarak <strong>ISO 9187<\/strong>, the <strong>BST-01 Ampul K\u0131r\u0131lma Kuvveti Test Cihaz\u0131<\/strong> dahil olmak \u00fczere di\u011fer bir\u00e7ok end\u00fcstri standard\u0131na uygundur:<\/p>\n<ul>\n<li><strong>GB 2637<\/strong>: Ampul testi i\u00e7in bir \u00c7in ulusal standard\u0131.<\/li>\n<li><strong>YBB00332002<\/strong>: Farmas\u00f6tik ambalajlamada kullan\u0131lan ampuller i\u00e7in bir \u00c7in standard\u0131.<\/li>\n<\/ul>\n<p>Bu standartlar, cihaz\u0131n \u00e7ok y\u00f6nl\u00fcl\u00fc\u011f\u00fcn\u00fc ve k\u00fcresel test gereksinimlerine uygunlu\u011funu sa\u011flar.<\/p>\n<h2><strong>Ampul K\u0131r\u0131lma Kuvveti Test Cihaz\u0131n\u0131n Ana Parametreleri<\/strong><\/h2>\n<table>\n<tbody>\n<tr>\n<td style=\"text-align: center;\" width=\"87\">Test Aral\u0131\u011f\u0131<\/td>\n<td style=\"text-align: center;\" width=\"188\">0~200N (Veya gerekti\u011fi gibi)<\/td>\n<\/tr>\n<tr>\n<td style=\"text-align: center;\" width=\"87\">H\u0131z<\/td>\n<td style=\"text-align: center;\" width=\"188\">1 ~ 500 mm \/ dak<\/td>\n<\/tr>\n<tr>\n<td style=\"text-align: center;\" width=\"87\">\u00c7\u00f6z\u00fcn\u00fcrl\u00fck<\/td>\n<td style=\"text-align: center;\" width=\"188\">0.1N<\/td>\n<\/tr>\n<tr>\n<td style=\"text-align: center;\" width=\"87\">Do\u011fruluk<\/td>\n<td style=\"text-align: center;\" width=\"188\">0,5% F.S.<\/td>\n<\/tr>\n<tr>\n<td style=\"text-align: center;\" width=\"87\">G\u00fc\u00e7<\/td>\n<td style=\"text-align: center;\" width=\"188\">110~ 220V 50\/60Hz<\/td>\n<\/tr>\n<\/tbody>\n<\/table>\n<p>Bu <strong>BST-01 Ampul K\u0131r\u0131lma Kuvveti Test Cihaz\u0131<\/strong> ila\u00e7 ve t\u0131bbi ambalaj end\u00fcstrilerinin zorlu test gereksinimlerini kar\u015f\u0131lamak \u00fczere tasarlanm\u0131\u015f g\u00fcvenilir, \u00e7ok y\u00f6nl\u00fc ve son derece hassas bir cihazd\u0131r. A\u015fa\u011f\u0131dakiler gibi uluslararas\u0131 standartlara ba\u011fl\u0131 kalarak <strong>ISO 9187<\/strong>, test cihaz\u0131, ampullerin kullan\u0131m\u0131n\u0131n g\u00fcvenli olmas\u0131n\u0131 ve gerekli k\u0131r\u0131lma kuvveti spesifikasyonlar\u0131n\u0131 kar\u015f\u0131lamas\u0131n\u0131 sa\u011flar. Geli\u015fmi\u015f \u00f6zellikleri, farkl\u0131 ampul boyutlar\u0131n\u0131 test etme esnekli\u011fi ve kullan\u0131m kolayl\u0131\u011f\u0131 ile BST-01, \u00fcreticiler ve kalite kontrol laboratuvarlar\u0131 i\u00e7in vazge\u00e7ilmez bir ara\u00e7t\u0131r.<\/p>\n<h4><strong>SSS B\u00f6l\u00fcm\u00fc<\/strong><\/h4>\n<ol>\n<li><strong>Ampul k\u0131r\u0131lma kuvveti test cihaz\u0131n\u0131n amac\u0131 nedir?<\/strong><br \/>\nTest cihaz\u0131, bir ampul\u00fcn boynunu k\u0131rmak i\u00e7in gereken kuvveti \u00f6l\u00e7erek ta\u015f\u0131ma ve kullan\u0131m s\u0131ras\u0131nda g\u00fcc\u00fcn\u00fc ve g\u00fcvenli\u011fini sa\u011flar.<\/li>\n<li><strong>ISO 9187'nin ampul testi ile ili\u015fkisi nedir?<\/strong><br \/>\nISO 9187, test s\u00fcrecinde tutarl\u0131l\u0131k ve g\u00fcvenilirlik sa\u011flamak i\u00e7in ampullerin k\u0131r\u0131lma kuvvetini test etme y\u00f6ntemini ve y\u00f6nergelerini ana hatlar\u0131yla belirtir.<\/li>\n<li><strong>BST-01 Ampul K\u0131r\u0131lma Kuvveti Test Cihaz\u0131n\u0131n temel teknik \u00f6zellikleri nelerdir?<\/strong><br \/>\nTest cihaz\u0131nda y\u00fcksek hassasiyetli bir y\u00fck h\u00fccresi, birden fazla fikst\u00fcr boyutu, ayarlanabilir test h\u0131zlar\u0131, PLC kontrol\u00fc ve koruyucu kapaklar ve toplama t\u00fcpleri gibi g\u00fcvenlik \u00f6zellikleri bulunur.<\/li>\n<li><strong>BST-01, ampullerin yan\u0131 s\u0131ra di\u011fer malzemeleri test etmek i\u00e7in de kullan\u0131labilir mi?<\/strong><br \/>\nEvet, BST-01 \u00e7ok y\u00f6nl\u00fcd\u00fcr ve \u015f\u0131r\u0131ngalar, kapaklar ve t\u0131palar gibi di\u011fer t\u0131bbi ambalaj malzemelerini test edebilir.<\/li>\n<li><strong>BST-01 Ampul K\u0131r\u0131lma Kuvveti Test Cihaz\u0131n\u0131n do\u011frulu\u011fu nedir?<\/strong><br \/>\nTest cihaz\u0131, 0,5% tam \u00f6l\u00e7ek (F.S.) do\u011frulu\u011fu sunarak hassas ve g\u00fcvenilir test sonu\u00e7lar\u0131 sa\u011flar.<\/li>\n<\/ol>","protected":false},"excerpt":{"rendered":"<p>Bu <strong>ampul k\u0131r\u0131lma kuvveti test cihaz\u0131<\/strong> bir ampul\u00fcn boynunu k\u0131rmak i\u00e7in gereken kuvveti \u00f6l\u00e7mek \u00fczere tasarlanm\u0131\u015f, ila\u00e7 ve t\u0131bbi ambalaj end\u00fcstrilerinde \u00e7ok \u00f6nemli bir ara\u00e7t\u0131r. Ampuller, hassas farmas\u00f6tik maddelerin saklanmas\u0131 i\u00e7in kullan\u0131lan hava ge\u00e7irmez \u015fekilde kapat\u0131lm\u0131\u015f kaplard\u0131r. Boynun k\u0131r\u0131lma mukavemeti, i\u00e7indeki \u00fcr\u00fcn\u00fcn g\u00fcvenli\u011fini ve b\u00fct\u00fcnl\u00fc\u011f\u00fcn\u00fc sa\u011flamada kritik bir rol oynar. Ampullerin g\u00fcvenli kullan\u0131m ve ta\u015f\u0131ma i\u00e7in gerekli standartlar\u0131 kar\u015f\u0131lad\u0131\u011f\u0131ndan emin olmak i\u00e7in hassas ve g\u00fcvenilir bir test cihaz\u0131 gereklidir.<\/p>","protected":false},"featured_media":6120,"comment_status":"closed","ping_status":"closed","template":"","meta":{"site-sidebar-layout":"default","site-content-layout":"default","ast-global-header-display":"","ast-main-header-display":"","ast-hfb-above-header-display":"","ast-hfb-below-header-display":"","ast-hfb-mobile-header-display":"","site-post-title":"","ast-breadcrumbs-content":"","ast-featured-img":"","footer-sml-layout":"","theme-transparent-header-meta":"default","adv-header-id-meta":"","stick-header-meta":"","header-above-stick-meta":"","header-main-stick-meta":"","header-below-stick-meta":""},"product_cat":[933,845,149,173,95],"product_tag":[],"class_list":{"0":"post-3223","1":"product","2":"type-product","3":"status-publish","4":"has-post-thumbnail","6":"product_cat-ampoule-breaking-tester","7":"product_cat-customization","8":"product_cat-pharma-and-medical-testers","9":"product_cat-iso-9187","10":"product_cat-products","11":"desktop-align-left","12":"tablet-align-left","13":"mobile-align-left","15":"first","16":"instock","17":"shipping-taxable","18":"product-type-simple"},"_links":{"self":[{"href":"https:\/\/www.qualitester.com\/tr\/wp-json\/wp\/v2\/product\/3223","targetHints":{"allow":["GET"]}}],"collection":[{"href":"https:\/\/www.qualitester.com\/tr\/wp-json\/wp\/v2\/product"}],"about":[{"href":"https:\/\/www.qualitester.com\/tr\/wp-json\/wp\/v2\/types\/product"}],"replies":[{"embeddable":true,"href":"https:\/\/www.qualitester.com\/tr\/wp-json\/wp\/v2\/comments?post=3223"}],"version-history":[{"count":0,"href":"https:\/\/www.qualitester.com\/tr\/wp-json\/wp\/v2\/product\/3223\/revisions"}],"wp:featuredmedia":[{"embeddable":true,"href":"https:\/\/www.qualitester.com\/tr\/wp-json\/wp\/v2\/media\/6120"}],"wp:attachment":[{"href":"https:\/\/www.qualitester.com\/tr\/wp-json\/wp\/v2\/media?parent=3223"}],"wp:term":[{"taxonomy":"product_cat","embeddable":true,"href":"https:\/\/www.qualitester.com\/tr\/wp-json\/wp\/v2\/product_cat?post=3223"},{"taxonomy":"product_tag","embeddable":true,"href":"https:\/\/www.qualitester.com\/tr\/wp-json\/wp\/v2\/product_tag?post=3223"}],"curies":[{"name":"wp","href":"https:\/\/api.w.org\/{rel}","templated":true}]}}