{"id":3021,"date":"2023-08-01T14:46:32","date_gmt":"2023-08-01T06:46:32","guid":{"rendered":"https:\/\/www.qualitester.com\/?post_type=product&#038;p=3021"},"modified":"2024-12-04T16:04:27","modified_gmt":"2024-12-04T08:04:27","slug":"high-quality-leak-and-seal-strength-of-food-saver-bags","status":"publish","type":"product","link":"https:\/\/www.qualitester.com\/tr\/urun\/high-quality-leak-and-seal-strength-of-food-saver-bags\/","title":{"rendered":"G\u0131da Tasarruf Torbalar\u0131n\u0131n Y\u00fcksek Kalite S\u0131zd\u0131rmazl\u0131k ve S\u0131zd\u0131rmazl\u0131k Dayan\u0131m\u0131"},"content":{"rendered":"<div data-elementor-type=\"wp-post\" data-elementor-id=\"3021\" class=\"elementor elementor-3021\" data-elementor-post-type=\"product\">\n\t\t\t\t<div class=\"elementor-element elementor-element-53b9189 e-flex e-con-boxed e-con e-parent\" data-id=\"53b9189\" data-element_type=\"container\">\n\t\t\t\t\t<div class=\"e-con-inner\">\n\t\t<div class=\"elementor-element elementor-element-babf4b2 e-con-full e-flex e-con e-parent\" data-id=\"babf4b2\" data-element_type=\"container\">\n\t\t\t\t<div class=\"elementor-element elementor-element-808566d elementor-widget elementor-widget-image\" data-id=\"808566d\" data-element_type=\"widget\" data-widget_type=\"image.default\">\n\t\t\t\t<div class=\"elementor-widget-container\">\n\t\t\t\t\t\t\t\t\t\t\t\t\t<img fetchpriority=\"high\" decoding=\"async\" width=\"750\" height=\"750\" src=\"https:\/\/www.qualitester.com\/wp-content\/uploads\/2023\/04\/Leak-and-Seal-Strength-Tester.jpg\" class=\"attachment-large size-large wp-image-1718\" alt=\"\" srcset=\"https:\/\/www.qualitester.com\/wp-content\/uploads\/2023\/04\/Leak-and-Seal-Strength-Tester.jpg 750w, https:\/\/www.qualitester.com\/wp-content\/uploads\/2023\/04\/Leak-and-Seal-Strength-Tester-300x300.jpg 300w, https:\/\/www.qualitester.com\/wp-content\/uploads\/2023\/04\/Leak-and-Seal-Strength-Tester-150x150.jpg 150w, https:\/\/www.qualitester.com\/wp-content\/uploads\/2023\/04\/Leak-and-Seal-Strength-Tester-600x600.jpg 600w, https:\/\/www.qualitester.com\/wp-content\/uploads\/2023\/04\/Leak-and-Seal-Strength-Tester-100x100.jpg 100w\" sizes=\"(max-width: 750px) 100vw, 750px\" \/>\t\t\t\t\t\t\t\t\t\t\t\t\t<\/div>\n\t\t\t\t<\/div>\n\t\t\t\t<\/div>\n\t\t<div class=\"elementor-element elementor-element-6563451 e-con-full e-flex e-con e-parent\" data-id=\"6563451\" data-element_type=\"container\">\n\t\t\t\t<div class=\"elementor-element elementor-element-72ae959 elementor-widget elementor-widget-text-editor\" data-id=\"72ae959\" data-element_type=\"widget\" data-widget_type=\"text-editor.default\">\n\t\t\t\t<div class=\"elementor-widget-container\">\n\t\t\t\t\t\t\t<h6><strong>Uygulama<\/strong><\/h6><p><em>B\u00fct\u00fcnl\u00fc\u011f\u00fcn test edilmesi, numunenin gerekli \u00fcr\u00fcn korumas\u0131n\u0131 sa\u011flad\u0131\u011f\u0131ndan emin olunmas\u0131na yard\u0131mc\u0131 olur. S\u00fcrd\u00fcr\u00fclebilir ambalaj alternatifleri, daha d\u00fc\u015f\u00fck maliyetli ambalajlar ve \u00fcretim hatt\u0131 s\u0131zd\u0131rmazl\u0131k parametrelerindeki de\u011fi\u015fiklikler s\u0131kl\u0131kla s\u0131zd\u0131rmazl\u0131k b\u00fct\u00fcnl\u00fc\u011f\u00fc testleri ile de\u011ferlendirilir. Ambalaj m\u00fch\u00fcrlerinin g\u00fcvenilirli\u011fini korumak, \u00fcr\u00fcn kalitesi ve g\u00fcvenli\u011fi i\u00e7in kritik \u00f6neme sahiptir.<\/em><\/p><h6><strong>Test Y\u00f6ntemi<\/strong><\/h6><p><em>Bas\u0131n\u00e7 bozulmas\u0131, ka\u00e7ak testinde en yayg\u0131n kullan\u0131lan y\u00f6ntemlerden biridir. Numunenin i\u00e7 k\u0131sm\u0131ndaki bas\u0131n\u00e7 d\u00fc\u015f\u00fc\u015f\u00fcn\u00fc \u00f6l\u00e7er. Numune \u00f6nce bir hedef seviyeye kadar bas\u0131n\u00e7land\u0131r\u0131l\u0131r ve ard\u0131ndan hava kayna\u011f\u0131 kesilir. Daha sonra bas\u0131n\u00e7 tespit edilir ve bas\u0131n\u00e7 d\u00fc\u015f\u00fc\u015f\u00fc bir s\u0131z\u0131nt\u0131 oldu\u011funu g\u00f6sterir. Numune performans\u0131n\u0131 analiz etmenin \u00fc\u00e7 yolu vard\u0131r: patlama, s\u00fcr\u00fcnme ve ar\u0131zaya kadar s\u00fcr\u00fcnme testi.<\/em><\/p>\t\t\t\t\t\t<\/div>\n\t\t\t\t<\/div>\n\t\t\t\t<\/div>\n\t\t\t\t\t<\/div>\n\t\t\t\t<\/div>\n\t\t<div class=\"elementor-element elementor-element-ea768c6 e-flex e-con-boxed e-con e-parent\" data-id=\"ea768c6\" data-element_type=\"container\">\n\t\t\t\t\t<div class=\"e-con-inner\">\n\t\t<div class=\"elementor-element elementor-element-8194a01 e-con-full e-flex e-con e-parent\" data-id=\"8194a01\" data-element_type=\"container\">\n\t\t\t\t<div class=\"elementor-element elementor-element-b433e1e elementor-widget elementor-widget-image\" data-id=\"b433e1e\" data-element_type=\"widget\" data-widget_type=\"image.default\">\n\t\t\t\t<div class=\"elementor-widget-container\">\n\t\t\t\t\t\t\t\t\t\t\t\t\t<img decoding=\"async\" width=\"750\" height=\"750\" src=\"https:\/\/www.qualitester.com\/wp-content\/uploads\/2023\/04\/LSST-01-Leak-and-Seal-Strength-Tester.jpg\" class=\"attachment-large size-large wp-image-1719\" alt=\"\" srcset=\"https:\/\/www.qualitester.com\/wp-content\/uploads\/2023\/04\/LSST-01-Leak-and-Seal-Strength-Tester.jpg 750w, https:\/\/www.qualitester.com\/wp-content\/uploads\/2023\/04\/LSST-01-Leak-and-Seal-Strength-Tester-300x300.jpg 300w, https:\/\/www.qualitester.com\/wp-content\/uploads\/2023\/04\/LSST-01-Leak-and-Seal-Strength-Tester-150x150.jpg 150w, https:\/\/www.qualitester.com\/wp-content\/uploads\/2023\/04\/LSST-01-Leak-and-Seal-Strength-Tester-600x600.jpg 600w, https:\/\/www.qualitester.com\/wp-content\/uploads\/2023\/04\/LSST-01-Leak-and-Seal-Strength-Tester-100x100.jpg 100w\" sizes=\"(max-width: 750px) 100vw, 750px\" \/>\t\t\t\t\t\t\t\t\t\t\t\t\t<\/div>\n\t\t\t\t<\/div>\n\t\t\t\t<\/div>\n\t\t<div class=\"elementor-element elementor-element-e4da271 e-con-full e-flex e-con e-parent\" data-id=\"e4da271\" data-element_type=\"container\">\n\t\t\t\t<div class=\"elementor-element elementor-element-88c7448 elementor-widget elementor-widget-text-editor\" data-id=\"88c7448\" data-element_type=\"widget\" data-widget_type=\"text-editor.default\">\n\t\t\t\t<div class=\"elementor-widget-container\">\n\t\t\t\t\t\t\t<h6><strong>Teknik \u00d6zellikler<\/strong><\/h6><ul><li>PLC kontroll\u00fc \u00fcnite (end\u00fcstriyel d\u00fczeyde kararl\u0131) ve HMI dokunmatik ekranla \u00e7al\u0131\u015ft\u0131r\u0131l\u0131r.<\/li><li>Test cihaz\u0131 patlama, s\u00fcr\u00fcnme ve ar\u0131zaya kadar s\u00fcr\u00fcnme olmak \u00fczere \u00fc\u00e7 test modunu ger\u00e7ekle\u015ftirebilir.<\/li><li>Test sonucu otomatik istatistikleri ve depolama.<\/li><li>Hassasiyet ve e\u015fik ki\u015fiselle\u015ftirilmi\u015f ayar.<\/li><li>S\u0131n\u0131rlama plakalar\u0131 tak\u0131labilir.<\/li><li>Program \u00f6zelle\u015ftirme mevcuttur.<\/li><li>600KPa'ya (87 psi) kadar standart bas\u0131n\u00e7 ve kullan\u0131c\u0131 ihtiyac\u0131na g\u00f6re de\u011fi\u015ftirilebilir<\/li><li>A\u00e7\u0131k paket (\u00fc\u00e7 taraf\u0131 m\u00fch\u00fcrl\u00fc), kapal\u0131 paket, doygun paket, t\u00fcp, m\u00fch\u00fcrl\u00fc tepsi ve bardak vb. gibi paket formuna y\u00f6nelik testleri kolayla\u015ft\u0131rmak i\u00e7in di\u011fer fikst\u00fcr formlar\u0131yla uyumludur.<\/li><\/ul>\t\t\t\t\t\t<\/div>\n\t\t\t\t<\/div>\n\t\t\t\t<\/div>\n\t\t\t\t\t<\/div>\n\t\t\t\t<\/div>\n\t\t<div class=\"elementor-element elementor-element-4a2e865 e-flex e-con-boxed e-con e-parent\" data-id=\"4a2e865\" data-element_type=\"container\">\n\t\t\t\t\t<div class=\"e-con-inner\">\n\t\t<div class=\"elementor-element elementor-element-6a65618 e-con-full e-flex e-con e-parent\" data-id=\"6a65618\" data-element_type=\"container\">\n\t\t\t\t<div class=\"elementor-element elementor-element-c5a4412 elementor-widget elementor-widget-image\" data-id=\"c5a4412\" data-element_type=\"widget\" data-widget_type=\"image.default\">\n\t\t\t\t<div class=\"elementor-widget-container\">\n\t\t\t\t\t\t\t\t\t\t\t\t\t<img decoding=\"async\" width=\"750\" height=\"750\" src=\"https:\/\/www.qualitester.com\/wp-content\/uploads\/2023\/04\/Leak-and-Seal-Strength-Tester-LSST-01-1.jpg\" class=\"attachment-large size-large wp-image-1717\" alt=\"\" srcset=\"https:\/\/www.qualitester.com\/wp-content\/uploads\/2023\/04\/Leak-and-Seal-Strength-Tester-LSST-01-1.jpg 750w, https:\/\/www.qualitester.com\/wp-content\/uploads\/2023\/04\/Leak-and-Seal-Strength-Tester-LSST-01-1-300x300.jpg 300w, https:\/\/www.qualitester.com\/wp-content\/uploads\/2023\/04\/Leak-and-Seal-Strength-Tester-LSST-01-1-150x150.jpg 150w, https:\/\/www.qualitester.com\/wp-content\/uploads\/2023\/04\/Leak-and-Seal-Strength-Tester-LSST-01-1-600x600.jpg 600w, https:\/\/www.qualitester.com\/wp-content\/uploads\/2023\/04\/Leak-and-Seal-Strength-Tester-LSST-01-1-100x100.jpg 100w\" sizes=\"(max-width: 750px) 100vw, 750px\" \/>\t\t\t\t\t\t\t\t\t\t\t\t\t<\/div>\n\t\t\t\t<\/div>\n\t\t\t\t<\/div>\n\t\t<div class=\"elementor-element elementor-element-edfb459 e-con-full e-flex e-con e-parent\" data-id=\"edfb459\" data-element_type=\"container\">\n\t\t\t\t<div class=\"elementor-element elementor-element-5946c3b elementor-widget elementor-widget-text-editor\" data-id=\"5946c3b\" data-element_type=\"widget\" data-widget_type=\"text-editor.default\">\n\t\t\t\t<div class=\"elementor-widget-container\">\n\t\t\t\t\t\t\t<h6><strong>Ana Parametreler<\/strong><\/h6><p><em>Test Aral\u0131\u011f\u0131 0~-600KPa<\/em><\/p><p><em>\u00d6rnek Geni\u015fli\u011fi 300mm (standart)<\/em><\/p><p><em>\u015ei\u015firme Ba\u015fl\u0131\u011f\u0131 \u03a64mm<\/em><\/p><p><em>Bas\u0131n\u00e7l\u0131 Hava 0.4~0.7MPa (Kullan\u0131c\u0131 taraf\u0131ndan haz\u0131rlanm\u0131\u015ft\u0131r)<\/em><\/p><p><em>G\u00fc\u00e7 110~220V 50\/60Hz<\/em><\/p>\t\t\t\t\t\t<\/div>\n\t\t\t\t<\/div>\n\t\t\t\t<\/div>\n\t\t\t\t\t<\/div>\n\t\t\t\t<\/div>\n\t\t<div class=\"elementor-element elementor-element-0c8e8fc e-flex e-con-boxed e-con e-parent\" data-id=\"0c8e8fc\" data-element_type=\"container\">\n\t\t\t\t\t<div class=\"e-con-inner\">\n\t\t\t\t<div class=\"elementor-element elementor-element-2473ce3 elementor-widget elementor-widget-wpforms\" data-id=\"2473ce3\" data-element_type=\"widget\" data-widget_type=\"wpforms.default\">\n\t\t\t\t<div class=\"elementor-widget-container\">\n\t\t\t<div class=\"wpforms-container\" id=\"wpforms-11\"><form id=\"wpforms-form-11\" class=\"wpforms-validate wpforms-form wpforms-ajax-form\" data-formid=\"11\" method=\"post\" enctype=\"multipart\/form-data\" action=\"\/tr\/wp-json\/wp\/v2\/product\/3021\" data-token=\"04df857188661b35ec3ce44c64e02aa2\" data-trp-original-action=\"\/tr\/wp-json\/wp\/v2\/product\/3021\"><noscript class=\"wpforms-error-noscript\">Bu formu bitirebilmek i\u00e7in taray\u0131c\u0131n\u0131zda JavaScript&#039;i etkinle\u015ftirin.<\/noscript><div class=\"wpforms-field-container\"><div id=\"wpforms-11-field_1-container\" class=\"wpforms-field wpforms-field-text\" data-field-id=\"1\"><label class=\"wpforms-field-label\" for=\"wpforms-11-field_1\">\u0130sim <span class=\"wpforms-required-label\">*<\/span><\/label><input type=\"text\" id=\"wpforms-11-field_1\" class=\"wpforms-field-medium wpforms-field-required\" name=\"wpforms[fields][1]\" placeholder=\"\u0130sim\" required><\/div><div id=\"wpforms-11-field_5-container\" class=\"wpforms-field wpforms-field-text\" data-field-id=\"5\"><label class=\"wpforms-field-label\" for=\"wpforms-11-field_5\">\u015eirket<\/label><input type=\"text\" id=\"wpforms-11-field_5\" class=\"wpforms-field-medium\" name=\"wpforms[fields][5]\" ><\/div><div id=\"wpforms-11-field_4-container\" class=\"wpforms-field wpforms-field-number\" data-field-id=\"4\"><label class=\"wpforms-field-label\" for=\"wpforms-11-field_4\">Telefon<\/label><input type=\"number\" pattern=\"\\d*\" id=\"wpforms-11-field_4\" class=\"wpforms-field-medium\" name=\"wpforms[fields][4]\" placeholder=\"Telefon\" ><\/div><div id=\"wpforms-11-field_3-container\" class=\"wpforms-field wpforms-field-email\" data-field-id=\"3\"><label class=\"wpforms-field-label\" for=\"wpforms-11-field_3\">E-posta <span class=\"wpforms-required-label\">*<\/span><\/label><input type=\"email\" id=\"wpforms-11-field_3\" class=\"wpforms-field-medium wpforms-field-required\" name=\"wpforms[fields][3]\" placeholder=\"E-posta\" spellcheck=\"false\" required><\/div><div id=\"wpforms-11-field_2-container\" class=\"wpforms-field wpforms-field-textarea\" data-field-id=\"2\"><label class=\"wpforms-field-label\" for=\"wpforms-11-field_2\">Mesaj<\/label><textarea id=\"wpforms-11-field_2\" class=\"wpforms-field-large\" name=\"wpforms[fields][2]\" ><\/textarea><\/div><\/div><!-- .wpforms-field-container --><input type=\"hidden\" name=\"wpforms[recaptcha]\" value=\"\"><div class=\"wpforms-submit-container\" ><input type=\"hidden\" name=\"wpforms[id]\" value=\"11\"><input type=\"hidden\" name=\"wpforms[author]\" value=\"4\"><button type=\"submit\" name=\"wpforms[submit]\" id=\"wpforms-submit-11\" class=\"wpforms-submit\" data-alt-text=\"Submitting\" data-submit-text=\"Submit\" aria-live=\"assertive\" value=\"wpforms-submit\">G\u00f6nder<\/button><img loading=\"lazy\" decoding=\"async\" src=\"https:\/\/www.qualitester.com\/wp-content\/plugins\/wpforms-lite\/assets\/images\/submit-spin.svg\" class=\"wpforms-submit-spinner\" style=\"display: none;\" width=\"26\" height=\"26\" alt=\"Y\u00fckleniyor\"><\/div><input type=\"hidden\" name=\"trp-form-language\" value=\"tr\"\/><\/form><\/div>  <!-- .wpforms-container -->\t\t<\/div>\n\t\t\t\t<\/div>\n\t\t\t\t\t<\/div>\n\t\t\t\t<\/div>\n\t\t\t\t<\/div>","protected":false},"excerpt":{"rendered":"<p>Use the positive pressure method to detect the leak and seal strength of the food saver bag.<\/p>","protected":false},"featured_media":3787,"comment_status":"closed","ping_status":"closed","template":"","meta":{"site-sidebar-layout":"default","site-content-layout":"default","ast-global-header-display":"","ast-main-header-display":"","ast-hfb-above-header-display":"","ast-hfb-below-header-display":"","ast-hfb-mobile-header-display":"","site-post-title":"disabled","ast-breadcrumbs-content":"","ast-featured-img":"disabled","footer-sml-layout":"","theme-transparent-header-meta":"default","adv-header-id-meta":"","stick-header-meta":"","header-above-stick-meta":"","header-main-stick-meta":"","header-below-stick-meta":""},"product_cat":[953,923,674,672,17,149,16,99,108,109,95],"product_tag":[549,40,724,552,994,553,572,473,177,816],"class_list":{"0":"post-3021","1":"product","2":"type-product","3":"status-publish","4":"has-post-thumbnail","6":"product_cat-bursting-tester","7":"product_cat-strength-tester","8":"product_cat-test-items","9":"product_cat-applied-materials","10":"product_cat-package-container-testers","11":"product_cat-pharma-and-medical-testers","12":"product_cat-plastic-packaging-testers","13":"product_cat-astm","14":"product_cat-astm-f1140","15":"product_cat-astm-f2054","16":"product_cat-products","17":"product_tag-astm-f1140","18":"product_tag-astm-f2054","19":"product_tag-food-saver-vacuum-bags-seal-testing","20":"product_tag-iso-11607","21":"product_tag-leak-and-seal-strength-tester","22":"product_tag-leak-testing","23":"product_tag-packaging-sealing-performance","24":"product_tag-positive-pressure-method","25":"product_tag-seal-strength","26":"product_tag-sealed-bag-strength","27":"desktop-align-left","28":"tablet-align-left","29":"mobile-align-left","31":"first","32":"instock","33":"shipping-taxable","34":"product-type-simple"},"_links":{"self":[{"href":"https:\/\/www.qualitester.com\/tr\/wp-json\/wp\/v2\/product\/3021","targetHints":{"allow":["GET"]}}],"collection":[{"href":"https:\/\/www.qualitester.com\/tr\/wp-json\/wp\/v2\/product"}],"about":[{"href":"https:\/\/www.qualitester.com\/tr\/wp-json\/wp\/v2\/types\/product"}],"replies":[{"embeddable":true,"href":"https:\/\/www.qualitester.com\/tr\/wp-json\/wp\/v2\/comments?post=3021"}],"version-history":[{"count":0,"href":"https:\/\/www.qualitester.com\/tr\/wp-json\/wp\/v2\/product\/3021\/revisions"}],"wp:featuredmedia":[{"embeddable":true,"href":"https:\/\/www.qualitester.com\/tr\/wp-json\/wp\/v2\/media\/3787"}],"wp:attachment":[{"href":"https:\/\/www.qualitester.com\/tr\/wp-json\/wp\/v2\/media?parent=3021"}],"wp:term":[{"taxonomy":"product_cat","embeddable":true,"href":"https:\/\/www.qualitester.com\/tr\/wp-json\/wp\/v2\/product_cat?post=3021"},{"taxonomy":"product_tag","embeddable":true,"href":"https:\/\/www.qualitester.com\/tr\/wp-json\/wp\/v2\/product_tag?post=3021"}],"curies":[{"name":"wp","href":"https:\/\/api.w.org\/{rel}","templated":true}]}}