{"id":3012,"date":"2023-07-31T16:39:52","date_gmt":"2023-07-31T08:39:52","guid":{"rendered":"https:\/\/www.qualitester.com\/?post_type=product&#038;p=3012"},"modified":"2025-01-07T17:06:31","modified_gmt":"2025-01-07T09:06:31","slug":"gelbo-flex-tester-astm-f392","status":"publish","type":"product","link":"https:\/\/www.qualitester.com\/tr\/urun\/gelbo-flex-tester-astm-f392\/","title":{"rendered":"GFT Gelbo Flex Test Cihaz\u0131"},"content":{"rendered":"<p>Bu <strong>Gelbo Flex Test Cihaz\u0131<\/strong> filmler, kompozitler ve kaplama filmleri gibi esnek bariyer malzemelerinin esneme dayan\u0131kl\u0131l\u0131\u011f\u0131n\u0131 de\u011ferlendirmek i\u00e7in \u00f6nemli bir ara\u00e7t\u0131r. Bu cihaz, bir malzemenin esnek \u00e7atlaklar\u0131 \u00f6nlemek ve da\u011f\u0131t\u0131m s\u0131ras\u0131nda ambalaj\u0131n b\u00fct\u00fcnl\u00fc\u011f\u00fcn\u00fc sa\u011flamak i\u00e7in \u00e7ok \u00f6nemli olan tekrarlayan gerilmeye dayanma yetene\u011fini test eder. Esnek \u00e7atlak direnci, ambalaj\u0131n delinme riskini en aza indirerek i\u00e7eri\u011fin ambalaj\u0131n ya\u015fam d\u00f6ng\u00fcs\u00fc boyunca bozulmadan kalmas\u0131n\u0131 sa\u011flad\u0131\u011f\u0131 i\u00e7in hayati bir \u00f6zelliktir.<\/p>\n<h2>ASTM F392 - Esnek Bariyer Malzemelerinin Esnek Dayan\u0131kl\u0131l\u0131\u011f\u0131<\/h2>\n<p><a href=\"https:\/\/www.astm.org\/f0392_f0392m-21.html\" target=\"_blank\" rel=\"noopener nofollow\"><strong>ASTM F392<\/strong><\/a> belirleme prosed\u00fcr\u00fcn\u00fc \u00f6zetleyen standart bir spesifikasyondur. <strong>esnek dayan\u0131kl\u0131l\u0131k<\/strong> esnek bariyer malzemeleri. Bu test y\u00f6ntemi, filmler ve kaplamalar gibi malzemelerin, ta\u015f\u0131ma ve elle\u00e7leme s\u0131ras\u0131nda ger\u00e7ek d\u00fcnya ko\u015fullar\u0131n\u0131 sim\u00fcle ederek, stres alt\u0131nda tekrarlanan b\u00fck\u00fclme, b\u00fck\u00fclme ve esnemeye dayanma yetene\u011fini de\u011ferlendirmek i\u00e7in \u00f6zel olarak tasarlanm\u0131\u015ft\u0131r. Test, numunenin bir dizi esneme hareketine tabi tutulmas\u0131n\u0131 ve malzemenin delik veya \u00e7atlak olu\u015fmadan bu gerilimlere dayanma kabiliyetinin belirlenmesini i\u00e7erir.<\/p>\n<h2>Esnek Bariyer Malzemelerinin Esnek Dayan\u0131kl\u0131l\u0131k Testi ile \u015eartland\u0131r\u0131lmas\u0131 i\u00e7in Standart Prosed\u00fcr<\/h2>\n<p>Bu <strong>Gelbo Flex Test Cihaz\u0131<\/strong> 'de \u00f6zetlenen test prosed\u00fcrlerine ba\u011fl\u0131 kal\u0131r. <strong>ASTM F392<\/strong> i\u00e7in <strong>esnek dayan\u0131kl\u0131l\u0131k testi<\/strong>. S\u00fcre\u00e7, 200 mm'ye 280 mm \u00f6l\u00e7\u00fclerindeki bir numunenin test mandrellerine monte edilmesini i\u00e7ermektedir. Numune daha sonra, ambalaj malzemelerinin da\u011f\u0131t\u0131m s\u0131ras\u0131nda maruz kald\u0131\u011f\u0131 gerilimleri sim\u00fcle etmek i\u00e7in tasarlanan hem b\u00fckme hem de yatay s\u0131k\u0131\u015ft\u0131rma hareketlerine tabi tutulur. Spesifik olarak sistem, strokun ilk 90 mm'sinde 440\u00b0'lik bir b\u00fckme hareketi ba\u015flat\u0131r ve bunu 65 mm'lik yatay bir s\u0131k\u0131\u015ft\u0131rma izler.<\/p>\n<div class=\"ast-oembed-container\" style=\"height: 100%;\"><iframe title=\"Gelbo Flex Test Cihaz\u0131 ASTM F392\" width=\"500\" height=\"281\" src=\"https:\/\/www.youtube.com\/embed\/n2u7WCjVRTk?feature=oembed\" frameborder=\"0\" allow=\"accelerometer; autoplay; clipboard-write; encrypted-media; gyroscope; picture-in-picture; web-share\" referrerpolicy=\"strict-origin-when-cross-origin\" allowfullscreen><\/iframe><\/div>\n<p>Test \u015fu h\u0131zda ger\u00e7ekle\u015ftirilir <strong>Dakikada 45 devir<\/strong> \u00f6nceden programlanm\u0131\u015f be\u015f test modu ile:<\/p>\n<ul>\n<li><strong>Mod A<\/strong>: 1 saat boyunca tam esneklik (2.700 d\u00f6ng\u00fc)<\/li>\n<li><strong>B Modu<\/strong>: 20 dakika boyunca tam esneklik (900 d\u00f6ng\u00fc)<\/li>\n<li><strong>Mod C<\/strong>: 6 dakika boyunca tam esneme (270 d\u00f6ng\u00fc)<\/li>\n<li><strong>D Modu<\/strong>: 20 d\u00f6ng\u00fc i\u00e7in tam esneklik<\/li>\n<li><strong>Mod E<\/strong>: 20 d\u00f6ng\u00fc i\u00e7in k\u0131smi esneme<\/li>\n<\/ul>\n<p>Bu esnek test s\u00fcreci, kullan\u0131c\u0131lar\u0131n \u00e7e\u015fitli ger\u00e7ek d\u00fcnya stres senaryolar\u0131n\u0131 sim\u00fcle etmelerine olanak tan\u0131yarak esnek \u00e7atlak direncinin hassas bir \u015fekilde de\u011ferlendirilmesini sa\u011flar.<\/p>\n<h2>Gelbo Flex Test Cihaz\u0131 Teknik \u00d6zellikleri<\/h2>\n<ul>\n<li><strong>PLC Kontrol<\/strong>: Gelbo Flex Test Cihaz\u0131 a\u015fa\u011f\u0131dakilerle donat\u0131lm\u0131\u015ft\u0131r <strong>PLC kontrol\u00fc<\/strong> tutarl\u0131, otomatik testler i\u00e7in.<\/li>\n<li><strong>Sezgisel HMI Dokunmatik Ekran Aray\u00fcz\u00fc<\/strong>: Kullan\u0131c\u0131 dostu aray\u00fcz, test parametrelerini izlemeyi ve kontrol etmeyi kolayla\u015ft\u0131r\u0131r.<\/li>\n<li><strong>Be\u015f Standart Test Modu<\/strong>: Sistem, kullan\u0131c\u0131lar\u0131n malzemeleri i\u00e7in ideal test ko\u015fullar\u0131n\u0131 se\u00e7melerine olanak tan\u0131yan \u00f6nceden programlanm\u0131\u015f be\u015f mod ile esneklik sunar.<\/li>\n<li><strong>\u00c7oklu Test \u0130stasyonlar\u0131<\/strong>: Test cihaz\u0131, e\u015f zamanl\u0131 test i\u00e7in 3 ila 4 istasyona sahiptir ve b\u00fcy\u00fck hacimli malzemelerin test edilmesinde verimlili\u011fi art\u0131r\u0131r.<\/li>\n<li><strong>H\u0131zl\u0131 Mod De\u011fi\u015ftirme<\/strong>: Uzun ve k\u0131sa strok modlar\u0131 aras\u0131nda kolayca ge\u00e7i\u015f yaparak \u00f6zelle\u015ftirilebilir test ko\u015fullar\u0131 sa\u011flar.<\/li>\n<li><strong>Veri \u00c7\u0131k\u0131\u015f\u0131 i\u00e7in Mikro Yaz\u0131c\u0131<\/strong>: Dahili mikro yaz\u0131c\u0131, test sonu\u00e7lar\u0131n\u0131n kolayca yazd\u0131r\u0131lmas\u0131n\u0131 sa\u011flayarak veri do\u011frulu\u011fu ve izlenebilirli\u011fi sa\u011flar.<\/li>\n<\/ul>\n<h2>Esnek Dayan\u0131kl\u0131l\u0131k Test Cihaz\u0131 i\u00e7in Uygulama Alanlar\u0131<\/h2>\n<p>Esnek Dayan\u0131kl\u0131l\u0131k Test Cihaz\u0131, ambalaj malzemelerinin ta\u015f\u0131ma ve elle\u00e7leme s\u0131ras\u0131nda tekrarlayan gerilimlere maruz kald\u0131\u011f\u0131 sekt\u00f6rlerde yayg\u0131n olarak kullan\u0131lmaktad\u0131r. Bunlar \u015funlar\u0131 i\u00e7erir:<\/p>\n<ul>\n<li><strong>Paketleme<\/strong>: <em><span style=\"text-decoration: underline;\"><strong>Esnek filmler<\/strong><\/span><\/em> ve g\u0131da, i\u00e7ecek, ila\u00e7 ve t\u0131bbi \u00fcr\u00fcnler i\u00e7in kullan\u0131lan laminatlar.<\/li>\n<li><strong>T\u0131bbi Cihaz Ambalajlar\u0131<\/strong>: \u00dcr\u00fcn\u00fcn dayan\u0131kl\u0131l\u0131\u011f\u0131n\u0131n sa\u011flanmas\u0131 <em><span style=\"text-decoration: underline;\"><strong>ambalaj malzemeleri\u0307<\/strong><\/span><\/em> steril t\u0131bbi cihazlar i\u00e7in kullan\u0131l\u0131r.<\/li>\n<li><strong>\u0130la\u00e7lar<\/strong>: Test <em><span style=\"text-decoration: underline;\"><strong>bariyer malzemeleri\u0307<\/strong><\/span><\/em> Hassas ila\u00e7lar\u0131 ve ila\u00e7lar\u0131 koruyan.<\/li>\n<li><strong>Yiyecek ve \u0130\u00e7ecek<\/strong>: <strong><em><span style=\"text-decoration: underline;\">Ambalaj malzemeleri<\/span><\/em><\/strong> g\u0131da \u00fcr\u00fcnlerinin tazeli\u011fini ve b\u00fct\u00fcnl\u00fc\u011f\u00fcn\u00fc korumak i\u00e7in tasarlanm\u0131\u015ft\u0131r.<\/li>\n<\/ul>\n<h2>Gelbo Flex Test Cihaz\u0131n\u0131n Ana Parametreleri<\/h2>\n<table>\n<tbody>\n<tr>\n<td width=\"132\">Esnek Frekans<\/td>\n<td width=\"228\">45 \/dakika<\/td>\n<\/tr>\n<tr>\n<td width=\"132\">Esnek A\u00e7\u0131<\/td>\n<td width=\"228\">440\u00b0 (90 mm) veya 400\u00b0 (80 mm)<\/td>\n<\/tr>\n<tr>\n<td width=\"132\">Kapasite<\/td>\n<td width=\"228\">3,5 Nm<\/td>\n<\/tr>\n<tr>\n<td width=\"132\">Yatay \u0130nme<\/td>\n<td width=\"228\">155 mm veya 80 mm<\/td>\n<\/tr>\n<tr>\n<td width=\"132\">\u0130stasyonlar<\/td>\n<td width=\"228\">3\/4<\/td>\n<\/tr>\n<tr>\n<td width=\"132\">\u00d6rneklem B\u00fcy\u00fckl\u00fc\u011f\u00fc<\/td>\n<td width=\"228\">280 mm x 200 mm<\/td>\n<\/tr>\n<tr>\n<td width=\"132\">G\u00fc\u00e7<\/td>\n<td width=\"228\">110~220V<\/td>\n<\/tr>\n<\/tbody>\n<\/table>\n<h2>\u00d6zelle\u015ftirme ve \u00d6zel Test Gereksinimleri<\/h2>\n<p>Cell Instruments, \u00f6zel malzeme testi ihtiya\u00e7lar\u0131n\u0131 kar\u015f\u0131lamak i\u00e7in test ekipman\u0131n\u0131 \u00f6zelle\u015ftirme konusunda uzmanla\u015fm\u0131\u015ft\u0131r. Bu <strong>Gelbo Flex Test Cihaz\u0131<\/strong> hem standart hem de benzersiz test ko\u015fullar\u0131 i\u00e7in \u00e7\u00f6z\u00fcmler sunarak \u00e7ok \u00e7e\u015fitli esnek malzeme testi gereksinimlerine uyacak \u015fekilde uyarlanabilir. (Test prosed\u00fcrleri ve numune fikst\u00fcrleri gibi)<\/p>\n<h2>SSS<\/h2>\n<ol>\n<li><strong>Gelbo Flex Test Cihaz\u0131 ile hangi malzemeler test edilebilir?<\/strong><br \/>\nGelbo Flex Test Cihaz\u0131, ambalaj, t\u0131bbi cihazlar, g\u0131da \u00fcr\u00fcnleri ve daha bir\u00e7ok alanda kullan\u0131lan filmler, kompozitler ve kaplama filmleri gibi esnek bariyer malzemelerini test etmek i\u00e7in idealdir.<\/li>\n<li><strong>Nedir bu? <a href=\"https:\/\/www.qualitester.com\/tr\/urun-kategori\/astm\/astm-f392\/\">ASTM F392<\/a>, ve test i\u00e7in neden \u00f6nemlidir?<\/strong><br \/>\nASTM F392, esnek malzemelerin esneme dayan\u0131kl\u0131l\u0131\u011f\u0131n\u0131 test etmek i\u00e7in kullan\u0131lan standart bir spesifikasyondur. Ambalaj malzemelerinin da\u011f\u0131t\u0131m s\u0131ras\u0131nda tekrarlayan gerilmelere dayanabilmesini sa\u011flayarak delinme veya bozulma riskini azaltmaya yard\u0131mc\u0131 olur.<\/li>\n<li><strong>Gelbo Flex Test Cihaz\u0131 \u00f6zel test ihtiya\u00e7lar\u0131 i\u00e7in \u00f6zelle\u015ftirilebilir mi?<\/strong><br \/>\nEvet, Cell Instruments, Gelbo Flex Test Cihaz\u0131n\u0131 \u00e7e\u015fitli sekt\u00f6rlerdeki benzersiz test gereksinimlerini kar\u015f\u0131layacak \u015fekilde uyarlamak i\u00e7in \u00f6zelle\u015ftirme se\u00e7enekleri sunar.<\/li>\n<li><strong>Gelbo Flex Test Cihaz\u0131 ambalaj \u00fczerindeki ger\u00e7ek d\u00fcnya gerilimlerini nas\u0131l sim\u00fcle eder?<\/strong><br \/>\nTest cihaz\u0131, ambalaj malzemelerinin ta\u015f\u0131ma ve elle\u00e7leme s\u0131ras\u0131nda maruz kald\u0131\u011f\u0131 tekrarlayan stresleri taklit etmek i\u00e7in b\u00fckme ve yatay s\u0131k\u0131\u015ft\u0131rma hareketlerinin bir kombinasyonunu kullan\u0131r.<\/li>\n<\/ol>","protected":false},"excerpt":{"rendered":"<p>Bu <strong>Gelbo Flex Test Cihaz\u0131<\/strong> filmler, kompozitler ve kaplama filmleri gibi esnek bariyer malzemelerinin esneme dayan\u0131kl\u0131l\u0131\u011f\u0131n\u0131 de\u011ferlendirmek i\u00e7in \u00f6nemli bir ara\u00e7t\u0131r. Bu cihaz, bir malzemenin esnek \u00e7atlaklar\u0131 \u00f6nlemek ve da\u011f\u0131t\u0131m s\u0131ras\u0131nda ambalaj\u0131n b\u00fct\u00fcnl\u00fc\u011f\u00fcn\u00fc sa\u011flamak i\u00e7in \u00e7ok \u00f6nemli olan tekrarlayan gerilmeye dayanma yetene\u011fini test eder. Esnek \u00e7atlak direnci, ambalaj\u0131n delinme riskini en aza indirerek i\u00e7eri\u011fin ambalaj\u0131n ya\u015fam d\u00f6ng\u00fcs\u00fc boyunca bozulmadan kalmas\u0131n\u0131 sa\u011flad\u0131\u011f\u0131 i\u00e7in hayati bir \u00f6zelliktir.<\/p>","protected":false},"featured_media":5873,"comment_status":"closed","ping_status":"closed","template":"","meta":{"site-sidebar-layout":"default","site-content-layout":"default","ast-global-header-display":"","ast-main-header-display":"","ast-hfb-above-header-display":"","ast-hfb-below-header-display":"","ast-hfb-mobile-header-display":"","site-post-title":"disabled","ast-breadcrumbs-content":"","ast-featured-img":"disabled","footer-sml-layout":"","theme-transparent-header-meta":"default","adv-header-id-meta":"","stick-header-meta":"","header-above-stick-meta":"","header-main-stick-meta":"","header-below-stick-meta":""},"product_cat":[845,977,149,16,107,95],"product_tag":[1174,1175],"class_list":{"0":"post-3012","1":"product","2":"type-product","3":"status-publish","4":"has-post-thumbnail","6":"product_cat-customization","7":"product_cat-gelbo-flex-tester","8":"product_cat-pharma-and-medical-testers","9":"product_cat-plastic-packaging-testers","10":"product_cat-astm-f392","11":"product_cat-products","12":"product_tag-flex-durability-tester","13":"product_tag-gelbo-flex-tester","14":"desktop-align-left","15":"tablet-align-left","16":"mobile-align-left","18":"first","19":"instock","20":"shipping-taxable","21":"product-type-simple"},"_links":{"self":[{"href":"https:\/\/www.qualitester.com\/tr\/wp-json\/wp\/v2\/product\/3012","targetHints":{"allow":["GET"]}}],"collection":[{"href":"https:\/\/www.qualitester.com\/tr\/wp-json\/wp\/v2\/product"}],"about":[{"href":"https:\/\/www.qualitester.com\/tr\/wp-json\/wp\/v2\/types\/product"}],"replies":[{"embeddable":true,"href":"https:\/\/www.qualitester.com\/tr\/wp-json\/wp\/v2\/comments?post=3012"}],"version-history":[{"count":0,"href":"https:\/\/www.qualitester.com\/tr\/wp-json\/wp\/v2\/product\/3012\/revisions"}],"wp:featuredmedia":[{"embeddable":true,"href":"https:\/\/www.qualitester.com\/tr\/wp-json\/wp\/v2\/media\/5873"}],"wp:attachment":[{"href":"https:\/\/www.qualitester.com\/tr\/wp-json\/wp\/v2\/media?parent=3012"}],"wp:term":[{"taxonomy":"product_cat","embeddable":true,"href":"https:\/\/www.qualitester.com\/tr\/wp-json\/wp\/v2\/product_cat?post=3012"},{"taxonomy":"product_tag","embeddable":true,"href":"https:\/\/www.qualitester.com\/tr\/wp-json\/wp\/v2\/product_tag?post=3012"}],"curies":[{"name":"wp","href":"https:\/\/api.w.org\/{rel}","templated":true}]}}