{"id":2743,"date":"2023-07-17T15:11:03","date_gmt":"2023-07-17T07:11:03","guid":{"rendered":"https:\/\/www.qualitester.com\/?post_type=product&#038;p=2743"},"modified":"2025-06-12T13:59:32","modified_gmt":"2025-06-12T05:59:32","slug":"fdt-01-polypropylene-film-drop-dart-tester","status":"publish","type":"product","link":"https:\/\/www.qualitester.com\/tr\/urun\/fdt-01-polypropylene-film-drop-dart-tester\/","title":{"rendered":"FDT-01 D\u00fc\u015fen Dart Darbe Test Cihaz\u0131"},"content":{"rendered":"<p>Bu\u00a0<strong>D\u00fc\u015fen Dart Darbe Test Cihaz\u0131 <\/strong>kal\u0131nl\u0131\u011f\u0131 1 mm'den az olan plastik filmlerin, levhalar\u0131n, kompozit filmlerin, folyolar\u0131n ve ka\u011f\u0131tlar\u0131n darbe dayan\u0131m\u0131n\u0131 de\u011ferlendirmek i\u00e7in tasarlanm\u0131\u015f kritik bir cihazd\u0131r. Bu test, bir malzemenin d\u0131\u015f kuvvetlere dayanma kabiliyetini de\u011ferlendirmek i\u00e7in gereklidir ve ta\u015f\u0131ma, nakliye ve depolama s\u0131ras\u0131nda \u00fcr\u00fcn performans\u0131n\u0131 ve dayan\u0131kl\u0131l\u0131\u011f\u0131n\u0131 do\u011frudan etkiler. Test cihaz\u0131, ger\u00e7ek d\u00fcnya ko\u015fullar\u0131n\u0131 sim\u00fcle ederek malzeme se\u00e7imi, \u00fcr\u00fcn tasar\u0131m\u0131 ve kalite kontrol\u00fcne yard\u0131mc\u0131 olan de\u011ferli veriler sa\u011flar.<\/p>\n<h2><strong>Drop Dart Darbe Testi nedir?<\/strong><\/h2>\n<p>D\u00fc\u015fen dart darbe testi, malzemelerin darbe direncini belirlemek i\u00e7in yayg\u0131n olarak bilinen bir y\u00f6ntemdir. Belirli bir y\u00fckseklikten test malzemesinin \u00fczerine a\u011f\u0131rl\u0131kland\u0131r\u0131lm\u0131\u015f bir dart\u0131n d\u00fc\u015f\u00fcr\u00fclmesini i\u00e7erir ve ar\u0131zaya neden olmak i\u00e7in gereken enerjiyi \u00f6l\u00e7er. Sonu\u00e7lar, \u00fcreticilerin malzeme toklu\u011funu de\u011ferlendirmelerine yard\u0131mc\u0131 olarak \u00fcr\u00fcnlerin kullan\u0131m streslerine dayanabilmesini ve uygulamalar\u0131nda b\u00fct\u00fcnl\u00fc\u011f\u00fc koruyabilmesini sa\u011flar.<\/p>\n<div class=\"ast-oembed-container\" style=\"height: 100%;\"><iframe title=\"Platik film ve levha \u00fczerinde d\u00fc\u015fen dart darbe test cihaz\u0131 Y\u00f6ntem A ve Y\u00f6ntem B ASTM D1709 ISO 7765-1\" width=\"500\" height=\"281\" src=\"https:\/\/www.youtube.com\/embed\/a3_9M0x3w7U?feature=oembed\" frameborder=\"0\" allow=\"accelerometer; autoplay; clipboard-write; encrypted-media; gyroscope; picture-in-picture; web-share\" referrerpolicy=\"strict-origin-when-cross-origin\" allowfullscreen><\/iframe><\/div>\n<h2><strong>Standartlara Uygunluk<\/strong><\/h2>\n<p>Drop Dart Darbe Test Cihaz\u0131, \u00e7e\u015fitli uluslararas\u0131 standartlara uygundur ve g\u00fcvenilir ve do\u011fru sonu\u00e7lar sa\u011flar:<\/p>\n<ul>\n<li><span style=\"color: #00ccff;\"><a style=\"color: #00ccff;\" href=\"https:\/\/www.qualitester.com\/tr\/standards\/astm-d1709\/\" target=\"_blank\" rel=\"noopener\"><strong><span style=\"color: #75c22c;\">ASTM <\/span><span style=\"color: #75c22c;\">D1709<\/span><\/strong><\/a><\/span>: Bu standart, a\u015fa\u011f\u0131dakilerin belirlenmesi i\u00e7in prosed\u00fcr\u00fc ana hatlar\u0131yla belirtir <strong>plasti\u0307k fi\u0307lmleri\u0307n darbe dayanimi<\/strong> serbest d\u00fc\u015fen bir dart kullanarak.<\/li>\n<li><a href=\"https:\/\/www.qualitester.com\/tr\/standards\/iso\/iso-7765-1\/\" target=\"_blank\" rel=\"noopener\"><strong><span style=\"color: #75c22c;\">ISO 7765-1<\/span><\/strong><\/a>: Uluslararas\u0131 standartlar<strong> plasti\u0307k fi\u0307lmleri\u0307n darbe testi\u0307<\/strong>.<\/li>\n<li><strong>JIS K7124-1<\/strong>: Japon end\u00fcstriyel standartlar\u0131 <strong>filmlerin etki performans\u0131<\/strong>.<\/li>\n<li><strong>GB\/T 9639.1<\/strong>: \u00c7in ulusal standard\u0131n\u0131n k\u00fcresel uygulamalarla uyumlu hale getirilmesi <strong>malzeme darbe dayan\u0131m\u0131<\/strong>.<\/li>\n<\/ul>\n<h2><strong>Drop Dart Darbe Test Cihaz\u0131n\u0131n Temel \u00d6zellikleri<\/strong><\/h2>\n<ol>\n<li><strong>PLC Kontrol &amp; Dokunmatik Ekran Kullan\u0131m\u0131<\/strong><\/li>\n<li><strong>\u0130kili Test Y\u00f6ntemleri<\/strong>\n<ul>\n<li><strong>Y\u00f6ntem A<\/strong>: 38 \u00b1 1 mm dart \u00e7ap\u0131 ve 660 mm damla y\u00fcksekli\u011fi i\u00e7in uygundur.<\/li>\n<li><strong>Y\u00f6ntem B<\/strong>\u00a0(iste\u011fe ba\u011fl\u0131): 50 \u00b1 1 mm dart \u00e7ap\u0131 ve 1500 mm damla y\u00fcksekli\u011fi i\u00e7in tasarlanm\u0131\u015ft\u0131r.<\/li>\n<\/ul>\n<\/li>\n<li><strong>G\u00fcvenli ve Rahat \u00c7al\u0131\u015fma: <\/strong>Hem bir test d\u00fc\u011fmesi hem de bir ayak \u015falteri ile donat\u0131lm\u0131\u015ft\u0131r.<\/li>\n<li><strong>Otomatik Hesaplamalar: <\/strong>Yerle\u015fik program, sonu\u00e7lar\u0131 gram ve joule cinsinden otomatik olarak hesaplar.<\/li>\n<li><strong>G\u00f6zlem I\u015f\u0131\u011f\u0131 ve Pn\u00f6matik S\u0131k\u0131\u015ft\u0131rma: <\/strong>G\u00f6zlem \u0131\u015f\u0131\u011f\u0131 testler s\u0131ras\u0131nda numunenin izlenmesine yard\u0131mc\u0131 olurken, pn\u00f6matik kelep\u00e7e numunenin g\u00fcvenli bir \u015fekilde tutulmas\u0131n\u0131 sa\u011flar.<\/li>\n<li><strong>Veri \u00c7\u0131k\u0131\u015f\u0131: <\/strong>Test cihaz\u0131, do\u011frudan veri \u00e7\u0131k\u0131\u015f\u0131 i\u00e7in bir nokta matrisli mikro yaz\u0131c\u0131 i\u00e7erir.<\/li>\n<li><strong>Yaz\u0131l\u0131m Entegrasyonu: <\/strong>\u0130ste\u011fe ba\u011fl\u0131 profesyonel yaz\u0131l\u0131m, veri y\u00f6netimi ve raporlama yeteneklerini geli\u015ftirir.<\/li>\n<\/ol>\n<h2><strong>Teknik \u00d6zellikler<\/strong><\/h2>\n<table style=\"height: 433px;\" width=\"799\">\n<tbody>\n<tr>\n<td width=\"162\">\n<p style=\"text-align: center;\">Test Y\u00f6ntemi Y\u00f6ntem<\/p>\n<\/td>\n<td width=\"274\">\n<p style=\"text-align: center;\">A veya Y\u00f6ntem B (iste\u011fe ba\u011fl\u0131)<\/p>\n<\/td>\n<\/tr>\n<tr>\n<td width=\"162\">\n<p style=\"text-align: center;\">Test Aral\u0131\u011f\u0131<\/p>\n<\/td>\n<td style=\"text-align: center;\" width=\"274\">Y\u00f6ntem A: 50~2000g\/<br \/>\nY\u00f6ntem B: 300~2000g<\/td>\n<\/tr>\n<tr>\n<td width=\"162\">\n<p style=\"text-align: center;\">Dart \u00c7ap\u0131<\/p>\n<\/td>\n<td style=\"text-align: center;\" width=\"274\">Y\u00f6ntem A: 38\u00b11mm<br \/>\nY\u00f6ntem B: 50\u00b11mm<\/td>\n<\/tr>\n<tr>\n<td style=\"text-align: center;\" width=\"162\">Etki Y\u00fcksekli\u011fi<\/td>\n<td width=\"274\">\n<p style=\"text-align: center;\">660mm\/1500mm<\/p>\n<\/td>\n<\/tr>\n<tr>\n<td width=\"162\">\n<p style=\"text-align: center;\">Do\u011fruluk<\/p>\n<\/td>\n<td style=\"text-align: center;\" width=\"274\">0.1g (0.1J)<\/td>\n<\/tr>\n<tr>\n<td style=\"text-align: center;\" width=\"162\">Kelep\u00e7e<\/td>\n<td width=\"274\">\n<p style=\"text-align: center;\">Pn\u00f6matik Kelep\u00e7e<\/p>\n<\/td>\n<\/tr>\n<tr>\n<td width=\"162\">\n<p style=\"text-align: center;\">Gaz Temini<\/p>\n<\/td>\n<td style=\"text-align: center;\" width=\"274\">0,6 MPa \u03a68 mm PU Boru<\/td>\n<\/tr>\n<tr>\n<td style=\"text-align: center;\" width=\"162\">Numune Boyutu<\/td>\n<td width=\"274\">\n<p style=\"text-align: center;\">&gt; 150 mm x 150 mm<\/p>\n<\/td>\n<\/tr>\n<tr>\n<td width=\"162\">\n<p style=\"text-align: center;\">G\u00fc\u00e7 Kayna\u011f\u0131<\/p>\n<\/td>\n<td style=\"text-align: center;\" width=\"274\">AC 110~220V 50Hz<\/td>\n<\/tr>\n<tr>\n<td style=\"text-align: center;\" width=\"162\">Boyut<\/td>\n<td width=\"274\">\n<p style=\"text-align: center;\">Y\u00f6ntem A: 500*450*1200 mm (LWH)<br \/>\nY\u00f6ntem B: 500*450*2200 mm (LWH)<\/p>\n<\/td>\n<\/tr>\n<\/tbody>\n<\/table>\n<h2><strong>D\u00fc\u015fen Dart Darbe Test Cihaz\u0131 Uygulamalar\u0131<\/strong><\/h2>\n<p>Drop Dart Darbe Test Cihaz\u0131 \u015funlar i\u00e7in idealdir:<\/p>\n<ul>\n<li><strong>Plastik film ve levhalar<\/strong>\u00a0ambalajlama ve \u00fcr\u00fcn korumada kullan\u0131l\u0131r.<\/li>\n<li><strong>Kompozit filmler ve folyolar<\/strong>\u00a0darbe direnci de\u011ferlendirmesi gerektirir.<\/li>\n<li><strong>Ka\u011f\u0131t malzemeler<\/strong>\u00a0ta\u015f\u0131ma streslerine maruz kal\u0131r.<\/li>\n<\/ul>\n<h2><strong>Dart Damla Darbe Test Cihaz\u0131n\u0131n Faydalar\u0131<\/strong><\/h2>\n<ul>\n<li><strong>Geli\u015ftirilmi\u015f Kalite Kontrol<\/strong>: Kullanmadan \u00f6nce malzemelerin dayan\u0131kl\u0131l\u0131k standartlar\u0131n\u0131 kar\u015f\u0131lamas\u0131n\u0131 sa\u011flar.<\/li>\n<li><strong>Geli\u015ftirilmi\u015f \u00dcr\u00fcn Tasar\u0131m\u0131<\/strong>: Malzeme performans\u0131 hakk\u0131nda i\u00e7g\u00f6r\u00fc sa\u011flayarak optimum tasar\u0131ma yard\u0131mc\u0131 olur.<\/li>\n<li><strong>Maliyet Verimlili\u011fi<\/strong>: Zay\u0131f noktalar\u0131 erken tespit ederek malzeme israf\u0131n\u0131 azalt\u0131r.<\/li>\n<\/ul>\n<h2><strong>Drop Dart Darbe Test Cihaz\u0131 Hakk\u0131nda SSS<\/strong><\/h2>\n<ol>\n<li><strong>Damla dart darbe testi neden \u00f6nemlidir?<\/strong><br \/>\nGer\u00e7ek d\u00fcnyadaki darbe ko\u015fullar\u0131n\u0131 sim\u00fcle ederek malzemelerin toklu\u011funu belirler ve \u00fcr\u00fcn g\u00fcvenilirli\u011finin sa\u011flanmas\u0131na yard\u0131mc\u0131 olur.<\/li>\n<li><strong>Hangi sekt\u00f6rler bu test cihaz\u0131n\u0131 kullanmaktan fayda sa\u011flar?<\/strong><br \/>\nAmbalaj, g\u0131da, medikal ve ila\u00e7 gibi sekt\u00f6rler malzemelerin darbe dayan\u0131m\u0131n\u0131n de\u011ferlendirilmesinden faydalan\u0131r.<\/li>\n<li><strong>ASTM D1709'un \u00f6nemi nedir?<\/strong><br \/>\n<a href=\"https:\/\/www.astm.org\/d1709-22.html\" target=\"_blank\" rel=\"nofollow noopener\">ASTM D1709<\/a> sonu\u00e7lar\u0131n tutarl\u0131l\u0131\u011f\u0131n\u0131 ve g\u00fcvenilirli\u011fini sa\u011flamak i\u00e7in damla dart darbe testlerini y\u00fcr\u00fctmek i\u00e7in standartla\u015ft\u0131r\u0131lm\u0131\u015f prosed\u00fcrler sa\u011flar.<\/li>\n<li><strong>Pn\u00f6matik s\u0131k\u0131\u015ft\u0131rma sistemi nas\u0131l \u00e7al\u0131\u015f\u0131r?<\/strong><br \/>\nPn\u00f6matik sistem numuneyi g\u00fcvenli bir \u015fekilde yerinde tutar, test s\u0131ras\u0131nda hareketi \u00f6nler ve do\u011fru sonu\u00e7lar al\u0131nmas\u0131n\u0131 sa\u011flar.<\/li>\n<li><strong>Sonu\u00e7lar daha fazla analiz i\u00e7in d\u0131\u015fa aktar\u0131labilir mi?<\/strong><br \/>\nEvet, test cihaz\u0131 an\u0131nda sonu\u00e7lar i\u00e7in dahili bir yaz\u0131c\u0131 ve ayr\u0131nt\u0131l\u0131 veri y\u00f6netimi i\u00e7in iste\u011fe ba\u011fl\u0131 bir yaz\u0131l\u0131m i\u00e7erir.<\/li>\n<\/ol>","protected":false},"excerpt":{"rendered":"<p>Bu <strong>Serbest D\u00fc\u015fen Dart Darbe Test Cihaz\u0131<\/strong> plastik filmlerin, ambalaj malzemelerinin ve di\u011fer ince malzemelerin darbe direncini \u00f6l\u00e7mek i\u00e7in kullan\u0131l\u0131r. Test, a\u011f\u0131rl\u0131kl\u0131 bir dart\u0131n belirli bir y\u00fckseklikten malzeme \u00fczerine b\u0131rak\u0131lmas\u0131yla ar\u0131zaya neden olmak i\u00e7in gereken enerjiyi belirler. A\u015fa\u011f\u0131daki gibi standartlar\u0131 takip eder <strong>ASTM D1709<\/strong> ve <strong>ISO 7765-1<\/strong>.<\/p>","protected":false},"featured_media":5961,"comment_status":"closed","ping_status":"closed","template":"","meta":{"site-sidebar-layout":"default","site-content-layout":"default","ast-global-header-display":"","ast-main-header-display":"","ast-hfb-above-header-display":"","ast-hfb-below-header-display":"","ast-hfb-mobile-header-display":"","site-post-title":"disabled","ast-breadcrumbs-content":"","ast-featured-img":"disabled","footer-sml-layout":"","theme-transparent-header-meta":"default","adv-header-id-meta":"","stick-header-meta":"","header-above-stick-meta":"","header-main-stick-meta":"","header-below-stick-meta":""},"product_cat":[845,684,44,149,16,111,169,95],"product_tag":[],"class_list":{"0":"post-2743","1":"product","2":"type-product","3":"status-publish","4":"has-post-thumbnail","6":"product_cat-customization","7":"product_cat-impact-tester","8":"product_cat-paper-and-board-testers","9":"product_cat-pharma-and-medical-testers","10":"product_cat-plastic-packaging-testers","11":"product_cat-astm-d1709","12":"product_cat-iso-7765-1","13":"product_cat-products","14":"desktop-align-left","15":"tablet-align-left","16":"mobile-align-left","18":"first","19":"instock","20":"shipping-taxable","21":"product-type-simple"},"_links":{"self":[{"href":"https:\/\/www.qualitester.com\/tr\/wp-json\/wp\/v2\/product\/2743","targetHints":{"allow":["GET"]}}],"collection":[{"href":"https:\/\/www.qualitester.com\/tr\/wp-json\/wp\/v2\/product"}],"about":[{"href":"https:\/\/www.qualitester.com\/tr\/wp-json\/wp\/v2\/types\/product"}],"replies":[{"embeddable":true,"href":"https:\/\/www.qualitester.com\/tr\/wp-json\/wp\/v2\/comments?post=2743"}],"version-history":[{"count":0,"href":"https:\/\/www.qualitester.com\/tr\/wp-json\/wp\/v2\/product\/2743\/revisions"}],"wp:featuredmedia":[{"embeddable":true,"href":"https:\/\/www.qualitester.com\/tr\/wp-json\/wp\/v2\/media\/5961"}],"wp:attachment":[{"href":"https:\/\/www.qualitester.com\/tr\/wp-json\/wp\/v2\/media?parent=2743"}],"wp:term":[{"taxonomy":"product_cat","embeddable":true,"href":"https:\/\/www.qualitester.com\/tr\/wp-json\/wp\/v2\/product_cat?post=2743"},{"taxonomy":"product_tag","embeddable":true,"href":"https:\/\/www.qualitester.com\/tr\/wp-json\/wp\/v2\/product_tag?post=2743"}],"curies":[{"name":"wp","href":"https:\/\/api.w.org\/{rel}","templated":true}]}}