{"id":2636,"date":"2023-06-29T09:53:14","date_gmt":"2023-06-29T01:53:14","guid":{"rendered":"https:\/\/www.qualitester.com\/?post_type=product&#038;p=2636"},"modified":"2024-12-05T09:38:10","modified_gmt":"2024-12-05T01:38:10","slug":"sld-01-elimendorf-tear-resistance-testing-machine","status":"publish","type":"product","link":"https:\/\/www.qualitester.com\/tr\/urun\/sld-01-elimendorf-tear-resistance-testing-machine\/","title":{"rendered":"SLD-01 Y\u0131rt\u0131lma Test Cihaz\u0131"},"content":{"rendered":"<h2>Y\u0131rt\u0131lma Testine Giri\u015f<\/h2>\n<p>Y\u0131rt\u0131lma mukavemeti olarak da adland\u0131r\u0131lan y\u0131rt\u0131lma direnci, bir malzemenin y\u0131rt\u0131lma kuvvetlerine ne kadar iyi direnebildi\u011fini \u00f6l\u00e7en \u00e7ok \u00f6nemli bir mekanik \u00f6zelliktir. Bu \u00f6zellik, ambalaj, tekstil, t\u0131bbi cihaz ambalaj\u0131 ve daha fazlas\u0131 gibi malzeme dayan\u0131kl\u0131l\u0131\u011f\u0131n\u0131n kritik oldu\u011fu sekt\u00f6rlerde \u00e7ok \u00f6nemlidir. Bu \u00f6zellik <strong>y\u0131rt\u0131lma test cihaz\u0131<\/strong> \u00fcreticilerin \u00e7ok \u00e7e\u015fitli malzemelerin y\u0131rt\u0131lma direncini de\u011ferlendirmeleri i\u00e7in hayati bir ara\u00e7t\u0131r. Bu test, \u00fcr\u00fcnlerin performans standartlar\u0131n\u0131 kar\u015f\u0131lad\u0131\u011f\u0131ndan emin olmak i\u00e7in de\u011ferli veriler sa\u011flar ve ta\u015f\u0131ma, nakliye ve kullan\u0131m s\u0131ras\u0131nda kar\u015f\u0131la\u015f\u0131lan kuvvetlere dayanabilmelerini sa\u011flar.<\/p>\n<p>Bu <strong>SLD-01 Y\u0131rt\u0131lma Test Cihaz\u0131<\/strong> ka\u011f\u0131t, plastik filmler, tekstil \u00fcr\u00fcnleri ve di\u011fer esnek malzemeler gibi malzemelerde y\u0131rt\u0131lma mukavemetinin do\u011fru ve g\u00fcvenilir bir \u015fekilde \u00f6l\u00e7\u00fclmesi i\u00e7in tasarlanm\u0131\u015ft\u0131r. \u00c7e\u015fitli end\u00fcstrilerde kalite kontrol ve malzeme se\u00e7imi i\u00e7in \u00f6nemli bir ara\u00e7t\u0131r.<\/p>\n<h2>Y\u0131rt\u0131lma Mukavemeti Testi Nedir?<\/h2>\n<h3>Y\u0131rt\u0131lma G\u00fcc\u00fcn\u00fc Anlamak<\/h3>\n<p>Bu <strong>y\u0131rt\u0131lma mukavemeti testi<\/strong> bir malzeme boyunca bir y\u0131rt\u0131lmay\u0131 yaymak i\u00e7in gereken kuvveti \u00f6l\u00e7er. Bu test, malzemenin y\u0131rt\u0131lma kuvvetlerine dayanma kabiliyetinin belirlenmesine yard\u0131mc\u0131 olarak dayan\u0131kl\u0131l\u0131\u011f\u0131 ve performans\u0131 hakk\u0131nda de\u011ferli bilgiler sa\u011flar. Y\u0131rt\u0131lma mukavemeti, malzeme hatas\u0131n\u0131n \u00fcr\u00fcn\u00fcn b\u00fct\u00fcnl\u00fc\u011f\u00fcn\u00fc veya g\u00fcvenli\u011fini tehlikeye atabilece\u011fi ambalaj malzemeleri, tekstil \u00fcr\u00fcnleri ve t\u0131bbi ambalajlar i\u00e7in \u00f6zellikle \u00f6nemlidir.<\/p>\n<p>Bu testte, \u00f6rnek bir malzeme bir y\u0131rt\u0131lmay\u0131 yaymak i\u00e7in kontroll\u00fc bir kuvvete maruz b\u0131rak\u0131l\u0131r ve bu y\u0131rt\u0131lmay\u0131 yaymak i\u00e7in gereken enerji y\u0131rt\u0131lma mukavemetini belirlemek i\u00e7in kullan\u0131l\u0131r. Bu testte <strong>y\u0131rt\u0131lma test cihaz\u0131<\/strong> bu kuvveti y\u00fcksek hassasiyetle \u00f6l\u00e7mek i\u00e7in tasarlanm\u0131\u015ft\u0131r ve \u00fcreticilerin malzemenin y\u0131rt\u0131lma direncini g\u00fcvenilir bir \u015fekilde de\u011ferlendirebilmelerini sa\u011flar.<\/p>\n<h2>Y\u0131rt\u0131lma Test Makineleri i\u00e7in Temel Standartlar<\/h2>\n<p>Bu <strong>y\u0131rt\u0131lma test cihaz\u0131<\/strong> test sonu\u00e7lar\u0131nda tutarl\u0131l\u0131k ve g\u00fcvenilirlik sa\u011flamak i\u00e7in uluslararas\u0131 kabul g\u00f6rm\u00fc\u015f \u00e7e\u015fitli standartlar\u0131 kar\u015f\u0131layacak \u015fekilde tasarlanm\u0131\u015ft\u0131r. A\u015fa\u011f\u0131da, y\u0131rt\u0131lma direnci testi i\u00e7in en \u00f6nemli standartlardan baz\u0131lar\u0131 yer almaktad\u0131r:<\/p>\n<h3>ASTM D1922 - Yay\u0131lan B\u0131\u00e7ak Testi i\u00e7in Standart Test Y\u00f6ntemi<\/h3>\n<p><a href=\"https:\/\/www.qualitester.com\/tr\/urun-kategori\/astm\/astm-d1922\/\" target=\"_blank\" rel=\"noopener\"><strong>ASTM D1922<\/strong><\/a> ka\u011f\u0131t ve plastik filmlerde y\u0131rt\u0131lma direncini \u00f6l\u00e7mek i\u00e7in en yayg\u0131n kullan\u0131lan standartlardan biridir. Bu standart, malzemede bir y\u0131rt\u0131lmay\u0131 ba\u015flatmak ve yaymak i\u00e7in bir sarka\u00e7 cihaz\u0131n\u0131n kullan\u0131ld\u0131\u011f\u0131 bir test y\u00f6ntemini \u00f6zetlemektedir.<\/p>\n<ul>\n<li><strong>Test Y\u00f6ntemi:<\/strong> Numune kesilir ve y\u0131rt\u0131lmay\u0131 yaymak i\u00e7in sarka\u00e7 serbest b\u0131rak\u0131l\u0131r. Y\u0131rt\u0131\u011f\u0131 yaymak i\u00e7in gereken enerji \u00f6l\u00e7\u00fcl\u00fcr ve y\u0131rt\u0131lma direncini belirlemek i\u00e7in kullan\u0131l\u0131r.<\/li>\n<li><strong>Malzeme Oda\u011f\u0131:<\/strong> \u00d6ncelikle ka\u011f\u0131t ve plastik filmler i\u00e7in kullan\u0131l\u0131r.<\/li>\n<li><strong>Alaka:<\/strong> Ambalaj ve di\u011fer end\u00fcstrilerde malzemelerin y\u0131rt\u0131lma direncini de\u011ferlendirmek i\u00e7in yayg\u0131n olarak kullan\u0131l\u0131r.<\/li>\n<\/ul>\n<h3>ASTM D1424 - Ka\u011f\u0131t ve Kartonlar\u0131n Y\u0131rt\u0131lma Direnci i\u00e7in Standart Test Y\u00f6ntemi<\/h3>\n<p><a href=\"https:\/\/www.qualitester.com\/tr\/urun-kategori\/astm\/astm-d1424\/\" target=\"_blank\" rel=\"noopener\"><strong>ASTM D1424<\/strong><\/a> karton malzemelerin y\u0131rt\u0131lma direncini \u00f6l\u00e7en bir standartt\u0131r. Bu test genellikle ambalaj end\u00fcstrisinde karton kutular\u0131n ve di\u011fer ka\u011f\u0131t \u00fcr\u00fcnlerinin mukavemetini de\u011ferlendirmek i\u00e7in kullan\u0131l\u0131r.<\/p>\n<ul>\n<li><strong>Test Y\u00f6ntemi:<\/strong> Sarka\u00e7 y\u0131rt\u0131lma testi, malzeme boyunca bir y\u0131rt\u0131lmay\u0131 yaymak i\u00e7in gereken kuvveti \u00f6l\u00e7mek i\u00e7in kullan\u0131l\u0131r.<\/li>\n<li><strong>Malzeme Oda\u011f\u0131:<\/strong> Ka\u011f\u0131t ve karton malzemeler.<\/li>\n<li><strong>Alaka:<\/strong> \u00d6zellikle karton ambalaj \u00fcretiminde ambalaj malzemelerinin test edilmesi i\u00e7in kritik \u00f6neme sahiptir.<\/li>\n<\/ul>\n<h3>ASTM D689 - Ka\u011f\u0131t ve Karton Y\u0131rt\u0131lma Test Y\u00f6ntemleri i\u00e7in Standart K\u0131lavuz<\/h3>\n<p><a href=\"https:\/\/www.qualitester.com\/tr\/urun-kategori\/astm\/astm-d689\/\" target=\"_blank\" rel=\"noopener\"><strong>ASTM D689<\/strong><\/a> ka\u011f\u0131t ve karton malzemeler i\u00e7in y\u0131rt\u0131lma testi y\u00f6ntemlerini se\u00e7mek i\u00e7in bir k\u0131lavuz sa\u011flar. Bu standart, \u00f6zellikle farkl\u0131 y\u0131rt\u0131lma testi y\u00f6ntemleri mevcut oldu\u011funda kullan\u0131\u015fl\u0131d\u0131r ve kullan\u0131c\u0131lar\u0131n malzeme t\u00fcr\u00fcne ve uygulamaya g\u00f6re en uygun testi se\u00e7melerine yard\u0131mc\u0131 olur.<\/p>\n<ul>\n<li><strong>Test Y\u00f6ntemi:<\/strong> En uygun y\u0131rt\u0131lma testi y\u00f6nteminin se\u00e7ilmesi konusunda rehberlik sa\u011flar.<\/li>\n<li><strong>Malzeme Oda\u011f\u0131:<\/strong> Ka\u011f\u0131t ve karton malzemeler.<\/li>\n<li><strong>Alaka:<\/strong> \u00dcreticilerin malzemeleri i\u00e7in do\u011fru test y\u00f6ntemini se\u00e7melerini sa\u011flamaya yard\u0131mc\u0131 olur.<\/li>\n<\/ul>\n<h3>ISO 6383 - Plastik Film ve Tabakalar: Y\u0131rt\u0131lma Direncinin Belirlenmesi<\/h3>\n<p><a href=\"https:\/\/www.qualitester.com\/tr\/urun-kategori\/iso\/iso-6383\/\" target=\"_blank\" rel=\"noopener\"><strong>ISO 6383<\/strong><\/a> plastik filmlerin ve tabakalar\u0131n y\u0131rt\u0131lma direncini \u00f6l\u00e7mek i\u00e7in bir y\u00f6ntem belirler. Bu standart, ta\u015f\u0131ma ve kullan\u0131m s\u0131ras\u0131ndaki gerilimlere dayanmas\u0131 gereken plastik ambalaj malzemelerinin dayan\u0131kl\u0131l\u0131\u011f\u0131n\u0131 de\u011ferlendirmek i\u00e7in kritik \u00f6neme sahiptir.<\/p>\n<ul>\n<li><strong>Test Y\u00f6ntemi:<\/strong> Test, plastik filmlerin y\u0131rt\u0131lma mukavemetini \u00f6l\u00e7mek i\u00e7in bir sarka\u00e7 test cihaz\u0131n\u0131n kullan\u0131lmas\u0131n\u0131 i\u00e7erir.<\/li>\n<li><strong>Malzeme Oda\u011f\u0131:<\/strong> Plastik filmler ve tabakalar.<\/li>\n<li><strong>Alaka:<\/strong> Plastik ambalajlarda y\u0131rt\u0131lma direncini test etmek i\u00e7in gereklidir.<\/li>\n<\/ul>\n<h3>ISO 1974 - Plastikler: Film ve Tabakalar - Sarka\u00e7 Y\u00f6ntemi ile Y\u0131rt\u0131lma Direncinin Belirlenmesi<\/h3>\n<p><a href=\"https:\/\/www.qualitester.com\/tr\/urun-kategori\/iso\/iso-1974\/\" target=\"_blank\" rel=\"noopener\"><strong>ISO 1974<\/strong><\/a> plastik film ve tabakalar\u0131n y\u0131rt\u0131lma direncini \u00f6l\u00e7mek i\u00e7in ASTM standartlar\u0131na benzer ancak k\u00fcresel odakl\u0131 standartla\u015ft\u0131r\u0131lm\u0131\u015f bir y\u00f6ntem sa\u011flar. Bu test, plastik filmlerin y\u0131rt\u0131lma direncine ili\u015fkin uluslararas\u0131 kalite standartlar\u0131n\u0131 kar\u015f\u0131lad\u0131\u011f\u0131ndan emin olmak i\u00e7in kullan\u0131l\u0131r.<\/p>\n<ul>\n<li><strong>Test Y\u00f6ntemi:<\/strong> Bir sarka\u00e7 y\u0131rt\u0131lma testi, plastik film boyunca bir y\u0131rt\u0131lmay\u0131 yaymak i\u00e7in gereken enerjiyi \u00f6l\u00e7mek i\u00e7in kullan\u0131l\u0131r.<\/li>\n<li><strong>Malzeme Oda\u011f\u0131:<\/strong> \u00d6ncelikle plastik filmler ve levhalar i\u00e7in kullan\u0131l\u0131r.<\/li>\n<li><strong>Alaka:<\/strong> Plastik ambalaj ve film \u00fcr\u00fcnleri \u00fcreticileri i\u00e7in \u00f6nemlidir.<\/li>\n<\/ul>\n<h2>Y\u0131rt\u0131lma Test Cihaz\u0131 (SLD-01 Y\u0131rt\u0131lma Test Cihaz\u0131) i\u00e7in Test S\u00fcreci<\/h2>\n<h3>SLD-01 Y\u0131rt\u0131lma Test Cihaz\u0131 Nas\u0131l \u00c7al\u0131\u015f\u0131r?<\/h3>\n<p>Bu <strong>SLD-01 Y\u0131rt\u0131lma Test Cihaz\u0131<\/strong> malzemelerin y\u0131rt\u0131lma direncini belirlemek i\u00e7in hassas bir sarka\u00e7 mekanizmas\u0131 kullan\u0131r. S\u00fcre\u00e7 \u015fu \u015fekilde i\u015fliyor:<\/p>\n<ol>\n<li><strong>\u00d6rnek Haz\u0131rlama:<\/strong> Malzemede, tipik olarak kenardan 43 mm uzakl\u0131kta bir yar\u0131k a\u00e7\u0131l\u0131r.<\/li>\n<li><strong>Sarka\u00e7 Serbest B\u0131rakma:<\/strong> Sarka\u00e7 sabit bir y\u00fckseklikten serbest b\u0131rak\u0131l\u0131r ve y\u0131rt\u0131lmay\u0131 malzeme boyunca yayar.<\/li>\n<li><strong>\u00d6l\u00e7\u00fcm:<\/strong> Sarka\u00e7 taraf\u0131ndan kaybedilen enerji \u00f6l\u00e7\u00fcl\u00fcr ve y\u0131rt\u0131lmay\u0131 yaymak i\u00e7in gereken ortalama kuvveti hesaplamak i\u00e7in kullan\u0131l\u0131r, bu da malzemenin y\u0131rt\u0131lma mukavemetinin do\u011fru bir \u00f6l\u00e7\u00fcm\u00fcn\u00fc verir.<\/li>\n<\/ol>\n<p>Bu s\u00fcre\u00e7 tamamen otomatiktir ve her test i\u00e7in tutarl\u0131l\u0131k ve do\u011fruluk sa\u011flayan bir PLC sistemi taraf\u0131ndan kontrol edilir.<\/p>\n<h2>SLD-01 Y\u0131rt\u0131lma Test Cihaz\u0131n\u0131n Teknik \u00d6zellikleri<\/h2>\n<ul>\n<li><strong>PLC Kontrol ve HMI Dokunmatik Ekran:<\/strong> Test cihaz\u0131, hassas kontrol ve kullan\u0131m kolayl\u0131\u011f\u0131 i\u00e7in end\u00fcstriyel s\u0131n\u0131f bir programlanabilir mant\u0131k denetleyicisi (PLC) ve bir insan-makine aray\u00fcz\u00fc (HMI) dokunmatik ekran ile donat\u0131lm\u0131\u015ft\u0131r.<\/li>\n<li><strong>Geni\u015f Test Aral\u0131\u011f\u0131:<\/strong> Farkl\u0131 malzemeler i\u00e7in \u00f6zelle\u015ftirilebilir ayarlarla ince filmlerden kal\u0131n kartonlara kadar \u00e7e\u015fitli malzemeleri bar\u0131nd\u0131r\u0131r.<\/li>\n<li><strong>Pn\u00f6matik Numune S\u0131k\u0131\u015ft\u0131rma:<\/strong> G\u00fcvenilir test sonu\u00e7lar\u0131 i\u00e7in numunenin g\u00fcvenli ve tutarl\u0131 bir \u015fekilde kavranmas\u0131n\u0131 sa\u011flar.<\/li>\n<li><strong>Otomatik Veri Toplama:<\/strong> Test verilerini otomatik olarak toplar ve sonu\u00e7lar\u0131 analiz i\u00e7in saklar.<\/li>\n<li><strong>Mikro yaz\u0131c\u0131:<\/strong> Test sonu\u00e7lar\u0131n\u0131n an\u0131nda yazd\u0131r\u0131lmas\u0131 i\u00e7in dahili bir mikro yaz\u0131c\u0131 i\u00e7erir.<\/li>\n<li><strong>RS-232 Portu ve Opsiyonel Yaz\u0131l\u0131m:<\/strong> Kapsaml\u0131 raporlama i\u00e7in iste\u011fe ba\u011fl\u0131 yaz\u0131l\u0131m ile veri aktar\u0131m\u0131 ve geli\u015fmi\u015f analiz sa\u011flar.<\/li>\n<\/ul>\n<h2>Y\u0131rt\u0131lma Test Cihaz\u0131 i\u00e7in Uygulama Alanlar\u0131<\/h2>\n<ul>\n<li><strong>Ambalaj End\u00fcstrisi:<\/strong> Ka\u011f\u0131t, plastik film ve karton gibi ambalaj malzemelerinin dayan\u0131kl\u0131l\u0131k standartlar\u0131n\u0131 kar\u015f\u0131lamas\u0131n\u0131 sa\u011flar.<\/li>\n<li><strong>T\u0131bbi Cihaz Ambalaj\u0131:<\/strong> Koruma ve g\u00fcvenli\u011fi garanti etmek i\u00e7in t\u0131bbi uygulamalarda kullan\u0131lan ambalaj malzemelerinin y\u0131rt\u0131lma direncini de\u011ferlendirir.<\/li>\n<li><strong>Tekstil:<\/strong> Giysiler, d\u00f6\u015femeler ve di\u011fer uygulamalar i\u00e7in uygun olduklar\u0131ndan emin olmak i\u00e7in kuma\u015flar\u0131 y\u0131rt\u0131lma mukavemeti a\u00e7\u0131s\u0131ndan test eder.<\/li>\n<li><strong>Yiyecek ve \u0130\u00e7ecekler:<\/strong> G\u0131da ve i\u00e7ecek \u00fcr\u00fcnlerini kontaminasyon ve hasardan koruyan ambalaj malzemelerinde y\u0131rt\u0131lma direncini do\u011frular.<\/li>\n<\/ul>\n<p>Bu <strong>y\u0131rt\u0131lma test cihaz\u0131<\/strong> malzemelerin dayan\u0131kl\u0131l\u0131\u011f\u0131na g\u00fcvenen end\u00fcstriler i\u00e7in \u00f6nemli bir ara\u00e7t\u0131r. \u0130ster ka\u011f\u0131t, ister plastik film veya tekstil \u00fcr\u00fcnlerini test ediyor olun <strong>SLD-01 Y\u0131rt\u0131lma Test Cihaz\u0131<\/strong> malzemelerin gerekli kalite standartlar\u0131n\u0131 kar\u015f\u0131lamas\u0131n\u0131 sa\u011flayan do\u011fru ve tekrarlanabilir sonu\u00e7lar sunar. A\u015fa\u011f\u0131dakiler gibi end\u00fcstri standartlar\u0131na uygundur <a href=\"https:\/\/www.astm.org\/d1922-15r20.html\" target=\"_blank\" rel=\"noopener nofollow\"><strong>ASTM D1922<\/strong><\/a>, <a href=\"https:\/\/www.astm.org\/d1424-21.html\" target=\"_blank\" rel=\"noopener nofollow\"><strong>ASTM D1424<\/strong><\/a>, <a href=\"https:\/\/www.astm.org\/d0689-17.html\" target=\"_blank\" rel=\"noopener nofollow\"><strong>ASTM D689<\/strong><\/a>, <strong>ISO 6383<\/strong>, ve <strong>ISO 1974<\/strong>, Bu test cihaz\u0131, \u00fcr\u00fcnleri i\u00e7in g\u00fcvenilir y\u0131rt\u0131lma direnci verilerine ihtiya\u00e7 duyan \u00fcreticiler i\u00e7in idealdir. SLD-01 Y\u0131rt\u0131lma Test Cihaz\u0131 ile malzemelerinizin performans standartlar\u0131n\u0131 kar\u015f\u0131lad\u0131\u011f\u0131ndan ve y\u00fcksek kaliteli \u00fcr\u00fcnler sundu\u011funuzdan emin olun.<\/p>\n<h2>SSS<\/h2>\n<p><strong>1. Y\u0131rt\u0131lma test cihaz\u0131 hangi malzemeleri test etmek i\u00e7in kullan\u0131labilir?<\/strong><br \/>\nY\u0131rt\u0131lma test cihaz\u0131, ka\u011f\u0131t, karton, plastik filmler, tekstil \u00fcr\u00fcnleri ve di\u011fer esnek malzemeler gibi malzemeleri test etmek i\u00e7in kullan\u0131labilir.<\/p>\n<p><strong>2. Y\u0131rt\u0131lma mukavemeti testi nas\u0131l \u00e7al\u0131\u015f\u0131r?<\/strong><br \/>\nY\u0131rt\u0131lma mukavemeti testi, malzemede k\u00fc\u00e7\u00fck bir yar\u0131k olu\u015fturmay\u0131 ve y\u0131rt\u0131\u011f\u0131 yaymak i\u00e7in bir sarka\u00e7 mekanizmas\u0131 kullanmay\u0131 i\u00e7erir. Sarka\u00e7 taraf\u0131ndan kaybedilen enerji \u00f6l\u00e7\u00fcl\u00fcr ve y\u0131rt\u0131lma direncini hesaplamak i\u00e7in kullan\u0131l\u0131r.<\/p>\n<p><strong>3. ASTM D1922 nedir ve neden \u00f6nemlidir?<\/strong><br \/>\nASTM D1922, ka\u011f\u0131t ve plastik filmlerin y\u0131rt\u0131lma direncini \u00f6l\u00e7mek i\u00e7in kullan\u0131lan standart bir test y\u00f6ntemidir. Ambalaj malzemelerinin ger\u00e7ek d\u00fcnyada kullan\u0131m i\u00e7in gerekli dayan\u0131kl\u0131l\u0131k standartlar\u0131n\u0131 kar\u015f\u0131lamas\u0131n\u0131 sa\u011flar.<\/p>\n<p><strong>4. SLD-01 G\u00f6zya\u015f\u0131 Test Cihaz\u0131n\u0131n di\u011fer g\u00f6zya\u015f\u0131 test cihazlar\u0131ndan fark\u0131 nedir?<\/strong><br \/>\nSLD-01 Y\u0131rt\u0131lma Test Cihaz\u0131, PLC kontrol sistemi, geni\u015f test aral\u0131\u011f\u0131, pn\u00f6matik numune s\u0131k\u0131\u015ft\u0131rma ve otomatik veri toplama \u00f6zelliklerine sahiptir, bu da onu di\u011fer modellere k\u0131yasla daha verimli ve hassas hale getirir.<\/p>\n<p><strong>5. Y\u0131rt\u0131lma test cihaz\u0131 t\u0131bbi ambalaj malzemeleri i\u00e7in kullan\u0131labilir mi?<\/strong><br \/>\nEvet, y\u0131rt\u0131lma test cihaz\u0131, t\u0131bbi \u00fcr\u00fcnler i\u00e7in gerekli dayan\u0131kl\u0131l\u0131k ve g\u00fcvenlik standartlar\u0131n\u0131 kar\u015f\u0131lad\u0131klar\u0131ndan emin olmak amac\u0131yla t\u0131bbi ambalaj malzemelerini test etmek i\u00e7in idealdir.<\/p>","protected":false},"excerpt":{"rendered":"<p>Y\u0131rt\u0131lma mukavemeti olarak da adland\u0131r\u0131lan y\u0131rt\u0131lma direnci, bir malzemenin y\u0131rt\u0131lma kuvvetlerine ne kadar iyi direnebildi\u011fini \u00f6l\u00e7en \u00e7ok \u00f6nemli bir mekanik \u00f6zelliktir. Bu \u00f6zellik, ambalaj, tekstil, t\u0131bbi cihaz ambalaj\u0131 ve daha fazlas\u0131 gibi malzeme dayan\u0131kl\u0131l\u0131\u011f\u0131n\u0131n kritik oldu\u011fu sekt\u00f6rlerde \u00e7ok \u00f6nemlidir. Bu \u00f6zellik <strong>y\u0131rt\u0131lma test cihaz\u0131<\/strong> \u00fcreticilerin \u00e7ok \u00e7e\u015fitli malzemelerin y\u0131rt\u0131lma direncini de\u011ferlendirmeleri i\u00e7in hayati bir ara\u00e7t\u0131r. Bu test, \u00fcr\u00fcnlerin performans standartlar\u0131n\u0131 kar\u015f\u0131lad\u0131\u011f\u0131ndan emin olmak i\u00e7in de\u011ferli veriler sa\u011flar ve ta\u015f\u0131ma, nakliye ve kullan\u0131m s\u0131ras\u0131nda kar\u015f\u0131la\u015f\u0131lan kuvvetlere dayanabilmelerini sa\u011flar.<\/p>","protected":false},"featured_media":5998,"comment_status":"closed","ping_status":"closed","template":"","meta":{"site-sidebar-layout":"default","site-content-layout":"default","ast-global-header-display":"","ast-main-header-display":"","ast-hfb-above-header-display":"","ast-hfb-below-header-display":"","ast-hfb-mobile-header-display":"","site-post-title":"disabled","ast-breadcrumbs-content":"","ast-featured-img":"disabled","footer-sml-layout":"","theme-transparent-header-meta":"default","adv-header-id-meta":"","stick-header-meta":"","header-above-stick-meta":"","header-main-stick-meta":"","header-below-stick-meta":""},"product_cat":[845,680,44,149,16,119,121,137,159,165,95],"product_tag":[],"class_list":{"0":"post-2636","1":"product","2":"type-product","3":"status-publish","4":"has-post-thumbnail","6":"product_cat-customization","7":"product_cat-tear-tester","8":"product_cat-paper-and-board-testers","9":"product_cat-pharma-and-medical-testers","10":"product_cat-plastic-packaging-testers","11":"product_cat-astm-d1424","12":"product_cat-astm-d1922","13":"product_cat-astm-d689","14":"product_cat-iso-1974","15":"product_cat-iso-6383","16":"product_cat-products","17":"desktop-align-left","18":"tablet-align-left","19":"mobile-align-left","21":"first","22":"instock","23":"featured","24":"shipping-taxable","25":"product-type-simple"},"_links":{"self":[{"href":"https:\/\/www.qualitester.com\/tr\/wp-json\/wp\/v2\/product\/2636","targetHints":{"allow":["GET"]}}],"collection":[{"href":"https:\/\/www.qualitester.com\/tr\/wp-json\/wp\/v2\/product"}],"about":[{"href":"https:\/\/www.qualitester.com\/tr\/wp-json\/wp\/v2\/types\/product"}],"replies":[{"embeddable":true,"href":"https:\/\/www.qualitester.com\/tr\/wp-json\/wp\/v2\/comments?post=2636"}],"version-history":[{"count":0,"href":"https:\/\/www.qualitester.com\/tr\/wp-json\/wp\/v2\/product\/2636\/revisions"}],"wp:featuredmedia":[{"embeddable":true,"href":"https:\/\/www.qualitester.com\/tr\/wp-json\/wp\/v2\/media\/5998"}],"wp:attachment":[{"href":"https:\/\/www.qualitester.com\/tr\/wp-json\/wp\/v2\/media?parent=2636"}],"wp:term":[{"taxonomy":"product_cat","embeddable":true,"href":"https:\/\/www.qualitester.com\/tr\/wp-json\/wp\/v2\/product_cat?post=2636"},{"taxonomy":"product_tag","embeddable":true,"href":"https:\/\/www.qualitester.com\/tr\/wp-json\/wp\/v2\/product_tag?post=2636"}],"curies":[{"name":"wp","href":"https:\/\/api.w.org\/{rel}","templated":true}]}}