{"id":2475,"date":"2023-06-16T09:54:40","date_gmt":"2023-06-16T01:54:40","guid":{"rendered":"https:\/\/www.qualitester.com\/?post_type=product&#038;p=2475"},"modified":"2024-11-26T15:00:54","modified_gmt":"2024-11-26T07:00:54","slug":"ftt-01-the-paper-thickness-testing-machine","status":"publish","type":"product","link":"https:\/\/www.qualitester.com\/tr\/urun\/ftt-01-the-paper-thickness-testing-machine\/","title":{"rendered":"FTT-01 Kal\u0131nl\u0131k Test Cihaz\u0131"},"content":{"rendered":"<p>Bu <strong>Dokunma Kal\u0131nl\u0131\u011f\u0131 Test Cihaz\u0131<\/strong> plastik filmler, tekstil \u00fcr\u00fcnleri, ka\u011f\u0131t, karton, folyolar ve di\u011fer esnek malzemeler dahil olmak \u00fczere \u00e7e\u015fitli malzemeler i\u00e7in do\u011fru ve g\u00fcvenilir kal\u0131nl\u0131k okumalar\u0131 sa\u011flamak \u00fczere tasarlanm\u0131\u015f geli\u015fmi\u015f bir \u00f6l\u00e7\u00fcm cihaz\u0131d\u0131r. Kal\u0131nl\u0131k; ambalaj, ila\u00e7, t\u0131bbi cihazlar, tekstil ve daha fazlas\u0131 gibi sekt\u00f6rlerde bu malzemelerin performans\u0131n\u0131, kalitesini ve uygunlu\u011funu belirlemede kritik bir rol oynar. Tutarl\u0131 malzeme kal\u0131nl\u0131\u011f\u0131n\u0131n korunmas\u0131 \u00fcr\u00fcn kalitesini sa\u011flar, kusurlar\u0131 \u00f6nler ve yasal gereklilikleri kar\u015f\u0131layarak \u00fcretim s\u00fcre\u00e7lerinde kalite kontrol i\u00e7in \u00f6nemli bir ara\u00e7 haline getirir.<\/p>\n<p>\u0130ster ambalajda plastik filmlerle, ister moda end\u00fcstrisinde tekstillerle veya bask\u0131 sekt\u00f6r\u00fcnde ka\u011f\u0131t \u00fcr\u00fcnlerle \u00e7al\u0131\u015f\u0131yor olun <strong>Dokunma Kal\u0131nl\u0131\u011f\u0131 Test Cihaz\u0131<\/strong> i\u015fletmelerin tekd\u00fczeli\u011fi korumas\u0131na, at\u0131klar\u0131 azaltmas\u0131na ve malzemelerin kat\u0131 end\u00fcstri standartlar\u0131n\u0131 kar\u015f\u0131lamas\u0131na yard\u0131mc\u0131 olur.<\/p>\n<h2>Kal\u0131nl\u0131k Testi i\u00e7in Standartlar<\/h2>\n<p>Bu <strong>Dokunma Kal\u0131nl\u0131\u011f\u0131 Test Cihaz\u0131<\/strong> farkl\u0131 malzeme t\u00fcrleri ve end\u00fcstrilerde do\u011fru ve standartla\u015ft\u0131r\u0131lm\u0131\u015f \u00f6l\u00e7\u00fcmler sa\u011flamak i\u00e7in \u00e7e\u015fitli uluslararas\u0131 standartlara uyacak \u015fekilde \u00fcretilmi\u015ftir.<\/p>\n<h3><strong><a href=\"https:\/\/www.astm.org\/d0374-99.html\" target=\"_blank\" rel=\"noopener nofollow\">ASTM D374-99<\/a>: Kat\u0131 Elektrik \u0130zolasyon Kal\u0131nl\u0131\u011f\u0131 i\u00e7in Standart Test Y\u00f6ntemleri<\/strong><\/h3>\n<p>Bu standart, elektrik yal\u0131t\u0131m malzemelerinin kal\u0131nl\u0131\u011f\u0131n\u0131 \u00f6l\u00e7mek i\u00e7in kullan\u0131l\u0131r. Hassas kal\u0131nl\u0131k \u00f6l\u00e7\u00fcmleri, elektrik bile\u015fenlerini koruyan ve hasar\u0131 \u00f6nleyen uygun yal\u0131t\u0131m\u0131 sa\u011flamak i\u00e7in elektrik end\u00fcstrisi i\u00e7in kritik \u00f6neme sahiptir. Bu standart <strong>Dokunma Kal\u0131nl\u0131\u011f\u0131 Test Cihaz\u0131<\/strong> ASTM D374 gereksinimlerini kar\u015f\u0131layarak elektrik yal\u0131t\u0131m \u00fcr\u00fcnleri i\u00e7in g\u00fcvenilir ve tutarl\u0131 \u00f6l\u00e7\u00fcmler sa\u011flar.<\/p>\n<h3><strong><a href=\"https:\/\/www.astm.org\/d1777-96r19.html\" target=\"_blank\" rel=\"noopener nofollow\">ASTM D1777<\/a>: Tekstil Malzemelerinin Kal\u0131nl\u0131\u011f\u0131 i\u00e7in Standart Test Y\u00f6ntemi<\/strong><\/h3>\n<p>ASTM D1777 standard\u0131 tekstil ve kuma\u015f malzemeleri i\u00e7in ge\u00e7erlidir. Do\u011fru kal\u0131nl\u0131k \u00f6l\u00e7\u00fcm\u00fc, tekstil end\u00fcstrisinin kuma\u015f performans\u0131n\u0131, kalitesini ve dayan\u0131kl\u0131l\u0131\u011f\u0131n\u0131 de\u011ferlendirmesi i\u00e7in gereklidir. Bu standart <strong>Dokunma Kal\u0131nl\u0131\u011f\u0131 Test Cihaz\u0131<\/strong> \u00fcreticilerin kal\u0131nl\u0131k i\u00e7in end\u00fcstri standartlar\u0131n\u0131 kar\u015f\u0131lamas\u0131na yard\u0131mc\u0131 olan hassas okumalar sa\u011flayarak \u00fcr\u00fcn kalitesini ve i\u015flevselli\u011fini garanti eder.<\/p>\n<h3><strong><a href=\"https:\/\/www.iso.org\/standard\/51266.html\" target=\"_blank\" rel=\"noopener nofollow\">ISO 3034:2011<\/a>: Oluklu Lif Levha - Tek Tabaka Kal\u0131nl\u0131\u011f\u0131n\u0131n Belirlenmesi<\/strong><\/h3>\n<p>Bu standart, ambalajlamada yayg\u0131n olarak kullan\u0131lan bir malzeme olan oluklu mukavvan\u0131n kal\u0131nl\u0131\u011f\u0131n\u0131 \u00f6l\u00e7mek i\u00e7in kullan\u0131l\u0131r. ISO 3034:2011 standartlar\u0131n\u0131 kar\u015f\u0131layarak <strong>Dokunma Kal\u0131nl\u0131\u011f\u0131 Test Cihaz\u0131<\/strong> ambalaj \u00fcreticilerinin sunta malzemelerinin gerekli kal\u0131nl\u0131k spesifikasyonlar\u0131n\u0131 kar\u015f\u0131lamas\u0131na yard\u0131mc\u0131 olarak paketlenmi\u015f \u00fcr\u00fcnler i\u00e7in dayan\u0131kl\u0131l\u0131k ve koruma sa\u011flar.<\/p>\n<h3><strong><a href=\"https:\/\/www.iso.org\/standard\/53060.html\" target=\"_blank\" rel=\"noopener nofollow\">ISO 534-2011<\/a>: Ka\u011f\u0131t ve Karton - Kal\u0131nl\u0131k, Yo\u011funluk ve \u00d6zg\u00fcl Hacim Tayini<\/strong><\/h3>\n<p>ISO 534-2011, ka\u011f\u0131t ve karton malzemelerin kal\u0131nl\u0131\u011f\u0131n\u0131 \u00f6l\u00e7mek i\u00e7in kullan\u0131l\u0131r. Bu standart, ka\u011f\u0131t end\u00fcstrisinin \u00fcr\u00fcn tutarl\u0131l\u0131\u011f\u0131n\u0131 s\u00fcrd\u00fcrmesi, malzeme kullan\u0131m\u0131n\u0131 kontrol etmesi ve m\u00fc\u015fteri beklentilerini kar\u015f\u0131lamas\u0131 i\u00e7in gereklidir. Bu standart <strong>Dokunma Kal\u0131nl\u0131\u011f\u0131 Test Cihaz\u0131<\/strong> ISO 534-2011'i destekler ve hem kalite kontrol hem de \u00fcretim verimlili\u011fi i\u00e7in kritik olan ka\u011f\u0131t ve karton malzemeler i\u00e7in do\u011fru kal\u0131nl\u0131k \u00f6l\u00e7\u00fcmleri sa\u011flar.<\/p>\n<h3><strong><a href=\"https:\/\/www.iso.org\/standard\/20759.html\" target=\"_blank\" rel=\"noopener nofollow\">ISO 4593<\/a>: Plastikler; Film ve Tabakalar; Mekanik Tarama ile Kal\u0131nl\u0131k Tayini<\/strong><\/h3>\n<p>ISO 4593, plastik filmlerin ve tabakalar\u0131n kal\u0131nl\u0131\u011f\u0131n\u0131n \u00f6l\u00e7\u00fclmesine y\u00f6nelik standard\u0131 tan\u0131mlar. Hassas kal\u0131nl\u0131k \u00f6l\u00e7\u00fcmleri, plastik \u00fcreticileri i\u00e7in, \u00f6zellikle ambalaj uygulamalar\u0131nda, \u00fcr\u00fcn performans\u0131n\u0131 ve d\u00fczenleyici standartlara uygunlu\u011fu sa\u011flamak i\u00e7in \u00e7ok \u00f6nemlidir. Bu standart <strong>Dokunma Kal\u0131nl\u0131\u011f\u0131 Test Cihaz\u0131<\/strong> ISO 4593 gerekliliklerini kar\u015f\u0131layarak \u00e7e\u015fitli end\u00fcstrilerde kullan\u0131lan plastik filmler i\u00e7in g\u00fcvenilir kal\u0131nl\u0131k okumalar\u0131 sa\u011flar.<\/p>\n<h2>Test Y\u00f6ntemleri ve Uygulama<\/h2>\n<div class=\"ast-oembed-container\" style=\"height: 100%;\"><iframe title=\"Bask\u0131 aya\u011f\u0131 ve numune besleyicili kal\u0131nl\u0131k test cihaz\u0131\" width=\"500\" height=\"281\" src=\"https:\/\/www.youtube.com\/embed\/ay_9m_wynLU?feature=oembed\" frameborder=\"0\" allow=\"accelerometer; autoplay; clipboard-write; encrypted-media; gyroscope; picture-in-picture; web-share\" referrerpolicy=\"strict-origin-when-cross-origin\" allowfullscreen><\/iframe><\/div>\n<p>Bu <strong>Dokunma Kal\u0131nl\u0131\u011f\u0131 Test Cihaz\u0131<\/strong> \u00e7ok \u00e7e\u015fitli malzemelerin kal\u0131nl\u0131\u011f\u0131n\u0131 \u00f6l\u00e7mek i\u00e7in mekanik bir tarama tekni\u011fi kullan\u0131r. S\u00fcre\u00e7 \u015fu \u015fekilde i\u015fliyor:<\/p>\n<ol>\n<li><strong>\u00d6rnek Yerle\u015ftirme:<\/strong> Malzeme numunesi cihaz\u0131n taban\u0131na yerle\u015ftirilerek do\u011fru \u00f6l\u00e7\u00fcm i\u00e7in do\u011fru \u015fekilde konumland\u0131r\u0131lmas\u0131 sa\u011flan\u0131r.<\/li>\n<li><strong>Bask\u0131 Aya\u011f\u0131 Mekanizmas\u0131:<\/strong> A\u011f\u0131rl\u0131kl\u0131 bir bask\u0131 aya\u011f\u0131 malzemenin \u00fczerine yava\u015f\u00e7a indirilir. Test cihaz\u0131, bask\u0131 aya\u011f\u0131 ile taban aras\u0131ndaki yer de\u011fi\u015ftirmeyi veya bo\u015flu\u011fu \u00f6l\u00e7erek numunenin kal\u0131nl\u0131\u011f\u0131n\u0131n do\u011fru bir \u015fekilde \u00f6l\u00e7\u00fclmesini sa\u011flar.<\/li>\n<li><strong>Malzeme T\u00fcrleri:<\/strong> Test cihaz\u0131 \u00e7ok y\u00f6nl\u00fcd\u00fcr ve plastik filmler, tekstiller, ka\u011f\u0131t, folyolar, kuma\u015flar ve membranlar gibi malzemelerin kal\u0131nl\u0131\u011f\u0131n\u0131 \u00f6l\u00e7ebilir. \u0130ster ambalaj malzemelerini, ister t\u0131bbi cihaz ambalajlar\u0131n\u0131 veya tekstil \u00fcr\u00fcnlerini test ediyor olun <strong>Dokunma Kal\u0131nl\u0131\u011f\u0131 Test Cihaz\u0131<\/strong> kesin sonu\u00e7lar sa\u011flar.<\/li>\n<\/ol>\n<p>Bu y\u00f6ntem \u00f6zellikle ambalaj, g\u0131da ve i\u00e7ecek, ila\u00e7 ve tekstil gibi malzeme tutarl\u0131l\u0131\u011f\u0131n\u0131n hayati \u00f6nem ta\u015f\u0131d\u0131\u011f\u0131 sekt\u00f6rlerdeki kalite kontrol s\u00fcre\u00e7leri i\u00e7in de\u011ferlidir. Do\u011fru ve tekrarlanabilir \u00f6l\u00e7\u00fcmler sa\u011flayarak <strong>Dokunma Kal\u0131nl\u0131\u011f\u0131 Test Cihaz\u0131<\/strong> \u0130\u015fletmelerin hatalara, mevzuata uygunsuzlu\u011fa veya daha y\u00fcksek \u00fcretim maliyetlerine yol a\u00e7abilecek kal\u0131nl\u0131k de\u011fi\u015fimlerini tespit etmelerine yard\u0131mc\u0131 olur.<\/p>\n<h2>Teknik \u00d6zellikler ve \u0130\u015flevsellik<\/h2>\n<p>Bu <strong>Dokunma Kal\u0131nl\u0131\u011f\u0131 Test Cihaz\u0131<\/strong> verimli \u00e7al\u0131\u015fma ve do\u011fru sonu\u00e7lar sa\u011flayan \u00e7e\u015fitli geli\u015fmi\u015f \u00f6zelliklerle kullan\u0131m kolayl\u0131\u011f\u0131 ve hassasiyet i\u00e7in tasarlanm\u0131\u015ft\u0131r:<\/p>\n<ul>\n<li><strong>PLC Kontroll\u00fc \u00c7al\u0131\u015fma<\/strong>: Cihaz, kolay kullan\u0131m i\u00e7in sezgisel bir HMI dokunmatik ekran aray\u00fcz\u00fc ile entegre edilmi\u015f bir programlanabilir mant\u0131k denetleyicisi (PLC) taraf\u0131ndan kontrol edilir.<\/li>\n<li><strong>Otomatik Bask\u0131 Aya\u011f\u0131 Kald\u0131rma<\/strong>: Bu \u00f6zellik, bask\u0131 aya\u011f\u0131n\u0131n her \u00f6l\u00e7\u00fcmden sonra otomatik olarak kalkmas\u0131n\u0131 sa\u011flayarak manuel m\u00fcdahale ihtiyac\u0131n\u0131 azalt\u0131r ve testte tutarl\u0131l\u0131\u011f\u0131 korur.<\/li>\n<li><strong>Ger\u00e7ek Zamanl\u0131 Veri G\u00f6sterimi<\/strong>: Test cihaz\u0131, maksimum, minimum, ortalama ve standart sapma de\u011ferleri dahil olmak \u00fczere ger\u00e7ek zamanl\u0131 \u00f6l\u00e7\u00fcmleri g\u00f6r\u00fcnt\u00fcleyerek kullan\u0131c\u0131lar\u0131n malzeme tutarl\u0131l\u0131\u011f\u0131n\u0131 ve performans\u0131n\u0131 an\u0131nda de\u011ferlendirmelerine olanak tan\u0131r.<\/li>\n<li><strong>Veri Depolama ve Mikro Bask\u0131<\/strong>: Test cihaz\u0131, test sonu\u00e7lar\u0131n\u0131 saklayabilir ve raporlar\u0131 yazd\u0131rabilir, b\u00f6ylece denetimler veya kay\u0131tlar i\u00e7in izlenebilirli\u011fi ve kalite kontrol belgelerini kolayla\u015ft\u0131r\u0131r.<\/li>\n<li><strong>RS232 Ba\u011flant\u0131 Noktas\u0131 (\u0130ste\u011fe Ba\u011fl\u0131)<\/strong>: Cihaz, veri analiz yaz\u0131l\u0131m\u0131 ile kolay entegrasyon sa\u011flayan ve test sonu\u00e7lar\u0131n\u0131 y\u00f6netme ve analiz etme yetene\u011fini art\u0131ran bir RS232 portu ile birlikte gelir.<\/li>\n<li><strong>Manuel ve Otomatik Numune Besleme Se\u00e7enekleri (Opsiyonel)<\/strong>: Y\u00fcksek hacimli test ortamlar\u0131nda verimlili\u011fi art\u0131rmak i\u00e7in hem manuel hem de otomatik numune besleme se\u00e7enekleri mevcuttur.<\/li>\n<\/ul>\n<h2>Ana Parametreler ve \u00d6zellikler<\/h2>\n<table>\n<tbody>\n<tr>\n<td width=\"251\">Test Aral\u0131\u011f\u0131<\/td>\n<td width=\"247\">0~2mm (\u00d6zelle\u015ftirme mevcut)<\/td>\n<\/tr>\n<tr>\n<td width=\"251\">\u00c7\u00f6z\u00fcn\u00fcrl\u00fck<\/td>\n<td width=\"247\">0,1 \u03bcm<\/td>\n<\/tr>\n<tr>\n<td width=\"251\">Standart \u00d6l\u00e7\u00fc Ba\u015fl\u0131\u011f\u0131<\/td>\n<td width=\"247\">Yar\u0131m k\u00fcre tipi<\/td>\n<\/tr>\n<tr>\n<td width=\"251\">Opsiyonel \u00d6l\u00e7\u00fc Ba\u015fl\u0131\u011f\u0131 (d\u00fcz ayak)<\/td>\n<td width=\"247\">50 mm\u00b2, 17,5\u00b11 KPa (film i\u00e7in)<br \/>\n200 mm\u00b2, 50\u00b11 KPa (ka\u011f\u0131t i\u00e7in)<\/td>\n<\/tr>\n<tr>\n<td width=\"251\">G\u00fc\u00e7<\/td>\n<td width=\"247\">AC 110~220V<\/td>\n<\/tr>\n<\/tbody>\n<\/table>\n<h3>Neden Dokunma Kal\u0131nl\u0131\u011f\u0131 Test Cihaz\u0131n\u0131 Se\u00e7melisiniz?<\/h3>\n<p>Bu <strong>Dokunma Kal\u0131nl\u0131\u011f\u0131 Test Cihaz\u0131<\/strong> ambalaj, tekstil, t\u0131bbi cihazlar ve daha fazlas\u0131 gibi sekt\u00f6rlerdeki i\u015fletmeler i\u00e7in say\u0131s\u0131z avantaj sunar. \u0130\u015fte bu cihaz\u0131 se\u00e7mek i\u00e7in birka\u00e7 neden:<\/p>\n<ul>\n<li><strong>\u00c7ok y\u00f6nl\u00fcl\u00fck:<\/strong> Plastik filmler, tekstil \u00fcr\u00fcnleri, ka\u011f\u0131t ve oluklu mukavva dahil olmak \u00fczere \u00e7e\u015fitli malzemelerin kal\u0131nl\u0131\u011f\u0131n\u0131 \u00f6l\u00e7ebilir.<\/li>\n<li><strong>Standartlara Uygunluk:<\/strong> ASTM D374, ASTM D1777, ISO 3034:2011, ISO 534-2011 ve ISO 4593 gibi temel end\u00fcstri standartlar\u0131n\u0131 kar\u015f\u0131layarak \u00f6l\u00e7\u00fcmlerinizin do\u011fru ve mevzuata uygun olmas\u0131n\u0131 sa\u011flar.<\/li>\n<li><strong>Verimlilik ve Do\u011fruluk:<\/strong> Otomatik bask\u0131 aya\u011f\u0131 kald\u0131rma, ger\u00e7ek zamanl\u0131 veri ekran\u0131 ve y\u00fcksek \u00e7\u00f6z\u00fcn\u00fcrl\u00fckl\u00fc \u00f6l\u00e7\u00fcmler gibi geli\u015fmi\u015f \u00f6zellikleri ile <strong>Dokunma Kal\u0131nl\u0131\u011f\u0131 Test Cihaz\u0131<\/strong> g\u00fcvenilir ve tekrarlanabilir sonu\u00e7lar sa\u011flar.<\/li>\n<li><strong>Veri Y\u00f6netimi:<\/strong> Test sonu\u00e7lar\u0131n\u0131 saklama ve yazd\u0131rma se\u00e7ene\u011fi, kalite kontrol, denetimler ve izlenebilirlik i\u00e7in kay\u0131t tutmay\u0131 kolayla\u015ft\u0131r\u0131r.<\/li>\n<\/ul>\n<h3>SSS (S\u0131k\u00e7a Sorulan Sorular)<\/h3>\n<ol>\n<li><strong>Dokunma Kal\u0131nl\u0131\u011f\u0131 Test Cihaz\u0131 hangi malzemeleri \u00f6l\u00e7ebilir?<\/strong>\n<ul>\n<li>Test cihaz\u0131 plastik filmler, tekstil \u00fcr\u00fcnleri, ka\u011f\u0131t, oluklu mukavva, folyolar ve membranlar gibi malzemelerin kal\u0131nl\u0131\u011f\u0131n\u0131 \u00f6l\u00e7ebilir.<\/li>\n<\/ul>\n<\/li>\n<li><strong>Dokunma Kal\u0131nl\u0131\u011f\u0131 Test Cihaz\u0131n\u0131n \u00f6l\u00e7\u00fcm aral\u0131\u011f\u0131 nedir?<\/strong>\n<ul>\n<li>Standart test aral\u0131\u011f\u0131 0 ila 2 mm aras\u0131ndad\u0131r ve belirli malzeme t\u00fcrleri veya uygulamalar i\u00e7in \u00f6zelle\u015ftirme yap\u0131labilir.<\/li>\n<\/ul>\n<\/li>\n<li><strong>Dokunma Kal\u0131nl\u0131\u011f\u0131 Test Cihaz\u0131 do\u011frulu\u011fu nas\u0131l sa\u011flar?<\/strong>\n<ul>\n<li>Test cihaz\u0131, \u00e7e\u015fitli malzemeler i\u00e7in hassas ve do\u011fru kal\u0131nl\u0131k \u00f6l\u00e7\u00fcmleri sa\u011flamak i\u00e7in 0,1 \u03bcm \u00e7\u00f6z\u00fcn\u00fcrl\u00fc\u011fe sahip mekanik bir tarama tekni\u011fi kullan\u0131r.<\/li>\n<\/ul>\n<\/li>\n<li><strong>Dokunma Kal\u0131nl\u0131\u011f\u0131 Test Cihaz\u0131 di\u011fer yaz\u0131l\u0131m sistemleri ile entegre edilebilir mi?<\/strong>\n<ul>\n<li>Evet, test cihaz\u0131, geli\u015fmi\u015f veri y\u00f6netimi ve analizi i\u00e7in yaz\u0131l\u0131mla iste\u011fe ba\u011fl\u0131 entegrasyon i\u00e7in bir RS232 ba\u011flant\u0131 noktas\u0131 i\u00e7erir.<\/li>\n<\/ul>\n<\/li>\n<li><strong>Dokunma Kal\u0131nl\u0131\u011f\u0131 Test Cihaz\u0131 hangi standartlara uygundur?<\/strong>\n<ul>\n<li>Test cihaz\u0131 ASTM D374, ASTM D1777, ISO 3034:2011, ISO 534-2011 ve ISO 4593'\u00fc destekleyerek \u00e7e\u015fitli malzemeler i\u00e7in end\u00fcstri standartlar\u0131na uygunluk sa\u011flar.<\/li>\n<\/ul>\n<\/li>\n<\/ol>","protected":false},"excerpt":{"rendered":"<p>Bu <strong>Dokunma Kal\u0131nl\u0131\u011f\u0131 Test Cihaz\u0131<\/strong> plastik filmler, tekstil \u00fcr\u00fcnleri, ka\u011f\u0131t, karton, folyolar ve di\u011fer esnek malzemeler dahil olmak \u00fczere \u00e7e\u015fitli malzemeler i\u00e7in do\u011fru ve g\u00fcvenilir kal\u0131nl\u0131k okumalar\u0131 sa\u011flamak \u00fczere tasarlanm\u0131\u015f geli\u015fmi\u015f bir \u00f6l\u00e7\u00fcm cihaz\u0131d\u0131r. Kal\u0131nl\u0131k; ambalaj, ila\u00e7, t\u0131bbi cihazlar, tekstil ve daha fazlas\u0131 gibi sekt\u00f6rlerde bu malzemelerin performans\u0131n\u0131, kalitesini ve uygunlu\u011funu belirlemede kritik bir rol oynar.<\/p>","protected":false},"featured_media":5612,"comment_status":"closed","ping_status":"closed","template":"","meta":{"site-sidebar-layout":"default","site-content-layout":"default","ast-global-header-display":"","ast-main-header-display":"","ast-hfb-above-header-display":"","ast-hfb-below-header-display":"","ast-hfb-mobile-header-display":"","site-post-title":"","ast-breadcrumbs-content":"","ast-featured-img":"","footer-sml-layout":"","theme-transparent-header-meta":"default","adv-header-id-meta":"","stick-header-meta":"","header-above-stick-meta":"","header-main-stick-meta":"","header-below-stick-meta":""},"product_cat":[845,938,44,149,16,120,131,160,162,164,95],"product_tag":[],"class_list":{"0":"post-2475","1":"product","2":"type-product","3":"status-publish","4":"has-post-thumbnail","6":"product_cat-customization","7":"product_cat-textile-tester","8":"product_cat-paper-and-board-testers","9":"product_cat-pharma-and-medical-testers","10":"product_cat-plastic-packaging-testers","11":"product_cat-astm-d1777","12":"product_cat-astm-d374","13":"product_cat-iso-3034","14":"product_cat-iso-4593","15":"product_cat-iso-534","16":"product_cat-products","17":"desktop-align-left","18":"tablet-align-left","19":"mobile-align-left","21":"first","22":"instock","23":"shipping-taxable","24":"product-type-simple"},"_links":{"self":[{"href":"https:\/\/www.qualitester.com\/tr\/wp-json\/wp\/v2\/product\/2475","targetHints":{"allow":["GET"]}}],"collection":[{"href":"https:\/\/www.qualitester.com\/tr\/wp-json\/wp\/v2\/product"}],"about":[{"href":"https:\/\/www.qualitester.com\/tr\/wp-json\/wp\/v2\/types\/product"}],"replies":[{"embeddable":true,"href":"https:\/\/www.qualitester.com\/tr\/wp-json\/wp\/v2\/comments?post=2475"}],"version-history":[{"count":0,"href":"https:\/\/www.qualitester.com\/tr\/wp-json\/wp\/v2\/product\/2475\/revisions"}],"wp:featuredmedia":[{"embeddable":true,"href":"https:\/\/www.qualitester.com\/tr\/wp-json\/wp\/v2\/media\/5612"}],"wp:attachment":[{"href":"https:\/\/www.qualitester.com\/tr\/wp-json\/wp\/v2\/media?parent=2475"}],"wp:term":[{"taxonomy":"product_cat","embeddable":true,"href":"https:\/\/www.qualitester.com\/tr\/wp-json\/wp\/v2\/product_cat?post=2475"},{"taxonomy":"product_tag","embeddable":true,"href":"https:\/\/www.qualitester.com\/tr\/wp-json\/wp\/v2\/product_tag?post=2475"}],"curies":[{"name":"wp","href":"https:\/\/api.w.org\/{rel}","templated":true}]}}