{"id":2454,"date":"2023-06-14T08:35:29","date_gmt":"2023-06-14T00:35:29","guid":{"rendered":"https:\/\/www.qualitester.com\/?post_type=product&#038;p=2454"},"modified":"2024-11-28T10:12:04","modified_gmt":"2024-11-28T02:12:04","slug":"fbt-01-impact-testing-machine-falling-ball-impact-cardboard","status":"publish","type":"product","link":"https:\/\/www.qualitester.com\/tr\/urun\/fbt-01-impact-testing-machine-falling-ball-impact-cardboard\/","title":{"rendered":"FBT-01 D\u00fc\u015fen Top Darbe Test Cihaz\u0131"},"content":{"rendered":"<h2>D\u00fc\u015fen Top Darbe Testine Giri\u015f<\/h2>\n<p>Bu <strong>d\u00fc\u015fen top darbe testi<\/strong> bir malzemenin ani darbelere veya \u015fok y\u00fcklere dayanma kabiliyetini de\u011ferlendirmek i\u00e7in kritik bir y\u00f6ntemdir. Bu test, malzemelerin d\u0131\u015f kuvvetlere maruz kald\u0131\u011f\u0131 ger\u00e7ek d\u00fcnya ko\u015fullar\u0131n\u0131 sim\u00fcle ederek \u00fcreticilerin \u00fcr\u00fcn dayan\u0131kl\u0131l\u0131\u011f\u0131n\u0131 ve kalitesini sa\u011flamas\u0131na yard\u0131mc\u0131 olur. Darbe direnci, ambalajlama, t\u0131bbi cihazlar ve elektronik dahil olmak \u00fczere \u00e7e\u015fitli sekt\u00f6rlerde kullan\u0131lan malzemelerde y\u0131rt\u0131lma, \u00e7atlama veya deformasyonun \u00f6nlenmesinde \u00e7ok \u00f6nemlidir.<\/p>\n<h2>FBT-01 D\u00fc\u015fen Top Darbe Test Cihaz\u0131na Genel Bak\u0131\u015f<\/h2>\n<p>Bu <strong>FBT-01 D\u00fc\u015fen Top Darbe Test Cihaz\u0131<\/strong> filmler, tabakalar, kompozitler, folyolar ve ka\u011f\u0131t gibi ince malzemelerin darbe direncini \u00f6l\u00e7mek i\u00e7in tasarlanm\u0131\u015f son derece hassas ve \u00e7ok y\u00f6nl\u00fc bir cihazd\u0131r. Darbe kuvvetlerini sim\u00fcle etmek i\u00e7in \u00e7elik bir bilyenin belirli bir y\u00fckseklikten kontroll\u00fc bir \u015fekilde d\u00fc\u015f\u00fcr\u00fclmesini kullan\u0131r ve malzemenin stres alt\u0131ndaki performans\u0131 hakk\u0131nda kritik bilgiler sa\u011flar.<\/p>\n<h3>Temel Faydalar:<\/h3>\n<ul>\n<li>Kalite kontrol i\u00e7in do\u011fru, tekrarlanabilir sonu\u00e7lar<\/li>\n<li>HMI dokunmatik ekran arac\u0131l\u0131\u011f\u0131yla kullan\u0131c\u0131 dostu kullan\u0131m<\/li>\n<\/ul>\n<h2>D\u00fc\u015fen Top Darbe Testi i\u00e7in Test Y\u00f6ntemleri<\/h2>\n<p>Bu testte, k\u00fctlesi ve \u00e7ap\u0131 bilinen bir \u00e7elik bilye \u00f6nceden belirlenmi\u015f bir y\u00fckseklikten serbest b\u0131rak\u0131larak test numunesine \u00e7arpt\u0131r\u0131l\u0131r. Ortaya \u00e7\u0131kan hasar veya deformasyon g\u00f6zlemlenir ve malzemenin darbe direncini de\u011ferlendirmek i\u00e7in analiz edilir.<\/p>\n<h3>Test Sonu\u00e7lar\u0131n\u0131 Etkileyen Temel Fakt\u00f6rler:<\/h3>\n<ul>\n<li><strong>D\u00fc\u015fme Y\u00fcksekli\u011fi:<\/strong> Ayarlanabilir y\u00fckseklik, farkl\u0131 darbe senaryolar\u0131n\u0131n sim\u00fcle edilmesine olanak tan\u0131yarak malzeme performans\u0131n\u0131n daha kapsaml\u0131 bir analizini sunar.<\/li>\n<li><strong>Bilye Boyutu ve K\u00fctlesi:<\/strong> \u00c7elik bilyenin boyutu ve a\u011f\u0131rl\u0131\u011f\u0131, \u00f6zel test gereksinimlerine g\u00f6re se\u00e7ilebilir ve ger\u00e7ek d\u00fcnyadaki uygulamalarla uygunluk sa\u011flan\u0131r.<\/li>\n<\/ul>\n<h2>Drop Ball Darbe Test Cihaz\u0131n\u0131n \u00d6zellikleri<\/h2>\n<p>Bu <strong>damla top darbe test cihaz\u0131<\/strong> do\u011frulu\u011fu ve kullan\u0131m kolayl\u0131\u011f\u0131n\u0131 art\u0131rmak i\u00e7in geli\u015fmi\u015f \u00f6zelliklerle donat\u0131lm\u0131\u015ft\u0131r:<\/p>\n<ul>\n<li><strong>Hassas Kontrol:<\/strong> Sezgisel kullan\u0131m i\u00e7in y\u00fcksek \u00e7\u00f6z\u00fcn\u00fcrl\u00fckl\u00fc HMI dokunmatik ekrana sahip PLC tabanl\u0131 sistem.<\/li>\n<li><strong>Ayarlanabilir Darbe Y\u00fcksekli\u011fi:<\/strong> \u00d6zel gereksinimlere g\u00f6re uzatma se\u00e7enekleriyle birlikte 300 mm ila 600 mm aras\u0131nda de\u011fi\u015fir.<\/li>\n<li><strong>Elektromanyetik S\u00fcspansiyon:<\/strong> G\u00fcvenilir test ko\u015fullar\u0131 i\u00e7in \u00e7elik bilyenin otomatik ve tutarl\u0131 bir \u015fekilde serbest b\u0131rak\u0131lmas\u0131n\u0131 sa\u011flar.<\/li>\n<li><strong>Pn\u00f6matik S\u0131k\u0131\u015ft\u0131rma:<\/strong> Numuneleri g\u00fcvenli bir \u015fekilde yerinde tutarak sonu\u00e7lardaki de\u011fi\u015fkenli\u011fi azalt\u0131r.<\/li>\n<li><strong>\u00c7ok Birimli Ekran:<\/strong> Sonu\u00e7lar \u00e7e\u015fitli birimlerde g\u00f6r\u00fcnt\u00fclenebilir ve veri yorumlamada esneklik sunar.<\/li>\n<li><strong>\u0130ste\u011fe Ba\u011fl\u0131 Profesyonel Yaz\u0131l\u0131m:<\/strong> Geli\u015fmi\u015f veri analizi ve raporlama i\u00e7in.<\/li>\n<\/ul>\n<h3>Teknik \u00d6zellikler:<\/h3>\n<table>\n<tbody>\n<tr>\n<td style=\"text-align: center;\" width=\"147\">Etki Y\u00fcksekli\u011fi<\/td>\n<td style=\"text-align: center;\" width=\"277\">300mm-600mm (uzat\u0131labilir)<\/td>\n<\/tr>\n<tr>\n<td style=\"text-align: center;\" width=\"147\">Bilye \u00c7aplar\u0131 (mm)<\/td>\n<td style=\"text-align: center;\" width=\"277\">23, 25, 28.6, 38.1, 50.8 (bir donan\u0131ml\u0131)<\/td>\n<\/tr>\n<tr>\n<td style=\"text-align: center;\" width=\"147\">Do\u011fruluk<\/td>\n<td style=\"text-align: center;\" width=\"277\">0.1g (0.1J)<\/td>\n<\/tr>\n<tr>\n<td style=\"text-align: center;\" width=\"147\">Numune Kelep\u00e7esi<\/td>\n<td style=\"text-align: center;\" width=\"277\">Pn\u00f6matik Kelep\u00e7e<\/td>\n<\/tr>\n<tr>\n<td style=\"text-align: center;\" width=\"147\">Gaz Temini<\/td>\n<td style=\"text-align: center;\" width=\"277\">0,6 MPa \u03a68 mm PU Boru<\/td>\n<\/tr>\n<tr>\n<td style=\"text-align: center;\" width=\"147\">Numune Boyutu<\/td>\n<td style=\"text-align: center;\" width=\"277\">&gt; 150 mm x 150 mm<\/td>\n<\/tr>\n<tr>\n<td style=\"text-align: center;\" width=\"147\">G\u00fc\u00e7 Kayna\u011f\u0131<\/td>\n<td style=\"text-align: center;\" width=\"277\">AC 110~220V 50Hz<\/td>\n<\/tr>\n<\/tbody>\n<\/table>\n<h2>Uygulamalar ve Sekt\u00f6rel Uygunluk<\/h2>\n<p>FBT-01, \u00fcr\u00fcn g\u00fcvenli\u011fi ve performans\u0131n\u0131 sa\u011flamak i\u00e7in \u00e7e\u015fitli end\u00fcstriler i\u00e7in \u00f6nemli bir ara\u00e7t\u0131r:<\/p>\n<ul>\n<li><strong>Paketleme:<\/strong> Ambalajlamada kullan\u0131lan filmlerin, folyolar\u0131n ve tabakalar\u0131n dayan\u0131kl\u0131l\u0131\u011f\u0131n\u0131n de\u011ferlendirilmesi.<\/li>\n<li><strong>T\u0131bbi Cihazlar:<\/strong> T\u0131bbi ambalaj ve bile\u015fenlerde kullan\u0131lan malzemelerin darbe dayan\u0131m\u0131n\u0131n sa\u011flanmas\u0131.<\/li>\n<li><strong>Elektronik ve Otomotiv:<\/strong> Bile\u015fenlerin kullan\u0131m veya nakliye s\u0131ras\u0131nda darbelere kar\u015f\u0131 sa\u011flaml\u0131k a\u00e7\u0131s\u0131ndan test edilmesi.<\/li>\n<li><strong>Kalite Kontrol ve Denetim:<\/strong> Test ve uyumluluk i\u00e7in standartla\u015ft\u0131r\u0131lm\u0131\u015f y\u00f6ntemler sa\u011flamak.<\/li>\n<\/ul>\n<h2>Standartlara Uygunluk<\/h2>\n<p>FBT-01, darbe testi i\u00e7in \u00e7e\u015fitli end\u00fcstri standartlar\u0131n\u0131n kar\u015f\u0131lanmas\u0131na yard\u0131mc\u0131 olarak \u00fcr\u00fcnlerin s\u0131k\u0131 kalite gereksinimlerine uygun olmas\u0131n\u0131 sa\u011flar. Bu uyumluluk, rekabet\u00e7i pazarlarda sertifika ve onay arayan \u00fcreticiler i\u00e7in \u00e7ok \u00f6nemlidir.<\/p>\n<h2>Neden FBT-01 D\u00fc\u015fen Top Darbe Test Cihaz\u0131n\u0131 Se\u00e7melisiniz?<\/h2>\n<p>FBT-01 hassasiyeti, \u00e7ok y\u00f6nl\u00fcl\u00fc\u011f\u00fc ve kullan\u0131c\u0131 dostu tasar\u0131m\u0131 ile \u00f6ne \u00e7\u0131kar. \u00c7ok \u00e7e\u015fitli malzemeleri test etme ve geli\u015fmi\u015f veri analizi sunma yetene\u011fi, onu malzeme dayan\u0131kl\u0131l\u0131\u011f\u0131n\u0131n kritik oldu\u011fu end\u00fcstrilerde kalite kontrol i\u00e7in vazge\u00e7ilmez bir ara\u00e7 haline getirir.<\/p>\n<h3>Benzersiz Sat\u0131\u015f Noktalar\u0131:<\/h3>\n<ul>\n<li>Y\u00fcksek hassasiyetli darbe \u00f6l\u00e7\u00fcmleri<\/li>\n<li>\u00d6zel ihtiya\u00e7lara uygun \u00f6zelle\u015ftirilebilir test parametreleri<\/li>\n<li>Detayl\u0131 raporlama i\u00e7in geli\u015fmi\u015f yaz\u0131l\u0131m se\u00e7enekleri<\/li>\n<li>Dayan\u0131kl\u0131 yap\u0131 ve g\u00fcvenilir performans<\/li>\n<\/ul>\n<h2>SSS<\/h2>\n<ol>\n<li><strong>FBT-01 ne t\u00fcr materyalleri test edebilir?<\/strong><br \/>\nTest cihaz\u0131, 2 mm'den daha az kal\u0131nl\u0131\u011fa sahip filmler, levhalar, kompozitler, folyolar ve ka\u011f\u0131t gibi ince malzemeleri de\u011ferlendirebilir.<\/li>\n<li><strong>D\u00fc\u015fme y\u00fcksekli\u011fi nas\u0131l ayarlan\u0131r?<\/strong><br \/>\nD\u00fc\u015fme y\u00fcksekli\u011fi, HMI dokunmatik ekran arac\u0131l\u0131\u011f\u0131yla ayarlanabilir ve test gereksinimlerine g\u00f6re \u00f6zelle\u015ftirmeye olanak tan\u0131r.<\/li>\n<li><strong>Testte top boyutu neden \u00f6nemlidir?<\/strong><br \/>\nFarkl\u0131 bilye boyutlar\u0131 ve a\u011f\u0131rl\u0131klar\u0131, \u00e7e\u015fitli darbe kuvvetlerini sim\u00fcle ederek malzeme performans\u0131n\u0131n daha kapsaml\u0131 bir \u015fekilde anla\u015f\u0131lmas\u0131n\u0131 sa\u011flar.<\/li>\n<li><strong>FBT-01'i geli\u015fmi\u015f veri analizi i\u00e7in kullanabilir miyim?<\/strong><br \/>\nEvet, FBT-01 derinlemesine analiz ve raporlama i\u00e7in profesyonel yaz\u0131l\u0131mla donat\u0131labilir.<\/li>\n<li><strong>Pn\u00f6matik s\u0131k\u0131\u015ft\u0131rma sistemi hassasiyeti nas\u0131l art\u0131r\u0131r?<\/strong><br \/>\nPn\u00f6matik kelep\u00e7e, numuneyi g\u00fcvenli bir \u015fekilde tutar, darbe s\u0131ras\u0131nda hareketi en aza indirir ve tutarl\u0131, do\u011fru sonu\u00e7lar sa\u011flar.<\/li>\n<\/ol>\n<h2>\u0130lgili \u00dcr\u00fcn<\/h2>\n<p>FDT-01 <a href=\"https:\/\/www.qualitester.com\/tr\/urun\/fdt-01-polypropylene-film-drop-dart-tester\/\" target=\"_blank\" rel=\"noopener\">D\u00fc\u015fen Dart Darbe Test Cihaz\u0131<\/a><\/p>","protected":false},"excerpt":{"rendered":"<p>Bu <strong>d\u00fc\u015fen top darbe testi<\/strong> bir malzemenin ani darbelere veya \u015fok y\u00fcklere dayanma kabiliyetini de\u011ferlendirmek i\u00e7in kritik bir y\u00f6ntemdir. Bu test, malzemelerin d\u0131\u015f kuvvetlere maruz kald\u0131\u011f\u0131 ger\u00e7ek d\u00fcnya ko\u015fullar\u0131n\u0131 sim\u00fcle ederek \u00fcreticilerin \u00fcr\u00fcn dayan\u0131kl\u0131l\u0131\u011f\u0131n\u0131 ve kalitesini sa\u011flamas\u0131na yard\u0131mc\u0131 olur. Darbe direnci, ambalajlama, t\u0131bbi cihazlar ve elektronik dahil olmak \u00fczere \u00e7e\u015fitli sekt\u00f6rlerde kullan\u0131lan malzemelerde y\u0131rt\u0131lma, \u00e7atlama veya deformasyonun \u00f6nlenmesinde \u00e7ok \u00f6nemlidir.<\/p>","protected":false},"featured_media":5940,"comment_status":"closed","ping_status":"closed","template":"","meta":{"site-sidebar-layout":"default","site-content-layout":"default","ast-global-header-display":"","ast-main-header-display":"","ast-hfb-above-header-display":"","ast-hfb-below-header-display":"","ast-hfb-mobile-header-display":"","site-post-title":"disabled","ast-breadcrumbs-content":"","ast-featured-img":"","footer-sml-layout":"","theme-transparent-header-meta":"default","adv-header-id-meta":"","stick-header-meta":"","header-above-stick-meta":"","header-main-stick-meta":"","header-below-stick-meta":""},"product_cat":[44,149,16,111,169,95],"product_tag":[],"class_list":{"0":"post-2454","1":"product","2":"type-product","3":"status-publish","4":"has-post-thumbnail","6":"product_cat-paper-and-board-testers","7":"product_cat-pharma-and-medical-testers","8":"product_cat-plastic-packaging-testers","9":"product_cat-astm-d1709","10":"product_cat-iso-7765-1","11":"product_cat-products","12":"desktop-align-left","13":"tablet-align-left","14":"mobile-align-left","16":"first","17":"instock","18":"shipping-taxable","19":"product-type-simple"},"_links":{"self":[{"href":"https:\/\/www.qualitester.com\/tr\/wp-json\/wp\/v2\/product\/2454","targetHints":{"allow":["GET"]}}],"collection":[{"href":"https:\/\/www.qualitester.com\/tr\/wp-json\/wp\/v2\/product"}],"about":[{"href":"https:\/\/www.qualitester.com\/tr\/wp-json\/wp\/v2\/types\/product"}],"replies":[{"embeddable":true,"href":"https:\/\/www.qualitester.com\/tr\/wp-json\/wp\/v2\/comments?post=2454"}],"version-history":[{"count":0,"href":"https:\/\/www.qualitester.com\/tr\/wp-json\/wp\/v2\/product\/2454\/revisions"}],"wp:featuredmedia":[{"embeddable":true,"href":"https:\/\/www.qualitester.com\/tr\/wp-json\/wp\/v2\/media\/5940"}],"wp:attachment":[{"href":"https:\/\/www.qualitester.com\/tr\/wp-json\/wp\/v2\/media?parent=2454"}],"wp:term":[{"taxonomy":"product_cat","embeddable":true,"href":"https:\/\/www.qualitester.com\/tr\/wp-json\/wp\/v2\/product_cat?post=2454"},{"taxonomy":"product_tag","embeddable":true,"href":"https:\/\/www.qualitester.com\/tr\/wp-json\/wp\/v2\/product_tag?post=2454"}],"curies":[{"name":"wp","href":"https:\/\/api.w.org\/{rel}","templated":true}]}}