{"id":2268,"date":"2023-05-18T10:57:00","date_gmt":"2023-05-18T02:57:00","guid":{"rendered":"https:\/\/www.qualitester.com\/?post_type=product&#038;p=2268"},"modified":"2025-04-08T16:16:55","modified_gmt":"2025-04-08T08:16:55","slug":"lt-01-leak-tester","status":"publish","type":"product","link":"https:\/\/www.qualitester.com\/tr\/urun\/lt-01-leak-tester\/","title":{"rendered":"LT-01 S\u0131z\u0131nt\u0131 Test Cihaz\u0131"},"content":{"rendered":"<h2 data-start=\"1173\" data-end=\"1228\"><strong data-start=\"1173\" data-end=\"1228\">Understanding the Vacuum Leak Tester for Packaging\u00a0<\/strong><\/h2>\n<p class=\"\" data-start=\"1230\" data-end=\"1607\">Bu <strong data-start=\"1234\" data-end=\"1271\">ambalaj i\u0307\u00e7i\u0307n vakum sizinti test ci\u0307hazi <\/strong>is designed to detect leaks in sealed flexible packages by observing air or gas escape when a vacuum is applied. This technique relies on <strong data-start=\"1410\" data-end=\"1435\">differential pressure<\/strong>, where the pressure inside the package contrasts with the vacuum environment in the chamber. If a leak exists, air or product vapor escapes as a visible stream of bubbles.<\/p>\n<p class=\"\" data-start=\"1609\" data-end=\"1973\">Cell Instruments' <strong data-start=\"1627\" data-end=\"1648\">LT-01 leak tester<\/strong> offers a reliable and economical method to carry out this procedure. It uses a <strong data-start=\"1728\" data-end=\"1744\">Venturi tube<\/strong> to create a vacuum up to \u201390 kPa, which allows for stable and adjustable vacuum conditions without needing an electric power source. It also provides a <strong data-start=\"1897\" data-end=\"1929\">customizable acrylic chamber<\/strong> to suit different package sizes and shapes.<\/p>\n<div class=\"ast-oembed-container\" style=\"height: 100%;\"><iframe title=\"Cell INSTRUMENTS vacuum leak tester of three models\" width=\"500\" height=\"281\" src=\"https:\/\/www.youtube.com\/embed\/UcL0JjOEm04?feature=oembed\" frameborder=\"0\" allow=\"accelerometer; autoplay; clipboard-write; encrypted-media; gyroscope; picture-in-picture; web-share\" referrerpolicy=\"strict-origin-when-cross-origin\" allowfullscreen><\/iframe><\/div>\n<hr class=\"\" data-start=\"1975\" data-end=\"1978\" \/>\n<h2 data-start=\"1980\" data-end=\"2027\"><strong data-start=\"1980\" data-end=\"2027\">ASTM Vacuum Leak Test Method and Compliance<\/strong><\/h2>\n<p class=\"\" data-start=\"2029\" data-end=\"2304\">To ensure consistent and accurate results, the vacuum leak tester should comply with the <strong data-start=\"2118\" data-end=\"2143\">ASTM vacuum leak test<\/strong> method outlined in <a href=\"https:\/\/www.qualitester.com\/tr\/standards\/astm-d3078\/\" target=\"_blank\" rel=\"noopener\"><strong data-start=\"2163\" data-end=\"2177\">ASTM D3078<\/strong><\/a>. This international standard defines how to perform leak detection through <strong data-start=\"2253\" data-end=\"2280\">bubble emission testing<\/strong> for flexible packaging.<\/p>\n<p class=\"\" data-start=\"2306\" data-end=\"2364\">G\u00f6re <strong data-start=\"2319\" data-end=\"2333\">ASTM D3078<\/strong>, here\u2019s how the process works:<\/p>\n<ul data-start=\"2366\" data-end=\"2855\">\n<li class=\"\" data-start=\"2366\" data-end=\"2442\">\n<p class=\"\" data-start=\"2368\" data-end=\"2442\">The package is submerged in water inside a <strong data-start=\"2411\" data-end=\"2441\">transparent vacuum chamber<\/strong>.<\/p>\n<\/li>\n<li class=\"\" data-start=\"2443\" data-end=\"2547\">\n<p class=\"\" data-start=\"2445\" data-end=\"2547\">A vacuum is applied, typically increasing at a rate of 1 in. Hg\/sec until the target level is reached.<\/p>\n<\/li>\n<li class=\"\" data-start=\"2548\" data-end=\"2630\">\n<p class=\"\" data-start=\"2550\" data-end=\"2630\">As pressure decreases, <strong data-start=\"2573\" data-end=\"2629\">any leak manifests as a continuous stream of bubbles<\/strong>.<\/p>\n<\/li>\n<li class=\"\" data-start=\"2631\" data-end=\"2755\">\n<p class=\"\" data-start=\"2633\" data-end=\"2755\">The vacuum is held for a specified time (usually 30 seconds), after which the package is inspected for test fluid ingress.<\/p>\n<\/li>\n<li class=\"\" data-start=\"2756\" data-end=\"2855\">\n<p class=\"\" data-start=\"2758\" data-end=\"2855\">Packages that emit bubbles or show signs of internal fluid contamination are considered failures.<\/p>\n<\/li>\n<\/ul>\n<p class=\"\" data-start=\"2857\" data-end=\"3010\">This method is effective for identifying pinholes, weak seals, or improper closures that could allow air, moisture, or contaminants to enter the package.<\/p>\n<hr class=\"\" data-start=\"3012\" data-end=\"3015\" \/>\n<h2 data-start=\"3017\" data-end=\"3061\"><strong data-start=\"3017\" data-end=\"3061\">Key Features of LT-01 Vacuum Leak Tester<\/strong><\/h2>\n<p class=\"\" data-start=\"3063\" data-end=\"3232\">Bu <strong data-start=\"3067\" data-end=\"3088\">LT-01 leak tester<\/strong> by Cell Instruments is engineered to simplify leak detection while providing <strong data-start=\"3166\" data-end=\"3194\">precision and durability<\/strong>. Below are some of its main features:<\/p>\n<ul data-start=\"3234\" data-end=\"3668\">\n<li class=\"\" data-start=\"3234\" data-end=\"3310\">\n<p class=\"\" data-start=\"3236\" data-end=\"3310\"><strong data-start=\"3236\" data-end=\"3252\">Manual model<\/strong>: Designed for simplicity and low-cost testing operations.<\/p>\n<\/li>\n<li class=\"\" data-start=\"3311\" data-end=\"3374\">\n<p class=\"\" data-start=\"3313\" data-end=\"3374\"><strong data-start=\"3313\" data-end=\"3329\">Vacuum range<\/strong>: 0 to \u201390 kPa, adjustable via air regulator.<\/p>\n<\/li>\n<li class=\"\" data-start=\"3375\" data-end=\"3470\">\n<p class=\"\" data-start=\"3377\" data-end=\"3470\"><strong data-start=\"3377\" data-end=\"3410\">Venturi-based vacuum creation<\/strong>: Eliminates the need for electricity, using compressed air.<\/p>\n<\/li>\n<li class=\"\" data-start=\"3471\" data-end=\"3553\">\n<p class=\"\" data-start=\"3473\" data-end=\"3553\"><strong data-start=\"3473\" data-end=\"3503\">Strong transparent chamber<\/strong>: Easy visual monitoring and durable construction.<\/p>\n<\/li>\n<li class=\"\" data-start=\"3554\" data-end=\"3668\">\n<p class=\"\" data-start=\"3556\" data-end=\"3668\"><strong data-start=\"3556\" data-end=\"3580\">Custom chamber sizes<\/strong>: Available in cylindrical or cuboid forms to accommodate a wide range of package types.<\/p>\n<\/li>\n<\/ul>\n<p class=\"\" data-start=\"3670\" data-end=\"3829\">Moreover, the LT-01 can be upgraded with a <strong data-start=\"3713\" data-end=\"3728\">vacuum pump<\/strong> to meet more stringent test methods like <strong data-start=\"3770\" data-end=\"3784\">ASTM D4991<\/strong>, further expanding its testing capabilities.<\/p>\n<hr class=\"\" data-start=\"4580\" data-end=\"4583\" \/>\n<h2 data-start=\"4585\" data-end=\"4637\"><strong data-start=\"4585\" data-end=\"4637\">Applications of Vacuum Leak Tester for <\/strong><strong data-start=\"1173\" data-end=\"1228\">Konteynerler<\/strong><\/h2>\n<p class=\"\" data-start=\"4639\" data-end=\"4730\">Bu <strong data-start=\"4643\" data-end=\"4679\">vacuum leak tester for c<\/strong><strong data-start=\"1173\" data-end=\"1228\">ontainers <\/strong>is widely used across various industries, such as:<\/p>\n<ul data-start=\"4732\" data-end=\"5065\">\n<li class=\"\" data-start=\"4732\" data-end=\"4823\">\n<p class=\"\" data-start=\"4734\" data-end=\"4823\"><strong data-start=\"4734\" data-end=\"4753\">Yiyecek &amp; \u0130\u00e7ecek<\/strong>: To check for seal integrity in pouches, sachets, and flexible films.<\/p>\n<\/li>\n<li class=\"\" data-start=\"4824\" data-end=\"4902\">\n<p class=\"\" data-start=\"4826\" data-end=\"4902\"><strong data-start=\"4826\" data-end=\"4845\">\u0130la\u00e7lar<\/strong>: To ensure sterile barrier systems remain uncompromised.<\/p>\n<\/li>\n<li class=\"\" data-start=\"4903\" data-end=\"4983\">\n<p class=\"\" data-start=\"4905\" data-end=\"4983\"><strong data-start=\"4905\" data-end=\"4924\">T\u0131bbi Cihazlar<\/strong>: To detect leaks in sterile wraps and component packaging.<\/p>\n<\/li>\n<li class=\"\" data-start=\"4984\" data-end=\"5065\">\n<p class=\"\" data-start=\"4986\" data-end=\"5065\"><strong data-start=\"4986\" data-end=\"5013\">Electronics &amp; Chemicals<\/strong>: To maintain moisture and vapor barrier properties.<\/p>\n<\/li>\n<\/ul>\n<p class=\"\" data-start=\"5067\" data-end=\"5190\">Reliable leak detection is essential for <strong data-start=\"5108\" data-end=\"5154\">preventing product recalls, reducing waste<\/strong>, and enhancing <strong data-start=\"5170\" data-end=\"5189\">consumer safety<\/strong>.<\/p>\n<hr class=\"\" data-start=\"3831\" data-end=\"3834\" \/>\n<h2 data-start=\"3836\" data-end=\"3896\"><strong data-start=\"3836\" data-end=\"3896\">Why Choose a Vacuum Leakage Tester from Cell Instruments<\/strong><\/h2>\n<p class=\"\" data-start=\"3898\" data-end=\"4002\">Choosing a <strong data-start=\"3909\" data-end=\"3934\">vacuum leakage tester<\/strong> from Cell Instruments offers advantages beyond standard compliance:<\/p>\n<ul data-start=\"4004\" data-end=\"4429\">\n<li class=\"\" data-start=\"4004\" data-end=\"4093\">\n<p class=\"\" data-start=\"4006\" data-end=\"4093\"><strong data-start=\"4006\" data-end=\"4032\">Customizable solutions<\/strong>: Tailored chambers and setups for diverse packaging formats.<\/p>\n<\/li>\n<li class=\"\" data-start=\"4094\" data-end=\"4204\">\n<p class=\"\" data-start=\"4096\" data-end=\"4204\"><strong data-start=\"4096\" data-end=\"4130\">Support for multiple standards<\/strong>: In addition to <a href=\"https:\/\/www.astm.org\/d3078-02r21e01.html\" target=\"_blank\" rel=\"noopener nofollow\">ASTM D3078<\/a>, units can be adapted for <a href=\"https:\/\/www.astm.org\/d4991-07r15.html\" target=\"_blank\" rel=\"noopener nofollow\">ASTM D4991<\/a> and more.<\/p>\n<\/li>\n<li class=\"\" data-start=\"4205\" data-end=\"4330\">\n<p class=\"\" data-start=\"4207\" data-end=\"4330\"><strong data-start=\"4207\" data-end=\"4229\">Industry expertise<\/strong>: Proven experience in <strong data-start=\"4252\" data-end=\"4329\">medical, food, pharmaceutical, adhesive, and electronic packaging testing<\/strong>.<\/p>\n<\/li>\n<li class=\"\" data-start=\"4331\" data-end=\"4429\">\n<p class=\"\" data-start=\"4333\" data-end=\"4429\"><strong data-start=\"4333\" data-end=\"4360\">No electricity required<\/strong>: Environmentally conscious and safer in various production settings.<\/p>\n<\/li>\n<\/ul>\n<p class=\"\" data-start=\"4431\" data-end=\"4578\">These benefits make the LT-01 an excellent choice for companies looking to improve <strong data-start=\"4514\" data-end=\"4543\">package quality assurance<\/strong> and meet <strong data-start=\"4553\" data-end=\"4577\">regulatory standards<\/strong>.<\/p>","protected":false},"excerpt":{"rendered":"<p class=\"\" data-start=\"473\" data-end=\"983\">Ambalaj b\u00fct\u00fcnl\u00fc\u011f\u00fcn\u00fcn sa\u011flanmas\u0131, \u00fcr\u00fcn g\u00fcvenli\u011finin korunmas\u0131, raf \u00f6mr\u00fcn\u00fcn uzat\u0131lmas\u0131 ve uluslararas\u0131 standartlara uyulmas\u0131 a\u00e7\u0131s\u0131ndan kritik \u00f6neme sahiptir. Bu ama\u00e7 i\u00e7in en etkili ve yayg\u0131n olarak benimsenen ara\u00e7lardan biri <strong data-start=\"694\" data-end=\"730\">ambalaj i\u0307\u00e7i\u0307n vakum sizinti test ci\u0307hazi<\/strong>. G\u0131da, t\u0131p, ila\u00e7, elektronik ve kalite kontrol gibi sekt\u00f6rlerde kullan\u0131lan bu test cihaz\u0131, \u00fcr\u00fcn kalitesini tehlikeye atabilecek olas\u0131 s\u0131z\u0131nt\u0131lar\u0131 tespit etmek i\u00e7in esnek ambalajlar\u0131n s\u0131zd\u0131rmazl\u0131k g\u00fcc\u00fcn\u00fc ve s\u0131k\u0131l\u0131\u011f\u0131n\u0131 de\u011ferlendirir.<\/p>\n<p class=\"\" data-start=\"985\" data-end=\"1166\">Bu arac\u0131n nas\u0131l \u00e7al\u0131\u015ft\u0131\u011f\u0131n\u0131 ve a\u015fa\u011f\u0131daki gibi k\u00fcresel standartlarla ilgisini inceleyelim <strong data-start=\"1068\" data-end=\"1082\">ASTM D3078<\/strong>, ve Cell Instruments'\u0131n LT-01 modelinin test ihtiya\u00e7lar\u0131n\u0131z i\u00e7in neden ideal bir \u00e7\u00f6z\u00fcm oldu\u011funu a\u00e7\u0131klar.<\/p>","protected":false},"featured_media":5980,"comment_status":"closed","ping_status":"closed","template":"","meta":{"site-sidebar-layout":"default","site-content-layout":"default","ast-global-header-display":"","ast-main-header-display":"","ast-hfb-above-header-display":"","ast-hfb-below-header-display":"","ast-hfb-mobile-header-display":"","site-post-title":"disabled","ast-breadcrumbs-content":"","ast-featured-img":"disabled","footer-sml-layout":"","theme-transparent-header-meta":"default","adv-header-id-meta":"","stick-header-meta":"","header-above-stick-meta":"","header-main-stick-meta":"","header-below-stick-meta":""},"product_cat":[845,675,17,149,16,105,135,95],"product_tag":[],"class_list":{"0":"post-2268","1":"product","2":"type-product","3":"status-publish","4":"has-post-thumbnail","6":"product_cat-customization","7":"product_cat-leak-tester","8":"product_cat-package-container-testers","9":"product_cat-pharma-and-medical-testers","10":"product_cat-plastic-packaging-testers","11":"product_cat-astm-d3078","12":"product_cat-astm-d4991","13":"product_cat-products","14":"desktop-align-left","15":"tablet-align-left","16":"mobile-align-left","18":"first","19":"instock","20":"shipping-taxable","21":"product-type-simple"},"_links":{"self":[{"href":"https:\/\/www.qualitester.com\/tr\/wp-json\/wp\/v2\/product\/2268","targetHints":{"allow":["GET"]}}],"collection":[{"href":"https:\/\/www.qualitester.com\/tr\/wp-json\/wp\/v2\/product"}],"about":[{"href":"https:\/\/www.qualitester.com\/tr\/wp-json\/wp\/v2\/types\/product"}],"replies":[{"embeddable":true,"href":"https:\/\/www.qualitester.com\/tr\/wp-json\/wp\/v2\/comments?post=2268"}],"version-history":[{"count":0,"href":"https:\/\/www.qualitester.com\/tr\/wp-json\/wp\/v2\/product\/2268\/revisions"}],"wp:featuredmedia":[{"embeddable":true,"href":"https:\/\/www.qualitester.com\/tr\/wp-json\/wp\/v2\/media\/5980"}],"wp:attachment":[{"href":"https:\/\/www.qualitester.com\/tr\/wp-json\/wp\/v2\/media?parent=2268"}],"wp:term":[{"taxonomy":"product_cat","embeddable":true,"href":"https:\/\/www.qualitester.com\/tr\/wp-json\/wp\/v2\/product_cat?post=2268"},{"taxonomy":"product_tag","embeddable":true,"href":"https:\/\/www.qualitester.com\/tr\/wp-json\/wp\/v2\/product_tag?post=2268"}],"curies":[{"name":"wp","href":"https:\/\/api.w.org\/{rel}","templated":true}]}}