{"id":2222,"date":"2023-05-15T11:42:38","date_gmt":"2023-05-15T03:42:38","guid":{"rendered":"https:\/\/www.qualitester.com\/?post_type=product&#038;p=2222"},"modified":"2024-12-04T14:42:30","modified_gmt":"2024-12-04T06:42:30","slug":"gst-01-gel-strength-tester","status":"publish","type":"product","link":"https:\/\/www.qualitester.com\/tr\/urun\/gst-01-gel-strength-tester\/","title":{"rendered":"GST-01 Jel Mukavemet Test Cihaz\u0131"},"content":{"rendered":"<div data-elementor-type=\"wp-post\" data-elementor-id=\"2222\" class=\"elementor elementor-2222\" data-elementor-post-type=\"product\">\n\t\t\t\t<div class=\"elementor-element elementor-element-e2b9e15 e-flex e-con-boxed e-con e-parent\" data-id=\"e2b9e15\" data-element_type=\"container\">\n\t\t\t\t\t<div class=\"e-con-inner\">\n\t\t<div class=\"elementor-element elementor-element-d7985d0 e-con-full e-flex e-con e-parent\" data-id=\"d7985d0\" data-element_type=\"container\">\n\t\t\t\t<div class=\"elementor-element elementor-element-9581fe1 elementor-widget elementor-widget-image\" data-id=\"9581fe1\" data-element_type=\"widget\" data-widget_type=\"image.default\">\n\t\t\t\t<div class=\"elementor-widget-container\">\n\t\t\t\t\t\t\t\t\t\t\t\t\t<img fetchpriority=\"high\" decoding=\"async\" width=\"750\" height=\"750\" src=\"https:\/\/www.qualitester.com\/wp-content\/uploads\/2023\/04\/Gel-strength08_\u526f\u672c.png\" class=\"attachment-large size-large wp-image-1599\" alt=\"\" srcset=\"https:\/\/www.qualitester.com\/wp-content\/uploads\/2023\/04\/Gel-strength08_\u526f\u672c.png 750w, https:\/\/www.qualitester.com\/wp-content\/uploads\/2023\/04\/Gel-strength08_\u526f\u672c-300x300.png 300w, https:\/\/www.qualitester.com\/wp-content\/uploads\/2023\/04\/Gel-strength08_\u526f\u672c-150x150.png 150w, https:\/\/www.qualitester.com\/wp-content\/uploads\/2023\/04\/Gel-strength08_\u526f\u672c-600x600.png 600w, https:\/\/www.qualitester.com\/wp-content\/uploads\/2023\/04\/Gel-strength08_\u526f\u672c-100x100.png 100w\" sizes=\"(max-width: 750px) 100vw, 750px\" \/>\t\t\t\t\t\t\t\t\t\t\t\t\t<\/div>\n\t\t\t\t<\/div>\n\t\t\t\t<\/div>\n\t\t<div class=\"elementor-element elementor-element-559656c e-con-full e-flex e-con e-parent\" data-id=\"559656c\" data-element_type=\"container\">\n\t\t\t\t<div class=\"elementor-element elementor-element-ef8a65c elementor-widget elementor-widget-text-editor\" data-id=\"ef8a65c\" data-element_type=\"widget\" data-widget_type=\"text-editor.default\">\n\t\t\t\t<div class=\"elementor-widget-container\">\n\t\t\t\t\t\t\t<p><strong>Uygulama<\/strong><\/p><p><em>Jel mukavemeti, bir kolloidal dispersiyonun kaymaya kar\u015f\u0131 direncine ba\u011fl\u0131 olarak bir jel formu geli\u015ftirme ve muhafaza etme kabiliyetinin bir \u00f6l\u00e7\u00fcs\u00fc olarak tan\u0131mlanabilir.<\/em><\/p><p><em>Bloom, jelatinin jel g\u00fcc\u00fc\/sertli\u011fi i\u00e7in spesifik bir \u00f6l\u00e7\u00fcd\u00fcr. Bloom de\u011ferleri, 6.67% jelatin jelin y\u00fczeyini (10\u00b0C'de 16-18 saat jelle\u015ftikten sonra) 4 mm'lik bir mesafeye bast\u0131rmak i\u00e7in gereken kuvvetin (g cinsinden) \u00f6l\u00e7\u00fclmesiyle belirlenir. Bu nedenle, de\u011fer ne kadar y\u00fcksekse jelin sertli\u011fi o kadar g\u00fc\u00e7l\u00fcd\u00fcr. Gram cinsinden Bloom, jel y\u00fczeyine bast\u0131rmak i\u00e7in belirli bir probla \u00f6l\u00e7\u00fcl\u00fcr.<\/em><\/p><h6>Test \u00d6\u011feleri<\/h6><p><em>A\u011eIRLIK: Belirli bir y\u00fckte mesafeyi \u00f6l\u00e7mek i\u00e7in<\/em><br \/><em>PEAK: Jel g\u00fcc\u00fcn\u00fc \u00f6l\u00e7mek i\u00e7in<\/em><br \/><em>MESAFE: Belirli bir mesafedeki y\u00fck\u00fc \u00f6l\u00e7mek i\u00e7in<\/em><\/p>\t\t\t\t\t\t<\/div>\n\t\t\t\t<\/div>\n\t\t\t\t<\/div>\n\t\t\t\t\t<\/div>\n\t\t\t\t<\/div>\n\t\t<div class=\"elementor-element elementor-element-21d38fb e-flex e-con-boxed e-con e-parent\" data-id=\"21d38fb\" data-element_type=\"container\">\n\t\t\t\t\t<div class=\"e-con-inner\">\n\t\t<div class=\"elementor-element elementor-element-36722a2 e-con-full e-flex e-con e-parent\" data-id=\"36722a2\" data-element_type=\"container\">\n\t\t\t\t<div class=\"elementor-element elementor-element-2c66356 elementor-widget elementor-widget-image\" data-id=\"2c66356\" data-element_type=\"widget\" data-widget_type=\"image.default\">\n\t\t\t\t<div class=\"elementor-widget-container\">\n\t\t\t\t\t\t\t\t\t\t\t\t\t<img decoding=\"async\" width=\"750\" height=\"750\" src=\"https:\/\/www.qualitester.com\/wp-content\/uploads\/2023\/04\/Gel-strength07_\u526f\u672c.png\" class=\"attachment-large size-large wp-image-1598\" alt=\"\" srcset=\"https:\/\/www.qualitester.com\/wp-content\/uploads\/2023\/04\/Gel-strength07_\u526f\u672c.png 750w, https:\/\/www.qualitester.com\/wp-content\/uploads\/2023\/04\/Gel-strength07_\u526f\u672c-300x300.png 300w, https:\/\/www.qualitester.com\/wp-content\/uploads\/2023\/04\/Gel-strength07_\u526f\u672c-150x150.png 150w, https:\/\/www.qualitester.com\/wp-content\/uploads\/2023\/04\/Gel-strength07_\u526f\u672c-600x600.png 600w, https:\/\/www.qualitester.com\/wp-content\/uploads\/2023\/04\/Gel-strength07_\u526f\u672c-100x100.png 100w\" sizes=\"(max-width: 750px) 100vw, 750px\" \/>\t\t\t\t\t\t\t\t\t\t\t\t\t<\/div>\n\t\t\t\t<\/div>\n\t\t\t\t<\/div>\n\t\t<div class=\"elementor-element elementor-element-6eb280f e-con-full e-flex e-con e-parent\" data-id=\"6eb280f\" data-element_type=\"container\">\n\t\t\t\t<div class=\"elementor-element elementor-element-2c2e734 elementor-widget elementor-widget-text-editor\" data-id=\"2c2e734\" data-element_type=\"widget\" data-widget_type=\"text-editor.default\">\n\t\t\t\t<div class=\"elementor-widget-container\">\n\t\t\t\t\t\t\t<h6><strong>Teknik \u00d6zellikler<\/strong><\/h6><p><em>PLC kontroll\u00fc bir \u00fcnitedir (end\u00fcstriyel d\u00fczeyde kararl\u0131) ve HMI dokunmatik ekranla \u00e7al\u0131\u015ft\u0131r\u0131l\u0131r. Hassas bilyal\u0131 k\u0131lavuz vida mekanizmas\u0131, iyi ve sabit h\u0131z ve yer de\u011fi\u015ftirme kontrol\u00fc sa\u011flar. \u00d6zel olarak tasarlanm\u0131\u015f program\u0131, jel mukavemet testi ile ilgili farkl\u0131 parametreler i\u00e7in kullan\u0131labilir.<\/em><\/p><ul><li><em>7 in\u00e7 HMI dokunmatik ekran<\/em><\/li><li><em>PLC kontrol \u00fcnitesi i\u00e7inde<\/em><\/li><li><em>Hassas bilyal\u0131 k\u0131lavuz vida<\/em><\/li><li><em>Ayarlanabilir test h\u0131z\u0131<\/em><\/li><li><em>Di\u011fer doku analizleri i\u00e7in \u00e7oklu fikst\u00fcrler mevcuttur<\/em><\/li><li><em>G\u00fcvenlik bizim endi\u015femizdir Seyahat limiti korumas\u0131; otomatik geri d\u00f6n\u00fc\u015f; y\u00fck h\u00fccresi koruma kapa\u011f\u0131<\/em><\/li><li><em>A\u011eIRLIK, Z\u0130RVE, MESAFE gibi \u00e7oklu test \u00f6\u011feleri mevcuttur.\u00a0<\/em><\/li><li><em>Nokta matris tipi mikro yaz\u0131c\u0131 donan\u0131ml\u0131<\/em><\/li><\/ul>\t\t\t\t\t\t<\/div>\n\t\t\t\t<\/div>\n\t\t\t\t<\/div>\n\t\t\t\t\t<\/div>\n\t\t\t\t<\/div>\n\t\t<div class=\"elementor-element elementor-element-c30d7f2 e-flex e-con-boxed e-con e-parent\" data-id=\"c30d7f2\" data-element_type=\"container\">\n\t\t\t\t\t<div class=\"e-con-inner\">\n\t\t<div class=\"elementor-element elementor-element-3ca2567 e-con-full e-flex e-con e-parent\" data-id=\"3ca2567\" data-element_type=\"container\">\n\t\t\t\t<div class=\"elementor-element elementor-element-a572bbd elementor-widget elementor-widget-image\" data-id=\"a572bbd\" data-element_type=\"widget\" data-widget_type=\"image.default\">\n\t\t\t\t<div class=\"elementor-widget-container\">\n\t\t\t\t\t\t\t\t\t\t\t\t\t<img decoding=\"async\" width=\"750\" height=\"750\" src=\"https:\/\/www.qualitester.com\/wp-content\/uploads\/2023\/04\/Gel-strength03_\u526f\u672c.png\" class=\"attachment-large size-large wp-image-1597\" alt=\"\" srcset=\"https:\/\/www.qualitester.com\/wp-content\/uploads\/2023\/04\/Gel-strength03_\u526f\u672c.png 750w, https:\/\/www.qualitester.com\/wp-content\/uploads\/2023\/04\/Gel-strength03_\u526f\u672c-300x300.png 300w, https:\/\/www.qualitester.com\/wp-content\/uploads\/2023\/04\/Gel-strength03_\u526f\u672c-150x150.png 150w, https:\/\/www.qualitester.com\/wp-content\/uploads\/2023\/04\/Gel-strength03_\u526f\u672c-600x600.png 600w, https:\/\/www.qualitester.com\/wp-content\/uploads\/2023\/04\/Gel-strength03_\u526f\u672c-100x100.png 100w\" sizes=\"(max-width: 750px) 100vw, 750px\" \/>\t\t\t\t\t\t\t\t\t\t\t\t\t<\/div>\n\t\t\t\t<\/div>\n\t\t\t\t<\/div>\n\t\t<div class=\"elementor-element elementor-element-100375d e-con-full e-flex e-con e-parent\" data-id=\"100375d\" data-element_type=\"container\">\n\t\t\t\t<div class=\"elementor-element elementor-element-4d2e9cd elementor-widget elementor-widget-text-editor\" data-id=\"4d2e9cd\" data-element_type=\"widget\" data-widget_type=\"text-editor.default\">\n\t\t\t\t<div class=\"elementor-widget-container\">\n\t\t\t\t\t\t\t<h6><strong>Ana Parametreler<\/strong><\/h6><p><em>Test Aral\u0131\u011f\u0131 0-50N (veya gerekti\u011fi gibi)<\/em><\/p><p><em>\u0130nme 1 1<\/em><em style=\"font-weight: inherit; text-align: var(--text-align); background-color: var(--ast-global-color-4); color: var(--ast-global-color-3);\">0mm (prob olmadan)<\/em><\/p><p><em>Test H\u0131z\u0131 1 ~ 100 mm \/ dak<\/em><\/p><p><em>Deplasman Do\u011frulu\u011fu 0.01mm<\/em><\/p><p><em>Do\u011fruluk 0,5% F.S.<\/em><\/p><p><em>PLC ve insan makine aray\u00fcz\u00fcn\u00fc kontrol edin<\/em><\/p><p><em>\u00c7\u0131k\u0131\u015f Ekran\u0131, Mikro Yaz\u0131c\u0131, RS232 (iste\u011fe ba\u011fl\u0131)<\/em><\/p><p><em>G\u00fc\u00e7 110~220V<\/em><\/p>\t\t\t\t\t\t<\/div>\n\t\t\t\t<\/div>\n\t\t\t\t<\/div>\n\t\t\t\t\t<\/div>\n\t\t\t\t<\/div>\n\t\t<div class=\"elementor-element elementor-element-4034acd e-flex e-con-boxed e-con e-parent\" data-id=\"4034acd\" data-element_type=\"container\">\n\t\t\t\t\t<div class=\"e-con-inner\">\n\t\t\t\t<div class=\"elementor-element elementor-element-c6ca644 elementor-widget elementor-widget-wpforms\" data-id=\"c6ca644\" data-element_type=\"widget\" data-widget_type=\"wpforms.default\">\n\t\t\t\t<div class=\"elementor-widget-container\">\n\t\t\t<div class=\"wpforms-container\" id=\"wpforms-11\"><form id=\"wpforms-form-11\" class=\"wpforms-validate wpforms-form wpforms-ajax-form\" data-formid=\"11\" method=\"post\" enctype=\"multipart\/form-data\" action=\"\/tr\/wp-json\/wp\/v2\/product\/2222\" data-token=\"da7c5f9101a46e24ec264117945f4be4\" data-trp-original-action=\"\/tr\/wp-json\/wp\/v2\/product\/2222\"><noscript class=\"wpforms-error-noscript\">Bu formu bitirebilmek i\u00e7in taray\u0131c\u0131n\u0131zda JavaScript&#039;i etkinle\u015ftirin.<\/noscript><div class=\"wpforms-field-container\"><div id=\"wpforms-11-field_1-container\" class=\"wpforms-field wpforms-field-text\" data-field-id=\"1\"><label class=\"wpforms-field-label\" for=\"wpforms-11-field_1\">\u0130sim <span class=\"wpforms-required-label\">*<\/span><\/label><input type=\"text\" id=\"wpforms-11-field_1\" class=\"wpforms-field-medium wpforms-field-required\" name=\"wpforms[fields][1]\" placeholder=\"\u0130sim\" required><\/div><div id=\"wpforms-11-field_5-container\" class=\"wpforms-field wpforms-field-text\" data-field-id=\"5\"><label class=\"wpforms-field-label\" for=\"wpforms-11-field_5\">\u015eirket<\/label><input type=\"text\" id=\"wpforms-11-field_5\" class=\"wpforms-field-medium\" name=\"wpforms[fields][5]\" ><\/div><div id=\"wpforms-11-field_4-container\" class=\"wpforms-field wpforms-field-number\" data-field-id=\"4\"><label class=\"wpforms-field-label\" for=\"wpforms-11-field_4\">Telefon<\/label><input type=\"number\" pattern=\"\\d*\" id=\"wpforms-11-field_4\" class=\"wpforms-field-medium\" name=\"wpforms[fields][4]\" placeholder=\"Telefon\" ><\/div><div id=\"wpforms-11-field_3-container\" class=\"wpforms-field wpforms-field-email\" data-field-id=\"3\"><label class=\"wpforms-field-label\" for=\"wpforms-11-field_3\">E-posta <span class=\"wpforms-required-label\">*<\/span><\/label><input type=\"email\" id=\"wpforms-11-field_3\" class=\"wpforms-field-medium wpforms-field-required\" name=\"wpforms[fields][3]\" placeholder=\"E-posta\" spellcheck=\"false\" required><\/div><div id=\"wpforms-11-field_2-container\" class=\"wpforms-field wpforms-field-textarea\" data-field-id=\"2\"><label class=\"wpforms-field-label\" for=\"wpforms-11-field_2\">Mesaj<\/label><textarea id=\"wpforms-11-field_2\" class=\"wpforms-field-large\" name=\"wpforms[fields][2]\" ><\/textarea><\/div><\/div><!-- .wpforms-field-container --><input type=\"hidden\" name=\"wpforms[recaptcha]\" value=\"\"><div class=\"wpforms-submit-container\" ><input type=\"hidden\" name=\"wpforms[id]\" value=\"11\"><input type=\"hidden\" name=\"wpforms[author]\" value=\"3\"><button type=\"submit\" name=\"wpforms[submit]\" id=\"wpforms-submit-11\" class=\"wpforms-submit\" data-alt-text=\"Submitting\" data-submit-text=\"Submit\" aria-live=\"assertive\" value=\"wpforms-submit\">G\u00f6nder<\/button><img loading=\"lazy\" decoding=\"async\" src=\"https:\/\/www.qualitester.com\/wp-content\/plugins\/wpforms-lite\/assets\/images\/submit-spin.svg\" class=\"wpforms-submit-spinner\" style=\"display: none;\" width=\"26\" height=\"26\" alt=\"Y\u00fckleniyor\"><\/div><input type=\"hidden\" name=\"trp-form-language\" value=\"tr\"\/><\/form><\/div>  <!-- .wpforms-container -->\t\t<\/div>\n\t\t\t\t<\/div>\n\t\t\t\t\t<\/div>\n\t\t\t\t<\/div>\n\t\t\t\t<\/div>","protected":false},"excerpt":{"rendered":"<p>Jel mukavemeti, bir kolloidal dispersiyonun kaymaya kar\u015f\u0131 direncine ba\u011fl\u0131 olarak bir jel formu geli\u015ftirme ve muhafaza etme kabiliyetinin bir \u00f6l\u00e7\u00fcs\u00fc olarak tan\u0131mlanabilir.<\/p>","protected":false},"featured_media":3040,"comment_status":"closed","ping_status":"closed","template":"","meta":{"site-sidebar-layout":"default","site-content-layout":"default","ast-global-header-display":"","ast-main-header-display":"","ast-hfb-above-header-display":"","ast-hfb-below-header-display":"","ast-hfb-mobile-header-display":"","site-post-title":"disabled","ast-breadcrumbs-content":"","ast-featured-img":"disabled","footer-sml-layout":"","theme-transparent-header-meta":"default","adv-header-id-meta":"","stick-header-meta":"","header-above-stick-meta":"","header-main-stick-meta":"","header-below-stick-meta":""},"product_cat":[845,929,928,674,672,95],"product_tag":[147,148],"class_list":{"0":"post-2222","1":"product","2":"type-product","3":"status-publish","4":"has-post-thumbnail","6":"product_cat-customization","7":"product_cat-gel-strength-tester","8":"product_cat-tpa-texture-analyzer","9":"product_cat-test-items","10":"product_cat-applied-materials","11":"product_cat-products","12":"product_tag-gel","13":"product_tag-gel-strength","14":"desktop-align-left","15":"tablet-align-left","16":"mobile-align-left","18":"first","19":"instock","20":"shipping-taxable","21":"product-type-simple"},"_links":{"self":[{"href":"https:\/\/www.qualitester.com\/tr\/wp-json\/wp\/v2\/product\/2222","targetHints":{"allow":["GET"]}}],"collection":[{"href":"https:\/\/www.qualitester.com\/tr\/wp-json\/wp\/v2\/product"}],"about":[{"href":"https:\/\/www.qualitester.com\/tr\/wp-json\/wp\/v2\/types\/product"}],"replies":[{"embeddable":true,"href":"https:\/\/www.qualitester.com\/tr\/wp-json\/wp\/v2\/comments?post=2222"}],"version-history":[{"count":0,"href":"https:\/\/www.qualitester.com\/tr\/wp-json\/wp\/v2\/product\/2222\/revisions"}],"wp:featuredmedia":[{"embeddable":true,"href":"https:\/\/www.qualitester.com\/tr\/wp-json\/wp\/v2\/media\/3040"}],"wp:attachment":[{"href":"https:\/\/www.qualitester.com\/tr\/wp-json\/wp\/v2\/media?parent=2222"}],"wp:term":[{"taxonomy":"product_cat","embeddable":true,"href":"https:\/\/www.qualitester.com\/tr\/wp-json\/wp\/v2\/product_cat?post=2222"},{"taxonomy":"product_tag","embeddable":true,"href":"https:\/\/www.qualitester.com\/tr\/wp-json\/wp\/v2\/product_tag?post=2222"}],"curies":[{"name":"wp","href":"https:\/\/api.w.org\/{rel}","templated":true}]}}