{"id":1827,"date":"2023-04-27T09:11:59","date_gmt":"2023-04-27T01:11:59","guid":{"rendered":"https:\/\/www.qualitester.com\/?post_type=product&#038;p=1827"},"modified":"2024-12-04T11:43:39","modified_gmt":"2024-12-04T03:43:39","slug":"torque-tester-tt-01","status":"publish","type":"product","link":"https:\/\/www.qualitester.com\/tr\/urun\/torque-tester-tt-01\/","title":{"rendered":"TT-01Tork Test Cihaz\u0131"},"content":{"rendered":"<h2>Kapak Torku Testine Giri\u015f<\/h2>\n<p>Kapak tork testi, \u015fi\u015feler, kaplar ve di\u011fer ambalajlar \u00fczerindeki kapaklar\u0131n g\u00fcvenli ve etkili kullan\u0131m i\u00e7in uygun \u015fekilde tasarlanmas\u0131n\u0131 sa\u011flamak i\u00e7in \u00e7ok \u00f6nemlidir. \u0130ster ila\u00e7, ister g\u0131da, i\u00e7ecek veya t\u00fcketim mallar\u0131 ambalaj\u0131 olsun, kapaklar\u0131 a\u00e7mak ve kapatmak i\u00e7in gereken tork hem t\u00fcketici rahatl\u0131\u011f\u0131n\u0131 hem de \u00fcr\u00fcn g\u00fcvenli\u011fini do\u011frudan etkiler. Bu <strong>Kapak Tork Test Cihaz\u0131<\/strong> \u00fcreticilere d\u00fczenleyici standartlar\u0131 kar\u015f\u0131lamak ve ambalajlar\u0131n\u0131n i\u015flevselli\u011fini geli\u015ftirmek i\u00e7in gerekli hassas \u00f6l\u00e7\u00fcmleri sa\u011flar.<\/p>\n<h2>Ba\u015fl\u0131ca Standartlar: ASTM D2063, ASTM D3198, ASTM D3474<\/h2>\n<h3><a href=\"https:\/\/www.astm.org\/d2063_d2063m-10r18.html\" target=\"_blank\" rel=\"noopener nofollow\">ASTM D2063<\/a>: \u00c7ocuklara Dayan\u0131kl\u0131 Ambalajlar\u0131 A\u00e7mak ve Kapatmak i\u00e7in Gerekli Torka \u0130li\u015fkin Standart Test Y\u00f6ntemi<\/h3>\n<p><a href=\"https:\/\/www.qualitester.com\/tr\/urun-kategori\/astm\/astm-d2063\/\" target=\"_blank\" rel=\"noopener\"><strong>ASTM D2063<\/strong><\/a> \u0130la\u00e7lar\u0131n ve kimyasallar\u0131n ambalajlanmas\u0131nda g\u00fcvenli\u011fi sa\u011flamak amac\u0131yla \u00e7ocuklara dayan\u0131kl\u0131 ambalajlar\u0131 a\u00e7mak ve kapatmak i\u00e7in gereken torku belirlemeye y\u00f6nelik test y\u00f6ntemini ana hatlar\u0131yla belirtir. Bu standart \u00f6zellikle \u00e7ocuklar\u0131n istenmeyen eri\u015fimini engellemesi gereken ambalajlar i\u00e7in ge\u00e7erlidir. Bu standart <strong>Kapak Tork Test Cihaz\u0131<\/strong> Gerekli a\u00e7ma ve kapama torklar\u0131n\u0131 \u00f6l\u00e7erek \u00fcreticilerin \u00e7ocuklara dayan\u0131kl\u0131 ambalaj y\u00f6netmeliklerini kar\u015f\u0131lamas\u0131n\u0131 sa\u011flar.<\/p>\n<h3><a href=\"https:\/\/www.astm.org\/d3198-97r02.html\" target=\"_blank\" rel=\"noopener nofollow\">ASTM D3198<\/a>: Cam Kaplar\u0131n Kapaklar\u0131n\u0131 A\u00e7mak ve Kapatmak i\u00e7in Gerekli Torka \u0130li\u015fkin Standart Test Y\u00f6ntemi<\/h3>\n<p><a href=\"https:\/\/www.qualitester.com\/tr\/urun-kategori\/astm\/astm-d3198\/\" target=\"_blank\" rel=\"noopener\"><strong>ASTM D3198<\/strong><\/a> cam kaplar\u0131n kapaklar\u0131n\u0131 a\u00e7mak ve kapatmak i\u00e7in gereken tork \u00f6l\u00e7\u00fcm\u00fcn\u00fc tan\u0131mlar. Cam, \u00f6zellikle g\u0131da ve i\u00e7ecek sekt\u00f6rlerinde yayg\u0131n bir ambalaj malzemesi olmaya devam etti\u011finden, do\u011fru kapatma torkunun sa\u011flanmas\u0131 ta\u015f\u0131ma, nakliye ve t\u00fcketim s\u0131ras\u0131nda \u00fcr\u00fcn b\u00fct\u00fcnl\u00fc\u011f\u00fc i\u00e7in hayati \u00f6nem ta\u015f\u0131maktad\u0131r. Bu <strong>Kapak Tork Test Cihaz\u0131<\/strong> ASTM D3198 ile uyumlu hassas tork okumalar\u0131 sa\u011flayarak cam kaplar\u0131n gerekli performans standartlar\u0131n\u0131 kar\u015f\u0131lamas\u0131n\u0131 sa\u011flar.<\/p>\n<h3><a href=\"https:\/\/www.astm.org\/d3474-90r18.html\" target=\"_blank\" rel=\"noopener nofollow\">ASTM D3474<\/a>: Kapaklar\u0131 A\u00e7ma Torku ve Kuvveti i\u00e7in Standart Test Y\u00f6ntemi<\/h3>\n<p><a href=\"https:\/\/www.qualitester.com\/tr\/urun-kategori\/astm\/astm-d3474\/\" target=\"_blank\" rel=\"noopener\"><strong>ASTM D3474<\/strong><\/a> \u00f6zellikle s\u0131v\u0131 kaplar i\u00e7in kapaklar\u0131 a\u00e7mak i\u00e7in gerekli tork ve kuvveti \u00f6l\u00e7me prosed\u00fcr\u00fcn\u00fc belirtir. Bu standart, ambalaj\u0131n sadece kolay a\u00e7\u0131lmas\u0131n\u0131 de\u011fil, ayn\u0131 zamanda i\u00e7indeki \u00fcr\u00fcn\u00fc koruyacak kadar g\u00fcvenli olmas\u0131n\u0131 sa\u011flamak a\u00e7\u0131s\u0131ndan da \u00f6nemlidir. Bu standart <strong>Kapak Tork Test Cihaz\u0131<\/strong> ASTM D3474 ile uyumlu olarak hem tork hem de kuvvet \u00f6l\u00e7\u00fcmlerini ger\u00e7ekle\u015ftirecek \u015fekilde donat\u0131lm\u0131\u015ft\u0131r ve ambalajlamada kalite kontrol i\u00e7in kritik veriler sa\u011flar.<\/p>\n<h2>Kapak Tork Test Cihaz\u0131n\u0131n Temel \u00d6zellikleri<\/h2>\n<ul>\n<li><strong>Hassas \u00d6l\u00e7\u00fcm<\/strong>: Test cihaz\u0131, \u015fi\u015fe kapaklar\u0131n\u0131n ve kapaklar\u0131n\u0131n performans\u0131n\u0131 belirlemek i\u00e7in gerekli olan hem a\u00e7ma hem de kilitleme kuvvetlerinin do\u011fru bir \u015fekilde \u00f6l\u00e7\u00fclmesini sa\u011flar.<\/li>\n<li><strong>\u0130stikrarl\u0131 ve G\u00fcvenilir<\/strong>: End\u00fcstriyel d\u00fczeyde kararl\u0131l\u0131\u011f\u0131yla bilinen Kapak Tork Test Cihaz\u0131, farkl\u0131 kapak boyutlar\u0131nda bile tekrarlanabilir ve g\u00fcvenilir test sonu\u00e7lar\u0131 sa\u011flar.<\/li>\n<li><strong>\u00c7oklu \u00d6l\u00e7\u00fcm Birimleri<\/strong>: Tork sonu\u00e7lar\u0131n\u0131, uluslararas\u0131 test standartlar\u0131na ve tercihlerine uyacak \u015fekilde Kgf.cm, N.cm, daN.cm, Inch.lbs ve N.m dahil olmak \u00fczere \u00e7e\u015fitli birimlerde g\u00f6r\u00fcnt\u00fcleyin.<\/li>\n<li><strong>Kullan\u0131c\u0131 Dostu Aray\u00fcz<\/strong>: Sezgisel HMI dokunmatik ekran aray\u00fcz\u00fc, kolay veri kayd\u0131 ve dok\u00fcmantasyon i\u00e7in iste\u011fe ba\u011fl\u0131 bir mikro yaz\u0131c\u0131 ile kullan\u0131m\u0131 basit ve verimli hale getirir.<\/li>\n<li><strong>A\u015f\u0131r\u0131 Y\u00fck Korumas\u0131<\/strong>: Test cihaz\u0131, test s\u0131ras\u0131nda hem ekipman\u0131 hem de operat\u00f6r\u00fc a\u015f\u0131r\u0131 g\u00fc\u00e7ten koruyan a\u015f\u0131r\u0131 y\u00fck korumas\u0131 ile donat\u0131lm\u0131\u015ft\u0131r.<\/li>\n<li><strong>Geni\u015fletilmi\u015f Kelep\u00e7e Aral\u0131\u011f\u0131<\/strong>: \u03a65mm'den \u03a6170mm'ye kadar kelep\u00e7e aral\u0131klar\u0131yla \u00e7ok \u00e7e\u015fitli ambalaj boyutlar\u0131na uyum sa\u011flayarak \u00e7e\u015fitli \u015fi\u015fe t\u00fcrleri i\u00e7in \u00e7ok y\u00f6nl\u00fc hale getirir.<\/li>\n<li><strong>RS232 ve Yaz\u0131l\u0131m Entegrasyonu<\/strong>: Veri aktar\u0131m\u0131 i\u00e7in bir RS232 portu ve geli\u015fmi\u015f analiz ve raporlama i\u00e7in iste\u011fe ba\u011fl\u0131 profesyonel yaz\u0131l\u0131m entegrasyonu ile donat\u0131lm\u0131\u015ft\u0131r.<\/li>\n<\/ul>\n<h2>Test S\u00fcreci: Kapak Tork Test Cihaz\u0131 Nas\u0131l \u00c7al\u0131\u015f\u0131r?<\/h2>\n<ol>\n<li><strong>\u00d6rnek Kurulum<\/strong>: \u015ei\u015fe kapa\u011f\u0131n\u0131 test cihaz\u0131n\u0131n sabit kelep\u00e7esine yerle\u015ftirin.<\/li>\n<li><strong>Manuel \u00c7al\u0131\u015ft\u0131rma<\/strong>: Kullan\u0131c\u0131, tork de\u011ferlerini \u00f6l\u00e7mek i\u00e7in kuvvet uygulayarak kapa\u011f\u0131 manuel olarak a\u00e7ar veya kilitler.<\/li>\n<li><strong>Tork \u00d6l\u00e7\u00fcm\u00fc<\/strong>: Kelep\u00e7eye ba\u011fl\u0131 sens\u00f6r, uygulanan torku yakalayarak kapa\u011f\u0131n hem a\u00e7\u0131lmas\u0131 hem de kapanmas\u0131 i\u00e7in gereken kuvveti \u00f6l\u00e7er.<\/li>\n<li><strong>Veri Kayd\u0131<\/strong>: Test cihaz\u0131 tepe de\u011ferlerini otomatik olarak kaydeder ve kolay yorumlama ve analiz i\u00e7in dokunmatik ekranda g\u00f6r\u00fcnt\u00fcler.<\/li>\n<\/ol>\n<h2>Neden Kapak Tork Test Cihaz\u0131n\u0131 Se\u00e7melisiniz?<\/h2>\n<ol>\n<li><strong>Do\u011fruluk ve Hassasiyet<\/strong>: Kapak tasar\u0131mlar\u0131n\u0131n kalite kontrol\u00fc ve performans do\u011frulamas\u0131 i\u00e7in gerekli olan son derece hassas okumalar sa\u011flar.<\/li>\n<li><strong>Temel End\u00fcstri Standartlar\u0131na Uygunluk<\/strong>: ASTM D2063, ASTM D3198 ve ASTM D3474 gibi temel test standartlar\u0131n\u0131 kar\u015f\u0131layarak ila\u00e7 ve g\u0131da ambalaj\u0131 gibi sekt\u00f6rlerde mevzuata uygunluk sa\u011flar.<\/li>\n<li><strong>\u00c7oklu Ambalaj T\u00fcrleri i\u00e7in \u00c7ok Y\u00f6nl\u00fc<\/strong>: PET \u015fi\u015feler, ila\u00e7 \u015fi\u015feleri, emzikli torbalar ve esnek t\u00fcp paketleri dahil olmak \u00fczere \u00e7e\u015fitli kapaklar\u0131 test etmek i\u00e7in idealdir.<\/li>\n<li><strong>Verimli ve Dayan\u0131kl\u0131<\/strong>: Test verimlili\u011fini art\u0131rmak i\u00e7in yerle\u015fik a\u015f\u0131r\u0131 y\u00fck korumas\u0131, veri saklama ve sezgisel bir kullan\u0131c\u0131 aray\u00fcz\u00fc ile y\u00fcksek performansl\u0131 testler i\u00e7in tasarlanm\u0131\u015ft\u0131r.<\/li>\n<\/ol>\n<p>Bu <strong>Kapak Tork Test Cihaz\u0131<\/strong> ila\u00e7, g\u0131da ve i\u00e7ecek ve t\u00fcketim mallar\u0131 dahil olmak \u00fczere \u00e7e\u015fitli sekt\u00f6rlerdeki \u00fcreticiler i\u00e7in kritik bir ara\u00e7t\u0131r. Hassas tork \u00f6l\u00e7\u00fcmleri sa\u011flayarak ve a\u015fa\u011f\u0131daki gibi temel standartlarla uyumluluk sa\u011flayarak <strong>ASTM D2063<\/strong>, <strong>ASTM D3198<\/strong>, ve <strong>ASTM D3474<\/strong>, Bu test cihaz\u0131, ambalaj\u0131n g\u00fcvenli\u011fini, i\u015flevselli\u011fini ve kullan\u0131m kolayl\u0131\u011f\u0131n\u0131 sa\u011flar. \u00c7ok y\u00f6nl\u00fc tasar\u0131m\u0131, g\u00fcvenilirli\u011fi ve y\u00fcksek do\u011fruluk derecesi ile Kapak Tork Test Cihaz\u0131, \u00fcreticilerin \u00fcretim s\u00fcre\u00e7lerini optimize etmelerine, kalite kontrol\u00fcn\u00fc iyile\u015ftirmelerine ve en y\u00fcksek end\u00fcstri standartlar\u0131n\u0131 kar\u015f\u0131lamalar\u0131na yard\u0131mc\u0131 olur.<\/p>","protected":false},"excerpt":{"rendered":"<p>Kapak tork testi, \u015fi\u015feler, kaplar ve di\u011fer ambalajlar \u00fczerindeki kapaklar\u0131n g\u00fcvenli ve etkili kullan\u0131m i\u00e7in uygun \u015fekilde tasarlanmas\u0131n\u0131 sa\u011flamak i\u00e7in \u00e7ok \u00f6nemlidir. \u0130ster ila\u00e7, ister g\u0131da, i\u00e7ecek veya t\u00fcketim mallar\u0131 ambalaj\u0131 olsun, kapaklar\u0131 a\u00e7mak ve kapatmak i\u00e7in gereken tork hem t\u00fcketici rahatl\u0131\u011f\u0131n\u0131 hem de \u00fcr\u00fcn g\u00fcvenli\u011fini do\u011frudan etkiler. Bu <strong>Kapak Tork Test Cihaz\u0131<\/strong> \u00fcreticilere d\u00fczenleyici standartlar\u0131 kar\u015f\u0131lamak ve ambalajlar\u0131n\u0131n i\u015flevselli\u011fini geli\u015ftirmek i\u00e7in gerekli hassas \u00f6l\u00e7\u00fcmleri sa\u011flar.<\/p>","protected":false},"featured_media":6027,"comment_status":"closed","ping_status":"closed","template":"","meta":{"site-sidebar-layout":"default","site-content-layout":"default","ast-global-header-display":"","ast-main-header-display":"","ast-hfb-above-header-display":"","ast-hfb-below-header-display":"","ast-hfb-mobile-header-display":"","site-post-title":"disabled","ast-breadcrumbs-content":"","ast-featured-img":"disabled","footer-sml-layout":"","theme-transparent-header-meta":"default","adv-header-id-meta":"","stick-header-meta":"","header-above-stick-meta":"","header-main-stick-meta":"","header-below-stick-meta":""},"product_cat":[845,687,17,124,125,128,95],"product_tag":[],"class_list":{"0":"post-1827","1":"product","2":"type-product","3":"status-publish","4":"has-post-thumbnail","6":"product_cat-customization","7":"product_cat-torque-tester","8":"product_cat-package-container-testers","9":"product_cat-astm-d2063","10":"product_cat-astm-d3198","11":"product_cat-astm-d3474","12":"product_cat-products","13":"desktop-align-left","14":"tablet-align-left","15":"mobile-align-left","17":"first","18":"instock","19":"shipping-taxable","20":"product-type-simple"},"_links":{"self":[{"href":"https:\/\/www.qualitester.com\/tr\/wp-json\/wp\/v2\/product\/1827","targetHints":{"allow":["GET"]}}],"collection":[{"href":"https:\/\/www.qualitester.com\/tr\/wp-json\/wp\/v2\/product"}],"about":[{"href":"https:\/\/www.qualitester.com\/tr\/wp-json\/wp\/v2\/types\/product"}],"replies":[{"embeddable":true,"href":"https:\/\/www.qualitester.com\/tr\/wp-json\/wp\/v2\/comments?post=1827"}],"version-history":[{"count":0,"href":"https:\/\/www.qualitester.com\/tr\/wp-json\/wp\/v2\/product\/1827\/revisions"}],"wp:featuredmedia":[{"embeddable":true,"href":"https:\/\/www.qualitester.com\/tr\/wp-json\/wp\/v2\/media\/6027"}],"wp:attachment":[{"href":"https:\/\/www.qualitester.com\/tr\/wp-json\/wp\/v2\/media?parent=1827"}],"wp:term":[{"taxonomy":"product_cat","embeddable":true,"href":"https:\/\/www.qualitester.com\/tr\/wp-json\/wp\/v2\/product_cat?post=1827"},{"taxonomy":"product_tag","embeddable":true,"href":"https:\/\/www.qualitester.com\/tr\/wp-json\/wp\/v2\/product_tag?post=1827"}],"curies":[{"name":"wp","href":"https:\/\/api.w.org\/{rel}","templated":true}]}}