{"id":1799,"date":"2023-04-27T07:55:53","date_gmt":"2023-04-26T23:55:53","guid":{"rendered":"https:\/\/www.qualitester.com\/?post_type=product&#038;p=1799"},"modified":"2024-12-04T14:39:32","modified_gmt":"2024-12-04T06:39:32","slug":"stretch-film-peel-cling-tester-spc-01","status":"publish","type":"product","link":"https:\/\/www.qualitester.com\/tr\/urun\/stretch-film-peel-cling-tester-spc-01\/","title":{"rendered":"SPC-01 Stre\u00e7 Film Soyma Sarma Test Cihaz\u0131"},"content":{"rendered":"<h2>Peel Cling Test Cihaz\u0131n\u0131n Tan\u0131t\u0131m\u0131<\/h2>\n<p>ASTM D5458 Peel Cling Tester, iki film katman\u0131 aras\u0131ndaki yap\u0131\u015fmay\u0131 \u00f6l\u00e7er ve stre\u00e7 film malzemesinin yap\u0131\u015fabilme \u00f6zelli\u011fini belirlemeye yard\u0131mc\u0131 olur. Ambalaj malzemeleri alan\u0131nda, \u00fcr\u00fcn g\u00fcvenli\u011fi ve istikrar\u0131n\u0131n sa\u011flanmas\u0131 \u00e7e\u015fitli sekt\u00f6rlerde \u00e7ok \u00f6nemlidir. Bu malzemeler aras\u0131nda, stre\u00e7 film olarak da bilinen stre\u00e7 film, ta\u015f\u0131ma ve depolama s\u0131ras\u0131nda mallar\u0131n g\u00fcvenli bir \u015fekilde paketlenmesinde ve korunmas\u0131nda \u00e7ok \u00f6nemli bir rol oynar. Stre\u00e7 filmin soyulma kalitesini de\u011ferlendirmek, yap\u0131\u015fma g\u00fcc\u00fcn\u00fc ve genel performans\u0131n\u0131 de\u011ferlendirmek i\u00e7in \u00e7ok \u00f6nemlidir.<\/p>\n<p><img fetchpriority=\"high\" decoding=\"async\" class=\"wp-image-4157 size-woocommerce_single aligncenter\" src=\"https:\/\/www.qualitester.com\/wp-content\/uploads\/2023\/04\/stretch-film-peel-cling-testser-600x600.jpg\" alt=\"astm d5458&#039;e g\u00f6re plasti\u0307k stre\u00e7 fi\u0307lm i\u0307\u00e7i\u0307n soyulma tutunmasi test ci\u0307hazi\" width=\"600\" height=\"600\" srcset=\"https:\/\/www.qualitester.com\/wp-content\/uploads\/2023\/04\/stretch-film-peel-cling-testser-600x600.jpg 600w, https:\/\/www.qualitester.com\/wp-content\/uploads\/2023\/04\/stretch-film-peel-cling-testser-300x300.jpg 300w, https:\/\/www.qualitester.com\/wp-content\/uploads\/2023\/04\/stretch-film-peel-cling-testser-150x150.jpg 150w, https:\/\/www.qualitester.com\/wp-content\/uploads\/2023\/04\/stretch-film-peel-cling-testser-100x100.jpg 100w, https:\/\/www.qualitester.com\/wp-content\/uploads\/2023\/04\/stretch-film-peel-cling-testser.jpg 750w\" sizes=\"(max-width: 600px) 100vw, 600px\" \/><\/p>\n<h2>Peel Cling Testi Neden \u00d6nemlidir?<\/h2>\n<p>Soyulma testi stre\u00e7 film i\u00e7in \u00e7ok \u00f6nemlidir \u00e7\u00fcnk\u00fc filmin kendine yap\u0131\u015fma ve sar\u0131lan \u00fcr\u00fcnlerin b\u00fct\u00fcnl\u00fc\u011f\u00fcn\u00fc koruma kabiliyetini de\u011ferlendirir.<\/p>\n<h3>Y\u00fck Kararl\u0131l\u0131\u011f\u0131<\/h3>\n<p>Stre\u00e7 filmin birincil i\u015flevi, nakliye ve depolama s\u0131ras\u0131nda y\u00fckleri stabilize etmektir. Film d\u00fczg\u00fcn bir \u015fekilde tutunmazsa, y\u00fck\u00fcn kaymas\u0131na yol a\u00e7abilir, bu da mallar\u0131n hasar g\u00f6rmesine ve hatta nakliye s\u0131ras\u0131nda kazalara neden olabilir.<\/p>\n<h3>\u00dcr\u00fcn Koruma<\/h3>\n<p>Uygun stre\u00e7leme, sar\u0131lan \u00fcr\u00fcnlerin g\u00fcvenli bir \u015fekilde bir arada tutulmas\u0131n\u0131 sa\u011flayarak onlar\u0131 toz, nem ve potansiyel olarak zarar verebilecek veya kirletebilecek di\u011fer d\u0131\u015f etkenlerden korur.<\/p>\n<h3>Verimli Kullan\u0131m<\/h3>\n<p>\u0130yi tutunma \u00f6zelliklerine sahip bir stre\u00e7 film, paletlenmi\u015f y\u00fcklerin ta\u015f\u0131nmas\u0131n\u0131 ve elle\u00e7lenmesini kolayla\u015ft\u0131rarak ta\u015f\u0131ma s\u0131ras\u0131nda kayma veya ayr\u0131lma riskini azalt\u0131r.<\/p>\n<h3>Maliyet Tasarrufu<\/h3>\n<p>Etkili tutunma \u00f6zellikleri, bir y\u00fck\u00fc g\u00fcvenli bir \u015fekilde sarmak i\u00e7in daha az film gerekti\u011fi anlam\u0131na gelir. Bu sadece malzeme maliyetlerini d\u00fc\u015f\u00fcrmekle kalmaz, ayn\u0131 zamanda fazla ambalajlamayla ili\u015fkili \u00e7evresel etkiyi de en aza indirir.<\/p>\n<h3>M\u00fc\u015fteri Memnuniyeti<\/h3>\n<p>\u00dcr\u00fcnlerin var\u0131\u015f noktalar\u0131na sa\u011flam ve hasars\u0131z bir \u015fekilde ula\u015fmas\u0131n\u0131 sa\u011flamak m\u00fc\u015fteri memnuniyeti i\u00e7in \u00e7ok \u00f6nemlidir. Do\u011fru stre\u00e7leme testi, \u00fcreticilerin tedarik zinciri boyunca \u00fcr\u00fcnlerinin kalitesini korumas\u0131na yard\u0131mc\u0131 olur.<\/p>\n<p><img decoding=\"async\" class=\"wp-image-4156 size-woocommerce_single aligncenter\" src=\"https:\/\/www.qualitester.com\/wp-content\/uploads\/2023\/04\/astm-d5458-peel-cling-testing-machine-for-sale-600x600.jpg\" alt=\"astm d5458&#039;e g\u00f6re plasti\u0307k stre\u00e7 fi\u0307lm i\u0307\u00e7i\u0307n soyulma tutunmasi test ci\u0307hazi\" width=\"600\" height=\"600\" srcset=\"https:\/\/www.qualitester.com\/wp-content\/uploads\/2023\/04\/astm-d5458-peel-cling-testing-machine-for-sale-600x600.jpg 600w, https:\/\/www.qualitester.com\/wp-content\/uploads\/2023\/04\/astm-d5458-peel-cling-testing-machine-for-sale-300x300.jpg 300w, https:\/\/www.qualitester.com\/wp-content\/uploads\/2023\/04\/astm-d5458-peel-cling-testing-machine-for-sale-150x150.jpg 150w, https:\/\/www.qualitester.com\/wp-content\/uploads\/2023\/04\/astm-d5458-peel-cling-testing-machine-for-sale-100x100.jpg 100w, https:\/\/www.qualitester.com\/wp-content\/uploads\/2023\/04\/astm-d5458-peel-cling-testing-machine-for-sale.jpg 750w\" sizes=\"(max-width: 600px) 100vw, 600px\" \/><\/p>\n<h2>Malzeme Testinde Soyma Sarma Testinin Uygulanmas\u0131<\/h2>\n<p>Peel Cling Test Cihaz\u0131, iki stre\u00e7 film katman\u0131 aras\u0131ndaki yap\u0131\u015fma mukavemetinin de\u011ferlendirilmesinde hayati bir ara\u00e7 olarak hizmet eder. Bu test cihaz\u0131, hassas \u00f6l\u00e7\u00fcmler sa\u011flayarak ambalaj, g\u0131da, medikal ve daha fazlas\u0131 dahil olmak \u00fczere \u00e7e\u015fitli sekt\u00f6rlerde \u00fcr\u00fcn kalitesini ve g\u00fcvenli\u011fini art\u0131rmaya \u00f6nemli \u00f6l\u00e7\u00fcde katk\u0131da bulunur.<\/p>\n<h2>Standartlara Uygunluk<\/h2>\n<ul>\n<li>Bu <a title=\"ASTM D5458 soyulma sar\u0131lma test cihaz\u0131\" href=\"https:\/\/www.astm.org\/d5458-95r20.html\" target=\"_blank\" rel=\"noopener nofollow\"><span style=\"color: #3366ff;\"><strong>ASTM D5458<\/strong><\/span><\/a> Stre\u00e7 Sarg\u0131 Soyarak Yap\u0131\u015ft\u0131rma i\u00e7in Standart Test Y\u00f6ntemi, film katmanlar\u0131 aras\u0131ndaki yap\u0131\u015fma g\u00fcc\u00fcn\u00fc \u00f6l\u00e7mek i\u00e7in standartla\u015ft\u0131r\u0131lm\u0131\u015f bir yakla\u015f\u0131m sunar. Bu y\u00f6ntem, ister harici ister dahili olsun, \u00fcst\u00fcn yap\u0131\u015fma katman\u0131n\u0131n belirlenmesine yard\u0131mc\u0131 olur.<\/li>\n<\/ul>\n<h2>Peel Cling Test Cihaz\u0131n\u0131n Teknik \u00d6zellikleri<\/h2>\n<ol>\n<li>Kullan\u0131c\u0131 Dostu Aray\u00fcz: 7 in\u00e7 TFT dokunmatik ekran, kolay kullan\u0131m ve etkile\u015fim sa\u011flar.<\/li>\n<li>G\u00fcvenilir Performans: Dahili PLC kontrol \u00fcnitesi tutarl\u0131 ve g\u00fcvenilir performans\u0131 garanti eder.<\/li>\n<li>Hassasiyet ve Do\u011fruluk: Do\u011fru h\u0131z ve yer de\u011fi\u015ftirme \u00f6l\u00e7\u00fcmleri i\u00e7in hassas bir vidal\u0131 mil mekanizmas\u0131 kullan\u0131r.<\/li>\n<li>Ayarlanabilir Test H\u0131z\u0131: \u00d6zel test gereksinimlerine uyacak \u015fekilde test parametrelerinde esneklik sa\u011flar.<\/li>\n<li>En Aza \u0130ndirilmi\u015f Parazit: Farkl\u0131 y\u00fck h\u00fccresi ba\u011flant\u0131lar\u0131, tipik olarak s\u00fcrt\u00fcnme ve yer\u00e7ekiminin neden oldu\u011fu paraziti ortadan kald\u0131rarak do\u011fru sonu\u00e7lar sa\u011flar.<\/li>\n<li>Geli\u015ftirilmi\u015f \u0130\u015flevsellik: Daha fazla rahatl\u0131k i\u00e7in bir s\u0131n\u0131rlama cihaz\u0131 ve otomatik geri d\u00f6n\u00fc\u015f i\u015flevi ile donat\u0131lm\u0131\u015ft\u0131r.<\/li>\n<li>Ger\u00e7ek Zamanl\u0131 Veri G\u00f6r\u00fcnt\u00fcleme: Test e\u011frilerinin ger\u00e7ek zamanl\u0131 g\u00f6r\u00fcnt\u00fclenmesini sa\u011flar ve analiz i\u00e7in tepe de\u011ferlerini kaydeder.<\/li>\n<li>\u00c7ok Y\u00f6nl\u00fc Kullan\u0131m: 50%, 100% ve 200% uzama oranlar\u0131n\u0131 destekleyerek \u00e7ok \u00e7e\u015fitli test ihtiya\u00e7lar\u0131n\u0131 kar\u015f\u0131lar.<\/li>\n<li>Dok\u00fcmantasyon: Test sonu\u00e7lar\u0131n\u0131n uygun \u015fekilde belgelenmesi i\u00e7in g\u00f6m\u00fcl\u00fc bir mikro yaz\u0131c\u0131 i\u00e7erir.<\/li>\n<li>Opsiyonel \u00d6zellikler: Kapsaml\u0131 test yetenekleri i\u00e7in bir s\u00fcrt\u00fcnme katsay\u0131s\u0131 fonksiyonu ekleme se\u00e7ene\u011fi sunar.<\/li>\n<\/ol>\n<p>Stre\u00e7 filmin soyulma yap\u0131\u015fma kalitesi, nakliye ve depolama s\u0131ras\u0131nda ambalajl\u0131 \u00fcr\u00fcnlerin b\u00fct\u00fcnl\u00fc\u011f\u00fcn\u00fc ve stabilitesini sa\u011flamak i\u00e7in \u00e7ok \u00f6nemlidir. Soyma Yap\u0131\u015fma Test Cihaz\u0131, yap\u0131\u015fma mukavemetini do\u011fru bir \u015fekilde de\u011ferlendirmek i\u00e7in g\u00fcvenilir bir \u00e7\u00f6z\u00fcmd\u00fcr ve b\u00f6ylece \u00e7e\u015fitli end\u00fcstrilerde geli\u015fmi\u015f \u00fcr\u00fcn kalitesi ve g\u00fcvenli\u011fine katk\u0131da bulunur.<\/p>\n<h2>Stre\u00e7 Filmin Soyulma Kuvveti Nas\u0131l Test Edilir?<\/h2>\n<div class=\"ast-oembed-container\" style=\"height: 100%;\"><iframe title=\"Stre\u00e7 film soyma sar\u0131lma test cihaz\u0131 | ASTM D5458\" width=\"500\" height=\"281\" src=\"https:\/\/www.youtube.com\/embed\/gRpUEGeIRNw?feature=oembed\" frameborder=\"0\" allow=\"accelerometer; autoplay; clipboard-write; encrypted-media; gyroscope; picture-in-picture; web-share\" referrerpolicy=\"strict-origin-when-cross-origin\" allowfullscreen><\/iframe><\/div>\n<h2>SSS<\/h2>\n<ol>\n<li>En \u00e7ok hangi sekt\u00f6rler faydalan\u0131yor? <strong>soyulma testi<\/strong>?<br \/>\nPeel cling testi, \u00fcr\u00fcnlerin nakliye s\u0131ras\u0131nda g\u00fcvenli\u011finin kritik \u00f6nem ta\u015f\u0131d\u0131\u011f\u0131 ambalaj, g\u0131da, medikal ve ila\u00e7 gibi sekt\u00f6rlerde \u00e7ok de\u011ferlidir.<\/li>\n<li>Can <strong>Peel Cling Test Cihaz\u0131<\/strong> \u00f6zelle\u015ftirilmi\u015f test gereksinimlerini kar\u015f\u0131layabilir mi?<br \/>\nEvet, Peel Cling Test Cihaz\u0131 ayarlanabilir parametreler sunarak \u00f6zelle\u015ftirilmi\u015f otomasyon da dahil olmak \u00fczere \u00e7e\u015fitli test ihtiya\u00e7lar\u0131 i\u00e7in uygun hale getirir.<\/li>\n<li>Soyulma testi uluslararas\u0131 standartlara uygun mu?<br \/>\nPeel Cling Tester taraf\u0131ndan ger\u00e7ekle\u015ftirilen soyulma testi, ASTM D5458 gibi uluslararas\u0131 standartlara ba\u011fl\u0131 kalarak do\u011fru ve g\u00fcvenilir sonu\u00e7lar elde edilmesini sa\u011flar.<\/li>\n<li>Soyulma testi kalite kontrol\u00fcne nas\u0131l katk\u0131da bulunur?<br \/>\nPeel cling testi, stre\u00e7 filmin ambalajl\u0131 \u00fcr\u00fcnleri etkili bir \u015fekilde sabitlemedeki aderans\u0131n\u0131 ve performans\u0131n\u0131 sa\u011flayan hayati bir kalite kontrol \u00f6nlemi olarak hizmet eder.<\/li>\n<li>Peel Cling Tester i\u015fletmeler i\u00e7in maliyet tasarrufuna ne \u015fekilde yard\u0131mc\u0131 olur?<br \/>\nYap\u0131\u015fma mukavemetini do\u011fru bir \u015fekilde de\u011ferlendiren Peel Cling Tester, i\u015fletmelerin ambalajlama s\u00fcre\u00e7lerini optimize etmelerine yard\u0131mc\u0131 olarak malzeme israf\u0131n\u0131 en aza indirir ve kaynaklar\u0131n verimli kullan\u0131lmas\u0131n\u0131 sa\u011flar.<\/li>\n<\/ol>\n<h2>\u0130lgili Test Cihazlar\u0131<\/h2>\n<p><img decoding=\"async\" class=\"alignnone wp-image-4121 size-woocommerce_single\" src=\"https:\/\/www.qualitester.com\/wp-content\/uploads\/2023\/04\/TST-01-Tensile-Tester-puncture-test-1-1-600x600.jpg\" alt=\"ASTM D5748 Stre\u00e7 Film Delinme Test Cihaz\u0131\" width=\"600\" height=\"600\" srcset=\"https:\/\/www.qualitester.com\/wp-content\/uploads\/2023\/04\/TST-01-Tensile-Tester-puncture-test-1-1-600x600.jpg 600w, https:\/\/www.qualitester.com\/wp-content\/uploads\/2023\/04\/TST-01-Tensile-Tester-puncture-test-1-1-300x300.jpg 300w, https:\/\/www.qualitester.com\/wp-content\/uploads\/2023\/04\/TST-01-Tensile-Tester-puncture-test-1-1-150x150.jpg 150w, https:\/\/www.qualitester.com\/wp-content\/uploads\/2023\/04\/TST-01-Tensile-Tester-puncture-test-1-1-100x100.jpg 100w, https:\/\/www.qualitester.com\/wp-content\/uploads\/2023\/04\/TST-01-Tensile-Tester-puncture-test-1-1.jpg 750w\" sizes=\"(max-width: 600px) 100vw, 600px\" \/><\/p>\n<p>TST-01 <a title=\"ASTM D5748 delinme test cihaz\u0131\" href=\"https:\/\/www.qualitester.com\/tr\/urun\/tensile-tester-tst-01\/\" target=\"_blank\" rel=\"noopener\"><span style=\"color: #3366ff;\">\u00c7ekme Test Cihaz\u0131<\/span><\/a> \u00c7\u0131k\u0131nt\u0131 i\u00e7in <strong>Stre\u00e7 Filmin Delinme Direnci<\/strong><\/p>","protected":false},"excerpt":{"rendered":"<p>Stre\u00e7 film olarak da bilinen stre\u00e7 film, ta\u015f\u0131ma ve depolama s\u0131ras\u0131nda mallar\u0131n g\u00fcvenli bir \u015fekilde paketlenmesinde ve korunmas\u0131nda \u00e7ok \u00f6nemli bir rol oynar. Stre\u00e7 filmin soyulma kalitesini de\u011ferlendirmek, yap\u0131\u015fma g\u00fcc\u00fcn\u00fc ve genel performans\u0131n\u0131 de\u011ferlendirmek i\u00e7in \u00e7ok \u00f6nemlidir.<\/p>","protected":false},"featured_media":6101,"comment_status":"closed","ping_status":"closed","template":"","meta":{"site-sidebar-layout":"default","site-content-layout":"default","ast-global-header-display":"","ast-main-header-display":"","ast-hfb-above-header-display":"","ast-hfb-below-header-display":"","ast-hfb-mobile-header-display":"","site-post-title":"disabled","ast-breadcrumbs-content":"","ast-featured-img":"disabled","footer-sml-layout":"","theme-transparent-header-meta":"default","adv-header-id-meta":"","stick-header-meta":"","header-above-stick-meta":"","header-main-stick-meta":"","header-below-stick-meta":""},"product_cat":[845,681,16,390,95],"product_tag":[],"class_list":{"0":"post-1799","1":"product","2":"type-product","3":"status-publish","4":"has-post-thumbnail","6":"product_cat-customization","7":"product_cat-peel-tester","8":"product_cat-plastic-packaging-testers","9":"product_cat-astm-d5458","10":"product_cat-products","11":"desktop-align-left","12":"tablet-align-left","13":"mobile-align-left","15":"first","16":"instock","17":"shipping-taxable","18":"product-type-simple"},"_links":{"self":[{"href":"https:\/\/www.qualitester.com\/tr\/wp-json\/wp\/v2\/product\/1799","targetHints":{"allow":["GET"]}}],"collection":[{"href":"https:\/\/www.qualitester.com\/tr\/wp-json\/wp\/v2\/product"}],"about":[{"href":"https:\/\/www.qualitester.com\/tr\/wp-json\/wp\/v2\/types\/product"}],"replies":[{"embeddable":true,"href":"https:\/\/www.qualitester.com\/tr\/wp-json\/wp\/v2\/comments?post=1799"}],"version-history":[{"count":0,"href":"https:\/\/www.qualitester.com\/tr\/wp-json\/wp\/v2\/product\/1799\/revisions"}],"wp:featuredmedia":[{"embeddable":true,"href":"https:\/\/www.qualitester.com\/tr\/wp-json\/wp\/v2\/media\/6101"}],"wp:attachment":[{"href":"https:\/\/www.qualitester.com\/tr\/wp-json\/wp\/v2\/media?parent=1799"}],"wp:term":[{"taxonomy":"product_cat","embeddable":true,"href":"https:\/\/www.qualitester.com\/tr\/wp-json\/wp\/v2\/product_cat?post=1799"},{"taxonomy":"product_tag","embeddable":true,"href":"https:\/\/www.qualitester.com\/tr\/wp-json\/wp\/v2\/product_tag?post=1799"}],"curies":[{"name":"wp","href":"https:\/\/api.w.org\/{rel}","templated":true}]}}