{"id":1768,"date":"2023-04-26T14:58:37","date_gmt":"2023-04-26T06:58:37","guid":{"rendered":"https:\/\/www.qualitester.com\/?post_type=product&#038;p=1768"},"modified":"2024-12-05T13:07:37","modified_gmt":"2024-12-05T05:07:37","slug":"perpendicularity-tester-per-01","status":"publish","type":"product","link":"https:\/\/www.qualitester.com\/tr\/urun\/perpendicularity-tester-per-01\/","title":{"rendered":"Perpendicularity Tester PER-01"},"content":{"rendered":"<div data-elementor-type=\"wp-post\" data-elementor-id=\"1768\" class=\"elementor elementor-1768\" data-elementor-post-type=\"product\">\n\t\t\t\t<div class=\"elementor-element elementor-element-9d5153d e-flex e-con-boxed e-con e-parent\" data-id=\"9d5153d\" data-element_type=\"container\">\n\t\t\t\t\t<div class=\"e-con-inner\">\n\t\t<div class=\"elementor-element elementor-element-f4c628b e-con-full e-flex e-con e-child\" data-id=\"f4c628b\" data-element_type=\"container\">\n\t\t\t\t<div class=\"elementor-element elementor-element-8578d6e elementor-widget elementor-widget-image\" data-id=\"8578d6e\" data-element_type=\"widget\" data-widget_type=\"image.default\">\n\t\t\t\t<div class=\"elementor-widget-container\">\n\t\t\t\t\t\t\t\t\t\t\t\t\t<img fetchpriority=\"high\" decoding=\"async\" width=\"750\" height=\"750\" src=\"https:\/\/www.qualitester.com\/wp-content\/uploads\/2023\/04\/PER-01-Perpendicularity-Teste.jpg\" class=\"attachment-large size-large wp-image-1777\" alt=\"\u015fi\u015fe dikli\u011fi\" srcset=\"https:\/\/www.qualitester.com\/wp-content\/uploads\/2023\/04\/PER-01-Perpendicularity-Teste.jpg 750w, https:\/\/www.qualitester.com\/wp-content\/uploads\/2023\/04\/PER-01-Perpendicularity-Teste-300x300.jpg 300w, https:\/\/www.qualitester.com\/wp-content\/uploads\/2023\/04\/PER-01-Perpendicularity-Teste-150x150.jpg 150w, https:\/\/www.qualitester.com\/wp-content\/uploads\/2023\/04\/PER-01-Perpendicularity-Teste-600x600.jpg 600w, https:\/\/www.qualitester.com\/wp-content\/uploads\/2023\/04\/PER-01-Perpendicularity-Teste-100x100.jpg 100w\" sizes=\"(max-width: 750px) 100vw, 750px\" \/>\t\t\t\t\t\t\t\t\t\t\t\t\t<\/div>\n\t\t\t\t<\/div>\n\t\t\t\t<\/div>\n\t\t<div class=\"elementor-element elementor-element-9e5c7be e-con-full e-flex e-con e-child\" data-id=\"9e5c7be\" data-element_type=\"container\">\n\t\t\t\t<div class=\"elementor-element elementor-element-c0dcd48 elementor-widget elementor-widget-text-editor\" data-id=\"c0dcd48\" data-element_type=\"widget\" data-widget_type=\"text-editor.default\">\n\t\t\t\t<div class=\"elementor-widget-container\">\n\t\t\t\t\t\t\t<h6><strong>Uygulama<\/strong><\/h6><p><em>Diklik test cihaz\u0131 ayn\u0131 zamanda \u015fi\u015fe sapma test cihaz\u0131, koaksiyel test cihaz\u0131, koaksiyelite veya daire salg\u0131 test cihaz\u0131 (\u015fi\u015feler vb. i\u00e7in) olarak da adland\u0131r\u0131l\u0131r.<\/em><\/p><p><em>Koaksiyel Test Cihaz\u0131, g\u0131da, kozmetik ve ila\u00e7 end\u00fcstrilerindeki \u00e7e\u015fitli \u015fi\u015fe kaplar\u0131n\u0131n diklik \u00f6l\u00e7\u00fcm\u00fc i\u00e7indir. Koaksiyel test cihaz\u0131, y\u00fcksek merkezleme ve \u00f6l\u00e7\u00fcm hassasiyeti ile kolayca \u00e7al\u0131\u015ft\u0131r\u0131l\u0131r ve dikeylik sapmas\u0131 i\u00e7in \u015fi\u015fe \u00fcreticileri, kullan\u0131c\u0131lar ve ara\u015ft\u0131rma tesislerinde yayg\u0131n olarak kullan\u0131l\u0131r.<\/em><\/p><h6><strong>\u00c7al\u0131\u015fma Mekanizmas\u0131<\/strong><\/h6><p><em>\u015ei\u015fe d\u00f6nen bir plaka \u00fczerine sabitlenir ve \u015fi\u015fe a\u011fz\u0131 komparat\u00f6r ile temas ettirilir. Tam bir daire 360\u00b0 d\u00f6nd\u00fckten sonra maksimum ve minimum okumay\u0131 kaydedin. \u0130kisi aras\u0131ndaki fark\u0131n 1\/2'si dikey eksen sapma de\u011feridir.<\/em><\/p>\t\t\t\t\t\t<\/div>\n\t\t\t\t<\/div>\n\t\t\t\t<\/div>\n\t\t\t\t\t<\/div>\n\t\t\t\t<\/div>\n\t\t<div class=\"elementor-element elementor-element-d5cbf91 e-flex e-con-boxed e-con e-parent\" data-id=\"d5cbf91\" data-element_type=\"container\">\n\t\t\t\t\t<div class=\"e-con-inner\">\n\t\t<div class=\"elementor-element elementor-element-3a61045 e-con-full e-flex e-con e-child\" data-id=\"3a61045\" data-element_type=\"container\">\n\t\t\t\t<div class=\"elementor-element elementor-element-0f52aee elementor-widget elementor-widget-image\" data-id=\"0f52aee\" data-element_type=\"widget\" data-widget_type=\"image.default\">\n\t\t\t\t<div class=\"elementor-widget-container\">\n\t\t\t\t\t\t\t\t\t\t\t\t\t<img fetchpriority=\"high\" decoding=\"async\" width=\"750\" height=\"750\" src=\"https:\/\/www.qualitester.com\/wp-content\/uploads\/2023\/04\/PER-01-Perpendicularity-Teste.jpg\" class=\"attachment-large size-large wp-image-1777\" alt=\"\u015fi\u015fe dikli\u011fi\" srcset=\"https:\/\/www.qualitester.com\/wp-content\/uploads\/2023\/04\/PER-01-Perpendicularity-Teste.jpg 750w, https:\/\/www.qualitester.com\/wp-content\/uploads\/2023\/04\/PER-01-Perpendicularity-Teste-300x300.jpg 300w, https:\/\/www.qualitester.com\/wp-content\/uploads\/2023\/04\/PER-01-Perpendicularity-Teste-150x150.jpg 150w, https:\/\/www.qualitester.com\/wp-content\/uploads\/2023\/04\/PER-01-Perpendicularity-Teste-600x600.jpg 600w, https:\/\/www.qualitester.com\/wp-content\/uploads\/2023\/04\/PER-01-Perpendicularity-Teste-100x100.jpg 100w\" sizes=\"(max-width: 750px) 100vw, 750px\" \/>\t\t\t\t\t\t\t\t\t\t\t\t\t<\/div>\n\t\t\t\t<\/div>\n\t\t\t\t<\/div>\n\t\t<div class=\"elementor-element elementor-element-57341d7 e-con-full e-flex e-con e-child\" data-id=\"57341d7\" data-element_type=\"container\">\n\t\t\t\t<div class=\"elementor-element elementor-element-26fe386 elementor-widget elementor-widget-text-editor\" data-id=\"26fe386\" data-element_type=\"widget\" data-widget_type=\"text-editor.default\">\n\t\t\t\t<div class=\"elementor-widget-container\">\n\t\t\t\t\t\t\t<h6><strong>Teknik Veriler<\/strong><\/h6><p>Numune \u00c7ap\u0131 5mm-145mm (veya gerekti\u011fi gibi)<\/p><p>Test \u00d6fkesi 0-12,7 mm (veya gerekti\u011fi gibi)<\/p><p>B\u00f6lme de\u011feri 0.01 veya 0.001mm (iste\u011fe ba\u011fl\u0131)<\/p><p>\u00d6l\u00e7\u00fclebilir Y\u00fckseklik 15mm-300mm (veya gerekti\u011fi gibi)<\/p><h6><strong>Teknik \u00d6zellikler<\/strong> <\/h6><ul><li>\u00d6l\u00e7\u00fcm probunun kolay ayarlanmas\u0131. <\/li><li>Y\u00fcksek okuma \u00e7\u00f6z\u00fcn\u00fcrl\u00fc\u011f\u00fc, 0,001 mm'ye kadar <\/li><li>Numunenin kararl\u0131 \u015fekilde d\u00f6nd\u00fcr\u00fclmesi <\/li><li>\u00d6l\u00e7\u00fcm \u00e7ap\u0131 ve y\u00fcksekli\u011fi numune gereksinimine uygundur. <\/li><li>PC Excel'e veri \u00e7\u0131k\u0131\u015f\u0131 bir se\u00e7enektir <\/li><\/ul>\t\t\t\t\t\t<\/div>\n\t\t\t\t<\/div>\n\t\t\t\t<\/div>\n\t\t\t\t\t<\/div>\n\t\t\t\t<\/div>\n\t\t<div class=\"elementor-element elementor-element-9a1fe21 e-flex e-con-boxed e-con e-parent\" data-id=\"9a1fe21\" data-element_type=\"container\">\n\t\t\t\t\t<div class=\"e-con-inner\">\n\t\t\t\t<div class=\"elementor-element elementor-element-c5ab9d7 elementor-widget elementor-widget-wpforms\" data-id=\"c5ab9d7\" data-element_type=\"widget\" data-widget_type=\"wpforms.default\">\n\t\t\t\t<div class=\"elementor-widget-container\">\n\t\t\t<div class=\"wpforms-container\" id=\"wpforms-11\"><form id=\"wpforms-form-11\" class=\"wpforms-validate wpforms-form wpforms-ajax-form\" data-formid=\"11\" method=\"post\" enctype=\"multipart\/form-data\" action=\"\/tr\/wp-json\/wp\/v2\/product\/1768\" data-token=\"9d24770f1d10a347f14497a8d468f002\" data-trp-original-action=\"\/tr\/wp-json\/wp\/v2\/product\/1768\"><noscript class=\"wpforms-error-noscript\">Bu formu bitirebilmek i\u00e7in taray\u0131c\u0131n\u0131zda JavaScript&#039;i etkinle\u015ftirin.<\/noscript><div class=\"wpforms-field-container\"><div id=\"wpforms-11-field_1-container\" class=\"wpforms-field wpforms-field-text\" data-field-id=\"1\"><label class=\"wpforms-field-label\" for=\"wpforms-11-field_1\">\u0130sim <span class=\"wpforms-required-label\">*<\/span><\/label><input type=\"text\" id=\"wpforms-11-field_1\" class=\"wpforms-field-medium wpforms-field-required\" name=\"wpforms[fields][1]\" placeholder=\"\u0130sim\" required><\/div><div id=\"wpforms-11-field_5-container\" class=\"wpforms-field wpforms-field-text\" data-field-id=\"5\"><label class=\"wpforms-field-label\" for=\"wpforms-11-field_5\">\u015eirket<\/label><input type=\"text\" id=\"wpforms-11-field_5\" class=\"wpforms-field-medium\" name=\"wpforms[fields][5]\" ><\/div><div id=\"wpforms-11-field_4-container\" class=\"wpforms-field wpforms-field-number\" data-field-id=\"4\"><label class=\"wpforms-field-label\" for=\"wpforms-11-field_4\">Telefon<\/label><input type=\"number\" pattern=\"\\d*\" id=\"wpforms-11-field_4\" class=\"wpforms-field-medium\" name=\"wpforms[fields][4]\" placeholder=\"Telefon\" ><\/div><div id=\"wpforms-11-field_3-container\" class=\"wpforms-field wpforms-field-email\" data-field-id=\"3\"><label class=\"wpforms-field-label\" for=\"wpforms-11-field_3\">E-posta <span class=\"wpforms-required-label\">*<\/span><\/label><input type=\"email\" id=\"wpforms-11-field_3\" class=\"wpforms-field-medium wpforms-field-required\" name=\"wpforms[fields][3]\" placeholder=\"E-posta\" spellcheck=\"false\" required><\/div><div id=\"wpforms-11-field_2-container\" class=\"wpforms-field wpforms-field-textarea\" data-field-id=\"2\"><label class=\"wpforms-field-label\" for=\"wpforms-11-field_2\">Mesaj<\/label><textarea id=\"wpforms-11-field_2\" class=\"wpforms-field-large\" name=\"wpforms[fields][2]\" ><\/textarea><\/div><\/div><!-- .wpforms-field-container --><input type=\"hidden\" name=\"wpforms[recaptcha]\" value=\"\"><div class=\"wpforms-submit-container\" ><input type=\"hidden\" name=\"wpforms[id]\" value=\"11\"><input type=\"hidden\" name=\"wpforms[author]\" value=\"3\"><button type=\"submit\" name=\"wpforms[submit]\" id=\"wpforms-submit-11\" class=\"wpforms-submit\" data-alt-text=\"Submitting\" data-submit-text=\"Submit\" aria-live=\"assertive\" value=\"wpforms-submit\">G\u00f6nder<\/button><img decoding=\"async\" src=\"https:\/\/www.qualitester.com\/wp-content\/plugins\/wpforms-lite\/assets\/images\/submit-spin.svg\" class=\"wpforms-submit-spinner\" style=\"display: none;\" width=\"26\" height=\"26\" alt=\"Y\u00fckleniyor\"><\/div><input type=\"hidden\" name=\"trp-form-language\" value=\"tr\"\/><\/form><\/div>  <!-- .wpforms-container -->\t\t<\/div>\n\t\t\t\t<\/div>\n\t\t\t\t\t<\/div>\n\t\t\t\t<\/div>\n\t\t\t\t<\/div>","protected":false},"excerpt":{"rendered":"<p>Diklik test cihaz\u0131 ayn\u0131 zamanda \u015fi\u015fe sapma test cihaz\u0131, koaksiyel test cihaz\u0131, koaksiyelite veya daire salg\u0131 test cihaz\u0131 olarak da adland\u0131r\u0131l\u0131r.<\/p>","protected":false},"featured_media":1777,"comment_status":"closed","ping_status":"closed","template":"","meta":{"site-sidebar-layout":"default","site-content-layout":"default","ast-global-header-display":"","ast-main-header-display":"","ast-hfb-above-header-display":"","ast-hfb-below-header-display":"","ast-hfb-mobile-header-display":"","site-post-title":"disabled","ast-breadcrumbs-content":"","ast-featured-img":"disabled","footer-sml-layout":"","theme-transparent-header-meta":"default","adv-header-id-meta":"","stick-header-meta":"","header-above-stick-meta":"","header-main-stick-meta":"","header-below-stick-meta":""},"product_cat":[845,930,674,17,95],"product_tag":[181,182],"class_list":{"0":"post-1768","1":"product","2":"type-product","3":"status-publish","4":"has-post-thumbnail","6":"product_cat-customization","7":"product_cat-perpendicularity-tester","8":"product_cat-test-items","9":"product_cat-package-container-testers","10":"product_cat-products","11":"product_tag-perpendicularity","12":"product_tag-verticality","13":"desktop-align-left","14":"tablet-align-left","15":"mobile-align-left","17":"first","18":"instock","19":"shipping-taxable","20":"product-type-simple"},"_links":{"self":[{"href":"https:\/\/www.qualitester.com\/tr\/wp-json\/wp\/v2\/product\/1768","targetHints":{"allow":["GET"]}}],"collection":[{"href":"https:\/\/www.qualitester.com\/tr\/wp-json\/wp\/v2\/product"}],"about":[{"href":"https:\/\/www.qualitester.com\/tr\/wp-json\/wp\/v2\/types\/product"}],"replies":[{"embeddable":true,"href":"https:\/\/www.qualitester.com\/tr\/wp-json\/wp\/v2\/comments?post=1768"}],"version-history":[{"count":0,"href":"https:\/\/www.qualitester.com\/tr\/wp-json\/wp\/v2\/product\/1768\/revisions"}],"wp:featuredmedia":[{"embeddable":true,"href":"https:\/\/www.qualitester.com\/tr\/wp-json\/wp\/v2\/media\/1777"}],"wp:attachment":[{"href":"https:\/\/www.qualitester.com\/tr\/wp-json\/wp\/v2\/media?parent=1768"}],"wp:term":[{"taxonomy":"product_cat","embeddable":true,"href":"https:\/\/www.qualitester.com\/tr\/wp-json\/wp\/v2\/product_cat?post=1768"},{"taxonomy":"product_tag","embeddable":true,"href":"https:\/\/www.qualitester.com\/tr\/wp-json\/wp\/v2\/product_tag?post=1768"}],"curies":[{"name":"wp","href":"https:\/\/api.w.org\/{rel}","templated":true}]}}