{"id":1752,"date":"2023-04-26T14:42:13","date_gmt":"2023-04-26T06:42:13","guid":{"rendered":"https:\/\/www.qualitester.com\/?post_type=product&#038;p=1752"},"modified":"2024-12-04T11:12:27","modified_gmt":"2024-12-04T03:12:27","slug":"motorized-cap-torque-tester-mct-01","status":"publish","type":"product","link":"https:\/\/www.qualitester.com\/tr\/urun\/motorized-cap-torque-tester-mct-01\/","title":{"rendered":"MCT-01 Motorlu Kapak Tork Test Cihaz\u0131"},"content":{"rendered":"<h2>Giri\u015f<\/h2>\n<p>Bu <strong>Otomatik Kapak Tork Test Cihaz\u0131 (MCT-01)<\/strong> \u00e7e\u015fitli kap t\u00fcrlerindeki kapaklar\u0131n a\u00e7\u0131lma ve kilitlenme kuvvetlerini \u00f6l\u00e7mek i\u00e7in tasarlanm\u0131\u015f son derece hassas ve verimli bir cihazd\u0131r. Bu test, ila\u00e7, yiyecek ve i\u00e7ecek, t\u0131bbi cihazlar ve t\u00fcketici \u00fcr\u00fcnleri gibi sekt\u00f6rlerdeki ambalaj uygulamalar\u0131nda kritik \u00f6neme sahiptir. Do\u011fru tork \u00f6l\u00e7\u00fcmleri, kapaklar\u0131n nakliye i\u00e7in g\u00fcvenli bir \u015fekilde kapat\u0131lmas\u0131n\u0131, ancak t\u00fcketiciler i\u00e7in kolay a\u00e7\u0131lmas\u0131n\u0131 sa\u011flayarak hem g\u00fcvenlik hem de rahatl\u0131k sunar. Geli\u015fmi\u015f teknolojisi ile MCT-01, kalite kontrol ve end\u00fcstri standartlar\u0131na uyum i\u00e7in gerekli olan g\u00fcvenilir ve do\u011fru tork \u00f6l\u00e7\u00fcmleri sa\u011flar.<\/p>\n<h2>Uygulama Alanlar\u0131<\/h2>\n<p>Bu <strong>Otomatik Kapak Tork Test Cihaz\u0131<\/strong> dahil olmak \u00fczere \u00e7e\u015fitli sekt\u00f6rlerde yayg\u0131n olarak kullan\u0131lmaktad\u0131r:<\/p>\n<ul>\n<li><strong>Ambalaj End\u00fcstrisi<\/strong>: PET \u015fi\u015feler, emzikli torbalar, ila\u00e7 \u015fi\u015feleri ve esnek t\u00fcp ambalajlar gibi kaplar\u0131n gerekli s\u0131zd\u0131rmazl\u0131k ve a\u00e7ma kuvveti gereksinimlerini kar\u015f\u0131lamas\u0131n\u0131 sa\u011flar.<\/li>\n<li><strong>\u0130la\u00e7 ve T\u0131bbi Cihazlar<\/strong>: \u0130la\u00e7 kaplar\u0131n\u0131n etkili bir \u015fekilde kapat\u0131lmas\u0131n\u0131 sa\u011flayarak kontaminasyon veya kurcalanma riskini azalt\u0131r.<\/li>\n<li><strong>Yiyecek &amp; \u0130\u00e7ecek<\/strong>: \u00dcr\u00fcn b\u00fct\u00fcnl\u00fc\u011f\u00fcn\u00fc korurken a\u00e7\u0131lma kolayl\u0131\u011f\u0131 sa\u011flamak i\u00e7in \u015fi\u015fe kapaklar\u0131n\u0131n torkunu do\u011frular.<\/li>\n<li><strong>T\u00fcketim Mallar\u0131<\/strong>: \u00c7e\u015fitli t\u00fcketici ambalajlar\u0131 i\u00e7in kapak i\u015flevselli\u011fini test etmeye yard\u0131mc\u0131 olur, s\u0131zd\u0131rmazl\u0131k g\u00fcc\u00fc ve kullan\u0131c\u0131 rahatl\u0131\u011f\u0131 aras\u0131nda do\u011fru dengeyi sa\u011flar.<\/li>\n<li><strong>\u00d6zel Test \u00c7\u00f6z\u00fcmleri<\/strong>: Cell Instruments, farkl\u0131 end\u00fcstrilerin benzersiz ihtiya\u00e7lar\u0131n\u0131 kar\u015f\u0131lamak i\u00e7in \u00f6zelle\u015ftirilmi\u015f test gereksinimleri sa\u011flama konusunda da uzmanla\u015fm\u0131\u015ft\u0131r.<\/li>\n<\/ul>\n<h2>Test S\u00fcreci<\/h2>\n<p>ile test s\u00fcreci <strong>Otomatik Kapak Tork Test Cihaz\u0131<\/strong> (MCT-01) kullan\u0131m kolayl\u0131\u011f\u0131 i\u00e7in tamamen otomatiktir:<\/p>\n<ul>\n<li><strong>Numune Y\u00fckleme<\/strong>: \u015ei\u015fe ve kapak test cihaz\u0131na yerle\u015ftirilir, hem \u015fi\u015fe pn\u00f6matik kelep\u00e7esi hem de kapak pn\u00f6matik kelep\u00e7esi numuneyi sabitlemek i\u00e7in otomatik olarak devreye girer.<\/li>\n<li><strong>Test Ba\u015flatma<\/strong>: Tu\u015funa basarak <strong>TEST<\/strong> d\u00fc\u011fmesine bas\u0131ld\u0131\u011f\u0131nda, alt kelep\u00e7e d\u00f6nmeye ba\u015flar ve test gereksinimlerine ba\u011fl\u0131 olarak \u015fi\u015feyi a\u00e7ar veya kapat\u0131r.<\/li>\n<li><strong>Tork \u00d6l\u00e7\u00fcm\u00fc<\/strong>: D\u00f6n\u00fc\u015f s\u0131ras\u0131nda tork kuvveti hassas bir \u015fekilde \u00f6l\u00e7\u00fcl\u00fcr ve ger\u00e7ek zamanl\u0131 olarak kaydedilir. Sistem, hem a\u00e7ma hem de kilitleme kuvvetleri i\u00e7in tepe tork de\u011ferlerini otomatik olarak korur.<\/li>\n<li><strong>Veri Analizi<\/strong>: \u00d6l\u00e7\u00fclen tork verileri, Kgf.cm, N.cm, daN.cm, Inch.lbs ve N.m dahil olmak \u00fczere birden fazla birimde g\u00f6r\u00fcnt\u00fclenerek kapsaml\u0131 analiz ve kalite kontrol\u00fcne olanak tan\u0131r.<\/li>\n<\/ul>\n<h2>Teknik \u00d6zellikler<\/h2>\n<ul>\n<li><strong>PLC Kontroll\u00fc \u00dcnite<\/strong>: End\u00fcstriyel d\u00fczeyde kararl\u0131l\u0131k i\u00e7in, test cihaz\u0131 PLC kontroll\u00fc bir \u00fcnite ve sezgisel bir HMI dokunmatik ekran aray\u00fcz\u00fc ile \u00e7al\u0131\u015f\u0131r.<\/li>\n<li><strong>\u00c7ift Pn\u00f6matik S\u0131k\u0131\u015ft\u0131rma<\/strong>: \u00dcst ve alt pn\u00f6matik kelep\u00e7eler, \u015fi\u015feye veya kapa\u011fa zarar vermeden g\u00fcvenli test sa\u011flar.<\/li>\n<li><strong>Otomatik Rotasyon ve Tork \u00d6l\u00e7\u00fcm\u00fc<\/strong>: Otomatik rotasyon ile ger\u00e7ek d\u00fcnyadaki \u00fcretim ko\u015fullar\u0131n\u0131 sim\u00fcle ederek sistemi kalite g\u00fcvencesi i\u00e7in ideal hale getirir.<\/li>\n<li><strong>\u00c7ok Birimli \u00d6l\u00e7\u00fcm<\/strong>: Esnek analiz i\u00e7in torku Kgf.cm, N.cm, daN.cm, Inch.lbs ve N.m cinsinden g\u00f6r\u00fcnt\u00fcler.<\/li>\n<li><strong>A\u015f\u0131r\u0131 Y\u00fck Korumas\u0131 ve Otomatik S\u0131f\u0131rlama<\/strong>: Sistem, g\u00fcvenilir, tutarl\u0131 \u00f6l\u00e7\u00fcmler sa\u011flamak i\u00e7in a\u015f\u0131r\u0131 y\u00fck korumas\u0131 ve do\u011fru okumalar i\u00e7in otomatik s\u0131f\u0131rlama i\u015flevi i\u00e7erir.<\/li>\n<li><strong>RS232 Ba\u011flant\u0131 Noktas\u0131 ve Yaz\u0131l\u0131m<\/strong>: Opsiyonel olarak RS232 portu ve detayl\u0131 raporlama ve veri y\u00f6netimi i\u00e7in profesyonel bilgisayar yaz\u0131l\u0131m\u0131 mevcuttur.<\/li>\n<li><strong>Mikro Yaz\u0131c\u0131<\/strong>: \u00dcretim ve test s\u0131ras\u0131nda h\u0131zl\u0131 referans i\u00e7in an\u0131nda \u00e7\u0131kt\u0131lar sa\u011flar.<\/li>\n<\/ul>\n<h2>Ba\u015fl\u0131ca Standartlar<\/h2>\n<p>Bu <strong>Otomatik Kapak Tork Test Cihaz\u0131 (MCT-01)<\/strong> end\u00fcstri standartlar\u0131na uygundur ve titiz kalite g\u00fcvence gereksinimlerini kar\u015f\u0131lamas\u0131n\u0131 sa\u011flar:<\/p>\n<ul>\n<li><strong><a href=\"https:\/\/www.astm.org\/d2063_d2063m-10r18.html\" target=\"_blank\" rel=\"noopener nofollow\">ASTM D2063<\/a>: Aseptik Olarak Paketlenmi\u015f Konteynerler i\u00e7in Kapatma Sistemlerinin Torku (Kuvveti) i\u00e7in Standart Test Y\u00f6ntemi<\/strong><br \/>\n<a href=\"https:\/\/www.qualitester.com\/tr\/urun-kategori\/astm\/astm-d2063\/\" target=\"_blank\" rel=\"noopener\">ASTM D2063<\/a> \u00f6zellikle ila\u00e7 ve g\u0131da ambalajlar\u0131nda kritik \u00f6neme sahip olan aseptik kapatma sistemlerini a\u00e7mak ve kapatmak i\u00e7in gereken torku belirleme y\u00f6ntemini \u00f6zetlemektedir. Bu standart, torkun t\u00fcketici taraf\u0131ndan kolayca a\u00e7\u0131lmas\u0131na izin verirken hava ge\u00e7irmez bir s\u0131zd\u0131rmazl\u0131k sa\u011flamak i\u00e7in yeterli olmas\u0131n\u0131 sa\u011flar.<\/li>\n<li><strong><a href=\"https:\/\/www.astm.org\/d3198-97r02.html\" target=\"_blank\" rel=\"noopener nofollow\">ASTM D3198<\/a>: \u015ei\u015feler ve Kaplar i\u00e7in Kapatma Sistemlerinin Torkunu (Kuvvetini) \u00d6l\u00e7mek i\u00e7in Standart Test Y\u00f6ntemi<\/strong><br \/>\n<a href=\"https:\/\/www.qualitester.com\/tr\/urun-kategori\/astm\/astm-d3198\/\" target=\"_blank\" rel=\"noopener\">ASTM D3198<\/a> \u015fi\u015fe ve kavanoz gibi kaplarda kapaklar\u0131n ve kapatma sistemlerinin tork kuvvetinin test edilmesine y\u00f6nelik k\u0131lavuz ilkeler sa\u011flar. Kapaklar\u0131n \u00fcretim s\u0131ras\u0131nda d\u00fczg\u00fcn bir \u015fekilde kapat\u0131lmas\u0131n\u0131 ve t\u00fcketiciler taraf\u0131ndan g\u00fcvenli bir \u015fekilde a\u00e7\u0131labilmesini sa\u011flamaya odaklanmaktad\u0131r.<\/li>\n<li><strong><a href=\"https:\/\/www.astm.org\/d3474-90r18.html\" target=\"_blank\" rel=\"noopener nofollow\">ASTM D3474<\/a>: Kaplar \u00dczerindeki Kapaklar\u0131n Torkunu (Kuvvetini) Belirlemek i\u00e7in Standart Test Y\u00f6ntemi<\/strong><br \/>\n<a href=\"https:\/\/www.qualitester.com\/tr\/urun-kategori\/astm\/astm-d3474\/\">ASTM D3474<\/a> \u00e7e\u015fitli kaplarda kapatma torkunu test etmek i\u00e7in bir y\u00f6ntem tan\u0131mlar ve kapaklar\u0131n \u00fcretim s\u0131ras\u0131nda do\u011fru torkla uygulanmas\u0131n\u0131 sa\u011flar. Bu standart, tutarl\u0131 \u00fcr\u00fcn performans\u0131 ve ambalaj g\u00fcvenli\u011finin korunmas\u0131na yard\u0131mc\u0131 olur.<\/li>\n<li><strong>Di\u011fer \u0130lgili Standartlar<\/strong>:<br \/>\nMCT-01 ayr\u0131ca a\u015fa\u011f\u0131daki gibi ek standartlara da ba\u011fl\u0131d\u0131r <strong>GB\/T17876<\/strong>, <strong>BB\/T0025<\/strong>, ve <strong>BB\/T0034<\/strong>, Farkl\u0131 pazarlarda ve b\u00f6lgelerde ambalaj ve kapak testleri i\u00e7in k\u0131lavuzlar sa\u011flar.<\/li>\n<\/ul>\n<h2>Kullanman\u0131n Faydalar\u0131 <strong>Otomatik Kapak Tork Test Cihaz\u0131<\/strong><\/h2>\n<ul>\n<li><strong>Hassasiyet ve G\u00fcvenilirlik<\/strong>: MCT-01, kaplar\u0131n uygun \u015fekilde kapat\u0131lmas\u0131n\u0131 ve t\u00fcketicinin kullan\u0131m kolayl\u0131\u011f\u0131n\u0131 sa\u011flamak i\u00e7in gerekli olan son derece hassas ve tekrarlanabilir tork \u00f6l\u00e7\u00fcmleri sunar.<\/li>\n<li><strong>Kullan\u0131m Kolayl\u0131\u011f\u0131<\/strong>: Sezgisel dokunmatik ekran aray\u00fcz\u00fc ve tam otomatik test fonksiyonlar\u0131 ile sistemin kullan\u0131m\u0131 kolayd\u0131r, bu da onu hem yeni hem de deneyimli operat\u00f6rler i\u00e7in ideal hale getirir.<\/li>\n<li><strong>Geli\u015ftirilmi\u015f Kalite Kontrol<\/strong>: Kapak tork kuvvetlerini do\u011fru bir \u015fekilde de\u011ferlendirerek, \u00fcr\u00fcn kalitesini art\u0131rarak ve t\u00fcketici g\u00fcvenli\u011fini sa\u011flayarak \u00fcreticilerin kat\u0131 end\u00fcstri standartlar\u0131n\u0131 kar\u015f\u0131lamas\u0131na yard\u0131mc\u0131 olur.<\/li>\n<li><strong>End\u00fcstri Standartlar\u0131na Uygunluk<\/strong>: Test cihaz\u0131 ASTM D2063, ASTM D3198 ve ASTM D3474 standartlar\u0131n\u0131 kar\u015f\u0131layarak \u00fcr\u00fcnlerin k\u00fcresel kalite g\u00fcvence d\u00fczenlemelerine uygun oldu\u011fu konusunda g\u00f6n\u00fcl rahatl\u0131\u011f\u0131 sa\u011flar.<\/li>\n<\/ul>","protected":false},"excerpt":{"rendered":"<p>Bu <strong>Otomatik Kapak Tork Test Cihaz\u0131 (MCT-01)<\/strong> \u00e7e\u015fitli kap t\u00fcrlerindeki kapaklar\u0131n a\u00e7\u0131lma ve kilitlenme kuvvetlerini \u00f6l\u00e7mek i\u00e7in tasarlanm\u0131\u015f son derece hassas ve verimli bir cihazd\u0131r. Bu test, ila\u00e7, yiyecek ve i\u00e7ecek, t\u0131bbi cihazlar ve t\u00fcketici \u00fcr\u00fcnleri gibi sekt\u00f6rlerdeki ambalaj uygulamalar\u0131nda kritik \u00f6neme sahiptir. Do\u011fru tork \u00f6l\u00e7\u00fcmleri, kapaklar\u0131n nakliye i\u00e7in g\u00fcvenli bir \u015fekilde kapat\u0131lmas\u0131n\u0131, ancak t\u00fcketiciler i\u00e7in kolay a\u00e7\u0131lmas\u0131n\u0131 sa\u011flayarak hem g\u00fcvenlik hem de rahatl\u0131k sunar. Geli\u015fmi\u015f teknolojisi ile MCT-01, kalite kontrol ve end\u00fcstri standartlar\u0131na uyum i\u00e7in gerekli olan g\u00fcvenilir ve do\u011fru tork \u00f6l\u00e7\u00fcmleri sa\u011flar.<\/p>","protected":false},"featured_media":6020,"comment_status":"closed","ping_status":"closed","template":"","meta":{"site-sidebar-layout":"default","site-content-layout":"default","ast-global-header-display":"","ast-main-header-display":"","ast-hfb-above-header-display":"","ast-hfb-below-header-display":"","ast-hfb-mobile-header-display":"","site-post-title":"disabled","ast-breadcrumbs-content":"","ast-featured-img":"disabled","footer-sml-layout":"","theme-transparent-header-meta":"default","adv-header-id-meta":"","stick-header-meta":"","header-above-stick-meta":"","header-main-stick-meta":"","header-below-stick-meta":""},"product_cat":[845,687,17,124,125,128,95],"product_tag":[],"class_list":{"0":"post-1752","1":"product","2":"type-product","3":"status-publish","4":"has-post-thumbnail","6":"product_cat-customization","7":"product_cat-torque-tester","8":"product_cat-package-container-testers","9":"product_cat-astm-d2063","10":"product_cat-astm-d3198","11":"product_cat-astm-d3474","12":"product_cat-products","13":"desktop-align-left","14":"tablet-align-left","15":"mobile-align-left","17":"first","18":"instock","19":"shipping-taxable","20":"product-type-simple"},"_links":{"self":[{"href":"https:\/\/www.qualitester.com\/tr\/wp-json\/wp\/v2\/product\/1752","targetHints":{"allow":["GET"]}}],"collection":[{"href":"https:\/\/www.qualitester.com\/tr\/wp-json\/wp\/v2\/product"}],"about":[{"href":"https:\/\/www.qualitester.com\/tr\/wp-json\/wp\/v2\/types\/product"}],"replies":[{"embeddable":true,"href":"https:\/\/www.qualitester.com\/tr\/wp-json\/wp\/v2\/comments?post=1752"}],"version-history":[{"count":0,"href":"https:\/\/www.qualitester.com\/tr\/wp-json\/wp\/v2\/product\/1752\/revisions"}],"wp:featuredmedia":[{"embeddable":true,"href":"https:\/\/www.qualitester.com\/tr\/wp-json\/wp\/v2\/media\/6020"}],"wp:attachment":[{"href":"https:\/\/www.qualitester.com\/tr\/wp-json\/wp\/v2\/media?parent=1752"}],"wp:term":[{"taxonomy":"product_cat","embeddable":true,"href":"https:\/\/www.qualitester.com\/tr\/wp-json\/wp\/v2\/product_cat?post=1752"},{"taxonomy":"product_tag","embeddable":true,"href":"https:\/\/www.qualitester.com\/tr\/wp-json\/wp\/v2\/product_tag?post=1752"}],"curies":[{"name":"wp","href":"https:\/\/api.w.org\/{rel}","templated":true}]}}