{"id":1728,"date":"2023-04-26T13:58:32","date_gmt":"2023-04-26T05:58:32","guid":{"rendered":"https:\/\/www.qualitester.com\/?post_type=product&#038;p=1728"},"modified":"2024-12-02T16:27:43","modified_gmt":"2024-12-02T08:27:43","slug":"leak-tester-lt-02","status":"publish","type":"product","link":"https:\/\/www.qualitester.com\/tr\/urun\/leak-tester-lt-02\/","title":{"rendered":"LT-02 S\u0131z\u0131nt\u0131 Test Cihaz\u0131"},"content":{"rendered":"<h2><strong>Paket Ka\u00e7ak Test Cihaz\u0131na Giri\u015f<\/strong><\/h2>\n<p>Ambalaj m\u00fch\u00fcrlerinin b\u00fct\u00fcnl\u00fc\u011f\u00fcn\u00fc sa\u011flamak, \u00fcr\u00fcnleri kontaminasyon, bozulma ve bozulmaya kar\u015f\u0131 korumak i\u00e7in \u00e7ok \u00f6nemlidir. Gibi g\u00fcvenilir bir paket s\u0131z\u0131nt\u0131 test cihaz\u0131 <strong>LT-02 S\u0131z\u0131nt\u0131 Test Cihaz\u0131<\/strong> g\u0131da ambalaj\u0131ndan ila\u00e7lara kadar \u00e7e\u015fitli sekt\u00f6rlerde hayati bir rol oynar ve ambalaj kalitesine ili\u015fkin temel bilgiler sa\u011flar. Bu geli\u015fmi\u015f s\u0131z\u0131nt\u0131 testi cihaz\u0131, \u00fcreticilerin ambalaj kusurlar\u0131n\u0131 erkenden tespit edip gidermesine yard\u0131mc\u0131 olarak \u00fcr\u00fcnlerin g\u00fcvenli, taze ve end\u00fcstri standartlar\u0131na uygun kalmas\u0131n\u0131 sa\u011flar.<\/p>\n<p>A <strong>paket ka\u00e7ak test cihaz\u0131<\/strong> bir paketin m\u00fchr\u00fcn\u00fcn hava ge\u00e7irmez oldu\u011funu do\u011frulayarak i\u00e7eri\u011fi tehlikeye atabilecek s\u0131z\u0131nt\u0131lar\u0131 \u00f6nler. Bu, \u00f6zellikle \u00fcr\u00fcn kalitesi ve g\u00fcvenli\u011finin korunmas\u0131 i\u00e7in m\u00fch\u00fcr b\u00fct\u00fcnl\u00fc\u011f\u00fcn\u00fcn gerekli oldu\u011fu sekt\u00f6rlerde \u00f6nemlidir.<\/p>\n<h2><strong>ASTM D3078: S\u0131z\u0131nt\u0131 Testi i\u00e7in Standart<\/strong><\/h2>\n<h3><strong>ASTM D3078'e Giri\u015f<\/strong><\/h3>\n<p>Bu <a href=\"https:\/\/www.astm.org\/d3078-02r21e01.html\" target=\"_blank\" rel=\"noopener nofollow\"><strong>ASTM D3078<\/strong><\/a> tepe bo\u015flu\u011fu gaz\u0131 i\u00e7eren esnek ambalajlardaki br\u00fct s\u0131z\u0131nt\u0131lar\u0131 tespit etme y\u00f6ntemlerini \u00f6zetleyen yayg\u0131n olarak tan\u0131nan bir standartt\u0131r. Bu standart \u00f6zellikle g\u0131da, ila\u00e7 ve t\u0131bbi cihaz uygulamalar\u0131nda kullan\u0131lan esnek ambalaj malzemelerinin test edilmesi i\u00e7in kullan\u0131\u015fl\u0131d\u0131r ve bu uygulamalarda s\u0131zd\u0131rmazl\u0131k b\u00fct\u00fcnl\u00fc\u011f\u00fcn\u00fcn sa\u011flanmas\u0131 \u00fcr\u00fcn g\u00fcvenli\u011fi a\u00e7\u0131s\u0131ndan son derece \u00f6nemlidir.<\/p>\n<h3><strong>ASTM D3078 Kapsam\u0131nda Test Metodolojisi<\/strong><\/h3>\n<p>G\u00f6re <a href=\"https:\/\/www.qualitester.com\/tr\/urun-kategori\/astm\/astm-d3078\/\" target=\"_blank\" rel=\"noopener\"><strong>ASTM D3078<\/strong><\/a>, Paket s\u0131z\u0131nt\u0131 testi, test numunesinin su dolu bir hazneye dald\u0131r\u0131lmas\u0131yla ger\u00e7ekle\u015ftirilir. Daha sonra hazne kapat\u0131l\u0131r ve bas\u0131n\u00e7 farkl\u0131l\u0131klar\u0131 yaratmak i\u00e7in vakum uygulan\u0131r. Pakette bir s\u0131z\u0131nt\u0131 varsa, hava a\u00e7\u0131kl\u0131ktan ka\u00e7acak ve suda kabarc\u0131klar olu\u015fmas\u0131na neden olacakt\u0131r. Bu y\u00f6ntem, di\u011fer y\u00f6ntemlerle tespit edilemeyecek kadar k\u00fc\u00e7\u00fck olan s\u0131z\u0131nt\u0131lar\u0131n bile g\u00f6rsel olarak tespit edilmesini kolayla\u015ft\u0131r\u0131r.<\/p>\n<p>Bu standart, ambalaj malzemelerinin s\u0131z\u0131nt\u0131lara kar\u015f\u0131 etkili bir \u015fekilde de\u011ferlendirilebilmesini sa\u011flayarak \u00fcreticilere \u00fcr\u00fcn korumas\u0131n\u0131 ve g\u00fcvenlik d\u00fczenlemelerine uygunlu\u011fu garanti etmek i\u00e7in g\u00fcvenilir bir yol sunar.<\/p>\n<h2><strong>Paket Ka\u00e7ak Test Cihaz\u0131 Nas\u0131l \u00c7al\u0131\u015f\u0131r?<\/strong><\/h2>\n<h3><strong>Test Kurulumu ve Prosed\u00fcr\u00fc<\/strong><\/h3>\n<p>kullanarak bir s\u0131z\u0131nt\u0131 testi ger\u00e7ekle\u015ftirmek i\u00e7in <strong>LT-02 S\u0131z\u0131nt\u0131 Test Cihaz\u0131<\/strong>, Test numunesi su ile doldurulmu\u015f \u015feffaf bir akrilik haznenin i\u00e7ine yerle\u015ftirilir. Hazne kapat\u0131l\u0131r ve kontrol \u00fcnitesi gerekli vakum bas\u0131nc\u0131 elde edilene kadar havay\u0131 tahliye etmeye ba\u015flar. Daha sonra paket, s\u0131zd\u0131rmazl\u0131ktaki k\u00fc\u00e7\u00fck a\u00e7\u0131kl\u0131klardan hava ka\u00e7arken kabarc\u0131klar\u0131n ortaya \u00e7\u0131kmas\u0131yla g\u00f6sterilen s\u0131z\u0131nt\u0131lara kar\u015f\u0131 test edilir.<\/p>\n<h3><strong>LT-02 S\u0131z\u0131nt\u0131 Test Cihaz\u0131n\u0131n Teknik \u00d6zellikleri<\/strong><\/h3>\n<ul>\n<li><strong>Y\u00fcksek Vakum Yetenekleri<\/strong>: LT-02, a\u015fa\u011f\u0131daki de\u011ferlere kadar vakum bas\u0131nc\u0131na ula\u015fabilir <strong>-90KPa<\/strong> Venturi t\u00fcp\u00fc kullanarak. Bu sayede \u00e7ok \u00e7e\u015fitli ambalaj malzemelerindeki \u00e7ok k\u00fc\u00e7\u00fck s\u0131z\u0131nt\u0131lar\u0131 bile tespit edebilir.<\/li>\n<li><strong>Ayarlanabilir Test S\u00fcresi<\/strong>: Test s\u00fcresi, test edilen ambalaj\u0131n \u00f6zel gereksinimlerine uyacak \u015fekilde \u00f6zelle\u015ftirilebilir. Bu \u00f6zellik, hem k\u00fc\u00e7\u00fck hem de b\u00fcy\u00fck ambalajlar\u0131n etkili bir \u015fekilde test edilebilmesini sa\u011flar.<\/li>\n<li><strong>SMC Vakum Bas\u0131n\u00e7 Anahtar\u0131<\/strong>: LT-02, test s\u0131ras\u0131nda vakum seviyeleri \u00fczerinde hassas ve g\u00fcvenilir kontrol sa\u011flayan y\u00fcksek kaliteli bir SMC vakum bas\u0131n\u00e7 anahtar\u0131 kullan\u0131r.<\/li>\n<li><strong>\u00d6zelle\u015ftirilebilir Test Odas\u0131<\/strong>: Hazne dayan\u0131kl\u0131, \u015feffaf akrilikten yap\u0131lm\u0131\u015ft\u0131r ve silindirik ve k\u00fcboid \u015fekiller de dahil olmak \u00fczere farkl\u0131 ambalaj formatlar\u0131na uyum sa\u011flamak i\u00e7in boyut ve \u015fekil a\u00e7\u0131s\u0131ndan \u00f6zelle\u015ftirilebilir.<\/li>\n<li><strong>\u0130ste\u011fe Ba\u011fl\u0131 Daha Y\u00fcksek Vakum Seviyeleri<\/strong>: LT-02, a\u015fa\u011f\u0131dakilere uygun olarak daha y\u00fcksek vakum seviyeleri i\u00e7in bir vakum pompas\u0131 ile uyumludur <strong>ASTM D4991<\/strong>, daha s\u0131k\u0131 test gereksinimleri i\u00e7in.<\/li>\n<\/ul>\n<h2><strong>Paket Ka\u00e7ak Testi Uygulamalar\u0131<\/strong><\/h2>\n<h3><strong>End\u00fcstri Uygulamalar\u0131<\/strong><\/h3>\n<ul>\n<li><strong>G\u0131da End\u00fcstrisi<\/strong>: LT-02, g\u0131da end\u00fcstrisinde ambalaj b\u00fct\u00fcnl\u00fc\u011f\u00fcn\u00fcn sa\u011flanmas\u0131, bozulabilir \u00fcr\u00fcnlerin kirlenmesinin, bozulmas\u0131n\u0131n veya bozulmas\u0131n\u0131n \u00f6nlenmesi i\u00e7in \u00e7ok \u00f6nemlidir.<\/li>\n<li><strong>\u0130la\u00e7 ve T\u0131bbi Cihazlar<\/strong>: \u0130la\u00e7lar veya t\u0131bbi cihazlar gibi steril ambalaj gerektiren \u00fcr\u00fcnler i\u00e7in LT-02, ambalaj contalar\u0131nda s\u0131z\u0131nt\u0131 olmamas\u0131n\u0131 sa\u011flayarak kontaminasyona kar\u015f\u0131 koruma sa\u011flar.<\/li>\n<li><strong>Ambalaj \u00dcreticileri<\/strong>: LT-02, ambalaj \u00fcreticileri taraf\u0131ndan da m\u00fc\u015fterilere sunulmadan \u00f6nce \u00fcr\u00fcnlerinin performans\u0131n\u0131 test etmek ve do\u011frulamak i\u00e7in yayg\u0131n olarak kullan\u0131lmaktad\u0131r.<\/li>\n<\/ul>\n<h3><strong>S\u00fcrd\u00fcr\u00fclebilir Ambalaj Testi<\/strong><\/h3>\n<p>S\u00fcrd\u00fcr\u00fclebilir ve \u00e7evre dostu ambalaj \u00e7\u00f6z\u00fcmlerine y\u00f6nelik artan taleple birlikte LT-02, alternatif malzemelerin s\u0131z\u0131nt\u0131 direnci a\u00e7\u0131s\u0131ndan test edilmesine yard\u0131mc\u0131 olarak bu yeni ambalaj t\u00fcrlerinin geleneksel ambalaj malzemeleriyle ayn\u0131 g\u00fcvenlik ve koruma standartlar\u0131n\u0131 kar\u015f\u0131lamas\u0131n\u0131 sa\u011flayabilir.<\/p>\n<h2><strong>Paket S\u0131z\u0131nt\u0131 Test Cihaz\u0131 Kullanman\u0131n Faydalar\u0131<\/strong><\/h2>\n<ul>\n<li><strong>Do\u011fruluk ve G\u00fcvenilirlik<\/strong>: LT-02 hassas ve g\u00fcvenilir sonu\u00e7lar sa\u011flayarak ambalaj m\u00fch\u00fcrlerindeki kusurlar\u0131n \u00fcretim s\u00fcrecinin erken a\u015famalar\u0131nda tespit edilmesini ve ele al\u0131nmas\u0131n\u0131 sa\u011flar.<\/li>\n<li><strong>Maliyet-Etkililik<\/strong>: \u00dcreticiler, \u00fcr\u00fcnler pazara ula\u015fmadan \u00f6nce ambalaj kusurlar\u0131n\u0131 tespit ederek maliyetli \u00fcr\u00fcn geri \u00e7a\u011f\u0131rma, m\u00fc\u015fteri memnuniyetsizli\u011fi ve hasarl\u0131 \u00fcr\u00fcnlerden ka\u00e7\u0131nabilir.<\/li>\n<li><strong>End\u00fcstri Standartlar\u0131na Uygunluk<\/strong>: LT-02 ile bulu\u015fuyor <strong>ASTM D3078<\/strong> ve di\u011fer ilgili ambalaj test standartlar\u0131na uyum sa\u011flayarak \u00fcreticilerin \u00fcr\u00fcn g\u00fcvenli\u011fi ve ambalaj kalitesine y\u00f6nelik yasal gerekliliklerle uyumlu kalmas\u0131na yard\u0131mc\u0131 olur.<\/li>\n<\/ul>\n<h2><strong>LT-02 S\u0131z\u0131nt\u0131 Test Cihaz\u0131n\u0131n Teknik \u00d6zellikleri<\/strong><\/h2>\n<table>\n<tbody>\n<tr>\n<td style=\"text-align: center;\" width=\"129\">Test Aral\u0131\u011f\u0131<\/td>\n<td style=\"text-align: center;\" width=\"229\">0~-90 KPa<\/td>\n<\/tr>\n<tr>\n<td style=\"text-align: center;\" width=\"129\">Oda<\/td>\n<td width=\"229\">Akrilik silindir \u015fekli<\/td>\n<\/tr>\n<tr>\n<td style=\"text-align: center;\" width=\"129\">Test Alan\u0131<\/td>\n<td style=\"text-align: center;\" width=\"229\">\u03a6270*H210mm (\u0130\u00e7 Kullan\u0131labilir)<\/td>\n<\/tr>\n<tr>\n<td style=\"text-align: center;\" width=\"129\">Bas\u0131n\u00e7l\u0131 Hava<\/td>\n<td style=\"text-align: center;\" width=\"229\">0.7MPa (Kullan\u0131c\u0131 taraf\u0131ndan haz\u0131rlanm\u0131\u015ft\u0131r)<\/td>\n<\/tr>\n<tr>\n<td style=\"text-align: center;\" width=\"129\">G\u00fc\u00e7<\/td>\n<td style=\"text-align: center;\" width=\"229\">110V veya 220V 50\/60Hz<\/td>\n<\/tr>\n<\/tbody>\n<\/table>\n<h2><strong>S\u0131k\u00e7a Sorulan Sorular (SSS)<\/strong><\/h2>\n<ul>\n<li><strong>ASTM D3078 nedir ve ambalaj s\u0131z\u0131nt\u0131 testi ile nas\u0131l bir ili\u015fkisi vard\u0131r?<\/strong><br \/>\n<strong>ASTM D3078<\/strong> bir su haznesinde kabarc\u0131k emisyonu kullan\u0131larak esnek ambalajlardaki br\u00fct s\u0131z\u0131nt\u0131lar\u0131 tespit etmek i\u00e7in kullan\u0131lan standart bir test y\u00f6ntemidir. G\u0131da, ila\u00e7 ve t\u0131bbi cihaz ambalajlar\u0131nda yayg\u0131n olarak kullan\u0131lmaktad\u0131r.<\/li>\n<li><strong>LT-02 S\u0131z\u0131nt\u0131 Test Cihaz\u0131 s\u0131z\u0131nt\u0131lar\u0131 nas\u0131l tespit eder?<\/strong><br \/>\nLT-02 su ile doldurulmu\u015f bir vakum odas\u0131 kullan\u0131r. Ambalajdaki herhangi bir s\u0131z\u0131nt\u0131dan hava ka\u00e7arken kabarc\u0131klar olu\u015fur ve s\u0131z\u0131nt\u0131lar\u0131n g\u00f6rsel olarak tespit edilmesini kolayla\u015ft\u0131r\u0131r.<\/li>\n<li><strong>Hangi sekt\u00f6rler paket ka\u00e7ak test cihaz\u0131 kullanmaktan yararlan\u0131r?<\/strong><br \/>\nG\u0131da ambalaj\u0131, ila\u00e7, t\u0131bbi cihaz ve ambalaj \u00fcreticileri gibi sekt\u00f6rler, \u00fcr\u00fcn kalitesini ve uygunlu\u011funu sa\u011flamak i\u00e7in ambalaj s\u0131z\u0131nt\u0131 test cihazlar\u0131ndan faydalanmaktad\u0131r.<\/li>\n<li><strong>LT-02 farkl\u0131 paket boyutlar\u0131 i\u00e7in kullan\u0131labilir mi?<\/strong><br \/>\nEvet, LT-02, k\u00fc\u00e7\u00fck g\u0131da kaplar\u0131ndan daha b\u00fcy\u00fck t\u0131bbi ambalajlara kadar \u00e7ok \u00e7e\u015fitli ambalaj formatlar\u0131na uyum sa\u011flamak i\u00e7in \u00f6zelle\u015ftirilebilir hazne boyutlar\u0131na sahiptir.<\/li>\n<li><strong>LT-02 S\u0131z\u0131nt\u0131 Test Cihaz\u0131n\u0131 kullan\u0131m i\u00e7in nas\u0131l ayarlayabilirim?<\/strong><br \/>\nLT-02'nin kurulumu basittir. Paketi haznenin i\u00e7ine yerle\u015ftirin, kapat\u0131n ve vakum ile test s\u00fcresi ayarlar\u0131n\u0131 gerekti\u011fi gibi yap\u0131n. Cihaz daha sonra testi ger\u00e7ekle\u015ftirecek ve bir s\u0131z\u0131nt\u0131 tespit edilirse g\u00f6rsel geri bildirim sa\u011flayacakt\u0131r.<\/li>\n<\/ul>\n<p>Bu <strong>LT-02 Paket Ka\u00e7ak Test Cihaz\u0131<\/strong> Cell Instruments'tan LT-02, birden fazla sekt\u00f6rde ambalaj m\u00fch\u00fcrlerinin b\u00fct\u00fcnl\u00fc\u011f\u00fcn\u00fc sa\u011flamak i\u00e7in \u00f6nemli bir ara\u00e7t\u0131r. \u0130ster g\u0131da ambalaj\u0131, ister ila\u00e7 veya ambalaj \u00fcretimi ile ilgileniyor olun, LT-02 a\u015fa\u011f\u0131dakilere uygun olarak hassas, g\u00fcvenilir ve verimli s\u0131z\u0131nt\u0131 testi sunar <strong>ASTM D3078<\/strong> ve di\u011fer ilgili standartlara uygundur. \u00d6zelle\u015ftirilebilir \u00f6zellikleri, y\u00fcksek vakum kapasitesi ve kullan\u0131c\u0131 dostu kullan\u0131m\u0131yla LT-02, \u00fcr\u00fcn kalitesinin korunmas\u0131na, \u00fcretim maliyetlerinin d\u00fc\u015f\u00fcr\u00fclmesine ve yasal gerekliliklerle uyumlulu\u011fun s\u00fcrd\u00fcr\u00fclmesine yard\u0131mc\u0131 olur.<\/p>\n<p>Se\u00e7in <strong>LT-02 Paket Ka\u00e7ak Test Cihaz\u0131<\/strong> s\u0131z\u0131nt\u0131 testi ihtiya\u00e7lar\u0131n\u0131z i\u00e7in ve ambalaj\u0131n\u0131z\u0131n \u00fcr\u00fcnleriniz i\u00e7in en y\u00fcksek d\u00fczeyde koruma sa\u011flad\u0131\u011f\u0131ndan emin olun.<\/p>","protected":false},"excerpt":{"rendered":"<p>Ambalaj m\u00fch\u00fcrlerinin b\u00fct\u00fcnl\u00fc\u011f\u00fcn\u00fc sa\u011flamak, \u00fcr\u00fcnleri kontaminasyon, bozulma ve bozulmaya kar\u015f\u0131 korumak i\u00e7in \u00e7ok \u00f6nemlidir. Gibi g\u00fcvenilir bir paket s\u0131z\u0131nt\u0131 test cihaz\u0131 <strong>LT-02 S\u0131z\u0131nt\u0131 Test Cihaz\u0131<\/strong> g\u0131da ambalaj\u0131ndan ila\u00e7lara kadar \u00e7e\u015fitli sekt\u00f6rlerde hayati bir rol oynar ve ambalaj kalitesine ili\u015fkin temel bilgiler sa\u011flar. Bu geli\u015fmi\u015f s\u0131z\u0131nt\u0131 testi cihaz\u0131, \u00fcreticilerin ambalaj kusurlar\u0131n\u0131 erkenden tespit edip gidermesine yard\u0131mc\u0131 olarak \u00fcr\u00fcnlerin g\u00fcvenli, taze ve end\u00fcstri standartlar\u0131na uygun kalmas\u0131n\u0131 sa\u011flar.<\/p>","protected":false},"featured_media":5984,"comment_status":"closed","ping_status":"closed","template":"","meta":{"site-sidebar-layout":"default","site-content-layout":"default","ast-global-header-display":"","ast-main-header-display":"","ast-hfb-above-header-display":"","ast-hfb-below-header-display":"","ast-hfb-mobile-header-display":"","site-post-title":"disabled","ast-breadcrumbs-content":"","ast-featured-img":"disabled","footer-sml-layout":"","theme-transparent-header-meta":"default","adv-header-id-meta":"","stick-header-meta":"","header-above-stick-meta":"","header-main-stick-meta":"","header-below-stick-meta":""},"product_cat":[845,674,675,17,149,16,105,135,95],"product_tag":[],"class_list":{"0":"post-1728","1":"product","2":"type-product","3":"status-publish","4":"has-post-thumbnail","6":"product_cat-customization","7":"product_cat-test-items","8":"product_cat-leak-tester","9":"product_cat-package-container-testers","10":"product_cat-pharma-and-medical-testers","11":"product_cat-plastic-packaging-testers","12":"product_cat-astm-d3078","13":"product_cat-astm-d4991","14":"product_cat-products","15":"desktop-align-left","16":"tablet-align-left","17":"mobile-align-left","19":"first","20":"instock","21":"shipping-taxable","22":"product-type-simple"},"_links":{"self":[{"href":"https:\/\/www.qualitester.com\/tr\/wp-json\/wp\/v2\/product\/1728","targetHints":{"allow":["GET"]}}],"collection":[{"href":"https:\/\/www.qualitester.com\/tr\/wp-json\/wp\/v2\/product"}],"about":[{"href":"https:\/\/www.qualitester.com\/tr\/wp-json\/wp\/v2\/types\/product"}],"replies":[{"embeddable":true,"href":"https:\/\/www.qualitester.com\/tr\/wp-json\/wp\/v2\/comments?post=1728"}],"version-history":[{"count":0,"href":"https:\/\/www.qualitester.com\/tr\/wp-json\/wp\/v2\/product\/1728\/revisions"}],"wp:featuredmedia":[{"embeddable":true,"href":"https:\/\/www.qualitester.com\/tr\/wp-json\/wp\/v2\/media\/5984"}],"wp:attachment":[{"href":"https:\/\/www.qualitester.com\/tr\/wp-json\/wp\/v2\/media?parent=1728"}],"wp:term":[{"taxonomy":"product_cat","embeddable":true,"href":"https:\/\/www.qualitester.com\/tr\/wp-json\/wp\/v2\/product_cat?post=1728"},{"taxonomy":"product_tag","embeddable":true,"href":"https:\/\/www.qualitester.com\/tr\/wp-json\/wp\/v2\/product_tag?post=1728"}],"curies":[{"name":"wp","href":"https:\/\/api.w.org\/{rel}","templated":true}]}}