{"id":1694,"date":"2023-04-25T16:20:00","date_gmt":"2023-04-25T08:20:00","guid":{"rendered":"https:\/\/www.qualitester.com\/?post_type=product&#038;p=1694"},"modified":"2024-12-02T15:38:46","modified_gmt":"2024-12-02T07:38:46","slug":"hot-tack-tester-htt-02","status":"publish","type":"product","link":"https:\/\/www.qualitester.com\/tr\/urun\/hot-tack-tester-htt-02\/","title":{"rendered":"HTT-02 S\u0131cak Tack Test Cihaz\u0131"},"content":{"rendered":"<p>HTT-02 S\u0131cak Yap\u0131\u015fma Test Cihaz\u0131, \u0131s\u0131yla yap\u0131\u015ft\u0131r\u0131lm\u0131\u015f malzemelerin s\u0131cak yap\u0131\u015fma mukavemetini \u00f6l\u00e7mek i\u00e7in tasarlanm\u0131\u015f \u00f6zel bir cihazd\u0131r. Is\u0131yla yap\u0131\u015ft\u0131r\u0131lan malzemelerin s\u0131cak haldeyken kendilerini ay\u0131rmaya \u00e7al\u0131\u015fan kuvvetlere direnme kabiliyetini de\u011ferlendirir. Bu \u00f6zellik, \u0131s\u0131yla kapat\u0131lan torba veya po\u015fetlerin kapat\u0131ld\u0131ktan hemen sonra stres alt\u0131nda b\u00fct\u00fcnl\u00fcklerini korumalar\u0131 gereken ambalaj uygulamalar\u0131nda \u00f6zellikle \u00f6nemlidir. Test cihaz\u0131 a\u015fa\u011f\u0131dakilerle uyumludur <a href=\"https:\/\/www.qualitester.com\/tr\/urun-kategori\/astm\/astm-f1921\/\" target=\"_blank\" rel=\"noopener\"><strong>ASTM F1921<\/strong><\/a>tutarl\u0131 ve g\u00fcvenilir sonu\u00e7lar sa\u011flar.<\/p>\n<h2><strong>HTT-02 S\u0131cak Yap\u0131\u015ft\u0131rma Test Cihaz\u0131 Uygulamalar\u0131<\/strong><\/h2>\n<p>S\u0131cak yap\u0131\u015fma testi, paketleme i\u00e7in \u0131s\u0131 yal\u0131t\u0131m malzemeleri kullanan end\u00fcstrilerde kritik \u00f6neme sahiptir:<\/p>\n<ul>\n<li><strong>G\u0131da Ambalaj\u0131:<\/strong> Ambalajlama s\u0131ras\u0131nda contalar\u0131n y\u00fcksek kuvvetlere dayanmas\u0131 gereken at\u0131\u015ft\u0131rmal\u0131k po\u015fetleri, dondurulmu\u015f g\u0131da po\u015fetleri ve kahve po\u015fetleri gibi uygulamalar i\u00e7in.<\/li>\n<li><strong>\u0130la\u00e7 Ambalajlar\u0131:<\/strong> T\u0131bbi cihazlar, blister ambalajlar ve steril ambalajlar i\u00e7in kullan\u0131lan \u0131s\u0131yla kapat\u0131lm\u0131\u015f po\u015fetlerin b\u00fct\u00fcnl\u00fc\u011f\u00fcn\u00fc sa\u011flar.<\/li>\n<li><strong>End\u00fcstriyel ve T\u00fcketici \u00dcr\u00fcn Ambalajlar\u0131:<\/strong> Yap\u0131\u015ft\u0131r\u0131c\u0131lar, kimyasallar ve a\u011f\u0131r hizmet torbalar\u0131 gibi ambalaj malzemelerinin test edilmesi.<\/li>\n<li><strong>Tekstil ve Elektronik:<\/strong> Hassas bile\u015fenler ve \u00fcr\u00fcnler i\u00e7in ambalaj\u0131n g\u00fcvenilirli\u011fini do\u011frular.<\/li>\n<\/ul>\n<p>Bu <strong>HTT-02 S\u0131cak Tack Test Cihaz\u0131<\/strong> \u0131s\u0131l yap\u0131\u015fmal\u0131 ambalajlar\u0131n performans\u0131n\u0131 sa\u011flamak i\u00e7in m\u00fckemmeldir. <strong>dikey form-doldurma-m\u00fch\u00fcrleme (VFFS)<\/strong> contalar\u0131n tamamen so\u011fumadan \u00f6nce mekanik gerilime dayanmas\u0131 gereken prosesler.<\/p>\n<h2><strong>Ambalajlamada S\u0131cak Yap\u0131\u015fma \u00d6zelli\u011finin \u00d6nemi<\/strong><\/h2>\n<p>S\u0131cak yap\u0131\u015fma, d\u0131\u015f kuvvetlerin varl\u0131\u011f\u0131nda bile \u0131s\u0131l yap\u0131\u015ft\u0131rmalar\u0131n yap\u0131\u015ft\u0131rmadan hemen sonra bozulmadan kalmas\u0131n\u0131 sa\u011flamada \u00e7ok \u00f6nemli bir fakt\u00f6rd\u00fcr. Dikey form-fill-seal paketleme sistemlerinde, m\u00fch\u00fcrleme i\u015flemi ile \u00fcr\u00fcnlerin yerle\u015ftirilmesi aras\u0131nda genellikle so\u011futma s\u00fcresi yoktur. Bu nedenle <strong>s\u0131cak yap\u0131\u015fma mukavemeti<\/strong> Bir ambalaj\u0131n a\u011f\u0131rl\u0131\u011f\u0131 ve bas\u0131nc\u0131, i\u00e7indekileri y\u0131rt\u0131lmadan veya erken a\u00e7\u0131lmadan ta\u015f\u0131y\u0131p ta\u015f\u0131yamayaca\u011f\u0131n\u0131 belirler. Ambalaj\u0131n i\u015fleme ve nakliye s\u0131ras\u0131nda deformasyona kar\u015f\u0131 dayan\u0131kl\u0131 olmas\u0131 gerekti\u011finden, bu \u00f6zellikle a\u011f\u0131r veya s\u0131v\u0131 dolu \u00fcr\u00fcnlerin paketlenmesinde \u00f6nemlidir.<\/p>\n<h2><strong>ASTM F1921'e Genel Bak\u0131\u015f<\/strong><\/h2>\n<p><a href=\"https:\/\/www.astm.org\/f1921_f1921m-12r18.html\" target=\"_blank\" rel=\"noopener nofollow\"><strong>ASTM F1921<\/strong><\/a> termoplastik malzemelerin s\u0131cak yap\u0131\u015fma mukavemetini \u00f6l\u00e7mek i\u00e7in standart test y\u00f6ntemidir. Bu test, \u0131s\u0131yla yap\u0131\u015ft\u0131r\u0131lan malzemelerin yap\u0131\u015ft\u0131rma i\u015fleminden hemen sonra mekanik kuvvetlere maruz kald\u0131\u011f\u0131nda ayr\u0131lmaya kar\u015f\u0131 koyma kabiliyetini de\u011ferlendirir. Standart iki test y\u00f6ntemi tan\u0131mlar:<\/p>\n<ul>\n<li><strong>Y\u00f6ntem A:<\/strong> Is\u0131l yap\u0131\u015ft\u0131rma olu\u015fturulduktan hemen sonra s\u0131cak yap\u0131\u015fma mukavemetinin \u00f6l\u00e7\u00fclmesini i\u00e7erir.<\/li>\n<li><strong>Y\u00f6ntem B:<\/strong> Numune kontroll\u00fc ko\u015fullar alt\u0131nda so\u011fumaya b\u0131rak\u0131ld\u0131ktan sonra s\u0131zd\u0131rmazl\u0131k g\u00fcc\u00fcn\u00fc \u00f6l\u00e7er.<\/li>\n<\/ul>\n<p>Her iki y\u00f6ntem de \u00e7ok \u00e7e\u015fitli ambalaj malzemelerindeki \u0131s\u0131l yap\u0131\u015fmalar\u0131n g\u00fcvenilirli\u011fini ve performans\u0131n\u0131 de\u011ferlendirmek i\u00e7in kritik veriler sa\u011flar.<\/p>\n<h2><strong>S\u0131cak Yap\u0131\u015fma Test Y\u00f6ntemi<\/strong><\/h2>\n<p>S\u0131cak yap\u0131\u015fma testi i\u015flemi, bir numune \u015feridinin iki \u0131s\u0131t\u0131lm\u0131\u015f \u00e7ene aras\u0131nda kapat\u0131lmas\u0131n\u0131, bas\u0131n\u00e7 uygulanmas\u0131n\u0131 ve numunenin kontroll\u00fc bir ortama tabi tutulmas\u0131n\u0131 i\u00e7erir. S\u00fcre\u00e7 \u015funlar\u0131 i\u00e7erir:<\/p>\n<ol>\n<li><strong>\u00d6rnek Haz\u0131rlama:<\/strong> Numune ASTM F1921 spesifikasyonlar\u0131na g\u00f6re haz\u0131rlan\u0131r ve \u015fartland\u0131r\u0131l\u0131r.<\/li>\n<li><strong>Test Y\u00fcr\u00fctme:<\/strong> Numune, ayarlanm\u0131\u015f bir s\u0131cakl\u0131k ve bas\u0131n\u00e7ta iki \u0131s\u0131t\u0131lm\u0131\u015f \u00e7ene aras\u0131nda kapat\u0131l\u0131r. Bekleme s\u00fcresi (temas s\u00fcresi), hem \u0131s\u0131l yap\u0131\u015fma hem de s\u0131cak yap\u0131\u015fma testleri i\u00e7in 0,1 ila 9999 saniye aras\u0131nda ayarlanabilir.<\/li>\n<li><strong>\u00d6l\u00e7\u00fcm:<\/strong> Test s\u0131ras\u0131nda s\u0131zd\u0131rmazl\u0131\u011f\u0131n hala s\u0131cakken g\u00f6sterdi\u011fi g\u00fc\u00e7 olan s\u0131cak yap\u0131\u015fma kuvveti \u00f6l\u00e7\u00fcl\u00fcr. Test, optimum s\u0131zd\u0131rmazl\u0131k ko\u015fullar\u0131n\u0131 belirlemek i\u00e7in de\u011fi\u015fen s\u0131cakl\u0131klar, bas\u0131n\u00e7 ve bekleme s\u00fcreleri ile tekrarlanabilir.<\/li>\n<\/ol>\n<h2><strong>Temel Test Parametreleri:<\/strong><\/h2>\n<table>\n<tbody>\n<tr>\n<td style=\"text-align: center;\" width=\"123\">S\u0131zd\u0131rmazl\u0131k S\u0131cakl\u0131\u011f\u0131.<\/td>\n<td style=\"text-align: center;\" width=\"251\">Ortam ~ 250 \u2103<\/td>\n<\/tr>\n<tr>\n<td style=\"text-align: center;\" width=\"123\">S\u0131cakl\u0131k Do\u011frulu\u011fu<\/td>\n<td style=\"text-align: center;\" width=\"251\">\u00b10.2\u2103<\/td>\n<\/tr>\n<tr>\n<td style=\"text-align: center;\" width=\"123\">Bekleme S\u00fcresi<\/td>\n<td style=\"text-align: center;\" width=\"251\">0.1~9999s (Is\u0131 Yal\u0131t\u0131m\u0131)<\/td>\n<\/tr>\n<tr>\n<td style=\"text-align: center;\" width=\"123\">Bekleme S\u00fcresi<\/td>\n<td style=\"text-align: center;\" width=\"251\">0.1~9999s (S\u0131cak Yap\u0131\u015ft\u0131rma)<\/td>\n<\/tr>\n<tr>\n<td style=\"text-align: center;\" width=\"123\">S\u0131zd\u0131rmazl\u0131k Bas\u0131nc\u0131<\/td>\n<td style=\"text-align: center;\" width=\"251\">0.15MPa ~ 0.7MPa<\/td>\n<\/tr>\n<tr>\n<td style=\"text-align: center;\" width=\"123\">S\u0131zd\u0131rmazl\u0131k \u00c7eneleri<\/td>\n<td style=\"text-align: center;\" width=\"251\">50mmx10mm Teflon Kaplamal\u0131<\/td>\n<\/tr>\n<tr>\n<td style=\"text-align: center;\" width=\"123\">Jaws Is\u0131tma<\/td>\n<td style=\"text-align: center;\" width=\"251\">\u00c7ift Is\u0131tma<\/td>\n<\/tr>\n<tr>\n<td style=\"text-align: center;\" width=\"123\">Y\u00fck H\u00fccresi<\/td>\n<td style=\"text-align: center;\" width=\"251\">200N (\u0130ste\u011fe ba\u011fl\u0131: 30N50N100N, vb.)<\/td>\n<\/tr>\n<tr>\n<td style=\"text-align: center;\" width=\"123\">Do\u011fruluk<\/td>\n<td style=\"text-align: center;\" width=\"251\">0.5 F.S.<\/td>\n<\/tr>\n<tr>\n<td style=\"text-align: center;\" width=\"123\">\u00c7\u00f6z\u00fcn\u00fcrl\u00fck<\/td>\n<td style=\"text-align: center;\" width=\"251\">0.01N<\/td>\n<\/tr>\n<tr>\n<td style=\"text-align: center;\" width=\"123\">G\u00fc\u00e7<\/td>\n<td style=\"text-align: center;\" width=\"251\">220V, 50 HZ<\/td>\n<\/tr>\n<\/tbody>\n<\/table>\n<h2><strong>HTT-02 S\u0131cak Yap\u0131\u015ft\u0131rma Test Cihaz\u0131n\u0131n Teknik \u00d6zellikleri<\/strong><\/h2>\n<ul>\n<li><strong>PLC Kontroll\u00fc:<\/strong> Testlerde end\u00fcstriyel d\u00fczeyde stabilite ve hassasiyet sa\u011flar.<\/li>\n<li><strong>Kullan\u0131c\u0131 Dostu HMI:<\/strong> 7 in\u00e7lik dokunmatik ekran aray\u00fcz\u00fc, kolay kullan\u0131m ve ayarlamalar sa\u011flar.<\/li>\n<li><strong>ASTM F1921 ile uyumluluk:<\/strong> Her ikisini de destekler <strong>Y\u00f6ntem A<\/strong> ve <strong>Y\u00f6ntem B<\/strong> S\u0131cak yap\u0131\u015fma testi, testlerinizin end\u00fcstri standartlar\u0131na uygun olmas\u0131n\u0131 sa\u011flar.<\/li>\n<li><strong>Geli\u015fmi\u015f S\u0131cakl\u0131k Kontrol\u00fc:<\/strong> P.I.D. (Proportional-Integral-Derivative) kontrol\u00fc, g\u00fcvenilir ve tekrarlanabilir sonu\u00e7lar i\u00e7in hassas s\u0131cakl\u0131k y\u00f6netimi sa\u011flar.<\/li>\n<li><strong>Dayan\u0131kl\u0131 Yap\u0131:<\/strong> Al\u00fcminyum kaps\u00fcll\u00fc s\u0131zd\u0131rmazl\u0131k \u00e7eneleri uzun s\u00fcreli dayan\u0131kl\u0131l\u0131k ve performans i\u00e7in tasarlanm\u0131\u015ft\u0131r.<\/li>\n<li><strong>G\u00fcvenlik \u00d6zellikleri:<\/strong> Otomatik s\u0131f\u0131rlama, a\u015f\u0131r\u0131 y\u00fck korumas\u0131 ve a\u015f\u0131r\u0131 hareket korumas\u0131 g\u00fcvenli \u00e7al\u0131\u015fma sa\u011flar.<\/li>\n<li><strong>Veri Y\u00f6netimi:<\/strong> RS232 portu ve iste\u011fe ba\u011fl\u0131 yaz\u0131l\u0131m, geli\u015fmi\u015f veri toplama ve analizine olanak sa\u011flar.<\/li>\n<\/ul>\n<h2><strong>HTT-02 S\u0131cak Yap\u0131\u015ft\u0131rma Test Cihaz\u0131 Kullanman\u0131n Faydalar\u0131<\/strong><\/h2>\n<ul>\n<li><strong>Optimize Edilmi\u015f Ambalaj Performans\u0131:<\/strong> Is\u0131l yap\u0131\u015ft\u0131r\u0131c\u0131lar\u0131n yap\u0131\u015ft\u0131rmadan hemen sonra mekanik gerilime dayanabilmesini sa\u011flayarak \u00fcr\u00fcn ar\u0131zalar\u0131n\u0131 azalt\u0131r.<\/li>\n<li><strong>ASTM F1921 Uyumlulu\u011funu Kar\u015f\u0131lar:<\/strong> ASTM F1921 standard\u0131yla tamamen uyumlu g\u00fcvenilir sonu\u00e7lar sa\u011flayarak farkl\u0131 uygulamalarda tutarl\u0131 testler yap\u0131lmas\u0131n\u0131 sa\u011flar.<\/li>\n<li><strong>\u00c7ok y\u00f6nl\u00fcl\u00fck:<\/strong> G\u0131da ve ila\u00e7tan end\u00fcstriyel ve t\u00fcketici \u00fcr\u00fcnlerine kadar \u00e7ok \u00e7e\u015fitli malzeme ve ambalaj t\u00fcrleri i\u00e7in idealdir.<\/li>\n<li><strong>Geli\u015ftirilmi\u015f Kalite Kontrol:<\/strong> \u00dcreticilerin zay\u0131f m\u00fch\u00fcrleri belirlemelerine ve paketleme s\u00fcre\u00e7lerini optimize etmelerine yard\u0131mc\u0131 olarak \u00fcr\u00fcn korumas\u0131n\u0131 art\u0131r\u0131r ve israf\u0131 azalt\u0131r.<\/li>\n<\/ul>\n<h2><strong>\u00d6zelle\u015ftirme ve Otomasyon Hizmetleri<\/strong><\/h2>\n<p>Cell Instruments olarak, her test ortam\u0131n\u0131n benzersiz oldu\u011funu biliyoruz. \u00d6zel test ihtiya\u00e7lar\u0131 i\u00e7in \u00f6zelle\u015ftirilmi\u015f \u00e7\u00f6z\u00fcmler sunuyoruz ve otomasyon yeteneklerimiz, y\u00fcksek hacimli \u00fcretim hatlar\u0131 i\u00e7in test verimlili\u011fini art\u0131rmaya yard\u0131mc\u0131 oluyor. \u0130ster benzersiz y\u00fck h\u00fccresi konfig\u00fcrasyonlar\u0131na ister geli\u015fmi\u015f otomasyon entegrasyonuna ihtiyac\u0131n\u0131z olsun, tam spesifikasyonlar\u0131n\u0131z\u0131 kar\u015f\u0131layan \u00f6zel \u00e7\u00f6z\u00fcmler sunmaya kararl\u0131y\u0131z.<\/p>\n<p>HTT-02 S\u0131cak Yap\u0131\u015ft\u0131rma Test Cihaz\u0131, \u0131s\u0131yla kapat\u0131lm\u0131\u015f ambalajlar\u0131n ger\u00e7ek d\u00fcnya ko\u015fullar\u0131nda g\u00fcvenilir bir \u015fekilde \u00e7al\u0131\u015fmas\u0131n\u0131 sa\u011flamak i\u00e7in kritik bir ara\u00e7t\u0131r. \u0130ster g\u0131da, ister farmas\u00f6tik veya end\u00fcstriyel ambalajlar i\u00e7in olsun, bu test cihaz\u0131 test s\u00fcreci \u00fczerinde hassas kontrol sunarak kalite g\u00fcvencesi ve \u00fcr\u00fcn b\u00fct\u00fcnl\u00fc\u011f\u00fc i\u00e7in paha bi\u00e7ilmez bir varl\u0131k haline gelir.<\/p>\n<h3><strong>SSS B\u00f6l\u00fcm\u00fc<\/strong><\/h3>\n<ol>\n<li><strong>S\u0131cak yap\u0131\u015ft\u0131rma test cihaz\u0131 ne i\u00e7in kullan\u0131l\u0131r?<\/strong><br \/>\nS\u0131cak yap\u0131\u015ft\u0131rma test cihaz\u0131, yap\u0131\u015ft\u0131rma i\u015fleminden hemen sonra \u0131s\u0131 yal\u0131t\u0131m malzemelerinin mukavemetini \u00f6l\u00e7erek ambalajlama s\u00fcre\u00e7lerindeki ta\u015f\u0131ma gerilimlerine dayanabilmelerini sa\u011flar.<\/li>\n<li><strong>Ambalajlamada s\u0131cak yap\u0131\u015fma neden \u00f6nemlidir?<\/strong><br \/>\nS\u0131cak yap\u0131\u015fma, \u00f6zellikle a\u011f\u0131r i\u00e7eriklerin s\u00f6z konusu oldu\u011fu dikey form doldurma ve m\u00fch\u00fcrleme i\u015flemlerinde, paketleme s\u0131ras\u0131nda \u0131s\u0131l yap\u0131\u015fmalar\u0131n bozulmadan kalmas\u0131n\u0131 sa\u011flar.<\/li>\n<li><strong>ASTM F1921 nedir ve neden \u00f6nemlidir?<\/strong><br \/>\nASTM F1921, termoplastik malzemelerin s\u0131cak yap\u0131\u015fma mukavemetini \u00f6l\u00e7me y\u00f6ntemlerini \u00f6zetleyen bir standartt\u0131r ve s\u0131zd\u0131rmazl\u0131k b\u00fct\u00fcnl\u00fc\u011f\u00fcn\u00fc korumak i\u00e7in kritik \u00f6neme sahiptir.<\/li>\n<li><strong>HTT-02 Hot Tack Tester ile hangi malzemeler test edilebilir?<\/strong><br \/>\n\u00c7e\u015fitli termoplastik filmleri, laminatlar\u0131 ve \u0131s\u0131l yap\u0131\u015fmal\u0131 ambalaj malzemelerini test etmek i\u00e7in uygundur.<\/li>\n<li><strong>HTT-02 Hot Tack Test Cihaz\u0131 \u00f6zelle\u015ftirilebilir mi?<\/strong><br \/>\nEvet, \u00f6zel test gereksinimlerini kar\u015f\u0131lamak i\u00e7in \u00f6zelle\u015ftirilebilir y\u00fck h\u00fccreleri, test h\u0131zlar\u0131 ve otomasyon \u00f6zellikleri sunar.<\/li>\n<\/ol>","protected":false},"excerpt":{"rendered":"<p>HTT-02 S\u0131cak Yap\u0131\u015fma Test Cihaz\u0131, \u0131s\u0131yla yap\u0131\u015ft\u0131r\u0131lm\u0131\u015f malzemelerin s\u0131cak yap\u0131\u015fma mukavemetini \u00f6l\u00e7mek i\u00e7in tasarlanm\u0131\u015f \u00f6zel bir cihazd\u0131r. Is\u0131yla yap\u0131\u015ft\u0131r\u0131lan malzemelerin s\u0131cak haldeyken kendilerini ay\u0131rmaya \u00e7al\u0131\u015fan kuvvetlere direnme kabiliyetini de\u011ferlendirir. Bu \u00f6zellik, \u0131s\u0131yla kapat\u0131lan torba veya po\u015fetlerin kapat\u0131ld\u0131ktan hemen sonra stres alt\u0131nda b\u00fct\u00fcnl\u00fcklerini korumalar\u0131 gereken ambalaj uygulamalar\u0131nda \u00f6zellikle \u00f6nemlidir. Test cihaz\u0131 a\u015fa\u011f\u0131dakilerle uyumludur <strong>ASTM F1921<\/strong>tutarl\u0131 ve g\u00fcvenilir sonu\u00e7lar sa\u011flar.<\/p>","protected":false},"featured_media":5971,"comment_status":"closed","ping_status":"closed","template":"","meta":{"site-sidebar-layout":"default","site-content-layout":"default","ast-global-header-display":"","ast-main-header-display":"","ast-hfb-above-header-display":"","ast-hfb-below-header-display":"","ast-hfb-mobile-header-display":"","site-post-title":"disabled","ast-breadcrumbs-content":"","ast-featured-img":"disabled","footer-sml-layout":"","theme-transparent-header-meta":"default","adv-header-id-meta":"","stick-header-meta":"","header-above-stick-meta":"","header-main-stick-meta":"","header-below-stick-meta":""},"product_cat":[845,678,16,141,95],"product_tag":[],"class_list":{"0":"post-1694","1":"product","2":"type-product","3":"status-publish","4":"has-post-thumbnail","6":"product_cat-customization","7":"product_cat-hot-tack-tester","8":"product_cat-plastic-packaging-testers","9":"product_cat-astm-f1921","10":"product_cat-products","11":"desktop-align-left","12":"tablet-align-left","13":"mobile-align-left","15":"first","16":"instock","17":"shipping-taxable","18":"product-type-simple"},"_links":{"self":[{"href":"https:\/\/www.qualitester.com\/tr\/wp-json\/wp\/v2\/product\/1694","targetHints":{"allow":["GET"]}}],"collection":[{"href":"https:\/\/www.qualitester.com\/tr\/wp-json\/wp\/v2\/product"}],"about":[{"href":"https:\/\/www.qualitester.com\/tr\/wp-json\/wp\/v2\/types\/product"}],"replies":[{"embeddable":true,"href":"https:\/\/www.qualitester.com\/tr\/wp-json\/wp\/v2\/comments?post=1694"}],"version-history":[{"count":0,"href":"https:\/\/www.qualitester.com\/tr\/wp-json\/wp\/v2\/product\/1694\/revisions"}],"wp:featuredmedia":[{"embeddable":true,"href":"https:\/\/www.qualitester.com\/tr\/wp-json\/wp\/v2\/media\/5971"}],"wp:attachment":[{"href":"https:\/\/www.qualitester.com\/tr\/wp-json\/wp\/v2\/media?parent=1694"}],"wp:term":[{"taxonomy":"product_cat","embeddable":true,"href":"https:\/\/www.qualitester.com\/tr\/wp-json\/wp\/v2\/product_cat?post=1694"},{"taxonomy":"product_tag","embeddable":true,"href":"https:\/\/www.qualitester.com\/tr\/wp-json\/wp\/v2\/product_tag?post=1694"}],"curies":[{"name":"wp","href":"https:\/\/api.w.org\/{rel}","templated":true}]}}