{"id":1533,"date":"2023-04-23T15:53:21","date_gmt":"2023-04-23T07:53:21","guid":{"rendered":"https:\/\/www.qualitester.com\/?post_type=product&#038;p=1533"},"modified":"2024-11-26T16:16:40","modified_gmt":"2024-11-26T08:16:40","slug":"flex-durability-tester-gft-01","status":"publish","type":"product","link":"https:\/\/www.qualitester.com\/tr\/urun\/flex-durability-tester-gft-01\/","title":{"rendered":"Esnek Dayan\u0131kl\u0131l\u0131k Test Cihaz\u0131 GFT-01"},"content":{"rendered":"<div data-elementor-type=\"wp-post\" data-elementor-id=\"1533\" class=\"elementor elementor-1533\" data-elementor-post-type=\"product\">\n\t\t\t\t\t\t<section class=\"elementor-section elementor-top-section elementor-element elementor-element-d016f96 elementor-section-boxed elementor-section-height-default elementor-section-height-default\" data-id=\"d016f96\" data-element_type=\"section\">\n\t\t\t\t\t\t<div class=\"elementor-container elementor-column-gap-default\">\n\t\t\t\t\t<div class=\"elementor-column elementor-col-50 elementor-top-column elementor-element elementor-element-e1d65f8\" data-id=\"e1d65f8\" data-element_type=\"column\">\n\t\t\t<div class=\"elementor-widget-wrap elementor-element-populated\">\n\t\t\t\t\t\t<div class=\"elementor-element elementor-element-2385766 elementor-widget elementor-widget-image\" data-id=\"2385766\" data-element_type=\"widget\" data-widget_type=\"image.default\">\n\t\t\t\t<div class=\"elementor-widget-container\">\n\t\t\t\t\t\t\t\t\t\t\t\t\t<img fetchpriority=\"high\" decoding=\"async\" width=\"750\" height=\"750\" src=\"https:\/\/www.qualitester.com\/wp-content\/uploads\/2023\/04\/Flex-Durability-Tester-1.jpg\" class=\"attachment-large size-large wp-image-1551\" alt=\"\" srcset=\"https:\/\/www.qualitester.com\/wp-content\/uploads\/2023\/04\/Flex-Durability-Tester-1.jpg 750w, https:\/\/www.qualitester.com\/wp-content\/uploads\/2023\/04\/Flex-Durability-Tester-1-300x300.jpg 300w, https:\/\/www.qualitester.com\/wp-content\/uploads\/2023\/04\/Flex-Durability-Tester-1-100x100.jpg 100w, https:\/\/www.qualitester.com\/wp-content\/uploads\/2023\/04\/Flex-Durability-Tester-1-600x600.jpg 600w, https:\/\/www.qualitester.com\/wp-content\/uploads\/2023\/04\/Flex-Durability-Tester-1-150x150.jpg 150w\" sizes=\"(max-width: 750px) 100vw, 750px\" \/>\t\t\t\t\t\t\t\t\t\t\t\t\t<\/div>\n\t\t\t\t<\/div>\n\t\t\t\t\t<\/div>\n\t\t<\/div>\n\t\t\t\t<div class=\"elementor-column elementor-col-50 elementor-top-column elementor-element elementor-element-49e466c\" data-id=\"49e466c\" data-element_type=\"column\">\n\t\t\t<div class=\"elementor-widget-wrap elementor-element-populated\">\n\t\t\t\t\t\t<div class=\"elementor-element elementor-element-98f7a3b elementor-widget elementor-widget-text-editor\" data-id=\"98f7a3b\" data-element_type=\"widget\" data-widget_type=\"text-editor.default\">\n\t\t\t\t<div class=\"elementor-widget-container\">\n\t\t\t\t\t\t\t<h6><strong>Uygulama<\/strong><\/h6><p>Esnek dayan\u0131kl\u0131l\u0131k test cihaz\u0131, filmler, kompozitler ve kaplama filmleri vb. i\u00e7in tekrarlayan gerilmeye kar\u015f\u0131 direnci \u00f6l\u00e7mek i\u00e7in kullan\u0131l\u0131r. Esneklik hatas\u0131, numune yap\u0131s\u0131nda olu\u015fan i\u011fne deliklerinin \u00f6l\u00e7\u00fclmesiyle belirlenir. Gelboflex olarak da adland\u0131r\u0131l\u0131r.<\/p><p>\u0130yi bir esneme \u00e7atla\u011f\u0131 direnci, da\u011f\u0131t\u0131m d\u00f6ng\u00fcs\u00fc s\u0131ras\u0131nda paketin delikler olu\u015fturma e\u011filimini azaltacak ve b\u00f6ylece paket b\u00fct\u00fcnl\u00fc\u011f\u00fcn\u00fc bozacakt\u0131r.<\/p>\t\t\t\t\t\t<\/div>\n\t\t\t\t<\/div>\n\t\t\t\t\t<\/div>\n\t\t<\/div>\n\t\t\t\t\t<\/div>\n\t\t<\/section>\n\t\t\t\t<section class=\"elementor-section elementor-top-section elementor-element elementor-element-09feb1e elementor-section-boxed elementor-section-height-default elementor-section-height-default\" data-id=\"09feb1e\" data-element_type=\"section\">\n\t\t\t\t\t\t<div class=\"elementor-container elementor-column-gap-default\">\n\t\t\t\t\t<div class=\"elementor-column elementor-col-50 elementor-top-column elementor-element elementor-element-f5ee8ec\" data-id=\"f5ee8ec\" data-element_type=\"column\">\n\t\t\t<div class=\"elementor-widget-wrap elementor-element-populated\">\n\t\t\t\t\t\t<div class=\"elementor-element elementor-element-4399685 elementor-widget elementor-widget-image\" data-id=\"4399685\" data-element_type=\"widget\" data-widget_type=\"image.default\">\n\t\t\t\t<div class=\"elementor-widget-container\">\n\t\t\t\t\t\t\t\t\t\t\t\t\t<img decoding=\"async\" width=\"750\" height=\"750\" src=\"https:\/\/www.qualitester.com\/wp-content\/uploads\/2023\/04\/GFT-01-Flex-Durability-Tester-1.jpg\" class=\"attachment-large size-large wp-image-1555\" alt=\"\" srcset=\"https:\/\/www.qualitester.com\/wp-content\/uploads\/2023\/04\/GFT-01-Flex-Durability-Tester-1.jpg 750w, https:\/\/www.qualitester.com\/wp-content\/uploads\/2023\/04\/GFT-01-Flex-Durability-Tester-1-300x300.jpg 300w, https:\/\/www.qualitester.com\/wp-content\/uploads\/2023\/04\/GFT-01-Flex-Durability-Tester-1-100x100.jpg 100w, https:\/\/www.qualitester.com\/wp-content\/uploads\/2023\/04\/GFT-01-Flex-Durability-Tester-1-600x600.jpg 600w, https:\/\/www.qualitester.com\/wp-content\/uploads\/2023\/04\/GFT-01-Flex-Durability-Tester-1-150x150.jpg 150w\" sizes=\"(max-width: 750px) 100vw, 750px\" \/>\t\t\t\t\t\t\t\t\t\t\t\t\t<\/div>\n\t\t\t\t<\/div>\n\t\t\t\t\t<\/div>\n\t\t<\/div>\n\t\t\t\t<div class=\"elementor-column elementor-col-50 elementor-top-column elementor-element elementor-element-8e07c07\" data-id=\"8e07c07\" data-element_type=\"column\">\n\t\t\t<div class=\"elementor-widget-wrap elementor-element-populated\">\n\t\t\t\t\t\t<div class=\"elementor-element elementor-element-b1dd4d9 elementor-widget elementor-widget-text-editor\" data-id=\"b1dd4d9\" data-element_type=\"widget\" data-widget_type=\"text-editor.default\">\n\t\t\t\t<div class=\"elementor-widget-container\">\n\t\t\t\t\t\t\t<h6><strong>\u00d6rnekleme ve hareket<\/strong><\/h6><p><em>Numune boyutu (200 x 280 mm) esnek test cihaz\u0131 mandrellerine tak\u0131l\u0131r. B\u00fckme hareketi, yatay bir hareketle (s\u0131k\u0131\u015ft\u0131rma) birle\u015ftirilmi\u015f bir b\u00fckme hareketinden olu\u015fur, b\u00f6ylece film tekrar tekrar b\u00fck\u00fcl\u00fcr ve ezilir. Test d\u00fczene\u011fi, strokun ilk 90 mm'sinde 440\u00ba'lik bir b\u00fck\u00fclme hareketi verir ve bunu 65 mm'lik d\u00fcz bir yatay hareket izler. H\u0131z dakikada 45 devirdir.<\/em><\/p><p><em>B\u00fckme hareketi, filmi tekrar tekrar b\u00fcken ve ezen yatay bir hareketle birle\u015ftirilmi\u015f bir b\u00fckme hareketinden olu\u015fur. Aralar\u0131ndan se\u00e7im yapabilece\u011finiz \u00f6nceden programlanm\u0131\u015f 5 test ko\u015fulu vard\u0131r:<\/em><\/p><p><em>Mod A- 1 saat boyunca tam esneklik (2.700 d\u00f6ng\u00fc),<\/em><\/p><p><em>Mod B- 20 dakika boyunca tam esneme (900 d\u00f6ng\u00fc),<\/em><\/p><p><em>Mod C- 6 dakika boyunca tam esneme (270 d\u00f6ng\u00fc),<\/em><\/p><p><em>Mod D- 20 d\u00f6ng\u00fc i\u00e7in tam esneklik,<\/em><\/p><p><em>Mod E- 20 d\u00f6ng\u00fc i\u00e7in k\u0131smi esneme<\/em><\/p>\t\t\t\t\t\t<\/div>\n\t\t\t\t<\/div>\n\t\t\t\t\t<\/div>\n\t\t<\/div>\n\t\t\t\t\t<\/div>\n\t\t<\/section>\n\t\t\t\t<section class=\"elementor-section elementor-top-section elementor-element elementor-element-db5fd24 elementor-section-boxed elementor-section-height-default elementor-section-height-default\" data-id=\"db5fd24\" data-element_type=\"section\">\n\t\t\t\t\t\t<div class=\"elementor-container elementor-column-gap-default\">\n\t\t\t\t\t<div class=\"elementor-column elementor-col-50 elementor-top-column elementor-element elementor-element-c55ed94\" data-id=\"c55ed94\" data-element_type=\"column\">\n\t\t\t<div class=\"elementor-widget-wrap elementor-element-populated\">\n\t\t\t\t\t\t<div class=\"elementor-element elementor-element-4bbaf1d elementor-widget elementor-widget-image\" data-id=\"4bbaf1d\" data-element_type=\"widget\" data-widget_type=\"image.default\">\n\t\t\t\t<div class=\"elementor-widget-container\">\n\t\t\t\t\t\t\t\t\t\t\t\t\t<img decoding=\"async\" width=\"750\" height=\"750\" src=\"https:\/\/www.qualitester.com\/wp-content\/uploads\/2023\/04\/Flex-Durability-Tester-SFT-01-1.jpg\" class=\"attachment-large size-large wp-image-1550\" alt=\"\" srcset=\"https:\/\/www.qualitester.com\/wp-content\/uploads\/2023\/04\/Flex-Durability-Tester-SFT-01-1.jpg 750w, https:\/\/www.qualitester.com\/wp-content\/uploads\/2023\/04\/Flex-Durability-Tester-SFT-01-1-300x300.jpg 300w, https:\/\/www.qualitester.com\/wp-content\/uploads\/2023\/04\/Flex-Durability-Tester-SFT-01-1-100x100.jpg 100w, https:\/\/www.qualitester.com\/wp-content\/uploads\/2023\/04\/Flex-Durability-Tester-SFT-01-1-600x600.jpg 600w, https:\/\/www.qualitester.com\/wp-content\/uploads\/2023\/04\/Flex-Durability-Tester-SFT-01-1-150x150.jpg 150w\" sizes=\"(max-width: 750px) 100vw, 750px\" \/>\t\t\t\t\t\t\t\t\t\t\t\t\t<\/div>\n\t\t\t\t<\/div>\n\t\t\t\t\t<\/div>\n\t\t<\/div>\n\t\t\t\t<div class=\"elementor-column elementor-col-50 elementor-top-column elementor-element elementor-element-c00de66\" data-id=\"c00de66\" data-element_type=\"column\">\n\t\t\t<div class=\"elementor-widget-wrap elementor-element-populated\">\n\t\t\t\t\t\t<div class=\"elementor-element elementor-element-325cc94 elementor-widget elementor-widget-text-editor\" data-id=\"325cc94\" data-element_type=\"widget\" data-widget_type=\"text-editor.default\">\n\t\t\t\t<div class=\"elementor-widget-container\">\n\t\t\t\t\t\t\t<h6><strong>Teknik \u00d6zellikler<\/strong><\/h6><ul><li><em>PLC kontrol ve HMI dokunmatik ekran kullan\u0131m\u0131<\/em><\/li><li><em>5 standart test modu ve 4 test istasyonu<\/em><\/li><li><em>Uzun ve k\u0131sa strok h\u0131zl\u0131 ge\u00e7i\u015f<\/em><\/li><li><em>A,B,C,D ve E ko\u015fullar\u0131 se\u00e7ilebilir<\/em><\/li><li><em>Mikro yaz\u0131c\u0131 donan\u0131ml\u0131<\/em><\/li><\/ul><h6><strong>Ana Parametreler<\/strong><\/h6><p><em>Flex Frekans 45 \/dakika<\/em><\/p><p><em>Esnek A\u00e7\u0131 440\u00b0 (90 mm) veya 400\u00b0 (80 mm)<\/em><\/p><p><em>Kapasite 2,5 Nm<\/em><\/p><p><em>Yatay Strok 155 mm veya 80 mm<\/em><\/p><p><em>\u0130stasyonlar 4<\/em><\/p><p><em>\u00d6rnek Boyutu 280 mm x 200 mm<\/em><\/p><p><em>G\u00fc\u00e7 220V<\/em><\/p>\t\t\t\t\t\t<\/div>\n\t\t\t\t<\/div>\n\t\t\t\t\t<\/div>\n\t\t<\/div>\n\t\t\t\t\t<\/div>\n\t\t<\/section>\n\t\t\t\t<section class=\"elementor-section elementor-top-section elementor-element elementor-element-f94c213 elementor-section-boxed elementor-section-height-default elementor-section-height-default\" data-id=\"f94c213\" data-element_type=\"section\">\n\t\t\t\t\t\t<div class=\"elementor-container elementor-column-gap-default\">\n\t\t\t\t\t<div class=\"elementor-column elementor-col-100 elementor-top-column elementor-element elementor-element-3419e44\" data-id=\"3419e44\" data-element_type=\"column\">\n\t\t\t<div class=\"elementor-widget-wrap elementor-element-populated\">\n\t\t\t\t\t\t<div class=\"elementor-element elementor-element-59641ce elementor-widget elementor-widget-wpforms\" data-id=\"59641ce\" data-element_type=\"widget\" data-widget_type=\"wpforms.default\">\n\t\t\t\t<div class=\"elementor-widget-container\">\n\t\t\t<div class=\"wpforms-container\" id=\"wpforms-11\"><form id=\"wpforms-form-11\" class=\"wpforms-validate wpforms-form wpforms-ajax-form\" data-formid=\"11\" method=\"post\" enctype=\"multipart\/form-data\" action=\"\/tr\/wp-json\/wp\/v2\/product\/1533\" data-token=\"9d24770f1d10a347f14497a8d468f002\" data-trp-original-action=\"\/tr\/wp-json\/wp\/v2\/product\/1533\"><noscript class=\"wpforms-error-noscript\">Bu formu bitirebilmek i\u00e7in taray\u0131c\u0131n\u0131zda JavaScript&#039;i etkinle\u015ftirin.<\/noscript><div class=\"wpforms-field-container\"><div id=\"wpforms-11-field_1-container\" class=\"wpforms-field wpforms-field-text\" data-field-id=\"1\"><label class=\"wpforms-field-label\" for=\"wpforms-11-field_1\">\u0130sim <span class=\"wpforms-required-label\">*<\/span><\/label><input type=\"text\" id=\"wpforms-11-field_1\" class=\"wpforms-field-medium wpforms-field-required\" name=\"wpforms[fields][1]\" placeholder=\"\u0130sim\" required><\/div><div id=\"wpforms-11-field_5-container\" class=\"wpforms-field wpforms-field-text\" data-field-id=\"5\"><label class=\"wpforms-field-label\" for=\"wpforms-11-field_5\">\u015eirket<\/label><input type=\"text\" id=\"wpforms-11-field_5\" class=\"wpforms-field-medium\" name=\"wpforms[fields][5]\" ><\/div><div id=\"wpforms-11-field_4-container\" class=\"wpforms-field wpforms-field-number\" data-field-id=\"4\"><label class=\"wpforms-field-label\" for=\"wpforms-11-field_4\">Telefon<\/label><input type=\"number\" pattern=\"\\d*\" id=\"wpforms-11-field_4\" class=\"wpforms-field-medium\" name=\"wpforms[fields][4]\" placeholder=\"Telefon\" ><\/div><div id=\"wpforms-11-field_3-container\" class=\"wpforms-field wpforms-field-email\" data-field-id=\"3\"><label class=\"wpforms-field-label\" for=\"wpforms-11-field_3\">E-posta <span class=\"wpforms-required-label\">*<\/span><\/label><input type=\"email\" id=\"wpforms-11-field_3\" class=\"wpforms-field-medium wpforms-field-required\" name=\"wpforms[fields][3]\" placeholder=\"E-posta\" spellcheck=\"false\" required><\/div><div id=\"wpforms-11-field_2-container\" class=\"wpforms-field wpforms-field-textarea\" data-field-id=\"2\"><label class=\"wpforms-field-label\" for=\"wpforms-11-field_2\">Mesaj<\/label><textarea id=\"wpforms-11-field_2\" class=\"wpforms-field-large\" name=\"wpforms[fields][2]\" ><\/textarea><\/div><\/div><!-- .wpforms-field-container --><input type=\"hidden\" name=\"wpforms[recaptcha]\" value=\"\"><div class=\"wpforms-submit-container\" ><input type=\"hidden\" name=\"wpforms[id]\" value=\"11\"><input type=\"hidden\" name=\"wpforms[author]\" value=\"3\"><button type=\"submit\" name=\"wpforms[submit]\" id=\"wpforms-submit-11\" class=\"wpforms-submit\" data-alt-text=\"Submitting\" data-submit-text=\"Submit\" aria-live=\"assertive\" value=\"wpforms-submit\">G\u00f6nder<\/button><img loading=\"lazy\" decoding=\"async\" src=\"https:\/\/www.qualitester.com\/wp-content\/plugins\/wpforms-lite\/assets\/images\/submit-spin.svg\" class=\"wpforms-submit-spinner\" style=\"display: none;\" width=\"26\" height=\"26\" alt=\"Y\u00fckleniyor\"><\/div><input type=\"hidden\" name=\"trp-form-language\" value=\"tr\"\/><\/form><\/div>  <!-- .wpforms-container -->\t\t<\/div>\n\t\t\t\t<\/div>\n\t\t\t\t\t<\/div>\n\t\t<\/div>\n\t\t\t\t\t<\/div>\n\t\t<\/section>\n\t\t\t\t<\/div>","protected":false},"excerpt":{"rendered":"<p>Esnek dayan\u0131kl\u0131l\u0131k test cihaz\u0131, filmler, kompozitler ve kaplama filmleri vb. i\u00e7in tekrarlayan gerilmeye kar\u015f\u0131 direnci \u00f6l\u00e7mek i\u00e7in kullan\u0131l\u0131r.<\/p>","protected":false},"featured_media":71,"comment_status":"closed","ping_status":"closed","template":"","meta":{"site-sidebar-layout":"default","site-content-layout":"default","ast-global-header-display":"","ast-main-header-display":"","ast-hfb-above-header-display":"","ast-hfb-below-header-display":"","ast-hfb-mobile-header-display":"","site-post-title":"","ast-breadcrumbs-content":"","ast-featured-img":"","footer-sml-layout":"","theme-transparent-header-meta":"default","adv-header-id-meta":"","stick-header-meta":"","header-above-stick-meta":"","header-main-stick-meta":"","header-below-stick-meta":""},"product_cat":[845,672,16,99,107,95],"product_tag":[51,975,467],"class_list":{"0":"post-1533","1":"product","2":"type-product","3":"status-publish","4":"has-post-thumbnail","6":"product_cat-customization","7":"product_cat-applied-materials","8":"product_cat-plastic-packaging-testers","9":"product_cat-astm","10":"product_cat-astm-f392","11":"product_cat-products","12":"product_tag-astm-f392","13":"product_tag-flex-durability-test","14":"product_tag-sample-making","15":"desktop-align-left","16":"tablet-align-left","17":"mobile-align-left","19":"first","20":"instock","21":"shipping-taxable","22":"product-type-simple"},"_links":{"self":[{"href":"https:\/\/www.qualitester.com\/tr\/wp-json\/wp\/v2\/product\/1533","targetHints":{"allow":["GET"]}}],"collection":[{"href":"https:\/\/www.qualitester.com\/tr\/wp-json\/wp\/v2\/product"}],"about":[{"href":"https:\/\/www.qualitester.com\/tr\/wp-json\/wp\/v2\/types\/product"}],"replies":[{"embeddable":true,"href":"https:\/\/www.qualitester.com\/tr\/wp-json\/wp\/v2\/comments?post=1533"}],"version-history":[{"count":0,"href":"https:\/\/www.qualitester.com\/tr\/wp-json\/wp\/v2\/product\/1533\/revisions"}],"wp:featuredmedia":[{"embeddable":true,"href":"https:\/\/www.qualitester.com\/tr\/wp-json\/wp\/v2\/media\/71"}],"wp:attachment":[{"href":"https:\/\/www.qualitester.com\/tr\/wp-json\/wp\/v2\/media?parent=1533"}],"wp:term":[{"taxonomy":"product_cat","embeddable":true,"href":"https:\/\/www.qualitester.com\/tr\/wp-json\/wp\/v2\/product_cat?post=1533"},{"taxonomy":"product_tag","embeddable":true,"href":"https:\/\/www.qualitester.com\/tr\/wp-json\/wp\/v2\/product_tag?post=1533"}],"curies":[{"name":"wp","href":"https:\/\/api.w.org\/{rel}","templated":true}]}}