{"id":1463,"date":"2023-04-20T13:07:14","date_gmt":"2023-04-20T05:07:14","guid":{"rendered":"https:\/\/www.qualitester.com\/?post_type=product&#038;p=1463"},"modified":"2024-12-04T10:45:38","modified_gmt":"2024-12-04T02:45:38","slug":"carbon-dioxide-volume-tester-clrt-01","status":"publish","type":"product","link":"https:\/\/www.qualitester.com\/tr\/urun\/carbon-dioxide-volume-tester-clrt-01\/","title":{"rendered":"CLRT-01 Karbondioksit Hacim Test Cihaz\u0131"},"content":{"rendered":"<p>Bu <strong>Otomatik Gaz Hacmi Test Cihaz\u0131<\/strong> kapal\u0131 kaplardaki gaz hacimlerinin hassas \u00f6l\u00e7\u00fcm\u00fc i\u00e7in tasarlanm\u0131\u015f son teknoloji bir cihazd\u0131r. Do\u011fru gaz hacmi \u00f6l\u00e7\u00fcmlerinin \u00fcr\u00fcn kalitesi, g\u00fcvenli\u011fi ve tutarl\u0131l\u0131\u011f\u0131n\u0131 sa\u011flad\u0131\u011f\u0131 g\u0131da ve i\u00e7ecek, ila\u00e7 ve t\u0131bbi cihazlar gibi end\u00fcstriler i\u00e7in \u00e7ok \u00f6nemlidir. Bu cihaz, geleneksel olarak manuel olan s\u00fcreci otomatikle\u015ftirerek h\u0131zl\u0131 ve g\u00fcvenilir sonu\u00e7lar sa\u011flarken a\u015fa\u011f\u0131daki gibi end\u00fcstri standartlar\u0131na da uymaktad\u0131r <strong>ASTM F1115<\/strong>.<\/p>\n<h2><strong>ASTM F1115'i ve Gaz Hacmi Testindeki Rol\u00fcn\u00fc Anlamak<\/strong><\/h2>\n<h3><strong>Nedir bu? <a href=\"https:\/\/www.astm.org\/f1115-16.html\" target=\"_blank\" rel=\"noopener nofollow\">ASTM F1115<\/a>?<\/strong><\/h3>\n<p>ASTM F1115, kapal\u0131 kaplardaki gaz hacimlerini \u00f6l\u00e7mek i\u00e7in kullan\u0131lan standart bir test y\u00f6ntemidir. Gazl\u0131 i\u00e7ecekler, farmas\u00f6tik ambalajlama ve t\u0131bbi cihaz s\u0131zd\u0131rmazl\u0131\u011f\u0131 gibi kontroll\u00fc gaz hacimlerine dayanan end\u00fcstrilerde yayg\u0131n olarak benimsenmi\u015ftir. Standart, \u00fcreticilerin hem \u00fcr\u00fcn b\u00fct\u00fcnl\u00fc\u011f\u00fc hem de t\u00fcketici g\u00fcvenli\u011fi a\u00e7\u0131s\u0131ndan kritik \u00f6nem ta\u015f\u0131yan gaz hacmi tutarl\u0131l\u0131\u011f\u0131 ve do\u011frulu\u011funa y\u00f6nelik belirli gereklilikleri kar\u015f\u0131lamas\u0131n\u0131 sa\u011flar.<\/p>\n<h3><strong>ASTM F1115'teki Test Y\u00f6ntemleri<\/strong><\/h3>\n<p>Bu <a href=\"https:\/\/www.qualitester.com\/tr\/urun-kategori\/astm\/astm-f1115\/\" target=\"_blank\" rel=\"noopener\">ASTM F1115<\/a> Test y\u00f6ntemi, gaz hacmini do\u011fru bir \u015fekilde hesaplamak i\u00e7in bir kab\u0131n kapat\u0131lmas\u0131n\u0131, i\u00e7 bas\u0131nc\u0131n \u00f6l\u00e7\u00fclmesini ve s\u0131cakl\u0131k dalgalanmalar\u0131n\u0131n hesaplanmas\u0131n\u0131 i\u00e7erir. S\u00fcre\u00e7 kontroll\u00fcd\u00fcr ve tekrarlanabilirli\u011fi ve do\u011frulu\u011fu sa\u011flamak i\u00e7in y\u00fcksek hassasiyetli aletler gerektirir. Bu <strong>Otomatik Gaz Hacmi Test Cihaz\u0131<\/strong> bas\u0131n\u00e7 ve s\u0131cakl\u0131\u011f\u0131 hassas bir \u015fekilde \u00f6l\u00e7mek i\u00e7in geli\u015fmi\u015f sens\u00f6rleri entegre ederek ASTM F1115 standartlar\u0131na uygunluk sa\u011flar.<\/p>\n<h3><strong>ASTM F1115'in Temel Gereklilikleri<\/strong><\/h3>\n<ul>\n<li><strong>Hassas \u00d6l\u00e7\u00fcm:<\/strong> ASTM F1115 ile uyumlulu\u011fu sa\u011flamak amac\u0131yla hem bas\u0131n\u00e7 hem de s\u0131cakl\u0131k \u00f6l\u00e7\u00fcmleri i\u00e7in do\u011fru sens\u00f6rler gereklidir.<\/li>\n<li><strong>Tutarl\u0131 Gaz Hacmi:<\/strong> Standart, test sonu\u00e7lar\u0131nda tutarl\u0131l\u0131\u011f\u0131 korumak i\u00e7in s\u0131cakl\u0131k, bas\u0131n\u00e7 ve numune b\u00fct\u00fcnl\u00fc\u011f\u00fc gibi test ko\u015fullar\u0131n\u0131n dikkatli bir \u015fekilde kontrol edilmesini gerektirir.<\/li>\n<li><strong>G\u00fcvenlik ve G\u00fcvenilirlik:<\/strong> ASTM F1115 y\u00f6ntemi, a\u015f\u0131r\u0131 bas\u0131n\u00e7 veya s\u0131z\u0131nt\u0131y\u0131 \u00f6nleyerek ambalajl\u0131 \u00fcr\u00fcnlerin g\u00fcvenli\u011fini sa\u011flamak i\u00e7in tasarlanm\u0131\u015ft\u0131r.<\/li>\n<\/ul>\n<h3><strong>ASTM F1115 Neden \u00d6nemlidir?<\/strong><\/h3>\n<p>ile Uyumluluk <strong>ASTM F1115<\/strong> \u00fcr\u00fcnlerin mevzuat ve kalite kontrol standartlar\u0131n\u0131 kar\u015f\u0131lamas\u0131n\u0131 sa\u011flar. \u00dcreticiler, tutarl\u0131 \u00fcr\u00fcn kalitesini korumak, kusurlar\u0131 azaltmak ve \u00fcr\u00fcnlerinin pazardaki g\u00fcvenli\u011fini garanti etmek i\u00e7in gaz hacmi testinin sonu\u00e7lar\u0131na g\u00fcvenebilirler.<\/p>\n<h2><strong>Otomatik Gaz Hacmi Test Cihaz\u0131n\u0131n Teknik \u00d6zellikleri<\/strong><\/h2>\n<ul>\n<li><strong>Otomatik S\u00fcre\u00e7:<\/strong> Test cihaz\u0131 t\u00fcm gaz hacmi \u00f6l\u00e7\u00fcm s\u00fcrecini otomatikle\u015ftirir: kab\u0131n delinmesi, bas\u0131nc\u0131n serbest b\u0131rak\u0131lmas\u0131, numunenin \u00e7alkalanmas\u0131 ve sonu\u00e7lar\u0131n kaydedilmesi. Bu, manuel m\u00fcdahale ihtiyac\u0131n\u0131 azalt\u0131r ve test verimlili\u011fini art\u0131r\u0131r.<\/li>\n<li><strong>Y\u00fcksek Hassasiyetli Sens\u00f6rler:<\/strong> Geli\u015fmi\u015f s\u0131cakl\u0131k ve bas\u0131n\u00e7 sens\u00f6rleriyle donat\u0131lm\u0131\u015f olan test cihaz\u0131, \u00f6l\u00e7\u00fcmlerin ASTM F1115'in gerektirdi\u011fi y\u00fcksek standartlar\u0131 kar\u015f\u0131lamas\u0131n\u0131 sa\u011flar.<\/li>\n<li><strong>Kullan\u0131c\u0131 Dostu Aray\u00fcz:<\/strong> Cihaz, dokunmatik ekranl\u0131 bir aray\u00fcze sahip end\u00fcstriyel s\u0131n\u0131f bir PLC kontrol sistemine sahiptir, bu da kullan\u0131m\u0131 ve sonu\u00e7lar\u0131 izlemeyi kolayla\u015ft\u0131r\u0131r.<\/li>\n<li><strong>\u00d6zelle\u015ftirilebilir Ayarlar:<\/strong> \u00c7alkalama h\u0131z\u0131, delme h\u0131z\u0131 ve test s\u00fcresi gibi parametreler, \u00f6zel test gereksinimlerini kar\u015f\u0131layacak \u015fekilde ayarlanabilir ve farkl\u0131 uygulamalar i\u00e7in esneklik sa\u011flar.<\/li>\n<li><strong>Opsiyonel \u00d6zellikler:<\/strong> Test cihaz\u0131, test sonucu dok\u00fcmantasyonu i\u00e7in bir mikro yaz\u0131c\u0131 ile donat\u0131labilir veya veri analizi i\u00e7in bir RS 232 portu \u00fczerinden harici yaz\u0131l\u0131ma ba\u011flanabilir.<\/li>\n<\/ul>\n<h2><strong>Uygulamalar ve Kullan\u0131m \u00d6rnekleri<\/strong><\/h2>\n<p>Bu <strong>Otomatik Gaz Hacmi Test Cihaz\u0131<\/strong> dahil olmak \u00fczere gaz hacimlerinin do\u011fru bir \u015fekilde \u00f6l\u00e7\u00fclmesini gerektiren end\u00fcstriler i\u00e7in idealdir:<\/p>\n<ul>\n<li><strong>\u0130\u00e7ecek End\u00fcstrisi:<\/strong> Tutarl\u0131 bir efervesans sa\u011flamak i\u00e7in \u015fi\u015felerdeki ve teneke kutulardaki karbonat seviyelerini \u00f6l\u00e7mek i\u00e7in kullan\u0131l\u0131r.<\/li>\n<li><strong>\u0130la\u00e7lar ve T\u0131bbi Cihazlar:<\/strong> \u0130la\u00e7 da\u011f\u0131t\u0131m sistemlerinde gaz hacmi tutarl\u0131l\u0131\u011f\u0131n\u0131 sa\u011flayarak kapal\u0131 kaplar\u0131n ve ambalajlar\u0131n b\u00fct\u00fcnl\u00fc\u011f\u00fcn\u00fc do\u011frular.<\/li>\n<li><strong>Ambalaj End\u00fcstrisi:<\/strong> G\u0131da, i\u00e7ecek ve t\u0131bbi cihaz kaplar\u0131 da dahil olmak \u00fczere \u00e7e\u015fitli ambalaj t\u00fcrlerinde uygun gaz hacmini sa\u011flar.<\/li>\n<\/ul>\n<h2><strong>Neden Otomatik Gaz Hacmi Test Cihaz\u0131n\u0131 Se\u00e7melisiniz?<\/strong><\/h2>\n<ul>\n<li><strong>ASTM F1115 ile uyumluluk:<\/strong> Test cihaz\u0131 ASTM F1115 ile tamamen uyumludur ve end\u00fcstri standartlar\u0131n\u0131 kar\u015f\u0131layan do\u011fru, g\u00fcvenilir sonu\u00e7lar sa\u011flar.<\/li>\n<li><strong>Hassasiyet ve Tutarl\u0131l\u0131k:<\/strong> Y\u00fcksek hassasiyetli sens\u00f6rlerle tekrarlanabilir, do\u011fru \u00f6l\u00e7\u00fcmler sunar ve \u00fcretim s\u00fcre\u00e7lerinde tutarl\u0131l\u0131k sa\u011flar.<\/li>\n<li><strong>Art\u0131r\u0131lm\u0131\u015f Verimlilik:<\/strong> Otomatikle\u015ftirilmi\u015f s\u00fcre\u00e7 zamandan tasarruf sa\u011flar ve manuel i\u015f\u00e7ili\u011fi azaltarak \u00fcretim ortamlar\u0131nda daha h\u0131zl\u0131 test yap\u0131lmas\u0131na ve daha h\u0131zl\u0131 karar verilmesine olanak tan\u0131r.<\/li>\n<\/ul>\n<h2><strong>Ana Parametreler<\/strong><\/h2>\n<table>\n<tbody>\n<tr>\n<td style=\"text-align: center;\" width=\"114\">Test Aral\u0131\u011f\u0131<\/td>\n<td style=\"text-align: center;\" width=\"205\">0~1MPa<\/td>\n<\/tr>\n<tr>\n<td style=\"text-align: center;\" width=\"114\">\u00c7\u00f6z\u00fcn\u00fcrl\u00fck<\/td>\n<td style=\"text-align: center;\" width=\"205\">0.01KPa<\/td>\n<\/tr>\n<tr>\n<td style=\"text-align: center;\" width=\"114\">\u00c7alkalama H\u0131z\u0131<\/td>\n<td style=\"text-align: center;\" width=\"205\">Ayarlanabilir<\/td>\n<\/tr>\n<tr>\n<td style=\"text-align: center;\" width=\"114\">Delme H\u0131z\u0131<\/td>\n<td style=\"text-align: center;\" width=\"205\">5mm\/s (di\u011fer mevcut)<\/td>\n<\/tr>\n<tr>\n<td style=\"text-align: center;\" width=\"114\">\u00d6rnek Y\u00fckseklik<\/td>\n<td style=\"text-align: center;\" width=\"205\">\u2264 350mm (di\u011fer mevcut)<\/td>\n<\/tr>\n<tr>\n<td style=\"text-align: center;\" width=\"114\">S\u0131cakl\u0131k aral\u0131\u011f\u0131<\/td>\n<td style=\"text-align: center;\" width=\"205\">0 ~ 30 \u2103<\/td>\n<\/tr>\n<tr>\n<td style=\"text-align: center;\" width=\"114\">\u00c7alkalama s\u00fcresi<\/td>\n<td style=\"text-align: center;\" width=\"205\">40'lar (di\u011fer mevcut)<\/td>\n<\/tr>\n<tr>\n<td style=\"text-align: center;\" width=\"114\">\u00c7\u00f6z\u00fcn\u00fcrl\u00fck<\/td>\n<td style=\"text-align: center;\" width=\"205\">0.1 \u2103<\/td>\n<\/tr>\n<\/tbody>\n<\/table>\n<h2><strong>SSS<\/strong><\/h2>\n<ol>\n<li><strong>Hangi sekt\u00f6rler Otomatik Gaz Hacmi Test Cihaz\u0131n\u0131 kullanmaktan yararlan\u0131r?<\/strong>\n<ul>\n<li>Test cihaz\u0131, hassas gaz hacmi \u00f6l\u00e7\u00fcmlerinin gerekli oldu\u011fu i\u00e7ecek, ila\u00e7, ambalaj ve t\u0131bbi cihaz end\u00fcstrileri i\u00e7in idealdir.<\/li>\n<\/ul>\n<\/li>\n<li><strong>Otomatik Gaz Hacmi Test Cihaz\u0131 do\u011fru \u00f6l\u00e7\u00fcmleri nas\u0131l sa\u011flar?<\/strong>\n<ul>\n<li>\u00d6l\u00e7\u00fcmlerin ASTM F1115 standartlar\u0131na uygun olarak do\u011fru ve tekrarlanabilir olmas\u0131n\u0131 sa\u011flamak i\u00e7in y\u00fcksek hassasiyetli bas\u0131n\u00e7 ve s\u0131cakl\u0131k sens\u00f6rleri kullan\u0131r.<\/li>\n<\/ul>\n<\/li>\n<li><strong>Otomatik Gaz Hacmi Test Cihaz\u0131 \u00f6zel test gereksinimleri i\u00e7in \u00f6zelle\u015ftirilebilir mi?<\/strong>\n<ul>\n<li>Evet, test cihaz\u0131 \u00e7alkalama h\u0131z\u0131, delme h\u0131z\u0131 ve test s\u00fcresi i\u00e7in \u00f6zelle\u015ftirilebilir ayarlar sunarak farkl\u0131 test protokolleri i\u00e7in esneklik sa\u011flar.<\/li>\n<\/ul>\n<\/li>\n<li><strong>Otomatik Gaz Hacmi Test Cihaz\u0131 end\u00fcstri standartlar\u0131na uygun mu?<\/strong>\n<ul>\n<li>Evet, ASTM F1115 ve di\u011fer ilgili standartlarla uyumludur ve tutarl\u0131, y\u00fcksek kaliteli sonu\u00e7lar sa\u011flar.<\/li>\n<\/ul>\n<\/li>\n<li><strong>Test sonu\u00e7lar\u0131 nas\u0131l belgelenebilir?<\/strong>\n<ul>\n<li>Sonu\u00e7lar iste\u011fe ba\u011fl\u0131 mikro yaz\u0131c\u0131 kullan\u0131larak yazd\u0131r\u0131labilir veya harici yaz\u0131l\u0131mla daha fazla analiz i\u00e7in bir RS 232 portu \u00fczerinden d\u0131\u015fa aktar\u0131labilir.<\/li>\n<\/ul>\n<\/li>\n<\/ol>","protected":false},"excerpt":{"rendered":"<p>Bu <strong>Otomatik Gaz Hacmi Test Cihaz\u0131<\/strong> kapal\u0131 kaplardaki gaz hacimlerinin hassas \u00f6l\u00e7\u00fcm\u00fc i\u00e7in tasarlanm\u0131\u015f son teknoloji bir cihazd\u0131r. Do\u011fru gaz hacmi \u00f6l\u00e7\u00fcmlerinin \u00fcr\u00fcn kalitesi, g\u00fcvenli\u011fi ve tutarl\u0131l\u0131\u011f\u0131n\u0131 sa\u011flad\u0131\u011f\u0131 g\u0131da ve i\u00e7ecek, ila\u00e7 ve t\u0131bbi cihazlar gibi end\u00fcstriler i\u00e7in \u00e7ok \u00f6nemlidir. Bu cihaz, geleneksel olarak manuel olan s\u00fcreci otomatikle\u015ftirerek h\u0131zl\u0131 ve g\u00fcvenilir sonu\u00e7lar sa\u011flarken a\u015fa\u011f\u0131daki gibi end\u00fcstri standartlar\u0131na da uymaktad\u0131r <strong>ASTM F1115<\/strong>.<\/p>","protected":false},"featured_media":6014,"comment_status":"closed","ping_status":"closed","template":"","meta":{"site-sidebar-layout":"default","site-content-layout":"default","ast-global-header-display":"","ast-main-header-display":"","ast-hfb-above-header-display":"","ast-hfb-below-header-display":"","ast-hfb-mobile-header-display":"","site-post-title":"","ast-breadcrumbs-content":"","ast-featured-img":"","footer-sml-layout":"","theme-transparent-header-meta":"default","adv-header-id-meta":"","stick-header-meta":"","header-above-stick-meta":"","header-main-stick-meta":"","header-below-stick-meta":""},"product_cat":[932,845,17,140,95],"product_tag":[],"class_list":{"0":"post-1463","1":"product","2":"type-product","3":"status-publish","4":"has-post-thumbnail","6":"product_cat-co2-volume-tester","7":"product_cat-customization","8":"product_cat-package-container-testers","9":"product_cat-astm-f1115","10":"product_cat-products","11":"desktop-align-left","12":"tablet-align-left","13":"mobile-align-left","15":"first","16":"instock","17":"shipping-taxable","18":"product-type-simple"},"_links":{"self":[{"href":"https:\/\/www.qualitester.com\/tr\/wp-json\/wp\/v2\/product\/1463","targetHints":{"allow":["GET"]}}],"collection":[{"href":"https:\/\/www.qualitester.com\/tr\/wp-json\/wp\/v2\/product"}],"about":[{"href":"https:\/\/www.qualitester.com\/tr\/wp-json\/wp\/v2\/types\/product"}],"replies":[{"embeddable":true,"href":"https:\/\/www.qualitester.com\/tr\/wp-json\/wp\/v2\/comments?post=1463"}],"version-history":[{"count":0,"href":"https:\/\/www.qualitester.com\/tr\/wp-json\/wp\/v2\/product\/1463\/revisions"}],"wp:featuredmedia":[{"embeddable":true,"href":"https:\/\/www.qualitester.com\/tr\/wp-json\/wp\/v2\/media\/6014"}],"wp:attachment":[{"href":"https:\/\/www.qualitester.com\/tr\/wp-json\/wp\/v2\/media?parent=1463"}],"wp:term":[{"taxonomy":"product_cat","embeddable":true,"href":"https:\/\/www.qualitester.com\/tr\/wp-json\/wp\/v2\/product_cat?post=1463"},{"taxonomy":"product_tag","embeddable":true,"href":"https:\/\/www.qualitester.com\/tr\/wp-json\/wp\/v2\/product_tag?post=1463"}],"curies":[{"name":"wp","href":"https:\/\/api.w.org\/{rel}","templated":true}]}}