{"id":7580,"date":"2025-11-19T17:09:02","date_gmt":"2025-11-19T09:09:02","guid":{"rendered":"https:\/\/www.qualitester.com\/?page_id=7580"},"modified":"2025-11-24T09:36:22","modified_gmt":"2025-11-24T01:36:22","slug":"astm-d1004","status":"publish","type":"page","link":"https:\/\/www.qualitester.com\/tr\/standards\/astm-d1004\/","title":{"rendered":"ASTM D1004"},"content":{"rendered":"<h1 style=\"text-align: center;\">ASTM D1004<br \/>\n<small>Plastik Film ve Levhalar\u0131n Graves Y\u0131rt\u0131lma Testi<\/small><\/h1>\n<p data-start=\"492\" data-end=\"999\">ASTM D1004, a\u015fa\u011f\u0131dakilerin y\u0131rt\u0131lma direncinin de\u011ferlendirilmesinde kritik bir rol oynar <strong data-start=\"562\" data-end=\"591\">plasti\u0307k fi\u0307lm ve levhalar<\/strong>, \u00dcreticilerin ve kalite kontrol personelinin, bir malzemenin ba\u015flat\u0131c\u0131 bir y\u0131rt\u0131lmaya maruz kald\u0131\u011f\u0131nda nas\u0131l davrand\u0131\u011f\u0131n\u0131 anlamalar\u0131na yard\u0131mc\u0131 olur. Filmler inceldik\u00e7e, daha i\u015flevsel hale geldik\u00e7e ve yayg\u0131n olarak kullan\u0131ld\u0131k\u00e7a <strong data-start=\"786\" data-end=\"846\">ambalaj, t\u0131bbi cihazlar, eczac\u0131l\u0131k \u00fcr\u00fcnleri, elektronik<\/strong>, ve di\u011fer end\u00fcstrilerde, do\u011fru y\u0131rt\u0131lma mukavemeti de\u011ferlendirmesi, performans\u0131 tahmin etmek ve ger\u00e7ek d\u00fcnyadaki uygulamalarda ar\u0131zay\u0131 \u00f6nlemek i\u00e7in gerekli hale gelmektedir.<\/p>\n<p data-start=\"1001\" data-end=\"1287\">Bu y\u00f6ntem a\u015fa\u011f\u0131dakilere odaklan\u0131r <strong data-start=\"1024\" data-end=\"1066\">y\u0131rt\u0131lmay\u0131 ba\u015flatmak i\u00e7in gereken kuvvet<\/strong>, yaymak i\u00e7in gereken kuvvetten ziyade. Bu vurgu, esnek film yap\u0131lar\u0131n\u0131n, \u00f6zellikle de y\u00fcksek b\u00fct\u00fcnl\u00fckl\u00fc paketleme uygulamalar\u0131nda kullan\u0131lanlar\u0131n dayan\u0131kl\u0131l\u0131\u011f\u0131 ve g\u00fcvenilirli\u011fi hakk\u0131nda de\u011ferli bilgiler sa\u011flamaktad\u0131r.<\/p>\n<hr data-start=\"1289\" data-end=\"1292\" \/>\n<h3 data-start=\"1294\" data-end=\"1341\">ASTM D1004'te Graves Y\u0131rt\u0131lma Testinin \u00d6nemi<\/h3>\n<p data-start=\"1451\" data-end=\"1843\">Bu <strong data-start=\"1455\" data-end=\"1475\">graves g\u00f6zya\u015f\u0131 testi<\/strong>, ASTM D1004'\u00fcn merkezinde, tan\u0131mlanm\u0131\u015f bir stres konsantrasyonu olu\u015fturan \u00e7entikli bir numune geometrisi kullan\u0131r. Malzeme y\u00fck alt\u0131nda esnedi\u011finde, bu kritik konumda y\u0131rt\u0131lma ba\u015flar. Y\u0131rt\u0131lma <strong data-start=\"1667\" data-end=\"1698\">graves y\u0131rt\u0131lma direnci testi<\/strong> Numune \u015fekli, \u00e7entik boyutlar\u0131, test h\u0131z\u0131 ve kavrama y\u00f6ntemi standartla\u015ft\u0131r\u0131ld\u0131\u011f\u0131ndan, kullan\u0131c\u0131lar\u0131n son derece kar\u015f\u0131la\u015ft\u0131r\u0131labilir veriler elde etmesini sa\u011flar.<\/p>\n<p data-start=\"1845\" data-end=\"2258\">Tutarl\u0131 bir \u015fekilde \u00e7al\u0131\u015fan end\u00fcstriler i\u00e7in <strong data-start=\"1882\" data-end=\"1922\">plasti\u0307k fi\u0307lm ve levha yirtilma dayanimi<\/strong>, Bu y\u00f6ntem g\u00fc\u00e7l\u00fc bir tahmin g\u00fcc\u00fc sunar. Torbalarda, t\u0131bbi torbalarda, blister uygulamalar\u0131nda ve koruyucu laminatlarda kullan\u0131lan ambalaj filmleri genellikle lokal gerilimlerle kar\u015f\u0131la\u015f\u0131r. Bir malzemenin y\u0131rt\u0131lma ba\u015flad\u0131\u011f\u0131 anda nas\u0131l tepki verdi\u011fini anlamak, \u00fcreticilerin \u00fcr\u00fcn form\u00fclasyonunu, \u00e7ok katmanl\u0131 yap\u0131y\u0131 ve s\u00fcre\u00e7 kontrol\u00fcn\u00fc geli\u015ftirmesine yard\u0131mc\u0131 olur.<\/p>\n<hr data-start=\"2260\" data-end=\"2263\" \/>\n<h3 data-start=\"2265\" data-end=\"2329\">ASTM D1004 Y\u0131rt\u0131lma Direnci \u00d6l\u00e7\u00fcm\u00fcn\u00fcn Arkas\u0131ndaki Temel \u0130lkeler<\/h3>\n<p data-start=\"2331\" data-end=\"2626\">ASTM D1004 d\u00fc\u015f\u00fck y\u00fckleme oran\u0131n\u0131 \u015fu \u015fekilde tan\u0131mlar <strong data-start=\"2372\" data-end=\"2385\">51 mm\/dak<\/strong>, Y\u0131rt\u0131lman\u0131n tipik kullan\u0131m ko\u015fullar\u0131n\u0131n \u00e7ok alt\u0131nda, kontroll\u00fc ve yava\u015f stres alt\u0131nda ger\u00e7ekle\u015fmesini sa\u011flar. Bu, laboratuvarlar\u0131n dinamik streslerin etkisi olmadan malzemenin kimyas\u0131n\u0131, kristalli\u011fini ve yap\u0131sal \u00f6zelliklerini izole etmesine olanak tan\u0131r.<\/p>\n<p data-start=\"2628\" data-end=\"2674\">Birka\u00e7 \u00f6nemli ilke y\u00f6nteme rehberlik etmektedir:<\/p>\n<ul>\n<li data-start=\"2678\" data-end=\"2805\"><strong data-start=\"2678\" data-end=\"2719\">Do\u011fru kuvvet ba\u015flatma \u00f6l\u00e7\u00fcm\u00fc<\/strong>: Y\u0131rt\u0131lman\u0131n ba\u015flang\u0131c\u0131na yak\u0131n meydana gelen maksimum kuvvet y\u0131rt\u0131lma direncini tan\u0131mlar.<\/li>\n<li data-start=\"2808\" data-end=\"2965\"><strong data-start=\"2808\" data-end=\"2845\">S\u0131k\u0131 numune kal\u0131nl\u0131\u011f\u0131 kontrol\u00fc<\/strong>: Kal\u0131nl\u0131k y\u0131rt\u0131lma davran\u0131\u015f\u0131 ile do\u011frusal olarak ili\u015fkili olmad\u0131\u011f\u0131ndan, \u00b110%'nin \u00f6tesindeki varyasyonlar yan\u0131lt\u0131c\u0131 sonu\u00e7lar verir.<\/li>\n<li data-start=\"2968\" data-end=\"3080\"><strong data-start=\"2968\" data-end=\"3004\">Sabit kavrama oran\u0131 ayr\u0131m\u0131<\/strong> Laboratuvarlar ve cihaz t\u00fcrleri aras\u0131nda tek tip test ko\u015fullar\u0131 sa\u011flar.<\/li>\n<li data-start=\"3083\" data-end=\"3237\"><strong data-start=\"3083\" data-end=\"3108\">Uygun malzemeler<\/strong>: Y\u00f6ntem, k\u0131r\u0131lgan bir \u015fekilde bozulmayan ve yakla\u015f\u0131k 200%'nin \u00f6tesinde a\u015f\u0131r\u0131 uzamayan filmler i\u00e7in en iyi sonucu verir.<\/li>\n<\/ul>\n<p data-start=\"3239\" data-end=\"3365\">Bu ilkeler, laboratuvarlar\u0131n partiler, malzemeler ve \u00fcretim s\u00fcre\u00e7leri aras\u0131nda g\u00fcvenilir y\u0131rt\u0131lma mukavemeti verileri elde etmesini sa\u011flamaya yard\u0131mc\u0131 olur.<\/p>\n<hr data-start=\"3367\" data-end=\"3370\" \/>\n<h3 data-start=\"3372\" data-end=\"3404\">ASTM D1004 Graves Y\u0131rt\u0131lma Testi Prensibi<\/h3>\n<p data-start=\"3406\" data-end=\"3772\">Prosed\u00fcr, her iki taraf\u0131nda hassas bir \u00e7entik bulunan damb\u0131l \u015feklindeki numunelerin haz\u0131rlanmas\u0131yla ba\u015flar. \u00c7entikli alan\u0131n etraf\u0131ndaki kal\u0131nl\u0131k \u00f6l\u00e7\u00fcm\u00fcnden sonra numune, geni\u015fletilmi\u015f u\u00e7lar kavrama merkez \u00e7izgisiyle hizalanacak \u015fekilde monte edilir. Makine, \u00e7eneleri sabit bir h\u0131zda ay\u0131r\u0131r ve kuvvet e\u011frisi, \u00f6nemli y\u0131rt\u0131lma ilerlemeden \u00f6nce maksimum y\u00fck\u00fc tan\u0131mlar.<\/p>\n<p data-start=\"3774\" data-end=\"3815\">Modern dijital test cihazlar\u0131 kay\u0131t yapar:<\/p>\n<ul>\n<li data-start=\"3818\" data-end=\"3854\">Maksimum y\u0131rt\u0131lma direnci (N veya lbf)<\/li>\n<li data-start=\"3857\" data-end=\"3881\">Maksimum uzatma (mm)<\/li>\n<li data-start=\"3884\" data-end=\"3925\">Y\u00fck-deplasman e\u011frisi \u00f6zellikleri<\/li>\n<li data-start=\"3928\" data-end=\"3988\">Ortalama ve standart sapma gibi istatistiksel parametreler<\/li>\n<\/ul>\n<p data-start=\"3990\" data-end=\"4130\">Bu veriler laboratuvarlar\u0131n malzeme tutarl\u0131l\u0131\u011f\u0131n\u0131 do\u011frulamas\u0131na, tedarik\u00e7i kalitesini de\u011ferlendirmesine, Ar-Ge kar\u015f\u0131la\u015ft\u0131rmalar\u0131 yapmas\u0131na ve ambalaj tasar\u0131m\u0131n\u0131 do\u011frulamas\u0131na yard\u0131mc\u0131 olur.<\/p>\n<hr data-start=\"4132\" data-end=\"4135\" \/>\n<h3 data-start=\"4137\" data-end=\"4191\">ASTM D1004 Testi i\u00e7in Uygun Ekipman Se\u00e7imi<\/h3>\n<p><a href=\"https:\/\/www.qualitester.com\/tr\/urun\/tensile-tester-tst-01\/\"><img fetchpriority=\"high\" decoding=\"async\" class=\"alignleft wp-image-7581 size-medium\" src=\"https:\/\/www.qualitester.com\/wp-content\/uploads\/2025\/11\/ASTM-D1004-Graves-Tear-Test-of-Plastic-Films-and-Sheets-300x300.webp\" alt=\"ASTM D1004 Plastik Film ve Levhalar\u0131n Graves Y\u0131rt\u0131lma Testi\" width=\"300\" height=\"300\" srcset=\"https:\/\/www.qualitester.com\/wp-content\/uploads\/2025\/11\/ASTM-D1004-Graves-Tear-Test-of-Plastic-Films-and-Sheets-300x300.webp 300w, https:\/\/www.qualitester.com\/wp-content\/uploads\/2025\/11\/ASTM-D1004-Graves-Tear-Test-of-Plastic-Films-and-Sheets-150x150.webp 150w, https:\/\/www.qualitester.com\/wp-content\/uploads\/2025\/11\/ASTM-D1004-Graves-Tear-Test-of-Plastic-Films-and-Sheets-12x12.webp 12w, https:\/\/www.qualitester.com\/wp-content\/uploads\/2025\/11\/ASTM-D1004-Graves-Tear-Test-of-Plastic-Films-and-Sheets-100x100.webp 100w, https:\/\/www.qualitester.com\/wp-content\/uploads\/2025\/11\/ASTM-D1004-Graves-Tear-Test-of-Plastic-Films-and-Sheets.webp 600w\" sizes=\"(max-width: 300px) 100vw, 300px\" \/><\/a><\/p>\n<p data-start=\"4193\" data-end=\"4393\">G\u00fcvenilir ASTM D1004 performans\u0131 h\u0131z, hizalama ve y\u00fck \u00f6l\u00e7\u00fcm\u00fcn\u00fcn hassas kontrol\u00fcn\u00fc gerektirir. Y\u00fcksek do\u011fruluklu sabit kavrama oran\u0131 ay\u0131rma test cihaz\u0131, tekrarlanabilir kuvvet ba\u015flatma sonu\u00e7lar\u0131 sa\u011flar.<\/p>\n<p data-start=\"4395\" data-end=\"4820\">G\u00fcvenilir ve verimli testler arayan laboratuvarlar i\u00e7in g\u00fc\u00e7l\u00fc bir se\u00e7enek <strong data-start=\"4476\" data-end=\"4520\">Cell Instruments TST-01 <a href=\"https:\/\/www.qualitester.com\/tr\/urun\/tensile-tester-tst-01\/\" target=\"_blank\" rel=\"noopener\">\u00c7ekme Test Cihaz\u0131<\/a><\/strong>. Bu model esnek plastikleri, filmleri ve laminatlar\u0131 desteklerken istikrarl\u0131 kavrama kontrol\u00fc, programlanabilir h\u0131z ayarlar\u0131 ve y\u00fcksek \u00e7\u00f6z\u00fcn\u00fcrl\u00fckl\u00fc y\u00fck h\u00fccreleri sunar. \u00c7ok y\u00f6nl\u00fcl\u00fc\u011f\u00fc, laboratuvarlar\u0131n y\u0131rt\u0131lma testinin \u00f6tesinde birden fazla standarda uymas\u0131n\u0131 sa\u011flayarak daha geni\u015f kalite ve Ar-Ge i\u015f ak\u0131\u015flar\u0131n\u0131 destekler.<\/p>\n<p data-start=\"4822\" data-end=\"5000\">Sa\u011flam bir cihaz se\u00e7mek sadece ASTM D1004 uyumlulu\u011funu iyile\u015ftirmekle kalmaz, ayn\u0131 zamanda <strong data-start=\"4910\" data-end=\"4930\">veri g\u00fcvenilirli\u011fi<\/strong>, operat\u00f6r hatalar\u0131n\u0131 en aza indirir ve uzun vadeli kalite g\u00fcvencesini destekler.<\/p>\n<hr data-start=\"5002\" data-end=\"5005\" \/>\n<h2 data-start=\"310\" data-end=\"349\"><strong data-start=\"313\" data-end=\"349\">ASTM D1004 Graves Y\u0131rt\u0131lma Testi hakk\u0131nda SSS<\/strong><\/h2>\n<p data-start=\"351\" data-end=\"383\"><strong data-start=\"355\" data-end=\"381\">1. ASTM D1004 nedir?<br \/>\n<\/strong><a href=\"https:\/\/www.astm.org\/d1004-21.html\" target=\"_blank\" rel=\"noopener nofollow\">ASTM D1004<\/a> \u00f6l\u00e7mek i\u00e7in kullan\u0131lan standartla\u015ft\u0131r\u0131lm\u0131\u015f bir test y\u00f6ntemidir. <strong data-start=\"445\" data-end=\"475\">y\u0131rt\u0131lma ba\u015flatma direnci<\/strong> Graves y\u0131rt\u0131lma geometrisini kullanarak esnek plastik filmlerin ve tabakalar\u0131n. Kontroll\u00fc, d\u00fc\u015f\u00fck h\u0131zl\u0131 bir y\u00fckleme ko\u015fulu alt\u0131nda bir y\u0131rt\u0131lmay\u0131 ba\u015flatmak i\u00e7in gereken maksimum kuvveti de\u011ferlendirir.<\/p>\n<p data-start=\"658\" data-end=\"700\"><strong data-start=\"662\" data-end=\"698\">2. Graves y\u0131rt\u0131lma testi nedir?<br \/>\n<\/strong>Graves y\u0131rt\u0131lma testi, bir stres konsantrasyon noktas\u0131 olu\u015fturmak i\u00e7in \u00e7entikli, damb\u0131l \u015feklinde bir numune kullan\u0131r. Sabit bir h\u0131zda \u00e7ekildi\u011finde, test a\u015fa\u011f\u0131daki de\u011ferleri belirler <strong data-start=\"859\" data-end=\"903\">y\u0131rt\u0131lman\u0131n ba\u015flad\u0131\u011f\u0131 maksimum kuvvet<\/strong>, film dayan\u0131kl\u0131l\u0131\u011f\u0131 ve toklu\u011fu hakk\u0131nda fikir verir.<\/p>\n<p data-start=\"1666\" data-end=\"1729\"><strong data-start=\"1670\" data-end=\"1727\">3. ASTM D1004'\u00fcn di\u011fer y\u0131rt\u0131lma testlerinden fark\u0131 nedir?<br \/>\n<\/strong>ASTM D1004 \u00f6zellikle a\u015fa\u011f\u0131dakilere odaklan\u0131r <strong data-start=\"1765\" data-end=\"1784\">g\u00f6zya\u015f\u0131 ba\u015flatma<\/strong>, ASTM D1922 gibi testler ise a\u015fa\u011f\u0131dakileri \u00f6l\u00e7er <strong data-start=\"1825\" data-end=\"1845\">g\u00f6zya\u015f\u0131 yay\u0131l\u0131m\u0131<\/strong>. Bu da D1004'\u00fc, y\u0131rt\u0131lman\u0131n ba\u015flang\u0131c\u0131na direnme kabiliyetinin y\u0131rt\u0131lman\u0131n nas\u0131l ilerledi\u011finden daha kritik oldu\u011fu malzemeler i\u00e7in \u00f6zellikle de\u011ferli k\u0131lmaktad\u0131r.<\/p>\n<p data-start=\"1730\" data-end=\"1992\"><strong>4. ASTM D1004 i\u00e7in gerekli test h\u0131z\u0131 nedir?<br \/>\n<\/strong>Kulplar \u015fu noktalarda ayr\u0131lmal\u0131d\u0131r <strong data-start=\"2087\" data-end=\"2111\">51 mm\/dak (2 in\u00e7\/dak)<\/strong>. Bu h\u0131z\u0131 korumak, do\u011fru ve kar\u015f\u0131la\u015ft\u0131r\u0131labilir sonu\u00e7lar elde etmek i\u00e7in \u00e7ok \u00f6nemlidir.<\/p>\n<p data-start=\"1730\" data-end=\"1992\"><strong>5. ASTM D1004 testi i\u00e7in hangi ekipman uygundur?<\/strong><br \/>\nHassas h\u0131z kontrol\u00fc ve sabit kavrama \u00f6zelli\u011fine sahip sabit kavrama oranl\u0131 bir ay\u0131rma test cihaz\u0131 gereklidir. A\u015fa\u011f\u0131daki gibi cihazlar <strong data-start=\"2925\" data-end=\"2969\">Cell Instruments TST-01 Evrensel Test Cihaz\u0131<\/strong> do\u011fru, tekrarlanabilir sonu\u00e7lar sa\u011flar ve birden fazla film test y\u00f6ntemini destekler.<\/p>","protected":false},"excerpt":{"rendered":"<p>ASTM D1004 Graves Tear Test of Plastic Films and Sheets ASTM D1004 plays a critical role in evaluating the tear resistance of plastic film and sheeting, helping manufacturers and quality control personnel understand how a material behaves when subjected to an initiating tear. As films become thinner, more functionalized, and widely used across packaging, medical &hellip;<\/p>\n<p class=\"read-more\"> <a class=\"\" href=\"https:\/\/www.qualitester.com\/tr\/standards\/astm-d1004\/\"> <span class=\"screen-reader-text\">ASTM D1004<\/span> Devam\u0131 \"<\/a><\/p>","protected":false},"author":4,"featured_media":0,"parent":4948,"menu_order":0,"comment_status":"closed","ping_status":"closed","template":"","meta":{"site-sidebar-layout":"default","site-content-layout":"default","ast-global-header-display":"","ast-main-header-display":"","ast-hfb-above-header-display":"","ast-hfb-below-header-display":"","ast-hfb-mobile-header-display":"","site-post-title":"disabled","ast-breadcrumbs-content":"","ast-featured-img":"","footer-sml-layout":"","theme-transparent-header-meta":"default","adv-header-id-meta":"","stick-header-meta":"","header-above-stick-meta":"","header-main-stick-meta":"","header-below-stick-meta":"","footnotes":""},"class_list":["post-7580","page","type-page","status-publish","hentry"],"_links":{"self":[{"href":"https:\/\/www.qualitester.com\/tr\/wp-json\/wp\/v2\/pages\/7580","targetHints":{"allow":["GET"]}}],"collection":[{"href":"https:\/\/www.qualitester.com\/tr\/wp-json\/wp\/v2\/pages"}],"about":[{"href":"https:\/\/www.qualitester.com\/tr\/wp-json\/wp\/v2\/types\/page"}],"author":[{"embeddable":true,"href":"https:\/\/www.qualitester.com\/tr\/wp-json\/wp\/v2\/users\/4"}],"replies":[{"embeddable":true,"href":"https:\/\/www.qualitester.com\/tr\/wp-json\/wp\/v2\/comments?post=7580"}],"version-history":[{"count":0,"href":"https:\/\/www.qualitester.com\/tr\/wp-json\/wp\/v2\/pages\/7580\/revisions"}],"up":[{"embeddable":true,"href":"https:\/\/www.qualitester.com\/tr\/wp-json\/wp\/v2\/pages\/4948"}],"wp:attachment":[{"href":"https:\/\/www.qualitester.com\/tr\/wp-json\/wp\/v2\/media?parent=7580"}],"curies":[{"name":"wp","href":"https:\/\/api.w.org\/{rel}","templated":true}]}}