{"id":7567,"date":"2025-11-13T09:51:57","date_gmt":"2025-11-13T01:51:57","guid":{"rendered":"https:\/\/www.qualitester.com\/?page_id=7567"},"modified":"2025-11-13T10:08:10","modified_gmt":"2025-11-13T02:08:10","slug":"iso-7864","status":"publish","type":"page","link":"https:\/\/www.qualitester.com\/tr\/standards\/iso-7864\/","title":{"rendered":"ISO 7864"},"content":{"rendered":"<h1 style=\"text-align: center;\">ISO 7864<br \/>\n<small>Steril Hipodermik \u0130\u011fne Testi<br \/>\nPenetrasyon ve S\u00fcr\u00fckleme Kuvveti &amp; \u0130\u011fne Yap\u0131\u015fma Dayan\u0131m\u0131<\/small><\/h1>\n<p data-start=\"437\" data-end=\"871\"><strong data-start=\"456\" data-end=\"468\">ISO 7864<\/strong> tan\u0131mlar <em data-start=\"481\" data-end=\"558\">tek kullanimlik steri\u0307l hi\u0307podermi\u0307k i\u0307\u011fneler i\u0307\u00e7i\u0307n gerekli\u0307li\u0307kler ve test y\u00f6ntemleri\u0307<\/em>. Bu uluslararas\u0131 standart, enjeksiyon veya s\u0131v\u0131 \u00e7ekme i\u00e7in kullan\u0131lan t\u0131bbi i\u011fnelerin s\u0131k\u0131 g\u00fcvenlik, keskinlik ve performans gereksinimlerini kar\u015f\u0131lamas\u0131n\u0131 sa\u011flar.<\/p>\n<p data-start=\"873\" data-end=\"1157\">At <a href=\"https:\/\/www.qualitester.com\/tr\/\" target=\"_blank\" rel=\"noopener\"><strong data-start=\"876\" data-end=\"906\">Cell Instruments Co., Ltd.<\/strong><\/a>ISO 7864 uyar\u0131nca t\u0131bbi i\u011fnelerin ve \u015f\u0131r\u0131ngalar\u0131n mekanik \u00f6zelliklerini ve i\u015flevselli\u011fini test etmek i\u00e7in geli\u015fmi\u015f \u00e7\u00f6z\u00fcmler sunuyoruz. Cihazlar\u0131m\u0131z t\u0131bbi cihaz kalite kontrol, ara\u015ft\u0131rma ve uygunluk testlerinde yayg\u0131n olarak kullan\u0131lmaktad\u0131r.<\/p>\n<hr data-start=\"1159\" data-end=\"1162\" \/>\n<h2 data-start=\"1164\" data-end=\"1211\">ISO 7864'\u00fc ve \u00d6nemini Anlamak<\/h2>\n<p data-start=\"1212\" data-end=\"1513\"><strong data-start=\"1212\" data-end=\"1224\">ISO 7864<\/strong> sa\u011flamak i\u00e7in tek tip \u015fartnameler belirler. <em data-start=\"1274\" data-end=\"1321\">sterilite, b\u00fct\u00fcnl\u00fck ve mekanik dayan\u0131kl\u0131l\u0131k<\/em> hipodermik i\u011fneler i\u00e7in. Bu standartlar, yerle\u015ftirme a\u011fr\u0131s\u0131n\u0131 en aza indirerek, k\u0131r\u0131lmay\u0131 \u00f6nleyerek ve i\u011fne ile g\u00f6bek aras\u0131nda d\u00fczg\u00fcn bir ba\u011f olu\u015fmas\u0131n\u0131 sa\u011flayarak hasta g\u00fcvenli\u011fini korumak i\u00e7in kritik \u00f6neme sahiptir.<\/p>\n<p data-start=\"1515\" data-end=\"1794\">Standart, \u00e7e\u015fitli prosed\u00fcrler i\u00e7in ayr\u0131nt\u0131l\u0131 prosed\u00fcrleri ana hatlar\u0131yla belirtir <strong data-start=\"1569\" data-end=\"1598\">hipodermik i\u011fne testi<\/strong> parametreler, \u00f6rne\u011fin <em data-start=\"1619\" data-end=\"1671\">\u0130\u011fne keskinli\u011fi, n\u00fcfuz edebilirlik, yap\u0131\u015fma g\u00fcc\u00fc,<\/em> ve <em data-start=\"1676\" data-end=\"1699\">boyutsal do\u011fruluk.<\/em> Bu testlerin her biri, bir i\u011fnenin klinik kullan\u0131m s\u0131ras\u0131nda ne kadar etkili performans g\u00f6sterebilece\u011finin de\u011ferlendirilmesine yard\u0131mc\u0131 olur.<\/p>\n<hr data-start=\"1796\" data-end=\"1799\" \/>\n<h2 data-start=\"1801\" data-end=\"1835\">Temel ISO 7864 Test Y\u00f6ntemleri<\/h2>\n<h3 data-start=\"1837\" data-end=\"1905\">Ek D - Hipodermik \u0130\u011fne Keskinlik Testi ve Penetrabilite Testi<\/h3>\n<p data-start=\"1906\" data-end=\"2148\">En \u00f6nemli performans fakt\u00f6rlerinden biri <strong data-start=\"1955\" data-end=\"1984\">hipodermik i\u011fne testi<\/strong> keskinli\u011fidir. <strong data-start=\"2003\" data-end=\"2042\">Hipodermik i\u011fne keskinlik testi<\/strong> de\u011ferlendirir <em data-start=\"2057\" data-end=\"2091\">penetrasyon kuvveti ve s\u00fcr\u00fckleme kuvveti<\/em> standartla\u015ft\u0131r\u0131lm\u0131\u015f bir alt tabakaya i\u011fne yerle\u015ftirilmesi s\u0131ras\u0131nda.<\/p>\n<p data-start=\"2150\" data-end=\"2376\">ISO 7864 Ek D'ye g\u00f6re <strong data-start=\"2185\" data-end=\"2217\">i\u011fne penetrasyon testi<\/strong> i\u011fnenin sabit bir h\u0131zda bir alt tabakaya (genellikle lateks veya poli\u00fcretan film) sokulmas\u0131yla ger\u00e7ekle\u015ftirilir. <strong data-start=\"2330\" data-end=\"2344\">100 mm\/dak<\/strong>. \u0130ki parametre \u00f6l\u00e7\u00fcl\u00fcr:<\/p>\n<ul>\n<li data-start=\"2379\" data-end=\"2461\"><strong data-start=\"2379\" data-end=\"2405\">Tepe penetrasyon kuvveti<\/strong> - alt tabakay\u0131 delmek i\u00e7in gereken maksimum kuvvet.<\/li>\n<li data-start=\"2464\" data-end=\"2559\"><strong data-start=\"2464\" data-end=\"2478\">S\u00fcr\u00fckleme kuvveti<\/strong> - i\u011fne alt tabaka boyunca hareket ederken ortalama s\u00fcrt\u00fcnme direnci.<\/li>\n<\/ul>\n<p data-start=\"2561\" data-end=\"2705\">Bu de\u011ferler, hem ilk delinmeyi hem de i\u011fneye etki eden s\u00fcrt\u00fcnme kuvvetlerini temsil eden bir kuvvet-deplasman e\u011frisinde \u00e7izilir.<\/p>\n<p data-start=\"2707\" data-end=\"2943\">Bu testi do\u011fru bir \u015fekilde ger\u00e7ekle\u015ftirmek i\u00e7in, <strong data-start=\"2740\" data-end=\"2794\">Cell Instruments' <a href=\"https:\/\/www.qualitester.com\/tr\/urun\/iso-7864-needle-penetration-force-measurement-instrument\/\" target=\"_blank\" rel=\"noopener\">NPD-01 \u0130\u011fne Penetrasyon ve S\u00fcr\u00fckleme Kuvveti Test Cihaz\u0131<\/a><\/strong>\u00a0penetrasyon ve s\u00fcr\u00fckleme kuvvetlerinin y\u00fcksek hassasiyetle \u00f6l\u00e7\u00fclmesini sa\u011flayarak kullan\u0131c\u0131lar\u0131n ISO 7864 Ek D'ye uygun olarak i\u011fne performans\u0131n\u0131 de\u011ferlendirmesine olanak tan\u0131r.<\/p>\n<h3 data-start=\"2950\" data-end=\"2985\">Ek E - \u0130\u011fne Yap\u0131\u015fma Dayan\u0131m\u0131 Testi<\/h3>\n<p data-start=\"2986\" data-end=\"3264\">Bir ba\u015fka kritik par\u00e7as\u0131 <strong data-start=\"3011\" data-end=\"3031\">iso 7864 testleri\u0307<\/strong> aras\u0131ndaki mekanik ba\u011flant\u0131y\u0131 de\u011ferlendiriyor. <em data-start=\"3084\" data-end=\"3097\">i\u011fne t\u00fcp\u00fc<\/em> ve <em data-start=\"3102\" data-end=\"3114\">i\u011fne g\u00f6be\u011fi<\/em>. Bu <strong data-start=\"3120\" data-end=\"3152\">i\u011fne yap\u0131\u015fma mukavemeti testi<\/strong> (Ek E) i\u011fnenin kullan\u0131m s\u0131ras\u0131nda kar\u015f\u0131la\u015f\u0131lan gerilme kuvvetlerine ayr\u0131lmadan dayanabilmesini sa\u011flar.<\/p>\n<p data-start=\"3266\" data-end=\"3537\">Bu testte, i\u011fne bir \u00e7ekme testi makinesine dikey olarak monte edilir. Y\u00fck h\u00fccresi s\u0131f\u0131ra ayarlan\u0131r ve numune a\u015fa\u011f\u0131daki h\u0131zda \u00e7ekilir <strong data-start=\"3412\" data-end=\"3425\">50 mm\/dak<\/strong> g\u00f6bek ayr\u0131lana veya i\u011fne k\u0131r\u0131lana kadar. \u0130\u011fne <strong data-start=\"3476\" data-end=\"3502\">kaydedilen maksimum kuvvet<\/strong> ba\u011flanma g\u00fcc\u00fcn\u00fc temsil eder.<\/p>\n<p data-start=\"3539\" data-end=\"3831\">G\u00fcvenilir ve tekrarlanabilir sonu\u00e7lar i\u00e7in, <strong data-start=\"3576\" data-end=\"3635\">Cell Instruments'\u0131n NBS-01 \u0130\u011fne Yap\u0131\u015fma Dayan\u0131m\u0131 Test Cihaz\u0131<\/strong> do\u011fru kuvvet \u00f6l\u00e7\u00fcm\u00fc ve y\u00fcksek \u00f6rnekleme hassasiyeti sa\u011flar. Bu cihaz, ISO 7864 ve ISO 9626 gibi ilgili standartlara g\u00f6re ba\u011flanma mukavemetini de\u011ferlendirmek i\u00e7in \u00f6zel olarak tasarlanm\u0131\u015ft\u0131r.<\/p>\n<hr data-start=\"3833\" data-end=\"3836\" \/>\n<h2 data-start=\"3838\" data-end=\"3897\">\u015e\u0131r\u0131nga \u0130\u015flevselli\u011fi ve Hipodermik \u015e\u0131r\u0131nga Testi<\/h2>\n<p data-start=\"3898\" data-end=\"4189\">ISO 7864 i\u011fnelere odaklan\u0131rken, genellikle a\u015fa\u011f\u0131dakilerle birlikte kullan\u0131l\u0131r <a href=\"https:\/\/www.qualitester.com\/tr\/standards\/iso-7886-1\/\" target=\"_blank\" rel=\"noopener\"><strong data-start=\"3960\" data-end=\"3972\">ISO 7886-1<\/strong><\/a>kapsar <em data-start=\"3987\" data-end=\"4023\">tek kullan\u0131ml\u0131k hipodermik \u015f\u0131r\u0131ngalar<\/em>. <strong data-start=\"4025\" data-end=\"4058\">\u015e\u0131r\u0131nga i\u015flevsellik testi<\/strong> kullan\u0131m kolayl\u0131\u011f\u0131n\u0131, piston kuvvetini ve s\u0131z\u0131nt\u0131 \u00f6nlemeyi inceleyerek t\u00fcm enjeksiyon sisteminin g\u00fcvenilir bir \u015fekilde \u00e7al\u0131\u015fmas\u0131n\u0131 sa\u011flar.<\/p>\n<p data-start=\"4191\" data-end=\"4379\">ile birle\u015ftirildi\u011finde <strong data-start=\"4210\" data-end=\"4240\">hipodermik \u015f\u0131r\u0131nga testi<\/strong>ISO 7864 testi, a\u015fa\u011f\u0131dakilerin tam bir de\u011ferlendirmesini sa\u011flar <em data-start=\"4293\" data-end=\"4318\">i\u011fne-\u015f\u0131r\u0131nga tertibat\u0131<\/em>her iki bile\u015fenin birlikte sorunsuz bir \u015fekilde \u00e7al\u0131\u015ft\u0131\u011f\u0131n\u0131 teyit eder.<\/p>\n<hr data-start=\"5026\" data-end=\"5029\" \/>\n<h2 data-start=\"5031\" data-end=\"5085\">ISO 7864 Testi i\u00e7in Neden Cell Instruments'\u0131 Se\u00e7melisiniz?<\/h2>\n<p><img fetchpriority=\"high\" decoding=\"async\" class=\"size-medium wp-image-7570 alignleft\" src=\"https:\/\/www.qualitester.com\/wp-content\/uploads\/2025\/11\/ISO-7864-Sterile-Hypodermic-Needle-Penetration-and-Drag-Force-Needle-Bonding-Strength-300x300.webp\" alt=\"ISO 7864 Steril Hipodermik \u0130\u011fne Penetrasyon ve S\u00fcr\u00fckleme Kuvveti &amp; \u0130\u011fne Ba\u011flanma Dayan\u0131m\u0131\" width=\"300\" height=\"300\" srcset=\"https:\/\/www.qualitester.com\/wp-content\/uploads\/2025\/11\/ISO-7864-Sterile-Hypodermic-Needle-Penetration-and-Drag-Force-Needle-Bonding-Strength-300x300.webp 300w, https:\/\/www.qualitester.com\/wp-content\/uploads\/2025\/11\/ISO-7864-Sterile-Hypodermic-Needle-Penetration-and-Drag-Force-Needle-Bonding-Strength-150x150.webp 150w, https:\/\/www.qualitester.com\/wp-content\/uploads\/2025\/11\/ISO-7864-Sterile-Hypodermic-Needle-Penetration-and-Drag-Force-Needle-Bonding-Strength-12x12.webp 12w, https:\/\/www.qualitester.com\/wp-content\/uploads\/2025\/11\/ISO-7864-Sterile-Hypodermic-Needle-Penetration-and-Drag-Force-Needle-Bonding-Strength-100x100.webp 100w, https:\/\/www.qualitester.com\/wp-content\/uploads\/2025\/11\/ISO-7864-Sterile-Hypodermic-Needle-Penetration-and-Drag-Force-Needle-Bonding-Strength.webp 600w\" sizes=\"(max-width: 300px) 100vw, 300px\" \/><\/p>\n<p data-start=\"5086\" data-end=\"5276\">Malzeme ve t\u0131bbi cihaz testlerinde y\u0131llar\u0131n uzmanl\u0131\u011f\u0131 ile, <strong data-start=\"5150\" data-end=\"5170\">H\u00fccre Enstr\u00fcmanlar\u0131<\/strong> ISO 7864 ve ISO 9626 gibi uluslararas\u0131 standartlar\u0131 kar\u015f\u0131layan geli\u015fmi\u015f, otomatik \u00e7\u00f6z\u00fcmler sunar.<\/p>\n<p data-start=\"5278\" data-end=\"5375\">Bizim <strong data-start=\"2740\" data-end=\"2794\">NPD-01 \u0130\u011fne Penetrasyon ve S\u00fcr\u00fckleme Kuvveti Test Cihaz\u0131<\/strong>\u00a0ve <strong data-start=\"5323\" data-end=\"5364\">NBS-01 \u0130\u011fne Yap\u0131\u015fma Dayan\u0131m\u0131 Test Cihaz\u0131<\/strong> teslim et:<\/p>\n<ul>\n<li data-start=\"5378\" data-end=\"5427\">Kuvvet \u00f6l\u00e7\u00fcm\u00fc i\u00e7in y\u00fcksek hassasiyetli y\u00fck h\u00fccreleri.<\/li>\n<li data-start=\"5430\" data-end=\"5480\">Programlanabilir test h\u0131zlar\u0131 ve penetrasyon derinlikleri.<\/li>\n<li data-start=\"5483\" data-end=\"5523\">Otomatik veri kayd\u0131 ve analizi.<\/li>\n<li data-start=\"5526\" data-end=\"5585\">Verimli test i\u015f ak\u0131\u015flar\u0131 i\u00e7in kullan\u0131c\u0131 dostu aray\u00fczler.<\/li>\n<\/ul>\n<p data-start=\"5587\" data-end=\"5771\">Bu sistemler a\u015fa\u011f\u0131dakiler i\u00e7in idealdir <strong data-start=\"5615\" data-end=\"5692\">hipodermik i\u011fne \u00fcreticileri, \u015f\u0131r\u0131nga \u00fcreticileri, t\u0131bbi laboratuvarlar,<\/strong> ve <strong data-start=\"5697\" data-end=\"5725\">kali\u0307te kontrol ajanslari<\/strong> ISO uyumlu test yetenekleri ar\u0131yor.<\/p>\n<hr data-start=\"5773\" data-end=\"5776\" \/>\n<p data-start=\"5795\" data-end=\"6108\"><a href=\"https:\/\/www.iso.org\/standard\/60481.html\" target=\"_blank\" rel=\"noopener nofollow\"><strong data-start=\"5795\" data-end=\"5807\">ISO 7864<\/strong><\/a> sa\u011flanmas\u0131nda hayati bir rol oynamaktad\u0131r. <em data-start=\"5843\" data-end=\"5881\">g\u00fcvenli\u0307k, performans ve g\u00fcveni\u0307li\u0307rli\u0307k<\/em> steril hipodermik i\u011fneler. Standartla\u015ft\u0131r\u0131lm\u0131\u015f <strong data-start=\"5934\" data-end=\"6021\">i\u011fne keskinli\u011fi testleri, n\u00fcfuz edebilirlik de\u011ferlendirmeleri ve ba\u011flanma mukavemeti de\u011ferlendirmeleri<\/strong>\u00fcreticiler hem mevzuat hem de kullan\u0131c\u0131 beklentilerini kar\u015f\u0131layan \u00fcr\u00fcnler sunabilir.<\/p>\n<p data-start=\"6110\" data-end=\"6383\">gibi geli\u015fmi\u015f test ara\u00e7lar\u0131n\u0131 kullanarak <strong data-start=\"6153\" data-end=\"6163\">NPD-01<\/strong> ve <strong data-start=\"6168\" data-end=\"6178\">NBS-01<\/strong> itibaren <strong data-start=\"6184\" data-end=\"6204\">H\u00fccre Enstr\u00fcmanlar\u0131<\/strong>laboratuvarlar, ISO 7864 gereklilikleriyle tamamen uyumlu, hassas ve tekrarlanabilir sonu\u00e7lar elde ederek hem <em data-start=\"6315\" data-end=\"6334\">kali\u0307te g\u00fcvencesi\u0307<\/em> ve <em data-start=\"6339\" data-end=\"6355\">m\u00fc\u015fteri\u0307 g\u00fcveni\u0307<\/em> \u00fcretilen her i\u011fnede.<\/p>","protected":false},"excerpt":{"rendered":"<p>ISO 7864 Sterile Hypodermic Needle Testing Penetration and Drag Force &amp; Needle Bonding Strength ISO 7864 defines the requirements and test methods for sterile hypodermic needles for single use. This international standard ensures that medical needles used for injection or fluid withdrawal meet stringent safety, sharpness, and performance requirements. At Cell Instruments Co., Ltd., we &hellip;<\/p>\n<p class=\"read-more\"> <a class=\"\" href=\"https:\/\/www.qualitester.com\/tr\/standards\/iso-7864\/\"> <span class=\"screen-reader-text\">ISO 7864<\/span> Devam\u0131 \"<\/a><\/p>","protected":false},"author":4,"featured_media":0,"parent":4948,"menu_order":0,"comment_status":"closed","ping_status":"closed","template":"","meta":{"site-sidebar-layout":"default","site-content-layout":"default","ast-global-header-display":"","ast-main-header-display":"","ast-hfb-above-header-display":"","ast-hfb-below-header-display":"","ast-hfb-mobile-header-display":"","site-post-title":"disabled","ast-breadcrumbs-content":"","ast-featured-img":"disabled","footer-sml-layout":"","theme-transparent-header-meta":"default","adv-header-id-meta":"","stick-header-meta":"","header-above-stick-meta":"","header-main-stick-meta":"","header-below-stick-meta":"","footnotes":""},"class_list":["post-7567","page","type-page","status-publish","hentry"],"_links":{"self":[{"href":"https:\/\/www.qualitester.com\/tr\/wp-json\/wp\/v2\/pages\/7567","targetHints":{"allow":["GET"]}}],"collection":[{"href":"https:\/\/www.qualitester.com\/tr\/wp-json\/wp\/v2\/pages"}],"about":[{"href":"https:\/\/www.qualitester.com\/tr\/wp-json\/wp\/v2\/types\/page"}],"author":[{"embeddable":true,"href":"https:\/\/www.qualitester.com\/tr\/wp-json\/wp\/v2\/users\/4"}],"replies":[{"embeddable":true,"href":"https:\/\/www.qualitester.com\/tr\/wp-json\/wp\/v2\/comments?post=7567"}],"version-history":[{"count":0,"href":"https:\/\/www.qualitester.com\/tr\/wp-json\/wp\/v2\/pages\/7567\/revisions"}],"up":[{"embeddable":true,"href":"https:\/\/www.qualitester.com\/tr\/wp-json\/wp\/v2\/pages\/4948"}],"wp:attachment":[{"href":"https:\/\/www.qualitester.com\/tr\/wp-json\/wp\/v2\/media?parent=7567"}],"curies":[{"name":"wp","href":"https:\/\/api.w.org\/{rel}","templated":true}]}}