{"id":7494,"date":"2025-09-24T15:12:02","date_gmt":"2025-09-24T07:12:02","guid":{"rendered":"https:\/\/www.qualitester.com\/?page_id=7494"},"modified":"2025-09-24T15:12:14","modified_gmt":"2025-09-24T07:12:14","slug":"valley-beater-lab","status":"publish","type":"page","link":"https:\/\/www.qualitester.com\/tr\/applications\/valley-beater-lab\/","title":{"rendered":"Valley Beater: Laboratuvar M\u00fckemmelli\u011fi i\u00e7in Hassas Sel\u00fcloz Testi"},"content":{"rendered":"<h2>Lab Valley \u00c7\u0131rp\u0131c\u0131: Do\u011fru Ka\u011f\u0131t Hamuru Analizi i\u00e7in Kontroll\u00fc Ar\u0131tma<\/h2>\n<p data-start=\"377\" data-end=\"942\"><img fetchpriority=\"high\" decoding=\"async\" class=\"size-medium wp-image-7498 alignleft\" src=\"https:\/\/www.qualitester.com\/wp-content\/uploads\/2025\/09\/4f47cdfc331b187fb689d99e85b4b4b0_\u526f\u672c_\u526f\u672c-300x272.webp\" alt=\"Vadi \u00e7\u0131rp\u0131c\u0131\" width=\"300\" height=\"272\" srcset=\"https:\/\/www.qualitester.com\/wp-content\/uploads\/2025\/09\/4f47cdfc331b187fb689d99e85b4b4b0_\u526f\u672c_\u526f\u672c-300x272.webp 300w, https:\/\/www.qualitester.com\/wp-content\/uploads\/2025\/09\/4f47cdfc331b187fb689d99e85b4b4b0_\u526f\u672c_\u526f\u672c-13x12.webp 13w, https:\/\/www.qualitester.com\/wp-content\/uploads\/2025\/09\/4f47cdfc331b187fb689d99e85b4b4b0_\u526f\u672c_\u526f\u672c-600x545.webp 600w, https:\/\/www.qualitester.com\/wp-content\/uploads\/2025\/09\/4f47cdfc331b187fb689d99e85b4b4b0_\u526f\u672c_\u526f\u672c.webp 651w\" sizes=\"(max-width: 300px) 100vw, 300px\" \/>Ka\u011f\u0131t \u00fcretimi ve ara\u015ft\u0131rma d\u00fcnyas\u0131nda <strong data-start=\"428\" data-end=\"445\">Vadi \u00c7\u0131rp\u0131c\u0131<\/strong> ka\u011f\u0131t hamuru testleri i\u00e7in kritik bir ara\u00e7 olarak \u00f6ne \u00e7\u0131kmaktad\u0131r. Hassas ve tekrarlanabilir sonu\u00e7lar sa\u011flamak \u00fczere tasarlanan Valley \u00c7\u0131rp\u0131c\u0131, laboratuvarlar\u0131n ve kalite kontrol personelinin end\u00fcstriyel ar\u0131tma s\u00fcre\u00e7lerini daha k\u00fc\u00e7\u00fck, kontroll\u00fc bir \u00f6l\u00e7ekte sim\u00fcle etmesine olanak tan\u0131r. Ka\u011f\u0131t hamurunun bu kontroll\u00fc mekanik i\u015flemi, \u00f6zellikle a\u015fa\u011f\u0131daki gibi uluslararas\u0131 kabul g\u00f6rm\u00fc\u015f standartlara uyarken, elyaf davran\u0131\u015f\u0131n\u0131, tabaka olu\u015fumunu ve genel ka\u011f\u0131t kalitesini anlamak i\u00e7in gereklidir <strong data-start=\"910\" data-end=\"924\">TAPPI-T200<\/strong> ve <strong data-start=\"929\" data-end=\"941\">ISO 5264<\/strong>.<\/p>\n<p data-start=\"944\" data-end=\"1433\">Bu <strong data-start=\"948\" data-end=\"969\">lab Valley \u00c7\u0131rp\u0131c\u0131<\/strong> tutarl\u0131 mekanik etkiyle ka\u011f\u0131t hamurunu rafine etmek i\u00e7in \u00f6zel olarak tasarlanm\u0131\u015ft\u0131r. End\u00fcstriyel ar\u0131t\u0131c\u0131lar\u0131n aksine, laboratuvar ortam\u0131nda kontroll\u00fc s\u0131k\u0131\u015ft\u0131rma ve kesme kuvvetleri uygulayarak b\u00fcy\u00fck \u00f6l\u00e7ekli \u00fcretim sistemlerinin getirdi\u011fi de\u011fi\u015fkenlik olmadan ka\u011f\u0131t hamuru \u00f6zelliklerini \u00f6l\u00e7meyi m\u00fcmk\u00fcn k\u0131lar. Ara\u015ft\u0131rmac\u0131lar, hamuru bu \u00f6l\u00e7ekte de\u011ferlendirerek malzemenin ticari ka\u011f\u0131t \u00fcretimi s\u0131ras\u0131nda nas\u0131l performans g\u00f6sterece\u011fini tahmin edebilir, daha y\u00fcksek verimlilik ve daha az at\u0131k sa\u011flar.<\/p>\n<hr \/>\n<h2 data-start=\"944\" data-end=\"1433\">\u00c7al\u0131\u015fma Prensibi ve Elyaf \u0130yile\u015ftirme<\/h2>\n<p data-start=\"1484\" data-end=\"1661\">Valley \u00c7\u0131rp\u0131c\u0131, hamur liflerine tekrarlanan mekanik hareketler uygulayarak, onlar\u0131 d\u00f6nen bir merdane ile sabit bir yatak plakas\u0131 aras\u0131nda s\u0131k\u0131\u015ft\u0131rarak ve keserek \u00e7al\u0131\u015f\u0131r. Bu i\u015flem:<\/p>\n<ul data-start=\"1663\" data-end=\"1846\">\n<li data-start=\"1663\" data-end=\"1709\">\n<p data-start=\"1665\" data-end=\"1709\">Elyaf esnekli\u011fini ve fibrilasyonu art\u0131r\u0131r.<\/p>\n<\/li>\n<li data-start=\"1710\" data-end=\"1767\">\n<p data-start=\"1712\" data-end=\"1767\">Daha iyi sac mukavemeti i\u00e7in yap\u0131\u015ft\u0131rma y\u00fczeylerini art\u0131r\u0131r.<\/p>\n<\/li>\n<li data-start=\"1768\" data-end=\"1846\">\n<p data-start=\"1770\" data-end=\"1846\">Laboratuvar testleri ve kalite g\u00fcvencesi i\u00e7in uygun tek tip hamur \u00fcretir.<\/p>\n<\/li>\n<\/ul>\n<p data-start=\"1848\" data-end=\"2171\">Rafinasyon s\u0131ras\u0131nda elyaf duvar kal\u0131nl\u0131\u011f\u0131 azal\u0131r ve y\u00fczey alan\u0131 artarak ka\u011f\u0131t olu\u015fumunu, gerilme mukavemetini ve g\u00f6zeneklili\u011fi do\u011frudan etkiler. Kontroll\u00fc laboratuvar rafinasyonu, bu kritik parametrelerin do\u011fru bir \u015fekilde de\u011ferlendirilmesini sa\u011flayarak profesyonellerin ka\u011f\u0131t hamuru i\u015fleme ve ka\u011f\u0131t form\u00fclasyonu hakk\u0131nda bilin\u00e7li kararlar almas\u0131na yard\u0131mc\u0131 olur.<\/p>\n<hr \/>\n<h2 data-start=\"1848\" data-end=\"2171\">Standartlara Uygunluk: <a href=\"https:\/\/imisrise.tappi.org\/TAPPI\/Products\/01\/T\/0104T200.aspx\" target=\"_blank\" rel=\"noopener nofollow\">TAPPI-T200<\/a> ve <a href=\"https:\/\/www.iso.org\/standard\/53432.html\" target=\"_blank\" rel=\"noopener nofollow\">ISO 5264<\/a><\/h2>\n<p>Kullanarak <strong data-start=\"2234\" data-end=\"2251\">Vadi \u00c7\u0131rp\u0131c\u0131<\/strong> uygun olarak <strong data-start=\"2271\" data-end=\"2285\">TAPPI-T200<\/strong> ve <strong data-start=\"2290\" data-end=\"2302\">ISO 5264<\/strong> laboratuvar testlerinin standartla\u015ft\u0131r\u0131lmas\u0131n\u0131 ve uluslararas\u0131 d\u00fczeyde kar\u015f\u0131la\u015ft\u0131r\u0131labilir olmas\u0131n\u0131 sa\u011flar. TAPPI-T200, k\u00fcspe tutarl\u0131l\u0131\u011f\u0131n\u0131 haz\u0131rlamak ve de\u011ferlendirmek i\u00e7in y\u00f6ntemler tan\u0131mlayarak k\u00fcspenin laboratuvarda d\u00f6v\u00fclmesini belirtirken, ISO 5264 k\u00fc\u00e7\u00fck \u00f6l\u00e7ekli k\u00fcspe rafinasyonu i\u00e7in test prosed\u00fcrleri hakk\u0131nda rehberlik sa\u011flar. Bu standartlara uyulmas\u0131, ka\u011f\u0131t hamuru de\u011ferlendirmesi i\u00e7in g\u00fcvenilir, tekrarlanabilir sonu\u00e7lar\u0131 garanti eder ve \u00e7e\u015fitli end\u00fcstrilerdeki kalite kontrol protokollerini destekler.<\/p>\n<hr \/>\n<h2>Sekt\u00f6rler Aras\u0131 Uygulamalar<\/h2>\n<p data-start=\"2766\" data-end=\"2819\">Valley Beater bir\u00e7ok sekt\u00f6rde yayg\u0131n olarak kullan\u0131lmaktad\u0131r:<\/p>\n<ul data-start=\"2821\" data-end=\"3347\">\n<li data-start=\"2821\" data-end=\"2962\">\n<p data-start=\"2823\" data-end=\"2962\"><strong data-start=\"2823\" data-end=\"2846\">Ka\u011f\u0131t ve Ambalaj<\/strong>: Ambalaj malzemeleri, ka\u011f\u0131t mendiller ve \u00f6zel ka\u011f\u0131tlarda tutarl\u0131 ka\u011f\u0131t kalitesi i\u00e7in ar\u0131tma ko\u015fullar\u0131n\u0131n optimize edilmesi.<\/p>\n<\/li>\n<li data-start=\"2963\" data-end=\"3098\">\n<p data-start=\"2965\" data-end=\"3098\"><strong data-start=\"2965\" data-end=\"2990\">Ara\u015ft\u0131rma Kurumlar\u0131<\/strong>: Yeni ka\u011f\u0131t hamuru kaynaklar\u0131n\u0131 veya form\u00fclasyonlar\u0131n\u0131 de\u011ferlendirmek i\u00e7in elyaf \u00f6zelliklerinin incelenmesi ve end\u00fcstriyel ar\u0131tma sim\u00fclasyonu.<\/p>\n<\/li>\n<li data-start=\"3099\" data-end=\"3213\">\n<p data-start=\"3101\" data-end=\"3213\"><strong data-start=\"3101\" data-end=\"3133\">Kalite Kontrol Laboratuvarlar\u0131<\/strong>: Rutin ka\u011f\u0131t hamuru testi, ar\u0131tma analizi ve standartlara uygunluk do\u011frulamas\u0131.<\/p>\n<\/li>\n<li data-start=\"3214\" data-end=\"3347\">\n<p data-start=\"3216\" data-end=\"3347\"><strong data-start=\"3216\" data-end=\"3246\">\u00d6zel Ka\u011f\u0131t \u00dcretimi<\/strong>: Filtre ka\u011f\u0131tlar\u0131, teknik ka\u011f\u0131tlar ve di\u011fer y\u00fcksek performansl\u0131 \u00fcr\u00fcnler i\u00e7in hassas elyaf i\u015fleme.<\/p>\n<\/li>\n<\/ul>\n<p data-start=\"3349\" data-end=\"3538\">Laboratuvarlar, Valley Beater'dan yararlanarak ka\u011f\u0131t hamurunun sonraki i\u015flemlerde \u00f6ng\u00f6r\u00fclebilir \u015fekilde davranmas\u0131n\u0131 sa\u011flayabilir, b\u00f6ylece daha y\u00fcksek kaliteli ka\u011f\u0131t \u00fcr\u00fcnleri elde edilebilir ve \u00fcretim de\u011fi\u015fkenli\u011fi azalt\u0131labilir.<\/p>\n<hr \/>\n<h2 data-start=\"3540\" data-end=\"3585\"><strong data-start=\"3540\" data-end=\"3585\">Laboratuvar \u00d6l\u00e7ekli Ka\u011f\u0131t Hamuru Testinin Faydalar\u0131<\/strong><\/h2>\n<ul>\n<li data-start=\"3587\" data-end=\"3691\">\n<p data-start=\"3589\" data-end=\"3691\"><strong data-start=\"3589\" data-end=\"3621\">Optimize Edilmi\u015f Hammadde Kullan\u0131m\u0131<\/strong>: Kontroll\u00fc rafinasyon, elyaf kullan\u0131m\u0131n\u0131 en \u00fcst d\u00fczeye \u00e7\u0131kar\u0131r ve at\u0131klar\u0131 en aza indirir.<\/p>\n<\/li>\n<li data-start=\"3692\" data-end=\"3791\">\n<p data-start=\"3694\" data-end=\"3791\"><strong data-start=\"3694\" data-end=\"3725\">G\u00fcvenilir Kalite De\u011ferlendirmesi<\/strong>: Tekrarlanabilir sonu\u00e7lar ger\u00e7ek d\u00fcnyadaki ka\u011f\u0131t yap\u0131m performans\u0131n\u0131 yans\u0131t\u0131r.<\/p>\n<\/li>\n<li data-start=\"3792\" data-end=\"3894\">\n<p data-start=\"3794\" data-end=\"3894\"><strong data-start=\"3794\" data-end=\"3818\">S\u00fcre\u00e7 Optimizasyonu<\/strong>: Laboratuvarda yap\u0131lan erken testler, tam \u00f6l\u00e7ekli \u00fcretimde deneme-yan\u0131lmay\u0131 azalt\u0131r.<\/p>\n<\/li>\n<li data-start=\"3895\" data-end=\"4034\">\n<p data-start=\"3897\" data-end=\"4034\"><strong data-start=\"3897\" data-end=\"3925\">Maliyet ve Zaman Verimlili\u011fi<\/strong>: Laboratuvar ar\u0131tmas\u0131, optimum ko\u015fullar\u0131n belirlenmesine yard\u0131mc\u0131 olarak kaynak tasarrufu sa\u011flar ve \u00fcretim kesintilerini azalt\u0131r.<\/p>\n<\/li>\n<\/ul>\n<hr \/>\n<h2 data-start=\"4036\" data-end=\"4082\"><strong data-start=\"4036\" data-end=\"4082\">Neden Cell Instruments'\u0131 Se\u00e7melisiniz <a href=\"https:\/\/www.qualitester.com\/tr\/?s=Valley+Beater\">Vadi \u00c7\u0131rp\u0131c\u0131<\/a>?<\/strong><\/h2>\n<p>H\u00fccre Enstr\u00fcmanlar\u0131 bir <strong data-start=\"4112\" data-end=\"4144\">y\u00fcksek hassasiyetli Valley \u00c7\u0131rp\u0131c\u0131<\/strong> tutarl\u0131 laboratuvar testleri i\u00e7in tasarlanm\u0131\u015ft\u0131r. Sa\u011flam yap\u0131s\u0131, kullan\u0131m kolayl\u0131\u011f\u0131 ve TAPPI ve ISO standartlar\u0131yla uyumlulu\u011fu sayesinde ka\u011f\u0131t hamuru de\u011ferlendirmesi i\u00e7in g\u00fcvenilir ve tekrarlanabilir sonu\u00e7lar sa\u011flar. Ekibimiz kurulum, e\u011fitim ve s\u00fcrekli teknik yard\u0131m dahil olmak \u00fczere k\u00fcresel destek sunarak laboratuvarlar\u0131n y\u00fcksek kalite standartlar\u0131n\u0131 korumas\u0131na ve ara\u015ft\u0131rma ve \u00fcretim sonu\u00e7lar\u0131n\u0131 iyile\u015ftirmesine yard\u0131mc\u0131 olur.<\/p>\n<hr \/>\n<h2 data-start=\"4084\" data-end=\"4532\">Sonu\u00e7<\/h2>\n<p>Ka\u011f\u0131t hamuru ile \u00e7al\u0131\u015fan her profesyonel i\u00e7in <strong data-start=\"4600\" data-end=\"4617\">Vadi \u00c7\u0131rp\u0131c\u0131<\/strong> vazge\u00e7ilmez bir ara\u00e7t\u0131r. Laboratuvarlar, TAPPI-T200 ve ISO 5264 standartlar\u0131n\u0131 takip ederek do\u011fru elyaf inceltme, tutarl\u0131 hamur kalitesi ve end\u00fcstriyel ka\u011f\u0131t yap\u0131m\u0131 i\u00e7in g\u00fcvenilir \u00f6ng\u00f6r\u00fcler elde edebilir. \u0130ster ara\u015ft\u0131rma, ister kalite kontrol veya \u00f6zel ka\u011f\u0131t \u00fcretimi i\u00e7in olsun, Lab Valley \u00c7\u0131rp\u0131c\u0131 hassasiyet, verimlilik ve tekrarlanabilirlik i\u00e7in kritik bir yat\u0131r\u0131md\u0131r.<\/p>\n<hr \/>\n<h2 data-start=\"208\" data-end=\"449\">S\u0131k\u00e7a Sorulan Sorular<\/h2>\n<p data-start=\"208\" data-end=\"449\"><strong data-start=\"208\" data-end=\"240\">S1: Valley Beater nedir?<\/strong><br data-start=\"240\" data-end=\"243\" \/>Valley \u00c7\u0131rp\u0131c\u0131, ka\u011f\u0131t hamuru liflerini rafine etmek i\u00e7in tasarlanm\u0131\u015f hassas bir laboratuvar cihaz\u0131d\u0131r. End\u00fcstriyel hamur d\u00f6vmeyi daha k\u00fc\u00e7\u00fck bir \u00f6l\u00e7ekte sim\u00fcle ederek tekrarlanabilir elyaf \u00f6zellikleri ve do\u011fru laboratuvar testleri sa\u011flar.<\/p>\n<p data-start=\"451\" data-end=\"763\"><strong data-start=\"451\" data-end=\"529\">S2: Valley \u00c7\u0131rp\u0131c\u0131 ile Hollander \u00c7\u0131rp\u0131c\u0131 aras\u0131ndaki fark nedir?<\/strong><br data-start=\"529\" data-end=\"532\" \/>Hollander \u00c7\u0131rp\u0131c\u0131 geleneksel bir end\u00fcstriyel tasar\u0131mken, Valley \u00c7\u0131rp\u0131c\u0131 laboratuvar kullan\u0131m\u0131 i\u00e7in standartla\u015ft\u0131r\u0131lm\u0131\u015ft\u0131r. Ara\u015ft\u0131rma ve kalite kontrol i\u00e7in TAPPI-T200 ve ISO 5264 standartlar\u0131na g\u00f6re kontroll\u00fc rafinasyon sa\u011flar.<\/p>\n<p data-start=\"765\" data-end=\"949\"><strong data-start=\"765\" data-end=\"816\">S3: Lab Valley \u00c7\u0131rp\u0131c\u0131 geri d\u00f6n\u00fc\u015ft\u00fcr\u00fclm\u00fc\u015f ka\u011f\u0131t hamurunu test edebilir mi?<\/strong><br data-start=\"816\" data-end=\"819\" \/>Evet. \u0130\u015flenmemi\u015f, geri d\u00f6n\u00fc\u015ft\u00fcr\u00fclm\u00fc\u015f veya kar\u0131\u015f\u0131k hamurlar\u0131 rafine edebilir, \u00e7e\u015fitli ka\u011f\u0131t \u00fcr\u00fcnleri i\u00e7in elyaf \u00f6zelliklerini ve uygunlu\u011funu de\u011ferlendirmeye yard\u0131mc\u0131 olur.<\/p>\n<p data-start=\"951\" data-end=\"1158\"><strong data-start=\"951\" data-end=\"1001\">S4: Tek bir test i\u00e7in ne kadar ka\u011f\u0131t hamuru gereklidir?<\/strong><br data-start=\"1001\" data-end=\"1004\" \/>Tipik olarak, bir Valley Beater testi i\u00e7in yakla\u015f\u0131k 360 gram f\u0131r\u0131nda kurutulmu\u015f k\u00fcspe gerekir, ancak bu miktar test standard\u0131na veya deneysel gereksinimlere ba\u011fl\u0131 olarak de\u011fi\u015febilir.<\/p>\n<p data-start=\"1160\" data-end=\"1386\"><strong data-start=\"1160\" data-end=\"1202\">S5: Valley Beater'\u0131n bak\u0131m\u0131n\u0131 nas\u0131l yapar\u0131m?<\/strong><br data-start=\"1202\" data-end=\"1205\" \/>B\u0131\u00e7aklar\u0131n ve ar\u0131tma odas\u0131n\u0131n d\u00fczenli olarak temizlenmesi ve incelenmesi yeterlidir. Cell Instruments, optimum performans i\u00e7in teknik destek ve bak\u0131m k\u0131lavuzu da sa\u011flar.<\/p>\n<p data-start=\"1388\" data-end=\"1635\"><strong data-start=\"1388\" data-end=\"1435\">S6: Laboratuvarlarda ka\u011f\u0131t hamuru ar\u0131t\u0131m\u0131 neden \u00f6nemlidir?<\/strong><br data-start=\"1435\" data-end=\"1438\" \/>Do\u011fru ar\u0131tma, elyaf ba\u011f\u0131n\u0131, ka\u011f\u0131t mukavemetini, g\u00f6zeneklili\u011fi ve tabaka olu\u015fumunu etkiler. Laboratuvar \u00f6l\u00e7ekli testler tutarl\u0131 kalite sa\u011flar, israf\u0131 azalt\u0131r ve ara\u015ft\u0131rma ve \u00fcretim optimizasyonunu destekler.<\/p>\n<p data-start=\"1637\" data-end=\"1860\"><strong data-start=\"1637\" data-end=\"1714\">S7: Valley Beater sonu\u00e7lar\u0131 uluslararas\u0131 standartlarla uyumlu mu?<\/strong><br data-start=\"1714\" data-end=\"1717\" \/>Evet. Valley \u00c7\u0131rp\u0131c\u0131, TAPPI-T200 ve ISO 5264 standartlar\u0131yla tamamen uyumludur, tekrarlanabilir ve uluslararas\u0131 kabul g\u00f6rm\u00fc\u015f sonu\u00e7lar sa\u011flar.<\/p>","protected":false},"excerpt":{"rendered":"<p>Laboratuvar Valley \u00c7\u0131rp\u0131c\u0131: Do\u011fru Ka\u011f\u0131t Hamuru Analizi i\u00e7in Kontroll\u00fc Rafinasyon Ka\u011f\u0131t \u00fcretimi ve ara\u015ft\u0131rma d\u00fcnyas\u0131nda Valley \u00c7\u0131rp\u0131c\u0131, ka\u011f\u0131t hamuru testleri i\u00e7in kritik bir ara\u00e7 olarak \u00f6ne \u00e7\u0131kmaktad\u0131r. Hassas ve tekrarlanabilir sonu\u00e7lar sa\u011flamak \u00fczere tasarlanan Valley \u00c7\u0131rp\u0131c\u0131, laboratuvarlar\u0131n ve kalite kontrol personelinin end\u00fcstriyel ar\u0131tma s\u00fcre\u00e7lerini daha k\u00fc\u00e7\u00fck, kontroll\u00fc bir \u00f6l\u00e7ekte sim\u00fcle etmesine olanak tan\u0131r. ...<\/p>\n<p class=\"read-more\"> <a class=\"\" href=\"https:\/\/www.qualitester.com\/tr\/applications\/valley-beater-lab\/\"> <span class=\"screen-reader-text\">Valley Beater: Laboratuvar M\u00fckemmelli\u011fi i\u00e7in Hassas Sel\u00fcloz Testi<\/span> Devam\u0131 \"<\/a><\/p>","protected":false},"author":3,"featured_media":0,"parent":6794,"menu_order":0,"comment_status":"closed","ping_status":"closed","template":"","meta":{"site-sidebar-layout":"default","site-content-layout":"default","ast-global-header-display":"","ast-main-header-display":"","ast-hfb-above-header-display":"","ast-hfb-below-header-display":"","ast-hfb-mobile-header-display":"","site-post-title":"","ast-breadcrumbs-content":"","ast-featured-img":"","footer-sml-layout":"","theme-transparent-header-meta":"default","adv-header-id-meta":"","stick-header-meta":"","header-above-stick-meta":"","header-main-stick-meta":"","header-below-stick-meta":"","footnotes":""},"class_list":["post-7494","page","type-page","status-publish","hentry"],"_links":{"self":[{"href":"https:\/\/www.qualitester.com\/tr\/wp-json\/wp\/v2\/pages\/7494","targetHints":{"allow":["GET"]}}],"collection":[{"href":"https:\/\/www.qualitester.com\/tr\/wp-json\/wp\/v2\/pages"}],"about":[{"href":"https:\/\/www.qualitester.com\/tr\/wp-json\/wp\/v2\/types\/page"}],"author":[{"embeddable":true,"href":"https:\/\/www.qualitester.com\/tr\/wp-json\/wp\/v2\/users\/3"}],"replies":[{"embeddable":true,"href":"https:\/\/www.qualitester.com\/tr\/wp-json\/wp\/v2\/comments?post=7494"}],"version-history":[{"count":0,"href":"https:\/\/www.qualitester.com\/tr\/wp-json\/wp\/v2\/pages\/7494\/revisions"}],"up":[{"embeddable":true,"href":"https:\/\/www.qualitester.com\/tr\/wp-json\/wp\/v2\/pages\/6794"}],"wp:attachment":[{"href":"https:\/\/www.qualitester.com\/tr\/wp-json\/wp\/v2\/media?parent=7494"}],"curies":[{"name":"wp","href":"https:\/\/api.w.org\/{rel}","templated":true}]}}